{"id":322,"date":"2018-01-09T16:09:44","date_gmt":"2018-01-09T15:09:44","guid":{"rendered":"https:\/\/asso.graie.org\/groupes\/?page_id=322"},"modified":"2018-02-18T15:26:47","modified_gmt":"2018-02-18T14:26:47","slug":"accueil","status":"publish","type":"page","link":"https:\/\/asso.graie.org\/groupes\/","title":{"rendered":"Accueil"},"content":{"rendered":"<h3>Bienvenue sur cet espace r\u00e9serv\u00e9 aux membres de nos groupes de travail !<\/h3>\n<p>Vous pouvez ici \u00e9changer des informations, partager des messages et des ressources avec l&rsquo;ensemble des participants de votre groupe de travail.<br \/>\nNous vous invitons \u00e0 utiliser ces donn\u00e9es selon les usages, en particulier ceux relatifs \u00e0 la confidentialit\u00e9.<\/p>\n<p>Bonnes contributions !<\/p>\n<p>&nbsp;<\/p>\n<div id=\"groupes\"> \n  <div class=\"container\"> \n\t\t\t   \n\t\t\t\t      <h3 class=\"section-title\"><span>Les groupes de travail<\/span><\/h3>\n\t\t                   \n                  \n                                      \n            \t\t\t\t\t\t<div class=\"col-md-7 col-sm-7\">\n\t\t\t<div class=\"bp-webim-members-loop\">\n\t\t\t\t <div class=\"item-avatar text-center\">\n\t\t\t\t\t\t\t<a href=\"https:\/\/asso.graie.org\/groupes\/groupes-de-travail\/pluvial\/\"><img loading=\"lazy\" src=\"https:\/\/asso.graie.org\/groupes\/wp-content\/uploads\/group-avatars\/5\/5a5640bfbd97c-bpfull.jpg\" class=\"avatar group-5-avatar avatar-200 photo\" width=\"200\" height=\"200\" alt=\"Logo du groupe Pluvial\" \/><\/a>\n\t\t\t\t\t\t<\/div>\n\t\t\t\t <div class=\"item-title text-center\">\n\t\t\t\t\t\n\t\t\t\t\t\t<h5><a title=\"Pluvial\" href=\"https:\/\/asso.graie.org\/groupes\/groupes-de-travail\/pluvial\/\">Pluvial<\/a><\/h5>\n\t\t\t\t\t\t<p>Groupe Priv\u00e9<\/p><p> 90 membres<\/p>\n\t\t\t\t<\/div>\n\t\t\t<\/div>\n\t\t\t<\/div>\t\t\n\t\t\t\t\t\t<div class=\"col-md-7 col-sm-7\">\n\t\t\t<div class=\"bp-webim-members-loop\">\n\t\t\t\t <div class=\"item-avatar text-center\">\n\t\t\t\t\t\t\t<a href=\"https:\/\/asso.graie.org\/groupes\/groupes-de-travail\/competences\/\"><img loading=\"lazy\" src=\"https:\/\/asso.graie.org\/groupes\/wp-content\/uploads\/group-avatars\/7\/5a56409059036-bpfull.jpg\" class=\"avatar group-7-avatar avatar-200 photo\" width=\"200\" height=\"200\" alt=\"Logo du groupe Comp\u00e9tences\" \/><\/a>\n\t\t\t\t\t\t<\/div>\n\t\t\t\t <div class=\"item-title text-center\">\n\t\t\t\t\t\n\t\t\t\t\t\t<h5><a title=\"Comp\u00e9tences\" href=\"https:\/\/asso.graie.org\/groupes\/groupes-de-travail\/competences\/\">Comp\u00e9tences<\/a><\/h5>\n\t\t\t\t\t\t<p>Groupe Priv\u00e9<\/p><p> 58 membres<\/p>\n\t\t\t\t<\/div>\n\t\t\t<\/div>\n\t\t\t<\/div>\t\t\n\t\t\t\t\t\t<div class=\"col-md-7 col-sm-7\">\n\t\t\t<div class=\"bp-webim-members-loop\">\n\t\t\t\t <div class=\"item-avatar text-center\">\n\t\t\t\t\t\t\t<a href=\"https:\/\/asso.graie.org\/groupes\/groupes-de-travail\/station-depuration\/\"><img loading=\"lazy\" src=\"https:\/\/asso.graie.org\/groupes\/wp-content\/uploads\/group-avatars\/4\/5a5640ded3350-bpfull.jpg\" class=\"avatar group-4-avatar avatar-200 photo\" width=\"200\" height=\"200\" alt=\"Logo du groupe Station d\u2019\u00e9puration\" \/><\/a>\n\t\t\t\t\t\t<\/div>\n\t\t\t\t <div class=\"item-title text-center\">\n\t\t\t\t\t\n\t\t\t\t\t\t<h5><a title=\"Station d\u2019\u00e9puration\" href=\"https:\/\/asso.graie.org\/groupes\/groupes-de-travail\/station-depuration\/\">Station d\u2019\u00e9puration<\/a><\/h5>\n\t\t\t\t\t\t<p>Groupe Priv\u00e9<\/p><p> 27 membres<\/p>\n\t\t\t\t<\/div>\n\t\t\t<\/div>\n\t\t\t<\/div>\t\t\n\t\t\t\t\t\t<div class=\"col-md-7 col-sm-7\">\n\t\t\t<div class=\"bp-webim-members-loop\">\n\t\t\t\t <div class=\"item-avatar text-center\">\n\t\t\t\t\t\t\t<a href=\"https:\/\/asso.graie.org\/groupes\/groupes-de-travail\/effluents-non-domestiques\/\"><img loading=\"lazy\" src=\"https:\/\/asso.graie.org\/groupes\/wp-content\/uploads\/group-avatars\/6\/5a5640a7d6dd3-bpfull.jpg\" class=\"avatar group-6-avatar avatar-200 photo\" width=\"200\" height=\"200\" alt=\"Logo du groupe Effluents non domestiques\" \/><\/a>\n\t\t\t\t\t\t<\/div>\n\t\t\t\t <div class=\"item-title text-center\">\n\t\t\t\t\t\n\t\t\t\t\t\t<h5><a title=\"Effluents non domestiques\" href=\"https:\/\/asso.graie.org\/groupes\/groupes-de-travail\/effluents-non-domestiques\/\">Effluents non domestiques<\/a><\/h5>\n\t\t\t\t\t\t<p>Groupe Priv\u00e9<\/p><p> 123 membres<\/p>\n\t\t\t\t<\/div>\n\t\t\t<\/div>\n\t\t\t<\/div>\t\t\n\t\t\t\t\t\t<div class=\"col-md-7 col-sm-7\">\n\t\t\t<div class=\"bp-webim-members-loop\">\n\t\t\t\t <div class=\"item-avatar text-center\">\n\t\t\t\t\t\t\t<a href=\"https:\/\/asso.graie.org\/groupes\/groupes-de-travail\/autosurveillance\/\"><img loading=\"lazy\" src=\"https:\/\/asso.graie.org\/groupes\/wp-content\/uploads\/group-avatars\/2\/5a56402362a19-bpfull.jpg\" class=\"avatar group-2-avatar avatar-200 photo\" width=\"200\" height=\"200\" alt=\"Logo du groupe Autosurveillance\" \/><\/a>\n\t\t\t\t\t\t<\/div>\n\t\t\t\t <div class=\"item-title text-center\">\n\t\t\t\t\t\n\t\t\t\t\t\t<h5><a title=\"Autosurveillance\" href=\"https:\/\/asso.graie.org\/groupes\/groupes-de-travail\/autosurveillance\/\">Autosurveillance<\/a><\/h5>\n\t\t\t\t\t\t<p>Groupe Priv\u00e9<\/p><p> 38 membres<\/p>\n\t\t\t\t<\/div>\n\t\t\t<\/div>\n\t\t\t<\/div>\t\t\n\t\t\t\t\t\t<div class=\"col-md-7 col-sm-7\">\n\t\t\t<div class=\"bp-webim-members-loop\">\n\t\t\t\t <div class=\"item-avatar text-center\">\n\t\t\t\t\t\t\t<a href=\"https:\/\/asso.graie.org\/groupes\/groupes-de-travail\/anc\/\"><img loading=\"lazy\" src=\"https:\/\/asso.graie.org\/groupes\/wp-content\/uploads\/group-avatars\/1\/5a56400a00b84-bpfull.jpg\" class=\"avatar group-1-avatar avatar-200 photo\" width=\"200\" height=\"200\" alt=\"Logo du groupe ANC\" \/><\/a>\n\t\t\t\t\t\t<\/div>\n\t\t\t\t <div class=\"item-title text-center\">\n\t\t\t\t\t\n\t\t\t\t\t\t<h5><a title=\"ANC\" href=\"https:\/\/asso.graie.org\/groupes\/groupes-de-travail\/anc\/\">ANC<\/a><\/h5>\n\t\t\t\t\t\t<p>Groupe Priv\u00e9<\/p><p> 8 membres<\/p>\n\t\t\t\t<\/div>\n\t\t\t<\/div>\n\t\t\t<\/div>\t\t\n\t\t\t\t                         \n  <\/div><!-- .container -->\n  <div class=\"clearfix\"><\/div>\n\t<\/div>\n","protected":false},"excerpt":{"rendered":"<p>Bienvenue sur cet espace r\u00e9serv\u00e9 aux membres de nos groupes de travail ! Vous pouvez ici \u00e9changer des informations, partager des messages et des ressources avec l&rsquo;ensemble des participants de votre groupe de travail. Nous vous invitons \u00e0 utiliser ces donn\u00e9es selon les usages, en particulier ceux relatifs \u00e0 la confidentialit\u00e9. Bonnes contributions ! &nbsp;<\/p>\n","protected":false},"author":1,"featured_media":0,"parent":0,"menu_order":0,"comment_status":"closed","ping_status":"closed","template":"","meta":{"_bbp_topic_count":0,"_bbp_reply_count":0,"_bbp_total_topic_count":0,"_bbp_total_reply_count":0,"_bbp_voice_count":0,"_bbp_anonymous_reply_count":0,"_bbp_topic_count_hidden":0,"_bbp_reply_count_hidden":0,"_bbp_forum_subforum_count":0,"footnotes":""},"_links":{"self":[{"href":"https:\/\/asso.graie.org\/groupes\/wp-json\/wp\/v2\/pages\/322"}],"collection":[{"href":"https:\/\/asso.graie.org\/groupes\/wp-json\/wp\/v2\/pages"}],"about":[{"href":"https:\/\/asso.graie.org\/groupes\/wp-json\/wp\/v2\/types\/page"}],"author":[{"embeddable":true,"href":"https:\/\/asso.graie.org\/groupes\/wp-json\/wp\/v2\/users\/1"}],"replies":[{"embeddable":true,"href":"https:\/\/asso.graie.org\/groupes\/wp-json\/wp\/v2\/comments?post=322"}],"version-history":[{"count":20,"href":"https:\/\/asso.graie.org\/groupes\/wp-json\/wp\/v2\/pages\/322\/revisions"}],"predecessor-version":[{"id":443,"href":"https:\/\/asso.graie.org\/groupes\/wp-json\/wp\/v2\/pages\/322\/revisions\/443"}],"wp:attachment":[{"href":"https:\/\/asso.graie.org\/groupes\/wp-json\/wp\/v2\/media?parent=322"}],"curies":[{"name":"wp","href":"https:\/\/api.w.org\/{rel}","templated":true}]}}