{"id":1092,"date":"2017-06-28T15:01:00","date_gmt":"2017-06-28T13:01:00","guid":{"rendered":"https:\/\/asso.graie.org\/portail\/?page_id=1092"},"modified":"2022-09-06T12:03:43","modified_gmt":"2022-09-06T10:03:43","slug":"thematiques","status":"publish","type":"page","link":"https:\/\/asso.graie.org\/portail\/thematiques\/","title":{"rendered":"Th\u00e9matiques"},"content":{"rendered":"\n<div style=\"height:40px\" aria-hidden=\"true\" class=\"wp-block-spacer\"><\/div>\n\n\n\n<h2 class=\"wp-block-heading\"><strong>3 entr\u00e9es th\u00e9matiques pour une meilleure gestion de l\u2019eau<\/strong><\/h2>\n\n\n\n<div style=\"height:40px\" aria-hidden=\"true\" class=\"wp-block-spacer\"><\/div>\n\n\n\n<p>Le Graie m\u00e8ne de nombreuses actions \u00e0 travers ses 4 th\u00e9matiques phares qui sont \u00e9troitement li\u00e9es et compl\u00e9mentaires : <strong>Eau et sant\u00e9<\/strong> &#8211;<strong> Eau dans la ville<\/strong> &#8211;<strong> Milieux aquatiques<\/strong>.&nbsp;Retrouvez pour chaque entr\u00e9e nos activit\u00e9s et actualit\u00e9s, nos derni\u00e8res productions et publications ainsi que les liens utiles et la bibliographie sur la th\u00e9matique.<\/p>\n\n\n\n<div style=\"height:40px\" aria-hidden=\"true\" class=\"wp-block-spacer\"><\/div>\n\n\n\n<div class=\"wp-block-columns is-layout-flex wp-container-3 wp-block-columns-is-layout-flex\">\n<div class=\"wp-block-column is-layout-flow wp-block-column-is-layout-flow\" style=\"flex-basis:33.33%\">\n<figure class=\"wp-block-image size-full is-resized\"><a href=\"https:\/\/asso.graie.org\/portail\/thematiques\/eau-dans-la-ville\/\"><img decoding=\"async\" loading=\"lazy\" src=\"https:\/\/asso.graie.org\/portail\/wp-content\/uploads\/2022\/08\/Capture-de\u0301cran-2022-08-23-a\u0300-10.46.19.png\" alt=\"\" class=\"wp-image-20680\" width=\"211\" height=\"249\" srcset=\"https:\/\/asso.graie.org\/portail\/wp-content\/uploads\/2022\/08\/Capture-de\u0301cran-2022-08-23-a\u0300-10.46.19.png 836w, https:\/\/asso.graie.org\/portail\/wp-content\/uploads\/2022\/08\/Capture-de\u0301cran-2022-08-23-a\u0300-10.46.19-254x300.png 254w, https:\/\/asso.graie.org\/portail\/wp-content\/uploads\/2022\/08\/Capture-de\u0301cran-2022-08-23-a\u0300-10.46.19-768x908.png 768w\" sizes=\"(max-width: 211px) 100vw, 211px\" \/><\/a><\/figure>\n<\/div>\n\n\n\n<div class=\"wp-block-column is-layout-flow wp-block-column-is-layout-flow\" style=\"flex-basis:66.66%\">\n<div style=\"height:41px\" aria-hidden=\"true\" class=\"wp-block-spacer\"><\/div>\n\n\n\n<h2 class=\"wp-block-heading\">Eau dans la ville<\/h2>\n\n\n\n<p>Mieux lier am\u00e9nagement et gestion de l\u2019eau, promouvoir des solutions alternatives de gestion des eaux pluviales, ma\u00eetriser l\u2019impact des rejets sur les milieux et accompagner le transfert des comp\u00e9tences eau et assainissement.<\/p>\n\n\n\n<p><a href=\"https:\/\/asso.graie.org\/portail\/thematiques\/eau-dans-la-ville\/\">En savoir +<\/a><\/p>\n<\/div>\n<\/div>\n\n\n\n<div class=\"wp-block-columns is-layout-flex wp-container-6 wp-block-columns-is-layout-flex\">\n<div class=\"wp-block-column is-layout-flow wp-block-column-is-layout-flow\" style=\"flex-basis:33.33%\">\n<figure class=\"wp-block-image size-full is-resized\"><a href=\"https:\/\/asso.graie.org\/portail\/thematiques\/eau-et-sante\/\"><img decoding=\"async\" loading=\"lazy\" src=\"https:\/\/asso.graie.org\/portail\/wp-content\/uploads\/2022\/08\/Capture-de\u0301cran-2022-08-23-a\u0300-10.46.26.png\" alt=\"\" class=\"wp-image-20681\" width=\"186\" height=\"240\"\/><\/a><\/figure>\n<\/div>\n\n\n\n<div class=\"wp-block-column is-layout-flow wp-block-column-is-layout-flow\" style=\"flex-basis:66.66%\">\n<div style=\"height:41px\" aria-hidden=\"true\" class=\"wp-block-spacer\"><\/div>\n\n\n\n<h2 class=\"wp-block-heading\">Eau et Sant\u00e9<\/h2>\n\n\n\n<p>Mieux int\u00e9grer les risques pour la sant\u00e9 dans la gestion de l&rsquo;eau et de l&rsquo;assainissement (micropolluants), avec un focus particulier sur les effluents li\u00e9s aux activit\u00e9s de soin.<\/p>\n\n\n\n<p><a href=\"https:\/\/asso.graie.org\/portail\/thematiques\/eau-et-sante\/\">En savoir +<\/a><\/p>\n<\/div>\n<\/div>\n\n\n\n<div class=\"wp-block-columns is-layout-flex wp-container-9 wp-block-columns-is-layout-flex\">\n<div class=\"wp-block-column is-layout-flow wp-block-column-is-layout-flow\" style=\"flex-basis:33.33%\">\n<figure class=\"wp-block-image size-large is-resized\"><a href=\"https:\/\/asso.graie.org\/portail\/thematiques\/milieux-aquatiques\/\"><img decoding=\"async\" loading=\"lazy\" src=\"https:\/\/asso.graie.org\/portail\/wp-content\/uploads\/2022\/08\/Capture-de\u0301cran-2022-08-23-a\u0300-10.46.32-832x1024.png\" alt=\"\" class=\"wp-image-20682\" width=\"205\" height=\"251\" srcset=\"https:\/\/asso.graie.org\/portail\/wp-content\/uploads\/2022\/08\/Capture-de\u0301cran-2022-08-23-a\u0300-10.46.32-832x1024.png 832w, https:\/\/asso.graie.org\/portail\/wp-content\/uploads\/2022\/08\/Capture-de\u0301cran-2022-08-23-a\u0300-10.46.32-244x300.png 244w, https:\/\/asso.graie.org\/portail\/wp-content\/uploads\/2022\/08\/Capture-de\u0301cran-2022-08-23-a\u0300-10.46.32-768x945.png 768w, https:\/\/asso.graie.org\/portail\/wp-content\/uploads\/2022\/08\/Capture-de\u0301cran-2022-08-23-a\u0300-10.46.32.png 840w\" sizes=\"(max-width: 205px) 100vw, 205px\" \/><\/a><\/figure>\n<\/div>\n\n\n\n<div class=\"wp-block-column is-layout-flow wp-block-column-is-layout-flow\" style=\"flex-basis:66.66%\">\n<div style=\"height:41px\" aria-hidden=\"true\" class=\"wp-block-spacer\"><\/div>\n\n\n\n<h2 class=\"wp-block-heading\">Milieux aquatiques<\/h2>\n\n\n\n<p>Mieux g\u00e9rer les milieux aquatiques en int\u00e9grant toutes leurs dimensions (acteurs et usages, fonctionnement et \u00e9cologie\u2026), en particulier sur le bassin du Rh\u00f4ne.<\/p>\n\n\n\n<p><a href=\"https:\/\/asso.graie.org\/portail\/thematiques\/milieux-aquatiques\/\">En savoir +<\/a><\/p>\n<\/div>\n<\/div>\n\n\n\n<p><a href=\"https:\/\/asso.graie.org\/portail\/thematiques\/eau-et-sante\/\"><strong><\/strong><\/a><\/p>\n","protected":false},"excerpt":{"rendered":"<p>3 entr\u00e9es th\u00e9matiques pour une meilleure gestion de l\u2019eau Le Graie m\u00e8ne de nombreuses actions \u00e0 travers ses 4 th\u00e9matiques phares qui sont \u00e9troitement li\u00e9es et compl\u00e9mentaires : Eau et sant\u00e9 &#8211; Eau dans la ville &#8211; Milieux aquatiques.&nbsp;Retrouvez pour &hellip;<\/p>\n","protected":false},"author":1,"featured_media":0,"parent":0,"menu_order":0,"comment_status":"closed","ping_status":"closed","template":"","meta":{"_mi_skip_tracking":false,"footnotes":""},"acf":[],"yoast_head":"<!-- This site is optimized with the Yoast SEO plugin v19.13 - https:\/\/yoast.com\/wordpress\/plugins\/seo\/ -->\n<title>Nos 3 th\u00e9matiques phares | Graie<\/title>\n<meta name=\"description\" content=\"Le Graie m\u00e8ne de nombreuses actions \u00e0 travers ses 3 th\u00e9matiques phares qui, li\u00e9es et compl\u00e9mentaires : Eau et sant\u00e9 - Eau dans la ville - Milieux aquatiques.\u00a0\" \/>\n<meta name=\"robots\" content=\"index, follow, max-snippet:-1, max-image-preview:large, max-video-preview:-1\" \/>\n<link rel=\"canonical\" href=\"https:\/\/asso.graie.org\/portail\/thematiques\/\" \/>\n<meta property=\"og:locale\" content=\"fr_FR\" \/>\n<meta property=\"og:type\" content=\"article\" \/>\n<meta property=\"og:title\" content=\"Nos 3 th\u00e9matiques phares | Graie\" \/>\n<meta property=\"og:description\" content=\"Le Graie m\u00e8ne de nombreuses actions \u00e0 travers ses 3 th\u00e9matiques phares qui, li\u00e9es et compl\u00e9mentaires : Eau et sant\u00e9 - Eau dans la ville - Milieux aquatiques.\u00a0\" \/>\n<meta property=\"og:url\" content=\"https:\/\/asso.graie.org\/portail\/thematiques\/\" \/>\n<meta property=\"og:site_name\" content=\"Graie\" \/>\n<meta property=\"article:modified_time\" content=\"2022-09-06T10:03:43+00:00\" \/>\n<meta name=\"twitter:card\" content=\"summary_large_image\" \/>\n<meta name=\"twitter:site\" content=\"@asso_graie\" \/>\n<meta name=\"twitter:label1\" content=\"Dur\u00e9e de lecture estim\u00e9e\" \/>\n\t<meta name=\"twitter:data1\" content=\"2 minutes\" \/>\n<script type=\"application\/ld+json\" class=\"yoast-schema-graph\">{\"@context\":\"https:\/\/schema.org\",\"@graph\":[{\"@type\":\"WebPage\",\"@id\":\"https:\/\/asso.graie.org\/portail\/thematiques\/\",\"url\":\"https:\/\/asso.graie.org\/portail\/thematiques\/\",\"name\":\"Nos 3 th\u00e9matiques phares | Graie\",\"isPartOf\":{\"@id\":\"https:\/\/asso.graie.org\/portail\/#website\"},\"datePublished\":\"2017-06-28T13:01:00+00:00\",\"dateModified\":\"2022-09-06T10:03:43+00:00\",\"description\":\"Le Graie m\u00e8ne de nombreuses actions \u00e0 travers ses 3 th\u00e9matiques phares qui, li\u00e9es et compl\u00e9mentaires : Eau et sant\u00e9 - Eau dans la ville - Milieux aquatiques.\u00a0\",\"breadcrumb\":{\"@id\":\"https:\/\/asso.graie.org\/portail\/thematiques\/#breadcrumb\"},\"inLanguage\":\"fr-FR\",\"potentialAction\":[{\"@type\":\"ReadAction\",\"target\":[\"https:\/\/asso.graie.org\/portail\/thematiques\/\"]}]},{\"@type\":\"BreadcrumbList\",\"@id\":\"https:\/\/asso.graie.org\/portail\/thematiques\/#breadcrumb\",\"itemListElement\":[{\"@type\":\"ListItem\",\"position\":1,\"name\":\"Accueil\",\"item\":\"https:\/\/asso.graie.org\/portail\/\"},{\"@type\":\"ListItem\",\"position\":2,\"name\":\"Th\u00e9matiques\"}]},{\"@type\":\"WebSite\",\"@id\":\"https:\/\/asso.graie.org\/portail\/#website\",\"url\":\"https:\/\/asso.graie.org\/portail\/\",\"name\":\"Graie\",\"description\":\"P\u00f4le Eau et Territoires\",\"publisher\":{\"@id\":\"https:\/\/asso.graie.org\/portail\/#organization\"},\"potentialAction\":[{\"@type\":\"SearchAction\",\"target\":{\"@type\":\"EntryPoint\",\"urlTemplate\":\"https:\/\/asso.graie.org\/portail\/?s={search_term_string}\"},\"query-input\":\"required name=search_term_string\"}],\"inLanguage\":\"fr-FR\"},{\"@type\":\"Organization\",\"@id\":\"https:\/\/asso.graie.org\/portail\/#organization\",\"name\":\"Le Graie\",\"url\":\"https:\/\/asso.graie.org\/portail\/\",\"logo\":{\"@type\":\"ImageObject\",\"inLanguage\":\"fr-FR\",\"@id\":\"https:\/\/asso.graie.org\/portail\/#\/schema\/logo\/image\/\",\"url\":\"https:\/\/asso.graie.org\/portail\/wp-content\/uploads\/2021\/12\/Logotype-Graie.png\",\"contentUrl\":\"https:\/\/asso.graie.org\/portail\/wp-content\/uploads\/2021\/12\/Logotype-Graie.png\",\"width\":1890,\"height\":1181,\"caption\":\"Le Graie\"},\"image\":{\"@id\":\"https:\/\/asso.graie.org\/portail\/#\/schema\/logo\/image\/\"},\"sameAs\":[\"https:\/\/fr.linkedin.com\/company\/graie?trk=top_nav_home\",\"https:\/\/www.youtube.com\/channel\/UCZQk0Tt7upYwERYNdDIZqLQ\",\"https:\/\/twitter.com\/asso_graie\"]}]}<\/script>\n<!-- \/ Yoast SEO plugin. -->","yoast_head_json":{"title":"Nos 3 th\u00e9matiques phares | Graie","description":"Le Graie m\u00e8ne de nombreuses actions \u00e0 travers ses 3 th\u00e9matiques phares qui, li\u00e9es et compl\u00e9mentaires : Eau et sant\u00e9 - Eau dans la ville - Milieux aquatiques.\u00a0","robots":{"index":"index","follow":"follow","max-snippet":"max-snippet:-1","max-image-preview":"max-image-preview:large","max-video-preview":"max-video-preview:-1"},"canonical":"https:\/\/asso.graie.org\/portail\/thematiques\/","og_locale":"fr_FR","og_type":"article","og_title":"Nos 3 th\u00e9matiques phares | Graie","og_description":"Le Graie m\u00e8ne de nombreuses actions \u00e0 travers ses 3 th\u00e9matiques phares qui, li\u00e9es et compl\u00e9mentaires : Eau et sant\u00e9 - Eau dans la ville - Milieux aquatiques.\u00a0","og_url":"https:\/\/asso.graie.org\/portail\/thematiques\/","og_site_name":"Graie","article_modified_time":"2022-09-06T10:03:43+00:00","twitter_card":"summary_large_image","twitter_site":"@asso_graie","twitter_misc":{"Dur\u00e9e de lecture estim\u00e9e":"2 minutes"},"schema":{"@context":"https:\/\/schema.org","@graph":[{"@type":"WebPage","@id":"https:\/\/asso.graie.org\/portail\/thematiques\/","url":"https:\/\/asso.graie.org\/portail\/thematiques\/","name":"Nos 3 th\u00e9matiques phares | Graie","isPartOf":{"@id":"https:\/\/asso.graie.org\/portail\/#website"},"datePublished":"2017-06-28T13:01:00+00:00","dateModified":"2022-09-06T10:03:43+00:00","description":"Le Graie m\u00e8ne de nombreuses actions \u00e0 travers ses 3 th\u00e9matiques phares qui, li\u00e9es et compl\u00e9mentaires : Eau et sant\u00e9 - Eau dans la ville - Milieux aquatiques.\u00a0","breadcrumb":{"@id":"https:\/\/asso.graie.org\/portail\/thematiques\/#breadcrumb"},"inLanguage":"fr-FR","potentialAction":[{"@type":"ReadAction","target":["https:\/\/asso.graie.org\/portail\/thematiques\/"]}]},{"@type":"BreadcrumbList","@id":"https:\/\/asso.graie.org\/portail\/thematiques\/#breadcrumb","itemListElement":[{"@type":"ListItem","position":1,"name":"Accueil","item":"https:\/\/asso.graie.org\/portail\/"},{"@type":"ListItem","position":2,"name":"Th\u00e9matiques"}]},{"@type":"WebSite","@id":"https:\/\/asso.graie.org\/portail\/#website","url":"https:\/\/asso.graie.org\/portail\/","name":"Graie","description":"P\u00f4le Eau et Territoires","publisher":{"@id":"https:\/\/asso.graie.org\/portail\/#organization"},"potentialAction":[{"@type":"SearchAction","target":{"@type":"EntryPoint","urlTemplate":"https:\/\/asso.graie.org\/portail\/?s={search_term_string}"},"query-input":"required name=search_term_string"}],"inLanguage":"fr-FR"},{"@type":"Organization","@id":"https:\/\/asso.graie.org\/portail\/#organization","name":"Le Graie","url":"https:\/\/asso.graie.org\/portail\/","logo":{"@type":"ImageObject","inLanguage":"fr-FR","@id":"https:\/\/asso.graie.org\/portail\/#\/schema\/logo\/image\/","url":"https:\/\/asso.graie.org\/portail\/wp-content\/uploads\/2021\/12\/Logotype-Graie.png","contentUrl":"https:\/\/asso.graie.org\/portail\/wp-content\/uploads\/2021\/12\/Logotype-Graie.png","width":1890,"height":1181,"caption":"Le Graie"},"image":{"@id":"https:\/\/asso.graie.org\/portail\/#\/schema\/logo\/image\/"},"sameAs":["https:\/\/fr.linkedin.com\/company\/graie?trk=top_nav_home","https:\/\/www.youtube.com\/channel\/UCZQk0Tt7upYwERYNdDIZqLQ","https:\/\/twitter.com\/asso_graie"]}]}},"_links":{"self":[{"href":"https:\/\/asso.graie.org\/portail\/wp-json\/wp\/v2\/pages\/1092"}],"collection":[{"href":"https:\/\/asso.graie.org\/portail\/wp-json\/wp\/v2\/pages"}],"about":[{"href":"https:\/\/asso.graie.org\/portail\/wp-json\/wp\/v2\/types\/page"}],"author":[{"embeddable":true,"href":"https:\/\/asso.graie.org\/portail\/wp-json\/wp\/v2\/users\/1"}],"replies":[{"embeddable":true,"href":"https:\/\/asso.graie.org\/portail\/wp-json\/wp\/v2\/comments?post=1092"}],"version-history":[{"count":7,"href":"https:\/\/asso.graie.org\/portail\/wp-json\/wp\/v2\/pages\/1092\/revisions"}],"predecessor-version":[{"id":21231,"href":"https:\/\/asso.graie.org\/portail\/wp-json\/wp\/v2\/pages\/1092\/revisions\/21231"}],"wp:attachment":[{"href":"https:\/\/asso.graie.org\/portail\/wp-json\/wp\/v2\/media?parent=1092"}],"curies":[{"name":"wp","href":"https:\/\/api.w.org\/{rel}","templated":true}]}}