{"id":1094,"date":"2017-06-28T15:01:34","date_gmt":"2017-06-28T13:01:34","guid":{"rendered":"https:\/\/asso.graie.org\/portail\/?page_id=1094"},"modified":"2022-10-19T10:13:23","modified_gmt":"2022-10-19T08:13:23","slug":"diffusion","status":"publish","type":"page","link":"https:\/\/asso.graie.org\/portail\/diffusion\/","title":{"rendered":"Diffusion"},"content":{"rendered":"\n<h2 class=\"wp-block-heading\"><strong>La transmission, \u00e0 la confluence des savoirs et savoir-faire<\/strong><\/h2>\n\n\n\n<div style=\"height:10px\" aria-hidden=\"true\" class=\"wp-block-spacer\"><\/div>\n\n\n\n<h3 class=\"wp-block-heading\"><strong>Diffuser les savoirs et valoriser les retours d\u2019exp\u00e9riences<\/strong><\/h3>\n\n\n\n<div style=\"height:42px\" aria-hidden=\"true\" class=\"wp-block-spacer\"><\/div>\n\n\n\n<p>Pour accompagner les acteurs de la transition pour l\u2019eau, <strong>l\u2019acc\u00e8s \u00e0 la bonne information<\/strong>, qu\u2019elle soit technique, r\u00e9glementaire ou p\u00e9dagogique est prioritaire.<br>C\u2019est pourquoi le Graie d\u00e9veloppe de nombreux <strong>moyens de transmission<\/strong> et de <strong>partage de la connaissance<\/strong> acquise&nbsp;: colloques internationaux et conf\u00e9rences, observatoires, publications de guides, d\u2019avis, de recommandations et plus r\u00e9cemment, de formations tr\u00e8s sp\u00e9cifiques. Il facilite le transfert de connaissances et de comp\u00e9tences qu\u2019il met \u00e0 la disposition de tous les acteurs de l\u2019eau.<\/p>\n\n\n\n<div style=\"height:35px\" aria-hidden=\"true\" class=\"wp-block-spacer\"><\/div>\n\n\n\n<h3 class=\"wp-block-heading\">Produire et diffuser des connaissances scientifiques et techniques.<\/h3>\n\n\n\n<p>C\u2019est pourquoi il a choisi de mettre sur son site internet \u2013 \u00e0 disposition de tous \u2013 l\u2019ensemble de ses productions gratuitement. Il r\u00e9f\u00e9rence \u00e9galement une s\u00e9lection de publications et de documents d&rsquo;int\u00e9r\u00eat sur les th\u00e9matiques abord\u00e9es, disponibles en ligne dans une logique de portail. Le Graie souhaite ainsi contribuer \u00e0 l\u2019appropriation des connaissances, et \u00e0 l\u2019\u00e9volution des pratiques et de la r\u00e9glementation autour de la gestion de l&rsquo;eau..<\/p>\n\n\n\n<div style=\"height:21px\" aria-hidden=\"true\" class=\"wp-block-spacer\"><\/div>\n\n\n\n<p>Le Graie publie r\u00e9guli\u00e8rement des documents techniques et de sensibilisation, des synth\u00e8ses, des actes de conf\u00e9rences ainsi que des ouvrages collectifs. Il d\u00e9veloppe \u00e9galement des <a href=\"https:\/\/asso.graie.org\/portail\/productions\/nos-sites-web\/\">sites internet d\u00e9di\u00e9s<\/a> pour ses dispositifs et programmes de recherche, ainsi que pour les d\u00e9marches de sensibilisation particuli\u00e8res (<a href=\"https:\/\/asso.graie.org\/portail\/productions\/nos-supports-de-sensibilisation\/\">M\u00e9li M\u00e9lo et m\u00e9dicaments dans l&rsquo;eau<\/a>). Toutes ces productions contribuent \u00e0 faire rayonner l&rsquo;information sur les th\u00e9matiques phares de l&rsquo;association.<\/p>\n\n\n\n<p>Vous recherchez une ressource en particulier&nbsp;: utilisez notre <a href=\"https:\/\/asso.graie.org\/portail\/resultat-de-recherche-detaillee\/\" target=\"_blank\" rel=\"noopener\">moteur de recherche&nbsp;!<\/a><\/p>\n\n\n\n<div style=\"height:34px\" aria-hidden=\"true\" class=\"wp-block-spacer\"><\/div>\n\n\n\n<hr class=\"wp-block-separator\"\/>\n\n\n\n<div style=\"height:35px\" aria-hidden=\"true\" class=\"wp-block-spacer\"><\/div>\n\n\n\n<h3 class=\"wp-block-heading\">Valoriser les travaux et cr\u00e9er l&rsquo;\u00e9change au travers des \u00e9v\u00e8nements<\/h3>\n\n\n\n<p>Le Graie est \u00e0 l&rsquo;origine de nombreux \u00e9v\u00e9nements et journ\u00e9es afin de pousser les acteurs \u00e0 se rencontrer, valoriser leur expertise et favoriser le partage de connaissances ainsi que le r\u00e9seautage dans des secteurs sp\u00e9cifiques du domaine de l&rsquo;eau. Outre les deux <a href=\"https:\/\/asso.graie.org\/portail\/conferences-internationales\/\">conf\u00e9rences internationales<\/a> que nous organisons tous les trois ans, de nombreuses journ\u00e9e techniques &amp; journ\u00e9es d&rsquo;\u00e9changes ont lieu avec des rendez-vous annuels comme la Conf\u00e9rence sur la Gestion des Effluents Non Domestiques (la 13e en 2022) ou encore la Journ\u00e9e d&rsquo;\u00e9changes sur l&rsquo;Autosurveillance des syst\u00e8mes d&rsquo;assainissement (la 17e cette ann\u00e9e). <\/p>\n\n\n\n<div style=\"height:19px\" aria-hidden=\"true\" class=\"wp-block-spacer\"><\/div>\n\n\n\n<p>Des \u00e9v\u00e8nements plus ponctuels permettent de pr\u00e9senter l&rsquo;avancement ou les r\u00e9sultats de certains programmes ou de faire d\u00e9couvrir les outils et processus utilis\u00e9s sur certains projets, comme lors de la Journ\u00e9e Restauration du Rh\u00f4ne en novembre 2021. Des tables rondes, des ateliers, des visites, sont \u00e9galement organis\u00e9s comme lors du salon Cycl&rsquo;eau.<\/p>\n\n\n\n<div style=\"height:38px\" aria-hidden=\"true\" class=\"wp-block-spacer\"><\/div>\n\n\n\n<hr class=\"wp-block-separator\"\/>\n\n\n\n<div style=\"height:36px\" aria-hidden=\"true\" class=\"wp-block-spacer\"><\/div>\n\n\n\n<h3 class=\"wp-block-heading\">Former les techniciens de demain sur des sujets pointus<\/h3>\n\n\n\n<p>Le Graie organise maintenant r\u00e9guli\u00e8rement des formations reconnues par l&rsquo;\u00e9tat aux c\u00f4t\u00e9s de partenaires comme l&rsquo;INSA ou le lyc\u00e9e Agrotech, sur des sujets pratiques et sp\u00e9cifiques. Le Graie est en charge de l&rsquo;ing\u00e9nieurie p\u00e9dagogique de ces formations cibl\u00e9es destin\u00e9es \u00e0 des praticiens.<\/p>\n\n\n\n<div style=\"height:25px\" aria-hidden=\"true\" class=\"wp-block-spacer\"><\/div>\n\n\n\n<p>Ces formations ont pour sujet la gestion des eaux \u00e0 la source (Am\u00e9nagement, conception et dimensionnement), les d\u00e9versoirs d&rsquo;orage, les effluents non domestiques ou encore l&rsquo;autosurveillance des r\u00e9seaux d&rsquo;assainissement.<\/p>\n\n\n\n<div style=\"height:56px\" aria-hidden=\"true\" class=\"wp-block-spacer\"><\/div>\n","protected":false},"excerpt":{"rendered":"<p>La transmission, \u00e0 la confluence des savoirs et savoir-faire Diffuser les savoirs et valoriser les retours d\u2019exp\u00e9riences Pour accompagner les acteurs de la transition pour l\u2019eau, l\u2019acc\u00e8s \u00e0 la bonne information, qu\u2019elle soit technique, r\u00e9glementaire ou p\u00e9dagogique est prioritaire.C\u2019est pourquoi &hellip;<\/p>\n","protected":false},"author":1,"featured_media":0,"parent":0,"menu_order":0,"comment_status":"closed","ping_status":"closed","template":"","meta":{"_mi_skip_tracking":false,"footnotes":""},"acf":[],"yoast_head":"<!-- This site is optimized with the Yoast SEO plugin v19.13 - https:\/\/yoast.com\/wordpress\/plugins\/seo\/ -->\n<title>Diffusion | \u00c9v\u00e8nements, publications, formations | Graie<\/title>\n<meta name=\"description\" content=\"L\u2019une des vocations du Graie est de produire et diffuser des connaissances scientifiques et techniques, disponible pour tous.\" \/>\n<meta name=\"robots\" content=\"index, follow, max-snippet:-1, max-image-preview:large, max-video-preview:-1\" \/>\n<link rel=\"canonical\" href=\"https:\/\/asso.graie.org\/portail\/diffusion\/\" \/>\n<meta property=\"og:locale\" content=\"fr_FR\" \/>\n<meta property=\"og:type\" content=\"article\" \/>\n<meta property=\"og:title\" content=\"Diffusion | \u00c9v\u00e8nements, publications, formations | Graie\" \/>\n<meta property=\"og:description\" content=\"L\u2019une des vocations du Graie est de produire et diffuser des connaissances scientifiques et techniques, disponible pour tous.\" \/>\n<meta property=\"og:url\" content=\"https:\/\/asso.graie.org\/portail\/diffusion\/\" \/>\n<meta property=\"og:site_name\" content=\"Graie\" \/>\n<meta property=\"article:modified_time\" content=\"2022-10-19T08:13:23+00:00\" \/>\n<meta name=\"twitter:card\" content=\"summary_large_image\" \/>\n<meta name=\"twitter:site\" content=\"@asso_graie\" \/>\n<meta name=\"twitter:label1\" content=\"Dur\u00e9e de lecture estim\u00e9e\" \/>\n\t<meta name=\"twitter:data1\" content=\"3 minutes\" \/>\n<script type=\"application\/ld+json\" class=\"yoast-schema-graph\">{\"@context\":\"https:\/\/schema.org\",\"@graph\":[{\"@type\":\"WebPage\",\"@id\":\"https:\/\/asso.graie.org\/portail\/diffusion\/\",\"url\":\"https:\/\/asso.graie.org\/portail\/diffusion\/\",\"name\":\"Diffusion | \u00c9v\u00e8nements, publications, formations | Graie\",\"isPartOf\":{\"@id\":\"https:\/\/asso.graie.org\/portail\/#website\"},\"datePublished\":\"2017-06-28T13:01:34+00:00\",\"dateModified\":\"2022-10-19T08:13:23+00:00\",\"description\":\"L\u2019une des vocations du Graie est de produire et diffuser des connaissances scientifiques et techniques, disponible pour tous.\",\"breadcrumb\":{\"@id\":\"https:\/\/asso.graie.org\/portail\/diffusion\/#breadcrumb\"},\"inLanguage\":\"fr-FR\",\"potentialAction\":[{\"@type\":\"ReadAction\",\"target\":[\"https:\/\/asso.graie.org\/portail\/diffusion\/\"]}]},{\"@type\":\"BreadcrumbList\",\"@id\":\"https:\/\/asso.graie.org\/portail\/diffusion\/#breadcrumb\",\"itemListElement\":[{\"@type\":\"ListItem\",\"position\":1,\"name\":\"Accueil\",\"item\":\"https:\/\/asso.graie.org\/portail\/\"},{\"@type\":\"ListItem\",\"position\":2,\"name\":\"Diffusion\"}]},{\"@type\":\"WebSite\",\"@id\":\"https:\/\/asso.graie.org\/portail\/#website\",\"url\":\"https:\/\/asso.graie.org\/portail\/\",\"name\":\"Graie\",\"description\":\"P\u00f4le Eau et Territoires\",\"publisher\":{\"@id\":\"https:\/\/asso.graie.org\/portail\/#organization\"},\"potentialAction\":[{\"@type\":\"SearchAction\",\"target\":{\"@type\":\"EntryPoint\",\"urlTemplate\":\"https:\/\/asso.graie.org\/portail\/?s={search_term_string}\"},\"query-input\":\"required name=search_term_string\"}],\"inLanguage\":\"fr-FR\"},{\"@type\":\"Organization\",\"@id\":\"https:\/\/asso.graie.org\/portail\/#organization\",\"name\":\"Le Graie\",\"url\":\"https:\/\/asso.graie.org\/portail\/\",\"logo\":{\"@type\":\"ImageObject\",\"inLanguage\":\"fr-FR\",\"@id\":\"https:\/\/asso.graie.org\/portail\/#\/schema\/logo\/image\/\",\"url\":\"https:\/\/asso.graie.org\/portail\/wp-content\/uploads\/2021\/12\/Logotype-Graie.png\",\"contentUrl\":\"https:\/\/asso.graie.org\/portail\/wp-content\/uploads\/2021\/12\/Logotype-Graie.png\",\"width\":1890,\"height\":1181,\"caption\":\"Le Graie\"},\"image\":{\"@id\":\"https:\/\/asso.graie.org\/portail\/#\/schema\/logo\/image\/\"},\"sameAs\":[\"https:\/\/fr.linkedin.com\/company\/graie?trk=top_nav_home\",\"https:\/\/www.youtube.com\/channel\/UCZQk0Tt7upYwERYNdDIZqLQ\",\"https:\/\/twitter.com\/asso_graie\"]}]}<\/script>\n<!-- \/ Yoast SEO plugin. -->","yoast_head_json":{"title":"Diffusion | \u00c9v\u00e8nements, publications, formations | Graie","description":"L\u2019une des vocations du Graie est de produire et diffuser des connaissances scientifiques et techniques, disponible pour tous.","robots":{"index":"index","follow":"follow","max-snippet":"max-snippet:-1","max-image-preview":"max-image-preview:large","max-video-preview":"max-video-preview:-1"},"canonical":"https:\/\/asso.graie.org\/portail\/diffusion\/","og_locale":"fr_FR","og_type":"article","og_title":"Diffusion | \u00c9v\u00e8nements, publications, formations | Graie","og_description":"L\u2019une des vocations du Graie est de produire et diffuser des connaissances scientifiques et techniques, disponible pour tous.","og_url":"https:\/\/asso.graie.org\/portail\/diffusion\/","og_site_name":"Graie","article_modified_time":"2022-10-19T08:13:23+00:00","twitter_card":"summary_large_image","twitter_site":"@asso_graie","twitter_misc":{"Dur\u00e9e de lecture estim\u00e9e":"3 minutes"},"schema":{"@context":"https:\/\/schema.org","@graph":[{"@type":"WebPage","@id":"https:\/\/asso.graie.org\/portail\/diffusion\/","url":"https:\/\/asso.graie.org\/portail\/diffusion\/","name":"Diffusion | \u00c9v\u00e8nements, publications, formations | Graie","isPartOf":{"@id":"https:\/\/asso.graie.org\/portail\/#website"},"datePublished":"2017-06-28T13:01:34+00:00","dateModified":"2022-10-19T08:13:23+00:00","description":"L\u2019une des vocations du Graie est de produire et diffuser des connaissances scientifiques et techniques, disponible pour tous.","breadcrumb":{"@id":"https:\/\/asso.graie.org\/portail\/diffusion\/#breadcrumb"},"inLanguage":"fr-FR","potentialAction":[{"@type":"ReadAction","target":["https:\/\/asso.graie.org\/portail\/diffusion\/"]}]},{"@type":"BreadcrumbList","@id":"https:\/\/asso.graie.org\/portail\/diffusion\/#breadcrumb","itemListElement":[{"@type":"ListItem","position":1,"name":"Accueil","item":"https:\/\/asso.graie.org\/portail\/"},{"@type":"ListItem","position":2,"name":"Diffusion"}]},{"@type":"WebSite","@id":"https:\/\/asso.graie.org\/portail\/#website","url":"https:\/\/asso.graie.org\/portail\/","name":"Graie","description":"P\u00f4le Eau et Territoires","publisher":{"@id":"https:\/\/asso.graie.org\/portail\/#organization"},"potentialAction":[{"@type":"SearchAction","target":{"@type":"EntryPoint","urlTemplate":"https:\/\/asso.graie.org\/portail\/?s={search_term_string}"},"query-input":"required name=search_term_string"}],"inLanguage":"fr-FR"},{"@type":"Organization","@id":"https:\/\/asso.graie.org\/portail\/#organization","name":"Le Graie","url":"https:\/\/asso.graie.org\/portail\/","logo":{"@type":"ImageObject","inLanguage":"fr-FR","@id":"https:\/\/asso.graie.org\/portail\/#\/schema\/logo\/image\/","url":"https:\/\/asso.graie.org\/portail\/wp-content\/uploads\/2021\/12\/Logotype-Graie.png","contentUrl":"https:\/\/asso.graie.org\/portail\/wp-content\/uploads\/2021\/12\/Logotype-Graie.png","width":1890,"height":1181,"caption":"Le Graie"},"image":{"@id":"https:\/\/asso.graie.org\/portail\/#\/schema\/logo\/image\/"},"sameAs":["https:\/\/fr.linkedin.com\/company\/graie?trk=top_nav_home","https:\/\/www.youtube.com\/channel\/UCZQk0Tt7upYwERYNdDIZqLQ","https:\/\/twitter.com\/asso_graie"]}]}},"_links":{"self":[{"href":"https:\/\/asso.graie.org\/portail\/wp-json\/wp\/v2\/pages\/1094"}],"collection":[{"href":"https:\/\/asso.graie.org\/portail\/wp-json\/wp\/v2\/pages"}],"about":[{"href":"https:\/\/asso.graie.org\/portail\/wp-json\/wp\/v2\/types\/page"}],"author":[{"embeddable":true,"href":"https:\/\/asso.graie.org\/portail\/wp-json\/wp\/v2\/users\/1"}],"replies":[{"embeddable":true,"href":"https:\/\/asso.graie.org\/portail\/wp-json\/wp\/v2\/comments?post=1094"}],"version-history":[{"count":12,"href":"https:\/\/asso.graie.org\/portail\/wp-json\/wp\/v2\/pages\/1094\/revisions"}],"predecessor-version":[{"id":21933,"href":"https:\/\/asso.graie.org\/portail\/wp-json\/wp\/v2\/pages\/1094\/revisions\/21933"}],"wp:attachment":[{"href":"https:\/\/asso.graie.org\/portail\/wp-json\/wp\/v2\/media?parent=1094"}],"curies":[{"name":"wp","href":"https:\/\/api.w.org\/{rel}","templated":true}]}}