{"id":1098,"date":"2017-06-28T15:02:07","date_gmt":"2017-06-28T13:02:07","guid":{"rendered":"https:\/\/asso.graie.org\/portail\/?page_id=1098"},"modified":"2024-03-01T16:49:52","modified_gmt":"2024-03-01T15:49:52","slug":"recherche","status":"publish","type":"page","link":"https:\/\/asso.graie.org\/portail\/recherche\/","title":{"rendered":"Recherche"},"content":{"rendered":"\n<h2 class=\"wp-block-heading\">La connaissance, ressource pour l&rsquo;innovation<\/h2>\n\n\n\n<div style=\"height:30px\" aria-hidden=\"true\" class=\"wp-block-spacer\"><\/div>\n\n\n\n<p>Pour le Graie, la connaissance scientifique est un socle strat\u00e9gique pour \u00e9valuer des r\u00e9alisations et des modalit\u00e9s de gestion, tester des dispositifs, et adapter l\u2019\u00e9volution des pratiques li\u00e9es \u00e0 l\u2019eau.<\/p>\n\n\n\n<div style=\"height:20px\" aria-hidden=\"true\" class=\"wp-block-spacer\"><\/div>\n\n\n\n<p>Animateur d\u2019une quinzaine de programmes de recherche, qu\u2019il structure en fonction des besoins op\u00e9rationnels, le Graie d\u00e9veloppe les passerelles entre la communaut\u00e9 scientifique et les acteurs de terrain.<\/p>\n\n\n\n<div style=\"height:20px\" aria-hidden=\"true\" class=\"wp-block-spacer\"><\/div>\n\n\n\n<p>Il valorise les r\u00e9sultats, fait la p\u00e9dagogie des outils de recherche, nourrit la r\u00e9glementation et guide les maitres d&rsquo;\u0153uvre et ma\u00eetres d\u2019ouvrages publics et priv\u00e9s pour innover dans leurs propres approches.<\/p>\n\n\n\n<div style=\"height:20px\" aria-hidden=\"true\" class=\"wp-block-spacer\"><\/div>\n\n\n\n<hr class=\"wp-block-separator has-css-opacity\"\/>\n\n\n\n<div style=\"height:36px\" aria-hidden=\"true\" class=\"wp-block-spacer\"><\/div>\n\n\n\n<p>Le Graie anime cinq dispositifs de recherche pluridisciplinaires :<\/p>\n\n\n\n<div style=\"height:30px\" aria-hidden=\"true\" class=\"wp-block-spacer\"><\/div>\n\n\n\n<div class=\"wp-block-columns is-layout-flex wp-container-3 wp-block-columns-is-layout-flex\">\n<div class=\"wp-block-column is-layout-flow wp-block-column-is-layout-flow\" style=\"flex-basis:33.33%\"><div class=\"wp-block-image\">\n<figure class=\"aligncenter size-full is-resized\"><a href=\"https:\/\/asso.graie.org\/portail\/dispositifs-de-recherche\/zabr\/\"><img decoding=\"async\" loading=\"lazy\" width=\"660\" height=\"273\" src=\"https:\/\/asso.graie.org\/portail\/wp-content\/uploads\/2019\/03\/logo-ZA-ZABR_sans_s-e1558100464559.png\" alt=\"logo ZABR\" class=\"wp-image-13525\" style=\"width:208px;height:85px\" srcset=\"https:\/\/asso.graie.org\/portail\/wp-content\/uploads\/2019\/03\/logo-ZA-ZABR_sans_s-e1558100464559.png 660w, https:\/\/asso.graie.org\/portail\/wp-content\/uploads\/2019\/03\/logo-ZA-ZABR_sans_s-e1558100464559-300x124.png 300w, https:\/\/asso.graie.org\/portail\/wp-content\/uploads\/2019\/03\/logo-ZA-ZABR_sans_s-e1558100464559-600x248.png 600w\" sizes=\"(max-width: 660px) 100vw, 660px\" \/><\/a><\/figure><\/div><\/div>\n\n\n\n<div class=\"wp-block-column is-layout-flow wp-block-column-is-layout-flow\" style=\"flex-basis:66.66%\">\n<h2 class=\"wp-block-heading\"><a href=\"https:\/\/asso.graie.org\/portail\/dispositifsderecherche\/zabr\/\"><strong>ZABR<\/strong><\/a><strong> | Zone atelier bassin du Rh\u00f4ne<\/strong><\/h2>\n\n\n\n<p><em>Sur la gestion durable des cours d\u2019eau et de leurs bassins versants<br><\/em><\/p>\n<\/div>\n<\/div>\n\n\n\n<div class=\"wp-block-columns is-layout-flex wp-container-6 wp-block-columns-is-layout-flex\">\n<div class=\"wp-block-column is-layout-flow wp-block-column-is-layout-flow\" style=\"flex-basis:33.33%\"><div class=\"wp-block-image\">\n<figure class=\"aligncenter size-full is-resized\"><a href=\"https:\/\/asso.graie.org\/portail\/dispositifs-de-recherche\/ohm-vr\/\"><img decoding=\"async\" loading=\"lazy\" width=\"497\" height=\"355\" src=\"https:\/\/asso.graie.org\/portail\/wp-content\/uploads\/2022\/07\/OHM_logo_01_Couleurs.png\" alt=\"\" class=\"wp-image-20614\" style=\"width:194px;height:138px\" srcset=\"https:\/\/asso.graie.org\/portail\/wp-content\/uploads\/2022\/07\/OHM_logo_01_Couleurs.png 497w, https:\/\/asso.graie.org\/portail\/wp-content\/uploads\/2022\/07\/OHM_logo_01_Couleurs-300x214.png 300w\" sizes=\"(max-width: 497px) 100vw, 497px\" \/><\/a><\/figure><\/div><\/div>\n\n\n\n<div class=\"wp-block-column is-layout-flow wp-block-column-is-layout-flow\" style=\"flex-basis:66.66%\">\n<div style=\"height:29px\" aria-hidden=\"true\" class=\"wp-block-spacer\"><\/div>\n\n\n\n<h2 class=\"wp-block-heading\"><a href=\"https:\/\/asso.graie.org\/portail\/dispositifsderecherche\/ohm-vr\/\"><strong>OHM VR<\/strong><\/a><strong> |<\/strong> <strong>Observatoire hommes-milieux vall\u00e9e du Rh\u00f4ne<\/strong><\/h2>\n\n\n\n<p><em>Sur l\u2019\u00e9volution contemporaine du fleuve et de ses soci\u00e9t\u00e9s riveraines<\/em><\/p>\n<\/div>\n<\/div>\n\n\n\n<div class=\"wp-block-columns is-layout-flex wp-container-9 wp-block-columns-is-layout-flex\">\n<div class=\"wp-block-column is-layout-flow wp-block-column-is-layout-flow\" style=\"flex-basis:33.33%\"><div class=\"wp-block-image\">\n<figure class=\"aligncenter size-full is-resized\"><a href=\"https:\/\/asso.graie.org\/portail\/dispositifs-de-recherche\/osr\/\"><img decoding=\"async\" loading=\"lazy\" width=\"261\" height=\"272\" src=\"https:\/\/asso.graie.org\/portail\/wp-content\/uploads\/2022\/07\/OSR_logo_02_Mini_Couleurs.png\" alt=\"\" class=\"wp-image-20609\" style=\"width:171px;height:178px\"\/><\/a><\/figure><\/div><\/div>\n\n\n\n<div class=\"wp-block-column is-layout-flow wp-block-column-is-layout-flow\" style=\"flex-basis:66.66%\">\n<div style=\"height:45px\" aria-hidden=\"true\" class=\"wp-block-spacer\"><\/div>\n\n\n\n<h2 class=\"wp-block-heading\"><a href=\"https:\/\/asso.graie.org\/portail\/dispositifsderecherche\/osr\/\"><strong>OSR<\/strong><\/a><strong> | Observatoire des s\u00e9diments du Rh\u00f4ne<\/strong><\/h2>\n\n\n\n<p><em>Sur la caract\u00e9risation des stocks, des flux s\u00e9dimentaires et des pollutions associ\u00e9es aux s\u00e9diments<\/em><\/p>\n<\/div>\n<\/div>\n\n\n\n<div class=\"wp-block-columns is-layout-flex wp-container-12 wp-block-columns-is-layout-flex\">\n<div class=\"wp-block-column is-layout-flow wp-block-column-is-layout-flow\" style=\"flex-basis:33.33%\">\n<div style=\"height:21px\" aria-hidden=\"true\" class=\"wp-block-spacer\"><\/div>\n\n\n<div class=\"wp-block-image\">\n<figure class=\"aligncenter size-full is-resized\"><a href=\"https:\/\/asso.graie.org\/portail\/recherche\/rhoneco\/\" target=\"_blank\" rel=\"noopener\"><img decoding=\"async\" loading=\"lazy\" width=\"194\" height=\"110\" src=\"https:\/\/asso.graie.org\/portail\/wp-content\/uploads\/2022\/09\/RhonEco_logo_02_Mini_Sign.png\" alt=\"\" class=\"wp-image-21027\" style=\"width:138px;height:78px\"\/><\/a><\/figure><\/div><\/div>\n\n\n\n<div class=\"wp-block-column is-layout-flow wp-block-column-is-layout-flow\" style=\"flex-basis:66.66%\">\n<h2 class=\"wp-block-heading\"><strong><a href=\"https:\/\/asso.graie.org\/portail\/recherche\/rhoneco\/\">Rh\u00f4nEco<\/a><\/strong><\/h2>\n\n\n\n<p>Su<em>r le d\u00e9veloppement et le suivi d&rsquo;indicateurs des effets de la restauration hydraulique et \u00e9cologique du Rh\u00f4ne<\/em><\/p>\n<\/div>\n<\/div>\n\n\n\n<div style=\"height:24px\" aria-hidden=\"true\" class=\"wp-block-spacer\"><\/div>\n\n\n\n<div class=\"wp-block-columns is-layout-flex wp-container-15 wp-block-columns-is-layout-flex\">\n<div class=\"wp-block-column is-layout-flow wp-block-column-is-layout-flow\" style=\"flex-basis:33.33%\"><div class=\"wp-block-image\">\n<figure class=\"aligncenter size-full is-resized\"><a href=\"https:\/\/asso.graie.org\/portail\/dispositifs-de-recherche\/othu\/\"><img decoding=\"async\" loading=\"lazy\" width=\"135\" height=\"80\" src=\"https:\/\/asso.graie.org\/portail\/wp-content\/uploads\/2017\/08\/LogoOTHU.jpg\" alt=\"Logo OTHU\" class=\"wp-image-2864\" style=\"width:213px;height:120px\"\/><\/a><\/figure><\/div><\/div>\n\n\n\n<div class=\"wp-block-column is-layout-flow wp-block-column-is-layout-flow\" style=\"flex-basis:66.66%\">\n<h2 class=\"wp-block-heading\"><a href=\"https:\/\/asso.graie.org\/portail\/dispositifsderecherche\/othu\/\"><strong>OTHU<\/strong><\/a><strong> |<\/strong> <strong>Observatoire de terrain en hydrologie urbaine<\/strong><\/h2>\n\n\n\n<p><em>Sur les rejets urbains et leurs impacts sur les milieux r\u00e9cepteurs notamment par temps de pluie<\/em><\/p>\n<\/div>\n<\/div>\n\n\n\n<div style=\"height:34px\" aria-hidden=\"true\" class=\"wp-block-spacer\"><\/div>\n\n\n\n<p>Au travers de l&rsquo;OTHU, le Graie anime des programmes de recherche vari\u00e9s :<\/p>\n\n\n\n<div class=\"wp-block-columns is-layout-flex wp-container-18 wp-block-columns-is-layout-flex\">\n<div class=\"wp-block-column is-layout-flow wp-block-column-is-layout-flow\" style=\"flex-basis:33.33%\">\n<div style=\"height:20px\" aria-hidden=\"true\" class=\"wp-block-spacer\"><\/div>\n\n\n<div class=\"wp-block-image\">\n<figure class=\"aligncenter size-full is-resized\"><a href=\"https:\/\/www.graie.org\/othu\/progr_cheapeau.htm\"><img decoding=\"async\" loading=\"lazy\" width=\"151\" height=\"158\" src=\"https:\/\/asso.graie.org\/portail\/wp-content\/uploads\/2022\/09\/cheapeau.png\" alt=\"\" class=\"wp-image-21357\" style=\"width:129px;height:137px\"\/><\/a><\/figure><\/div><\/div>\n\n\n\n<div class=\"wp-block-column is-layout-flow wp-block-column-is-layout-flow\" style=\"flex-basis:66.66%\">\n<div style=\"height:46px\" aria-hidden=\"true\" class=\"wp-block-spacer\"><\/div>\n\n\n\n<h2 class=\"wp-block-heading\"><strong><a href=\"https:\/\/www.graie.org\/othu\/progr_cheapeau.htm\">CHEAP&rsquo;EAU<\/a><\/strong><\/h2>\n\n\n\n<p>Sur les solutions innovantes \u00e0 bas co\u00fbt pour le suivi des syst\u00e8mes de gestion des eaux urbaines<\/p>\n<\/div>\n<\/div>\n\n\n\n<div class=\"wp-block-columns is-layout-flex wp-container-21 wp-block-columns-is-layout-flex\">\n<div class=\"wp-block-column is-layout-flow wp-block-column-is-layout-flow\" style=\"flex-basis:33.33%\"><div class=\"wp-block-image\">\n<figure class=\"aligncenter size-full is-resized\"><a href=\"https:\/\/www.graie.org\/othu\/progr_desir.htm\" class=\"broken_link\"><img decoding=\"async\" loading=\"lazy\" width=\"342\" height=\"219\" src=\"https:\/\/asso.graie.org\/portail\/wp-content\/uploads\/2022\/09\/DESIR.png\" alt=\"\" class=\"wp-image-21361\" style=\"width:229px;height:146px\" srcset=\"https:\/\/asso.graie.org\/portail\/wp-content\/uploads\/2022\/09\/DESIR.png 342w, https:\/\/asso.graie.org\/portail\/wp-content\/uploads\/2022\/09\/DESIR-300x192.png 300w\" sizes=\"(max-width: 342px) 100vw, 342px\" \/><\/a><\/figure><\/div><\/div>\n\n\n\n<div class=\"wp-block-column is-layout-flow wp-block-column-is-layout-flow\" style=\"flex-basis:66.66%\">\n<div style=\"height:45px\" aria-hidden=\"true\" class=\"wp-block-spacer\"><\/div>\n\n\n\n<h2 class=\"wp-block-heading\"><a href=\"https:\/\/www.graie.org\/othu\/progr_desir.htm\" class=\"broken_link\"><strong>DESIR<\/strong><\/a><\/h2>\n\n\n\n<p><em>Sur les strat\u00e9gies de gestion durable des s\u00e9diments de bassins d&rsquo;infiltration et de r\u00e9tention des eaux pluviales<\/em><\/p>\n<\/div>\n<\/div>\n\n\n\n<div class=\"wp-block-columns is-layout-flex wp-container-24 wp-block-columns-is-layout-flex\">\n<div class=\"wp-block-column is-layout-flow wp-block-column-is-layout-flow\" style=\"flex-basis:33.33%\"><div class=\"wp-block-image\">\n<figure class=\"aligncenter size-full\"><img decoding=\"async\" loading=\"lazy\" width=\"123\" height=\"118\" src=\"https:\/\/asso.graie.org\/portail\/wp-content\/uploads\/2022\/09\/NoGas.png\" alt=\"\" class=\"wp-image-21366\"\/><\/figure><\/div><\/div>\n\n\n\n<div class=\"wp-block-column is-layout-flow wp-block-column-is-layout-flow\" style=\"flex-basis:66.66%\">\n<div style=\"height:22px\" aria-hidden=\"true\" class=\"wp-block-spacer\"><\/div>\n\n\n\n<h2 class=\"wp-block-heading\"><strong>NoGas<\/strong><\/h2>\n\n\n\n<p><em>Sur l&rsquo;\u00e9limination &#8211; \u00e0 l&rsquo;aide de solutions naturelles &#8211; des gaz toxiques et corrosifs produits en r\u00e9seau d&rsquo;assainissement urbain<\/em><\/p>\n<\/div>\n<\/div>\n\n\n\n<div class=\"wp-block-columns is-layout-flex wp-container-27 wp-block-columns-is-layout-flex\">\n<div class=\"wp-block-column is-layout-flow wp-block-column-is-layout-flow\" style=\"flex-basis:33.33%\"><div class=\"wp-block-image\">\n<figure class=\"aligncenter size-full\"><img decoding=\"async\" loading=\"lazy\" width=\"123\" height=\"118\" src=\"https:\/\/asso.graie.org\/portail\/wp-content\/uploads\/2022\/09\/NoGas.png\" alt=\"\" class=\"wp-image-21366\"\/><\/figure><\/div><\/div>\n\n\n\n<div class=\"wp-block-column is-layout-flow wp-block-column-is-layout-flow\" style=\"flex-basis:66.66%\">\n<h2 class=\"wp-block-heading\"><strong>DoMIC<\/strong><\/h2>\n\n\n\n<p><em>Sur des indicateurs de performance des changements de pratique de surverse de d\u00e9versoirs d&rsquo;orage sur l&rsquo;\u00e9tat \u00e9cologique des cours d&rsquo;eau intermittents<\/em><\/p>\n<\/div>\n<\/div>\n\n\n\n<div style=\"height:38px\" aria-hidden=\"true\" class=\"wp-block-spacer\"><\/div>\n\n\n\n<p>Enfin, deux programmes sont anim\u00e9s par le Graie dans le domaine des micropolluants :<\/p>\n\n\n\n<div class=\"wp-block-columns is-layout-flex wp-container-30 wp-block-columns-is-layout-flex\">\n<div class=\"wp-block-column is-layout-flow wp-block-column-is-layout-flow\" style=\"flex-basis:33.33%\">\n<figure class=\"wp-block-image size-full\"><a href=\"https:\/\/asso.graie.org\/portail\/dispositifs-de-recherche\/sipibel\/\"><img decoding=\"async\" loading=\"lazy\" width=\"300\" height=\"173\" src=\"https:\/\/asso.graie.org\/portail\/wp-content\/uploads\/2019\/11\/sipibel.png\" alt=\"\" class=\"wp-image-14971\"\/><\/a><\/figure>\n<\/div>\n\n\n\n<div class=\"wp-block-column is-layout-flow wp-block-column-is-layout-flow\" style=\"flex-basis:66.66%\">\n<div style=\"height:51px\" aria-hidden=\"true\" class=\"wp-block-spacer\"><\/div>\n\n\n\n<h2 class=\"wp-block-heading\"><a href=\"https:\/\/asso.graie.org\/portail\/dispositifsderecherche\/sipibel\/\"><strong>SIPIBEL |<\/strong><\/a> <strong>Site pilote de Bellecombe<\/strong><\/h2>\n\n\n\n<p><em>Sur les effluents hospitaliers et stations d\u2019\u00e9puration urbaines<\/em><\/p>\n<\/div>\n<\/div>\n\n\n\n<div class=\"wp-block-columns is-layout-flex wp-container-33 wp-block-columns-is-layout-flex\">\n<div class=\"wp-block-column is-layout-flow wp-block-column-is-layout-flow\" style=\"flex-basis:33.33%\">\n<div style=\"height:33px\" aria-hidden=\"true\" class=\"wp-block-spacer\"><\/div>\n\n\n<div class=\"wp-block-image\">\n<figure class=\"aligncenter size-full\"><img decoding=\"async\" loading=\"lazy\" width=\"365\" height=\"138\" src=\"https:\/\/asso.graie.org\/portail\/wp-content\/uploads\/2022\/09\/rismeau.jpg\" alt=\"\" class=\"wp-image-21367\" srcset=\"https:\/\/asso.graie.org\/portail\/wp-content\/uploads\/2022\/09\/rismeau.jpg 365w, https:\/\/asso.graie.org\/portail\/wp-content\/uploads\/2022\/09\/rismeau-300x113.jpg 300w\" sizes=\"(max-width: 365px) 100vw, 365px\" \/><\/figure><\/div><\/div>\n\n\n\n<div class=\"wp-block-column is-layout-flow wp-block-column-is-layout-flow\" style=\"flex-basis:66.66%\">\n<h2 class=\"wp-block-heading\"><strong>RISMEAU | 2 projets :<\/strong><\/h2>\n\n\n\n<ul>\n<li><strong>T\u00e9lesphore <\/strong>: transfert de r\u00e9sidus de m\u00e9dicaments et biocides li\u00e9s aux \u00e9pandages de produits r\u00e9siduaires organiques (2019-2022)<\/li>\n\n\n\n<li><strong>Pers\u00e9phone <\/strong>: impacts \u00e0 court et long terme des r\u00e9sidus de m\u00e9dicaments, biocides, m\u00e9taux lourds et antibior\u00e9sistance li\u00e9s aux \u00e9pandages agricoles sur des organismes terrestres (2019-2022)<\/li>\n<\/ul>\n<\/div>\n<\/div>\n\n\n\n<div style=\"height:47px\" aria-hidden=\"true\" class=\"wp-block-spacer\"><\/div>\n\n\n\n<figure class=\"wp-block-image\"><img decoding=\"async\" loading=\"lazy\" width=\"1200\" height=\"200\" src=\"https:\/\/asso.graie.org\/portail\/wp-content\/uploads\/2017\/06\/MontagePageDispositifsRech.jpg\" alt=\"Dispositifs de recherche\" class=\"wp-image-2867\" srcset=\"https:\/\/asso.graie.org\/portail\/wp-content\/uploads\/2017\/06\/MontagePageDispositifsRech.jpg 1200w, https:\/\/asso.graie.org\/portail\/wp-content\/uploads\/2017\/06\/MontagePageDispositifsRech-600x100.jpg 600w, https:\/\/asso.graie.org\/portail\/wp-content\/uploads\/2017\/06\/MontagePageDispositifsRech-300x50.jpg 300w, https:\/\/asso.graie.org\/portail\/wp-content\/uploads\/2017\/06\/MontagePageDispositifsRech-768x128.jpg 768w, https:\/\/asso.graie.org\/portail\/wp-content\/uploads\/2017\/06\/MontagePageDispositifsRech-1024x171.jpg 1024w\" sizes=\"(max-width: 1200px) 100vw, 1200px\" \/><\/figure>\n\n\n\n<p>Le Graie s\u2019engage aupr\u00e8s des groupements de recherche pluridisciplinaires pour animer et valoriser des <a href=\"https:\/\/asso.graie.org\/portail\/productions\/nos-sites-web\/\">programmes d&rsquo;\u00e9tude et de recherche<\/a> d\u00e9velopp\u00e9s en appui sur ces dispositifs.<\/p>\n\n\n\n<div style=\"height:34px\" aria-hidden=\"true\" class=\"wp-block-spacer\"><\/div>\n\n\n\n<h2 class=\"wp-block-heading\"><strong>La plus-value du Graie :<\/strong><\/h2>\n\n\n\n<ul>\n<li>Interface entre les chercheurs et acteurs op\u00e9rationnels pour le montage et\/ou la coordination de projets<\/li>\n\n\n\n<li>Animation, coordination et secr\u00e9tariat g\u00e9n\u00e9ral<\/li>\n\n\n\n<li>Selon les dispositifs, gestion des donn\u00e9es techniques<\/li>\n\n\n\n<li>Valorisation et transfert des connaissances produites notamment via les sites internet des dispositifs, des lettres d\u2019actualit\u00e9s, des documents de synth\u00e8se.<\/li>\n<\/ul>\n\n\n\n<div style=\"height:34px\" aria-hidden=\"true\" class=\"wp-block-spacer\"><\/div>\n","protected":false},"excerpt":{"rendered":"<p>La connaissance, ressource pour l&rsquo;innovation Pour le Graie, la connaissance scientifique est un socle strat\u00e9gique pour \u00e9valuer des r\u00e9alisations et des modalit\u00e9s de gestion, tester des dispositifs, et adapter l\u2019\u00e9volution des pratiques li\u00e9es \u00e0 l\u2019eau. Animateur d\u2019une quinzaine de programmes &hellip;<\/p>\n","protected":false},"author":1,"featured_media":0,"parent":0,"menu_order":0,"comment_status":"closed","ping_status":"closed","template":"","meta":{"_mi_skip_tracking":false,"footnotes":""},"acf":[],"yoast_head":"<!-- This site is optimized with the Yoast SEO plugin v19.13 - https:\/\/yoast.com\/wordpress\/plugins\/seo\/ -->\n<title>Recherche | Le Graie<\/title>\n<meta name=\"description\" content=\"Le Graie anime six dispositifs de recherche pluridisciplinaires : la ZABR, l&#039;OHM VR, l&#039;OSR, l&#039;OTHU et SIPIBEL et plusieurs programmes.\" \/>\n<meta name=\"robots\" content=\"index, follow, max-snippet:-1, max-image-preview:large, max-video-preview:-1\" \/>\n<link rel=\"canonical\" href=\"https:\/\/asso.graie.org\/portail\/recherche\/\" \/>\n<meta property=\"og:locale\" content=\"fr_FR\" \/>\n<meta property=\"og:type\" content=\"article\" \/>\n<meta property=\"og:title\" content=\"Recherche | Le Graie\" \/>\n<meta property=\"og:description\" content=\"Le Graie anime six dispositifs de recherche pluridisciplinaires : la ZABR, l&#039;OHM VR, l&#039;OSR, l&#039;OTHU et SIPIBEL et plusieurs programmes.\" \/>\n<meta property=\"og:url\" content=\"https:\/\/asso.graie.org\/portail\/recherche\/\" \/>\n<meta property=\"og:site_name\" content=\"Graie\" \/>\n<meta property=\"article:modified_time\" content=\"2024-03-01T15:49:52+00:00\" \/>\n<meta property=\"og:image\" content=\"https:\/\/asso.graie.org\/portail\/wp-content\/uploads\/2019\/03\/logo-ZA-ZABR_sans_s-e1558100464559.png\" \/>\n<meta name=\"twitter:card\" content=\"summary_large_image\" \/>\n<meta name=\"twitter:site\" content=\"@asso_graie\" \/>\n<meta name=\"twitter:label1\" content=\"Dur\u00e9e de lecture estim\u00e9e\" \/>\n\t<meta name=\"twitter:data1\" content=\"5 minutes\" \/>\n<script type=\"application\/ld+json\" class=\"yoast-schema-graph\">{\"@context\":\"https:\/\/schema.org\",\"@graph\":[{\"@type\":\"WebPage\",\"@id\":\"https:\/\/asso.graie.org\/portail\/recherche\/\",\"url\":\"https:\/\/asso.graie.org\/portail\/recherche\/\",\"name\":\"Recherche | Le Graie\",\"isPartOf\":{\"@id\":\"https:\/\/asso.graie.org\/portail\/#website\"},\"datePublished\":\"2017-06-28T13:02:07+00:00\",\"dateModified\":\"2024-03-01T15:49:52+00:00\",\"description\":\"Le Graie anime six dispositifs de recherche pluridisciplinaires : la ZABR, l'OHM VR, l'OSR, l'OTHU et SIPIBEL et plusieurs programmes.\",\"breadcrumb\":{\"@id\":\"https:\/\/asso.graie.org\/portail\/recherche\/#breadcrumb\"},\"inLanguage\":\"fr-FR\",\"potentialAction\":[{\"@type\":\"ReadAction\",\"target\":[\"https:\/\/asso.graie.org\/portail\/recherche\/\"]}]},{\"@type\":\"BreadcrumbList\",\"@id\":\"https:\/\/asso.graie.org\/portail\/recherche\/#breadcrumb\",\"itemListElement\":[{\"@type\":\"ListItem\",\"position\":1,\"name\":\"Accueil\",\"item\":\"https:\/\/asso.graie.org\/portail\/\"},{\"@type\":\"ListItem\",\"position\":2,\"name\":\"Recherche\"}]},{\"@type\":\"WebSite\",\"@id\":\"https:\/\/asso.graie.org\/portail\/#website\",\"url\":\"https:\/\/asso.graie.org\/portail\/\",\"name\":\"Graie\",\"description\":\"P\u00f4le Eau et Territoires\",\"publisher\":{\"@id\":\"https:\/\/asso.graie.org\/portail\/#organization\"},\"potentialAction\":[{\"@type\":\"SearchAction\",\"target\":{\"@type\":\"EntryPoint\",\"urlTemplate\":\"https:\/\/asso.graie.org\/portail\/?s={search_term_string}\"},\"query-input\":\"required name=search_term_string\"}],\"inLanguage\":\"fr-FR\"},{\"@type\":\"Organization\",\"@id\":\"https:\/\/asso.graie.org\/portail\/#organization\",\"name\":\"Le Graie\",\"url\":\"https:\/\/asso.graie.org\/portail\/\",\"logo\":{\"@type\":\"ImageObject\",\"inLanguage\":\"fr-FR\",\"@id\":\"https:\/\/asso.graie.org\/portail\/#\/schema\/logo\/image\/\",\"url\":\"https:\/\/asso.graie.org\/portail\/wp-content\/uploads\/2021\/12\/Logotype-Graie.png\",\"contentUrl\":\"https:\/\/asso.graie.org\/portail\/wp-content\/uploads\/2021\/12\/Logotype-Graie.png\",\"width\":1890,\"height\":1181,\"caption\":\"Le Graie\"},\"image\":{\"@id\":\"https:\/\/asso.graie.org\/portail\/#\/schema\/logo\/image\/\"},\"sameAs\":[\"https:\/\/fr.linkedin.com\/company\/graie?trk=top_nav_home\",\"https:\/\/www.youtube.com\/channel\/UCZQk0Tt7upYwERYNdDIZqLQ\",\"https:\/\/twitter.com\/asso_graie\"]}]}<\/script>\n<!-- \/ Yoast SEO plugin. -->","yoast_head_json":{"title":"Recherche | Le Graie","description":"Le Graie anime six dispositifs de recherche pluridisciplinaires : la ZABR, l'OHM VR, l'OSR, l'OTHU et SIPIBEL et plusieurs programmes.","robots":{"index":"index","follow":"follow","max-snippet":"max-snippet:-1","max-image-preview":"max-image-preview:large","max-video-preview":"max-video-preview:-1"},"canonical":"https:\/\/asso.graie.org\/portail\/recherche\/","og_locale":"fr_FR","og_type":"article","og_title":"Recherche | Le Graie","og_description":"Le Graie anime six dispositifs de recherche pluridisciplinaires : la ZABR, l'OHM VR, l'OSR, l'OTHU et SIPIBEL et plusieurs programmes.","og_url":"https:\/\/asso.graie.org\/portail\/recherche\/","og_site_name":"Graie","article_modified_time":"2024-03-01T15:49:52+00:00","og_image":[{"url":"https:\/\/asso.graie.org\/portail\/wp-content\/uploads\/2019\/03\/logo-ZA-ZABR_sans_s-e1558100464559.png"}],"twitter_card":"summary_large_image","twitter_site":"@asso_graie","twitter_misc":{"Dur\u00e9e de lecture estim\u00e9e":"5 minutes"},"schema":{"@context":"https:\/\/schema.org","@graph":[{"@type":"WebPage","@id":"https:\/\/asso.graie.org\/portail\/recherche\/","url":"https:\/\/asso.graie.org\/portail\/recherche\/","name":"Recherche | Le Graie","isPartOf":{"@id":"https:\/\/asso.graie.org\/portail\/#website"},"datePublished":"2017-06-28T13:02:07+00:00","dateModified":"2024-03-01T15:49:52+00:00","description":"Le Graie anime six dispositifs de recherche pluridisciplinaires : la ZABR, l'OHM VR, l'OSR, l'OTHU et SIPIBEL et plusieurs programmes.","breadcrumb":{"@id":"https:\/\/asso.graie.org\/portail\/recherche\/#breadcrumb"},"inLanguage":"fr-FR","potentialAction":[{"@type":"ReadAction","target":["https:\/\/asso.graie.org\/portail\/recherche\/"]}]},{"@type":"BreadcrumbList","@id":"https:\/\/asso.graie.org\/portail\/recherche\/#breadcrumb","itemListElement":[{"@type":"ListItem","position":1,"name":"Accueil","item":"https:\/\/asso.graie.org\/portail\/"},{"@type":"ListItem","position":2,"name":"Recherche"}]},{"@type":"WebSite","@id":"https:\/\/asso.graie.org\/portail\/#website","url":"https:\/\/asso.graie.org\/portail\/","name":"Graie","description":"P\u00f4le Eau et Territoires","publisher":{"@id":"https:\/\/asso.graie.org\/portail\/#organization"},"potentialAction":[{"@type":"SearchAction","target":{"@type":"EntryPoint","urlTemplate":"https:\/\/asso.graie.org\/portail\/?s={search_term_string}"},"query-input":"required name=search_term_string"}],"inLanguage":"fr-FR"},{"@type":"Organization","@id":"https:\/\/asso.graie.org\/portail\/#organization","name":"Le Graie","url":"https:\/\/asso.graie.org\/portail\/","logo":{"@type":"ImageObject","inLanguage":"fr-FR","@id":"https:\/\/asso.graie.org\/portail\/#\/schema\/logo\/image\/","url":"https:\/\/asso.graie.org\/portail\/wp-content\/uploads\/2021\/12\/Logotype-Graie.png","contentUrl":"https:\/\/asso.graie.org\/portail\/wp-content\/uploads\/2021\/12\/Logotype-Graie.png","width":1890,"height":1181,"caption":"Le Graie"},"image":{"@id":"https:\/\/asso.graie.org\/portail\/#\/schema\/logo\/image\/"},"sameAs":["https:\/\/fr.linkedin.com\/company\/graie?trk=top_nav_home","https:\/\/www.youtube.com\/channel\/UCZQk0Tt7upYwERYNdDIZqLQ","https:\/\/twitter.com\/asso_graie"]}]}},"_links":{"self":[{"href":"https:\/\/asso.graie.org\/portail\/wp-json\/wp\/v2\/pages\/1098"}],"collection":[{"href":"https:\/\/asso.graie.org\/portail\/wp-json\/wp\/v2\/pages"}],"about":[{"href":"https:\/\/asso.graie.org\/portail\/wp-json\/wp\/v2\/types\/page"}],"author":[{"embeddable":true,"href":"https:\/\/asso.graie.org\/portail\/wp-json\/wp\/v2\/users\/1"}],"replies":[{"embeddable":true,"href":"https:\/\/asso.graie.org\/portail\/wp-json\/wp\/v2\/comments?post=1098"}],"version-history":[{"count":18,"href":"https:\/\/asso.graie.org\/portail\/wp-json\/wp\/v2\/pages\/1098\/revisions"}],"predecessor-version":[{"id":25591,"href":"https:\/\/asso.graie.org\/portail\/wp-json\/wp\/v2\/pages\/1098\/revisions\/25591"}],"wp:attachment":[{"href":"https:\/\/asso.graie.org\/portail\/wp-json\/wp\/v2\/media?parent=1098"}],"curies":[{"name":"wp","href":"https:\/\/api.w.org\/{rel}","templated":true}]}}