{"id":1135,"date":"2017-06-28T16:13:43","date_gmt":"2017-06-28T14:13:43","guid":{"rendered":"https:\/\/asso.graie.org\/portail\/?page_id=1135"},"modified":"2021-11-03T11:28:06","modified_gmt":"2021-11-03T10:28:06","slug":"mentions-legales","status":"publish","type":"page","link":"https:\/\/asso.graie.org\/portail\/mentions-legales\/","title":{"rendered":"Mentions l\u00e9gales"},"content":{"rendered":"<h2>Mentions l\u00e9gales<\/h2>\n<p><strong>GRAIE<br \/>\n<\/strong>Association loi 1901 &#8211; N\u00b0 SIRET 338 492 069\u00a000038 &#8211; CODE APE : 7219 Z<br \/>\nSi\u00e8ge social\u00a0: Campus LyonTech la Doua &#8211; 66 boulevard Niels Bohr &#8211; CS 52132 &#8211; 69603 Villeurbanne Cedex<br \/>\nContact\u00a0: 04 72 43 83 68 &#8211; <a href=\"mailto:asso@graie.org\">asso@graie.org<\/a><br \/>\nDirecteur de la publication\u00a0: \u00c9lodie Brelot, Graie<br \/>\nH\u00e9bergeur du site\u00a0: OVH &#8211; 2 rue Kellermann &#8211; 59100 Roubaix<br \/>\nConception et r\u00e9alisation du site\u00a0: Adrien Gervet &#8211; www.ruegermain.com<br \/>\nCMS\u00a0: site r\u00e9alis\u00e9 sous WordPress en 2017<\/p>\n\n\t\t<div class=\"clearfix\"><\/div>\n\t\t<hr style=\"margin-top:20px; margin-bottom:20px;\" class=\"divider divider-solid\">\n\t\n<h2><strong>Conditions d\u2019utilisation du site www.graie.org<\/strong><\/h2>\n<h3><\/h3>\n<h3>Messagerie<\/h3>\n<p>Les messages envoy\u00e9s sur le r\u00e9seau Internet peuvent \u00eatre intercept\u00e9s. Ne divulguez pas d\u2019informations personnelles inutiles ou sensibles. Si vous souhaitez nous communiquer de telles informations, utilisez imp\u00e9rativement la voie postale.<br \/>\nLes messages \u00e9lectroniques sont conserv\u00e9s 3 mois maximum. Vous disposez d\u2019un droit d\u2019acc\u00e8s, de modification, de rectification et de suppression des donn\u00e9es qui vous concernent (art. 34 de la loi \u00ab\u00a0Informatique et Libert\u00e9s\u00a0\u00bb du 6 janvier 1978).<\/p>\n<p>&nbsp;<\/p>\n<h3>Propri\u00e9t\u00e9 intellectuelle<\/h3>\n<p>L\u2019ensemble de ce site rel\u00e8ve de la l\u00e9gislation fran\u00e7aise et internationale sur le droit d\u2019auteur et la propri\u00e9t\u00e9 intellectuelle. Tous les droits de reproduction sont r\u00e9serv\u00e9s, y compris pour les documents t\u00e9l\u00e9chargeables et les repr\u00e9sentations iconographiques et photographiques.<\/p>\n<p>La reproduction de tout ou partie de ce site sur un support \u00e9lectronique quel qu\u2019il soit est formellement interdite sauf autorisation expresse du directeur de la publication. La reproduction des documents sur un support papier est autoris\u00e9e pour des fins personnelles, p\u00e9dagogiques, associatives ou professionnelles et sous r\u00e9serve du respect des trois conditions suivantes :<br \/>\n\u2022 gratuit\u00e9 de la diffusion<br \/>\n\u2022 respect de l\u2019int\u00e9grit\u00e9 des documents reproduits : pas de modification ni alt\u00e9ration d\u2019aucune sorte<br \/>\n\u2022 citation claire et lisible de la source indiquant le nom \u00ab\u00a0Graie\u00a0\u00bb, l\u2019adresse internet du site web : www.graie.org et la mention : \u00ab\u00a0Droits de reproduction r\u00e9serv\u00e9s et strictement limit\u00e9s\u00a0\u00bb.<\/p>\n<p>Toutes diffusions ou utilisations \u00e0 des fins commerciales ou publicitaires des informations sont strictement interdites. Pour d\u2019autres utilisations, veuillez nous consulter.<\/p>\n<p>&nbsp;<\/p>\n<h3>Liens hypertextes<\/h3>\n<p>Le site du Graie contient des liens hypertextes permettant d\u2019acc\u00e9der \u00e0 des sites internet non \u00e9dit\u00e9s par le Graie. Le Graie n\u2019exerce aucun contr\u00f4le sur les contenus des dits sites et d\u00e9cline toute responsabilit\u00e9 notamment s\u2019agissant de leur contenu.<\/p>\n<p>Tout site public ou priv\u00e9 est autoris\u00e9 \u00e0 \u00e9tablir, sans autorisation pr\u00e9alable, un lien vers les informations diffus\u00e9es par le Graie. En revanche, les pages du site ne doivent pas \u00eatre imbriqu\u00e9es \u00e0 l\u2019int\u00e9rieur des pages d\u2019un autre site.<\/p>\n<p>L\u2019autorisation de mise en place d\u2019un lien est valable pour tout support, \u00e0 l\u2019exception de ceux diffusant des informations \u00e0 caract\u00e8re pol\u00e9mique, pornographique, x\u00e9nophobe ou pouvant, dans une plus large mesure, porter atteinte \u00e0 la sensibilit\u00e9 du plus grand nombre.<\/p>\n<p>&nbsp;<\/p>\n<h3>Cr\u00e9dits photographiques<\/h3>\n<p>Toutes les images pr\u00e9sentes sur ce site web sont soumises \u00e0 un copyright. Elles ne peuvent \u00eatre dupliqu\u00e9es ou utilis\u00e9es sans l&rsquo;autorisation du Graie.<\/p>\n<p>&nbsp;<\/p>\n<h3>Responsabilit\u00e9 du Graie<\/h3>\n<p>Malgr\u00e9 tout le soin apport\u00e9 \u00e0 l\u2019actualisation et \u00e0 la v\u00e9rification des contenus, les documents mis en ligne ne sauraient engager la responsabilit\u00e9 du Graie.<\/p>\n<p>Les informations et\/ou documents disponibles sur ce site sont susceptibles d\u2019\u00eatre modifi\u00e9s \u00e0 tout moment, et peuvent faire l\u2019objet de mises \u00e0 jour.<\/p>\n<p>Le Graie ne pourra en aucun cas \u00eatre tenu responsable de tout dommage de quelque nature qu\u2019il soit r\u00e9sultant de l\u2019interpr\u00e9tation ou de l\u2019utilisation des informations et\/ou documents disponibles sur ce site.<\/p>\n<p>&nbsp;<\/p>\n<h3>Droit applicable<\/h3>\n<p>Quel que soit le lieu d\u2019utilisation, le pr\u00e9sent site est r\u00e9gi par le droit fran\u00e7ais. En cas de contestation \u00e9ventuelle, et apr\u00e8s l\u2019\u00e9chec de toute tentative de recherche d\u2019une solution amiable, les tribunaux fran\u00e7ais seront seuls comp\u00e9tents pour conna\u00eetre de ce litige.<\/p>\n<p>Ce site est soumis \u00e0 la loi fran\u00e7aise du 6 janvier 1978.<br \/>\nConform\u00e9ment \u00e0 l&rsquo;article 34 de la loi \u00ab\u00a0Informatique et Libert\u00e9s\u00a0\u00bb n\u00b078-17 du 6 janvier 1978, vous disposez d&rsquo;un droit d&rsquo;acc\u00e8s, de rectification, de modification et de suppression concernant les donn\u00e9es qui vous concernent. Vous pouvez exercer ce droit par courrier \u00e9lectronique ou par courrier postal :<\/p>\n<p><strong>GRAIE<br \/>\n<\/strong>Campus LyonTech la Doua<br \/>\n66 bd Niels Bohr &#8211; CS 52132<br \/>\n69603 Villeurbanne Cedex<br \/>\n<a href=\"mailto:asso@graie.org\">asso@graie.org<\/a><\/p>\n<p>&nbsp;<\/p>\n<h3>Acceptation des conditions d\u2019utilisation<\/h3>\n<p>L\u2019utilisateur reconna\u00eet avoir pris connaissance des conditions d\u2019utilisation, au moment de sa connexion vers le site du Graie et d\u00e9clare express\u00e9ment les accepter sans r\u00e9serve.<\/p>\n<p>&nbsp;<\/p>\n<h3>Modifications des conditions g\u00e9n\u00e9rales d\u2019utilisation<\/h3>\n<p>Le Graie\u00a0se r\u00e9serve la possibilit\u00e9 de modifier, \u00e0 tout moment et sans pr\u00e9avis, les pr\u00e9sentes conditions d\u2019utilisation afin de les adapter aux \u00e9volutions du site et\/ou de son exploitation.<\/p>\n","protected":false},"excerpt":{"rendered":"<p>Mentions l\u00e9gales GRAIE Association loi 1901 &#8211; N\u00b0 SIRET 338 492 069\u00a000038 &#8211; CODE APE : 7219 Z Si\u00e8ge social\u00a0: Campus LyonTech la Doua &#8211; 66 boulevard Niels Bohr &#8211; CS 52132 &#8211; 69603 Villeurbanne Cedex Contact\u00a0: 04 72 43 &hellip;<\/p>\n","protected":false},"author":1,"featured_media":0,"parent":0,"menu_order":0,"comment_status":"closed","ping_status":"closed","template":"","meta":{"_mi_skip_tracking":false,"footnotes":""},"acf":[],"yoast_head":"<!-- This site is optimized with the Yoast SEO plugin v19.13 - https:\/\/yoast.com\/wordpress\/plugins\/seo\/ -->\n<title>Mentions l\u00e9gales | Le Graie<\/title>\n<meta name=\"description\" content=\"Le Graie est une association loi 1901. Consultez ici les mentions l\u00e9gales et conditions d&#039;utilisation du site www.graie.org.\" \/>\n<meta name=\"robots\" content=\"index, follow, max-snippet:-1, max-image-preview:large, max-video-preview:-1\" \/>\n<link rel=\"canonical\" href=\"https:\/\/asso.graie.org\/portail\/mentions-legales\/\" \/>\n<meta property=\"og:locale\" content=\"fr_FR\" \/>\n<meta property=\"og:type\" content=\"article\" \/>\n<meta property=\"og:title\" content=\"Mentions l\u00e9gales | Le Graie\" \/>\n<meta property=\"og:description\" content=\"Le Graie est une association loi 1901. Consultez ici les mentions l\u00e9gales et conditions d&#039;utilisation du site www.graie.org.\" \/>\n<meta property=\"og:url\" content=\"https:\/\/asso.graie.org\/portail\/mentions-legales\/\" \/>\n<meta property=\"og:site_name\" content=\"Graie\" \/>\n<meta property=\"article:modified_time\" content=\"2021-11-03T10:28:06+00:00\" \/>\n<meta name=\"twitter:card\" content=\"summary_large_image\" \/>\n<meta name=\"twitter:site\" content=\"@asso_graie\" \/>\n<meta name=\"twitter:label1\" content=\"Dur\u00e9e de lecture estim\u00e9e\" \/>\n\t<meta name=\"twitter:data1\" content=\"4 minutes\" \/>\n<script type=\"application\/ld+json\" class=\"yoast-schema-graph\">{\"@context\":\"https:\/\/schema.org\",\"@graph\":[{\"@type\":\"WebPage\",\"@id\":\"https:\/\/asso.graie.org\/portail\/mentions-legales\/\",\"url\":\"https:\/\/asso.graie.org\/portail\/mentions-legales\/\",\"name\":\"Mentions l\u00e9gales | Le Graie\",\"isPartOf\":{\"@id\":\"https:\/\/asso.graie.org\/portail\/#website\"},\"datePublished\":\"2017-06-28T14:13:43+00:00\",\"dateModified\":\"2021-11-03T10:28:06+00:00\",\"description\":\"Le Graie est une association loi 1901. Consultez ici les mentions l\u00e9gales et conditions d'utilisation du site www.graie.org.\",\"breadcrumb\":{\"@id\":\"https:\/\/asso.graie.org\/portail\/mentions-legales\/#breadcrumb\"},\"inLanguage\":\"fr-FR\",\"potentialAction\":[{\"@type\":\"ReadAction\",\"target\":[\"https:\/\/asso.graie.org\/portail\/mentions-legales\/\"]}]},{\"@type\":\"BreadcrumbList\",\"@id\":\"https:\/\/asso.graie.org\/portail\/mentions-legales\/#breadcrumb\",\"itemListElement\":[{\"@type\":\"ListItem\",\"position\":1,\"name\":\"Accueil\",\"item\":\"https:\/\/asso.graie.org\/portail\/\"},{\"@type\":\"ListItem\",\"position\":2,\"name\":\"Mentions l\u00e9gales\"}]},{\"@type\":\"WebSite\",\"@id\":\"https:\/\/asso.graie.org\/portail\/#website\",\"url\":\"https:\/\/asso.graie.org\/portail\/\",\"name\":\"Graie\",\"description\":\"P\u00f4le Eau et Territoires\",\"publisher\":{\"@id\":\"https:\/\/asso.graie.org\/portail\/#organization\"},\"potentialAction\":[{\"@type\":\"SearchAction\",\"target\":{\"@type\":\"EntryPoint\",\"urlTemplate\":\"https:\/\/asso.graie.org\/portail\/?s={search_term_string}\"},\"query-input\":\"required name=search_term_string\"}],\"inLanguage\":\"fr-FR\"},{\"@type\":\"Organization\",\"@id\":\"https:\/\/asso.graie.org\/portail\/#organization\",\"name\":\"Le Graie\",\"url\":\"https:\/\/asso.graie.org\/portail\/\",\"logo\":{\"@type\":\"ImageObject\",\"inLanguage\":\"fr-FR\",\"@id\":\"https:\/\/asso.graie.org\/portail\/#\/schema\/logo\/image\/\",\"url\":\"https:\/\/asso.graie.org\/portail\/wp-content\/uploads\/2021\/12\/Logotype-Graie.png\",\"contentUrl\":\"https:\/\/asso.graie.org\/portail\/wp-content\/uploads\/2021\/12\/Logotype-Graie.png\",\"width\":1890,\"height\":1181,\"caption\":\"Le Graie\"},\"image\":{\"@id\":\"https:\/\/asso.graie.org\/portail\/#\/schema\/logo\/image\/\"},\"sameAs\":[\"https:\/\/fr.linkedin.com\/company\/graie?trk=top_nav_home\",\"https:\/\/www.youtube.com\/channel\/UCZQk0Tt7upYwERYNdDIZqLQ\",\"https:\/\/twitter.com\/asso_graie\"]}]}<\/script>\n<!-- \/ Yoast SEO plugin. -->","yoast_head_json":{"title":"Mentions l\u00e9gales | Le Graie","description":"Le Graie est une association loi 1901. Consultez ici les mentions l\u00e9gales et conditions d'utilisation du site www.graie.org.","robots":{"index":"index","follow":"follow","max-snippet":"max-snippet:-1","max-image-preview":"max-image-preview:large","max-video-preview":"max-video-preview:-1"},"canonical":"https:\/\/asso.graie.org\/portail\/mentions-legales\/","og_locale":"fr_FR","og_type":"article","og_title":"Mentions l\u00e9gales | Le Graie","og_description":"Le Graie est une association loi 1901. Consultez ici les mentions l\u00e9gales et conditions d'utilisation du site www.graie.org.","og_url":"https:\/\/asso.graie.org\/portail\/mentions-legales\/","og_site_name":"Graie","article_modified_time":"2021-11-03T10:28:06+00:00","twitter_card":"summary_large_image","twitter_site":"@asso_graie","twitter_misc":{"Dur\u00e9e de lecture estim\u00e9e":"4 minutes"},"schema":{"@context":"https:\/\/schema.org","@graph":[{"@type":"WebPage","@id":"https:\/\/asso.graie.org\/portail\/mentions-legales\/","url":"https:\/\/asso.graie.org\/portail\/mentions-legales\/","name":"Mentions l\u00e9gales | Le Graie","isPartOf":{"@id":"https:\/\/asso.graie.org\/portail\/#website"},"datePublished":"2017-06-28T14:13:43+00:00","dateModified":"2021-11-03T10:28:06+00:00","description":"Le Graie est une association loi 1901. Consultez ici les mentions l\u00e9gales et conditions d'utilisation du site www.graie.org.","breadcrumb":{"@id":"https:\/\/asso.graie.org\/portail\/mentions-legales\/#breadcrumb"},"inLanguage":"fr-FR","potentialAction":[{"@type":"ReadAction","target":["https:\/\/asso.graie.org\/portail\/mentions-legales\/"]}]},{"@type":"BreadcrumbList","@id":"https:\/\/asso.graie.org\/portail\/mentions-legales\/#breadcrumb","itemListElement":[{"@type":"ListItem","position":1,"name":"Accueil","item":"https:\/\/asso.graie.org\/portail\/"},{"@type":"ListItem","position":2,"name":"Mentions l\u00e9gales"}]},{"@type":"WebSite","@id":"https:\/\/asso.graie.org\/portail\/#website","url":"https:\/\/asso.graie.org\/portail\/","name":"Graie","description":"P\u00f4le Eau et Territoires","publisher":{"@id":"https:\/\/asso.graie.org\/portail\/#organization"},"potentialAction":[{"@type":"SearchAction","target":{"@type":"EntryPoint","urlTemplate":"https:\/\/asso.graie.org\/portail\/?s={search_term_string}"},"query-input":"required name=search_term_string"}],"inLanguage":"fr-FR"},{"@type":"Organization","@id":"https:\/\/asso.graie.org\/portail\/#organization","name":"Le Graie","url":"https:\/\/asso.graie.org\/portail\/","logo":{"@type":"ImageObject","inLanguage":"fr-FR","@id":"https:\/\/asso.graie.org\/portail\/#\/schema\/logo\/image\/","url":"https:\/\/asso.graie.org\/portail\/wp-content\/uploads\/2021\/12\/Logotype-Graie.png","contentUrl":"https:\/\/asso.graie.org\/portail\/wp-content\/uploads\/2021\/12\/Logotype-Graie.png","width":1890,"height":1181,"caption":"Le Graie"},"image":{"@id":"https:\/\/asso.graie.org\/portail\/#\/schema\/logo\/image\/"},"sameAs":["https:\/\/fr.linkedin.com\/company\/graie?trk=top_nav_home","https:\/\/www.youtube.com\/channel\/UCZQk0Tt7upYwERYNdDIZqLQ","https:\/\/twitter.com\/asso_graie"]}]}},"_links":{"self":[{"href":"https:\/\/asso.graie.org\/portail\/wp-json\/wp\/v2\/pages\/1135"}],"collection":[{"href":"https:\/\/asso.graie.org\/portail\/wp-json\/wp\/v2\/pages"}],"about":[{"href":"https:\/\/asso.graie.org\/portail\/wp-json\/wp\/v2\/types\/page"}],"author":[{"embeddable":true,"href":"https:\/\/asso.graie.org\/portail\/wp-json\/wp\/v2\/users\/1"}],"replies":[{"embeddable":true,"href":"https:\/\/asso.graie.org\/portail\/wp-json\/wp\/v2\/comments?post=1135"}],"version-history":[{"count":2,"href":"https:\/\/asso.graie.org\/portail\/wp-json\/wp\/v2\/pages\/1135\/revisions"}],"predecessor-version":[{"id":18841,"href":"https:\/\/asso.graie.org\/portail\/wp-json\/wp\/v2\/pages\/1135\/revisions\/18841"}],"wp:attachment":[{"href":"https:\/\/asso.graie.org\/portail\/wp-json\/wp\/v2\/media?parent=1135"}],"curies":[{"name":"wp","href":"https:\/\/api.w.org\/{rel}","templated":true}]}}