{"id":1137,"date":"2017-06-28T16:13:54","date_gmt":"2017-06-28T14:13:54","guid":{"rendered":"https:\/\/asso.graie.org\/portail\/?page_id=1137"},"modified":"2024-10-01T10:30:59","modified_gmt":"2024-10-01T08:30:59","slug":"presse","status":"publish","type":"page","link":"https:\/\/asso.graie.org\/portail\/presse\/","title":{"rendered":"Espace Presse"},"content":{"rendered":"<h2><strong>Espace Presse<\/strong><\/h2>\n<h3><strong>Nos communiqu\u00e9s et dossiers de presse<\/strong><\/h3>\n<p><strong>Mars 2022<\/strong> | <a href=\"http:\/\/gy9u.mjt.lu\/nl2\/gy9u\/mil3l.html?hl=fr\">Ouverture des inscriptions pour la 4\u00e8me conf\u00e9rence internationale I.S.Rivers<\/a><\/p>\n<p><strong>Novembre 2021<\/strong> | <a href=\"http:\/\/gy9u.mjt.lu\/nl2\/gy9u\/mi084.html?hl=fr\">Synth\u00e8se de la 12\u00e8me conf\u00e9rence Effluents Non Domestiques<\/a><\/p>\n<p><strong>Ao\u00fbt 2021<\/strong> | <a href=\"http:\/\/gy9u.mjt.lu\/nl2\/gy9u\/mixw5.html?hl=fr\">Le Graie prend part au projet europ\u00e9en Co-UdLabs<\/a><\/p>\n<p><strong>Mai 2021<\/strong> | <a href=\"http:\/\/gy9u.mjt.lu\/nl2\/gy9u\/mh910.html?hl=fr\">Publication : SPANC et gestion des Effluents Non Domestiques<\/a><\/p>\n<p><strong>Septembre 2020 | <\/strong><a href=\"http:\/\/gy9u.mjt.lu\/nl2\/gy9u\/mhnt1.html?hl=fr\" target=\"_blank\" rel=\"noopener noreferrer\">Lancement du programme de recherche DESIR 2020-2021. Traitabilit\u00e9 des s\u00e9diments de curage des bassins d&rsquo;eaux pluviales.<\/a><\/p>\n<p><strong>Mai 2019 | <\/strong><a href=\"https:\/\/bit.ly\/2Q2tBZn\">ACCORD-CADRE DE COOP\u00c9RATION entre l&rsquo;agence de l&rsquo;eau Rh\u00f4ne M\u00e9diterran\u00e9e Corse et l\u2019observatoire de terrain en hydrologie urbaine (OTHU) &#8211; Un partenariat de recherche pour aider les collectivit\u00e9s \u00e0 mieux g\u00e9rer les eaux pluviales urbaines<\/a><\/p>\n<p><strong>Avril 2019<\/strong> | <a href=\"http:\/\/gy9u.mjt.lu\/nl2\/gy9u\/mw27h.html?m=AMUAADePBOQAAcaU1owAAGgbxd8AARpaWw4AGiQaAAdm2wBcttbOEesXFtLBSnCYrWLizadnFgAHDfA&amp;b=84b5c66c&amp;e=a649d7bb&amp;x=8niswcNuXgmgQog2IcbQAiilb8-x6YgvfOyXBLTRU1E\" target=\"_blank\" rel=\"noopener noreferrer\">Nouvelles signatures pour des Territoires \u00ab\u00a0Eau-Responsables\u00a0\u00bb le 22 avril 2019<\/a><\/p>\n<p><strong>Mars 2019<\/strong> | <a href=\"http:\/\/gy9u.mjt.lu\/nl2\/gy9u\/l9zt3.html?\">Les acteurs de l&rsquo;ANC dynamiques en Auvergne-Rh\u00f4ne-Alpes | Graie | Qualit&rsquo;ANC<\/a><\/p>\n<p><strong>Novembre 2018<\/strong> | <a href=\"http:\/\/gy9u.mjt.lu\/nl2\/gy9u\/lk5g2.html?\" target=\"_blank\" rel=\"noopener noreferrer\">Renouvellement du partenariat M\u00e9tropole de Lyon | Graie | OTHU<\/a><\/p>\n<p><strong>Mai 2018 <\/strong>| <a href=\"http:\/\/gy9u.mjt.lu\/nl2\/gy9u\/195mq.html?hl=fr\">Pascal Boistard \u00e9lu pr\u00e9sident du Graie<\/a><\/p>\n<p><strong>Avril 2018 <\/strong>| <a href=\"http:\/\/gy9u.mjt.lu\/nl2\/gy9u\/19okh.html?hl=fr\">Les collectivit\u00e9s d\u2019Auvergne-Rh\u00f4ne-Alpes et leurs partenaires s\u2019engagent pour des territoires \u00ab\u00a0Eau-Responsables\u00a0\u00bb<\/a><\/p>\n<p><strong>F\u00e9vrier 2018<\/strong> | <a href=\"http:\/\/gy9u.mjt.lu\/nl2\/gy9u\/1yrz3.html?\" target=\"_blank\" rel=\"noopener noreferrer\">Une charte interd\u00e9partementale pour une ANC de qualit\u00e9<\/a><\/p>\n<p><strong><br \/>\nJuin 2017 <\/strong>| <a href=\"http:\/\/www.graie.org\/graie\/graiedoc\/doc_telech\/GRAIE-OTHU-MetropoleLyon-CP_moustiquesVFIN.pdf\" target=\"_blank\" rel=\"noopener noreferrer\">Une avanc\u00e9e significative dans l\u2019\u00e9tude des liens entre les ouvrages de gestion alternative des eaux pluviales et le d\u00e9veloppement des moustiques tigres<\/a><br \/>\n<strong>\u00a0<\/strong><\/p>\n<p><strong>Mai 2017 <\/strong>| <a href=\"http:\/\/www.graie.org\/graie\/graiedoc\/doc_telech\/GRAIE_CP_lancement-medicamentsdansleau.org-230517.pdf\" target=\"_blank\" rel=\"noopener noreferrer\">Lancement officiel de www.medicamentsdansleau.org &#8211; Un site pour sensibiliser et amorcer le changement sur la question des m\u00e9dicaments dans l\u2019eau<\/a><\/p>\n<p><strong>Avril 2017 <\/strong>| <a href=\"http:\/\/gy9u.mjt.lu\/nl2\/gy9u\/17t6z.html\" target=\"_blank\" rel=\"noopener noreferrer\">Fr\u00e9d\u00e9ric Cherqui \u00e9lu pr\u00e9sident du Graie<\/a><\/p>\n<p><strong><br \/>\nMars 2017 <\/strong>| <a href=\"http:\/\/gy9u.mjt.lu\/nl2\/gy9u\/17li0.html?m=ADwAH7nPwWwAAUq0u_sAAGnlyioAARpaWw4AGjDFAAdm2wBYxptSz5o0dxQGRIm3kLFGlCxuvwAHDfA&amp;b=454ecf86&amp;e=085c34ff&amp;email=assistante@graie.org\" target=\"_blank\" rel=\"noopener noreferrer\">Effluents hospitaliers et stations d\u2019\u00e9puration urbaines : r\u00e9sultats de quatre ann\u00e9es de suivi, d&rsquo;\u00e9tudes et de recherches sur SIPIBEL<\/a><\/p>\n<p><strong>\u00a0<\/strong><\/p>\n<p><strong>\u00a0<\/strong><\/p>\n<h3><strong>La presse parle de nous\u2026<\/strong><\/h3>\n<p><strong><img decoding=\"async\" loading=\"lazy\" class=\"wp-image-20288 size-full alignleft\" src=\"https:\/\/asso.graie.org\/portail\/wp-content\/uploads\/2022\/05\/tsm-300x203.png\" alt=\"\" width=\"135\" height=\"91\" srcset=\"https:\/\/asso.graie.org\/portail\/wp-content\/uploads\/2022\/05\/tsm-300x203.png 300w, https:\/\/asso.graie.org\/portail\/wp-content\/uploads\/2022\/05\/tsm-220x150.png 220w, https:\/\/asso.graie.org\/portail\/wp-content\/uploads\/2022\/05\/tsm.png 745w\" sizes=\"(max-width: 135px) 100vw, 135px\" \/>TSM &#8211; Mars et Mai 2022<\/strong><\/p>\n<p><a href=\"https:\/\/astee-tsm.fr\/\">Inscriptions ouvertes pour la 4\u00e8me conf\u00e9rence internationale I.S.Rivers 2022<\/a><\/p>\n<p><strong><img decoding=\"async\" loading=\"lazy\" class=\"wp-image-20289 size-full alignleft\" src=\"https:\/\/asso.graie.org\/portail\/wp-content\/uploads\/2022\/05\/usbek_et_rica-300x92.png\" alt=\"\" width=\"176\" height=\"54\" srcset=\"https:\/\/asso.graie.org\/portail\/wp-content\/uploads\/2022\/05\/usbek_et_rica-300x92.png 300w, https:\/\/asso.graie.org\/portail\/wp-content\/uploads\/2022\/05\/usbek_et_rica.png 333w\" sizes=\"(max-width: 176px) 100vw, 176px\" \/>Usbek &amp; Rica, cha\u00eene Youtube<br \/>\n<\/strong><a href=\"https:\/\/www.youtube.com\/watch?v=AVy-tJmqH4U\">Tribunal des G\u00e9n\u00e9rations Futures : faut-il sanctionner le g\u00e2chis d&rsquo;eau ?<\/a><\/p>\n<p><strong><img decoding=\"async\" loading=\"lazy\" class=\"wp-image-12960 size-full alignleft\" src=\"https:\/\/asso.graie.org\/portail\/wp-content\/uploads\/2019\/03\/arte_140x35.png\" alt=\"\" width=\"140\" height=\"35\" \/>ARTE, Journal T\u00e9l\u00e9vis\u00e9 du 28 f\u00e9vrier 2019<br \/>\n<\/strong>Lyon valorise l&rsquo;eau de pluie<\/p>\n<p><strong><img decoding=\"async\" loading=\"lazy\" class=\"wp-image-12906 size-full alignleft\" src=\"https:\/\/asso.graie.org\/portail\/wp-content\/uploads\/2019\/02\/EIN-e1550598618818.png\" alt=\"\" width=\"141\" height=\"36\" \/>L&rsquo;Eau, l&rsquo;Industrie, les Nuisances\u00a0 n\u00b0418 &#8211; Janvier 2019<\/strong><br \/>\nLe th\u00e8me du mois &#8211; <a href=\"https:\/\/www.revue-ein.com\/article\/eaux-pluviales-en-milieu-urbain-favoriser-les-solutions-alternatives\" target=\"_blank\" rel=\"noopener noreferrer\">Eaux pluviales en milieu urbain : un portage politique s&rsquo;impose<\/a><\/p>\n<p><strong><img decoding=\"async\" loading=\"lazy\" class=\"size-full wp-image-2980 alignleft\" src=\"https:\/\/asso.graie.org\/portail\/wp-content\/uploads\/2017\/08\/Logo_SPANCinfo.jpg\" alt=\"Logo SPANC INFO\" width=\"141\" height=\"47\" \/>SPANC INFO n\u00b041 &#8211; Juillet 2017<\/strong><br \/>\nMutualiser la gestion du pluvial avec l\u2019ANC<br \/>\n<em>Entretien avec \u00c9lodie BRELOT \u2013 directrice du Graie<\/em><\/p>\n<p><strong><img decoding=\"async\" loading=\"lazy\" class=\"alignleft wp-image-2984\" src=\"https:\/\/asso.graie.org\/portail\/wp-content\/uploads\/2017\/08\/Logo_ActuEnvironnement.png\" alt=\"Logo Actu Environnement\" width=\"141\" height=\"42\" \/>ActuEnvironnement.com &#8211; Juin 2017<\/strong><br \/>\n\u00ab\u00a0<a href=\"https:\/\/www.actu-environnement.com\/ae\/news\/laetitia-bacot-othu-graie-moustique-tigre-chikungunya-eau-pluie-ouvrages-29194.php4\">Le moustique tigre n\u2019est pas retrouv\u00e9 dans les ouvrages de gestion alternative de l\u2019eau de pluie\u00a0<\/a>\u00bb\u00a0<em>Interview de La\u00ebtitia BACOT \u2013 secr\u00e9taire g\u00e9n\u00e9rale de l\u2019OTHU<br \/>\n<\/em><\/p>\n<p><strong><img decoding=\"async\" loading=\"lazy\" class=\"alignleft wp-image-2983\" src=\"https:\/\/asso.graie.org\/portail\/wp-content\/uploads\/2017\/08\/Logo_LeDauphine.png\" alt=\"Logo Le Dauphin2\" width=\"141\" height=\"38\" \/>LE DAUPHIN\u00c9 &#8211; Mai 2017<\/strong><br \/>\nLe suivi des m\u00e9dicaments dans l\u2019Arve, un programme pionnier qui le fait savoir<\/p>\n<p><strong><img decoding=\"async\" loading=\"lazy\" class=\"alignleft wp-image-2981\" src=\"https:\/\/asso.graie.org\/portail\/wp-content\/uploads\/2017\/08\/Logo_Enviscope.jpg\" alt=\"Logo Enviscope\" width=\"141\" height=\"44\" \/>ENVISCOPE &#8211; Mars 2017<br \/>\n<\/strong>La pr\u00e9sence de m\u00e9dicaments dans l\u2019eau doit \u00eatre \u00e9tudi\u00e9e<br \/>\n<em>Interview vid\u00e9o d\u2019\u00c9lodie Brelot dans le cadre de la conf\u00e9rence Eau et Sant\u00e9<\/em><\/p>\n<h3><strong>Experts du Graie<br \/>\n<\/strong><\/h3>\n<p>Nos chefs de projets, experts sur les questions de l\u2019eau (milieux aquatiques, eaux pluviales, autosurveillance r\u00e9seaux, assainissement collectif, eau et sant\u00e9, effluents non domestiques, ANC) peuvent r\u00e9pondent \u00e0 vos questions.<\/p>\n<p><strong>\u00a0<\/strong><\/p>\n<h3><strong>M\u00e9dias<\/strong><\/h3>\n<ul>\n<li><a href=\"https:\/\/www.flickr.com\/photos\/128276832@N03\/\" target=\"_blank\" rel=\"noopener noreferrer\">Galerie photos du Graie sur Flickr<\/a><\/li>\n<li><a href=\"https:\/\/www.youtube.com\/channel\/UCZQk0Tt7upYwERYNdDIZqLQ\" target=\"_blank\" rel=\"noopener noreferrer\">Nos vid\u00e9os sur notre cha\u00eene Youtube Graie &#8211; L&rsquo;eau dans la ville<\/a><\/li>\n<li><a href=\"https:\/\/www.youtube.com\/channel\/UC1d7c7zKPDUOJak44TGNhvA\" target=\"_blank\" rel=\"noopener noreferrer\">Notre webs\u00e9rie M\u00e9li M\u00e9lo &#8211; D\u00e9m\u00ealons les fils de l&rsquo;eau sur Youtube<\/a><\/li>\n<\/ul>\n","protected":false},"excerpt":{"rendered":"<p>Espace Presse Nos communiqu\u00e9s et dossiers de presse Mars 2022 | Ouverture des inscriptions pour la 4\u00e8me conf\u00e9rence internationale I.S.Rivers Novembre 2021 | Synth\u00e8se de la 12\u00e8me conf\u00e9rence Effluents Non Domestiques Ao\u00fbt 2021 | Le Graie prend part au projet &hellip;<\/p>\n","protected":false},"author":1,"featured_media":0,"parent":0,"menu_order":0,"comment_status":"closed","ping_status":"closed","template":"","meta":{"_mi_skip_tracking":false,"footnotes":""},"acf":[],"yoast_head":"<!-- This site is optimized with the Yoast SEO plugin v19.13 - https:\/\/yoast.com\/wordpress\/plugins\/seo\/ -->\n<title>Espace Presse | Le Graie<\/title>\n<meta name=\"description\" content=\"Retrouvez ici nos communiqu\u00e9s et dossiers de presse r\u00e9cents et d\u00e9couvrez qui parle de nous dans la presse.\" \/>\n<meta name=\"robots\" content=\"index, follow, max-snippet:-1, max-image-preview:large, max-video-preview:-1\" \/>\n<link rel=\"canonical\" href=\"https:\/\/asso.graie.org\/portail\/presse\/\" \/>\n<meta property=\"og:locale\" content=\"fr_FR\" \/>\n<meta property=\"og:type\" content=\"article\" \/>\n<meta property=\"og:title\" content=\"Espace Presse | Le Graie\" \/>\n<meta property=\"og:description\" content=\"Retrouvez ici nos communiqu\u00e9s et dossiers de presse r\u00e9cents et d\u00e9couvrez qui parle de nous dans la presse.\" \/>\n<meta property=\"og:url\" content=\"https:\/\/asso.graie.org\/portail\/presse\/\" \/>\n<meta property=\"og:site_name\" content=\"Graie\" \/>\n<meta property=\"article:modified_time\" content=\"2024-10-01T08:30:59+00:00\" \/>\n<meta property=\"og:image\" content=\"https:\/\/asso.graie.org\/portail\/wp-content\/uploads\/2022\/05\/tsm-300x203.png\" \/>\n<meta name=\"twitter:card\" content=\"summary_large_image\" \/>\n<meta name=\"twitter:site\" content=\"@asso_graie\" \/>\n<meta name=\"twitter:label1\" content=\"Dur\u00e9e de lecture estim\u00e9e\" \/>\n\t<meta name=\"twitter:data1\" content=\"5 minutes\" \/>\n<script type=\"application\/ld+json\" class=\"yoast-schema-graph\">{\"@context\":\"https:\/\/schema.org\",\"@graph\":[{\"@type\":\"WebPage\",\"@id\":\"https:\/\/asso.graie.org\/portail\/presse\/\",\"url\":\"https:\/\/asso.graie.org\/portail\/presse\/\",\"name\":\"Espace Presse | Le Graie\",\"isPartOf\":{\"@id\":\"https:\/\/asso.graie.org\/portail\/#website\"},\"datePublished\":\"2017-06-28T14:13:54+00:00\",\"dateModified\":\"2024-10-01T08:30:59+00:00\",\"description\":\"Retrouvez ici nos communiqu\u00e9s et dossiers de presse r\u00e9cents et d\u00e9couvrez qui parle de nous dans la presse.\",\"breadcrumb\":{\"@id\":\"https:\/\/asso.graie.org\/portail\/presse\/#breadcrumb\"},\"inLanguage\":\"fr-FR\",\"potentialAction\":[{\"@type\":\"ReadAction\",\"target\":[\"https:\/\/asso.graie.org\/portail\/presse\/\"]}]},{\"@type\":\"BreadcrumbList\",\"@id\":\"https:\/\/asso.graie.org\/portail\/presse\/#breadcrumb\",\"itemListElement\":[{\"@type\":\"ListItem\",\"position\":1,\"name\":\"Accueil\",\"item\":\"https:\/\/asso.graie.org\/portail\/\"},{\"@type\":\"ListItem\",\"position\":2,\"name\":\"Espace Presse\"}]},{\"@type\":\"WebSite\",\"@id\":\"https:\/\/asso.graie.org\/portail\/#website\",\"url\":\"https:\/\/asso.graie.org\/portail\/\",\"name\":\"Graie\",\"description\":\"P\u00f4le Eau et Territoires\",\"publisher\":{\"@id\":\"https:\/\/asso.graie.org\/portail\/#organization\"},\"potentialAction\":[{\"@type\":\"SearchAction\",\"target\":{\"@type\":\"EntryPoint\",\"urlTemplate\":\"https:\/\/asso.graie.org\/portail\/?s={search_term_string}\"},\"query-input\":\"required name=search_term_string\"}],\"inLanguage\":\"fr-FR\"},{\"@type\":\"Organization\",\"@id\":\"https:\/\/asso.graie.org\/portail\/#organization\",\"name\":\"Le Graie\",\"url\":\"https:\/\/asso.graie.org\/portail\/\",\"logo\":{\"@type\":\"ImageObject\",\"inLanguage\":\"fr-FR\",\"@id\":\"https:\/\/asso.graie.org\/portail\/#\/schema\/logo\/image\/\",\"url\":\"https:\/\/asso.graie.org\/portail\/wp-content\/uploads\/2021\/12\/Logotype-Graie.png\",\"contentUrl\":\"https:\/\/asso.graie.org\/portail\/wp-content\/uploads\/2021\/12\/Logotype-Graie.png\",\"width\":1890,\"height\":1181,\"caption\":\"Le Graie\"},\"image\":{\"@id\":\"https:\/\/asso.graie.org\/portail\/#\/schema\/logo\/image\/\"},\"sameAs\":[\"https:\/\/fr.linkedin.com\/company\/graie?trk=top_nav_home\",\"https:\/\/www.youtube.com\/channel\/UCZQk0Tt7upYwERYNdDIZqLQ\",\"https:\/\/twitter.com\/asso_graie\"]}]}<\/script>\n<!-- \/ Yoast SEO plugin. -->","yoast_head_json":{"title":"Espace Presse | Le Graie","description":"Retrouvez ici nos communiqu\u00e9s et dossiers de presse r\u00e9cents et d\u00e9couvrez qui parle de nous dans la presse.","robots":{"index":"index","follow":"follow","max-snippet":"max-snippet:-1","max-image-preview":"max-image-preview:large","max-video-preview":"max-video-preview:-1"},"canonical":"https:\/\/asso.graie.org\/portail\/presse\/","og_locale":"fr_FR","og_type":"article","og_title":"Espace Presse | Le Graie","og_description":"Retrouvez ici nos communiqu\u00e9s et dossiers de presse r\u00e9cents et d\u00e9couvrez qui parle de nous dans la presse.","og_url":"https:\/\/asso.graie.org\/portail\/presse\/","og_site_name":"Graie","article_modified_time":"2024-10-01T08:30:59+00:00","og_image":[{"url":"https:\/\/asso.graie.org\/portail\/wp-content\/uploads\/2022\/05\/tsm-300x203.png"}],"twitter_card":"summary_large_image","twitter_site":"@asso_graie","twitter_misc":{"Dur\u00e9e de lecture estim\u00e9e":"5 minutes"},"schema":{"@context":"https:\/\/schema.org","@graph":[{"@type":"WebPage","@id":"https:\/\/asso.graie.org\/portail\/presse\/","url":"https:\/\/asso.graie.org\/portail\/presse\/","name":"Espace Presse | Le Graie","isPartOf":{"@id":"https:\/\/asso.graie.org\/portail\/#website"},"datePublished":"2017-06-28T14:13:54+00:00","dateModified":"2024-10-01T08:30:59+00:00","description":"Retrouvez ici nos communiqu\u00e9s et dossiers de presse r\u00e9cents et d\u00e9couvrez qui parle de nous dans la presse.","breadcrumb":{"@id":"https:\/\/asso.graie.org\/portail\/presse\/#breadcrumb"},"inLanguage":"fr-FR","potentialAction":[{"@type":"ReadAction","target":["https:\/\/asso.graie.org\/portail\/presse\/"]}]},{"@type":"BreadcrumbList","@id":"https:\/\/asso.graie.org\/portail\/presse\/#breadcrumb","itemListElement":[{"@type":"ListItem","position":1,"name":"Accueil","item":"https:\/\/asso.graie.org\/portail\/"},{"@type":"ListItem","position":2,"name":"Espace Presse"}]},{"@type":"WebSite","@id":"https:\/\/asso.graie.org\/portail\/#website","url":"https:\/\/asso.graie.org\/portail\/","name":"Graie","description":"P\u00f4le Eau et Territoires","publisher":{"@id":"https:\/\/asso.graie.org\/portail\/#organization"},"potentialAction":[{"@type":"SearchAction","target":{"@type":"EntryPoint","urlTemplate":"https:\/\/asso.graie.org\/portail\/?s={search_term_string}"},"query-input":"required name=search_term_string"}],"inLanguage":"fr-FR"},{"@type":"Organization","@id":"https:\/\/asso.graie.org\/portail\/#organization","name":"Le Graie","url":"https:\/\/asso.graie.org\/portail\/","logo":{"@type":"ImageObject","inLanguage":"fr-FR","@id":"https:\/\/asso.graie.org\/portail\/#\/schema\/logo\/image\/","url":"https:\/\/asso.graie.org\/portail\/wp-content\/uploads\/2021\/12\/Logotype-Graie.png","contentUrl":"https:\/\/asso.graie.org\/portail\/wp-content\/uploads\/2021\/12\/Logotype-Graie.png","width":1890,"height":1181,"caption":"Le Graie"},"image":{"@id":"https:\/\/asso.graie.org\/portail\/#\/schema\/logo\/image\/"},"sameAs":["https:\/\/fr.linkedin.com\/company\/graie?trk=top_nav_home","https:\/\/www.youtube.com\/channel\/UCZQk0Tt7upYwERYNdDIZqLQ","https:\/\/twitter.com\/asso_graie"]}]}},"_links":{"self":[{"href":"https:\/\/asso.graie.org\/portail\/wp-json\/wp\/v2\/pages\/1137"}],"collection":[{"href":"https:\/\/asso.graie.org\/portail\/wp-json\/wp\/v2\/pages"}],"about":[{"href":"https:\/\/asso.graie.org\/portail\/wp-json\/wp\/v2\/types\/page"}],"author":[{"embeddable":true,"href":"https:\/\/asso.graie.org\/portail\/wp-json\/wp\/v2\/users\/1"}],"replies":[{"embeddable":true,"href":"https:\/\/asso.graie.org\/portail\/wp-json\/wp\/v2\/comments?post=1137"}],"version-history":[{"count":15,"href":"https:\/\/asso.graie.org\/portail\/wp-json\/wp\/v2\/pages\/1137\/revisions"}],"predecessor-version":[{"id":26667,"href":"https:\/\/asso.graie.org\/portail\/wp-json\/wp\/v2\/pages\/1137\/revisions\/26667"}],"wp:attachment":[{"href":"https:\/\/asso.graie.org\/portail\/wp-json\/wp\/v2\/media?parent=1137"}],"curies":[{"name":"wp","href":"https:\/\/api.w.org\/{rel}","templated":true}]}}