{"id":1179,"date":"2017-06-30T08:53:57","date_gmt":"2017-06-30T06:53:57","guid":{"rendered":"https:\/\/asso.graie.org\/portail\/?page_id=1179"},"modified":"2025-10-23T15:54:54","modified_gmt":"2025-10-23T13:54:54","slug":"presentation-du-graie","status":"publish","type":"page","link":"https:\/\/asso.graie.org\/portail\/presentation-du-graie\/","title":{"rendered":"Qu&rsquo;est-ce que le Graie ?"},"content":{"rendered":"\n<div style=\"height:30px\" aria-hidden=\"true\" class=\"wp-block-spacer\"><\/div>\n\n\n\n<h2 class=\"wp-block-heading\"><a href=\"https:\/\/asso.graie.org\/portail\/about-the-graie\/\"><img decoding=\"async\" loading=\"lazy\" class=\"size-full wp-image-8976 alignright\" src=\"https:\/\/asso.graie.org\/portail\/wp-content\/uploads\/2017\/11\/drapeau-anglais.jpg\" alt=\"About the GRAIE\" width=\"40\" height=\"27\"><\/a>Une interface pour les acteurs de l\u2019eau<\/h2>\n\n\n\n<div style=\"height:30px\" aria-hidden=\"true\" class=\"wp-block-spacer\"><\/div>\n\n\n\n<p>Association d\u2019int\u00e9r\u00eat g\u00e9n\u00e9ral,<strong> le Graie<\/strong>, initialement<strong> <\/strong>groupe de recherche, animation technique et information sur l\u2019eau est un <strong>P\u00f4le Eau &amp; Territoires <\/strong>: il mobilise et met en relation des acteurs de la gestion de l\u2019eau, des milieux aquatiques et de l&rsquo;am\u00e9nagement urbain.<\/p>\n\n\n\n<div style=\"height:18px\" aria-hidden=\"true\" class=\"wp-block-spacer\"><\/div>\n\n\n\n<p>Cr\u00e9\u00e9 en 1985, le Graie r\u00e9unit&nbsp; plus de <strong><a href=\"https:\/\/asso.graie.org\/portail\/les-membres-du-graie\/\">300 adh\u00e9rents<\/a><\/strong>&nbsp;: professionnels publics et priv\u00e9s, collectivit\u00e9s, entreprises et laboratoires de recherche.<\/p>\n\n\n\n<div style=\"height:38px\" aria-hidden=\"true\" class=\"wp-block-spacer\"><\/div>\n\n\n\n<h3 class=\"wp-block-heading\">Notre vocation<\/h3>\n\n\n\n<p>L\u2019action du Graie vise \u00e0 d\u00e9velopper une culture partag\u00e9e, fond\u00e9e sur la connaissance et l&rsquo;\u00e9change d&rsquo;exp\u00e9rience, afin d&rsquo;<strong>am\u00e9liorer les pratiques en mati\u00e8re de gestion de l&rsquo;eau<\/strong>.<\/p>\n\n\n\n<p>Le Graie contribue ainsi \u00e0 l\u2019appropriation des connaissances et \u00e0 l\u2019<strong>\u00e9volution des pratiques<\/strong> et de la <strong>r\u00e9glementation sur l\u2019eau<\/strong>.<\/p>\n\n\n\n<div style=\"height:30px\" aria-hidden=\"true\" class=\"wp-block-spacer\"><\/div>\n\n\n\n<h3 class=\"wp-block-heading\">Nos 3 th\u00e9matiques phares<\/h3>\n\n\n\n<div style=\"height:23px\" aria-hidden=\"true\" class=\"wp-block-spacer\"><\/div>\n\n\n\n<div class=\"wp-block-columns is-layout-flex wp-container-4 wp-block-columns-is-layout-flex\">\n<div class=\"wp-block-column is-layout-flow wp-block-column-is-layout-flow\">\n<figure class=\"wp-block-image size-full is-resized is-style-default\"><a href=\"https:\/\/asso.graie.org\/portail\/thematiques\/eau-dans-la-ville\/\"><img decoding=\"async\" loading=\"lazy\" width=\"836\" height=\"988\" src=\"https:\/\/asso.graie.org\/portail\/wp-content\/uploads\/2022\/08\/Capture-de\u0301cran-2022-08-23-a\u0300-10.46.19.png\" alt=\"\" class=\"wp-image-20680\" srcset=\"https:\/\/asso.graie.org\/portail\/wp-content\/uploads\/2022\/08\/Capture-de\u0301cran-2022-08-23-a\u0300-10.46.19.png 836w, https:\/\/asso.graie.org\/portail\/wp-content\/uploads\/2022\/08\/Capture-de\u0301cran-2022-08-23-a\u0300-10.46.19-254x300.png 254w, https:\/\/asso.graie.org\/portail\/wp-content\/uploads\/2022\/08\/Capture-de\u0301cran-2022-08-23-a\u0300-10.46.19-768x908.png 768w\" sizes=\"(max-width: 836px) 100vw, 836px\" \/><\/a><\/figure>\n<\/div>\n\n\n\n<div class=\"wp-block-column is-layout-flow wp-block-column-is-layout-flow\">\n<figure class=\"wp-block-image size-full is-resized is-style-default\"><a href=\"https:\/\/asso.graie.org\/portail\/thematiques\/eau-et-sante\/\"><img decoding=\"async\" loading=\"lazy\" width=\"746\" height=\"968\" src=\"https:\/\/asso.graie.org\/portail\/wp-content\/uploads\/2022\/08\/Capture-de\u0301cran-2022-08-23-a\u0300-10.46.26.png\" alt=\"\" class=\"wp-image-20681\" srcset=\"https:\/\/asso.graie.org\/portail\/wp-content\/uploads\/2022\/08\/Capture-de\u0301cran-2022-08-23-a\u0300-10.46.26.png 746w, https:\/\/asso.graie.org\/portail\/wp-content\/uploads\/2022\/08\/Capture-de\u0301cran-2022-08-23-a\u0300-10.46.26-231x300.png 231w\" sizes=\"(max-width: 746px) 100vw, 746px\" \/><\/a><\/figure>\n<\/div>\n\n\n\n<div class=\"wp-block-column is-layout-flow wp-block-column-is-layout-flow\">\n<figure class=\"wp-block-image size-large is-resized is-style-default\"><a href=\"https:\/\/asso.graie.org\/portail\/thematiques\/milieux-aquatiques\/\"><img decoding=\"async\" loading=\"lazy\" width=\"832\" height=\"1024\" src=\"https:\/\/asso.graie.org\/portail\/wp-content\/uploads\/2022\/08\/Capture-de\u0301cran-2022-08-23-a\u0300-10.46.32-832x1024.png\" alt=\"\" class=\"wp-image-20682\" srcset=\"https:\/\/asso.graie.org\/portail\/wp-content\/uploads\/2022\/08\/Capture-de\u0301cran-2022-08-23-a\u0300-10.46.32-832x1024.png 832w, https:\/\/asso.graie.org\/portail\/wp-content\/uploads\/2022\/08\/Capture-de\u0301cran-2022-08-23-a\u0300-10.46.32-244x300.png 244w, https:\/\/asso.graie.org\/portail\/wp-content\/uploads\/2022\/08\/Capture-de\u0301cran-2022-08-23-a\u0300-10.46.32-768x945.png 768w, https:\/\/asso.graie.org\/portail\/wp-content\/uploads\/2022\/08\/Capture-de\u0301cran-2022-08-23-a\u0300-10.46.32.png 840w\" sizes=\"(max-width: 832px) 100vw, 832px\" \/><\/a><\/figure>\n<\/div>\n<\/div>\n\n\n\n<div style=\"height:30px\" aria-hidden=\"true\" class=\"wp-block-spacer\"><\/div>\n\n\n\n<h3 class=\"wp-block-heading\">Nos modes d\u2019action<\/h3>\n\n\n\n<ul>\n<li>Animer<strong> <a href=\"https:\/\/asso.graie.org\/portail\/recherche\/\">5 dispositifs de recherche<\/a>&nbsp;<\/strong>: la <a href=\"https:\/\/asso.graie.org\/portail\/dispositifsderecherche\/zabr\/\"><strong>ZABR<\/strong><\/a> &#8211; Zone Atelier \u00ab\u00a0bassin du Rh\u00f4ne\u00a0\u00bb, l\u2019<a href=\"https:\/\/asso.graie.org\/portail\/dispositifsderecherche\/othu\/\"><strong>OTHU<\/strong><\/a> &#8211; Observatoire de Terrain en Hydrologie Urbaine sur l&rsquo;agglom\u00e9ration lyonnaise, l\u2019<a href=\"https:\/\/asso.graie.org\/portail\/dispositifsderecherche\/ohm-vr\/\"><strong>OHM VR<\/strong><\/a> &#8211; Observatoire Hommes Milieux Vall\u00e9e du Rh\u00f4ne. l\u2019<a href=\"https:\/\/asso.graie.org\/portail\/dispositifsderecherche\/osr\/\"><strong>OSR<\/strong><\/a> &#8211; Observatoire des S\u00e9diments du Rh\u00f4ne et <strong><a href=\"https:\/\/asso.graie.org\/portail\/recherche\/rhoneco\/\">Rh\u00f4nEco<\/a><\/strong> &#8211; un programme de suivi de la restauration \u00e9cologique du Rh\u00f4ne.<\/li>\n\n\n\n<li>Animer des<a href=\"https:\/\/asso.graie.org\/portail\/animationregionale\/\"><strong> r\u00e9seaux<\/strong> <strong>r\u00e9gionaux<\/strong><\/a> d\u2019\u00e9changes (groupes de travail ou liste d&rsquo;\u00e9changes) pour partager des exp\u00e9riences, formaliser les connaissances et co-construire des outils innovants \u00e0 port\u00e9e op\u00e9rationnelle.<\/li>\n\n\n\n<li>Organiser des <strong>rencontres, conf\u00e9rences et colloques, <\/strong>de dimension locale \u00e0 <a href=\"https:\/\/asso.graie.org\/portail\/conferences-internationales\/\">internationale<\/a><\/li>\n\n\n\n<li>Mobiliser des <strong>\u00e9quipes de recherche<\/strong> sur des sujets n\u00e9cessitant des comp\u00e9tences multiples<\/li>\n\n\n\n<li>Produire et diffuser des <strong><a href=\"https:\/\/asso.graie.org\/portail\/diffusion\/\">documents techniques, scientifiques ou de sensibilisation<\/a>, <\/strong>et les mettre \u00e0 la disposition de tous.<\/li>\n\n\n\n<li>Porter des messages \u00e0 destination des pouvoirs publics pour contribuer \u00e0 l&rsquo;<strong>am\u00e9lioration du cadre r\u00e9glementaire<\/strong>.<\/li>\n<\/ul>\n\n\n\n<div style=\"height:30px\" aria-hidden=\"true\" class=\"wp-block-spacer\"><\/div>\n\n\n\n<h3 class=\"wp-block-heading\">Organisation<\/h3>\n\n\n\n<p><a href=\"https:\/\/asso.graie.org\/portail\/lequipe\/\">L\u2019<\/a><strong><a href=\"https:\/\/asso.graie.org\/portail\/lequipe-du-graie\/\">\u00e9quipe permanente du Graie<\/a><\/strong> est compos\u00e9e de 12 personnes. Elle rassemble des comp\u00e9tences techniques et scientifiques et d&rsquo;animation permettant de mener \u00e0 bien sa mission d\u2019int\u00e9r\u00eat g\u00e9n\u00e9ral ainsi que des fonctions support.<br>Le Graie s\u2019appuie sur un conseil d&rsquo;administration constitu\u00e9 de repr\u00e9sentants de collectivit\u00e9s, organismes de recherche et entreprises. Il est soutenu par de <a href=\"https:\/\/asso.graie.org\/portail\/les-partenaires\/\">nombreux partenaires<\/a> : agences de l\u2019eau, collectivit\u00e9s, minist\u00e8res,&#8230;<\/p>\n\n\n\n<div style=\"height:30px\" aria-hidden=\"true\" class=\"wp-block-spacer\"><\/div>\n\n\n<div class=\"lightweight-accordion\"><details><summary class=\"lightweight-accordion-title\"><span>Les membres du bureau et du conseil d'administration<\/span><\/summary><div class=\"lightweight-accordion-body\"><h4>Le bureau<\/h4>\n<p>\u2009<br \/>\n<strong>Fr\u00e9d\u00e9ric CHERQUI, INSA Lyon<br \/>\n<\/strong>Pr\u00e9sident<\/p>\n<p><strong>St\u00e9phane BUSCHAERT, BRGM AURA<\/strong><br \/>\nVice-Pr\u00e9sident<\/p>\n<p><strong>Pascal BOISTARD, INRAE <span class=\"aCOpRe\">Lyon-Grenoble Auvergne-Rh\u00f4ne-Alpes<\/span><\/strong> &amp; Jean-Marc CHOUBERT<br \/>\nVice-Pr\u00e9sident<\/p>\n<p><strong>Guillaume ARAMA, Veolia Eau Centre Est<\/strong> &amp; Francis ROULAUD<br \/>\nTr\u00e9sorier<\/p>\n<p><strong>Cyrille GIREL, Grand Chamb\u00e9ry <\/strong><br \/>\nTr\u00e9sorier adjoint<\/p>\n<p><strong>Jean-Philippe BEDELL, ENTPE<\/strong><br \/>\nSecr\u00e9taire<\/p>\n<p><strong>Anne-Laure HERAUD, Suez Consulting &#8211; Saf\u00e8ge<\/strong><br \/>\nSecr\u00e9taire adjointe<\/p>\n<p>\u2003<br \/>\nLe Graie a \u00e9t\u00e9 pr\u00e9sid\u00e9 successivement par Bernard CHOCAT (INSA Lyon, fondateur et aujourd&rsquo;hui pr\u00e9sident d&rsquo;honneur), Yves PERRODIN (ENTPE), Jean-Luc BERTRAND-KRAJEZWSKI (INSA Lyon), Fr\u00e9d\u00e9ric CHERQUI (INSA Lyon), Pascal BOISTARD (INRAE), St\u00e9phane BUSCHAERT (BRGM), et aujourd&rsquo;hui Fr\u00e9d\u00e9ric CHERQUI (INSA Lyon).<\/p>\n<p>\u2003<\/p>\n<h4>Le conseil d&rsquo;administration<\/h4>\n<p>\u2009<br \/>\n<strong>BRGM Auvergne-Rh\u00f4ne-Alpes &#8211; <\/strong>St\u00e9phane BUSCHAERT, suppl\u00e9ante Blandine CLOZEL LELOUP<br \/>\nMandat : 2025-2028<\/p>\n<p><strong>ENTPE &#8211; <\/strong>Jean-Philippe BEDELL, suppl\u00e9ant Laurent LASSABATERE<br \/>\nMandat : 2023-2027<\/p>\n<p><strong>Grand Chamb\u00e9ry &#8211; <\/strong>Cyrille GIREL<br \/>\nMandat : 2023-2026<\/p>\n<p><strong>INRAE <span class=\"aCOpRe\">Lyon-Grenoble Auvergne-Rh\u00f4ne-Alpes &#8211; <\/span><\/strong>Pascal BOISTARD, suppl\u00e9ant Jean-Marc CHOUBERT<br \/>\nMandat : 2025-2028<\/p>\n<p><strong>INSA Lyon &#8211; <\/strong>Fr\u00e9d\u00e9ric CHERQUI, suppl\u00e9ant Jean-Luc BERTRAND-KRAJEWSKI<br \/>\nMandat : 2023-2027<\/p>\n<p><strong>IRG-Universit\u00e9 Lyon II &#8211; <\/strong>Norbert LANDON, suppl\u00e9ant Oldrich NAVRATIL<br \/>\nMandat : 2023-2027<\/p>\n<p><strong>Lyc\u00e9e LEGTA AGROTEC Vienne Seyssuel<\/strong> &#8211; Pierre KABACINSKI, suppl\u00e9ante Sophie BRUDER<br \/>\nMandat : 2023-2026<\/p>\n<p><strong>R\u00e9alit\u00e9s Environnement &#8211; <\/strong>Marc WIRZ, suppl\u00e9ante Oriane VILLET<br \/>\nMandat : 2025-2028<\/p>\n<p><strong>Roannaise de l&rsquo;eau &#8211; Syndicat du cycle de l&rsquo;eau &#8211; <\/strong>Daniel FRECHET, suppl\u00e9ant Carole Berland<br \/>\nMandat : 2025-2028<\/p>\n<p><strong>Suez &#8211; Eau France &#8211; <\/strong>Emmanuel GERVAL, suppl\u00e9ant Yves BAILLY.<br \/>\nMandat : 2025-2028<\/p>\n<p><strong>Suez Consulting &#8211; Saf\u00e8ge &#8211; <\/strong>Anne-Laure HERAUD, suppl\u00e9ant Olivier BOSSI<br \/>\nMandat : 2023-2027<\/p>\n<p><strong>Syndicat des Eaux des Rocailles et de Bellecombe &#8211; <\/strong>Thierry Adam<br \/>\nMandat : 2023-2027<\/p>\n<p><strong>Syndicat Mixte du Lac d&rsquo;Annecy &#8211; <\/strong>Val\u00e9rie GUICHARD<br \/>\nMandat : 2023-2026<\/p>\n<p><strong>TILIA &#8211; <\/strong>Laurent BOURDIN, suppl\u00e9ante Leslie POTIER<br \/>\nMandat : 2023-2026<\/p>\n<p><strong>Valence Romans Agglo &#8211; <\/strong>Marl\u00e8ne BLANC, suppl\u00e9ant Franck BIOTEAU<br \/>\nMandat : 2023-2026<\/p>\n<p><strong>Veolia Eau Grand Est &#8211; <\/strong>Guillaume ARAMA, suppl\u00e9ant Francis ROULAUD<br \/>\nMandat : 2023-2026<\/p>\n<p class=\"p1\">\n<\/div><\/details><\/div>\n\n\n\n<p class=\"has-text-align-right\">&nbsp;<\/p>\n\n\n\n<div style=\"height:100px\" aria-hidden=\"true\" class=\"wp-block-spacer\"><\/div>\n\n\n\n<div class=\"wp-block-buttons is-content-justification-center is-layout-flex wp-container-5 wp-block-buttons-is-layout-flex\">\n<div class=\"wp-block-button has-custom-font-size\" style=\"font-size:22px\"><a class=\"wp-block-button__link has-white-color has-text-color has-background wp-element-button\" href=\"https:\/\/zfrmz.eu\/S6VU1NlxwvIxRtLs78IP\" style=\"background-color:#0095db\" target=\"_blank\" rel=\"noreferrer noopener\"><strong>S&rsquo;inscrire \u00e0 la newsletter du Graie<\/strong><\/a><\/div>\n<\/div>\n","protected":false},"excerpt":{"rendered":"<p>Une interface pour les acteurs de l\u2019eau Association d\u2019int\u00e9r\u00eat g\u00e9n\u00e9ral, le Graie, initialement groupe de recherche, animation technique et information sur l\u2019eau est un P\u00f4le Eau &amp; Territoires : il mobilise et met en relation des acteurs de la gestion &hellip;<\/p>\n","protected":false},"author":1,"featured_media":0,"parent":0,"menu_order":0,"comment_status":"closed","ping_status":"closed","template":"","meta":{"_mi_skip_tracking":false,"footnotes":""},"acf":[],"yoast_head":"<!-- This site is optimized with the Yoast SEO plugin v19.13 - https:\/\/yoast.com\/wordpress\/plugins\/seo\/ -->\n<title>Pr\u00e9sentation de l&#039;association | Le Graie<\/title>\n<meta name=\"description\" content=\"Association d\u2019int\u00e9r\u00eat g\u00e9n\u00e9ral, le Graie est le Groupe de Recherche, Animation technique et Information sur l\u2019Eau.\" \/>\n<meta name=\"robots\" content=\"index, follow, max-snippet:-1, max-image-preview:large, max-video-preview:-1\" \/>\n<link rel=\"canonical\" href=\"https:\/\/asso.graie.org\/portail\/presentation-du-graie\/\" \/>\n<meta property=\"og:locale\" content=\"fr_FR\" \/>\n<meta property=\"og:type\" content=\"article\" \/>\n<meta property=\"og:title\" content=\"Pr\u00e9sentation de l&#039;association | Le Graie\" \/>\n<meta property=\"og:description\" content=\"Association d\u2019int\u00e9r\u00eat g\u00e9n\u00e9ral, le Graie est le Groupe de Recherche, Animation technique et Information sur l\u2019Eau.\" \/>\n<meta property=\"og:url\" content=\"https:\/\/asso.graie.org\/portail\/presentation-du-graie\/\" \/>\n<meta property=\"og:site_name\" content=\"Graie\" \/>\n<meta property=\"article:modified_time\" content=\"2025-10-23T13:54:54+00:00\" \/>\n<meta property=\"og:image\" content=\"https:\/\/asso.graie.org\/portail\/wp-content\/uploads\/2017\/11\/drapeau-anglais.jpg\" \/>\n<meta name=\"twitter:card\" content=\"summary_large_image\" \/>\n<meta name=\"twitter:site\" content=\"@asso_graie\" \/>\n<meta name=\"twitter:label1\" content=\"Dur\u00e9e de lecture estim\u00e9e\" \/>\n\t<meta name=\"twitter:data1\" content=\"4 minutes\" \/>\n<script type=\"application\/ld+json\" class=\"yoast-schema-graph\">{\"@context\":\"https:\/\/schema.org\",\"@graph\":[{\"@type\":\"WebPage\",\"@id\":\"https:\/\/asso.graie.org\/portail\/presentation-du-graie\/\",\"url\":\"https:\/\/asso.graie.org\/portail\/presentation-du-graie\/\",\"name\":\"Pr\u00e9sentation de l'association | Le Graie\",\"isPartOf\":{\"@id\":\"https:\/\/asso.graie.org\/portail\/#website\"},\"datePublished\":\"2017-06-30T06:53:57+00:00\",\"dateModified\":\"2025-10-23T13:54:54+00:00\",\"description\":\"Association d\u2019int\u00e9r\u00eat g\u00e9n\u00e9ral, le Graie est le Groupe de Recherche, Animation technique et Information sur l\u2019Eau.\",\"breadcrumb\":{\"@id\":\"https:\/\/asso.graie.org\/portail\/presentation-du-graie\/#breadcrumb\"},\"inLanguage\":\"fr-FR\",\"potentialAction\":[{\"@type\":\"ReadAction\",\"target\":[\"https:\/\/asso.graie.org\/portail\/presentation-du-graie\/\"]}]},{\"@type\":\"BreadcrumbList\",\"@id\":\"https:\/\/asso.graie.org\/portail\/presentation-du-graie\/#breadcrumb\",\"itemListElement\":[{\"@type\":\"ListItem\",\"position\":1,\"name\":\"Accueil\",\"item\":\"https:\/\/asso.graie.org\/portail\/\"},{\"@type\":\"ListItem\",\"position\":2,\"name\":\"Qu&rsquo;est-ce que le Graie ?\"}]},{\"@type\":\"WebSite\",\"@id\":\"https:\/\/asso.graie.org\/portail\/#website\",\"url\":\"https:\/\/asso.graie.org\/portail\/\",\"name\":\"Graie\",\"description\":\"P\u00f4le Eau et Territoires\",\"publisher\":{\"@id\":\"https:\/\/asso.graie.org\/portail\/#organization\"},\"potentialAction\":[{\"@type\":\"SearchAction\",\"target\":{\"@type\":\"EntryPoint\",\"urlTemplate\":\"https:\/\/asso.graie.org\/portail\/?s={search_term_string}\"},\"query-input\":\"required name=search_term_string\"}],\"inLanguage\":\"fr-FR\"},{\"@type\":\"Organization\",\"@id\":\"https:\/\/asso.graie.org\/portail\/#organization\",\"name\":\"Le Graie\",\"url\":\"https:\/\/asso.graie.org\/portail\/\",\"logo\":{\"@type\":\"ImageObject\",\"inLanguage\":\"fr-FR\",\"@id\":\"https:\/\/asso.graie.org\/portail\/#\/schema\/logo\/image\/\",\"url\":\"https:\/\/asso.graie.org\/portail\/wp-content\/uploads\/2021\/12\/Logotype-Graie.png\",\"contentUrl\":\"https:\/\/asso.graie.org\/portail\/wp-content\/uploads\/2021\/12\/Logotype-Graie.png\",\"width\":1890,\"height\":1181,\"caption\":\"Le Graie\"},\"image\":{\"@id\":\"https:\/\/asso.graie.org\/portail\/#\/schema\/logo\/image\/\"},\"sameAs\":[\"https:\/\/fr.linkedin.com\/company\/graie?trk=top_nav_home\",\"https:\/\/www.youtube.com\/channel\/UCZQk0Tt7upYwERYNdDIZqLQ\",\"https:\/\/twitter.com\/asso_graie\"]}]}<\/script>\n<!-- \/ Yoast SEO plugin. -->","yoast_head_json":{"title":"Pr\u00e9sentation de l'association | Le Graie","description":"Association d\u2019int\u00e9r\u00eat g\u00e9n\u00e9ral, le Graie est le Groupe de Recherche, Animation technique et Information sur l\u2019Eau.","robots":{"index":"index","follow":"follow","max-snippet":"max-snippet:-1","max-image-preview":"max-image-preview:large","max-video-preview":"max-video-preview:-1"},"canonical":"https:\/\/asso.graie.org\/portail\/presentation-du-graie\/","og_locale":"fr_FR","og_type":"article","og_title":"Pr\u00e9sentation de l'association | Le Graie","og_description":"Association d\u2019int\u00e9r\u00eat g\u00e9n\u00e9ral, le Graie est le Groupe de Recherche, Animation technique et Information sur l\u2019Eau.","og_url":"https:\/\/asso.graie.org\/portail\/presentation-du-graie\/","og_site_name":"Graie","article_modified_time":"2025-10-23T13:54:54+00:00","og_image":[{"url":"https:\/\/asso.graie.org\/portail\/wp-content\/uploads\/2017\/11\/drapeau-anglais.jpg"}],"twitter_card":"summary_large_image","twitter_site":"@asso_graie","twitter_misc":{"Dur\u00e9e de lecture estim\u00e9e":"4 minutes"},"schema":{"@context":"https:\/\/schema.org","@graph":[{"@type":"WebPage","@id":"https:\/\/asso.graie.org\/portail\/presentation-du-graie\/","url":"https:\/\/asso.graie.org\/portail\/presentation-du-graie\/","name":"Pr\u00e9sentation de l'association | Le Graie","isPartOf":{"@id":"https:\/\/asso.graie.org\/portail\/#website"},"datePublished":"2017-06-30T06:53:57+00:00","dateModified":"2025-10-23T13:54:54+00:00","description":"Association d\u2019int\u00e9r\u00eat g\u00e9n\u00e9ral, le Graie est le Groupe de Recherche, Animation technique et Information sur l\u2019Eau.","breadcrumb":{"@id":"https:\/\/asso.graie.org\/portail\/presentation-du-graie\/#breadcrumb"},"inLanguage":"fr-FR","potentialAction":[{"@type":"ReadAction","target":["https:\/\/asso.graie.org\/portail\/presentation-du-graie\/"]}]},{"@type":"BreadcrumbList","@id":"https:\/\/asso.graie.org\/portail\/presentation-du-graie\/#breadcrumb","itemListElement":[{"@type":"ListItem","position":1,"name":"Accueil","item":"https:\/\/asso.graie.org\/portail\/"},{"@type":"ListItem","position":2,"name":"Qu&rsquo;est-ce que le Graie ?"}]},{"@type":"WebSite","@id":"https:\/\/asso.graie.org\/portail\/#website","url":"https:\/\/asso.graie.org\/portail\/","name":"Graie","description":"P\u00f4le Eau et Territoires","publisher":{"@id":"https:\/\/asso.graie.org\/portail\/#organization"},"potentialAction":[{"@type":"SearchAction","target":{"@type":"EntryPoint","urlTemplate":"https:\/\/asso.graie.org\/portail\/?s={search_term_string}"},"query-input":"required name=search_term_string"}],"inLanguage":"fr-FR"},{"@type":"Organization","@id":"https:\/\/asso.graie.org\/portail\/#organization","name":"Le Graie","url":"https:\/\/asso.graie.org\/portail\/","logo":{"@type":"ImageObject","inLanguage":"fr-FR","@id":"https:\/\/asso.graie.org\/portail\/#\/schema\/logo\/image\/","url":"https:\/\/asso.graie.org\/portail\/wp-content\/uploads\/2021\/12\/Logotype-Graie.png","contentUrl":"https:\/\/asso.graie.org\/portail\/wp-content\/uploads\/2021\/12\/Logotype-Graie.png","width":1890,"height":1181,"caption":"Le Graie"},"image":{"@id":"https:\/\/asso.graie.org\/portail\/#\/schema\/logo\/image\/"},"sameAs":["https:\/\/fr.linkedin.com\/company\/graie?trk=top_nav_home","https:\/\/www.youtube.com\/channel\/UCZQk0Tt7upYwERYNdDIZqLQ","https:\/\/twitter.com\/asso_graie"]}]}},"_links":{"self":[{"href":"https:\/\/asso.graie.org\/portail\/wp-json\/wp\/v2\/pages\/1179"}],"collection":[{"href":"https:\/\/asso.graie.org\/portail\/wp-json\/wp\/v2\/pages"}],"about":[{"href":"https:\/\/asso.graie.org\/portail\/wp-json\/wp\/v2\/types\/page"}],"author":[{"embeddable":true,"href":"https:\/\/asso.graie.org\/portail\/wp-json\/wp\/v2\/users\/1"}],"replies":[{"embeddable":true,"href":"https:\/\/asso.graie.org\/portail\/wp-json\/wp\/v2\/comments?post=1179"}],"version-history":[{"count":91,"href":"https:\/\/asso.graie.org\/portail\/wp-json\/wp\/v2\/pages\/1179\/revisions"}],"predecessor-version":[{"id":29380,"href":"https:\/\/asso.graie.org\/portail\/wp-json\/wp\/v2\/pages\/1179\/revisions\/29380"}],"wp:attachment":[{"href":"https:\/\/asso.graie.org\/portail\/wp-json\/wp\/v2\/media?parent=1179"}],"curies":[{"name":"wp","href":"https:\/\/api.w.org\/{rel}","templated":true}]}}