{"id":1181,"date":"2017-06-30T08:54:25","date_gmt":"2017-06-30T06:54:25","guid":{"rendered":"https:\/\/asso.graie.org\/portail\/?page_id=1181"},"modified":"2023-02-14T09:53:22","modified_gmt":"2023-02-14T08:53:22","slug":"plan-du-site","status":"publish","type":"page","link":"https:\/\/asso.graie.org\/portail\/plan-du-site\/","title":{"rendered":"Plan du site"},"content":{"rendered":"<table border=\"0\" width=\"100%\" cellpadding=\"20\">\n<tbody>\n<tr>\n<td align=\"left\" valign=\"top\" width=\"50%\">\n<h2><a href=\"https:\/\/asso.graie.org\/portail\/\">Accueil<\/a><\/h2>\n<h2><a href=\"https:\/\/asso.graie.org\/portail\/presentation\/\">L\u2019association<\/a><\/h2>\n<h4><a href=\"https:\/\/asso.graie.org\/portail\/presentation\/\">&gt; Pr\u00e9sentation<\/a><br \/>\n<a href=\"https:\/\/asso.graie.org\/portail\/les-membres\/\">&gt; Les membres<\/a><br \/>\n<a href=\"https:\/\/asso.graie.org\/portail\/les-partenaires\/\">&gt; Les partenaires<\/a><br \/>\n<a href=\"https:\/\/asso.graie.org\/portail\/lequipe\/\">&gt; L\u2019\u00e9quipe<\/a><br \/>\n<a href=\"https:\/\/asso.graie.org\/portail\/categorie\/toute-lactu\/\">&gt; Toute l\u2019actualit\u00e9<\/a><\/h4>\n<h5><a style=\"margin-left: 20px;\" href=\"https:\/\/asso.graie.org\/portail\/categorie\/toute-lactu\/agenda\/\"> &#8211; Agenda du Graie<\/a><br \/>\n<a style=\"margin-left: 20px;\" href=\"https:\/\/asso.graie.org\/portail\/categorie\/toute-lactu\/parution\/\">&#8211; Derni\u00e8res parutions<\/a><br \/>\n<a style=\"margin-left: 20px;\" href=\"https:\/\/asso.graie.org\/portail\/categorie\/toute-lactu\/actu-partenaire\/\">&#8211; Actualit\u00e9s partenaires<\/a><\/h5>\n<h2><a href=\"https:\/\/asso.graie.org\/portail\/thematiques\/\">Th\u00e9matiques<\/a><\/h2>\n<h4><a href=\"https:\/\/asso.graie.org\/portail\/thematiques\/eau-et-sante\/\">&gt; Eau et sant\u00e9<\/a><br \/>\n<a href=\"https:\/\/asso.graie.org\/portail\/thematiques\/eau-dans-la-ville\/\">&gt; Eau dans la ville<\/a><\/h4>\n<h5><a style=\"margin-left: 20px;\" href=\"https:\/\/asso.graie.org\/portail\/thematiques\/eau-dans-la-ville\/eaux-pluviales\/\">&#8211; Eaux pluviales<\/a><br \/>\n<a style=\"margin-left: 20px;\" href=\"https:\/\/asso.graie.org\/portail\/thematiques\/eau-dans-la-ville\/competences\/\">&#8211; Comp\u00e9tences<\/a><\/h5>\n<h4><a href=\"https:\/\/asso.graie.org\/portail\/thematiques\/assainissement\/\">&gt; Assainissement<\/a><\/h4>\n<h5>&#8211; Autosurveillance<br \/>\n<a style=\"margin-left: 20px;\" href=\"https:\/\/asso.graie.org\/portail\/animationregionale\/station-depuration\/\">&#8211; Stations d&rsquo;\u00e9puration<\/a><br \/>\n&#8211; Effluents non domestiques<br \/>\n&#8211; Assainissement non collectif<\/h5>\n<h4><a href=\"https:\/\/asso.graie.org\/portail\/thematiques\/milieux-aquatiques\/\">&gt; Milieux aquatiques<\/a><\/h4>\n<h2><a href=\"https:\/\/asso.graie.org\/portail\/diffusion\/\">Diffusion<\/a><\/h2>\n<h4><a href=\"https:\/\/asso.graie.org\/portail\/productions\/nos-publications\/\">&gt; Publications et ressources<\/a><br \/>\n<a href=\"https:\/\/asso.graie.org\/portail\/productions\/nos-supports-de-sensibilisation\/\">&gt; Supports de sensibilisation<\/a><br \/>\n<a href=\"https:\/\/asso.graie.org\/portail\/productions\/nos-sites-web\/\"> &gt; Nos sites web<\/a><\/h4>\n<\/td>\n<td align=\"left\" valign=\"top\" width=\"50%\">\n<h2 style=\"margin-top: 55px;\"><a style=\"margin-top: -30px;\" href=\"https:\/\/asso.graie.org\/portail\/animationregionale\/\">Animation<\/a><\/h2>\n<h4><a href=\"https:\/\/asso.graie.org\/portail\/animationregionale\/groupesdetravail\/\">&gt; Groupes de travail<\/a><\/h4>\n<h5><a style=\"margin-left: 20px;\" href=\"https:\/\/asso.graie.org\/portail\/animationregionale\/gt-assainissement-non-collectif-anc\/\">&#8211; Assainissement non collectif<\/a><br \/>\n<a style=\"margin-left: 20px;\" href=\"https:\/\/asso.graie.org\/portail\/animationregionale\/gt-autosurveillance\/\">&#8211; Autosurveillance<\/a><br \/>\n<a style=\"margin-left: 20px;\" href=\"https:\/\/asso.graie.org\/portail\/animationregionale\/gt-stations-epuration\/\">&#8211; Stations d\u2019\u00e9puration<\/a><br \/>\n<a style=\"margin-left: 20px;\" href=\"https:\/\/asso.graie.org\/portail\/animationregionale\/gt-eaux-pluviales\/\">&#8211; Eaux Pluviales<\/a><br \/>\n<a style=\"margin-left: 20px;\" href=\"https:\/\/asso.graie.org\/portail\/animationregionale\/gt-effluents-non-domestiques\/\">&#8211; Effluents non domestiques<\/a><br \/>\n<a style=\"margin-left: 20px;\" href=\"https:\/\/asso.graie.org\/portail\/animationregionale\/gt-competences\/\">&#8211; Comp\u00e9tences<\/a><\/h5>\n<h4><a href=\"https:\/\/asso.graie.org\/portail\/animation-regionale\/animations-specifiques\/\">&gt; Animations sp\u00e9cifiques<\/a><\/h4>\n<h5><a style=\"margin-left: 20px;\" href=\"https:\/\/asso.graie.org\/portail\/animationregionale\/animations-specifiques\/peches-outils-scientifiques\/\">&#8211; P\u00eache aux outils scientifiques<\/a><br \/>\n<a style=\"margin-left: 20px;\" href=\"https:\/\/asso.graie.org\/portail\/animationregionale\/animations-specifiques\/charte-anc-charte-anc-accueil\/\">&#8211; Charte Qualit&rsquo;ANC<\/a><br \/>\n<a style=\"margin-left: 20px;\" href=\"https:\/\/asso.graie.org\/portail\/animationregionale\/animations-specifiques\/cooperation-france-quebec-eaux-pluviales\/\">&#8211; Coop\u00e9ration France\/Qu\u00e9bec &#8211; Eaux Pluviales<\/a><br \/>\n<a style=\"margin-left: 20px;\" href=\"https:\/\/asso.graie.org\/portail\/animationregionale\/animations-specifiques\/reseau-animateurs-eaux-pluviales\/\">&#8211; R\u00e9seau national des animateurs Eaux Pluviales<\/a><br \/>\n<a style=\"margin-left: 20px;\" href=\"https:\/\/asso.graie.org\/portail\/animationregionale\/animations-specifiques\/territoires-eau-responsables\/\">&#8211; Principes \u00ab\u00a0Eaux-Responsables\u00a0\u00bb<\/a><br \/>\n<a style=\"margin-left: 20px;\" href=\"https:\/\/asso.graie.org\/portail\/animationregionale\/animations-specifiques\/atelier-ville-permeable\/\">&#8211; L&rsquo;Atelier Ville Perm\u00e9able<\/a><\/h5>\n<h4>\u00a0<a href=\"https:\/\/asso.graie.org\/portail\/animationregionale\/observatoires-regionaux\/\">&gt; Observatoires r\u00e9gionaux<\/a><\/h4>\n<h5><a style=\"margin-left: 20px;\" href=\"https:\/\/asso.graie.org\/portail\/animationregionale\/techniques-alternatives\/\">&#8211; Techniques alternatives &#8211; Gestion des Eaux Pluviales<\/a><br \/>\n<a style=\"margin-left: 20px;\" href=\"https:\/\/asso.graie.org\/portail\/animationregionale\/territoires-eau-responsables\/\">&#8211; Territoires \u00ab\u00a0Eau-responsables\u00a0\u00bb<\/a><br \/>\n<a style=\"margin-left: 20px;\" href=\"https:\/\/asso.graie.org\/portail\/animationregionale\/spanc\/\">&#8211; Service Public d&rsquo;Assainissement Non Collectif (SPANC)<\/a><br \/>\n<a style=\"margin-left: 20px;\" href=\"https:\/\/asso.graie.org\/portail\/animationregionale\/autosurveillance-systeme\/\">&#8211; Autosurveillance des syst\u00e8mes d&rsquo;assainissement<\/a><\/h5>\n<h2><a href=\"https:\/\/asso.graie.org\/portail\/recherche\/\">Recherche<\/a><\/h2>\n<h4><a href=\"https:\/\/asso.graie.org\/portail\/dispositifsderecherche\/zabr\/\">&gt; ZABR<\/a><br \/>\n<a href=\"https:\/\/asso.graie.org\/portail\/dispositifsderecherche\/ohm-vr\/\">&gt; OHM VR<\/a><br \/>\n<a href=\"https:\/\/asso.graie.org\/portail\/dispositifsderecherche\/osr\/\">&gt; OSR<\/a><br \/>\n<a href=\"https:\/\/asso.graie.org\/portail\/dispositifsderecherche\/othu\/\">&gt; OTHU<\/a><br \/>\n<a href=\"https:\/\/asso.graie.org\/portail\/dispositifsderecherche\/sipibel\/\">&gt; SIPIBEL<\/a><\/h4>\n<h2><a href=\"https:\/\/asso.graie.org\/portail\/conferences-internationales\/\">\u00c0 l\u2019international<\/a><\/h2>\n<h4><a href=\"https:\/\/asso.graie.org\/portail\/alinternational\/isrivers\/\">&gt; I.S.Rivers<\/a><br \/>\n<a href=\"https:\/\/asso.graie.org\/portail\/alinternationale\/novatech\/\">&gt; Novatech<\/a><\/h4>\n<h2><a href=\"https:\/\/asso.graie.org\/portail\/about-the-graie\/\">About the graie<\/a><\/h2>\n<h4><a href=\"http:\/\/www.graie.org\/groupes\/\">Groupes de travail<\/a>\u00a0\u2013\u00a0<a href=\"https:\/\/asso.graie.org\/portail\/adherer\/\">Adh\u00e9rer<\/a><\/h4>\n<h4><a href=\"http:\/\/www.graie.org\/zabr\/index.htm\">ZABR<\/a>\u00a0\u2013\u00a0<a href=\"https:\/\/asso.graie.org\/portail\/recherche\/ohm-vr\/\">OHM<\/a>\u00a0\u2013\u00a0<a href=\"http:\/\/www.graie.org\/osr\/\">OSR<\/a>\u00a0\u2013\u00a0<a href=\"http:\/\/www.graie.org\/othu\/index.htm\">OTHU<\/a>\u00a0\u2013\u00a0<a href=\"http:\/\/www.graie.org\/Sipibel\/index.html\">SIPIBEL<\/a><\/h4>\n<h4><a href=\"https:\/\/asso.graie.org\/portail\/offres-d-emploi\/\">Emploi<\/a>\u00a0\u2013\u00a0<a href=\"https:\/\/asso.graie.org\/portail\/contact\/\">Contact<\/a>\u00a0\u2013\u00a0<a href=\"https:\/\/asso.graie.org\/portail\/plan-du-site\/\">Plan du site<\/a>\u00a0\u2013\u00a0<a href=\"https:\/\/asso.graie.org\/portail\/mentions-legales\/\">Mentions l\u00e9gales<\/a><\/h4>\n<h4><a href=\"https:\/\/asso.graie.org\/portail\/presse\/\">Presse<\/a>\u00a0\u2013\u00a0Newsletter<br \/>\n<a href=\"https:\/\/www.linkedin.com\/company\/graie\/\">LinkedIn<\/a>\u00a0\u2013\u00a0<a href=\"https:\/\/twitter.com\/asso_graie\">Twitter<\/a>\u00a0\u2013\u00a0<a href=\"https:\/\/www.youtube.com\/channel\/UCZQk0Tt7upYwERYNdDIZqLQ\">YouTube<\/a>\u00a0\u2013\u00a0<a href=\"https:\/\/www.flickr.com\/photos\/128276832@N03\/\">Flickr<\/a>\u00a0\u2013\u00a0<a href=\"https:\/\/asso.graie.org\/portail\/feed\/\">RSS<\/a><\/h4>\n<\/td>\n<\/tr>\n<\/tbody>\n<\/table>\n","protected":false},"excerpt":{"rendered":"<p>Accueil L\u2019association &gt; Pr\u00e9sentation &gt; Les membres &gt; Les partenaires &gt; L\u2019\u00e9quipe &gt; Toute l\u2019actualit\u00e9 &#8211; Agenda du Graie &#8211; Derni\u00e8res parutions &#8211; Actualit\u00e9s partenaires Th\u00e9matiques &gt; Eau et sant\u00e9 &gt; Eau dans la ville &#8211; Eaux pluviales &#8211; Comp\u00e9tences &hellip;<\/p>\n","protected":false},"author":1,"featured_media":0,"parent":0,"menu_order":0,"comment_status":"closed","ping_status":"closed","template":"","meta":{"_mi_skip_tracking":false,"footnotes":""},"acf":[],"yoast_head":"<!-- This site is optimized with the Yoast SEO plugin v19.13 - https:\/\/yoast.com\/wordpress\/plugins\/seo\/ -->\n<title>Plan du site | Le Graie<\/title>\n<meta name=\"description\" content=\"Retrouvez ici le plan du site du Graie et toutes ses pages disponibles en un clic.\" \/>\n<meta name=\"robots\" content=\"index, follow, max-snippet:-1, max-image-preview:large, max-video-preview:-1\" \/>\n<link rel=\"canonical\" href=\"https:\/\/asso.graie.org\/portail\/plan-du-site\/\" \/>\n<meta property=\"og:locale\" content=\"fr_FR\" \/>\n<meta property=\"og:type\" content=\"article\" \/>\n<meta property=\"og:title\" content=\"Plan du site | Le Graie\" \/>\n<meta property=\"og:description\" content=\"Retrouvez ici le plan du site du Graie et toutes ses pages disponibles en un clic.\" \/>\n<meta property=\"og:url\" content=\"https:\/\/asso.graie.org\/portail\/plan-du-site\/\" \/>\n<meta property=\"og:site_name\" content=\"Graie\" \/>\n<meta property=\"article:modified_time\" content=\"2023-02-14T08:53:22+00:00\" \/>\n<meta name=\"twitter:card\" content=\"summary_large_image\" \/>\n<meta name=\"twitter:site\" content=\"@asso_graie\" \/>\n<meta name=\"twitter:label1\" content=\"Dur\u00e9e de lecture estim\u00e9e\" \/>\n\t<meta name=\"twitter:data1\" content=\"1 minute\" \/>\n<script type=\"application\/ld+json\" class=\"yoast-schema-graph\">{\"@context\":\"https:\/\/schema.org\",\"@graph\":[{\"@type\":\"WebPage\",\"@id\":\"https:\/\/asso.graie.org\/portail\/plan-du-site\/\",\"url\":\"https:\/\/asso.graie.org\/portail\/plan-du-site\/\",\"name\":\"Plan du site | Le Graie\",\"isPartOf\":{\"@id\":\"https:\/\/asso.graie.org\/portail\/#website\"},\"datePublished\":\"2017-06-30T06:54:25+00:00\",\"dateModified\":\"2023-02-14T08:53:22+00:00\",\"description\":\"Retrouvez ici le plan du site du Graie et toutes ses pages disponibles en un clic.\",\"breadcrumb\":{\"@id\":\"https:\/\/asso.graie.org\/portail\/plan-du-site\/#breadcrumb\"},\"inLanguage\":\"fr-FR\",\"potentialAction\":[{\"@type\":\"ReadAction\",\"target\":[\"https:\/\/asso.graie.org\/portail\/plan-du-site\/\"]}]},{\"@type\":\"BreadcrumbList\",\"@id\":\"https:\/\/asso.graie.org\/portail\/plan-du-site\/#breadcrumb\",\"itemListElement\":[{\"@type\":\"ListItem\",\"position\":1,\"name\":\"Accueil\",\"item\":\"https:\/\/asso.graie.org\/portail\/\"},{\"@type\":\"ListItem\",\"position\":2,\"name\":\"Plan du site\"}]},{\"@type\":\"WebSite\",\"@id\":\"https:\/\/asso.graie.org\/portail\/#website\",\"url\":\"https:\/\/asso.graie.org\/portail\/\",\"name\":\"Graie\",\"description\":\"P\u00f4le Eau et Territoires\",\"publisher\":{\"@id\":\"https:\/\/asso.graie.org\/portail\/#organization\"},\"potentialAction\":[{\"@type\":\"SearchAction\",\"target\":{\"@type\":\"EntryPoint\",\"urlTemplate\":\"https:\/\/asso.graie.org\/portail\/?s={search_term_string}\"},\"query-input\":\"required name=search_term_string\"}],\"inLanguage\":\"fr-FR\"},{\"@type\":\"Organization\",\"@id\":\"https:\/\/asso.graie.org\/portail\/#organization\",\"name\":\"Le Graie\",\"url\":\"https:\/\/asso.graie.org\/portail\/\",\"logo\":{\"@type\":\"ImageObject\",\"inLanguage\":\"fr-FR\",\"@id\":\"https:\/\/asso.graie.org\/portail\/#\/schema\/logo\/image\/\",\"url\":\"https:\/\/asso.graie.org\/portail\/wp-content\/uploads\/2021\/12\/Logotype-Graie.png\",\"contentUrl\":\"https:\/\/asso.graie.org\/portail\/wp-content\/uploads\/2021\/12\/Logotype-Graie.png\",\"width\":1890,\"height\":1181,\"caption\":\"Le Graie\"},\"image\":{\"@id\":\"https:\/\/asso.graie.org\/portail\/#\/schema\/logo\/image\/\"},\"sameAs\":[\"https:\/\/fr.linkedin.com\/company\/graie?trk=top_nav_home\",\"https:\/\/www.youtube.com\/channel\/UCZQk0Tt7upYwERYNdDIZqLQ\",\"https:\/\/twitter.com\/asso_graie\"]}]}<\/script>\n<!-- \/ Yoast SEO plugin. -->","yoast_head_json":{"title":"Plan du site | Le Graie","description":"Retrouvez ici le plan du site du Graie et toutes ses pages disponibles en un clic.","robots":{"index":"index","follow":"follow","max-snippet":"max-snippet:-1","max-image-preview":"max-image-preview:large","max-video-preview":"max-video-preview:-1"},"canonical":"https:\/\/asso.graie.org\/portail\/plan-du-site\/","og_locale":"fr_FR","og_type":"article","og_title":"Plan du site | Le Graie","og_description":"Retrouvez ici le plan du site du Graie et toutes ses pages disponibles en un clic.","og_url":"https:\/\/asso.graie.org\/portail\/plan-du-site\/","og_site_name":"Graie","article_modified_time":"2023-02-14T08:53:22+00:00","twitter_card":"summary_large_image","twitter_site":"@asso_graie","twitter_misc":{"Dur\u00e9e de lecture estim\u00e9e":"1 minute"},"schema":{"@context":"https:\/\/schema.org","@graph":[{"@type":"WebPage","@id":"https:\/\/asso.graie.org\/portail\/plan-du-site\/","url":"https:\/\/asso.graie.org\/portail\/plan-du-site\/","name":"Plan du site | Le Graie","isPartOf":{"@id":"https:\/\/asso.graie.org\/portail\/#website"},"datePublished":"2017-06-30T06:54:25+00:00","dateModified":"2023-02-14T08:53:22+00:00","description":"Retrouvez ici le plan du site du Graie et toutes ses pages disponibles en un clic.","breadcrumb":{"@id":"https:\/\/asso.graie.org\/portail\/plan-du-site\/#breadcrumb"},"inLanguage":"fr-FR","potentialAction":[{"@type":"ReadAction","target":["https:\/\/asso.graie.org\/portail\/plan-du-site\/"]}]},{"@type":"BreadcrumbList","@id":"https:\/\/asso.graie.org\/portail\/plan-du-site\/#breadcrumb","itemListElement":[{"@type":"ListItem","position":1,"name":"Accueil","item":"https:\/\/asso.graie.org\/portail\/"},{"@type":"ListItem","position":2,"name":"Plan du site"}]},{"@type":"WebSite","@id":"https:\/\/asso.graie.org\/portail\/#website","url":"https:\/\/asso.graie.org\/portail\/","name":"Graie","description":"P\u00f4le Eau et Territoires","publisher":{"@id":"https:\/\/asso.graie.org\/portail\/#organization"},"potentialAction":[{"@type":"SearchAction","target":{"@type":"EntryPoint","urlTemplate":"https:\/\/asso.graie.org\/portail\/?s={search_term_string}"},"query-input":"required name=search_term_string"}],"inLanguage":"fr-FR"},{"@type":"Organization","@id":"https:\/\/asso.graie.org\/portail\/#organization","name":"Le Graie","url":"https:\/\/asso.graie.org\/portail\/","logo":{"@type":"ImageObject","inLanguage":"fr-FR","@id":"https:\/\/asso.graie.org\/portail\/#\/schema\/logo\/image\/","url":"https:\/\/asso.graie.org\/portail\/wp-content\/uploads\/2021\/12\/Logotype-Graie.png","contentUrl":"https:\/\/asso.graie.org\/portail\/wp-content\/uploads\/2021\/12\/Logotype-Graie.png","width":1890,"height":1181,"caption":"Le Graie"},"image":{"@id":"https:\/\/asso.graie.org\/portail\/#\/schema\/logo\/image\/"},"sameAs":["https:\/\/fr.linkedin.com\/company\/graie?trk=top_nav_home","https:\/\/www.youtube.com\/channel\/UCZQk0Tt7upYwERYNdDIZqLQ","https:\/\/twitter.com\/asso_graie"]}]}},"_links":{"self":[{"href":"https:\/\/asso.graie.org\/portail\/wp-json\/wp\/v2\/pages\/1181"}],"collection":[{"href":"https:\/\/asso.graie.org\/portail\/wp-json\/wp\/v2\/pages"}],"about":[{"href":"https:\/\/asso.graie.org\/portail\/wp-json\/wp\/v2\/types\/page"}],"author":[{"embeddable":true,"href":"https:\/\/asso.graie.org\/portail\/wp-json\/wp\/v2\/users\/1"}],"replies":[{"embeddable":true,"href":"https:\/\/asso.graie.org\/portail\/wp-json\/wp\/v2\/comments?post=1181"}],"version-history":[{"count":26,"href":"https:\/\/asso.graie.org\/portail\/wp-json\/wp\/v2\/pages\/1181\/revisions"}],"predecessor-version":[{"id":22808,"href":"https:\/\/asso.graie.org\/portail\/wp-json\/wp\/v2\/pages\/1181\/revisions\/22808"}],"wp:attachment":[{"href":"https:\/\/asso.graie.org\/portail\/wp-json\/wp\/v2\/media?parent=1181"}],"curies":[{"name":"wp","href":"https:\/\/api.w.org\/{rel}","templated":true}]}}