{"id":1187,"date":"2017-06-30T08:55:54","date_gmt":"2017-06-30T06:55:54","guid":{"rendered":"https:\/\/asso.graie.org\/portail\/?page_id=1187"},"modified":"2025-11-03T17:28:24","modified_gmt":"2025-11-03T16:28:24","slug":"lequipe-du-graie","status":"publish","type":"page","link":"https:\/\/asso.graie.org\/portail\/lequipe-du-graie\/","title":{"rendered":"L&rsquo;\u00e9quipe"},"content":{"rendered":"\n<div style=\"height:33px\" aria-hidden=\"true\" class=\"wp-block-spacer\"><\/div>\n\n\n\n<h2 class=\"wp-block-heading\">Une \u00e9quipe aux comp\u00e9tences compl\u00e9mentaires, dynamique et r\u00e9active, pr\u00eate \u00e0 r\u00e9pondre \u00e0 vos questions sur les th\u00e9matiques, le r\u00e9seau, les productions, les actions\u2026<\/h2>\n\n\n\n<div style=\"height:33px\" aria-hidden=\"true\" class=\"wp-block-spacer\"><\/div>\n\n\n\n<h2 class=\"wp-block-heading\">Direction<\/h2>\n\n\n\n<div class=\"wp-block-columns is-layout-flex wp-container-4 wp-block-columns-is-layout-flex\">\n<div class=\"wp-block-column is-layout-flow wp-block-column-is-layout-flow\">\n<figure class=\"wp-block-image size-full is-style-default\"><img decoding=\"async\" loading=\"lazy\" width=\"200\" height=\"300\" src=\"https:\/\/asso.graie.org\/portail\/wp-content\/uploads\/2021\/10\/elodie_brelot-3-2.jpg\" alt=\"Elodie Brelot\" class=\"wp-image-18668\"\/><\/figure>\n\n\n\n<h3 class=\"wp-block-heading\">Elodie Brelot<\/h3>\n\n\n\n<p>Directrice du Graie<\/p>\n\n\n\n<p>Directrice de programmes <br><strong>Eau et Sant\u00e9<\/strong><\/p>\n\n\n\n<p>+33 (0)4 72 43 83 68<\/p>\n\n\n\n<p><strong><a href=\"https:\/\/asso.graie.org\/portail\/elodie-brelot\/\">Contacter<\/a><\/strong><\/p>\n<\/div>\n\n\n\n<div class=\"wp-block-column is-layout-flow wp-block-column-is-layout-flow\">\n<figure class=\"wp-block-image size-full is-style-default\"><img decoding=\"async\" loading=\"lazy\" width=\"200\" height=\"300\" src=\"https:\/\/asso.graie.org\/portail\/wp-content\/uploads\/2021\/10\/anne_clemens-2.jpg\" alt=\"Anne Clemens\" class=\"wp-image-18669\"\/><\/figure>\n\n\n\n<h3 class=\"wp-block-heading\">Anne Cl\u00e9mens<\/h3>\n\n\n\n<p>Directrice adjointe du Graie<\/p>\n\n\n\n<p>Directrice de la ZABR<\/p>\n\n\n\n<p>+33 (0)4 72 43 61 61<\/p>\n\n\n\n<p><strong><a href=\"https:\/\/asso.graie.org\/portail\/anne-clemens\/\">Contacter<\/a><\/strong><\/p>\n<\/div>\n\n\n\n<div class=\"wp-block-column is-layout-flow wp-block-column-is-layout-flow\"><\/div>\n<\/div>\n\n\n\n<div style=\"height:36px\" aria-hidden=\"true\" class=\"wp-block-spacer\"><\/div>\n\n\n\n<h2 class=\"wp-block-heading\">P\u00f4le Eau dans la ville<\/h2>\n\n\n\n<div class=\"wp-block-columns is-layout-flex wp-container-8 wp-block-columns-is-layout-flex\">\n<div class=\"wp-block-column is-layout-flow wp-block-column-is-layout-flow\">\n<figure class=\"wp-block-image size-full is-style-default\"><img decoding=\"async\" loading=\"lazy\" width=\"200\" height=\"300\" src=\"https:\/\/asso.graie.org\/portail\/wp-content\/uploads\/2021\/10\/laetitia-bacot-2.jpg\" alt=\"Laetitia Bacot\" class=\"wp-image-18740\"\/><\/figure>\n\n\n\n<h3 class=\"wp-block-heading\">La\u00ebtitia Bacot<\/h3>\n\n\n\n<p>Directrice ex\u00e9cutive de l&rsquo;OTHU<\/p>\n\n\n\n<p>Cheffe de projet &#8211; animation r\u00e9gionale <strong>Eau dans la ville<\/strong><\/p>\n\n\n\n<p>+33 (0)4 72 43 63 02<\/p>\n\n\n\n<p><strong><a href=\"https:\/\/asso.graie.org\/portail\/laetitia-bacot\/\">Contacter<\/a><\/strong><\/p>\n<\/div>\n\n\n\n<div class=\"wp-block-column is-layout-flow wp-block-column-is-layout-flow\">\n<p><\/p>\n\n\n\n<p><\/p>\n\n\n\n<p><\/p>\n\n\n\n<p><\/p>\n\n\n\n<p><\/p>\n\n\n\n<p><\/p>\n\n\n\n<h3 class=\"wp-block-heading\">Elisabeth Gallien<\/h3>\n\n\n\n<p>Responsable de p\u00f4le animation technique<\/p>\n\n\n\n<p>+33 (0)4 72 43 83 68<\/p>\n\n\n\n<p><strong><a href=\"https:\/\/asso.graie.org\/portail\/contact\/\">Contacter<\/a><\/strong><\/p>\n<\/div>\n\n\n\n<div class=\"wp-block-column is-layout-flow wp-block-column-is-layout-flow\">\n<p><\/p>\n\n\n\n<p><\/p>\n\n\n\n<p><\/p>\n\n\n\n<p><\/p>\n\n\n\n<p><\/p>\n\n\n\n<p><\/p>\n\n\n\n<h3 class=\"wp-block-heading\">Axel Greub<\/h3>\n\n\n\n<p>Charg\u00e9 de mission <strong>Eaux pluviales<\/strong><\/p>\n\n\n\n<p>+33 (0)4 72 43 70 56<\/p>\n\n\n\n<p><strong><a href=\"https:\/\/asso.graie.org\/portail\/axel-greub\/\">Contacter<\/a><\/strong><\/p>\n<\/div>\n<\/div>\n\n\n\n<div style=\"height:36px\" aria-hidden=\"true\" class=\"wp-block-spacer\"><\/div>\n\n\n\n<h2 class=\"wp-block-heading\">P\u00f4le Milieux aquatiques<\/h2>\n\n\n\n<div class=\"wp-block-columns is-layout-flex wp-container-12 wp-block-columns-is-layout-flex\">\n<div class=\"wp-block-column is-layout-flow wp-block-column-is-layout-flow\">\n<figure class=\"wp-block-image size-full is-style-default\"><img decoding=\"async\" loading=\"lazy\" width=\"200\" height=\"300\" src=\"https:\/\/asso.graie.org\/portail\/wp-content\/uploads\/2021\/10\/bertrand-morandi-2.jpg\" alt=\"Bertrand Morandi\" class=\"wp-image-18741\"\/><\/figure>\n\n\n\n<h3 class=\"wp-block-heading\">Bertrand Morandi<\/h3>\n\n\n\n<p>Chef de projet Rh\u00f4ne<br>OSR &#8211; OHM &#8211; Rh\u00f4nEco<\/p>\n\n\n\n<p><strong>Milieux aquatiques<\/strong><\/p>\n\n\n\n<p>+33 (0)4 72 43 88 66<\/p>\n\n\n\n<p><strong><a href=\"https:\/\/asso.graie.org\/portail\/bertrand-morandi\/\">Contacter<\/a><\/strong><\/p>\n<\/div>\n\n\n\n<div class=\"wp-block-column is-layout-flow wp-block-column-is-layout-flow\">\n<figure class=\"wp-block-image size-large is-resized is-style-default\"><img decoding=\"async\" loading=\"lazy\" width=\"645\" height=\"1024\" src=\"https:\/\/asso.graie.org\/portail\/wp-content\/uploads\/2022\/10\/Isabelle_costaz_3-645x1024.png\" alt=\"\" class=\"wp-image-21853\" style=\"aspect-ratio:0.6298828125;width:188px;height:auto\" srcset=\"https:\/\/asso.graie.org\/portail\/wp-content\/uploads\/2022\/10\/Isabelle_costaz_3-645x1024.png 645w, https:\/\/asso.graie.org\/portail\/wp-content\/uploads\/2022\/10\/Isabelle_costaz_3-189x300.png 189w, https:\/\/asso.graie.org\/portail\/wp-content\/uploads\/2022\/10\/Isabelle_costaz_3-768x1219.png 768w, https:\/\/asso.graie.org\/portail\/wp-content\/uploads\/2022\/10\/Isabelle_costaz_3-968x1536.png 968w, https:\/\/asso.graie.org\/portail\/wp-content\/uploads\/2022\/10\/Isabelle_costaz_3.png 1138w\" sizes=\"(max-width: 645px) 100vw, 645px\" \/><\/figure>\n\n\n\n<h3 class=\"wp-block-heading\">Isabelle Costaz<\/h3>\n\n\n\n<p>Cheffe de projet Sa\u00f4ne<\/p>\n\n\n\n<p><strong>Milieux aquatiques<\/strong><\/p>\n\n\n\n<p>+33 (0)4 72 43 63 59<\/p>\n\n\n\n<p><strong><a href=\"https:\/\/asso.graie.org\/portail\/isabelle-costaz\/\">Contacter<\/a><\/strong><\/p>\n<\/div>\n\n\n\n<div class=\"wp-block-column is-layout-flow wp-block-column-is-layout-flow\">\n<figure class=\"wp-block-image size-full is-resized is-style-default\"><img decoding=\"async\" loading=\"lazy\" width=\"380\" height=\"553\" src=\"https:\/\/asso.graie.org\/portail\/wp-content\/uploads\/2023\/10\/Elsa_Picard.png\" alt=\"\" class=\"wp-image-24610\" style=\"aspect-ratio:0.6871609403254972;width:207px;height:auto\" srcset=\"https:\/\/asso.graie.org\/portail\/wp-content\/uploads\/2023\/10\/Elsa_Picard.png 380w, https:\/\/asso.graie.org\/portail\/wp-content\/uploads\/2023\/10\/Elsa_Picard-206x300.png 206w\" sizes=\"(max-width: 380px) 100vw, 380px\" \/><\/figure>\n\n\n\n<h3 class=\"wp-block-heading\">Elsa Picard<\/h3>\n\n\n\n<p>Charg\u00e9e de mission ResiRiver<\/p>\n\n\n\n<p><strong>Milieux aquatiques<\/strong><\/p>\n\n\n\n<p>+33 (0)4 72 43 61 75<\/p>\n\n\n\n<p><strong><a href=\"https:\/\/asso.graie.org\/portail\/elsa-picard\/\">Contacter<\/a><\/strong><\/p>\n<\/div>\n<\/div>\n\n\n\n<div style=\"height:36px\" aria-hidden=\"true\" class=\"wp-block-spacer\"><\/div>\n\n\n\n<h2 class=\"wp-block-heading\">P\u00f4le Administratif et Financier<\/h2>\n\n\n\n<div class=\"wp-block-columns is-layout-flex wp-container-16 wp-block-columns-is-layout-flex\">\n<div class=\"wp-block-column is-layout-flow wp-block-column-is-layout-flow\">\n<figure class=\"wp-block-image size-full is-style-default\"><img decoding=\"async\" loading=\"lazy\" width=\"200\" height=\"300\" src=\"https:\/\/asso.graie.org\/portail\/wp-content\/uploads\/2021\/10\/sathya-flory-1.jpg\" alt=\"Sathya Flory\" class=\"wp-image-18720\"\/><\/figure>\n\n\n\n<h3 class=\"wp-block-heading\">Sathya Flory<\/h3>\n\n\n\n<p>Responsable administratif<br>et financier<\/p>\n\n\n\n<p>+33 (0)4 72 43 88 60<\/p>\n\n\n\n<p><strong><a href=\"https:\/\/asso.graie.org\/portail\/sathya-flory\/\">Contacter<\/a><\/strong><\/p>\n<\/div>\n\n\n\n<div class=\"wp-block-column is-layout-flow wp-block-column-is-layout-flow\">\n<figure class=\"wp-block-image size-full is-style-default\"><img decoding=\"async\" loading=\"lazy\" width=\"200\" height=\"300\" src=\"https:\/\/asso.graie.org\/portail\/wp-content\/uploads\/2021\/10\/ouafaa-adnan-2.jpg\" alt=\"Ouafaa Adnan\" class=\"wp-image-18735\"\/><\/figure>\n\n\n\n<h3 class=\"wp-block-heading\">Ouafaa Adnan<\/h3>\n\n\n\n<p>Comptable<\/p>\n\n\n\n<p>+33 (0)4 72 43 63 04<\/p>\n\n\n\n<p><strong><a href=\"https:\/\/asso.graie.org\/portail\/ouafaa-adnan\/\">Contacter<\/a><\/strong><\/p>\n<\/div>\n\n\n\n<div class=\"wp-block-column is-layout-flow wp-block-column-is-layout-flow\">\n<figure class=\"wp-block-image size-full is-resized is-style-default\"><img decoding=\"async\" loading=\"lazy\" width=\"378\" height=\"557\" src=\"https:\/\/asso.graie.org\/portail\/wp-content\/uploads\/2023\/10\/Jennifer_Brahimi.png\" alt=\"\" class=\"wp-image-24613\" style=\"aspect-ratio:0.6786355475763016;width:204px;height:auto\" srcset=\"https:\/\/asso.graie.org\/portail\/wp-content\/uploads\/2023\/10\/Jennifer_Brahimi.png 378w, https:\/\/asso.graie.org\/portail\/wp-content\/uploads\/2023\/10\/Jennifer_Brahimi-204x300.png 204w\" sizes=\"(max-width: 378px) 100vw, 378px\" \/><\/figure>\n\n\n\n<h3 class=\"wp-block-heading\">Jennifer Brahimi<\/h3>\n\n\n\n<p>Charg\u00e9e de vie associative<\/p>\n\n\n\n<p>+33 (0)4 72 43 83 68<\/p>\n\n\n\n<p><strong><a href=\"https:\/\/asso.graie.org\/portail\/jennifer-brahimi\/\">Contacter<\/a><\/strong><\/p>\n<\/div>\n<\/div>\n\n\n\n<div style=\"height:35px\" aria-hidden=\"true\" class=\"wp-block-spacer\"><\/div>\n\n\n\n<h2 class=\"wp-block-heading\">P\u00f4le Communication<\/h2>\n\n\n\n<div class=\"wp-block-columns is-layout-flex wp-container-20 wp-block-columns-is-layout-flex\">\n<div class=\"wp-block-column is-layout-flow wp-block-column-is-layout-flow\">\n<figure class=\"wp-block-image size-full is-resized is-style-default\"><img decoding=\"async\" loading=\"lazy\" width=\"380\" height=\"550\" src=\"https:\/\/asso.graie.org\/portail\/wp-content\/uploads\/2024\/02\/Laure_Dumonte-1.png\" alt=\"\" class=\"wp-image-25490\" style=\"aspect-ratio:0.6909090909090909;width:207px;height:auto\" srcset=\"https:\/\/asso.graie.org\/portail\/wp-content\/uploads\/2024\/02\/Laure_Dumonte-1.png 380w, https:\/\/asso.graie.org\/portail\/wp-content\/uploads\/2024\/02\/Laure_Dumonte-1-207x300.png 207w\" sizes=\"(max-width: 380px) 100vw, 380px\" \/><\/figure>\n\n\n\n<h3 class=\"wp-block-heading\">Laure Dumonte<\/h3>\n\n\n\n<p>Responsable communication<\/p>\n\n\n\n<p>+33 (0)4 72 43 63 01<\/p>\n\n\n\n<p><strong><a href=\"https:\/\/asso.graie.org\/portail\/laure-dumonte\/\">Contacter<\/a><\/strong><\/p>\n<\/div>\n\n\n\n<div class=\"wp-block-column is-layout-flow wp-block-column-is-layout-flow\">\n<h3 class=\"wp-block-heading\">Alice Treuvey<\/h3>\n\n\n\n<p>Charg\u00e9e de communication digitale<\/p>\n\n\n\n<p>+33 (0)4 72 43 89 23<\/p>\n\n\n\n<p><strong><a href=\"https:\/\/asso.graie.org\/portail\/maureen-carpentier\/\">Contacter<\/a><\/strong><\/p>\n<\/div>\n\n\n\n<div class=\"wp-block-column is-layout-flow wp-block-column-is-layout-flow\"><\/div>\n<\/div>\n\n\n\n<div style=\"height:53px\" aria-hidden=\"true\" class=\"wp-block-spacer\"><\/div>\n","protected":false},"excerpt":{"rendered":"<p>Une \u00e9quipe aux comp\u00e9tences compl\u00e9mentaires, dynamique et r\u00e9active, pr\u00eate \u00e0 r\u00e9pondre \u00e0 vos questions sur les th\u00e9matiques, le r\u00e9seau, les productions, les actions\u2026 Direction Elodie Brelot Directrice du Graie Directrice de programmes Eau et Sant\u00e9 +33 (0)4 72 43 83 &hellip;<\/p>\n","protected":false},"author":1,"featured_media":0,"parent":0,"menu_order":0,"comment_status":"closed","ping_status":"closed","template":"","meta":{"_mi_skip_tracking":false,"footnotes":""},"acf":[],"yoast_head":"<!-- This site is optimized with the Yoast SEO plugin v19.13 - https:\/\/yoast.com\/wordpress\/plugins\/seo\/ -->\n<title>L&#039;\u00e9quipe du Graie | Le Graie<\/title>\n<meta name=\"description\" content=\"L&#039;\u00e9quipe du graie est compos\u00e9e de 13 personnes compl\u00e9mentaires, dynamiques et r\u00e9actives, pr\u00eates \u00e0 r\u00e9pondre \u00e0 vos questions.\" \/>\n<meta name=\"robots\" content=\"index, follow, max-snippet:-1, max-image-preview:large, max-video-preview:-1\" \/>\n<link rel=\"canonical\" href=\"https:\/\/asso.graie.org\/portail\/lequipe-du-graie\/\" \/>\n<meta property=\"og:locale\" content=\"fr_FR\" \/>\n<meta property=\"og:type\" content=\"article\" \/>\n<meta property=\"og:title\" content=\"L&#039;\u00e9quipe du Graie | Le Graie\" \/>\n<meta property=\"og:description\" content=\"L&#039;\u00e9quipe du graie est compos\u00e9e de 13 personnes compl\u00e9mentaires, dynamiques et r\u00e9actives, pr\u00eates \u00e0 r\u00e9pondre \u00e0 vos questions.\" \/>\n<meta property=\"og:url\" content=\"https:\/\/asso.graie.org\/portail\/lequipe-du-graie\/\" \/>\n<meta property=\"og:site_name\" content=\"Graie\" \/>\n<meta property=\"article:modified_time\" content=\"2025-11-03T16:28:24+00:00\" \/>\n<meta property=\"og:image\" content=\"https:\/\/asso.graie.org\/portail\/wp-content\/uploads\/2021\/10\/elodie_brelot-3-2.jpg\" \/>\n<meta name=\"twitter:card\" content=\"summary_large_image\" \/>\n<meta name=\"twitter:site\" content=\"@asso_graie\" \/>\n<meta name=\"twitter:label1\" content=\"Dur\u00e9e de lecture estim\u00e9e\" \/>\n\t<meta name=\"twitter:data1\" content=\"4 minutes\" \/>\n<script type=\"application\/ld+json\" class=\"yoast-schema-graph\">{\"@context\":\"https:\/\/schema.org\",\"@graph\":[{\"@type\":\"WebPage\",\"@id\":\"https:\/\/asso.graie.org\/portail\/lequipe-du-graie\/\",\"url\":\"https:\/\/asso.graie.org\/portail\/lequipe-du-graie\/\",\"name\":\"L'\u00e9quipe du Graie | Le Graie\",\"isPartOf\":{\"@id\":\"https:\/\/asso.graie.org\/portail\/#website\"},\"datePublished\":\"2017-06-30T06:55:54+00:00\",\"dateModified\":\"2025-11-03T16:28:24+00:00\",\"description\":\"L'\u00e9quipe du graie est compos\u00e9e de 13 personnes compl\u00e9mentaires, dynamiques et r\u00e9actives, pr\u00eates \u00e0 r\u00e9pondre \u00e0 vos questions.\",\"breadcrumb\":{\"@id\":\"https:\/\/asso.graie.org\/portail\/lequipe-du-graie\/#breadcrumb\"},\"inLanguage\":\"fr-FR\",\"potentialAction\":[{\"@type\":\"ReadAction\",\"target\":[\"https:\/\/asso.graie.org\/portail\/lequipe-du-graie\/\"]}]},{\"@type\":\"BreadcrumbList\",\"@id\":\"https:\/\/asso.graie.org\/portail\/lequipe-du-graie\/#breadcrumb\",\"itemListElement\":[{\"@type\":\"ListItem\",\"position\":1,\"name\":\"Accueil\",\"item\":\"https:\/\/asso.graie.org\/portail\/\"},{\"@type\":\"ListItem\",\"position\":2,\"name\":\"L&rsquo;\u00e9quipe\"}]},{\"@type\":\"WebSite\",\"@id\":\"https:\/\/asso.graie.org\/portail\/#website\",\"url\":\"https:\/\/asso.graie.org\/portail\/\",\"name\":\"Graie\",\"description\":\"P\u00f4le Eau et Territoires\",\"publisher\":{\"@id\":\"https:\/\/asso.graie.org\/portail\/#organization\"},\"potentialAction\":[{\"@type\":\"SearchAction\",\"target\":{\"@type\":\"EntryPoint\",\"urlTemplate\":\"https:\/\/asso.graie.org\/portail\/?s={search_term_string}\"},\"query-input\":\"required name=search_term_string\"}],\"inLanguage\":\"fr-FR\"},{\"@type\":\"Organization\",\"@id\":\"https:\/\/asso.graie.org\/portail\/#organization\",\"name\":\"Le Graie\",\"url\":\"https:\/\/asso.graie.org\/portail\/\",\"logo\":{\"@type\":\"ImageObject\",\"inLanguage\":\"fr-FR\",\"@id\":\"https:\/\/asso.graie.org\/portail\/#\/schema\/logo\/image\/\",\"url\":\"https:\/\/asso.graie.org\/portail\/wp-content\/uploads\/2021\/12\/Logotype-Graie.png\",\"contentUrl\":\"https:\/\/asso.graie.org\/portail\/wp-content\/uploads\/2021\/12\/Logotype-Graie.png\",\"width\":1890,\"height\":1181,\"caption\":\"Le Graie\"},\"image\":{\"@id\":\"https:\/\/asso.graie.org\/portail\/#\/schema\/logo\/image\/\"},\"sameAs\":[\"https:\/\/fr.linkedin.com\/company\/graie?trk=top_nav_home\",\"https:\/\/www.youtube.com\/channel\/UCZQk0Tt7upYwERYNdDIZqLQ\",\"https:\/\/twitter.com\/asso_graie\"]}]}<\/script>\n<!-- \/ Yoast SEO plugin. -->","yoast_head_json":{"title":"L'\u00e9quipe du Graie | Le Graie","description":"L'\u00e9quipe du graie est compos\u00e9e de 13 personnes compl\u00e9mentaires, dynamiques et r\u00e9actives, pr\u00eates \u00e0 r\u00e9pondre \u00e0 vos questions.","robots":{"index":"index","follow":"follow","max-snippet":"max-snippet:-1","max-image-preview":"max-image-preview:large","max-video-preview":"max-video-preview:-1"},"canonical":"https:\/\/asso.graie.org\/portail\/lequipe-du-graie\/","og_locale":"fr_FR","og_type":"article","og_title":"L'\u00e9quipe du Graie | Le Graie","og_description":"L'\u00e9quipe du graie est compos\u00e9e de 13 personnes compl\u00e9mentaires, dynamiques et r\u00e9actives, pr\u00eates \u00e0 r\u00e9pondre \u00e0 vos questions.","og_url":"https:\/\/asso.graie.org\/portail\/lequipe-du-graie\/","og_site_name":"Graie","article_modified_time":"2025-11-03T16:28:24+00:00","og_image":[{"url":"https:\/\/asso.graie.org\/portail\/wp-content\/uploads\/2021\/10\/elodie_brelot-3-2.jpg"}],"twitter_card":"summary_large_image","twitter_site":"@asso_graie","twitter_misc":{"Dur\u00e9e de lecture estim\u00e9e":"4 minutes"},"schema":{"@context":"https:\/\/schema.org","@graph":[{"@type":"WebPage","@id":"https:\/\/asso.graie.org\/portail\/lequipe-du-graie\/","url":"https:\/\/asso.graie.org\/portail\/lequipe-du-graie\/","name":"L'\u00e9quipe du Graie | Le Graie","isPartOf":{"@id":"https:\/\/asso.graie.org\/portail\/#website"},"datePublished":"2017-06-30T06:55:54+00:00","dateModified":"2025-11-03T16:28:24+00:00","description":"L'\u00e9quipe du graie est compos\u00e9e de 13 personnes compl\u00e9mentaires, dynamiques et r\u00e9actives, pr\u00eates \u00e0 r\u00e9pondre \u00e0 vos questions.","breadcrumb":{"@id":"https:\/\/asso.graie.org\/portail\/lequipe-du-graie\/#breadcrumb"},"inLanguage":"fr-FR","potentialAction":[{"@type":"ReadAction","target":["https:\/\/asso.graie.org\/portail\/lequipe-du-graie\/"]}]},{"@type":"BreadcrumbList","@id":"https:\/\/asso.graie.org\/portail\/lequipe-du-graie\/#breadcrumb","itemListElement":[{"@type":"ListItem","position":1,"name":"Accueil","item":"https:\/\/asso.graie.org\/portail\/"},{"@type":"ListItem","position":2,"name":"L&rsquo;\u00e9quipe"}]},{"@type":"WebSite","@id":"https:\/\/asso.graie.org\/portail\/#website","url":"https:\/\/asso.graie.org\/portail\/","name":"Graie","description":"P\u00f4le Eau et Territoires","publisher":{"@id":"https:\/\/asso.graie.org\/portail\/#organization"},"potentialAction":[{"@type":"SearchAction","target":{"@type":"EntryPoint","urlTemplate":"https:\/\/asso.graie.org\/portail\/?s={search_term_string}"},"query-input":"required name=search_term_string"}],"inLanguage":"fr-FR"},{"@type":"Organization","@id":"https:\/\/asso.graie.org\/portail\/#organization","name":"Le Graie","url":"https:\/\/asso.graie.org\/portail\/","logo":{"@type":"ImageObject","inLanguage":"fr-FR","@id":"https:\/\/asso.graie.org\/portail\/#\/schema\/logo\/image\/","url":"https:\/\/asso.graie.org\/portail\/wp-content\/uploads\/2021\/12\/Logotype-Graie.png","contentUrl":"https:\/\/asso.graie.org\/portail\/wp-content\/uploads\/2021\/12\/Logotype-Graie.png","width":1890,"height":1181,"caption":"Le Graie"},"image":{"@id":"https:\/\/asso.graie.org\/portail\/#\/schema\/logo\/image\/"},"sameAs":["https:\/\/fr.linkedin.com\/company\/graie?trk=top_nav_home","https:\/\/www.youtube.com\/channel\/UCZQk0Tt7upYwERYNdDIZqLQ","https:\/\/twitter.com\/asso_graie"]}]}},"_links":{"self":[{"href":"https:\/\/asso.graie.org\/portail\/wp-json\/wp\/v2\/pages\/1187"}],"collection":[{"href":"https:\/\/asso.graie.org\/portail\/wp-json\/wp\/v2\/pages"}],"about":[{"href":"https:\/\/asso.graie.org\/portail\/wp-json\/wp\/v2\/types\/page"}],"author":[{"embeddable":true,"href":"https:\/\/asso.graie.org\/portail\/wp-json\/wp\/v2\/users\/1"}],"replies":[{"embeddable":true,"href":"https:\/\/asso.graie.org\/portail\/wp-json\/wp\/v2\/comments?post=1187"}],"version-history":[{"count":110,"href":"https:\/\/asso.graie.org\/portail\/wp-json\/wp\/v2\/pages\/1187\/revisions"}],"predecessor-version":[{"id":29563,"href":"https:\/\/asso.graie.org\/portail\/wp-json\/wp\/v2\/pages\/1187\/revisions\/29563"}],"wp:attachment":[{"href":"https:\/\/asso.graie.org\/portail\/wp-json\/wp\/v2\/media?parent=1187"}],"curies":[{"name":"wp","href":"https:\/\/api.w.org\/{rel}","templated":true}]}}