{"id":1201,"date":"2017-06-30T09:02:19","date_gmt":"2017-06-30T07:02:19","guid":{"rendered":"https:\/\/asso.graie.org\/portail\/?page_id=1201"},"modified":"2024-02-26T09:29:27","modified_gmt":"2024-02-26T08:29:27","slug":"eaux-pluviales","status":"publish","type":"page","link":"https:\/\/asso.graie.org\/portail\/thematiques\/eau-dans-la-ville\/eaux-pluviales\/","title":{"rendered":"Eaux pluviales"},"content":{"rendered":"\n<div style=\"height:50px\" aria-hidden=\"true\" class=\"wp-block-spacer\"><\/div>\n\n\n\n<h3 class=\"wp-block-heading has-text-align-center\"><a href=\"https:\/\/asso.graie.org\/portail\/thematiques\/eau-dans-la-ville\/eaux-pluviales\/\"><strong>EAUX PLUVIALES<\/strong><\/a>&nbsp; |&nbsp; <a href=\"https:\/\/asso.graie.org\/portail\/thematiques\/eau-dans-la-ville\/competences\/\">COMP\u00c9TENCE<\/a>&nbsp; |&nbsp; <a href=\"https:\/\/asso.graie.org\/portail\/thematiques\/eau-dans-la-ville\/autosurveillance-2\/\">AUTOSURVEILLANCE<\/a><\/h3>\n\n\n\n<div style=\"height:50px\" aria-hidden=\"true\" class=\"wp-block-spacer\"><\/div>\n\n\n\n<h2 class=\"wp-block-heading\">Mieux ma\u00eetriser l\u2019impact des rejets des eaux pluviales et promouvoir des solutions alternatives de gestion<\/h2>\n\n\n\n<div style=\"height:31px\" aria-hidden=\"true\" class=\"wp-block-spacer\"><\/div>\n\n\n\n<p><strong>La gestion des eaux pluviales est un th\u00e8me central de l\u2019activit\u00e9 du Graie depuis sa cr\u00e9ation. Gr\u00e2ce \u00e0 l\u2019organisation de la conf\u00e9rence internationale Novatech, l\u2019expertise du Graie sur cette th\u00e9matique est reconnue jusqu\u2019au niveau international.<\/strong><\/p>\n\n\n\n<div style=\"height:31px\" aria-hidden=\"true\" class=\"wp-block-spacer\"><\/div>\n\n\n\n<p>La gestion des eaux pluviales est de la responsabilit\u00e9 de tous et doit \u00eatre abord\u00e9e de l&rsquo;\u00e9chelle du b\u00e2ti au bassin versant. Des solutions alternatives au \u00ab\u00a0tout-tuyaux\u00a0\u00bb existent, des strat\u00e9gies plus int\u00e9gr\u00e9es sont reconnues ; elles constituent souvent des solutions efficaces et durables. Si les techniques sont relativement simples, des recherches importantes se poursuivent, notamment sur les ph\u00e9nom\u00e8nes et les strat\u00e9gies. Par ailleurs, la sensibilisation et l&rsquo;information sont essentielles pour aller vers une culture commune de la gestion de l&rsquo;eau, partag\u00e9e par les d\u00e9cideurs et techniciens, les urbanistes, am\u00e9nageurs, paysagistes et professionnels de la gestion de l&rsquo;eau.<\/p>\n\n\n\n<div style=\"height:31px\" aria-hidden=\"true\" class=\"wp-block-spacer\"><\/div>\n\n\n\n<p>Ainsi, l\u2019action du Graie s\u2019articule autour&nbsp;de l\u2019animation d\u2019un <a href=\"https:\/\/asso.graie.org\/portail\/animationregionale\/techniques-alternatives\/\"><strong>observatoire r\u00e9gional <\/strong><\/a>des op\u00e9rations exemplaires pour la gestion des eaux pluviales, du dispositif de recherche <a href=\"https:\/\/asso.graie.org\/portail\/dispositifsderecherche\/othu\/\"><strong>OTHU<\/strong><\/a>, et d\u2019un <a href=\"https:\/\/asso.graie.org\/portail\/animationregionale\/gt-eaux-pluviales\/\"><strong>groupe de travail r\u00e9gional<\/strong><\/a>, de la r\u00e9daction d&rsquo;<a href=\"https:\/\/www.graie.org\/graie\/graiedoc\/doc_telech\/GRAIE_OutilsSupportsPedagogiques_EauxPluvialesAmenagement.pdf\"><strong>outils et de supports de sensibilisation<\/strong><\/a>, &nbsp;et de l\u2019organisation de la conf\u00e9rence internationale <a href=\"https:\/\/asso.graie.org\/portail\/alinternationale\/novatech\/\"><strong>Novatech<\/strong><\/a>, tous les 3 ans \u00e0 Lyon, depuis 1992, et de <a href=\"https:\/\/asso.graie.org\/portail\/resultat-de-recherche-detaillee\/?_sf_s=pluvial&amp;_sfm_source2=productions_du_graie&amp;_sfm_type_de_document=conference\"><strong>rencontres r\u00e9gionales ou nationales<\/strong><\/a> r\u00e9guli\u00e8res sur l&rsquo;am\u00e9nagement et la gestion des eaux pluviales.<\/p>\n\n\n\n<div style=\"height:31px\" aria-hidden=\"true\" class=\"wp-block-spacer\"><\/div>\n\n\n\n<p>Depuis 2019, le Graie est \u00e0 l&rsquo;initiative d&rsquo;un <a href=\"https:\/\/asso.graie.org\/portail\/1ere-rencontre-nationale-des-animateurs-eaux-pluviales\/\" class=\"broken_link\"><strong>R\u00e9seau National des Animateurs \u00ab\u00a0Eaux Pluviales\u00a0\u00bb<\/strong><\/a>, lanc\u00e9 dans le cadre de la conf\u00e9rence Novatech. Il a pour objet de contribuer \u00e0 faciliter le d\u00e9ploiement effectif de ces strat\u00e9gies et solutions sur les territoires par l\u2019acquisition collective et partag\u00e9e d\u2019\u00e9l\u00e9ments de langage, de retours d\u2019exp\u00e9riences, d\u2019outils, de documents et de r\u00e9ponses aux questions qui constituent aujourd\u2019hui des freins.<\/p>\n\n\n\n<div style=\"height:31px\" aria-hidden=\"true\" class=\"wp-block-spacer\"><\/div>\n\n\n\n<p>En 2021, le Graie est partenaire du <a href=\"https:\/\/asso.graie.org\/portail\/le-graie-prend-part-au-projet-co-udlabs\/\"><strong>Projet europ\u00e9en* Co-UDLabs<\/strong><\/a> &#8211; la construction d&rsquo;un r\u00e9seau europ\u00e9en de laboratoires de recherche en hydrologie urbaine. Le consortium est coordonn\u00e9 par l&rsquo;universit\u00e9 de Corona (Espagne) et se compose de 9 partenaires de 7 pays europ\u00e9ens. Le budget du projet est enti\u00e8rement financ\u00e9 par la Commission europ\u00e9enne \u00e0 hauteur de 5 M\u20ac. Le projet d\u00e9bute en Mai 2021 pour une dur\u00e9e de 4 ans.<\/p>\n\n\n\n<div style=\"height:31px\" aria-hidden=\"true\" class=\"wp-block-spacer\"><\/div>\n\n\n\n<p>Le projet Co-UDLabs (Building Collaborative Urban Drainage Research Labs Communities) vise \u00e0 faciliter l\u2019acc\u00e8s aux infrastructures de recherche en hydrologie urbaine et \u00e9laborer des projets collaboratifs. Il a pour ambition de faciliter les liens et le transfert des connaissances et des outils \u00e9labor\u00e9s vers les praticiens, et ainsi contribuer \u00e0 \u00e0 l&rsquo;innovation et \u00e0&nbsp; l&rsquo;\u00e9volution des pratiques. Le Graie est partenaire du projet en charge de t\u00e2ches relatives \u00e0 la stimulation et l&rsquo;animation des interfaces entre chercheurs, praticiens et l\u00e9gislateurs.<\/p>\n\n\n\n<div style=\"height:31px\" aria-hidden=\"true\" class=\"wp-block-spacer\"><\/div>\n\n\n\n<p><span id=\"s2_1\">*projet soutenu par l&rsquo;union europ\u00e9enne dans le projet Horizon 2020 &#8211; N\u00b0101008626.<\/span><\/p>\n\n\n\n<div style=\"height:31px\" aria-hidden=\"true\" class=\"wp-block-spacer\"><\/div>\n\n\n\n\t\t<div class=\"clearfix\"><\/div>\n\t\t<hr style=\"margin-top:20px; margin-bottom:20px;\" class=\"divider divider-solid\">\n\t\n\n\n\n<div style=\"height:31px\" aria-hidden=\"true\" class=\"wp-block-spacer\"><\/div>\n\n\n\n<h2 class=\"wp-block-heading\"><strong>Nos derni\u00e8res productions et documents de r\u00e9f\u00e9rence<\/strong><\/h2>\n\n\n\n<div style=\"height:25px\" aria-hidden=\"true\" class=\"wp-block-spacer\"><\/div>\n\n\n\n<p>&gt;&nbsp;<a href=\"https:\/\/asso.graie.org\/portail\/outils-et-supports-pedagogiques-pour-une-gestion-integree-des-eaux-pluviales\/\" target=\"_blank\" rel=\"noopener noreferrer\"><strong>R\u00e9capitulatif des principaux outils et supports p\u00e9dagogiques<\/strong> produits par <\/a>le groupe de travail \u00ab\u00a0Pluvial\u00a0\u00bb<\/p>\n\n\n\n<p>&gt; <a href=\"https:\/\/asso.graie.org\/portail\/http-www-graie-org-graie-graiedoc-doc_telech-eaux_pluviales_gestion_source_cout_sept18-pdf\/\"><strong>Comparaison des co\u00fbts de diff\u00e9rents sc\u00e9narios de gestion des eaux pluviales<\/strong><\/a>, Groupe de travail \u00ab\u00a0eaux pluviales et am\u00e9nagement\u00a0\u00bb, septembre 2018 &#8211; 8p<\/p>\n\n\n\n<p>&gt; <a href=\"http:\/\/www.graie.org\/graie\/graiedoc\/reseaux\/pluvial\/TA_FreinsAvantages\/EauxPluviales-outil-techniquesalternatives-V2-nov2016.pdf\"><strong>Les fiches Vrais\/Faux &#8211; Les \u00ab\u00a0techniques alternatives\u00a0\u00bb pour la gestion des eaux pluviales<\/strong><\/a> &#8211; risques r\u00e9els et avantages &#8211; 2016, MAJ 2022 &#8211; 58 p.<\/p>\n\n\n\n<div style=\"height:31px\" aria-hidden=\"true\" class=\"wp-block-spacer\"><\/div>\n\n\n\n\t\t<div class=\"clearfix\"><\/div>\n\t\t<hr style=\"margin-top:20px; margin-bottom:20px;\" class=\"divider divider-solid\">\n\t\n\n\n\n<div style=\"height:48px\" aria-hidden=\"true\" class=\"wp-block-spacer\"><\/div>\n\n\n\n<h2 class=\"wp-block-heading\"><strong>Autres ressources<\/strong><\/h2>\n\n\n\n<div style=\"height:31px\" aria-hidden=\"true\" class=\"wp-block-spacer\"><\/div>\n\n\n\n<h3 class=\"wp-block-heading\">Liens utiles<\/h3>\n\n\n\n<p><a href=\"https:\/\/assainissement.developpement-durable.gouv.fr\/pages\/data\/actu.php\">> Portail d&rsquo;information sur l&rsquo;assainissement communal<\/a> du Minist\u00e8re de la Transition \u00e9cologique et solidaire<\/p>\n\n\n\n<p><a href=\"http:\/\/adopta.fr\" target=\"_blank\" rel=\"noopener noreferrer\">&gt; ADOPTA<\/a> (Association pour le D\u00e9veloppement Op\u00e9rationnel et la Promotion des Techniques Alternatives en mati\u00e8re d&rsquo;eaux pluviales)<\/p>\n\n\n\n<p><a href=\"http:\/\/www.cerema.fr\/\" target=\"_blank\" rel=\"noopener noreferrer\">&gt; CEREMA <\/a>(Centre d\u2019\u00e9tudes et d&rsquo;expertise sur les risques, l&rsquo;environnement, la mobilit\u00e9 et l&rsquo;am\u00e9nagement)<\/p>\n\n\n\n<p><a class=\"plus\" href=\"https:\/\/asso.graie.org\/portail\/resultat-de-recherche-detaillee\/?_sfm_source2=sources_externes&amp;_sfm_categorie_prod=eaux_puviales\" target=\"_blank\" rel=\"noopener noreferrer\">Tous les liens utiles<\/a><\/p>\n","protected":false},"excerpt":{"rendered":"<p>EAUX PLUVIALES&nbsp; |&nbsp; COMP\u00c9TENCE&nbsp; |&nbsp; AUTOSURVEILLANCE Mieux ma\u00eetriser l\u2019impact des rejets des eaux pluviales et promouvoir des solutions alternatives de gestion La gestion des eaux pluviales est un th\u00e8me central de l\u2019activit\u00e9 du Graie depuis sa cr\u00e9ation. Gr\u00e2ce \u00e0 l\u2019organisation &hellip;<\/p>\n","protected":false},"author":1,"featured_media":0,"parent":1199,"menu_order":0,"comment_status":"closed","ping_status":"closed","template":"","meta":{"_mi_skip_tracking":false,"footnotes":""},"acf":[],"yoast_head":"<!-- This site is optimized with the Yoast SEO plugin v19.13 - https:\/\/yoast.com\/wordpress\/plugins\/seo\/ -->\n<title>Eaux pluviales | Eau dans la ville | Le Graie<\/title>\n<meta name=\"description\" content=\"Le Graie souhaite encourager \u00e0 mieux ma\u00eetriser l\u2019impact des rejets des eaux pluviales et promouvoir des solutions alternatives de gestion.\" \/>\n<meta name=\"robots\" content=\"index, follow, max-snippet:-1, max-image-preview:large, max-video-preview:-1\" \/>\n<link rel=\"canonical\" href=\"https:\/\/asso.graie.org\/portail\/thematiques\/eau-dans-la-ville\/eaux-pluviales\/\" \/>\n<meta property=\"og:locale\" content=\"fr_FR\" \/>\n<meta property=\"og:type\" content=\"article\" \/>\n<meta property=\"og:title\" content=\"Eaux pluviales | Eau dans la ville | Le Graie\" \/>\n<meta property=\"og:description\" content=\"Le Graie souhaite encourager \u00e0 mieux ma\u00eetriser l\u2019impact des rejets des eaux pluviales et promouvoir des solutions alternatives de gestion.\" \/>\n<meta property=\"og:url\" content=\"https:\/\/asso.graie.org\/portail\/thematiques\/eau-dans-la-ville\/eaux-pluviales\/\" \/>\n<meta property=\"og:site_name\" content=\"Graie\" \/>\n<meta property=\"article:modified_time\" content=\"2024-02-26T08:29:27+00:00\" \/>\n<meta name=\"twitter:card\" content=\"summary_large_image\" \/>\n<meta name=\"twitter:site\" content=\"@asso_graie\" \/>\n<meta name=\"twitter:label1\" content=\"Dur\u00e9e de lecture estim\u00e9e\" \/>\n\t<meta name=\"twitter:data1\" content=\"3 minutes\" \/>\n<script type=\"application\/ld+json\" class=\"yoast-schema-graph\">{\"@context\":\"https:\/\/schema.org\",\"@graph\":[{\"@type\":\"WebPage\",\"@id\":\"https:\/\/asso.graie.org\/portail\/thematiques\/eau-dans-la-ville\/eaux-pluviales\/\",\"url\":\"https:\/\/asso.graie.org\/portail\/thematiques\/eau-dans-la-ville\/eaux-pluviales\/\",\"name\":\"Eaux pluviales | Eau dans la ville | Le Graie\",\"isPartOf\":{\"@id\":\"https:\/\/asso.graie.org\/portail\/#website\"},\"datePublished\":\"2017-06-30T07:02:19+00:00\",\"dateModified\":\"2024-02-26T08:29:27+00:00\",\"description\":\"Le Graie souhaite encourager \u00e0 mieux ma\u00eetriser l\u2019impact des rejets des eaux pluviales et promouvoir des solutions alternatives de gestion.\",\"breadcrumb\":{\"@id\":\"https:\/\/asso.graie.org\/portail\/thematiques\/eau-dans-la-ville\/eaux-pluviales\/#breadcrumb\"},\"inLanguage\":\"fr-FR\",\"potentialAction\":[{\"@type\":\"ReadAction\",\"target\":[\"https:\/\/asso.graie.org\/portail\/thematiques\/eau-dans-la-ville\/eaux-pluviales\/\"]}]},{\"@type\":\"BreadcrumbList\",\"@id\":\"https:\/\/asso.graie.org\/portail\/thematiques\/eau-dans-la-ville\/eaux-pluviales\/#breadcrumb\",\"itemListElement\":[{\"@type\":\"ListItem\",\"position\":1,\"name\":\"Accueil\",\"item\":\"https:\/\/asso.graie.org\/portail\/\"},{\"@type\":\"ListItem\",\"position\":2,\"name\":\"Th\u00e9matiques\",\"item\":\"https:\/\/asso.graie.org\/portail\/thematiques\/\"},{\"@type\":\"ListItem\",\"position\":3,\"name\":\"Eau dans la ville\",\"item\":\"https:\/\/asso.graie.org\/portail\/thematiques\/eau-dans-la-ville\/\"},{\"@type\":\"ListItem\",\"position\":4,\"name\":\"Eaux pluviales\"}]},{\"@type\":\"WebSite\",\"@id\":\"https:\/\/asso.graie.org\/portail\/#website\",\"url\":\"https:\/\/asso.graie.org\/portail\/\",\"name\":\"Graie\",\"description\":\"P\u00f4le Eau et Territoires\",\"publisher\":{\"@id\":\"https:\/\/asso.graie.org\/portail\/#organization\"},\"potentialAction\":[{\"@type\":\"SearchAction\",\"target\":{\"@type\":\"EntryPoint\",\"urlTemplate\":\"https:\/\/asso.graie.org\/portail\/?s={search_term_string}\"},\"query-input\":\"required name=search_term_string\"}],\"inLanguage\":\"fr-FR\"},{\"@type\":\"Organization\",\"@id\":\"https:\/\/asso.graie.org\/portail\/#organization\",\"name\":\"Le Graie\",\"url\":\"https:\/\/asso.graie.org\/portail\/\",\"logo\":{\"@type\":\"ImageObject\",\"inLanguage\":\"fr-FR\",\"@id\":\"https:\/\/asso.graie.org\/portail\/#\/schema\/logo\/image\/\",\"url\":\"https:\/\/asso.graie.org\/portail\/wp-content\/uploads\/2021\/12\/Logotype-Graie.png\",\"contentUrl\":\"https:\/\/asso.graie.org\/portail\/wp-content\/uploads\/2021\/12\/Logotype-Graie.png\",\"width\":1890,\"height\":1181,\"caption\":\"Le Graie\"},\"image\":{\"@id\":\"https:\/\/asso.graie.org\/portail\/#\/schema\/logo\/image\/\"},\"sameAs\":[\"https:\/\/fr.linkedin.com\/company\/graie?trk=top_nav_home\",\"https:\/\/www.youtube.com\/channel\/UCZQk0Tt7upYwERYNdDIZqLQ\",\"https:\/\/twitter.com\/asso_graie\"]}]}<\/script>\n<!-- \/ Yoast SEO plugin. -->","yoast_head_json":{"title":"Eaux pluviales | Eau dans la ville | Le Graie","description":"Le Graie souhaite encourager \u00e0 mieux ma\u00eetriser l\u2019impact des rejets des eaux pluviales et promouvoir des solutions alternatives de gestion.","robots":{"index":"index","follow":"follow","max-snippet":"max-snippet:-1","max-image-preview":"max-image-preview:large","max-video-preview":"max-video-preview:-1"},"canonical":"https:\/\/asso.graie.org\/portail\/thematiques\/eau-dans-la-ville\/eaux-pluviales\/","og_locale":"fr_FR","og_type":"article","og_title":"Eaux pluviales | Eau dans la ville | Le Graie","og_description":"Le Graie souhaite encourager \u00e0 mieux ma\u00eetriser l\u2019impact des rejets des eaux pluviales et promouvoir des solutions alternatives de gestion.","og_url":"https:\/\/asso.graie.org\/portail\/thematiques\/eau-dans-la-ville\/eaux-pluviales\/","og_site_name":"Graie","article_modified_time":"2024-02-26T08:29:27+00:00","twitter_card":"summary_large_image","twitter_site":"@asso_graie","twitter_misc":{"Dur\u00e9e de lecture estim\u00e9e":"3 minutes"},"schema":{"@context":"https:\/\/schema.org","@graph":[{"@type":"WebPage","@id":"https:\/\/asso.graie.org\/portail\/thematiques\/eau-dans-la-ville\/eaux-pluviales\/","url":"https:\/\/asso.graie.org\/portail\/thematiques\/eau-dans-la-ville\/eaux-pluviales\/","name":"Eaux pluviales | Eau dans la ville | Le Graie","isPartOf":{"@id":"https:\/\/asso.graie.org\/portail\/#website"},"datePublished":"2017-06-30T07:02:19+00:00","dateModified":"2024-02-26T08:29:27+00:00","description":"Le Graie souhaite encourager \u00e0 mieux ma\u00eetriser l\u2019impact des rejets des eaux pluviales et promouvoir des solutions alternatives de gestion.","breadcrumb":{"@id":"https:\/\/asso.graie.org\/portail\/thematiques\/eau-dans-la-ville\/eaux-pluviales\/#breadcrumb"},"inLanguage":"fr-FR","potentialAction":[{"@type":"ReadAction","target":["https:\/\/asso.graie.org\/portail\/thematiques\/eau-dans-la-ville\/eaux-pluviales\/"]}]},{"@type":"BreadcrumbList","@id":"https:\/\/asso.graie.org\/portail\/thematiques\/eau-dans-la-ville\/eaux-pluviales\/#breadcrumb","itemListElement":[{"@type":"ListItem","position":1,"name":"Accueil","item":"https:\/\/asso.graie.org\/portail\/"},{"@type":"ListItem","position":2,"name":"Th\u00e9matiques","item":"https:\/\/asso.graie.org\/portail\/thematiques\/"},{"@type":"ListItem","position":3,"name":"Eau dans la ville","item":"https:\/\/asso.graie.org\/portail\/thematiques\/eau-dans-la-ville\/"},{"@type":"ListItem","position":4,"name":"Eaux pluviales"}]},{"@type":"WebSite","@id":"https:\/\/asso.graie.org\/portail\/#website","url":"https:\/\/asso.graie.org\/portail\/","name":"Graie","description":"P\u00f4le Eau et Territoires","publisher":{"@id":"https:\/\/asso.graie.org\/portail\/#organization"},"potentialAction":[{"@type":"SearchAction","target":{"@type":"EntryPoint","urlTemplate":"https:\/\/asso.graie.org\/portail\/?s={search_term_string}"},"query-input":"required name=search_term_string"}],"inLanguage":"fr-FR"},{"@type":"Organization","@id":"https:\/\/asso.graie.org\/portail\/#organization","name":"Le Graie","url":"https:\/\/asso.graie.org\/portail\/","logo":{"@type":"ImageObject","inLanguage":"fr-FR","@id":"https:\/\/asso.graie.org\/portail\/#\/schema\/logo\/image\/","url":"https:\/\/asso.graie.org\/portail\/wp-content\/uploads\/2021\/12\/Logotype-Graie.png","contentUrl":"https:\/\/asso.graie.org\/portail\/wp-content\/uploads\/2021\/12\/Logotype-Graie.png","width":1890,"height":1181,"caption":"Le Graie"},"image":{"@id":"https:\/\/asso.graie.org\/portail\/#\/schema\/logo\/image\/"},"sameAs":["https:\/\/fr.linkedin.com\/company\/graie?trk=top_nav_home","https:\/\/www.youtube.com\/channel\/UCZQk0Tt7upYwERYNdDIZqLQ","https:\/\/twitter.com\/asso_graie"]}]}},"_links":{"self":[{"href":"https:\/\/asso.graie.org\/portail\/wp-json\/wp\/v2\/pages\/1201"}],"collection":[{"href":"https:\/\/asso.graie.org\/portail\/wp-json\/wp\/v2\/pages"}],"about":[{"href":"https:\/\/asso.graie.org\/portail\/wp-json\/wp\/v2\/types\/page"}],"author":[{"embeddable":true,"href":"https:\/\/asso.graie.org\/portail\/wp-json\/wp\/v2\/users\/1"}],"replies":[{"embeddable":true,"href":"https:\/\/asso.graie.org\/portail\/wp-json\/wp\/v2\/comments?post=1201"}],"version-history":[{"count":15,"href":"https:\/\/asso.graie.org\/portail\/wp-json\/wp\/v2\/pages\/1201\/revisions"}],"predecessor-version":[{"id":25504,"href":"https:\/\/asso.graie.org\/portail\/wp-json\/wp\/v2\/pages\/1201\/revisions\/25504"}],"up":[{"embeddable":true,"href":"https:\/\/asso.graie.org\/portail\/wp-json\/wp\/v2\/pages\/1199"}],"wp:attachment":[{"href":"https:\/\/asso.graie.org\/portail\/wp-json\/wp\/v2\/media?parent=1201"}],"curies":[{"name":"wp","href":"https:\/\/api.w.org\/{rel}","templated":true}]}}