{"id":1203,"date":"2017-06-30T09:02:39","date_gmt":"2017-06-30T07:02:39","guid":{"rendered":"https:\/\/asso.graie.org\/portail\/?page_id=1203"},"modified":"2024-05-20T10:39:38","modified_gmt":"2024-05-20T08:39:38","slug":"competences","status":"publish","type":"page","link":"https:\/\/asso.graie.org\/portail\/thematiques\/eau-dans-la-ville\/competences\/","title":{"rendered":"Comp\u00e9tences"},"content":{"rendered":"\n<div style=\"height:50px\" aria-hidden=\"true\" class=\"wp-block-spacer\"><\/div>\n\n\n\n<h3 class=\"wp-block-heading has-text-align-center\"><a href=\"https:\/\/asso.graie.org\/portail\/thematiques\/eau-dans-la-ville\/eaux-pluviales\/\">EAUX PLUVIALES<\/a>&nbsp; |&nbsp; <a href=\"https:\/\/asso.graie.org\/portail\/thematiques\/eau-dans-la-ville\/competences\/\"><strong>COMP\u00c9TENCE<\/strong><\/a>&nbsp; |&nbsp; <a href=\"https:\/\/asso.graie.org\/portail\/thematiques\/eau-dans-la-ville\/autosurveillance-2\/\">AUTOSURVEILLANCE<\/a><\/h3>\n\n\n\n<div style=\"height:50px\" aria-hidden=\"true\" class=\"wp-block-spacer\"><\/div>\n\n\n\n<h2 class=\"wp-block-heading\"><strong>Accompagner les acteurs publics autour de la mise en \u0153uvre des comp\u00e9tences eau et assainissement et de l\u2019am\u00e9lioration continue des pratiques<\/strong><\/h2>\n\n\n\n<div style=\"height:26px\" aria-hidden=\"true\" class=\"wp-block-spacer\"><\/div>\n\n\n\n<p><strong>Le transfert des comp\u00e9tences eau et assainissement<\/strong><\/p>\n\n\n\n<div style=\"height:26px\" aria-hidden=\"true\" class=\"wp-block-spacer\"><\/div>\n\n\n\n<p>De nombreuses collectivit\u00e9s sont en cours de r\u00e9flexion sur le transfert des comp\u00e9tences eau et assainissement, notamment suite \u00e0 la Loi NOTRe du 7 ao\u00fbt 2015. Celle-ci impose leur transfert des communes vers les EPCI \u2013 y compris communaut\u00e9s de communes et d\u2019agglom\u00e9ration. Bien que le calendrier ait pour partie \u00e9volu\u00e9, d&rsquo;une obligation pour tous au 1<sup>er<\/sup> janvier 2020, au 1er janvier 2026 pour les communaut\u00e9s de communes, le processus de transfert, long et parfois difficile, n\u00e9cessite de s&rsquo;y atteler au plus t\u00f4t.<\/p>\n\n\n\n<div style=\"height:26px\" aria-hidden=\"true\" class=\"wp-block-spacer\"><\/div>\n\n\n\n<p>En 2017, le Graie a lanc\u00e9 une dynamique d&rsquo;accompagnement des collectivit\u00e9s, en apportant des \u00e9l\u00e9ments de r\u00e9ponses \u00e0 leurs principales interrogations concernant la d\u00e9finition et la mise en \u0153uvre de ces comp\u00e9tences. Ont \u00e9t\u00e9 abord\u00e9s les choix strat\u00e9giques, les liens entre gestion de l&rsquo;eau et am\u00e9nagement, la n\u00e9cessit\u00e9 de clarifier ces comp\u00e9tences &#8211; leurs limites et leurs articulations &#8211; le planning de r\u00e9alisation et aujourd&rsquo;hui, l\u2019accompagnement au changement et la sensibilisation, cl\u00e9s fondamentales pour un transfert r\u00e9ussi\u2026<\/p>\n\n\n\n<div style=\"height:26px\" aria-hidden=\"true\" class=\"wp-block-spacer\"><\/div>\n\n\n\n<p><strong>Le r\u00e9seau d&rsquo;\u00e9change r\u00e9gional<\/strong><\/p>\n\n\n\n<div style=\"height:26px\" aria-hidden=\"true\" class=\"wp-block-spacer\"><\/div>\n\n\n\n<p>Le Graie a organis\u00e9 deux premi\u00e8res rencontres sur cette th\u00e9matique en 2017 et 2018. Depuis, l&rsquo;association anime <a href=\"https:\/\/asso.graie.org\/portail\/animationregionale\/gt-competences\/\">un r\u00e9seau d\u2019\u00e9change<\/a> qui rassemble des acteurs r\u00e9gionaux 3 fois par an, afin de mutualiser les r\u00e9flexions, partager les exp\u00e9riences et formaliser des recommandations sur cette th\u00e9matique.<\/p>\n\n\n\n<div style=\"height:26px\" aria-hidden=\"true\" class=\"wp-block-spacer\"><\/div>\n\n\n\n<p><strong>La d\u00e9marche \u00ab&nbsp;territoires eau-responsables&nbsp;\u00bb<\/strong><\/p>\n\n\n\n<div style=\"height:26px\" aria-hidden=\"true\" class=\"wp-block-spacer\"><\/div>\n\n\n\n<p>Le Graie, avec le soutien de l\u2019IWA et de l\u2019ASTEE, encourage les collectivit\u00e9s de la r\u00e9gion Auvergne-Rh\u00f4ne-Alpes \u00e0 adopter et signer les Principes de l\u2019IWA pour des territoires \u00ab eau-responsables \u00bb. Cette d\u00e9marche vise \u00e0 r\u00e9unir les \u00e9lus et les agents des villes, collectivit\u00e9s ou structures intercommunales qui souhaitent int\u00e9grer la gestion durable.<\/p>\n\n\n\n<div style=\"height:26px\" aria-hidden=\"true\" class=\"wp-block-spacer\"><\/div>\n\n\n\n<p><a href=\"https:\/\/asso.graie.org\/portail\/animationregionale\/territoires-eau-responsables\/\">Le r\u00e9seau des territoires \u00ab&nbsp;eau-responsables&nbsp;\u00bb<\/a> permettra de progresser dans la mise en \u0153uvre des politiques, des strat\u00e9gies et des r\u00e9ponses techniques \u00e0 apporter pour des territoires toujours plus \u00ab\u00a0eau-responsables\u00a0\u00bb&nbsp;: partage des bonnes pratiques et id\u00e9es, comp\u00e9tences \u00e0 mettre en \u0153uvre pour prot\u00e9ger, pr\u00e9server et int\u00e9grer l\u2019eau urbaine dans la vie des citadins.<\/p>\n\n\n\n<div style=\"height:26px\" aria-hidden=\"true\" class=\"wp-block-spacer\"><\/div>\n\n\n\n<p>Quels que soient le territoire, l\u2019ambition, les moyens, le nombre de citoyens touch\u00e9s, le Graie assurera la visibilit\u00e9 des actions men\u00e9es et des objectifs propos\u00e9s.<\/p>\n\n\n\n<div style=\"height:26px\" aria-hidden=\"true\" class=\"wp-block-spacer\"><\/div>\n\n\n\n\t\t<div class=\"clearfix\"><\/div>\n\t\t<hr style=\"margin-top:20px; margin-bottom:20px;\" class=\"divider divider-solid\">\n\t\n\n\n\n<div style=\"height:49px\" aria-hidden=\"true\" class=\"wp-block-spacer\"><\/div>\n\n\n\n<h2 class=\"wp-block-heading\"><strong>Nos derni\u00e8res productions et documents de r\u00e9f\u00e9rence<\/strong><\/h2>\n\n\n\n<div style=\"height:23px\" aria-hidden=\"true\" class=\"wp-block-spacer\"><\/div>\n\n\n\n<div class=\"container\">\n<div class=\"tie-row main-content-row\">\n<div class=\"main-content tie-col-md-12\" role=\"main\">\n<div class=\"entry-content entry clearfix\">\n<p>&gt;&nbsp; <a href=\"https:\/\/www.graie.org\/graie\/graiedoc\/doc_telech\/GRAIE_OutilsSupportsPedagogiques_Competences.pdf\"><strong>R\u00e9capitulatif des principaux outils et supports p\u00e9dagogiques<\/strong><\/a> produits par les groupes de travail \u00ab\u00a0Transfert des comp\u00e9tences eau et assainissement\u00a0\u00bb du Graie et de l&rsquo;<a href=\"https:\/\/ascomade.org\/\">ASCOMADE<\/a>, d\u00e9cembre 2021, 5 p.<\/p>\n<\/div>\n<\/div>\n<\/div>\n<\/div>\n\n\n\n<div style=\"height:23px\" aria-hidden=\"true\" class=\"wp-block-spacer\"><\/div>\n\n\n\n<p>&gt; <strong><a href=\"https:\/\/asso.graie.org\/portail\/http-www-graie-org-graie-graiedoc-doc_telech-competencegestioneauxpluvialesurbaines-ouvragesmissions-mai19-pdf\/\" target=\"_blank\" rel=\"noopener noreferrer\">Comp\u00e9tence \u00ab gestion des eaux pluviales urbaines \u00bb : grilles d\u2019aide \u00e0 sa d\u00e9finition<\/a><\/strong>, groupe de travail&nbsp; \u00ab\u00a0Transfert des comp\u00e9tences eau et assainissement\u00a0\u00bb, mai 2019 &#8211; 7p<\/p>\n\n\n\n<div style=\"height:23px\" aria-hidden=\"true\" class=\"wp-block-spacer\"><\/div>\n\n\n\n<p>><strong><a href=\"https:\/\/www.graie.org\/graie\/graiedoc\/doc_telech\/GRAIE_OutilsSupportsPedagogiques_EauxPluvialesAmenagement.pdf\"> Le catalogue Graie Eaux Pluviales<\/a><\/strong><\/p>\n\n\n\n<div style=\"height:23px\" aria-hidden=\"true\" class=\"wp-block-spacer\"><\/div>\n\n\n\n<p>&gt; <strong><a href=\"https:\/\/graie.org\/graie\/graiedoc\/reseaux\/competences\/recommandations_chronogramme.pdf\">Recommandations de chronogramme<\/a><\/strong> du transfert de comp\u00e9tences Eau et Assainissement et de d\u00e9finition de la comp\u00e9tence GEPU, juin 2020<\/p>\n\n\n\n<div style=\"height:23px\" aria-hidden=\"true\" class=\"wp-block-spacer\"><\/div>\n\n\n\n<p>&gt; <strong><a href=\"https:\/\/asso.graie.org\/portail\/trame-pour-lelaboration-du-cahier-des-clauses-techniques-particulieres-c-c-t-p-dune-etude-prealable-au-transfert-de-la-competence-eau-potable-assainissement-gestion-des-eaux-pluvi\/\">Trame pour l\u2019\u00e9laboration du Cahier des Clauses Techniques Particuli\u00e8res<\/a><\/strong> (C.C.T.P.) d\u2019une \u00e9tude pr\u00e9alable au transfert de la comp\u00e9tence eau potable\/assainissement\/gestion des eaux pluviales urbaines (GEPU), d\u00e9cembre 2019<\/p>\n\n\n\n<div style=\"height:23px\" aria-hidden=\"true\" class=\"wp-block-spacer\"><\/div>\n\n\n\n<p>&gt; <strong><a href=\"https:\/\/www.graie.org\/graie\/graiedoc\/doc_telech\/Sensibiliser%20et%20accompagner.pdf\">Sensibilisation et accompagnement au transfert de comp\u00e9tences<\/a><\/strong><\/p>\n\n\n\n<div style=\"height:23px\" aria-hidden=\"true\" class=\"wp-block-spacer\"><\/div>\n\n\n\n<p><strong>> Le webinaire &#8211; D\u00e9finition de la comp\u00e9tence GEPU &#8211; Juillet 2020 &#8211; <a href=\"https:\/\/asso.graie.org\/portail\/webinaire-definition-de-la-competence-gepu\/\">Actes et synth\u00e8se et vid\u00e9o<\/a><\/strong><\/p>\n\n\n\n<div style=\"height:23px\" aria-hidden=\"true\" class=\"wp-block-spacer\"><\/div>\n\n\n\n<p><strong>&gt; Conf\u00e9rences r\u00e9gionales \u00ab\u00a0Nouveaux territoires, nouvelles comp\u00e9tences eau et assainissement\u00a0\u00bb<\/strong><\/p>\n\n\n\n<div style=\"height:54px\" aria-hidden=\"true\" class=\"wp-block-spacer\"><\/div>\n\n\n\n<ul>\n<li>Mars 2018 \u00e0 Colombe (38)<strong> &#8211; <\/strong><a href=\"https:\/\/asso.graie.org\/portail\/nouveaux-territoires-nouvelles-competences-eau-assainissement-3\/\">Supports d\u2019intervention et synth\u00e8se<\/a><\/li>\n\n\n\n<li>Avril 2017 \u00e0 Bourg-l\u00e8s-Valence (26)<strong> &#8211; <\/strong><a href=\"https:\/\/asso.graie.org\/portail\/territoires-competences-eau-assainissement-2\/\">Supports d\u2019intervention<\/a><\/li>\n\n\n\n<li>Mars 2014 \u00e0 Villeurbanne &#8211; Comp\u00e9tence Gemapi et regard des sciences sociales &#8211; <a href=\"http:\/\/www.graie.org\/graie\/graiedoc\/AG\/AG14_ConfGEMAPI_Graie_27mars14.pdf\">Supports d&rsquo;intervention<\/a><\/li>\n<\/ul>\n\n\n\n<div style=\"height:27px\" aria-hidden=\"true\" class=\"wp-block-spacer\"><\/div>\n\n\n\n<div style=\"height:27px\" aria-hidden=\"true\" class=\"wp-block-spacer\"><\/div>\n\n\n\n<p><a class=\"plus\" href=\"https:\/\/asso.graie.org\/portail\/resultat-de-recherche-detaillee\/?_sfm_source2=productions_du_graie&amp;_sfm_categorie_prod=comp%C3%A9tences\" target=\"_blank\" rel=\"noopener noreferrer\">Toutes nos productions Comp\u00e9tences<\/a><\/p>\n\n\n\n<div style=\"height:27px\" aria-hidden=\"true\" class=\"wp-block-spacer\"><\/div>\n\n\n\n\t\t<div class=\"clearfix\"><\/div>\n\t\t<hr style=\"margin-top:20px; margin-bottom:20px;\" class=\"divider divider-solid\">\n\t\n\n\n\n<div style=\"height:51px\" aria-hidden=\"true\" class=\"wp-block-spacer\"><\/div>\n\n\n\n<h2 class=\"wp-block-heading\"><strong>Autres ressources<\/strong><\/h2>\n\n\n\n<div style=\"height:27px\" aria-hidden=\"true\" class=\"wp-block-spacer\"><\/div>\n\n\n\n<h3 class=\"wp-block-heading\"><strong>Liens utiles<\/strong><\/h3>\n\n\n\n<p><a href=\"http:\/\/www.iwa-network.org\/projects\/water-wise-cities\/\" target=\"_blank\" rel=\"noopener noreferrer\">&gt; Site internet de l&rsquo;IWA &#8211; Villes eau-responsables<\/a><\/p>\n\n\n\n<div style=\"height:37px\" aria-hidden=\"true\" class=\"wp-block-spacer\"><\/div>\n\n\n\n<p>><strong><a href=\"https:\/\/asso.graie.org\/portail\/formation-continue_eaux_pluviales_et_amenagement\/\"> Formation Continue | La gestion int\u00e9gr\u00e9e des eaux pluviales <\/a>: <\/strong>du projet d\u2019am\u00e9nagement \u00e0 la strat\u00e9gie, en partenariat avec Insavalor \u2013 prochaine \u00e9dition en novembre <\/p>\n\n\n\n<div style=\"height:27px\" aria-hidden=\"true\" class=\"wp-block-spacer\"><\/div>\n\n\n\n<p><a class=\"plus\" href=\"https:\/\/asso.graie.org\/portail\/resultat-de-recherche-detaillee\/?_sfm_source2=sources_externes&amp;_sfm_categorie_prod=comp%C3%A9tences\" target=\"_blank\" rel=\"noopener noreferrer\">Tous les liens utiles<\/a><\/p>\n","protected":false},"excerpt":{"rendered":"<p>EAUX PLUVIALES&nbsp; |&nbsp; COMP\u00c9TENCE&nbsp; |&nbsp; AUTOSURVEILLANCE Accompagner les acteurs publics autour de la mise en \u0153uvre des comp\u00e9tences eau et assainissement et de l\u2019am\u00e9lioration continue des pratiques Le transfert des comp\u00e9tences eau et assainissement De nombreuses collectivit\u00e9s sont en cours &hellip;<\/p>\n","protected":false},"author":1,"featured_media":0,"parent":1199,"menu_order":0,"comment_status":"closed","ping_status":"closed","template":"","meta":{"_mi_skip_tracking":false,"footnotes":""},"acf":[],"yoast_head":"<!-- This site is optimized with the Yoast SEO plugin v19.13 - https:\/\/yoast.com\/wordpress\/plugins\/seo\/ -->\n<title>Comp\u00e9tences eau et assainissement | Eau dans la ville | Le Graie<\/title>\n<meta name=\"description\" content=\"Le Graie accompagne les acteurs publics autour de la mise en \u0153uvre des comp\u00e9tences eau et assainissement et de l\u2019am\u00e9lioration des pratiques.\" \/>\n<meta name=\"robots\" content=\"index, follow, max-snippet:-1, max-image-preview:large, max-video-preview:-1\" \/>\n<link rel=\"canonical\" href=\"https:\/\/asso.graie.org\/portail\/thematiques\/eau-dans-la-ville\/competences\/\" \/>\n<meta property=\"og:locale\" content=\"fr_FR\" \/>\n<meta property=\"og:type\" content=\"article\" \/>\n<meta property=\"og:title\" content=\"Comp\u00e9tences eau et assainissement | Eau dans la ville | Le Graie\" \/>\n<meta property=\"og:description\" content=\"Le Graie accompagne les acteurs publics autour de la mise en \u0153uvre des comp\u00e9tences eau et assainissement et de l\u2019am\u00e9lioration des pratiques.\" \/>\n<meta property=\"og:url\" content=\"https:\/\/asso.graie.org\/portail\/thematiques\/eau-dans-la-ville\/competences\/\" \/>\n<meta property=\"og:site_name\" content=\"Graie\" \/>\n<meta property=\"article:modified_time\" content=\"2024-05-20T08:39:38+00:00\" \/>\n<meta name=\"twitter:card\" content=\"summary_large_image\" \/>\n<meta name=\"twitter:site\" content=\"@asso_graie\" \/>\n<meta name=\"twitter:label1\" content=\"Dur\u00e9e de lecture estim\u00e9e\" \/>\n\t<meta name=\"twitter:data1\" content=\"4 minutes\" \/>\n<script type=\"application\/ld+json\" class=\"yoast-schema-graph\">{\"@context\":\"https:\/\/schema.org\",\"@graph\":[{\"@type\":\"WebPage\",\"@id\":\"https:\/\/asso.graie.org\/portail\/thematiques\/eau-dans-la-ville\/competences\/\",\"url\":\"https:\/\/asso.graie.org\/portail\/thematiques\/eau-dans-la-ville\/competences\/\",\"name\":\"Comp\u00e9tences eau et assainissement | Eau dans la ville | Le Graie\",\"isPartOf\":{\"@id\":\"https:\/\/asso.graie.org\/portail\/#website\"},\"datePublished\":\"2017-06-30T07:02:39+00:00\",\"dateModified\":\"2024-05-20T08:39:38+00:00\",\"description\":\"Le Graie accompagne les acteurs publics autour de la mise en \u0153uvre des comp\u00e9tences eau et assainissement et de l\u2019am\u00e9lioration des pratiques.\",\"breadcrumb\":{\"@id\":\"https:\/\/asso.graie.org\/portail\/thematiques\/eau-dans-la-ville\/competences\/#breadcrumb\"},\"inLanguage\":\"fr-FR\",\"potentialAction\":[{\"@type\":\"ReadAction\",\"target\":[\"https:\/\/asso.graie.org\/portail\/thematiques\/eau-dans-la-ville\/competences\/\"]}]},{\"@type\":\"BreadcrumbList\",\"@id\":\"https:\/\/asso.graie.org\/portail\/thematiques\/eau-dans-la-ville\/competences\/#breadcrumb\",\"itemListElement\":[{\"@type\":\"ListItem\",\"position\":1,\"name\":\"Accueil\",\"item\":\"https:\/\/asso.graie.org\/portail\/\"},{\"@type\":\"ListItem\",\"position\":2,\"name\":\"Th\u00e9matiques\",\"item\":\"https:\/\/asso.graie.org\/portail\/thematiques\/\"},{\"@type\":\"ListItem\",\"position\":3,\"name\":\"Eau dans la ville\",\"item\":\"https:\/\/asso.graie.org\/portail\/thematiques\/eau-dans-la-ville\/\"},{\"@type\":\"ListItem\",\"position\":4,\"name\":\"Comp\u00e9tences\"}]},{\"@type\":\"WebSite\",\"@id\":\"https:\/\/asso.graie.org\/portail\/#website\",\"url\":\"https:\/\/asso.graie.org\/portail\/\",\"name\":\"Graie\",\"description\":\"P\u00f4le Eau et Territoires\",\"publisher\":{\"@id\":\"https:\/\/asso.graie.org\/portail\/#organization\"},\"potentialAction\":[{\"@type\":\"SearchAction\",\"target\":{\"@type\":\"EntryPoint\",\"urlTemplate\":\"https:\/\/asso.graie.org\/portail\/?s={search_term_string}\"},\"query-input\":\"required name=search_term_string\"}],\"inLanguage\":\"fr-FR\"},{\"@type\":\"Organization\",\"@id\":\"https:\/\/asso.graie.org\/portail\/#organization\",\"name\":\"Le Graie\",\"url\":\"https:\/\/asso.graie.org\/portail\/\",\"logo\":{\"@type\":\"ImageObject\",\"inLanguage\":\"fr-FR\",\"@id\":\"https:\/\/asso.graie.org\/portail\/#\/schema\/logo\/image\/\",\"url\":\"https:\/\/asso.graie.org\/portail\/wp-content\/uploads\/2021\/12\/Logotype-Graie.png\",\"contentUrl\":\"https:\/\/asso.graie.org\/portail\/wp-content\/uploads\/2021\/12\/Logotype-Graie.png\",\"width\":1890,\"height\":1181,\"caption\":\"Le Graie\"},\"image\":{\"@id\":\"https:\/\/asso.graie.org\/portail\/#\/schema\/logo\/image\/\"},\"sameAs\":[\"https:\/\/fr.linkedin.com\/company\/graie?trk=top_nav_home\",\"https:\/\/www.youtube.com\/channel\/UCZQk0Tt7upYwERYNdDIZqLQ\",\"https:\/\/twitter.com\/asso_graie\"]}]}<\/script>\n<!-- \/ Yoast SEO plugin. -->","yoast_head_json":{"title":"Comp\u00e9tences eau et assainissement | Eau dans la ville | Le Graie","description":"Le Graie accompagne les acteurs publics autour de la mise en \u0153uvre des comp\u00e9tences eau et assainissement et de l\u2019am\u00e9lioration des pratiques.","robots":{"index":"index","follow":"follow","max-snippet":"max-snippet:-1","max-image-preview":"max-image-preview:large","max-video-preview":"max-video-preview:-1"},"canonical":"https:\/\/asso.graie.org\/portail\/thematiques\/eau-dans-la-ville\/competences\/","og_locale":"fr_FR","og_type":"article","og_title":"Comp\u00e9tences eau et assainissement | Eau dans la ville | Le Graie","og_description":"Le Graie accompagne les acteurs publics autour de la mise en \u0153uvre des comp\u00e9tences eau et assainissement et de l\u2019am\u00e9lioration des pratiques.","og_url":"https:\/\/asso.graie.org\/portail\/thematiques\/eau-dans-la-ville\/competences\/","og_site_name":"Graie","article_modified_time":"2024-05-20T08:39:38+00:00","twitter_card":"summary_large_image","twitter_site":"@asso_graie","twitter_misc":{"Dur\u00e9e de lecture estim\u00e9e":"4 minutes"},"schema":{"@context":"https:\/\/schema.org","@graph":[{"@type":"WebPage","@id":"https:\/\/asso.graie.org\/portail\/thematiques\/eau-dans-la-ville\/competences\/","url":"https:\/\/asso.graie.org\/portail\/thematiques\/eau-dans-la-ville\/competences\/","name":"Comp\u00e9tences eau et assainissement | Eau dans la ville | Le Graie","isPartOf":{"@id":"https:\/\/asso.graie.org\/portail\/#website"},"datePublished":"2017-06-30T07:02:39+00:00","dateModified":"2024-05-20T08:39:38+00:00","description":"Le Graie accompagne les acteurs publics autour de la mise en \u0153uvre des comp\u00e9tences eau et assainissement et de l\u2019am\u00e9lioration des pratiques.","breadcrumb":{"@id":"https:\/\/asso.graie.org\/portail\/thematiques\/eau-dans-la-ville\/competences\/#breadcrumb"},"inLanguage":"fr-FR","potentialAction":[{"@type":"ReadAction","target":["https:\/\/asso.graie.org\/portail\/thematiques\/eau-dans-la-ville\/competences\/"]}]},{"@type":"BreadcrumbList","@id":"https:\/\/asso.graie.org\/portail\/thematiques\/eau-dans-la-ville\/competences\/#breadcrumb","itemListElement":[{"@type":"ListItem","position":1,"name":"Accueil","item":"https:\/\/asso.graie.org\/portail\/"},{"@type":"ListItem","position":2,"name":"Th\u00e9matiques","item":"https:\/\/asso.graie.org\/portail\/thematiques\/"},{"@type":"ListItem","position":3,"name":"Eau dans la ville","item":"https:\/\/asso.graie.org\/portail\/thematiques\/eau-dans-la-ville\/"},{"@type":"ListItem","position":4,"name":"Comp\u00e9tences"}]},{"@type":"WebSite","@id":"https:\/\/asso.graie.org\/portail\/#website","url":"https:\/\/asso.graie.org\/portail\/","name":"Graie","description":"P\u00f4le Eau et Territoires","publisher":{"@id":"https:\/\/asso.graie.org\/portail\/#organization"},"potentialAction":[{"@type":"SearchAction","target":{"@type":"EntryPoint","urlTemplate":"https:\/\/asso.graie.org\/portail\/?s={search_term_string}"},"query-input":"required name=search_term_string"}],"inLanguage":"fr-FR"},{"@type":"Organization","@id":"https:\/\/asso.graie.org\/portail\/#organization","name":"Le Graie","url":"https:\/\/asso.graie.org\/portail\/","logo":{"@type":"ImageObject","inLanguage":"fr-FR","@id":"https:\/\/asso.graie.org\/portail\/#\/schema\/logo\/image\/","url":"https:\/\/asso.graie.org\/portail\/wp-content\/uploads\/2021\/12\/Logotype-Graie.png","contentUrl":"https:\/\/asso.graie.org\/portail\/wp-content\/uploads\/2021\/12\/Logotype-Graie.png","width":1890,"height":1181,"caption":"Le Graie"},"image":{"@id":"https:\/\/asso.graie.org\/portail\/#\/schema\/logo\/image\/"},"sameAs":["https:\/\/fr.linkedin.com\/company\/graie?trk=top_nav_home","https:\/\/www.youtube.com\/channel\/UCZQk0Tt7upYwERYNdDIZqLQ","https:\/\/twitter.com\/asso_graie"]}]}},"_links":{"self":[{"href":"https:\/\/asso.graie.org\/portail\/wp-json\/wp\/v2\/pages\/1203"}],"collection":[{"href":"https:\/\/asso.graie.org\/portail\/wp-json\/wp\/v2\/pages"}],"about":[{"href":"https:\/\/asso.graie.org\/portail\/wp-json\/wp\/v2\/types\/page"}],"author":[{"embeddable":true,"href":"https:\/\/asso.graie.org\/portail\/wp-json\/wp\/v2\/users\/1"}],"replies":[{"embeddable":true,"href":"https:\/\/asso.graie.org\/portail\/wp-json\/wp\/v2\/comments?post=1203"}],"version-history":[{"count":18,"href":"https:\/\/asso.graie.org\/portail\/wp-json\/wp\/v2\/pages\/1203\/revisions"}],"predecessor-version":[{"id":26032,"href":"https:\/\/asso.graie.org\/portail\/wp-json\/wp\/v2\/pages\/1203\/revisions\/26032"}],"up":[{"embeddable":true,"href":"https:\/\/asso.graie.org\/portail\/wp-json\/wp\/v2\/pages\/1199"}],"wp:attachment":[{"href":"https:\/\/asso.graie.org\/portail\/wp-json\/wp\/v2\/media?parent=1203"}],"curies":[{"name":"wp","href":"https:\/\/api.w.org\/{rel}","templated":true}]}}