{"id":1205,"date":"2017-06-30T09:02:55","date_gmt":"2017-06-30T07:02:55","guid":{"rendered":"https:\/\/asso.graie.org\/portail\/?page_id=1205"},"modified":"2024-05-28T09:20:42","modified_gmt":"2024-05-28T07:20:42","slug":"milieux-aquatiques","status":"publish","type":"page","link":"https:\/\/asso.graie.org\/portail\/thematiques\/milieux-aquatiques\/","title":{"rendered":"Milieux aquatiques"},"content":{"rendered":"\n<h2 class=\"wp-block-heading\"><strong>Mieux g\u00e9rer les milieux aquatiques en int\u00e9grant toutes leurs dimensions, en particulier sur le bassin du Rh\u00f4ne<\/strong><\/h2>\n\n\n\n<div style=\"height:29px\" aria-hidden=\"true\" class=\"wp-block-spacer\"><\/div>\n\n\n\n<p><strong>La gestion int\u00e9gr\u00e9e de l&rsquo;eau et des milieux aquatiques n\u00e9cessite des approches transversales, pluridisciplinaires et multi-acteurs.<\/strong><\/p>\n\n\n\n<div style=\"height:20px\" aria-hidden=\"true\" class=\"wp-block-spacer\"><\/div>\n\n\n\n<p><strong>Le Graie assure l&rsquo;animation et la valorisation de quatre dispositifs de recherche <\/strong>:<\/p>\n\n\n\n<div style=\"height:16px\" aria-hidden=\"true\" class=\"wp-block-spacer\"><\/div>\n\n\n\n<ul>\n<li><a href=\"https:\/\/asso.graie.org\/portail\/dispositifsderecherche\/zabr\/\">la <strong>Zone Atelier Bassin du Rh\u00f4ne (ZABR)<\/strong><\/a><\/li>\n\n\n\n<li><a href=\"https:\/\/asso.graie.org\/portail\/dispositifsderecherche\/ohm-vr\/\">l&rsquo;<strong>Observatoire Hommes-Milieux Vall\u00e9e du Rh\u00f4ne (OHM VR)<\/strong><\/a><\/li>\n\n\n\n<li><a href=\"https:\/\/asso.graie.org\/portail\/dispositifsderecherche\/osr\/\">l&rsquo;<strong>Observatoire des S\u00e9diments du Rh\u00f4ne (OSR)<\/strong><\/a><\/li>\n\n\n\n<li><a href=\"https:\/\/asso.graie.org\/portail\/recherche\/rhoneco\/\">le <strong>programme Rh\u00f4nEco<\/strong><\/a><\/li>\n\n\n\n<li>La <strong>strat\u00e9gie connaissance Sa\u00f4ne<\/strong> (expliqu\u00e9e ci-dessous)<\/li>\n<\/ul>\n\n\n\n<div style=\"height:16px\" aria-hidden=\"true\" class=\"wp-block-spacer\"><\/div>\n\n\n\n<p>Ces dispositifs rassemblent plus de 20 \u00e9tablissements de recherche.<br>Les \u00e9quipes de recherche se mobilisent pour produire, promouvoir, coordonner et valoriser les connaissances scientifiques sur le fonctionnement des hydrosyst\u00e8mes du bassin du Rh\u00f4ne et organiser le transfert rapide des r\u00e9sultats en direction des gestionnaires de l\u2019eau et des territoires.<\/p>\n\n\n\n<div style=\"height:41px\" aria-hidden=\"true\" class=\"wp-block-spacer\"><\/div>\n\n\n\n<p>Le r\u00f4le du Graie&nbsp;:<\/p>\n\n\n\n<div style=\"height:16px\" aria-hidden=\"true\" class=\"wp-block-spacer\"><\/div>\n\n\n\n<ul>\n<li>accompagner la construction et l\u2019animation de programmes de recherche li\u00e9s \u00e0 la ZABR et l\u2019OHM VR&nbsp;;<\/li>\n\n\n\n<li>coordonner la publication d\u2019ouvrages de synth\u00e8se, tels que le <a href=\"https:\/\/asso.graie.org\/portail\/rhone-100-questions\/\" rel=\"noopener\">\u00ab\u00a0Rh\u00f4ne en 100 questions\u00a0\u00bb<\/a>, <a href=\"https:\/\/asso.graie.org\/portail\/tour-grands-lacs-alpins-naturels-80-questions\/\" rel=\"noopener\">\u00ab\u00a0Le tour des grands lacs alpins naturels en 80 questions\u00a0\u00bb<\/a>, <a href=\"https:\/\/asso.graie.org\/portail\/pour-saluer-le-rhone\/\">\u00ab\u00a0Pour saluer le Rh\u00f4ne\u00a0\u00bb<\/a>&nbsp;ou encore <a href=\"https:\/\/asso.graie.org\/portail\/suivi-scientifique-de-restauration-hydraulique-ecologique-rhone-2000-2015-evaluer-comprendre-mieux-agir\/\" rel=\"noopener\">la brochure de valorisation du programme Rh\u00f4nEco<\/a> &#8211; suivi scientifique de la restauration hydraulique et \u00e9cologique du Rh\u00f4ne ;<\/li>\n\n\n\n<li>conduire des actions de m\u00e9diation sur le territoire pour partager les connaissances acquises par les scientifiques&nbsp;;<\/li>\n\n\n\n<li>organiser des s\u00e9minaires et journ\u00e9es th\u00e9matiques qui permettent de restituer les r\u00e9sultats de recherche.<\/li>\n<\/ul>\n\n\n\n<div style=\"height:45px\" aria-hidden=\"true\" class=\"wp-block-spacer\"><\/div>\n\n\n\n<h3 class=\"wp-block-heading\">La Sa\u00f4ne<\/h3>\n\n\n\n<p>Depuis 2020, l\u2019EPTB Sa\u00f4ne et Doubs, l\u2019Agence de l\u2019Eau RMC et le Graie, animateur de la ZABR, unissent leurs efforts pour coordonner une<strong> strat\u00e9gie de connaissance sur la Sa\u00f4ne<\/strong>. Elle est fond\u00e9e sur une enqu\u00eate conduite aupr\u00e8s des acteurs du Val de Sa\u00f4ne et de chercheurs de la R\u00e9gion Bourgogne Franche Comt\u00e9 et du bassin du Rh\u00f4ne.<\/p>\n\n\n\n<div style=\"height:13px\" aria-hidden=\"true\" class=\"wp-block-spacer\"><\/div>\n\n\n\n<p>Son ambition s\u2019affine pour r\u00e9pondre \u00e0 la fois \u00e0 des enjeux scientifiques et op\u00e9rationnels : \u00e9tudier la trajectoire de la Sa\u00f4ne dans son bassin versant, appr\u00e9cier ses vuln\u00e9rabilit\u00e9s pour apporter aux acteurs locaux des leviers d\u2019action en faveur d\u2019une gestion durable. Plusieurs actions de recherche, port\u00e9es par des \u00e9quipes de la ZABR et de la r\u00e9gion Bourgogne Franche-Comt\u00e9, sont construites autour de la biodiversit\u00e9, des flux de pollutions et de la sociologie. Elles viennent enrichir des travaux d\u00e9j\u00e0 engag\u00e9s par ailleurs sur l\u2019hydrologie, la thermie et les eaux souterraines.<\/p>\n\n\n\n<div style=\"height:13px\" aria-hidden=\"true\" class=\"wp-block-spacer\"><\/div>\n\n\n\n<p>Le Graie, en charge de la coordination du collectif scientifique et de la valorisation des r\u00e9sultats de recherche produits, est soutenu financi\u00e8rement dans cette d\u00e9marche par le FEDER, la r\u00e9gion Bourgogne Franche-Comt\u00e9 et l&rsquo;Agence de l&rsquo;eau Rh\u00f4ne M\u00e9diterran\u00e9e Corse.<\/p>\n\n\n\n<div style=\"height:82px\" aria-hidden=\"true\" class=\"wp-block-spacer\"><\/div>\n\n\n<div class=\"wp-block-image\">\n<figure class=\"alignleft\"><img decoding=\"async\" loading=\"lazy\" width=\"300\" height=\"156\" src=\"https:\/\/asso.graie.org\/portail\/wp-content\/uploads\/2018\/03\/ISRIVERS_tiny-300x156.jpg\" alt=\"\" class=\"wp-image-10282\" srcset=\"https:\/\/asso.graie.org\/portail\/wp-content\/uploads\/2018\/03\/ISRIVERS_tiny-300x156.jpg 300w, https:\/\/asso.graie.org\/portail\/wp-content\/uploads\/2018\/03\/ISRIVERS_tiny-768x400.jpg 768w, https:\/\/asso.graie.org\/portail\/wp-content\/uploads\/2018\/03\/ISRIVERS_tiny-1024x534.jpg 1024w, https:\/\/asso.graie.org\/portail\/wp-content\/uploads\/2018\/03\/ISRIVERS_tiny-780x405.jpg 780w, https:\/\/asso.graie.org\/portail\/wp-content\/uploads\/2018\/03\/ISRIVERS_tiny-1170x610.jpg 1170w, https:\/\/asso.graie.org\/portail\/wp-content\/uploads\/2018\/03\/ISRIVERS_tiny-600x313.jpg 600w, https:\/\/asso.graie.org\/portail\/wp-content\/uploads\/2018\/03\/ISRIVERS_tiny.jpg 1364w\" sizes=\"(max-width: 300px) 100vw, 300px\" \/><\/figure><\/div>\n\n\n<p>Le r\u00e9seau de la ZABR est porteur de <a href=\"https:\/\/asso.graie.org\/portail\/alinternational\/isrivers\/\">la conf\u00e9rence internationale I.S.Rivers<\/a>, recherches et actions au service des fleuves et grandes rivi\u00e8res, dont la 4<sup>e<\/sup> \u00e9dition s&rsquo;est d\u00e9roul\u00e9e<strong> du 4 au 7 Juillet 2022<\/strong>.<\/p>\n\n\n\n<p>Le r\u00e9seau d\u2019experts mobilis\u00e9 par le Graie a \u00e9labor\u00e9 une m\u00e9thodologie pour <a href=\"https:\/\/asso.graie.org\/portail\/gestion-integree-rivieres\/\">la gestion int\u00e9gr\u00e9e<\/a> et anim\u00e9 une r\u00e9flexion autour des <a href=\"https:\/\/asso.graie.org\/portail\/travaux-post-crues-bien-analyser-mieux-agir\/\">travaux post-crues<\/a>.<\/p>\n\n\n\n<div style=\"height:79px\" aria-hidden=\"true\" class=\"wp-block-spacer\"><\/div>\n\n\n\n<div class=\"wp-block-columns is-layout-flex wp-container-3 wp-block-columns-is-layout-flex\">\n<div class=\"wp-block-column is-layout-flow wp-block-column-is-layout-flow\">\n<figure class=\"wp-block-image size-large\"><a href=\"https:\/\/www.eaurmc.fr\/jcms\/vmr_36092\/fr\/parution-delimiter-l-espace-de-bon-fonctionnement-des-cours-d-eau\"><img decoding=\"async\" loading=\"lazy\" width=\"1024\" height=\"388\" src=\"https:\/\/asso.graie.org\/portail\/wp-content\/uploads\/2023\/07\/Logo-for-project_ResiRiver-1024x388.jpg\" alt=\"\" class=\"wp-image-23598\" srcset=\"https:\/\/asso.graie.org\/portail\/wp-content\/uploads\/2023\/07\/Logo-for-project_ResiRiver-1024x388.jpg 1024w, https:\/\/asso.graie.org\/portail\/wp-content\/uploads\/2023\/07\/Logo-for-project_ResiRiver-300x114.jpg 300w, https:\/\/asso.graie.org\/portail\/wp-content\/uploads\/2023\/07\/Logo-for-project_ResiRiver-768x291.jpg 768w, https:\/\/asso.graie.org\/portail\/wp-content\/uploads\/2023\/07\/Logo-for-project_ResiRiver.jpg 1293w\" sizes=\"(max-width: 1024px) 100vw, 1024px\" \/><\/a><\/figure>\n<\/div>\n\n\n\n<div class=\"wp-block-column is-layout-flow wp-block-column-is-layout-flow\">\n<p>Le GRAIE et l\u2019OHM Vall\u00e9e du Rh\u00f4ne participent pour les 5 ann\u00e9es \u00e0 venir au projet Interreg North-West Europe <strong>\u00ab\u00a0<a href=\"https:\/\/www.eaurmc.fr\/jcms\/vmr_36092\/fr\/parution-delimiter-l-espace-de-bon-fonctionnement-des-cours-d-eau\">ResiRiver &#8211; Creating Resilient River Systems by Mainstreaming and Upscalling Nature Based Solutions<\/a>&nbsp;<\/strong>(2023-2028)\u00a0\u00bb.<\/p>\n<\/div>\n<\/div>\n\n\n\n<div class=\"wp-block-group is-layout-flow wp-block-group-is-layout-flow\"><div class=\"wp-block-group__inner-container\">\n<p>Le projet est co-financ\u00e9 par le programme de coop\u00e9ration transfrontalier <a href=\"https:\/\/www.nweurope.eu\/what-is-interreg-nwe\">Interreg North-West Europe<\/a> pour une dur\u00e9e de 5 ans (2023-2028). Le GRAIE est \u00e9galement soutenu par l\u2019Agence de l\u2019Eau RMC.<\/p>\n<\/div><\/div>\n\n\n\n<p><\/p>\n\n\n\n<p><\/p>\n\n\n\n<div style=\"height:16px\" aria-hidden=\"true\" class=\"wp-block-spacer\"><\/div>\n\n\n\n\t\t<div class=\"clearfix\"><\/div>\n\t\t<hr style=\"margin-top:20px; margin-bottom:20px;\" class=\"divider divider-solid\">\n\t\n\n\n\n<div style=\"height:16px\" aria-hidden=\"true\" class=\"wp-block-spacer\"><\/div>\n\n\n\n<h2 class=\"wp-block-heading\">Nos derni\u00e8res productions et documents de r\u00e9f\u00e9rence<\/h2>\n\n\n\n<div style=\"height:16px\" aria-hidden=\"true\" class=\"wp-block-spacer\"><\/div>\n\n\n\n<p>&gt; <strong><a href=\"https:\/\/asso.graie.org\/portail\/synthese-osr\/\">Synth\u00e8se | 12 ans de l\u2019Observatoire des S\u00e9diments du Rh\u00f4ne : 12 ann\u00e9es de recherche pour la connaissance et la gestion hydro-s\u00e9dimentaire du fleuve<\/a><\/strong><\/p>\n\n\n\n<p>Ouvrage \u00e9dit\u00e9 par le Graie et l&rsquo;OHM, novembre 2022.<\/p>\n\n\n\n<div style=\"height:15px\" aria-hidden=\"true\" class=\"wp-block-spacer\"><\/div>\n\n\n\n<p>&gt; <strong><a href=\"https:\/\/asso.graie.org\/portail\/publication-lusumacinta-en-12-questions\/\">Les s\u00e9diments du bassin versant de l\u2019Usumacinta en 12 questions : expliquer en douze questions la nature et l\u2019importance des s\u00e9diments de l\u2019Usumacinta.<\/a><\/strong><\/p>\n\n\n\n<p>Ouvrage coordonn\u00e9 en appui sur le Graie, s\u2019inscrit dans le projet VAL-USES soutenu par l\u2019ANR -17-CE03-0012-01 et le FONCICYT-290792, mars 2022<\/p>\n\n\n\n<div style=\"height:15px\" aria-hidden=\"true\" class=\"wp-block-spacer\"><\/div>\n\n\n\n<p><strong><a href=\"https:\/\/asso.graie.org\/portail\/recueil-de-retours-dexperiences-exemplaires-fleuves-et-grandes-rivieres\/\" target=\"_blank\" rel=\"noopener noreferrer\">&gt; <\/a><\/strong><a href=\"https:\/\/asso.graie.org\/portail\/recueil-de-retours-dexperiences-exemplaires-fleuves-et-grandes-rivieres\/\" target=\"_blank\" rel=\"noopener noreferrer\"><strong>Recueil de retours d&rsquo;exp\u00e9riences exemplaires men\u00e9es sur les fleuves et grandes rivi\u00e8res du bassin Rh\u00f4ne-M\u00e9diterran\u00e9e et d&rsquo;Auvergne-Rh\u00f4ne-Alpes<\/strong><\/a><strong><br><\/strong>Ouvrage \u00e9dit\u00e9 et r\u00e9dig\u00e9 par le Graie et la ZABR, avec le soutien technique de la FCEN et de l&rsquo;AFB, juin 2018, 152p.<\/p>\n\n\n\n<div style=\"height:10px\" aria-hidden=\"true\" class=\"wp-block-spacer\"><\/div>\n\n\n\n<p> <a class=\"plus\" href=\"https:\/\/asso.graie.org\/portail\/resultat-de-recherche-detaillee\/?_sfm_source2=productions_du_graie&amp;_sfm_categorie_prod=milieux_aquatiques\" target=\"_blank\" rel=\"noopener noreferrer\"><strong>Toutes nos productions Milieux aquatiques<\/strong><\/a><\/p>\n\n\n\n\t\t<div class=\"clearfix\"><\/div>\n\t\t<hr style=\"margin-top:20px; margin-bottom:20px;\" class=\"divider divider-solid\">\n\t\n\n\n\n<div style=\"height:30px\" aria-hidden=\"true\" class=\"wp-block-spacer\"><\/div>\n\n\n\n<h2 class=\"wp-block-heading\">Autres ressources<\/h2>\n\n\n\n<div style=\"height:19px\" aria-hidden=\"true\" class=\"wp-block-spacer\"><\/div>\n\n\n\n<h3 class=\"wp-block-heading\">Liens utiles<\/h3>\n\n\n\n<div style=\"height:16px\" aria-hidden=\"true\" class=\"wp-block-spacer\"><\/div>\n\n\n\n<p><a href=\"http:\/\/www.planrhone.fr\" target=\"_blank\" rel=\"noopener noreferrer\">&gt; Plan Rh\u00f4ne<\/a><\/p>\n\n\n\n<div style=\"height:10px\" aria-hidden=\"true\" class=\"wp-block-spacer\"><\/div>\n\n\n\n<p><a href=\"https:\/\/reseau-cen.org\/fleuves-milieux-humides\/pole-rhone-saone\/les-zones-humides\/#:~:text=Le%20r%C3%A9seau%20des%20acteurs%20pour,milieux%20naturels%20du%20fleuve%20Rh%C3%B4ne.\">&gt; R\u00e9seaux des acteurs de la biodiversit\u00e9 du Rh\u00f4ne<\/a><\/p>\n\n\n\n<div style=\"height:10px\" aria-hidden=\"true\" class=\"wp-block-spacer\"><\/div>\n\n\n\n<p><a href=\"https:\/\/www.arraa.org\/\" target=\"_blank\" rel=\"noreferrer noopener\">> Association Rivi\u00e8re Rh\u00f4ne Alpes Auvergne<\/a><\/p>\n\n\n\n<div style=\"height:10px\" aria-hidden=\"true\" class=\"wp-block-spacer\"><\/div>\n\n\n\n<p><a href=\"http:\/\/www.za-inee.org\/\" target=\"_blank\" rel=\"noopener noreferrer\">&gt; R\u00e9seau des zones ateliers<\/a><\/p>\n\n\n\n<div style=\"height:10px\" aria-hidden=\"true\" class=\"wp-block-spacer\"><\/div>\n\n\n\n<p><a href=\"http:\/\/www.driihm.fr\/\" target=\"_blank\" rel=\"noopener noreferrer\">&gt; R\u00e9seau des Observatoires Hommes-Milieux \u2013 LabEx DRIIHM<\/a><\/p>\n\n\n\n<div style=\"height:10px\" aria-hidden=\"true\" class=\"wp-block-spacer\"><\/div>\n\n\n\n<p><a href=\"http:\/\/www.lternet.edu\/\" target=\"_blank\" rel=\"noopener noreferrer\">&gt; LTER<\/a><\/p>\n\n\n\n<div style=\"height:32px\" aria-hidden=\"true\" class=\"wp-block-spacer\"><\/div>\n\n\n\n<h3 class=\"wp-block-heading\">Bibliographie<\/h3>\n\n\n\n<div style=\"height:10px\" aria-hidden=\"true\" class=\"wp-block-spacer\"><\/div>\n\n\n\n<p><strong><a href=\"http:\/\/www.gesteau.fr\/document\/guide-technique-interactions-napperiviere-des-outils-pour-comprendre-et-mesurer-les-echange\" target=\"_blank\" rel=\"noopener noreferrer\">&gt; <\/a><a href=\"http:\/\/www.gesteau.fr\/document\/guide-technique-interactions-napperiviere-des-outils-pour-comprendre-et-mesurer-les-echange\" target=\"_blank\" rel=\"noopener noreferrer\">Interactions nappe\/rivi\u00e8re : des outils pour comprendre et mesurer les \u00e9changes<\/a><br><\/strong>Guide technique sous la direction de Fr\u00e9d\u00e9ric Paran et B\u00e9n\u00e9dicte Augeard &#8211; \u00c9dition Agence Fran\u00e7aise pour la Biodiversit\u00e9 \u00ab\u00a0Guides et protocoles\u00a0\u00bb &#8211; avril 2017, 106p.<\/p>\n\n\n\n<div style=\"height:10px\" aria-hidden=\"true\" class=\"wp-block-spacer\"><\/div>\n\n\n\n<p><strong><a href=\"https:\/\/www.eaurmc.fr\/jcms\/vmr_36092\/fr\/parution-delimiter-l-espace-de-bon-fonctionnement-des-cours-d-eau\">&gt; D\u00e9limiter l&rsquo;espace de bon fonctionnement des cours d&rsquo;eau<\/a><\/strong><br>Guide technique du SDAGE &#8211; Beno\u00eet Terrier et St\u00e9phane Stroffek &#8211; \u00c9dition AERMC &#8211; d\u00e9cembre 2016.<\/p>\n\n\n\n<div style=\"height:10px\" aria-hidden=\"true\" class=\"wp-block-spacer\"><\/div>\n\n\n\n<p><strong>&gt; Accompagner la politique de restauration physique des cours d&rsquo;eau<\/strong><br>\u00c9l\u00e9ments de connaissance &#8211; Aude Dany, Beno\u00eet Terrier, St\u00e9phane Stroffek &#8211; \u00c9dition AERMC &#8211; octobre 2016.<\/p>\n\n\n\n<div style=\"height:10px\" aria-hidden=\"true\" class=\"wp-block-spacer\"><\/div>\n\n\n\n<p><a href=\"https:\/\/asso.graie.org\/portail\/pour-saluer-le-rhone\/\"><strong>&gt; Pour saluer le Rh\u00f4ne<\/strong><\/a><br>Ouvrage de Jacques Bethemont et Jean-Paul Bravard, \u00c9dition Libel, mars 2016<\/p>\n\n\n\n<div style=\"height:10px\" aria-hidden=\"true\" class=\"wp-block-spacer\"><\/div>\n\n\n\n<p><a href=\"https:\/\/halshs.archives-ouvertes.fr\/halshs-01248761\/file\/Honeggeretal_2015.pdf\" target=\"_blank\" rel=\"noopener noreferrer\"><strong>&gt; <\/strong><\/a><a href=\"https:\/\/halshs.archives-ouvertes.fr\/halshs-01248761\/file\/Honeggeretal_2015.pdf\" target=\"_blank\" rel=\"noopener noreferrer\"><strong>Conna\u00eetre les perceptions et les repr\u00e9sentations : quels apports pour la gestion des milieux aquatiques ?<\/strong><\/a><br>Anne Rivi\u00e8re-Honegger, Marylise Cottet, Bertrand Morandi &#8211; \u00c9dition ONEMA \u00ab\u00a0Comprendre Pour Agir\u00a0\u00bb N\u00b014 &#8211; d\u00e9cembre 2014.<\/p>\n\n\n\n<div style=\"height:10px\" aria-hidden=\"true\" class=\"wp-block-spacer\"><\/div>\n\n\n\n<div style=\"height:32px\" aria-hidden=\"true\" class=\"wp-block-spacer\"><\/div>\n\n\n\n<p> <a class=\"plus\" href=\"https:\/\/asso.graie.org\/portail\/resultat-de-recherche-detaillee\/?_sfm_source2=sources_externes&amp;_sfm_categorie_prod=milieux_aquatiques\" target=\"_blank\" rel=\"noopener noreferrer\"><strong>Tous les liens utiles et toute la bibliographie<\/strong><\/a><\/p>\n\n\n\n<div style=\"height:69px\" aria-hidden=\"true\" class=\"wp-block-spacer\"><\/div>\n","protected":false},"excerpt":{"rendered":"<p>Mieux g\u00e9rer les milieux aquatiques en int\u00e9grant toutes leurs dimensions, en particulier sur le bassin du Rh\u00f4ne La gestion int\u00e9gr\u00e9e de l&rsquo;eau et des milieux aquatiques n\u00e9cessite des approches transversales, pluridisciplinaires et multi-acteurs. Le Graie assure l&rsquo;animation et la valorisation &hellip;<\/p>\n","protected":false},"author":1,"featured_media":0,"parent":1092,"menu_order":0,"comment_status":"closed","ping_status":"closed","template":"","meta":{"_mi_skip_tracking":false,"footnotes":""},"acf":[],"yoast_head":"<!-- This site is optimized with the Yoast SEO plugin v19.13 - https:\/\/yoast.com\/wordpress\/plugins\/seo\/ -->\n<title>Milieux aquatiques | Th\u00e9matique phare | Le Graie<\/title>\n<meta name=\"description\" content=\"A travers sa th\u00e9matiques Milieux aquatiques, le Graie encourage la gestion int\u00e9gr\u00e9e des milieux aquatiques en int\u00e9grant toutes leurs dimensions.\" \/>\n<meta name=\"robots\" content=\"index, follow, max-snippet:-1, max-image-preview:large, max-video-preview:-1\" \/>\n<link rel=\"canonical\" href=\"https:\/\/asso.graie.org\/portail\/thematiques\/milieux-aquatiques\/\" \/>\n<meta property=\"og:locale\" content=\"fr_FR\" \/>\n<meta property=\"og:type\" content=\"article\" \/>\n<meta property=\"og:title\" content=\"Milieux aquatiques | Th\u00e9matique phare | Le Graie\" \/>\n<meta property=\"og:description\" content=\"A travers sa th\u00e9matiques Milieux aquatiques, le Graie encourage la gestion int\u00e9gr\u00e9e des milieux aquatiques en int\u00e9grant toutes leurs dimensions.\" \/>\n<meta property=\"og:url\" content=\"https:\/\/asso.graie.org\/portail\/thematiques\/milieux-aquatiques\/\" \/>\n<meta property=\"og:site_name\" content=\"Graie\" \/>\n<meta property=\"article:modified_time\" content=\"2024-05-28T07:20:42+00:00\" \/>\n<meta property=\"og:image\" content=\"https:\/\/asso.graie.org\/portail\/wp-content\/uploads\/2018\/03\/ISRIVERS_tiny-300x156.jpg\" \/>\n<meta name=\"twitter:card\" content=\"summary_large_image\" \/>\n<meta name=\"twitter:site\" content=\"@asso_graie\" \/>\n<meta name=\"twitter:label1\" content=\"Dur\u00e9e de lecture estim\u00e9e\" \/>\n\t<meta name=\"twitter:data1\" content=\"5 minutes\" \/>\n<script type=\"application\/ld+json\" class=\"yoast-schema-graph\">{\"@context\":\"https:\/\/schema.org\",\"@graph\":[{\"@type\":\"WebPage\",\"@id\":\"https:\/\/asso.graie.org\/portail\/thematiques\/milieux-aquatiques\/\",\"url\":\"https:\/\/asso.graie.org\/portail\/thematiques\/milieux-aquatiques\/\",\"name\":\"Milieux aquatiques | Th\u00e9matique phare | Le Graie\",\"isPartOf\":{\"@id\":\"https:\/\/asso.graie.org\/portail\/#website\"},\"datePublished\":\"2017-06-30T07:02:55+00:00\",\"dateModified\":\"2024-05-28T07:20:42+00:00\",\"description\":\"A travers sa th\u00e9matiques Milieux aquatiques, le Graie encourage la gestion int\u00e9gr\u00e9e des milieux aquatiques en int\u00e9grant toutes leurs dimensions.\",\"breadcrumb\":{\"@id\":\"https:\/\/asso.graie.org\/portail\/thematiques\/milieux-aquatiques\/#breadcrumb\"},\"inLanguage\":\"fr-FR\",\"potentialAction\":[{\"@type\":\"ReadAction\",\"target\":[\"https:\/\/asso.graie.org\/portail\/thematiques\/milieux-aquatiques\/\"]}]},{\"@type\":\"BreadcrumbList\",\"@id\":\"https:\/\/asso.graie.org\/portail\/thematiques\/milieux-aquatiques\/#breadcrumb\",\"itemListElement\":[{\"@type\":\"ListItem\",\"position\":1,\"name\":\"Accueil\",\"item\":\"https:\/\/asso.graie.org\/portail\/\"},{\"@type\":\"ListItem\",\"position\":2,\"name\":\"Th\u00e9matiques\",\"item\":\"https:\/\/asso.graie.org\/portail\/thematiques\/\"},{\"@type\":\"ListItem\",\"position\":3,\"name\":\"Milieux aquatiques\"}]},{\"@type\":\"WebSite\",\"@id\":\"https:\/\/asso.graie.org\/portail\/#website\",\"url\":\"https:\/\/asso.graie.org\/portail\/\",\"name\":\"Graie\",\"description\":\"P\u00f4le Eau et Territoires\",\"publisher\":{\"@id\":\"https:\/\/asso.graie.org\/portail\/#organization\"},\"potentialAction\":[{\"@type\":\"SearchAction\",\"target\":{\"@type\":\"EntryPoint\",\"urlTemplate\":\"https:\/\/asso.graie.org\/portail\/?s={search_term_string}\"},\"query-input\":\"required name=search_term_string\"}],\"inLanguage\":\"fr-FR\"},{\"@type\":\"Organization\",\"@id\":\"https:\/\/asso.graie.org\/portail\/#organization\",\"name\":\"Le Graie\",\"url\":\"https:\/\/asso.graie.org\/portail\/\",\"logo\":{\"@type\":\"ImageObject\",\"inLanguage\":\"fr-FR\",\"@id\":\"https:\/\/asso.graie.org\/portail\/#\/schema\/logo\/image\/\",\"url\":\"https:\/\/asso.graie.org\/portail\/wp-content\/uploads\/2021\/12\/Logotype-Graie.png\",\"contentUrl\":\"https:\/\/asso.graie.org\/portail\/wp-content\/uploads\/2021\/12\/Logotype-Graie.png\",\"width\":1890,\"height\":1181,\"caption\":\"Le Graie\"},\"image\":{\"@id\":\"https:\/\/asso.graie.org\/portail\/#\/schema\/logo\/image\/\"},\"sameAs\":[\"https:\/\/fr.linkedin.com\/company\/graie?trk=top_nav_home\",\"https:\/\/www.youtube.com\/channel\/UCZQk0Tt7upYwERYNdDIZqLQ\",\"https:\/\/twitter.com\/asso_graie\"]}]}<\/script>\n<!-- \/ Yoast SEO plugin. -->","yoast_head_json":{"title":"Milieux aquatiques | Th\u00e9matique phare | Le Graie","description":"A travers sa th\u00e9matiques Milieux aquatiques, le Graie encourage la gestion int\u00e9gr\u00e9e des milieux aquatiques en int\u00e9grant toutes leurs dimensions.","robots":{"index":"index","follow":"follow","max-snippet":"max-snippet:-1","max-image-preview":"max-image-preview:large","max-video-preview":"max-video-preview:-1"},"canonical":"https:\/\/asso.graie.org\/portail\/thematiques\/milieux-aquatiques\/","og_locale":"fr_FR","og_type":"article","og_title":"Milieux aquatiques | Th\u00e9matique phare | Le Graie","og_description":"A travers sa th\u00e9matiques Milieux aquatiques, le Graie encourage la gestion int\u00e9gr\u00e9e des milieux aquatiques en int\u00e9grant toutes leurs dimensions.","og_url":"https:\/\/asso.graie.org\/portail\/thematiques\/milieux-aquatiques\/","og_site_name":"Graie","article_modified_time":"2024-05-28T07:20:42+00:00","og_image":[{"url":"https:\/\/asso.graie.org\/portail\/wp-content\/uploads\/2018\/03\/ISRIVERS_tiny-300x156.jpg"}],"twitter_card":"summary_large_image","twitter_site":"@asso_graie","twitter_misc":{"Dur\u00e9e de lecture estim\u00e9e":"5 minutes"},"schema":{"@context":"https:\/\/schema.org","@graph":[{"@type":"WebPage","@id":"https:\/\/asso.graie.org\/portail\/thematiques\/milieux-aquatiques\/","url":"https:\/\/asso.graie.org\/portail\/thematiques\/milieux-aquatiques\/","name":"Milieux aquatiques | Th\u00e9matique phare | Le Graie","isPartOf":{"@id":"https:\/\/asso.graie.org\/portail\/#website"},"datePublished":"2017-06-30T07:02:55+00:00","dateModified":"2024-05-28T07:20:42+00:00","description":"A travers sa th\u00e9matiques Milieux aquatiques, le Graie encourage la gestion int\u00e9gr\u00e9e des milieux aquatiques en int\u00e9grant toutes leurs dimensions.","breadcrumb":{"@id":"https:\/\/asso.graie.org\/portail\/thematiques\/milieux-aquatiques\/#breadcrumb"},"inLanguage":"fr-FR","potentialAction":[{"@type":"ReadAction","target":["https:\/\/asso.graie.org\/portail\/thematiques\/milieux-aquatiques\/"]}]},{"@type":"BreadcrumbList","@id":"https:\/\/asso.graie.org\/portail\/thematiques\/milieux-aquatiques\/#breadcrumb","itemListElement":[{"@type":"ListItem","position":1,"name":"Accueil","item":"https:\/\/asso.graie.org\/portail\/"},{"@type":"ListItem","position":2,"name":"Th\u00e9matiques","item":"https:\/\/asso.graie.org\/portail\/thematiques\/"},{"@type":"ListItem","position":3,"name":"Milieux aquatiques"}]},{"@type":"WebSite","@id":"https:\/\/asso.graie.org\/portail\/#website","url":"https:\/\/asso.graie.org\/portail\/","name":"Graie","description":"P\u00f4le Eau et Territoires","publisher":{"@id":"https:\/\/asso.graie.org\/portail\/#organization"},"potentialAction":[{"@type":"SearchAction","target":{"@type":"EntryPoint","urlTemplate":"https:\/\/asso.graie.org\/portail\/?s={search_term_string}"},"query-input":"required name=search_term_string"}],"inLanguage":"fr-FR"},{"@type":"Organization","@id":"https:\/\/asso.graie.org\/portail\/#organization","name":"Le Graie","url":"https:\/\/asso.graie.org\/portail\/","logo":{"@type":"ImageObject","inLanguage":"fr-FR","@id":"https:\/\/asso.graie.org\/portail\/#\/schema\/logo\/image\/","url":"https:\/\/asso.graie.org\/portail\/wp-content\/uploads\/2021\/12\/Logotype-Graie.png","contentUrl":"https:\/\/asso.graie.org\/portail\/wp-content\/uploads\/2021\/12\/Logotype-Graie.png","width":1890,"height":1181,"caption":"Le Graie"},"image":{"@id":"https:\/\/asso.graie.org\/portail\/#\/schema\/logo\/image\/"},"sameAs":["https:\/\/fr.linkedin.com\/company\/graie?trk=top_nav_home","https:\/\/www.youtube.com\/channel\/UCZQk0Tt7upYwERYNdDIZqLQ","https:\/\/twitter.com\/asso_graie"]}]}},"_links":{"self":[{"href":"https:\/\/asso.graie.org\/portail\/wp-json\/wp\/v2\/pages\/1205"}],"collection":[{"href":"https:\/\/asso.graie.org\/portail\/wp-json\/wp\/v2\/pages"}],"about":[{"href":"https:\/\/asso.graie.org\/portail\/wp-json\/wp\/v2\/types\/page"}],"author":[{"embeddable":true,"href":"https:\/\/asso.graie.org\/portail\/wp-json\/wp\/v2\/users\/1"}],"replies":[{"embeddable":true,"href":"https:\/\/asso.graie.org\/portail\/wp-json\/wp\/v2\/comments?post=1205"}],"version-history":[{"count":23,"href":"https:\/\/asso.graie.org\/portail\/wp-json\/wp\/v2\/pages\/1205\/revisions"}],"predecessor-version":[{"id":26085,"href":"https:\/\/asso.graie.org\/portail\/wp-json\/wp\/v2\/pages\/1205\/revisions\/26085"}],"up":[{"embeddable":true,"href":"https:\/\/asso.graie.org\/portail\/wp-json\/wp\/v2\/pages\/1092"}],"wp:attachment":[{"href":"https:\/\/asso.graie.org\/portail\/wp-json\/wp\/v2\/media?parent=1205"}],"curies":[{"name":"wp","href":"https:\/\/api.w.org\/{rel}","templated":true}]}}