{"id":1207,"date":"2017-06-30T09:03:08","date_gmt":"2017-06-30T07:03:08","guid":{"rendered":"https:\/\/asso.graie.org\/portail\/?page_id=1207"},"modified":"2022-09-09T15:56:53","modified_gmt":"2022-09-09T13:56:53","slug":"assainissement","status":"publish","type":"page","link":"https:\/\/asso.graie.org\/portail\/thematiques\/assainissement\/","title":{"rendered":"Assainissement"},"content":{"rendered":"<div style=\"text-align: center;\">AUTOSURVEILLANCE\u00a0 |\u00a0 STATIONS D\u2019\u00c9PURATION\u00a0 |\u00a0 EFFLUENTS NON DOMESTIQUES\u00a0 |\u00a0 ANC<\/div>\n<p>&nbsp;<\/p>\n<h2><strong>Mieux comprendre <\/strong><strong>la r\u00e9glementation dans le domaine de l&rsquo;assainissement <\/strong><strong>pour la mettre en \u0153uvre et contribuer \u00e0 son \u00e9volution<\/strong><\/h2>\n<p>&nbsp;<\/p>\n<p><strong>Le Graie apporte des r\u00e9ponses techniques et scientifiques pour accompagner les collectivit\u00e9s dans la mise en \u0153uvre de la r\u00e9glementation dans le domaine de l\u2019assainissement sur le territoire r\u00e9gional.<\/strong><\/p>\n<p>&nbsp;<\/p>\n<p>Le Graie anime quatre groupes de travail sur ce th\u00e8me :<\/p>\n<ul>\n<li><a href=\"https:\/\/asso.graie.org\/portail\/animationregionale\/station-depuration\/\">les stations d&rsquo;\u00e9puration,<\/a><\/li>\n<li><a href=\"https:\/\/asso.graie.org\/portail\/animationregionale\/autosurveillance\/\">l&rsquo;autosurveillance des r\u00e9seaux et syst\u00e8mes d&rsquo;assainissement<\/a>,<\/li>\n<li><a href=\"https:\/\/asso.graie.org\/portail\/animationregionale\/gt-effluents-non-domestiques\/\">les effluents non domestiques,<\/a><\/li>\n<li><a href=\"https:\/\/asso.graie.org\/portail\/animation-regionale\/gt-assainissement-non-collectif-anc\/\" target=\"_blank\" rel=\"noopener\">l&rsquo;assainissement non collectif (ANC).<\/a><\/li>\n<\/ul>\n<p>Il coordonne:<\/p>\n<ul>\n<li><a href=\"https:\/\/asso.graie.org\/portail\/animationregionale\/spanc\/\">un observatoire r\u00e9gional des services publics de l&rsquo;ANC (SPANC)<\/a><\/li>\n<li><a href=\"https:\/\/asso.graie.org\/portail\/animationregionale\/autosurveillance-systeme\/\">un observatoire sur les pratiques en mati\u00e8re d&rsquo;autosurveillance r\u00e9seau.<\/a><\/li>\n<\/ul>\n<p>&nbsp;<\/p>\n<p><a href=\"https:\/\/asso.graie.org\/portail\/animationregionale\/charte-anc\/\"><img decoding=\"async\" loading=\"lazy\" class=\"size-full wp-image-10271 alignleft\" src=\"https:\/\/asso.graie.org\/portail\/wp-content\/uploads\/2018\/03\/Logo_QualitANC_carre_fondblanc100.jpg\" alt=\"\" width=\"100\" height=\"107\" \/><\/a>Le Graie anime <a href=\"https:\/\/asso.graie.org\/portail\/animationregionale\/charte-anc\/\">la charte r\u00e9gionale<\/a> pour un ANC de qualit\u00e9.<\/p>\n<p>Il porte des dynamiques similaires sur deux autres th\u00e9matiques, li\u00e9es \u00e0 celle-ci mais regroup\u00e9es sous le terme g\u00e9n\u00e9rique de <a href=\"https:\/\/asso.graie.org\/portail\/thematiques\/eau-dans-la-ville\/\">\u00ab\u00a0Eau dans la ville\u00a0\u00bb<\/a> : gestion des eaux pluviales et <a href=\"https:\/\/asso.graie.org\/portail\/animationregionale\/competences\/\">le transfert des comp\u00e9tences eau et assainissement <\/a>.<\/p>\n<p>&nbsp;<\/p>\n<p><strong>Aujourd\u2019hui, le Graie est identifi\u00e9 comme un contributeur pertinent aupr\u00e8s des pouvoirs publics<\/strong> \u2013 notamment les Minist\u00e8res en charge de l\u2019\u00c9cologie et de la Sant\u00e9 &#8211; pour les consultations sur la r\u00e9glementation, la d\u00e9finition et la mise en \u0153uvre des plans nationaux relatifs \u00e0 l&rsquo;assainissement (ANC, micropolluants&#8230;). Ainsi, le Graie et ses permanents apportent leur expertise et participent au rayonnement du r\u00e9seau r\u00e9gional d&rsquo;acteurs, dont ils assurent l&rsquo;animation, dans le cadre des consultations et r\u00e9flexions nationales.<\/p>\n<p>&nbsp;<\/p>\n","protected":false},"excerpt":{"rendered":"<p>AUTOSURVEILLANCE\u00a0 |\u00a0 STATIONS D\u2019\u00c9PURATION\u00a0 |\u00a0 EFFLUENTS NON DOMESTIQUES\u00a0 |\u00a0 ANC &nbsp; Mieux comprendre la r\u00e9glementation dans le domaine de l&rsquo;assainissement pour la mettre en \u0153uvre et contribuer \u00e0 son \u00e9volution &nbsp; Le Graie apporte des r\u00e9ponses techniques et scientifiques pour &hellip;<\/p>\n","protected":false},"author":1,"featured_media":0,"parent":1092,"menu_order":0,"comment_status":"closed","ping_status":"closed","template":"","meta":{"_mi_skip_tracking":false,"footnotes":""},"acf":[],"yoast_head":"<!-- This site is optimized with the Yoast SEO plugin v19.13 - https:\/\/yoast.com\/wordpress\/plugins\/seo\/ -->\n<title>Assainissement | Th\u00e9matique phare | Le Graie<\/title>\n<meta name=\"description\" content=\"A travers sa th\u00e9matique Assainissement, le Graie permet aux collectivit\u00e9s de mieux comprendre la r\u00e9glementation dans ce domaine..\" \/>\n<meta name=\"robots\" content=\"index, follow, max-snippet:-1, max-image-preview:large, max-video-preview:-1\" \/>\n<link rel=\"canonical\" href=\"https:\/\/asso.graie.org\/portail\/thematiques\/assainissement\/\" \/>\n<meta property=\"og:locale\" content=\"fr_FR\" \/>\n<meta property=\"og:type\" content=\"article\" \/>\n<meta property=\"og:title\" content=\"Assainissement | Th\u00e9matique phare | Le Graie\" \/>\n<meta property=\"og:description\" content=\"A travers sa th\u00e9matique Assainissement, le Graie permet aux collectivit\u00e9s de mieux comprendre la r\u00e9glementation dans ce domaine..\" \/>\n<meta property=\"og:url\" content=\"https:\/\/asso.graie.org\/portail\/thematiques\/assainissement\/\" \/>\n<meta property=\"og:site_name\" content=\"Graie\" \/>\n<meta property=\"article:modified_time\" content=\"2022-09-09T13:56:53+00:00\" \/>\n<meta property=\"og:image\" content=\"https:\/\/asso.graie.org\/portail\/wp-content\/uploads\/2018\/03\/Logo_QualitANC_carre_fondblanc100.jpg\" \/>\n<meta name=\"twitter:card\" content=\"summary_large_image\" \/>\n<meta name=\"twitter:site\" content=\"@asso_graie\" \/>\n<meta name=\"twitter:label1\" content=\"Dur\u00e9e de lecture estim\u00e9e\" \/>\n\t<meta name=\"twitter:data1\" content=\"1 minute\" \/>\n<script type=\"application\/ld+json\" class=\"yoast-schema-graph\">{\"@context\":\"https:\/\/schema.org\",\"@graph\":[{\"@type\":\"WebPage\",\"@id\":\"https:\/\/asso.graie.org\/portail\/thematiques\/assainissement\/\",\"url\":\"https:\/\/asso.graie.org\/portail\/thematiques\/assainissement\/\",\"name\":\"Assainissement | Th\u00e9matique phare | Le Graie\",\"isPartOf\":{\"@id\":\"https:\/\/asso.graie.org\/portail\/#website\"},\"datePublished\":\"2017-06-30T07:03:08+00:00\",\"dateModified\":\"2022-09-09T13:56:53+00:00\",\"description\":\"A travers sa th\u00e9matique Assainissement, le Graie permet aux collectivit\u00e9s de mieux comprendre la r\u00e9glementation dans ce domaine..\",\"breadcrumb\":{\"@id\":\"https:\/\/asso.graie.org\/portail\/thematiques\/assainissement\/#breadcrumb\"},\"inLanguage\":\"fr-FR\",\"potentialAction\":[{\"@type\":\"ReadAction\",\"target\":[\"https:\/\/asso.graie.org\/portail\/thematiques\/assainissement\/\"]}]},{\"@type\":\"BreadcrumbList\",\"@id\":\"https:\/\/asso.graie.org\/portail\/thematiques\/assainissement\/#breadcrumb\",\"itemListElement\":[{\"@type\":\"ListItem\",\"position\":1,\"name\":\"Accueil\",\"item\":\"https:\/\/asso.graie.org\/portail\/\"},{\"@type\":\"ListItem\",\"position\":2,\"name\":\"Th\u00e9matiques\",\"item\":\"https:\/\/asso.graie.org\/portail\/thematiques\/\"},{\"@type\":\"ListItem\",\"position\":3,\"name\":\"Assainissement\"}]},{\"@type\":\"WebSite\",\"@id\":\"https:\/\/asso.graie.org\/portail\/#website\",\"url\":\"https:\/\/asso.graie.org\/portail\/\",\"name\":\"Graie\",\"description\":\"P\u00f4le Eau et Territoires\",\"publisher\":{\"@id\":\"https:\/\/asso.graie.org\/portail\/#organization\"},\"potentialAction\":[{\"@type\":\"SearchAction\",\"target\":{\"@type\":\"EntryPoint\",\"urlTemplate\":\"https:\/\/asso.graie.org\/portail\/?s={search_term_string}\"},\"query-input\":\"required name=search_term_string\"}],\"inLanguage\":\"fr-FR\"},{\"@type\":\"Organization\",\"@id\":\"https:\/\/asso.graie.org\/portail\/#organization\",\"name\":\"Le Graie\",\"url\":\"https:\/\/asso.graie.org\/portail\/\",\"logo\":{\"@type\":\"ImageObject\",\"inLanguage\":\"fr-FR\",\"@id\":\"https:\/\/asso.graie.org\/portail\/#\/schema\/logo\/image\/\",\"url\":\"https:\/\/asso.graie.org\/portail\/wp-content\/uploads\/2021\/12\/Logotype-Graie.png\",\"contentUrl\":\"https:\/\/asso.graie.org\/portail\/wp-content\/uploads\/2021\/12\/Logotype-Graie.png\",\"width\":1890,\"height\":1181,\"caption\":\"Le Graie\"},\"image\":{\"@id\":\"https:\/\/asso.graie.org\/portail\/#\/schema\/logo\/image\/\"},\"sameAs\":[\"https:\/\/fr.linkedin.com\/company\/graie?trk=top_nav_home\",\"https:\/\/www.youtube.com\/channel\/UCZQk0Tt7upYwERYNdDIZqLQ\",\"https:\/\/twitter.com\/asso_graie\"]}]}<\/script>\n<!-- \/ Yoast SEO plugin. -->","yoast_head_json":{"title":"Assainissement | Th\u00e9matique phare | Le Graie","description":"A travers sa th\u00e9matique Assainissement, le Graie permet aux collectivit\u00e9s de mieux comprendre la r\u00e9glementation dans ce domaine..","robots":{"index":"index","follow":"follow","max-snippet":"max-snippet:-1","max-image-preview":"max-image-preview:large","max-video-preview":"max-video-preview:-1"},"canonical":"https:\/\/asso.graie.org\/portail\/thematiques\/assainissement\/","og_locale":"fr_FR","og_type":"article","og_title":"Assainissement | Th\u00e9matique phare | Le Graie","og_description":"A travers sa th\u00e9matique Assainissement, le Graie permet aux collectivit\u00e9s de mieux comprendre la r\u00e9glementation dans ce domaine..","og_url":"https:\/\/asso.graie.org\/portail\/thematiques\/assainissement\/","og_site_name":"Graie","article_modified_time":"2022-09-09T13:56:53+00:00","og_image":[{"url":"https:\/\/asso.graie.org\/portail\/wp-content\/uploads\/2018\/03\/Logo_QualitANC_carre_fondblanc100.jpg"}],"twitter_card":"summary_large_image","twitter_site":"@asso_graie","twitter_misc":{"Dur\u00e9e de lecture estim\u00e9e":"1 minute"},"schema":{"@context":"https:\/\/schema.org","@graph":[{"@type":"WebPage","@id":"https:\/\/asso.graie.org\/portail\/thematiques\/assainissement\/","url":"https:\/\/asso.graie.org\/portail\/thematiques\/assainissement\/","name":"Assainissement | Th\u00e9matique phare | Le Graie","isPartOf":{"@id":"https:\/\/asso.graie.org\/portail\/#website"},"datePublished":"2017-06-30T07:03:08+00:00","dateModified":"2022-09-09T13:56:53+00:00","description":"A travers sa th\u00e9matique Assainissement, le Graie permet aux collectivit\u00e9s de mieux comprendre la r\u00e9glementation dans ce domaine..","breadcrumb":{"@id":"https:\/\/asso.graie.org\/portail\/thematiques\/assainissement\/#breadcrumb"},"inLanguage":"fr-FR","potentialAction":[{"@type":"ReadAction","target":["https:\/\/asso.graie.org\/portail\/thematiques\/assainissement\/"]}]},{"@type":"BreadcrumbList","@id":"https:\/\/asso.graie.org\/portail\/thematiques\/assainissement\/#breadcrumb","itemListElement":[{"@type":"ListItem","position":1,"name":"Accueil","item":"https:\/\/asso.graie.org\/portail\/"},{"@type":"ListItem","position":2,"name":"Th\u00e9matiques","item":"https:\/\/asso.graie.org\/portail\/thematiques\/"},{"@type":"ListItem","position":3,"name":"Assainissement"}]},{"@type":"WebSite","@id":"https:\/\/asso.graie.org\/portail\/#website","url":"https:\/\/asso.graie.org\/portail\/","name":"Graie","description":"P\u00f4le Eau et Territoires","publisher":{"@id":"https:\/\/asso.graie.org\/portail\/#organization"},"potentialAction":[{"@type":"SearchAction","target":{"@type":"EntryPoint","urlTemplate":"https:\/\/asso.graie.org\/portail\/?s={search_term_string}"},"query-input":"required name=search_term_string"}],"inLanguage":"fr-FR"},{"@type":"Organization","@id":"https:\/\/asso.graie.org\/portail\/#organization","name":"Le Graie","url":"https:\/\/asso.graie.org\/portail\/","logo":{"@type":"ImageObject","inLanguage":"fr-FR","@id":"https:\/\/asso.graie.org\/portail\/#\/schema\/logo\/image\/","url":"https:\/\/asso.graie.org\/portail\/wp-content\/uploads\/2021\/12\/Logotype-Graie.png","contentUrl":"https:\/\/asso.graie.org\/portail\/wp-content\/uploads\/2021\/12\/Logotype-Graie.png","width":1890,"height":1181,"caption":"Le Graie"},"image":{"@id":"https:\/\/asso.graie.org\/portail\/#\/schema\/logo\/image\/"},"sameAs":["https:\/\/fr.linkedin.com\/company\/graie?trk=top_nav_home","https:\/\/www.youtube.com\/channel\/UCZQk0Tt7upYwERYNdDIZqLQ","https:\/\/twitter.com\/asso_graie"]}]}},"_links":{"self":[{"href":"https:\/\/asso.graie.org\/portail\/wp-json\/wp\/v2\/pages\/1207"}],"collection":[{"href":"https:\/\/asso.graie.org\/portail\/wp-json\/wp\/v2\/pages"}],"about":[{"href":"https:\/\/asso.graie.org\/portail\/wp-json\/wp\/v2\/types\/page"}],"author":[{"embeddable":true,"href":"https:\/\/asso.graie.org\/portail\/wp-json\/wp\/v2\/users\/1"}],"replies":[{"embeddable":true,"href":"https:\/\/asso.graie.org\/portail\/wp-json\/wp\/v2\/comments?post=1207"}],"version-history":[{"count":7,"href":"https:\/\/asso.graie.org\/portail\/wp-json\/wp\/v2\/pages\/1207\/revisions"}],"predecessor-version":[{"id":21451,"href":"https:\/\/asso.graie.org\/portail\/wp-json\/wp\/v2\/pages\/1207\/revisions\/21451"}],"up":[{"embeddable":true,"href":"https:\/\/asso.graie.org\/portail\/wp-json\/wp\/v2\/pages\/1092"}],"wp:attachment":[{"href":"https:\/\/asso.graie.org\/portail\/wp-json\/wp\/v2\/media?parent=1207"}],"curies":[{"name":"wp","href":"https:\/\/api.w.org\/{rel}","templated":true}]}}