{"id":1209,"date":"2017-06-30T09:03:28","date_gmt":"2017-06-30T07:03:28","guid":{"rendered":"https:\/\/asso.graie.org\/portail\/?page_id=1209"},"modified":"2022-10-06T09:10:35","modified_gmt":"2022-10-06T07:10:35","slug":"assainissement-non-collectif","status":"publish","type":"page","link":"https:\/\/asso.graie.org\/portail\/thematiques\/eau-et-sante\/assainissement-non-collectif\/","title":{"rendered":"Assainissement Non Collectif"},"content":{"rendered":"\n<div style=\"height:41px\" aria-hidden=\"true\" class=\"wp-block-spacer\"><\/div>\n\n\n\n<h3 class=\"has-text-align-center wp-block-heading\"><a href=\"https:\/\/asso.graie.org\/portail\/thematiques\/eau-et-sante\/stations-epuration\/\">STATIONS D&rsquo;\u00c9PURATION<\/a>&nbsp; |&nbsp; <a href=\"https:\/\/asso.graie.org\/portail\/thematiques\/eau-et-sante\/effluents-non-domestiques\/\">EFFLUENTS NON DOMESTIQUES<\/a>&nbsp; |&nbsp; <a href=\"\/portail\/thematiques\/eau-et-sante\/assainissement-non-collectif\/\"><strong>ANC<\/strong><\/a><\/h3>\n\n\n\n<div style=\"height:41px\" aria-hidden=\"true\" class=\"wp-block-spacer\"><\/div>\n\n\n\n<h2 class=\"wp-block-heading\"><strong>L&rsquo;assainissement non collectif<\/strong><\/h2>\n\n\n\n<div style=\"height:20px\" aria-hidden=\"true\" class=\"wp-block-spacer\"><\/div>\n\n\n\n<p><em>La loi sur l&rsquo;eau et les milieux aquatiques de 1992 a reconnu l\u2019assainissement non collectif comme une alternative \u00e0 part enti\u00e8re au tout-\u00e0-l\u2019\u00e9gout et a instaur\u00e9 la mise en place des SPANC \u2013 Services Publics d&rsquo;Assainissement Non Collectif. Il s&rsquo;agissait alors d&rsquo;une nouvelle responsabilit\u00e9 pour les collectivit\u00e9s, qui ont d\u00fb s\u2019organiser et se doter de nouvelles comp\u00e9tences techniques pour accompagner les usagers concern\u00e9s. Par ailleurs, l\u2019ANC est en constante \u00e9volution, tant d\u2019un point de vue r\u00e9glementaire que technique, et les collectivit\u00e9s doivent s\u2019adapter. <\/em><\/p>\n\n\n\n<div style=\"height:23px\" aria-hidden=\"true\" class=\"wp-block-spacer\"><\/div>\n\n\n\n<p>Aujourd&rsquo;hui, le Graie coordonne la mise \u00e0 jour d&rsquo;un <a href=\"https:\/\/asso.graie.org\/portail\/tableau-de-comparaison-filieres-agreees-anc\/\" target=\"_blank\" rel=\"noopener noreferrer\"><strong>tableau des fili\u00e8<\/strong><strong>res<\/strong><\/a>, mais a mis en suspend les autres activit\u00e9s sur l&rsquo;assainissement non collectif en 2021.<\/p>\n\n\n\n<div style=\"height:21px\" aria-hidden=\"true\" class=\"wp-block-spacer\"><\/div>\n\n\n\n<p>En 2020, le Graie a particip\u00e9 au partage des principaux messages dans les deux plaquettes \u00e9diit\u00e9es par l&rsquo;AQC :<\/p>\n\n\n\n<ul><li>\u00c0 destination des professionnels : <em><a href=\"https:\/\/asso.graie.org\/portail\/assainissement-non-collectif-les-points-sensibles-plaquette-technique\/\" target=\"_blank\" rel=\"noopener noreferrer\">Assainissement non collectif : les points sensibles<\/a>, <\/em>8p<\/li><li>\u00c0 destination du grand public : <a href=\"https:\/\/asso.graie.org\/portail\/votre-installation-dassainissement-non-collectif\/\" target=\"_blank\" rel=\"noopener noreferrer\"><em>Votre installation d\u2019assainissement non collectif<\/em>,<\/a> 8p<\/li><\/ul>\n\n\n\n<div style=\"height:30px\" aria-hidden=\"true\" class=\"wp-block-spacer\"><\/div>\n\n\n\n<p>Pour r\u00e9pondre aux enjeux de cette th\u00e9matique, le Graie s&rsquo;\u00e9tait engag\u00e9 depuis 1996 dans l&rsquo;animation d&rsquo;une dynamique r\u00e9gionale sur l\u2019assainissement non collectif.<\/p>\n\n\n\n<div style=\"height:20px\" aria-hidden=\"true\" class=\"wp-block-spacer\"><\/div>\n\n\n\n<ul><li>Depuis 1996 : organisation de conf\u00e9rences d\u00e9partementales et r\u00e9gionales pour accompagner les territoires dans la mise en place des SPANC<\/li><li>Depuis 2002 et pendant 15 ans : animation d&rsquo;un<strong> r\u00e9seau r\u00e9gional <\/strong><strong>des acteurs de l\u2019Assainissement Non Collectif <\/strong>pour mettre en relation les SPANC, les SATAA, et leurs partenaires institutionnels.<\/li><li>Depuis 2007 et pendant 10 ans : le Graie a anim\u00e9 un <strong><a href=\"https:\/\/asso.graie.org\/portail\/animationregionale\/spanc\/\">observatoire des SPANC<\/a> sur Rh\u00f4ne-Alpes, Jura, Sa\u00f4ne et Loire, PACA et Corse<\/strong>, mis \u00e0 jour tous les 2 ans et accompagn\u00e9 le d\u00e9veloppement de l&rsquo;observatoire SISPEA sur l&rsquo;ANC.<\/li><li>Depuis 2017 : le Graie s\u2019est engag\u00e9 dans l&rsquo;\u00e9laboration et l&rsquo;animation d\u2019une <strong>charte interd\u00e9partementale pour un ANC de qualit\u00e9 <a href=\"https:\/\/asso.graie.org\/portail\/animationregionale\/charte-anc\/\">&#8211; Qualit&rsquo;ANC &#8211;<\/a><\/strong> aux c\u00f4t\u00e9s de repr\u00e9sentants de professionnels de la conception, de la r\u00e9alisation et de l&rsquo;entretien des installations ainsi que d\u2019usagers de l\u2019ANC.<\/li><li>Enfin, le Graie participait activement au Plan national assainissement non collectif &#8211; le <strong>PANANC.&nbsp;<\/strong><\/li><\/ul>\n\n\n\n\t\t<div class=\"clearfix\"><\/div>\n\t\t<hr style=\"margin-top:20px; margin-bottom:20px;\" class=\"divider divider-solid\">\n\t\n\n\n\n<div style=\"height:46px\" aria-hidden=\"true\" class=\"wp-block-spacer\"><\/div>\n\n\n\n<h2 class=\"wp-block-heading\"><strong>Nos derni\u00e8res productions et documents de r\u00e9f\u00e9rence<\/strong><\/h2>\n\n\n\n<div style=\"height:21px\" aria-hidden=\"true\" class=\"wp-block-spacer\"><\/div>\n\n\n\n<p><strong>M\u00e9li-M\u00e9lo &#8211; l&rsquo;assainissement individuel : est-ce une solution archa\u00efque et ch\u00e8re ?<\/strong><\/p>\n\n\n\n<ul><li><a href=\"https:\/\/www.youtube.com\/watch?v=5HTH7VSWhI8&amp;index=1&amp;list=PLmXqLK8hoAF7WGXBthwKIyQn8rOfgCWkm\" target=\"_blank\" rel=\"noopener noreferrer\">\u00e9pisode \u00ab\u00a0les sceptiques de la fosse\u00a0\u00bb<\/a><\/li><li><a href=\"http:\/\/www.graie.org\/eaumelimelo\/Meli-Melo\/Questions\/Assainissement-individuel\/?parent=3#prettyPhoto\" target=\"_blank\" rel=\"noopener noreferrer\">document de synth\u00e8se<\/a><\/li><\/ul>\n\n\n\n<div style=\"height:20px\" aria-hidden=\"true\" class=\"wp-block-spacer\"><\/div>\n\n\n\n<p><strong>\u00c9changes autour de l&rsquo;ANC :<\/strong><\/p>\n\n\n\n<ul><li><a href=\"http:\/\/www.graie.org\/graie\/graiedoc\/reseaux\/Racco\/racc-outil-graie-spancnondomestiques.pdf\">SPANC et gestion des effluents non domestiques<\/a>, mai 2021<\/li><li><a href=\"http:\/\/www.graie.org\/graie\/graiedoc\/reseaux\/ANC\/Echanges_Professionnels_ANC_v1.pdf\" target=\"_blank\" rel=\"noopener noreferrer\">Comment int\u00e9grer la diversit\u00e9 des fili\u00e8res et ma\u00eetriser la qualit\u00e9 de l&rsquo;ANC aux c\u00f4t\u00e9s de l&rsquo;usager ?<\/a>, novembre 2015<\/li><\/ul>\n\n\n\n<div style=\"height:20px\" aria-hidden=\"true\" class=\"wp-block-spacer\"><\/div>\n\n\n\n<p><strong> Observatoire r\u00e9gional des SPANC <\/strong>: situation au 31\/12\/2016<\/p>\n\n\n\n<ul><li><a href=\"http:\/\/graie.org\/graie\/graiedoc\/reseaux\/ANC\/2017observatoire_assainissement_non_collectif_RAJSL.pdf\">Rh\u00f4ne-Alpes, Jura et Sa\u00f4ne-et-Loire<\/a><\/li><li><a href=\"http:\/\/graie.org\/graie\/graiedoc\/reseaux\/ANC\/2017observatoire_assainissement_non_collectif_RAJSLPC.pdf\" target=\"_blank\" rel=\"noopener noreferrer\">Rh\u00f4ne-Alpes, Jura et Sa\u00f4ne-et-Loire, PACA, Corse<br><\/a><\/li><\/ul>\n\n\n\n<div style=\"height:20px\" aria-hidden=\"true\" class=\"wp-block-spacer\"><\/div>\n\n\n\n<p><strong>Derni\u00e8res conf\u00e9rences r\u00e9gionales du Graie<\/strong><\/p>\n\n\n\n<ul><li>mars 2020 &#8211; Journ\u00e9e d&rsquo;information sur l&rsquo;ANC, <a href=\"https:\/\/asso.graie.org\/portail\/journee-assainissement-non-collectif\/\" target=\"_blank\" rel=\"noopener noreferrer\">actes<\/a> &#8211; <a href=\"https:\/\/asso.graie.org\/portail\/journee-assainissement-non-collectif\/\" target=\"_blank\" rel=\"noopener noreferrer\">synth\u00e8se<\/a><\/li><li>f\u00e9vrier 2019 &#8211; Journ\u00e9e d&rsquo;information sur l&rsquo;ANC, <a href=\"https:\/\/asso.graie.org\/portail\/assainissement-non-collectif\/\" target=\"_blank\" rel=\"noopener noreferrer\">actes<\/a> &#8211; <a href=\"https:\/\/asso.graie.org\/portail\/assainissement-non-collectif\/\" target=\"_blank\" rel=\"noopener noreferrer\">synth\u00e8se<\/a><\/li><li>f\u00e9vrier 2018 &#8211; Journ\u00e9e d&rsquo;information sur l&rsquo;ANC &amp; lancement de la charte Qualit&rsquo;ANC, <a href=\"https:\/\/asso.graie.org\/portail\/wp-content\/uploads\/2018\/02\/Actes_AssainissementNonCollectif_01fev18.pdf\" target=\"_blank\" rel=\"noopener noreferrer\">actes<\/a><\/li><li>f\u00e9vrier 2015 &#8211; Assainissement des collectivit\u00e9s : la part du non-collectif,&nbsp; <a href=\"http:\/\/www.graie.org\/graie\/graiedoc\/doc_telech\/actesyntheses\/ANC15actes_assainissement_non_collectif.pdf\" target=\"_blank\" rel=\"noopener noreferrer\">actes<\/a> &#8211; <a href=\"http:\/\/www.graie.org\/graie\/graiedoc\/doc_telech\/actesyntheses\/ANC15_synth_assainissement_non_collectif.pdf\" target=\"_blank\" rel=\"noopener noreferrer\">synth\u00e8se<\/a><\/li><\/ul>\n\n\n\n<p><a class=\"plus\" href=\"https:\/\/asso.graie.org\/portail\/resultat-de-recherche-detaillee\/?_sfm_source2=productions_du_graie&amp;_sfm_categorie_prod=non_collectif\" target=\"_blank\" rel=\"noopener noreferrer\">Toutes nos productions ANC<\/a><\/p>\n\n\n\n\t\t<div class=\"clearfix\"><\/div>\n\t\t<hr style=\"margin-top:20px; margin-bottom:20px;\" class=\"divider divider-solid\">\n\t\n\n\n\n<div style=\"height:41px\" aria-hidden=\"true\" class=\"wp-block-spacer\"><\/div>\n\n\n\n<h2 class=\"wp-block-heading\"><strong>Autres ressources<\/strong><\/h2>\n\n\n\n<div style=\"height:25px\" aria-hidden=\"true\" class=\"wp-block-spacer\"><\/div>\n\n\n\n<h3 class=\"wp-block-heading\">Liens utiles<\/h3>\n\n\n\n<div style=\"height:21px\" aria-hidden=\"true\" class=\"wp-block-spacer\"><\/div>\n\n\n\n<p><strong>&gt; Plaquettes \u00e9dit\u00e9es par le l&rsquo;AQC (juillet 2020)<\/strong><br>\u00c0 destination des professionnels : <em><a href=\"https:\/\/asso.graie.org\/portail\/assainissement-non-collectif-les-points-sensibles-plaquette-technique\/\" target=\"_blank\" rel=\"noopener noreferrer\">Assainissement non collectif : les points sensibles<\/a>, <\/em>8 p<br>\u00c0 destination du grand public : <a href=\"https:\/\/asso.graie.org\/portail\/votre-installation-dassainissement-non-collectif\/\" target=\"_blank\" rel=\"noopener noreferrer\"><em>Votre installation d\u2019assainissement non collectif<\/em>,<\/a> 8 p<br><em>Les messages de ces plaquettes ont \u00e9t\u00e9 valid\u00e9s par le Graie<\/em><\/p>\n\n\n\n<div style=\"height:21px\" aria-hidden=\"true\" class=\"wp-block-spacer\"><\/div>\n\n\n\n<p><strong><a href=\"https:\/\/asso.graie.org\/portail\/tableau-de-comparaison-filieres-agreees-anc\/\" target=\"_blank\" rel=\"noopener noreferrer\">&gt; Tableau de comparaison des fili\u00e8res agr\u00e9\u00e9es en ANC<\/a><\/strong><br>mis \u00e0 jour r\u00e9guli\u00e8rement par l&rsquo;ATANC LB &amp; OM, le SATAA du d\u00e9partement de la Mayenne, et les SPANC de la Communaut\u00e9 de Communes Auray Quiberon, du SATESE d&rsquo;Indre et Loire et de Tours M\u00e9tropole Val de Loire (fichier xlsm, 750 Ko)<\/p>\n\n\n\n<div style=\"height:21px\" aria-hidden=\"true\" class=\"wp-block-spacer\"><\/div>\n\n\n\n<p><a href=\"https:\/\/irsteadoc.irstea.fr\/cemoa\/PUB00054553\"><strong>&gt; ANC : le suivi in situ des installations, de 2011 \u00e0 2016<\/strong> &#8211; <\/a>Groupe National Public ANC, septembre 2017<br>Etude scientifique et technique d\u00e9ploy\u00e9e \u00e0 l\u2019\u00e9chelle nationale, sous la coordination scientifique d\u2019Irstea, qui vise \u00e0 \u00e9valuer en conditions r\u00e9elles de fonctionnement la qualit\u00e9 des eaux us\u00e9es trait\u00e9es rejet\u00e9es et les fr\u00e9quences des op\u00e9rations d\u2019entretien \u00ab&nbsp;curatif&nbsp;\u00bb.<\/p>\n\n\n\n<div style=\"height:21px\" aria-hidden=\"true\" class=\"wp-block-spacer\"><\/div>\n\n\n\n<p><strong><a href=\"http:\/\/www.assainissement-non-collectif.developpement-durable.gouv.fr\/IMG\/pdf\/12032-2_ANC_Guide-SPANC_complet_monte_2014_cle7a9567.pdf\" target=\"_blank\" rel=\"noopener noreferrer\">&gt; Guide d&rsquo;accompagnement des SPANC, outil d&rsquo;aide au contr\u00f4le<\/a><\/strong> &#8211; PANANC, V2 octobre 2014 (80 p) &#8211; <a href=\"http:\/\/www.graie.org\/graie\/graiedoc\/reseaux\/ANC\/PANANC_GuideSpancOct2014_fichescontrole.doc\">T\u00e9l\u00e9charger les fiches contr\u00f4le au format .doc<\/a><\/p>\n\n\n\n<div style=\"height:21px\" aria-hidden=\"true\" class=\"wp-block-spacer\"><\/div>\n\n\n\n<p><a href=\"http:\/\/www.assainissement-non-collectif.developpement-durable.gouv.fr\/\" target=\"_blank\" rel=\"noopener noreferrer\"><strong>&gt; Portail interminist\u00e9riel sur l&rsquo;assainissement non collectif<\/strong><\/a><\/p>\n\n\n\n<div style=\"height:21px\" aria-hidden=\"true\" class=\"wp-block-spacer\"><\/div>\n\n\n\n<p><a class=\"plus\" href=\"https:\/\/asso.graie.org\/portail\/resultat-de-recherche-detaillee\/?_sfm_source2=sources_externes&amp;_sfm_categorie_prod=non_collectif\" target=\"_blank\" rel=\"noopener noreferrer\">Tous les liens utiles<\/a><\/p>\n","protected":false},"excerpt":{"rendered":"<p>STATIONS D&rsquo;\u00c9PURATION&nbsp; |&nbsp; EFFLUENTS NON DOMESTIQUES&nbsp; |&nbsp; ANC L&rsquo;assainissement non collectif La loi sur l&rsquo;eau et les milieux aquatiques de 1992 a reconnu l\u2019assainissement non collectif comme une alternative \u00e0 part enti\u00e8re au tout-\u00e0-l\u2019\u00e9gout et a instaur\u00e9 la mise en &hellip;<\/p>\n","protected":false},"author":1,"featured_media":0,"parent":1197,"menu_order":0,"comment_status":"closed","ping_status":"closed","template":"","meta":{"_mi_skip_tracking":false,"footnotes":""},"acf":[],"yoast_head":"<!-- This site is optimized with the Yoast SEO plugin v19.13 - https:\/\/yoast.com\/wordpress\/plugins\/seo\/ -->\n<title>Assainissement Non Collectif (ANC) | Le Graie<\/title>\n<meta name=\"description\" content=\"Le Graie s&#039;engage depuis 1996 dans l&#039;animation d&#039;une dynamique r\u00e9gionale sur l\u2019assainissement non collectif (ANC).\" \/>\n<meta name=\"robots\" content=\"index, follow, max-snippet:-1, max-image-preview:large, max-video-preview:-1\" \/>\n<link rel=\"canonical\" href=\"https:\/\/asso.graie.org\/portail\/thematiques\/eau-et-sante\/assainissement-non-collectif\/\" \/>\n<meta property=\"og:locale\" content=\"fr_FR\" \/>\n<meta property=\"og:type\" content=\"article\" \/>\n<meta property=\"og:title\" content=\"Assainissement Non Collectif (ANC) | Le Graie\" \/>\n<meta property=\"og:description\" content=\"Le Graie s&#039;engage depuis 1996 dans l&#039;animation d&#039;une dynamique r\u00e9gionale sur l\u2019assainissement non collectif (ANC).\" \/>\n<meta property=\"og:url\" content=\"https:\/\/asso.graie.org\/portail\/thematiques\/eau-et-sante\/assainissement-non-collectif\/\" \/>\n<meta property=\"og:site_name\" content=\"Graie\" \/>\n<meta property=\"article:modified_time\" content=\"2022-10-06T07:10:35+00:00\" \/>\n<meta name=\"twitter:card\" content=\"summary_large_image\" \/>\n<meta name=\"twitter:site\" content=\"@asso_graie\" \/>\n<meta name=\"twitter:label1\" content=\"Dur\u00e9e de lecture estim\u00e9e\" \/>\n\t<meta name=\"twitter:data1\" content=\"4 minutes\" \/>\n<script type=\"application\/ld+json\" class=\"yoast-schema-graph\">{\"@context\":\"https:\/\/schema.org\",\"@graph\":[{\"@type\":\"WebPage\",\"@id\":\"https:\/\/asso.graie.org\/portail\/thematiques\/eau-et-sante\/assainissement-non-collectif\/\",\"url\":\"https:\/\/asso.graie.org\/portail\/thematiques\/eau-et-sante\/assainissement-non-collectif\/\",\"name\":\"Assainissement Non Collectif (ANC) | Le Graie\",\"isPartOf\":{\"@id\":\"https:\/\/asso.graie.org\/portail\/#website\"},\"datePublished\":\"2017-06-30T07:03:28+00:00\",\"dateModified\":\"2022-10-06T07:10:35+00:00\",\"description\":\"Le Graie s'engage depuis 1996 dans l'animation d'une dynamique r\u00e9gionale sur l\u2019assainissement non collectif (ANC).\",\"breadcrumb\":{\"@id\":\"https:\/\/asso.graie.org\/portail\/thematiques\/eau-et-sante\/assainissement-non-collectif\/#breadcrumb\"},\"inLanguage\":\"fr-FR\",\"potentialAction\":[{\"@type\":\"ReadAction\",\"target\":[\"https:\/\/asso.graie.org\/portail\/thematiques\/eau-et-sante\/assainissement-non-collectif\/\"]}]},{\"@type\":\"BreadcrumbList\",\"@id\":\"https:\/\/asso.graie.org\/portail\/thematiques\/eau-et-sante\/assainissement-non-collectif\/#breadcrumb\",\"itemListElement\":[{\"@type\":\"ListItem\",\"position\":1,\"name\":\"Accueil\",\"item\":\"https:\/\/asso.graie.org\/portail\/\"},{\"@type\":\"ListItem\",\"position\":2,\"name\":\"Th\u00e9matiques\",\"item\":\"https:\/\/asso.graie.org\/portail\/thematiques\/\"},{\"@type\":\"ListItem\",\"position\":3,\"name\":\"Eau et sant\u00e9\",\"item\":\"https:\/\/asso.graie.org\/portail\/thematiques\/eau-et-sante\/\"},{\"@type\":\"ListItem\",\"position\":4,\"name\":\"Assainissement Non Collectif\"}]},{\"@type\":\"WebSite\",\"@id\":\"https:\/\/asso.graie.org\/portail\/#website\",\"url\":\"https:\/\/asso.graie.org\/portail\/\",\"name\":\"Graie\",\"description\":\"P\u00f4le Eau et Territoires\",\"publisher\":{\"@id\":\"https:\/\/asso.graie.org\/portail\/#organization\"},\"potentialAction\":[{\"@type\":\"SearchAction\",\"target\":{\"@type\":\"EntryPoint\",\"urlTemplate\":\"https:\/\/asso.graie.org\/portail\/?s={search_term_string}\"},\"query-input\":\"required name=search_term_string\"}],\"inLanguage\":\"fr-FR\"},{\"@type\":\"Organization\",\"@id\":\"https:\/\/asso.graie.org\/portail\/#organization\",\"name\":\"Le Graie\",\"url\":\"https:\/\/asso.graie.org\/portail\/\",\"logo\":{\"@type\":\"ImageObject\",\"inLanguage\":\"fr-FR\",\"@id\":\"https:\/\/asso.graie.org\/portail\/#\/schema\/logo\/image\/\",\"url\":\"https:\/\/asso.graie.org\/portail\/wp-content\/uploads\/2021\/12\/Logotype-Graie.png\",\"contentUrl\":\"https:\/\/asso.graie.org\/portail\/wp-content\/uploads\/2021\/12\/Logotype-Graie.png\",\"width\":1890,\"height\":1181,\"caption\":\"Le Graie\"},\"image\":{\"@id\":\"https:\/\/asso.graie.org\/portail\/#\/schema\/logo\/image\/\"},\"sameAs\":[\"https:\/\/fr.linkedin.com\/company\/graie?trk=top_nav_home\",\"https:\/\/www.youtube.com\/channel\/UCZQk0Tt7upYwERYNdDIZqLQ\",\"https:\/\/twitter.com\/asso_graie\"]}]}<\/script>\n<!-- \/ Yoast SEO plugin. -->","yoast_head_json":{"title":"Assainissement Non Collectif (ANC) | Le Graie","description":"Le Graie s'engage depuis 1996 dans l'animation d'une dynamique r\u00e9gionale sur l\u2019assainissement non collectif (ANC).","robots":{"index":"index","follow":"follow","max-snippet":"max-snippet:-1","max-image-preview":"max-image-preview:large","max-video-preview":"max-video-preview:-1"},"canonical":"https:\/\/asso.graie.org\/portail\/thematiques\/eau-et-sante\/assainissement-non-collectif\/","og_locale":"fr_FR","og_type":"article","og_title":"Assainissement Non Collectif (ANC) | Le Graie","og_description":"Le Graie s'engage depuis 1996 dans l'animation d'une dynamique r\u00e9gionale sur l\u2019assainissement non collectif (ANC).","og_url":"https:\/\/asso.graie.org\/portail\/thematiques\/eau-et-sante\/assainissement-non-collectif\/","og_site_name":"Graie","article_modified_time":"2022-10-06T07:10:35+00:00","twitter_card":"summary_large_image","twitter_site":"@asso_graie","twitter_misc":{"Dur\u00e9e de lecture estim\u00e9e":"4 minutes"},"schema":{"@context":"https:\/\/schema.org","@graph":[{"@type":"WebPage","@id":"https:\/\/asso.graie.org\/portail\/thematiques\/eau-et-sante\/assainissement-non-collectif\/","url":"https:\/\/asso.graie.org\/portail\/thematiques\/eau-et-sante\/assainissement-non-collectif\/","name":"Assainissement Non Collectif (ANC) | Le Graie","isPartOf":{"@id":"https:\/\/asso.graie.org\/portail\/#website"},"datePublished":"2017-06-30T07:03:28+00:00","dateModified":"2022-10-06T07:10:35+00:00","description":"Le Graie s'engage depuis 1996 dans l'animation d'une dynamique r\u00e9gionale sur l\u2019assainissement non collectif (ANC).","breadcrumb":{"@id":"https:\/\/asso.graie.org\/portail\/thematiques\/eau-et-sante\/assainissement-non-collectif\/#breadcrumb"},"inLanguage":"fr-FR","potentialAction":[{"@type":"ReadAction","target":["https:\/\/asso.graie.org\/portail\/thematiques\/eau-et-sante\/assainissement-non-collectif\/"]}]},{"@type":"BreadcrumbList","@id":"https:\/\/asso.graie.org\/portail\/thematiques\/eau-et-sante\/assainissement-non-collectif\/#breadcrumb","itemListElement":[{"@type":"ListItem","position":1,"name":"Accueil","item":"https:\/\/asso.graie.org\/portail\/"},{"@type":"ListItem","position":2,"name":"Th\u00e9matiques","item":"https:\/\/asso.graie.org\/portail\/thematiques\/"},{"@type":"ListItem","position":3,"name":"Eau et sant\u00e9","item":"https:\/\/asso.graie.org\/portail\/thematiques\/eau-et-sante\/"},{"@type":"ListItem","position":4,"name":"Assainissement Non Collectif"}]},{"@type":"WebSite","@id":"https:\/\/asso.graie.org\/portail\/#website","url":"https:\/\/asso.graie.org\/portail\/","name":"Graie","description":"P\u00f4le Eau et Territoires","publisher":{"@id":"https:\/\/asso.graie.org\/portail\/#organization"},"potentialAction":[{"@type":"SearchAction","target":{"@type":"EntryPoint","urlTemplate":"https:\/\/asso.graie.org\/portail\/?s={search_term_string}"},"query-input":"required name=search_term_string"}],"inLanguage":"fr-FR"},{"@type":"Organization","@id":"https:\/\/asso.graie.org\/portail\/#organization","name":"Le Graie","url":"https:\/\/asso.graie.org\/portail\/","logo":{"@type":"ImageObject","inLanguage":"fr-FR","@id":"https:\/\/asso.graie.org\/portail\/#\/schema\/logo\/image\/","url":"https:\/\/asso.graie.org\/portail\/wp-content\/uploads\/2021\/12\/Logotype-Graie.png","contentUrl":"https:\/\/asso.graie.org\/portail\/wp-content\/uploads\/2021\/12\/Logotype-Graie.png","width":1890,"height":1181,"caption":"Le Graie"},"image":{"@id":"https:\/\/asso.graie.org\/portail\/#\/schema\/logo\/image\/"},"sameAs":["https:\/\/fr.linkedin.com\/company\/graie?trk=top_nav_home","https:\/\/www.youtube.com\/channel\/UCZQk0Tt7upYwERYNdDIZqLQ","https:\/\/twitter.com\/asso_graie"]}]}},"_links":{"self":[{"href":"https:\/\/asso.graie.org\/portail\/wp-json\/wp\/v2\/pages\/1209"}],"collection":[{"href":"https:\/\/asso.graie.org\/portail\/wp-json\/wp\/v2\/pages"}],"about":[{"href":"https:\/\/asso.graie.org\/portail\/wp-json\/wp\/v2\/types\/page"}],"author":[{"embeddable":true,"href":"https:\/\/asso.graie.org\/portail\/wp-json\/wp\/v2\/users\/1"}],"replies":[{"embeddable":true,"href":"https:\/\/asso.graie.org\/portail\/wp-json\/wp\/v2\/comments?post=1209"}],"version-history":[{"count":15,"href":"https:\/\/asso.graie.org\/portail\/wp-json\/wp\/v2\/pages\/1209\/revisions"}],"predecessor-version":[{"id":21668,"href":"https:\/\/asso.graie.org\/portail\/wp-json\/wp\/v2\/pages\/1209\/revisions\/21668"}],"up":[{"embeddable":true,"href":"https:\/\/asso.graie.org\/portail\/wp-json\/wp\/v2\/pages\/1197"}],"wp:attachment":[{"href":"https:\/\/asso.graie.org\/portail\/wp-json\/wp\/v2\/media?parent=1209"}],"curies":[{"name":"wp","href":"https:\/\/api.w.org\/{rel}","templated":true}]}}