{"id":1211,"date":"2017-06-30T09:03:44","date_gmt":"2017-06-30T07:03:44","guid":{"rendered":"https:\/\/asso.graie.org\/portail\/?page_id=1211"},"modified":"2025-07-30T10:01:50","modified_gmt":"2025-07-30T08:01:50","slug":"effluents-non-domestiques","status":"publish","type":"page","link":"https:\/\/asso.graie.org\/portail\/thematiques\/eau-et-sante\/effluents-non-domestiques\/","title":{"rendered":"Effluents non domestiques"},"content":{"rendered":"\n<div style=\"height:41px\" aria-hidden=\"true\" class=\"wp-block-spacer\"><\/div>\n\n\n\n<h3 class=\"wp-block-heading has-text-align-center\"><a href=\"https:\/\/asso.graie.org\/portail\/thematiques\/eau-et-sante\/stations-epuration\/\">STATIONS D&rsquo;\u00c9PURATION<\/a>&nbsp; |&nbsp; <a href=\"https:\/\/asso.graie.org\/portail\/thematiques\/eau-et-sante\/effluents-non-domestiques\/\"><strong>EFFLUENTS NON DOMESTIQUES<\/strong><\/a>&nbsp; |&nbsp; <a href=\"\/portail\/thematiques\/eau-et-sante\/assainissement-non-collectif\/\">ANC<\/a><\/h3>\n\n\n\n<div style=\"height:51px\" aria-hidden=\"true\" class=\"wp-block-spacer\"><\/div>\n\n\n\n<h2 class=\"wp-block-heading has-text-align-center\">Gestion des rejets non domestiques<\/h2>\n\n\n\n<div style=\"height:20px\" aria-hidden=\"true\" class=\"wp-block-spacer\"><\/div>\n\n\n\n<h3 class=\"wp-block-heading\">La d\u00e9finition des enjeux<\/h3>\n\n\n\n<div style=\"height:20px\" aria-hidden=\"true\" class=\"wp-block-spacer\"><\/div>\n\n\n\n<p>Parmi les nombreux questionnements et contraintes techniques, r\u00e9glementaires et financi\u00e8res des gestionnaires de r\u00e9seaux d\u2019assainissement et de stations d\u2019\u00e9puration, la <strong>ma\u00eetrise des rejets d\u2019eaux us\u00e9es non domestiques<\/strong> est devenue primordiale. Les collectivit\u00e9s doivent en effet s\u2019adapter, s\u2019organiser et d\u00e9velopper des outils pour encadrer la collecte et le traitement des effluents des \u00e9tablissements concern\u00e9s, en incluant les rejets d\u2019eaux us\u00e9es, les rejets d\u2019eaux pluviales (ma\u00eetrise des pollutions accidentelles), ainsi que la gestion des d\u00e9chets dangereux. <strong>L\u2019objectif est de parvenir \u00e0 une bonne ma\u00eetrise de leurs syst\u00e8mes d\u2019assainissement et des pollutions \u00e0 la source<\/strong>, en termes de polluants classiques mais aussi de micropolluants.<\/p>\n\n\n\n<div style=\"height:32px\" aria-hidden=\"true\" class=\"wp-block-spacer\"><\/div>\n\n\n\n<h3 class=\"wp-block-heading\">Les actions du Graie <\/h3>\n\n\n\n<p>Pour les accompagner dans l\u2019exercice de leurs missions, le Graie organise la mise \u00e0 disposition d&rsquo;outils destin\u00e9s \u00e0 favoriser les \u00e9changes de connaissances, d&rsquo;exp\u00e9riences et de documentations techniques. Trois niveaux d&rsquo;actions d\u00e9crits ci-dessous :  <\/p>\n\n\n\n<div style=\"height:45px\" aria-hidden=\"true\" class=\"wp-block-spacer\"><\/div>\n\n\n\n<hr class=\"wp-block-separator has-alpha-channel-opacity\"\/>\n\n\n\n<div style=\"height:45px\" aria-hidden=\"true\" class=\"wp-block-spacer\"><\/div>\n\n\n\n<h3 class=\"wp-block-heading\"><strong>(1) Animation<\/strong> des r\u00e9seaux r\u00e9gional et national<\/h3>\n\n\n\n<p>Le Graie a lanc\u00e9 en 2010 un <a href=\"https:\/\/asso.graie.org\/portail\/animationregionale\/gt-effluents-non-domestiques\/\"><strong>r\u00e9seau r\u00e9gional d&rsquo;\u00e9changes <\/strong><\/a>afin de <strong>mettre en relation les diff\u00e9rents acteurs<\/strong> de la gestion des rejets non domestiques au r\u00e9seau d&rsquo;assainissement pour leur permettre de <strong>mutualiser leurs connaissances et comp\u00e9tences, et les accompagner dans la formalisation et la transmission de leurs exp\u00e9riences<\/strong>.<\/p>\n\n\n\n<div style=\"height:41px\" aria-hidden=\"true\" class=\"wp-block-spacer\"><\/div>\n\n\n\n<p><strong>Le Graie se charge \u00e9galement de recueillir les \u00e9changes du r\u00e9seau national.<\/strong> Un espace questions\/r\u00e9ponse h\u00e9berg\u00e9 par la plateforme \u00ab\u00a0<a href=\"https:\/\/orion.cerema.fr\/auth\/realms\/CeremaApps\/protocol\/saml?SAMLRequest=fZLBbtswDIZfReDdlu0knivEKbwExQJ0m9G4PewSqA7TarAlT5Sb7u0rO8mWXnIRJIr6%2BPOn5rfvbcPe0JIyOoc4jIChrs1O6ZccHqu7IIPbxZxk2ySdKHr3qh%2FwT4%2FkmH%2BoSRxvcuitFkaSIqFliyRcLTbF93uRhJHorHGmNg2wggit86WWRlPfot2gfVM1Pj7c5%2FDqXEeC88PhEOJ7NyQSUuDQWuWMskjh3vKu6V%2BUJj7Qy3HPRw28PiHD39QBW3mJSks3tnUmG%2BuPYY0WWzmwpO%2BHW5RNS3w5RouuI37WO4KBrVc5bKPnGussnny5GdY0SrMZZjdJmuyn0X6K3rY1UY9rTU5ql0MSJZMgToJ4VsUzMZmKSRJmafoLWHmif1X66PI1656PSSS%2BVVUZlD83FbCn87R8ApxmI8bq9nIo18HyPAlYbP%2BbHV6YvfU27Ob8Ev%2FvI%2FzwvPWqNI2q%2F7Kiacxh6W10mIOzPQK7M7aV7rqCIaJ2wX5MFc5KTQq1A744Ff383xYf&amp;SigAlg=http%3A%2F%2Fwww.w3.org%2F2001%2F04%2Fxmldsig-more%23rsa-sha256&amp;Signature=nAfjNh15giIiZ%2BOnD8kVLBfG6jaf4Brz6iJAmNA4%2F2TO1JkBaE7hoEcLxqbmzw6iKxouJaQUyer8a8N1P9OOewcbUbjVHD4XHeTA%2BvuFrGCfudba%2BIwVqYKskyQ09dlU76xEr70VCRTe3JnJ80hfB7uJ0zW%2BTy85O%2BdxIf7zGxQ%3D\" class=\"broken_link\">Expertises Territoires<\/a>\u00a0\u00bb du Cerema est ouverte&nbsp;aux&nbsp; exploitants&nbsp; de syst\u00e8mes d&rsquo;assainissement publics&nbsp; et&nbsp; priv\u00e9s&nbsp; et&nbsp; aux&nbsp; acteurs&nbsp; des op\u00e9rations collectives (hors prestataires de service), pour \u00e9changer sur les sujets de leur choix en lien avec la th\u00e9matique effluents non domestiques. <\/p>\n\n\n\n<div style=\"height:44px\" aria-hidden=\"true\" class=\"wp-block-spacer\"><\/div>\n\n\n\n<p>Une <strong>conf\u00e9rence annuelle<\/strong>, destin\u00e9e \u00e0 l\u2019ensemble des acteurs concern\u00e9s \u00e0 l\u2019\u00e9chelle nationale. Cet \u00e9v\u00e8nement permet un apport d\u2019informations \u00e0 travers une journ\u00e9e de conf\u00e9rence et un temps d\u2019\u00e9changes sur les pr\u00e9occupations des services avec une seconde journ\u00e9e de s\u00e9minaire.<\/p>\n\n\n\n<p>De plus, une conf\u00e9rence Eau &amp; Sant\u00e9 est organis\u00e9e tous les deux \u00e0 trois ans, pour aborder la question des micropolluants en plus des effluents non domestiques.<\/p>\n\n\n\n<div style=\"height:40px\" aria-hidden=\"true\" class=\"wp-block-spacer\"><\/div>\n\n\n\n<div class=\"wp-block-buttons is-layout-flex wp-block-buttons-is-layout-flex\">\n<div class=\"wp-block-button\"><a class=\"wp-block-button__link has-text-color has-background wp-element-button\" href=\"https:\/\/asso.graie.org\/portail\/actes-syntheses-conferences-end\/\" style=\"color:#3a2d87;background-color:#00ffb2\"><strong>Les actes des conf\u00e9rences END<\/strong><\/a><\/div>\n\n\n\n<div class=\"wp-block-button\"><a class=\"wp-block-button__link has-white-color has-text-color has-background wp-element-button\" href=\"https:\/\/asso.graie.org\/portail\/actes-syntheses-conferences-eau-et-sante\/\" style=\"background-color:#0095db\">L<strong>es actes des conf\u00e9rences Eau &amp; Sant\u00e9<\/strong><\/a><\/div>\n<\/div>\n\n\n\n<div style=\"height:45px\" aria-hidden=\"true\" class=\"wp-block-spacer\"><\/div>\n\n\n\n<hr class=\"wp-block-separator has-alpha-channel-opacity\"\/>\n\n\n\n<div style=\"height:45px\" aria-hidden=\"true\" class=\"wp-block-spacer\"><\/div>\n\n\n\n<h3 class=\"wp-block-heading\"><strong>(2)<\/strong> <strong>Formations <\/strong>au contr\u00f4le des activit\u00e9s non domestique<strong>s <\/strong><\/h3>\n\n\n\n<p>Depuis 2022, le Graie, en partenariat avec le bureau d\u2019\u00e9tudes S\u00e9pia Conseils et VL CCAP, organise deux formations qui combinent apprentissages th\u00e9oriques, m\u00e9thodologiques et mise en pratique. Elles s&rsquo;appuient en particulier sur l\u2019exp\u00e9rience de Grand Chamb\u00e9ry et du r\u00e9seau r\u00e9gional END du Graie.<\/p>\n\n\n\n<div style=\"height:45px\" aria-hidden=\"true\" class=\"wp-block-spacer\"><\/div>\n\n\n\n<div class=\"wp-block-buttons is-content-justification-center is-layout-flex wp-container-2 wp-block-buttons-is-layout-flex\">\n<div class=\"wp-block-button\"><a class=\"wp-block-button__link has-background has-text-align-center wp-element-button\" href=\"https:\/\/asso.graie.org\/portail\/formation-continue-effluents-non-domestiques\/\" style=\"background-color:#0095db\"><strong>Plus d&rsquo;informations ici<\/strong><\/a><\/div>\n<\/div>\n\n\n\n<div style=\"height:45px\" aria-hidden=\"true\" class=\"wp-block-spacer\"><\/div>\n\n\n\n<hr class=\"wp-block-separator has-alpha-channel-opacity\"\/>\n\n\n\n<div style=\"height:45px\" aria-hidden=\"true\" class=\"wp-block-spacer\"><\/div>\n\n\n\n<h3 class=\"wp-block-heading\"><strong>(3) Mise \u00e0 disposition d&rsquo;informations et de publications <\/strong><\/h3>\n\n\n\n<div style=\"height:24px\" aria-hidden=\"true\" class=\"wp-block-spacer\"><\/div>\n\n\n\n<p><a href=\"https:\/\/asso.graie.org\/portail\/outils-references-gestion-effluents-non-domestiques\/\">&gt; La <strong>pr\u00e9sentation du groupe de travail END<\/strong><\/a><\/p>\n\n\n\n<div style=\"height:20px\" aria-hidden=\"true\" class=\"wp-block-spacer\"><\/div>\n\n\n\n<p>&gt; <a href=\"https:\/\/asso.graie.org\/portail\/outils-references-gestion-micropolluants\/\">Le <\/a><strong><a href=\"https:\/\/www.graie.org\/graie\/graiedoc\/doc_telech\/Graie_CatalogueEND_MicroPolluants.pdf\">catalogue Eau &amp; Sant\u00e9<\/a><\/strong><\/p>\n\n\n\n<div style=\"height:20px\" aria-hidden=\"true\" class=\"wp-block-spacer\"><\/div>\n\n\n\n<p><a href=\"https:\/\/asso.graie.org\/portail\/foire-aux-questions-gestion-effluents-non-domestiques\/\" target=\"_blank\" rel=\"noopener noreferrer\">&gt; <\/a>La<a href=\"https:\/\/asso.graie.org\/portail\/foire-aux-questions-gestion-effluents-non-domestiques\/\" target=\"_blank\" rel=\"noopener noreferrer\"> <strong>Foire aux questions<\/strong> sur la gestion des effluents non domestiques<\/a> &#8211; Plus de 130 questions trait\u00e9es entre 2010 et 2022, 204p<\/p>\n\n\n\n<div style=\"height:20px\" aria-hidden=\"true\" class=\"wp-block-spacer\"><\/div>\n\n\n\n<p><a href=\"https:\/\/asso.graie.org\/portail\/thematiques\/eau-et-sante\/effluents-non-domestiques\/effluents-non-domestiques-espace-ressources\/\">&gt; Le <strong>Centre de ressources Effluents Non Domestiques<\/strong><\/a><\/p>\n\n\n\n<ul>\n<li>Une liste de sites internet<\/li>\n\n\n\n<li>Des documents l\u00e9gislatifs et r\u00e9glementaires<\/li>\n\n\n\n<li>Des guides, documents types et exemples<\/li>\n\n\n\n<li>Des documents techniques class\u00e9s par types d&rsquo;activit\u00e9s<\/li>\n<\/ul>\n\n\n\n<div style=\"height:20px\" aria-hidden=\"true\" class=\"wp-block-spacer\"><\/div>\n\n\n\n<p><strong><a href=\"https:\/\/asso.graie.org\/portail\/actes-syntheses-conferences-end\/\">&gt; <\/a><\/strong><a href=\"https:\/\/asso.graie.org\/portail\/actes-syntheses-conferences-end\/\">Les <\/a><strong><a href=\"https:\/\/asso.graie.org\/portail\/actes-syntheses-conferences-end\/\">Conf\u00e9rences Gestion des Effluents non domestiques : <\/a><\/strong><a href=\"https:\/\/asso.graie.org\/portail\/actes-syntheses-conferences-end\/\">Actes et synth\u00e8se<\/a><\/p>\n\n\n\n<div style=\"height:20px\" aria-hidden=\"true\" class=\"wp-block-spacer\"><\/div>\n\n\n\n<p>&gt; Nos <strong>derni\u00e8res productions<\/strong><\/p>\n\n\n\n<div style=\"height:18px\" aria-hidden=\"true\" class=\"wp-block-spacer\"><\/div>\n\n\n\n<ul>\n<li><a href=\"https:\/\/asso.graie.org\/portail\/methodologie-de-determination-des-valeurs-limites-de-rejets-de-micropolluants-dans-le-systeme-dassainissement\/\">M\u00e9thodologie de d\u00e9termination des valeurs limites de rejets de micropolluants dans le syst\u00e8me d\u2019assainissement<\/a> &#8211; novembre 2024<\/li>\n\n\n\n<li><a href=\"https:\/\/asso.graie.org\/portail\/preleveur-passif-de-type-pieuvre\/\">Le pr\u00e9leveur passif de type pieuvre<\/a> &#8211; octobre 2024<\/li>\n\n\n\n<li><a href=\"https:\/\/asso.graie.org\/portail\/promotion-des-metiers-end\/\">La mallette-outils de promotion des m\u00e9tiers en lien avec les END<\/a> &#8211; d\u00e9cembre 2023<\/li>\n\n\n\n<li><a href=\"https:\/\/asso.graie.org\/portail\/structuration-des-interactions-entre-les-services-end-et-urbanisme\/\">Recommandations pour la structuration des interactions entre services END et urbanisme<\/a> &#8211; octobre 2023<\/li>\n\n\n\n<li><a href=\"https:\/\/asso.graie.org\/portail\/recommandations-pour-le-suivi-des-prelevements-et-analyses-realises-sur-les-rejets-des-entreprises\/\">Recommandations et outils pour le suivi des pr\u00e9l\u00e8vements et analyses r\u00e9alis\u00e9s sur les rejets des entreprises<\/a> &#8211; octobre 2023<\/li>\n\n\n\n<li><a href=\"https:\/\/asso.graie.org\/portail\/modalites-financieres-effluents-non-domestiques\/\">Les modalit\u00e9s financi\u00e8res applicables aux END<\/a> &#8211; octobre 2023<\/li>\n<\/ul>\n\n\n\n<div style=\"height:47px\" aria-hidden=\"true\" class=\"wp-block-spacer\"><\/div>\n\n\n\n<p><a class=\"plus\" href=\"https:\/\/asso.graie.org\/portail\/resultat-de-recherche-detaillee\/?_sfm_source2=productions_du_graie&amp;_sfm_categorie_prod=effluents\" target=\"_blank\" rel=\"noopener noreferrer\">Toutes nos productions Effluents non domestiques<\/a><\/p>\n\n\n\n<div style=\"height:88px\" aria-hidden=\"true\" class=\"wp-block-spacer\"><\/div>\n","protected":false},"excerpt":{"rendered":"<p>STATIONS D&rsquo;\u00c9PURATION&nbsp; |&nbsp; EFFLUENTS NON DOMESTIQUES&nbsp; |&nbsp; ANC Gestion des rejets non domestiques La d\u00e9finition des enjeux Parmi les nombreux questionnements et contraintes techniques, r\u00e9glementaires et financi\u00e8res des gestionnaires de r\u00e9seaux d\u2019assainissement et de stations d\u2019\u00e9puration, la ma\u00eetrise des rejets &hellip;<\/p>\n","protected":false},"author":1,"featured_media":0,"parent":1197,"menu_order":0,"comment_status":"closed","ping_status":"closed","template":"","meta":{"_mi_skip_tracking":false,"footnotes":""},"acf":[],"yoast_head":"<!-- This site is optimized with the Yoast SEO plugin v19.13 - https:\/\/yoast.com\/wordpress\/plugins\/seo\/ -->\n<title>Effluents non domestiques | Gestion des rejets | Le Graie<\/title>\n<meta name=\"description\" content=\"Le Graie souhaite aider les collectivit\u00e9s \u00e0 parvenir \u00e0 une bonne ma\u00eetrise de leurs syst\u00e8mes d\u2019assainissement et des pollutions \u00e0 la source.\" \/>\n<meta name=\"robots\" content=\"index, follow, max-snippet:-1, max-image-preview:large, max-video-preview:-1\" \/>\n<link rel=\"canonical\" href=\"https:\/\/asso.graie.org\/portail\/thematiques\/eau-et-sante\/effluents-non-domestiques\/\" \/>\n<meta property=\"og:locale\" content=\"fr_FR\" \/>\n<meta property=\"og:type\" content=\"article\" \/>\n<meta property=\"og:title\" content=\"Effluents non domestiques | Gestion des rejets | Le Graie\" \/>\n<meta property=\"og:description\" content=\"Le Graie souhaite aider les collectivit\u00e9s \u00e0 parvenir \u00e0 une bonne ma\u00eetrise de leurs syst\u00e8mes d\u2019assainissement et des pollutions \u00e0 la source.\" \/>\n<meta property=\"og:url\" content=\"https:\/\/asso.graie.org\/portail\/thematiques\/eau-et-sante\/effluents-non-domestiques\/\" \/>\n<meta property=\"og:site_name\" content=\"Graie\" \/>\n<meta property=\"article:modified_time\" content=\"2025-07-30T08:01:50+00:00\" \/>\n<meta name=\"twitter:card\" content=\"summary_large_image\" \/>\n<meta name=\"twitter:site\" content=\"@asso_graie\" \/>\n<meta name=\"twitter:label1\" content=\"Dur\u00e9e de lecture estim\u00e9e\" \/>\n\t<meta name=\"twitter:data1\" content=\"3 minutes\" \/>\n<script type=\"application\/ld+json\" class=\"yoast-schema-graph\">{\"@context\":\"https:\/\/schema.org\",\"@graph\":[{\"@type\":\"WebPage\",\"@id\":\"https:\/\/asso.graie.org\/portail\/thematiques\/eau-et-sante\/effluents-non-domestiques\/\",\"url\":\"https:\/\/asso.graie.org\/portail\/thematiques\/eau-et-sante\/effluents-non-domestiques\/\",\"name\":\"Effluents non domestiques | Gestion des rejets | Le Graie\",\"isPartOf\":{\"@id\":\"https:\/\/asso.graie.org\/portail\/#website\"},\"datePublished\":\"2017-06-30T07:03:44+00:00\",\"dateModified\":\"2025-07-30T08:01:50+00:00\",\"description\":\"Le Graie souhaite aider les collectivit\u00e9s \u00e0 parvenir \u00e0 une bonne ma\u00eetrise de leurs syst\u00e8mes d\u2019assainissement et des pollutions \u00e0 la source.\",\"breadcrumb\":{\"@id\":\"https:\/\/asso.graie.org\/portail\/thematiques\/eau-et-sante\/effluents-non-domestiques\/#breadcrumb\"},\"inLanguage\":\"fr-FR\",\"potentialAction\":[{\"@type\":\"ReadAction\",\"target\":[\"https:\/\/asso.graie.org\/portail\/thematiques\/eau-et-sante\/effluents-non-domestiques\/\"]}]},{\"@type\":\"BreadcrumbList\",\"@id\":\"https:\/\/asso.graie.org\/portail\/thematiques\/eau-et-sante\/effluents-non-domestiques\/#breadcrumb\",\"itemListElement\":[{\"@type\":\"ListItem\",\"position\":1,\"name\":\"Accueil\",\"item\":\"https:\/\/asso.graie.org\/portail\/\"},{\"@type\":\"ListItem\",\"position\":2,\"name\":\"Th\u00e9matiques\",\"item\":\"https:\/\/asso.graie.org\/portail\/thematiques\/\"},{\"@type\":\"ListItem\",\"position\":3,\"name\":\"Eau et sant\u00e9\",\"item\":\"https:\/\/asso.graie.org\/portail\/thematiques\/eau-et-sante\/\"},{\"@type\":\"ListItem\",\"position\":4,\"name\":\"Effluents non domestiques\"}]},{\"@type\":\"WebSite\",\"@id\":\"https:\/\/asso.graie.org\/portail\/#website\",\"url\":\"https:\/\/asso.graie.org\/portail\/\",\"name\":\"Graie\",\"description\":\"P\u00f4le Eau et Territoires\",\"publisher\":{\"@id\":\"https:\/\/asso.graie.org\/portail\/#organization\"},\"potentialAction\":[{\"@type\":\"SearchAction\",\"target\":{\"@type\":\"EntryPoint\",\"urlTemplate\":\"https:\/\/asso.graie.org\/portail\/?s={search_term_string}\"},\"query-input\":\"required name=search_term_string\"}],\"inLanguage\":\"fr-FR\"},{\"@type\":\"Organization\",\"@id\":\"https:\/\/asso.graie.org\/portail\/#organization\",\"name\":\"Le Graie\",\"url\":\"https:\/\/asso.graie.org\/portail\/\",\"logo\":{\"@type\":\"ImageObject\",\"inLanguage\":\"fr-FR\",\"@id\":\"https:\/\/asso.graie.org\/portail\/#\/schema\/logo\/image\/\",\"url\":\"https:\/\/asso.graie.org\/portail\/wp-content\/uploads\/2021\/12\/Logotype-Graie.png\",\"contentUrl\":\"https:\/\/asso.graie.org\/portail\/wp-content\/uploads\/2021\/12\/Logotype-Graie.png\",\"width\":1890,\"height\":1181,\"caption\":\"Le Graie\"},\"image\":{\"@id\":\"https:\/\/asso.graie.org\/portail\/#\/schema\/logo\/image\/\"},\"sameAs\":[\"https:\/\/fr.linkedin.com\/company\/graie?trk=top_nav_home\",\"https:\/\/www.youtube.com\/channel\/UCZQk0Tt7upYwERYNdDIZqLQ\",\"https:\/\/twitter.com\/asso_graie\"]}]}<\/script>\n<!-- \/ Yoast SEO plugin. -->","yoast_head_json":{"title":"Effluents non domestiques | Gestion des rejets | Le Graie","description":"Le Graie souhaite aider les collectivit\u00e9s \u00e0 parvenir \u00e0 une bonne ma\u00eetrise de leurs syst\u00e8mes d\u2019assainissement et des pollutions \u00e0 la source.","robots":{"index":"index","follow":"follow","max-snippet":"max-snippet:-1","max-image-preview":"max-image-preview:large","max-video-preview":"max-video-preview:-1"},"canonical":"https:\/\/asso.graie.org\/portail\/thematiques\/eau-et-sante\/effluents-non-domestiques\/","og_locale":"fr_FR","og_type":"article","og_title":"Effluents non domestiques | Gestion des rejets | Le Graie","og_description":"Le Graie souhaite aider les collectivit\u00e9s \u00e0 parvenir \u00e0 une bonne ma\u00eetrise de leurs syst\u00e8mes d\u2019assainissement et des pollutions \u00e0 la source.","og_url":"https:\/\/asso.graie.org\/portail\/thematiques\/eau-et-sante\/effluents-non-domestiques\/","og_site_name":"Graie","article_modified_time":"2025-07-30T08:01:50+00:00","twitter_card":"summary_large_image","twitter_site":"@asso_graie","twitter_misc":{"Dur\u00e9e de lecture estim\u00e9e":"3 minutes"},"schema":{"@context":"https:\/\/schema.org","@graph":[{"@type":"WebPage","@id":"https:\/\/asso.graie.org\/portail\/thematiques\/eau-et-sante\/effluents-non-domestiques\/","url":"https:\/\/asso.graie.org\/portail\/thematiques\/eau-et-sante\/effluents-non-domestiques\/","name":"Effluents non domestiques | Gestion des rejets | Le Graie","isPartOf":{"@id":"https:\/\/asso.graie.org\/portail\/#website"},"datePublished":"2017-06-30T07:03:44+00:00","dateModified":"2025-07-30T08:01:50+00:00","description":"Le Graie souhaite aider les collectivit\u00e9s \u00e0 parvenir \u00e0 une bonne ma\u00eetrise de leurs syst\u00e8mes d\u2019assainissement et des pollutions \u00e0 la source.","breadcrumb":{"@id":"https:\/\/asso.graie.org\/portail\/thematiques\/eau-et-sante\/effluents-non-domestiques\/#breadcrumb"},"inLanguage":"fr-FR","potentialAction":[{"@type":"ReadAction","target":["https:\/\/asso.graie.org\/portail\/thematiques\/eau-et-sante\/effluents-non-domestiques\/"]}]},{"@type":"BreadcrumbList","@id":"https:\/\/asso.graie.org\/portail\/thematiques\/eau-et-sante\/effluents-non-domestiques\/#breadcrumb","itemListElement":[{"@type":"ListItem","position":1,"name":"Accueil","item":"https:\/\/asso.graie.org\/portail\/"},{"@type":"ListItem","position":2,"name":"Th\u00e9matiques","item":"https:\/\/asso.graie.org\/portail\/thematiques\/"},{"@type":"ListItem","position":3,"name":"Eau et sant\u00e9","item":"https:\/\/asso.graie.org\/portail\/thematiques\/eau-et-sante\/"},{"@type":"ListItem","position":4,"name":"Effluents non domestiques"}]},{"@type":"WebSite","@id":"https:\/\/asso.graie.org\/portail\/#website","url":"https:\/\/asso.graie.org\/portail\/","name":"Graie","description":"P\u00f4le Eau et Territoires","publisher":{"@id":"https:\/\/asso.graie.org\/portail\/#organization"},"potentialAction":[{"@type":"SearchAction","target":{"@type":"EntryPoint","urlTemplate":"https:\/\/asso.graie.org\/portail\/?s={search_term_string}"},"query-input":"required name=search_term_string"}],"inLanguage":"fr-FR"},{"@type":"Organization","@id":"https:\/\/asso.graie.org\/portail\/#organization","name":"Le Graie","url":"https:\/\/asso.graie.org\/portail\/","logo":{"@type":"ImageObject","inLanguage":"fr-FR","@id":"https:\/\/asso.graie.org\/portail\/#\/schema\/logo\/image\/","url":"https:\/\/asso.graie.org\/portail\/wp-content\/uploads\/2021\/12\/Logotype-Graie.png","contentUrl":"https:\/\/asso.graie.org\/portail\/wp-content\/uploads\/2021\/12\/Logotype-Graie.png","width":1890,"height":1181,"caption":"Le Graie"},"image":{"@id":"https:\/\/asso.graie.org\/portail\/#\/schema\/logo\/image\/"},"sameAs":["https:\/\/fr.linkedin.com\/company\/graie?trk=top_nav_home","https:\/\/www.youtube.com\/channel\/UCZQk0Tt7upYwERYNdDIZqLQ","https:\/\/twitter.com\/asso_graie"]}]}},"_links":{"self":[{"href":"https:\/\/asso.graie.org\/portail\/wp-json\/wp\/v2\/pages\/1211"}],"collection":[{"href":"https:\/\/asso.graie.org\/portail\/wp-json\/wp\/v2\/pages"}],"about":[{"href":"https:\/\/asso.graie.org\/portail\/wp-json\/wp\/v2\/types\/page"}],"author":[{"embeddable":true,"href":"https:\/\/asso.graie.org\/portail\/wp-json\/wp\/v2\/users\/1"}],"replies":[{"embeddable":true,"href":"https:\/\/asso.graie.org\/portail\/wp-json\/wp\/v2\/comments?post=1211"}],"version-history":[{"count":38,"href":"https:\/\/asso.graie.org\/portail\/wp-json\/wp\/v2\/pages\/1211\/revisions"}],"predecessor-version":[{"id":28658,"href":"https:\/\/asso.graie.org\/portail\/wp-json\/wp\/v2\/pages\/1211\/revisions\/28658"}],"up":[{"embeddable":true,"href":"https:\/\/asso.graie.org\/portail\/wp-json\/wp\/v2\/pages\/1197"}],"wp:attachment":[{"href":"https:\/\/asso.graie.org\/portail\/wp-json\/wp\/v2\/media?parent=1211"}],"curies":[{"name":"wp","href":"https:\/\/api.w.org\/{rel}","templated":true}]}}