{"id":1213,"date":"2017-06-30T09:03:55","date_gmt":"2017-06-30T07:03:55","guid":{"rendered":"https:\/\/asso.graie.org\/portail\/?page_id=1213"},"modified":"2025-01-20T15:05:55","modified_gmt":"2025-01-20T14:05:55","slug":"autosurveillance-2","status":"publish","type":"page","link":"https:\/\/asso.graie.org\/portail\/thematiques\/eau-dans-la-ville\/autosurveillance-2\/","title":{"rendered":"Autosurveillance"},"content":{"rendered":"\n<div style=\"height:50px\" aria-hidden=\"true\" class=\"wp-block-spacer\"><\/div>\n\n\n\n<h3 class=\"wp-block-heading has-text-align-center\"><a href=\"https:\/\/asso.graie.org\/portail\/thematiques\/eau-dans-la-ville\/eaux-pluviales\/\">EAUX PLUVIALES<\/a>&nbsp; |&nbsp; <a href=\"https:\/\/asso.graie.org\/portail\/thematiques\/eau-dans-la-ville\/competences\/\">COMP\u00c9TENCE<\/a>&nbsp; |&nbsp; <a href=\"https:\/\/asso.graie.org\/portail\/thematiques\/eau-dans-la-ville\/autosurveillance-2\/\"><strong>AUTOSURVEILLANCE<\/strong><\/a><\/h3>\n\n\n\n<div style=\"height:50px\" aria-hidden=\"true\" class=\"wp-block-spacer\"><\/div>\n\n\n\n<h2 class=\"wp-block-heading\"><strong>L\u2019autosurveillance des r\u00e9seaux d\u2019assainissement<\/strong><\/h2>\n\n\n\n<div style=\"height:35px\" aria-hidden=\"true\" class=\"wp-block-spacer\"><\/div>\n\n\n\n<p>Le principe de<strong> \u00ab\u00a0surveillance des syst\u00e8mes de collecte des eaux us\u00e9es et des stations d\u2019\u00e9puration en vue d\u2019en maintenir et d\u2019en v\u00e9rifier l\u2019efficacit\u00e9\u00a0\u00bb <\/strong>par les collectivit\u00e9s est institu\u00e9 depuis 1991 par la Directive europ\u00e9enne sur le traitement des Eaux R\u00e9siduaires Urbaines (ERU). Les lois et codifications fran\u00e7aises, notamment l\u2019arr\u00eat\u00e9 minist\u00e9riel du 21 juillet 2015, remettent fortement en lumi\u00e8re cette th\u00e9matique en \u00e9largissant l&rsquo;autosurveillance au syst\u00e8me d&rsquo;assainissement. Au-del\u00e0 du caract\u00e8re r\u00e9glementaire obligatoire, l&rsquo;autosurveillance constitue une r\u00e9elle opportunit\u00e9 pour conna\u00eetre et optimiser la gestion de syst\u00e8mes d&rsquo;assainissement.<\/p>\n\n\n\n<div style=\"height:34px\" aria-hidden=\"true\" class=\"wp-block-spacer\"><\/div>\n\n\n\n<p>Dans ce nouveau contexte r\u00e9glementaire, la mise en place, la p\u00e9rennisation et l&rsquo;\u00e9volution de l&rsquo;autosurveillance \u00ab\u00a0syst\u00e8me\u00a0\u00bb restent tr\u00e8s pr\u00e9gnantes. Et soul\u00e8vent de nombreuses questions auxquelles les collectivit\u00e9s doivent r\u00e9pondre :<\/p>\n\n\n\n<ul>\n<li>Comment r\u00e9pondre aux obligations r\u00e9glementaires ? Quels objectifs fixer au-del\u00e0 de ces obligations ?<\/li>\n\n\n\n<li>Quels niveaux d\u2019informations atteindre et quels outils d\u00e9velopper ?<\/li>\n\n\n\n<li>Quels points instrumenter et comment ? Quels param\u00e8tres suivre ?<\/li>\n\n\n\n<li>Comment mettre en \u0153uvre un diagnostic permanent ? Et administrer\/utiliser les donn\u00e9es acquises ?<\/li>\n\n\n\n<li>Comment faire \u00e9voluer son syst\u00e8me d&rsquo;autosurveillance et suivre les \u00e9volutions m\u00e9trologiques ?<\/li>\n<\/ul>\n\n\n\n<p>Face aux choix n\u00e9cessaires, \u00e0 l&rsquo;\u00e9volution de la r\u00e9glementation et des connaissances, le Graie a mis en place un <a href=\"https:\/\/asso.graie.org\/portail\/animationregionale\/gt-autosurveillance\/\">r\u00e9seau r\u00e9gional d&rsquo;\u00e9changes<\/a> afin de mettre en relation les diff\u00e9rents acteurs de l&rsquo;autosurveillance pour leur permettre de mutualiser leurs connaissances et comp\u00e9tences, et les aider \u00e0 formaliser et transmettre leurs exp\u00e9riences.<\/p>\n\n\n\n<p>Le Graie anime aussi le dispositif de recherche <a href=\"https:\/\/asso.graie.org\/portail\/dispositifsderecherche\/othu\/\">OTHU <\/a>&#8211; Observatoire de Terrain en Hydrologie Urbaine qui est notamment le support de recherches consacr\u00e9es \u00e0 la m\u00e9trologie.<\/p>\n\n\n\n<div style=\"height:34px\" aria-hidden=\"true\" class=\"wp-block-spacer\"><\/div>\n\n\n\n<hr class=\"wp-block-separator has-alpha-channel-opacity\"\/>\n\n\n\n<div style=\"height:34px\" aria-hidden=\"true\" class=\"wp-block-spacer\"><\/div>\n\n\n\n<h2 class=\"wp-block-heading\"><strong>Nos derni\u00e8res productions et documents de r\u00e9f\u00e9rence<\/strong><\/h2>\n\n\n\n<div style=\"height:22px\" aria-hidden=\"true\" class=\"wp-block-spacer\"><\/div>\n\n\n\n<p>Journ\u00e9e d&rsquo;\u00e9changes r\u00e9gionale organis\u00e9e depuis 2006 ,les derni\u00e8res :<\/p>\n\n\n\n<p><a href=\"http:\/\/www.graie.org\/graie\/graiedoc\/reseaux\/autosurv\/GRAIE-Actesauto-juin2021.pdf\"><strong>Actes<\/strong><\/a> du webinaire -22 juin 2021 &#8211; VISIO<br><a href=\"http:\/\/www.graie.org\/graie\/graiedoc\/reseaux\/autosurv\/GRAIE-Actesauto-oct2020.pdf\"><strong>Actes<\/strong><\/a> du webinaire -1er octobre 2020 &#8211; VISIO<br><a href=\"https:\/\/asso.graie.org\/portail\/14e-journee-dechange-autosurveillance-des-reseaux-dassainissement\/\"><strong>Actes<\/strong><\/a> de la journ\u00e9e d&rsquo;\u00e9changes r\u00e9gionale &#8211; 4 avril 2019 &#8211; ENTPE (69)<br><a href=\"https:\/\/asso.graie.org\/portail\/journee-autosurveillance-reseaux-dassainissement-2018\/\"><strong>Actes<\/strong><\/a> de la derni\u00e8re journ\u00e9e d\u2019\u00e9changes r\u00e9gionale &#8211; 8 avril 2018 &#8211; INSA Lyon (69)<br><a href=\"http:\/\/www.graie.org\/graie\/graiedoc\/reseaux\/autosurv\/ActesAUTOsurv12-avril17web.pdf\" target=\"_blank\" rel=\"noopener noreferrer\"><strong>Actes<\/strong><\/a> de la journ\u00e9e d&rsquo;\u00e9changes r\u00e9gionale &#8211; 6 avril 2017 &#8211; ENTPE (69)<\/p>\n\n\n\n<div style=\"height:34px\" aria-hidden=\"true\" class=\"wp-block-spacer\"><\/div>\n\n\n\n<hr class=\"wp-block-separator has-alpha-channel-opacity\"\/>\n\n\n\n<div style=\"height:34px\" aria-hidden=\"true\" class=\"wp-block-spacer\"><\/div>\n\n\n\n<p><strong><a href=\"https:\/\/www.graie.org\/graie\/graiedoc\/doc_telech\/A-livret1-plaquette-outils-auto_2024.pdf\">Catalogue &#8211; M\u00e9trologie et autosurveillance<\/a> | pr\u00e9sentant l&rsquo;ensemble des productions du groupe de travail depuis sa cr\u00e9ation avec lien hypertexte permettant d\u2019acc\u00e9der \u00e0 chaque document &#8211; 2024<\/strong><\/p>\n\n\n\n<div style=\"height:34px\" aria-hidden=\"true\" class=\"wp-block-spacer\"><\/div>\n\n\n\n<hr class=\"wp-block-separator has-alpha-channel-opacity\"\/>\n\n\n\n<div style=\"height:34px\" aria-hidden=\"true\" class=\"wp-block-spacer\"><\/div>\n\n\n\n<p><strong>Exemple de productions :<\/strong><\/p>\n\n\n\n<p><a href=\"http:\/\/www.graie.org\/graie\/graiedoc\/reseaux\/autosurv\/GRAIE-guideAutosurveillance-2016web.pdf\" target=\"_blank\" rel=\"noopener noreferrer\">&gt; Guide sur l&rsquo;autosurveillance des r\u00e9seaux d&rsquo;assainissement<br><\/a><strong>Outils &amp; recommandations<\/strong> \u00e9tablis par le Groupe de travail Rh\u00f4ne-Alpes GRAIE &#8211; 2016<\/p>\n\n\n\n<div style=\"height:21px\" aria-hidden=\"true\" class=\"wp-block-spacer\"><\/div>\n\n\n\n<p><a href=\"http:\/\/www.graie.org\/graie\/graiedoc\/reseaux\/autosurv\/REXP-AUTOSURVEILLANCE\/RecueilRetourExperiences2.xlsx\" target=\"_blank\" rel=\"noopener noreferrer\">&gt; Recueil de retours d&rsquo;exp\u00e9riences sur l&rsquo;autosurveillance des r\u00e9seaux d&rsquo;assainissement<\/a><strong> &#8211; Op\u00e9rationnel et Recherche <\/strong>&#8211; 2006-2016 &#8211; Base de donn\u00e9es&nbsp;de l\u2019ensemble des retours d\u2019exp\u00e9riences r\u00e9alis\u00e9s au cours des journ\u00e9es r\u00e9gionales du Graie. Ce recueil, pr\u00e9sent\u00e9 sous la forme d&rsquo;une feuille Excel, permet un acc\u00e8s aux 55 pr\u00e9sentations (PDF) ainsi qu&rsquo;un tri par grands th\u00e8mes.<\/p>\n\n\n\n<div style=\"height:21px\" aria-hidden=\"true\" class=\"wp-block-spacer\"><\/div>\n\n\n\n<p>&gt; Derni\u00e8res <strong>fiches techniques et m\u00e9thodologiques<\/strong> produites :<\/p>\n\n\n\n<p>&#8211; <a href=\"http:\/\/www.graie.org\/graie\/graiedoc\/reseaux\/autosurv\/FT12-Inclinometre-GRAIE.pdf\"><strong>Fiche Technique n\u00b012<\/strong> : Mesurage du d\u00e9bit par un Inclinom\u00e8tre sur clapet existant (2021)<\/a><\/p>\n\n\n\n<p>&#8211; <a href=\"http:\/\/www.graie.org\/graie\/graiedoc\/reseaux\/autosurv\/FT12_estimationsetmesuresdoc.pdf\" target=\"_blank\" rel=\"noopener noreferrer\"><strong>FM12&nbsp;<\/strong>: Distinction entre \u00ab estimation \u00bb &amp; \u00ab mesure \u00bb au sens de l\u2019arr\u00eat\u00e9 du 21 juillet 2015 ( 2016)<\/a><\/p>\n\n\n\n<p>&#8211; <a href=\"https:\/\/asso.graie.org\/portail\/fiche-methodologique-n14-autosurveillance-des-systemes-dassainissement-quel-suivi-de-la-qualite-et-pourquoi\/\">FM14 : Autosurveillance des syst\u00e8mes d\u2019assainissement \u2013 Quel suivi de la qualit\u00e9 et pourquoi ? ( 2018)<\/a><\/p>\n\n\n\n<p>&#8211; <a href=\"https:\/\/asso.graie.org\/portail\/fiche-technique-n11-mesurage-de-la-conductivite-electrique\/\">Fiche Technique n\u00b011: Mesurage de la conductivit\u00e9 \u00e9lectrique (2019)<\/a><\/p>\n\n\n\n<p>&#8211; Aide \u00e0 la conception et \u00e0 l\u2018\u00e9valuation d&rsquo;un mod\u00e8le* pour l\u2018autosurveillance r\u00e9seaux et\/ou syst\u00e8me d&rsquo;assainissement &#8211;&nbsp; <a href=\"https:\/\/asso.graie.org\/portail\/aide-a-la-conception-et-a-levaluation-dun-modele-pour-lautosurveillance\/\">LOGIGRAMME DES&nbsp;<b> <\/b>\u00c9TAPES CHRONOLOGIQUES &amp; <\/a>R\u00c9TROACTIONS N\u00c9CESSAIRES (2017)<\/p>\n\n\n\n<p>&#8211;<a href=\"https:\/\/asso.graie.org\/portail\/criteres-indicateurs-dauto-evaluation-des-modeles-dans-le-cadre-de-lautosurveillance-reglementaire-des-systemes-dassainissement-pour-permettre-au-maitre-douvrage-de-juger-s\/\"> Crit\u00e8res et indicateurs d\u2019auto-\u00e9valuation des mod\u00e8les (2018)<\/a><\/p>\n\n\n\n<div style=\"height:34px\" aria-hidden=\"true\" class=\"wp-block-spacer\"><\/div>\n\n\n\n<p><a class=\"plus\" href=\"https:\/\/asso.graie.org\/portail\/resultat-de-recherche-detaillee\/?_sfm_source2=productions_du_graie&amp;_sfm_categorie_prod=autosurveillance\" target=\"_blank\" rel=\"noopener noreferrer\"><strong>Toutes nos productions Autosurveillance<\/strong><\/a><\/p>\n\n\n\n<div style=\"height:34px\" aria-hidden=\"true\" class=\"wp-block-spacer\"><\/div>\n\n\n\n<hr class=\"wp-block-separator has-alpha-channel-opacity\"\/>\n\n\n\n<div style=\"height:34px\" aria-hidden=\"true\" class=\"wp-block-spacer\"><\/div>\n\n\n\n<h2 class=\"wp-block-heading\"><strong>Autres ressources<\/strong><\/h2>\n\n\n\n<h3 class=\"wp-block-heading\">Liens utiles<\/h3>\n\n\n\n<ul>\n<li><strong>R\u00c9VISION <\/strong>de l&rsquo;arr\u00eat\u00e9 du 22 juin 2007 &#8211; <a href=\"https:\/\/www.legifrance.gouv.fr\/affichTexte.do;jsessionid=6F5B79BDA58F30616D7F8AFB9C555F91.tpdila12v_1?cidTexte=JORFTEXT000031052756&amp;dateTexte=29990101\" target=\"_blank\" rel=\"noopener noreferrer\" class=\"broken_link\">publication du nouvel arr\u00eat\u00e9 le 21 juillet 2015<\/a><br>Revis\u00e9 par l&rsquo;<a href=\"https:\/\/www.legifrance.gouv.fr\/jorf\/id\/JORFTEXT000042413404\" class=\"broken_link\">Arr\u00eat\u00e9 du 31 juillet 2020<\/a> relatif aux syst\u00e8mes d&rsquo;assainissement collectif et aux installations d&rsquo;assainissement non collectif, \u00e0 l&rsquo;exception des installations d&rsquo;assainissement non collectif recevant une charge brute de pollution organique inf\u00e9rieure ou \u00e9gale \u00e0 1,2 kg\/j de DBO5 (JO 10\/10\/2020)<\/li>\n<\/ul>\n\n\n\n<div style=\"height:15px\" aria-hidden=\"true\" class=\"wp-block-spacer\"><\/div>\n\n\n\n<ul>\n<li><a href=\"https:\/\/www.assainissement-non-collectif.developpement-durable.gouv.fr\/\"><strong>PORTAIL ASSAINISSEMENT du Minist\u00e8re de la Transition \u00e9cologique et solidaire <\/strong><\/a>: Documents d&rsquo;accompagnement de l&rsquo;arr\u00eat\u00e9 du 21 juillet 2015<\/li>\n<\/ul>\n\n\n\n<div style=\"height:23px\" aria-hidden=\"true\" class=\"wp-block-spacer\"><\/div>\n\n\n\n<p><a class=\"plus\" href=\"https:\/\/asso.graie.org\/portail\/resultat-de-recherche-detaillee\/?_sfm_source2=sources_externes&amp;_sfm_categorie_prod=autosurveillance\" target=\"_blank\" rel=\"noopener noreferrer\"><strong>Tous les liens utiles<\/strong><\/a><\/p>\n\n\n\n<div style=\"height:100px\" aria-hidden=\"true\" class=\"wp-block-spacer\"><\/div>\n","protected":false},"excerpt":{"rendered":"<p>EAUX PLUVIALES&nbsp; |&nbsp; COMP\u00c9TENCE&nbsp; |&nbsp; AUTOSURVEILLANCE L\u2019autosurveillance des r\u00e9seaux d\u2019assainissement Le principe de \u00ab\u00a0surveillance des syst\u00e8mes de collecte des eaux us\u00e9es et des stations d\u2019\u00e9puration en vue d\u2019en maintenir et d\u2019en v\u00e9rifier l\u2019efficacit\u00e9\u00a0\u00bb par les collectivit\u00e9s est institu\u00e9 depuis 1991 &hellip;<\/p>\n","protected":false},"author":1,"featured_media":0,"parent":1199,"menu_order":0,"comment_status":"closed","ping_status":"closed","template":"","meta":{"_mi_skip_tracking":false,"footnotes":""},"acf":[],"yoast_head":"<!-- This site is optimized with the Yoast SEO plugin v19.13 - https:\/\/yoast.com\/wordpress\/plugins\/seo\/ -->\n<title>Autosurveillance des syst\u00e8mes d&#039;assainissement | Le Graie<\/title>\n<meta name=\"description\" content=\"Le Graie a mis en place un r\u00e9seau r\u00e9gional d&#039;\u00e9changes afin de mettre en relation les diff\u00e9rents acteurs de l&#039;autosurveillance et anime l&#039;OTHU.\" \/>\n<meta name=\"robots\" content=\"index, follow, max-snippet:-1, max-image-preview:large, max-video-preview:-1\" \/>\n<link rel=\"canonical\" href=\"https:\/\/asso.graie.org\/portail\/thematiques\/eau-dans-la-ville\/autosurveillance-2\/\" \/>\n<meta property=\"og:locale\" content=\"fr_FR\" \/>\n<meta property=\"og:type\" content=\"article\" \/>\n<meta property=\"og:title\" content=\"Autosurveillance des syst\u00e8mes d&#039;assainissement | Le Graie\" \/>\n<meta property=\"og:description\" content=\"Le Graie a mis en place un r\u00e9seau r\u00e9gional d&#039;\u00e9changes afin de mettre en relation les diff\u00e9rents acteurs de l&#039;autosurveillance et anime l&#039;OTHU.\" \/>\n<meta property=\"og:url\" content=\"https:\/\/asso.graie.org\/portail\/thematiques\/eau-dans-la-ville\/autosurveillance-2\/\" \/>\n<meta property=\"og:site_name\" content=\"Graie\" \/>\n<meta property=\"article:modified_time\" content=\"2025-01-20T14:05:55+00:00\" \/>\n<meta name=\"twitter:card\" content=\"summary_large_image\" \/>\n<meta name=\"twitter:site\" content=\"@asso_graie\" \/>\n<meta name=\"twitter:label1\" content=\"Dur\u00e9e de lecture estim\u00e9e\" \/>\n\t<meta name=\"twitter:data1\" content=\"4 minutes\" \/>\n<script type=\"application\/ld+json\" class=\"yoast-schema-graph\">{\"@context\":\"https:\/\/schema.org\",\"@graph\":[{\"@type\":\"WebPage\",\"@id\":\"https:\/\/asso.graie.org\/portail\/thematiques\/eau-dans-la-ville\/autosurveillance-2\/\",\"url\":\"https:\/\/asso.graie.org\/portail\/thematiques\/eau-dans-la-ville\/autosurveillance-2\/\",\"name\":\"Autosurveillance des syst\u00e8mes d'assainissement | Le Graie\",\"isPartOf\":{\"@id\":\"https:\/\/asso.graie.org\/portail\/#website\"},\"datePublished\":\"2017-06-30T07:03:55+00:00\",\"dateModified\":\"2025-01-20T14:05:55+00:00\",\"description\":\"Le Graie a mis en place un r\u00e9seau r\u00e9gional d'\u00e9changes afin de mettre en relation les diff\u00e9rents acteurs de l'autosurveillance et anime l'OTHU.\",\"breadcrumb\":{\"@id\":\"https:\/\/asso.graie.org\/portail\/thematiques\/eau-dans-la-ville\/autosurveillance-2\/#breadcrumb\"},\"inLanguage\":\"fr-FR\",\"potentialAction\":[{\"@type\":\"ReadAction\",\"target\":[\"https:\/\/asso.graie.org\/portail\/thematiques\/eau-dans-la-ville\/autosurveillance-2\/\"]}]},{\"@type\":\"BreadcrumbList\",\"@id\":\"https:\/\/asso.graie.org\/portail\/thematiques\/eau-dans-la-ville\/autosurveillance-2\/#breadcrumb\",\"itemListElement\":[{\"@type\":\"ListItem\",\"position\":1,\"name\":\"Accueil\",\"item\":\"https:\/\/asso.graie.org\/portail\/\"},{\"@type\":\"ListItem\",\"position\":2,\"name\":\"Th\u00e9matiques\",\"item\":\"https:\/\/asso.graie.org\/portail\/thematiques\/\"},{\"@type\":\"ListItem\",\"position\":3,\"name\":\"Eau dans la ville\",\"item\":\"https:\/\/asso.graie.org\/portail\/thematiques\/eau-dans-la-ville\/\"},{\"@type\":\"ListItem\",\"position\":4,\"name\":\"Autosurveillance\"}]},{\"@type\":\"WebSite\",\"@id\":\"https:\/\/asso.graie.org\/portail\/#website\",\"url\":\"https:\/\/asso.graie.org\/portail\/\",\"name\":\"Graie\",\"description\":\"P\u00f4le Eau et Territoires\",\"publisher\":{\"@id\":\"https:\/\/asso.graie.org\/portail\/#organization\"},\"potentialAction\":[{\"@type\":\"SearchAction\",\"target\":{\"@type\":\"EntryPoint\",\"urlTemplate\":\"https:\/\/asso.graie.org\/portail\/?s={search_term_string}\"},\"query-input\":\"required name=search_term_string\"}],\"inLanguage\":\"fr-FR\"},{\"@type\":\"Organization\",\"@id\":\"https:\/\/asso.graie.org\/portail\/#organization\",\"name\":\"Le Graie\",\"url\":\"https:\/\/asso.graie.org\/portail\/\",\"logo\":{\"@type\":\"ImageObject\",\"inLanguage\":\"fr-FR\",\"@id\":\"https:\/\/asso.graie.org\/portail\/#\/schema\/logo\/image\/\",\"url\":\"https:\/\/asso.graie.org\/portail\/wp-content\/uploads\/2021\/12\/Logotype-Graie.png\",\"contentUrl\":\"https:\/\/asso.graie.org\/portail\/wp-content\/uploads\/2021\/12\/Logotype-Graie.png\",\"width\":1890,\"height\":1181,\"caption\":\"Le Graie\"},\"image\":{\"@id\":\"https:\/\/asso.graie.org\/portail\/#\/schema\/logo\/image\/\"},\"sameAs\":[\"https:\/\/fr.linkedin.com\/company\/graie?trk=top_nav_home\",\"https:\/\/www.youtube.com\/channel\/UCZQk0Tt7upYwERYNdDIZqLQ\",\"https:\/\/twitter.com\/asso_graie\"]}]}<\/script>\n<!-- \/ Yoast SEO plugin. -->","yoast_head_json":{"title":"Autosurveillance des syst\u00e8mes d'assainissement | Le Graie","description":"Le Graie a mis en place un r\u00e9seau r\u00e9gional d'\u00e9changes afin de mettre en relation les diff\u00e9rents acteurs de l'autosurveillance et anime l'OTHU.","robots":{"index":"index","follow":"follow","max-snippet":"max-snippet:-1","max-image-preview":"max-image-preview:large","max-video-preview":"max-video-preview:-1"},"canonical":"https:\/\/asso.graie.org\/portail\/thematiques\/eau-dans-la-ville\/autosurveillance-2\/","og_locale":"fr_FR","og_type":"article","og_title":"Autosurveillance des syst\u00e8mes d'assainissement | Le Graie","og_description":"Le Graie a mis en place un r\u00e9seau r\u00e9gional d'\u00e9changes afin de mettre en relation les diff\u00e9rents acteurs de l'autosurveillance et anime l'OTHU.","og_url":"https:\/\/asso.graie.org\/portail\/thematiques\/eau-dans-la-ville\/autosurveillance-2\/","og_site_name":"Graie","article_modified_time":"2025-01-20T14:05:55+00:00","twitter_card":"summary_large_image","twitter_site":"@asso_graie","twitter_misc":{"Dur\u00e9e de lecture estim\u00e9e":"4 minutes"},"schema":{"@context":"https:\/\/schema.org","@graph":[{"@type":"WebPage","@id":"https:\/\/asso.graie.org\/portail\/thematiques\/eau-dans-la-ville\/autosurveillance-2\/","url":"https:\/\/asso.graie.org\/portail\/thematiques\/eau-dans-la-ville\/autosurveillance-2\/","name":"Autosurveillance des syst\u00e8mes d'assainissement | Le Graie","isPartOf":{"@id":"https:\/\/asso.graie.org\/portail\/#website"},"datePublished":"2017-06-30T07:03:55+00:00","dateModified":"2025-01-20T14:05:55+00:00","description":"Le Graie a mis en place un r\u00e9seau r\u00e9gional d'\u00e9changes afin de mettre en relation les diff\u00e9rents acteurs de l'autosurveillance et anime l'OTHU.","breadcrumb":{"@id":"https:\/\/asso.graie.org\/portail\/thematiques\/eau-dans-la-ville\/autosurveillance-2\/#breadcrumb"},"inLanguage":"fr-FR","potentialAction":[{"@type":"ReadAction","target":["https:\/\/asso.graie.org\/portail\/thematiques\/eau-dans-la-ville\/autosurveillance-2\/"]}]},{"@type":"BreadcrumbList","@id":"https:\/\/asso.graie.org\/portail\/thematiques\/eau-dans-la-ville\/autosurveillance-2\/#breadcrumb","itemListElement":[{"@type":"ListItem","position":1,"name":"Accueil","item":"https:\/\/asso.graie.org\/portail\/"},{"@type":"ListItem","position":2,"name":"Th\u00e9matiques","item":"https:\/\/asso.graie.org\/portail\/thematiques\/"},{"@type":"ListItem","position":3,"name":"Eau dans la ville","item":"https:\/\/asso.graie.org\/portail\/thematiques\/eau-dans-la-ville\/"},{"@type":"ListItem","position":4,"name":"Autosurveillance"}]},{"@type":"WebSite","@id":"https:\/\/asso.graie.org\/portail\/#website","url":"https:\/\/asso.graie.org\/portail\/","name":"Graie","description":"P\u00f4le Eau et Territoires","publisher":{"@id":"https:\/\/asso.graie.org\/portail\/#organization"},"potentialAction":[{"@type":"SearchAction","target":{"@type":"EntryPoint","urlTemplate":"https:\/\/asso.graie.org\/portail\/?s={search_term_string}"},"query-input":"required name=search_term_string"}],"inLanguage":"fr-FR"},{"@type":"Organization","@id":"https:\/\/asso.graie.org\/portail\/#organization","name":"Le Graie","url":"https:\/\/asso.graie.org\/portail\/","logo":{"@type":"ImageObject","inLanguage":"fr-FR","@id":"https:\/\/asso.graie.org\/portail\/#\/schema\/logo\/image\/","url":"https:\/\/asso.graie.org\/portail\/wp-content\/uploads\/2021\/12\/Logotype-Graie.png","contentUrl":"https:\/\/asso.graie.org\/portail\/wp-content\/uploads\/2021\/12\/Logotype-Graie.png","width":1890,"height":1181,"caption":"Le Graie"},"image":{"@id":"https:\/\/asso.graie.org\/portail\/#\/schema\/logo\/image\/"},"sameAs":["https:\/\/fr.linkedin.com\/company\/graie?trk=top_nav_home","https:\/\/www.youtube.com\/channel\/UCZQk0Tt7upYwERYNdDIZqLQ","https:\/\/twitter.com\/asso_graie"]}]}},"_links":{"self":[{"href":"https:\/\/asso.graie.org\/portail\/wp-json\/wp\/v2\/pages\/1213"}],"collection":[{"href":"https:\/\/asso.graie.org\/portail\/wp-json\/wp\/v2\/pages"}],"about":[{"href":"https:\/\/asso.graie.org\/portail\/wp-json\/wp\/v2\/types\/page"}],"author":[{"embeddable":true,"href":"https:\/\/asso.graie.org\/portail\/wp-json\/wp\/v2\/users\/1"}],"replies":[{"embeddable":true,"href":"https:\/\/asso.graie.org\/portail\/wp-json\/wp\/v2\/comments?post=1213"}],"version-history":[{"count":28,"href":"https:\/\/asso.graie.org\/portail\/wp-json\/wp\/v2\/pages\/1213\/revisions"}],"predecessor-version":[{"id":27396,"href":"https:\/\/asso.graie.org\/portail\/wp-json\/wp\/v2\/pages\/1213\/revisions\/27396"}],"up":[{"embeddable":true,"href":"https:\/\/asso.graie.org\/portail\/wp-json\/wp\/v2\/pages\/1199"}],"wp:attachment":[{"href":"https:\/\/asso.graie.org\/portail\/wp-json\/wp\/v2\/media?parent=1213"}],"curies":[{"name":"wp","href":"https:\/\/api.w.org\/{rel}","templated":true}]}}