{"id":1215,"date":"2017-06-30T09:04:06","date_gmt":"2017-06-30T07:04:06","guid":{"rendered":"https:\/\/asso.graie.org\/portail\/?page_id=1215"},"modified":"2024-02-26T10:06:01","modified_gmt":"2024-02-26T09:06:01","slug":"stations-epuration","status":"publish","type":"page","link":"https:\/\/asso.graie.org\/portail\/thematiques\/eau-et-sante\/stations-epuration\/","title":{"rendered":"Stations d\u2019\u00e9puration"},"content":{"rendered":"\n<div style=\"height:41px\" aria-hidden=\"true\" class=\"wp-block-spacer\"><\/div>\n\n\n\n<h3 class=\"wp-block-heading has-text-align-center\"><a href=\"https:\/\/asso.graie.org\/portail\/thematiques\/eau-et-sante\/stations-epuration\/\"><strong>STATIONS D&rsquo;\u00c9PURATION<\/strong><\/a>&nbsp; |&nbsp; <a href=\"https:\/\/asso.graie.org\/portail\/thematiques\/eau-et-sante\/effluents-non-domestiques\/\">EFFLUENTS NON DOMESTIQUES<\/a>&nbsp; |&nbsp; <a href=\"\/portail\/thematiques\/eau-et-sante\/assainissement-non-collectif\/\">ANC<\/a><\/h3>\n\n\n\n<div style=\"height:41px\" aria-hidden=\"true\" class=\"wp-block-spacer\"><\/div>\n\n\n\n<h2 class=\"wp-block-heading\"><strong>Les sous-produits de l&rsquo;assainissement<\/strong><\/h2>\n\n\n\n<div style=\"height:21px\" aria-hidden=\"true\" class=\"wp-block-spacer\"><\/div>\n\n\n\n<p>Les sous-produits de l&rsquo;assainissement regroupent les boues de petites stations d&rsquo;\u00e9puration (STEP), les mati\u00e8res de vidange domestiques issues de l&rsquo;assainissement non collectif, les boues de curage de r\u00e9seaux (unitaires ou s\u00e9paratifs) et d\u2019ouvrages d&rsquo;assainissement, les graisses de pr\u00e9traitements d&rsquo;assainissement individuel (bacs \u00e0 graisses individuels), de restauration ou d\u2019activit\u00e9s agroalimentaires, de pr\u00e9-traitement des STEP. L\u2019accueil de ces sous-produits a fait \u00e9merger de nombreuses questions de la part des exploitants de ces ouvrages.<\/p>\n\n\n\n<p>En juin 2000, le Graie a mis en place un <a href=\"https:\/\/asso.graie.org\/portail\/animationregionale\/gt-stations-epuration\/\" target=\"_blank\" rel=\"noopener noreferrer\"><strong>r\u00e9seau r\u00e9gional des exploitants de stations d\u2019\u00e9puration<\/strong><\/a> pour r\u00e9pondre \u00e0 leurs probl\u00e9matiques. Apr\u00e8s avoir travaill\u00e9 sp\u00e9cifiquement sur le th\u00e8me de la gestion des sites de d\u00e9potage (site d&rsquo;accueil de ces produits) et le traitement des sous-produits de l&rsquo;assainissement, le r\u00e9seau s&rsquo;int\u00e9resse d\u00e9sormais \u00e9galement aux diff\u00e9rents aspects de l&rsquo;exploitation des stations d&rsquo;\u00e9puration (optimisation \u00e9nerg\u00e9tique, autosurveillance, &#8230;).<br>\n\t\t<div class=\"clearfix\"><\/div>\n\t\t<hr style=\"margin-top:20px; margin-bottom:20px;\" class=\"divider divider-solid\">\n\t\n\n\n\n<div style=\"height:42px\" aria-hidden=\"true\" class=\"wp-block-spacer\"><\/div>\n\n\n\n<h2 class=\"wp-block-heading\"><strong>Nos derni\u00e8res productions et documents de r\u00e9f\u00e9rence<\/strong><\/h2>\n\n\n\n<div style=\"height:22px\" aria-hidden=\"true\" class=\"wp-block-spacer\"><\/div>\n\n\n\n<p><strong>Synth\u00e8se des derniers \u00e9changes :<\/strong><\/p>\n\n\n\n<ul>\n<li>Mieux g\u00e9rer son syst\u00e8me d&rsquo;assainissement : organisation pratique du travail &#8211; organisation des services (organigramme &#8230;), gestion RH et questions de recrutement au sein de vos stations d&rsquo;\u00e9puration ,synth\u00e8se des \u00e9changes 13 d\u00e9cembre 2018 &#8211; Station d\u2019\u00e9puration Ocyb\u00e8le \u2013 Gaillard (74)<\/li>\n\n\n\n<li><a href=\"http:\/\/www.graie.org\/graie\/graiedoc\/reseaux\/depotage\/GRAIE-SynthEchanges-avr18-STEPRA-WEB-defaillance.pdf\">L\u2019analyse du risque de d\u00e9faillance<\/a> selon l\u2019arr\u00eat\u00e9 du 21 juillet 2015 | Premiers retours d\u2019exp\u00e9riences, m\u00e9thodologie et utilisation de cette analyse par les exploitants, Synth\u00e8se des \u00e9changes de la r\u00e9union du 26 avril 2018 \u2013 STEP Systepur \u2013 Vienne Condrieu Agglom\u00e9ration (38)<\/li>\n\n\n\n<li><a href=\"http:\/\/www.graie.org\/graie\/graiedoc\/reseaux\/depotage\/GRAIE-SynthEchanges-nov17-STEPRA-WEB-graissesetdigestion.pdf\">Les graisses, et leur injection en digestion<\/a> &#8211; Retours d\u2019exp\u00e9riences techniques et plus-values, Synth\u00e8se des \u00e9changes du 30 novembre 2017 &#8211; Station d\u2019\u00e9puration du Pertuiset \u2013 SIVO \u2013 Unieux (42)<\/li>\n\n\n\n<li><a href=\"http:\/\/www.graie.org\/graie\/graiedoc\/reseaux\/depotage\/GRAIE-SynthEchanges-avr17-STEPRA-WEB-Digestion.pdf\">La digestion des boues<\/a> &#8211; Poursuites des retours d\u2019exp\u00e9riences: Valorisation REX GRDF , Synth\u00e8se de la r\u00e9union du 13 avril 2017 &#8211; Station d\u2019\u00e9puration de Bourg en Bresse (01)<\/li>\n\n\n\n<li><a href=\"http:\/\/www.graie.org\/graie\/graiedoc\/reseaux\/depotage\/graie-synthechanges-oct16-digestionboues.pdf\" target=\"_blank\" rel=\"noopener noreferrer\">La digestion des boues<\/a>, Synth\u00e8se de la r\u00e9union du 13 octobre 2016<\/li>\n\n\n\n<li><a href=\"http:\/\/www.graie.org\/graie\/graiedoc\/reseaux\/depotage\/graie-synthechanges-stepfuturpompechaleur-avr16.pdf\" target=\"_blank\" rel=\"noopener noreferrer\">Traitement des micropolluants \/ utilisation et exploitation des pompes \u00e0 chaleur,<\/a> Synth\u00e8se de la r\u00e9union du 28 avril 2016<\/li>\n\n\n\n<li><a href=\"http:\/\/www.graie.org\/graie\/graiedoc\/reseaux\/depotage\/graie-synthechanges-energiefuturstep-oct15.pdf\" target=\"_blank\" rel=\"noopener noreferrer\">Bilan \u00e9nerg\u00e9tique des stations d&rsquo;\u00e9puration \/ la station du futur<\/a>, Synth\u00e8se de la r\u00e9union du 22 octobre 2015<\/li>\n<\/ul>\n\n\n\n<div style=\"height:22px\" aria-hidden=\"true\" class=\"wp-block-spacer\"><\/div>\n\n\n\n<p><strong>Outils &#8211; Documents de synth\u00e8se<\/strong> :<\/p>\n\n\n\n<ul>\n<li><a href=\"http:\/\/www.graie.org\/graie\/graiedoc\/reseaux\/depotage\/GRAIE-RETexp-optimisation-energetique-2012.pdf\" target=\"_blank\" rel=\"noopener noreferrer\">Retours d&rsquo;exp\u00e9riences sur l&rsquo;optimisation \u00e9nerg\u00e9tique des stations d&rsquo;\u00e9puration<\/a> &#8211; Document de travail \u00e9volutif, V1 octobre 2012<\/li>\n\n\n\n<li><a href=\"http:\/\/www.graie.org\/graie\/graiedoc\/reseaux\/depotage\/GUIDE-depot-v9-2007.pdf\" target=\"_blank\" rel=\"noopener noreferrer\">Guide pour la conception des sites de d\u00e9potage <\/a>(Version provisoire V7 &#8211; juillet 2007)<\/li>\n\n\n\n<li>La gestion des sites de d\u00e9potage : <a href=\"http:\/\/www.graie.org\/graie\/graiedoc\/reseaux\/depotage\/docsType.pdf\" target=\"_blank\" rel=\"noopener noreferrer\">documents types (2005)<\/a><\/li>\n\n\n\n<li>Actualisation du Bordereau de suivi des sous-produits de l&rsquo;assainissement renomm\u00e9 en <a href=\"http:\/\/www.graie.org\/graie\/graiedoc\/reseaux\/depotage\/BORDEREAUsuiviSousProduit-2012.pdf\" target=\"_blank\" rel=\"noopener noreferrer\">Bordereau d&rsquo;identification et de suivi des d\u00e9chets de l&rsquo;assainissement<\/a> (version 2012)<\/li>\n<\/ul>\n\n\n\n<div style=\"height:37px\" aria-hidden=\"true\" class=\"wp-block-spacer\"><\/div>\n\n\n\n<p><a class=\"plus\" href=\"https:\/\/asso.graie.org\/portail\/resultat-de-recherche-detaillee\/?_sfm_source2=productions_du_graie&amp;_sfm_categorie_prod=station_depuration\" target=\"_blank\" rel=\"noopener noreferrer\"><strong>Toutes nos productions Station d&rsquo;\u00e9puration &#8211; Sous-produit de l&rsquo;assainissement<\/strong><\/a><\/p>\n\n\n\n<div style=\"height:37px\" aria-hidden=\"true\" class=\"wp-block-spacer\"><\/div>\n\n\n\n<hr class=\"wp-block-separator has-alpha-channel-opacity\"\/>\n\n\n\n<div style=\"height:37px\" aria-hidden=\"true\" class=\"wp-block-spacer\"><\/div>\n\n\n\n<h2 class=\"wp-block-heading\"><strong>Autres ressources<\/strong><\/h2>\n\n\n\n<div style=\"height:23px\" aria-hidden=\"true\" class=\"wp-block-spacer\"><\/div>\n\n\n\n<h3 class=\"wp-block-heading\">Liens utiles<\/h3>\n\n\n\n<p>&gt; Colloque \u00ab\u00a0La station d&rsquo;\u00e9puration du futur\u00a0\u00bb de l&rsquo;Agence de l&rsquo;eau RMC, octobre 2016 :<\/p>\n\n\n\n<ul>\n<li><a href=\"https:\/\/www.youtube.com\/watch?v=8wRihD0nBtk\" target=\"_blank\" rel=\"noopener noreferrer\"><strong>Le film d&rsquo;animation<\/strong><\/a><\/li>\n<\/ul>\n\n\n\n<p><a href=\"http:\/\/agriculture.gouv.fr\/sites\/minagri\/files\/cgaaer_14074_2015_rapport.pdf\" target=\"_blank\" rel=\"noopener noreferrer\">&gt; Les \u00e9pandages sur terres agricoles des mati\u00e8res fertilisantes d&rsquo;origine r\u00e9siduaire : mission prospective sur les modalit\u00e9s d&rsquo;encadrement et de suivi r\u00e9glementaire <\/a>&#8211;&nbsp;Rapport du CGEDD et du CGAAER, 180p, juillet 2015<\/p>\n\n\n\n<p><a href=\"http:\/\/www.graie.org\/graie\/graiedoc\/reseaux\/depotage\/depot-biblio-guide-SE2ACG74-asservissement-fev11.pdf\" target=\"_blank\" rel=\"noopener noreferrer\">&gt; \u00c9tude diagnostique des syst\u00e8mes de r\u00e9gulation des injections de r\u00e9actifs en t\u00eate des d\u00e9canteurs primaires <\/a>&#8211;&nbsp;Syndicat d&rsquo;Assainissement des Aravis, 14p, f\u00e9vrier 2011<\/p>\n\n\n\n<p><a href=\"http:\/\/www.graie.org\/graie\/graiedoc\/reseaux\/depotage\/depot-biblio-rapport-aermc-methanisation-dec12.pdf\" target=\"_blank\" rel=\"noopener noreferrer\">&gt; M\u00e9thanisation des boues de stations : r\u00e8gle de l&rsquo;art et \u00e9tat des lieux sur les bassins Rh\u00f4ne-M\u00e9diterran\u00e9e et Corse<\/a> &#8211;&nbsp;Agence de l&rsquo;eau Rh\u00f4ne-M\u00e9diterran\u00e9e Corse, 56p, d\u00e9cembre 2012<\/p>\n\n\n\n<div style=\"height:23px\" aria-hidden=\"true\" class=\"wp-block-spacer\"><\/div>\n\n\n\n<p><a class=\"plus\" href=\"https:\/\/asso.graie.org\/portail\/resultat-de-recherche-detaillee\/?_sfm_source2=sources_externes&amp;_sfm_categorie_prod=station_depuration\" target=\"_blank\" rel=\"noopener noreferrer\"><strong>Tous les liens utiles<\/strong><\/a><\/p>\n\n\n\n<div style=\"height:91px\" aria-hidden=\"true\" class=\"wp-block-spacer\"><\/div>\n","protected":false},"excerpt":{"rendered":"<p>STATIONS D&rsquo;\u00c9PURATION&nbsp; |&nbsp; EFFLUENTS NON DOMESTIQUES&nbsp; |&nbsp; ANC Les sous-produits de l&rsquo;assainissement Les sous-produits de l&rsquo;assainissement regroupent les boues de petites stations d&rsquo;\u00e9puration (STEP), les mati\u00e8res de vidange domestiques issues de l&rsquo;assainissement non collectif, les boues de curage de r\u00e9seaux &hellip;<\/p>\n","protected":false},"author":1,"featured_media":0,"parent":1197,"menu_order":0,"comment_status":"closed","ping_status":"closed","template":"","meta":{"_mi_skip_tracking":false,"footnotes":""},"acf":[],"yoast_head":"<!-- This site is optimized with the Yoast SEO plugin v19.13 - https:\/\/yoast.com\/wordpress\/plugins\/seo\/ -->\n<title>Stations d\u2019\u00e9puration | Le Graie<\/title>\n<meta name=\"description\" content=\"Le Graie a mis en place un r\u00e9seau r\u00e9gional des exploitants de stations d\u2019\u00e9puration afin de les aider dans la gestion des sous-produits de l&#039;assainissement.\" \/>\n<meta name=\"robots\" content=\"index, follow, max-snippet:-1, max-image-preview:large, max-video-preview:-1\" \/>\n<link rel=\"canonical\" href=\"https:\/\/asso.graie.org\/portail\/thematiques\/eau-et-sante\/stations-epuration\/\" \/>\n<meta property=\"og:locale\" content=\"fr_FR\" \/>\n<meta property=\"og:type\" content=\"article\" \/>\n<meta property=\"og:title\" content=\"Stations d\u2019\u00e9puration | Le Graie\" \/>\n<meta property=\"og:description\" content=\"Le Graie a mis en place un r\u00e9seau r\u00e9gional des exploitants de stations d\u2019\u00e9puration afin de les aider dans la gestion des sous-produits de l&#039;assainissement.\" \/>\n<meta property=\"og:url\" content=\"https:\/\/asso.graie.org\/portail\/thematiques\/eau-et-sante\/stations-epuration\/\" \/>\n<meta property=\"og:site_name\" content=\"Graie\" \/>\n<meta property=\"article:modified_time\" content=\"2024-02-26T09:06:01+00:00\" \/>\n<meta name=\"twitter:card\" content=\"summary_large_image\" \/>\n<meta name=\"twitter:site\" content=\"@asso_graie\" \/>\n<meta name=\"twitter:label1\" content=\"Dur\u00e9e de lecture estim\u00e9e\" \/>\n\t<meta name=\"twitter:data1\" content=\"3 minutes\" \/>\n<script type=\"application\/ld+json\" class=\"yoast-schema-graph\">{\"@context\":\"https:\/\/schema.org\",\"@graph\":[{\"@type\":\"WebPage\",\"@id\":\"https:\/\/asso.graie.org\/portail\/thematiques\/eau-et-sante\/stations-epuration\/\",\"url\":\"https:\/\/asso.graie.org\/portail\/thematiques\/eau-et-sante\/stations-epuration\/\",\"name\":\"Stations d\u2019\u00e9puration | Le Graie\",\"isPartOf\":{\"@id\":\"https:\/\/asso.graie.org\/portail\/#website\"},\"datePublished\":\"2017-06-30T07:04:06+00:00\",\"dateModified\":\"2024-02-26T09:06:01+00:00\",\"description\":\"Le Graie a mis en place un r\u00e9seau r\u00e9gional des exploitants de stations d\u2019\u00e9puration afin de les aider dans la gestion des sous-produits de l'assainissement.\",\"breadcrumb\":{\"@id\":\"https:\/\/asso.graie.org\/portail\/thematiques\/eau-et-sante\/stations-epuration\/#breadcrumb\"},\"inLanguage\":\"fr-FR\",\"potentialAction\":[{\"@type\":\"ReadAction\",\"target\":[\"https:\/\/asso.graie.org\/portail\/thematiques\/eau-et-sante\/stations-epuration\/\"]}]},{\"@type\":\"BreadcrumbList\",\"@id\":\"https:\/\/asso.graie.org\/portail\/thematiques\/eau-et-sante\/stations-epuration\/#breadcrumb\",\"itemListElement\":[{\"@type\":\"ListItem\",\"position\":1,\"name\":\"Accueil\",\"item\":\"https:\/\/asso.graie.org\/portail\/\"},{\"@type\":\"ListItem\",\"position\":2,\"name\":\"Th\u00e9matiques\",\"item\":\"https:\/\/asso.graie.org\/portail\/thematiques\/\"},{\"@type\":\"ListItem\",\"position\":3,\"name\":\"Eau et sant\u00e9\",\"item\":\"https:\/\/asso.graie.org\/portail\/thematiques\/eau-et-sante\/\"},{\"@type\":\"ListItem\",\"position\":4,\"name\":\"Stations d\u2019\u00e9puration\"}]},{\"@type\":\"WebSite\",\"@id\":\"https:\/\/asso.graie.org\/portail\/#website\",\"url\":\"https:\/\/asso.graie.org\/portail\/\",\"name\":\"Graie\",\"description\":\"P\u00f4le Eau et Territoires\",\"publisher\":{\"@id\":\"https:\/\/asso.graie.org\/portail\/#organization\"},\"potentialAction\":[{\"@type\":\"SearchAction\",\"target\":{\"@type\":\"EntryPoint\",\"urlTemplate\":\"https:\/\/asso.graie.org\/portail\/?s={search_term_string}\"},\"query-input\":\"required name=search_term_string\"}],\"inLanguage\":\"fr-FR\"},{\"@type\":\"Organization\",\"@id\":\"https:\/\/asso.graie.org\/portail\/#organization\",\"name\":\"Le Graie\",\"url\":\"https:\/\/asso.graie.org\/portail\/\",\"logo\":{\"@type\":\"ImageObject\",\"inLanguage\":\"fr-FR\",\"@id\":\"https:\/\/asso.graie.org\/portail\/#\/schema\/logo\/image\/\",\"url\":\"https:\/\/asso.graie.org\/portail\/wp-content\/uploads\/2021\/12\/Logotype-Graie.png\",\"contentUrl\":\"https:\/\/asso.graie.org\/portail\/wp-content\/uploads\/2021\/12\/Logotype-Graie.png\",\"width\":1890,\"height\":1181,\"caption\":\"Le Graie\"},\"image\":{\"@id\":\"https:\/\/asso.graie.org\/portail\/#\/schema\/logo\/image\/\"},\"sameAs\":[\"https:\/\/fr.linkedin.com\/company\/graie?trk=top_nav_home\",\"https:\/\/www.youtube.com\/channel\/UCZQk0Tt7upYwERYNdDIZqLQ\",\"https:\/\/twitter.com\/asso_graie\"]}]}<\/script>\n<!-- \/ Yoast SEO plugin. -->","yoast_head_json":{"title":"Stations d\u2019\u00e9puration | Le Graie","description":"Le Graie a mis en place un r\u00e9seau r\u00e9gional des exploitants de stations d\u2019\u00e9puration afin de les aider dans la gestion des sous-produits de l'assainissement.","robots":{"index":"index","follow":"follow","max-snippet":"max-snippet:-1","max-image-preview":"max-image-preview:large","max-video-preview":"max-video-preview:-1"},"canonical":"https:\/\/asso.graie.org\/portail\/thematiques\/eau-et-sante\/stations-epuration\/","og_locale":"fr_FR","og_type":"article","og_title":"Stations d\u2019\u00e9puration | Le Graie","og_description":"Le Graie a mis en place un r\u00e9seau r\u00e9gional des exploitants de stations d\u2019\u00e9puration afin de les aider dans la gestion des sous-produits de l'assainissement.","og_url":"https:\/\/asso.graie.org\/portail\/thematiques\/eau-et-sante\/stations-epuration\/","og_site_name":"Graie","article_modified_time":"2024-02-26T09:06:01+00:00","twitter_card":"summary_large_image","twitter_site":"@asso_graie","twitter_misc":{"Dur\u00e9e de lecture estim\u00e9e":"3 minutes"},"schema":{"@context":"https:\/\/schema.org","@graph":[{"@type":"WebPage","@id":"https:\/\/asso.graie.org\/portail\/thematiques\/eau-et-sante\/stations-epuration\/","url":"https:\/\/asso.graie.org\/portail\/thematiques\/eau-et-sante\/stations-epuration\/","name":"Stations d\u2019\u00e9puration | Le Graie","isPartOf":{"@id":"https:\/\/asso.graie.org\/portail\/#website"},"datePublished":"2017-06-30T07:04:06+00:00","dateModified":"2024-02-26T09:06:01+00:00","description":"Le Graie a mis en place un r\u00e9seau r\u00e9gional des exploitants de stations d\u2019\u00e9puration afin de les aider dans la gestion des sous-produits de l'assainissement.","breadcrumb":{"@id":"https:\/\/asso.graie.org\/portail\/thematiques\/eau-et-sante\/stations-epuration\/#breadcrumb"},"inLanguage":"fr-FR","potentialAction":[{"@type":"ReadAction","target":["https:\/\/asso.graie.org\/portail\/thematiques\/eau-et-sante\/stations-epuration\/"]}]},{"@type":"BreadcrumbList","@id":"https:\/\/asso.graie.org\/portail\/thematiques\/eau-et-sante\/stations-epuration\/#breadcrumb","itemListElement":[{"@type":"ListItem","position":1,"name":"Accueil","item":"https:\/\/asso.graie.org\/portail\/"},{"@type":"ListItem","position":2,"name":"Th\u00e9matiques","item":"https:\/\/asso.graie.org\/portail\/thematiques\/"},{"@type":"ListItem","position":3,"name":"Eau et sant\u00e9","item":"https:\/\/asso.graie.org\/portail\/thematiques\/eau-et-sante\/"},{"@type":"ListItem","position":4,"name":"Stations d\u2019\u00e9puration"}]},{"@type":"WebSite","@id":"https:\/\/asso.graie.org\/portail\/#website","url":"https:\/\/asso.graie.org\/portail\/","name":"Graie","description":"P\u00f4le Eau et Territoires","publisher":{"@id":"https:\/\/asso.graie.org\/portail\/#organization"},"potentialAction":[{"@type":"SearchAction","target":{"@type":"EntryPoint","urlTemplate":"https:\/\/asso.graie.org\/portail\/?s={search_term_string}"},"query-input":"required name=search_term_string"}],"inLanguage":"fr-FR"},{"@type":"Organization","@id":"https:\/\/asso.graie.org\/portail\/#organization","name":"Le Graie","url":"https:\/\/asso.graie.org\/portail\/","logo":{"@type":"ImageObject","inLanguage":"fr-FR","@id":"https:\/\/asso.graie.org\/portail\/#\/schema\/logo\/image\/","url":"https:\/\/asso.graie.org\/portail\/wp-content\/uploads\/2021\/12\/Logotype-Graie.png","contentUrl":"https:\/\/asso.graie.org\/portail\/wp-content\/uploads\/2021\/12\/Logotype-Graie.png","width":1890,"height":1181,"caption":"Le Graie"},"image":{"@id":"https:\/\/asso.graie.org\/portail\/#\/schema\/logo\/image\/"},"sameAs":["https:\/\/fr.linkedin.com\/company\/graie?trk=top_nav_home","https:\/\/www.youtube.com\/channel\/UCZQk0Tt7upYwERYNdDIZqLQ","https:\/\/twitter.com\/asso_graie"]}]}},"_links":{"self":[{"href":"https:\/\/asso.graie.org\/portail\/wp-json\/wp\/v2\/pages\/1215"}],"collection":[{"href":"https:\/\/asso.graie.org\/portail\/wp-json\/wp\/v2\/pages"}],"about":[{"href":"https:\/\/asso.graie.org\/portail\/wp-json\/wp\/v2\/types\/page"}],"author":[{"embeddable":true,"href":"https:\/\/asso.graie.org\/portail\/wp-json\/wp\/v2\/users\/1"}],"replies":[{"embeddable":true,"href":"https:\/\/asso.graie.org\/portail\/wp-json\/wp\/v2\/comments?post=1215"}],"version-history":[{"count":10,"href":"https:\/\/asso.graie.org\/portail\/wp-json\/wp\/v2\/pages\/1215\/revisions"}],"predecessor-version":[{"id":25517,"href":"https:\/\/asso.graie.org\/portail\/wp-json\/wp\/v2\/pages\/1215\/revisions\/25517"}],"up":[{"embeddable":true,"href":"https:\/\/asso.graie.org\/portail\/wp-json\/wp\/v2\/pages\/1197"}],"wp:attachment":[{"href":"https:\/\/asso.graie.org\/portail\/wp-json\/wp\/v2\/media?parent=1215"}],"curies":[{"name":"wp","href":"https:\/\/api.w.org\/{rel}","templated":true}]}}