{"id":1217,"date":"2017-06-30T09:04:23","date_gmt":"2017-06-30T07:04:23","guid":{"rendered":"https:\/\/asso.graie.org\/portail\/?page_id=1217"},"modified":"2023-10-09T10:34:36","modified_gmt":"2023-10-09T08:34:36","slug":"nos-publications","status":"publish","type":"page","link":"https:\/\/asso.graie.org\/portail\/diffusion\/nos-publications\/","title":{"rendered":"Publications et ressources"},"content":{"rendered":"\n<div style=\"height:40px\" aria-hidden=\"true\" class=\"wp-block-spacer\"><\/div>\n\n\n\n<h2 class=\"wp-block-heading\">Le Graie, v\u00e9ritable acteur de la production de documents cl\u00e9s<\/h2>\n\n\n\n<p>Le Graie publie des ressources techniques et scientifiques sur ses 3 th\u00e9matiques phares&nbsp;: <a href=\"https:\/\/asso.graie.org\/portail\/thematiques\/eau-et-sante\/\">Eau et sant\u00e9<\/a>, <a href=\"https:\/\/asso.graie.org\/portail\/thematiques\/eau-dans-la-ville\/\">Eau dans la ville<\/a>, <a href=\"https:\/\/asso.graie.org\/portail\/thematiques\/milieux-aquatiques\/\">Milieux aquatiques<\/a>. Synth\u00e8ses de conf\u00e9rence, actes, fiches techniques, brochures, guides et bien d\u2019autres publications sont \u00e0 d\u00e9couvrir !<\/p>\n\n\n\n<div style=\"height:20px\" aria-hidden=\"true\" class=\"wp-block-spacer\"><\/div>\n\n\n\n<h2 class=\"wp-block-heading\">Mais aussi une porte d\u2019entr\u00e9e vers des ressources compl\u00e9mentaires<\/h2>\n\n\n\n<p>Le Graie r\u00e9pertorie des&nbsp;<strong>ressources documentaires externes<\/strong>&nbsp;qui font r\u00e9f\u00e9rence dans le domaine de l\u2019eau \u2013 pr\u00e9cis\u00e9ment sur les 4 th\u00e9matiques de travail du Graie \u2013 et qui lui semble pertinent de porter \u00e0 la connaissance de tous.&nbsp;<strong>Sites internet, liens utiles vers des ressources en ligne, r\u00e9f\u00e9rences bibliographiques\u2026<\/strong><\/p>\n\n\n\n<div style=\"height:11px\" aria-hidden=\"true\" class=\"wp-block-spacer\"><\/div>\n\n\n\n<p>Le site du Graie constitue ainsi&nbsp;<strong>un portail extr\u00eamement riche<\/strong>&nbsp;sur les th\u00e9matiques qu\u2019il aborde, avec un effort particulier sur les effluents non domestiques (notamment fiches techniques et documents types) et sur les micropolluants (eau et sant\u00e9) sur lesquels on trouve peu de sites d\u00e9di\u00e9s ou cl\u00e9s d\u2019entr\u00e9e au niveau national.<\/p>\n\n\n\n<div style=\"height:40px\" aria-hidden=\"true\" class=\"wp-block-spacer\"><\/div>\n\n\n\n<div class=\"wp-block-columns is-layout-flex wp-container-4 wp-block-columns-is-layout-flex\">\n<div class=\"wp-block-column is-layout-flow wp-block-column-is-layout-flow\">\n<p><strong>Retrouvez toutes les productions du Graie dans notre espace d\u00e9di\u00e9<\/strong> :<\/p>\n<\/div>\n\n\n\n<div class=\"wp-block-column is-layout-flow wp-block-column-is-layout-flow\">\n<div class=\"wp-block-buttons is-layout-flex wp-block-buttons-is-layout-flex\">\n<div class=\"wp-block-button\"><a class=\"wp-block-button__link has-white-color has-vivid-cyan-blue-background-color has-text-color has-background wp-element-button\" href=\"https:\/\/asso.graie.org\/portail\/resultat-de-recherche-detaillee\/?_sfm_source2=productions_du_graie\">Rechercher des publications<\/a><\/div>\n<\/div>\n<\/div>\n<\/div>\n\n\n\n<div style=\"height:40px\" aria-hidden=\"true\" class=\"wp-block-spacer\"><\/div>\n\n\n\n<div class=\"wp-block-columns is-layout-flex wp-container-8 wp-block-columns-is-layout-flex\">\n<div class=\"wp-block-column is-layout-flow wp-block-column-is-layout-flow\">\n<p><strong>Ainsi que toutes les r\u00e9f\u00e9rences de sources externes<\/strong> :<\/p>\n<\/div>\n\n\n\n<div class=\"wp-block-column is-layout-flow wp-block-column-is-layout-flow\">\n<div class=\"wp-block-buttons is-layout-flex wp-block-buttons-is-layout-flex\">\n<div class=\"wp-block-button\"><a class=\"wp-block-button__link has-white-color has-vivid-cyan-blue-background-color has-text-color has-background wp-element-button\" href=\"https:\/\/asso.graie.org\/portail\/resultat-de-recherche-detaillee\/?_sfm_source2=sources_externes\">Rechercher des ressources externes<\/a><\/div>\n<\/div>\n<\/div>\n<\/div>\n\n\n\n<div style=\"height:41px\" aria-hidden=\"true\" class=\"wp-block-spacer\"><\/div>\n\n\n\n<h3 class=\"wp-block-heading\">Panorama des publications en t\u00eate de t\u00e9l\u00e9chargement :<\/h3>\n\n\n\n<div style=\"height:41px\" aria-hidden=\"true\" class=\"wp-block-spacer\"><\/div>\n\n\n\n<div class=\"wp-block-columns is-layout-flex wp-container-13 wp-block-columns-is-layout-flex\">\n<div class=\"wp-block-column is-layout-flow wp-block-column-is-layout-flow\">\n<figure class=\"wp-block-image size-large\"><a href=\"https:\/\/asso.graie.org\/portail\/wp-content\/uploads\/2022\/10\/synthese-aap-micropolluants-versionenligne.pdf\"><img decoding=\"async\" loading=\"lazy\" width=\"726\" height=\"1024\" src=\"https:\/\/asso.graie.org\/portail\/wp-content\/uploads\/2022\/10\/Micro_polluant_dossier_couv-726x1024.png\" alt=\"\" class=\"wp-image-21629\" srcset=\"https:\/\/asso.graie.org\/portail\/wp-content\/uploads\/2022\/10\/Micro_polluant_dossier_couv-726x1024.png 726w, https:\/\/asso.graie.org\/portail\/wp-content\/uploads\/2022\/10\/Micro_polluant_dossier_couv-213x300.png 213w, https:\/\/asso.graie.org\/portail\/wp-content\/uploads\/2022\/10\/Micro_polluant_dossier_couv-768x1084.png 768w, https:\/\/asso.graie.org\/portail\/wp-content\/uploads\/2022\/10\/Micro_polluant_dossier_couv-1088x1536.png 1088w, https:\/\/asso.graie.org\/portail\/wp-content\/uploads\/2022\/10\/Micro_polluant_dossier_couv-1451x2048.png 1451w\" sizes=\"(max-width: 726px) 100vw, 726px\" \/><\/a><\/figure>\n<\/div>\n\n\n\n<div class=\"wp-block-column is-layout-flow wp-block-column-is-layout-flow\">\n<p><a href=\"https:\/\/asso.graie.org\/portail\/wp-content\/uploads\/2022\/10\/synthese-aap-micropolluants-versionenligne.pdf\">Pour une r\u00e9duction des micropolluants urbains : synth\u00e8se de 13 projets de recherches territoriaux<\/a><\/p>\n<\/div>\n\n\n\n<div class=\"wp-block-column is-layout-flow wp-block-column-is-layout-flow\">\n<figure class=\"wp-block-image size-full\"><img decoding=\"async\" loading=\"lazy\" width=\"223\" height=\"330\" src=\"https:\/\/asso.graie.org\/portail\/wp-content\/uploads\/2022\/05\/ouvrage_othu.png\" alt=\"\" class=\"wp-image-20368\" srcset=\"https:\/\/asso.graie.org\/portail\/wp-content\/uploads\/2022\/05\/ouvrage_othu.png 223w, https:\/\/asso.graie.org\/portail\/wp-content\/uploads\/2022\/05\/ouvrage_othu-203x300.png 203w\" sizes=\"(max-width: 223px) 100vw, 223px\" \/><\/figure>\n<\/div>\n\n\n\n<div class=\"wp-block-column is-layout-flow wp-block-column-is-layout-flow\">\n<p><a href=\"https:\/\/www.graie.org\/graie\/graiedoc\/doc_telech\/OUVRAGE-OTHU\/OTHU-GRAIE_Gestion%20des%20eaux%20pluviales%20en%20ville_2022_complet.pdf\">Gestion des eaux pluviales en ville : 20 ans de recherche au service de l&rsquo;action<\/a><\/p>\n<\/div>\n<\/div>\n\n\n\n<div class=\"wp-block-columns is-layout-flex wp-container-18 wp-block-columns-is-layout-flex\">\n<div class=\"wp-block-column is-layout-flow wp-block-column-is-layout-flow\">\n<figure class=\"wp-block-image size-full\"><a href=\"https:\/\/asso.graie.org\/portail\/guide-operationnel-frog-eaux-pluviales-nappe-phreatique\/\"><img decoding=\"async\" loading=\"lazy\" width=\"443\" height=\"616\" src=\"https:\/\/asso.graie.org\/portail\/wp-content\/uploads\/2022\/01\/GRAIE-GUIDE-Frog.jpg\" alt=\"\" class=\"wp-image-19537\" srcset=\"https:\/\/asso.graie.org\/portail\/wp-content\/uploads\/2022\/01\/GRAIE-GUIDE-Frog.jpg 443w, https:\/\/asso.graie.org\/portail\/wp-content\/uploads\/2022\/01\/GRAIE-GUIDE-Frog-216x300.jpg 216w\" sizes=\"(max-width: 443px) 100vw, 443px\" \/><\/a><\/figure>\n<\/div>\n\n\n\n<div class=\"wp-block-column is-layout-flow wp-block-column-is-layout-flow\">\n<p><a href=\"https:\/\/asso.graie.org\/portail\/guide-operationnel-frog-eaux-pluviales-nappe-phreatique\/\">Guide op\u00e9rationnel Frog : Eaux pluviales et nappes phr\u00e9atiques<\/a><\/p>\n<\/div>\n\n\n\n<div class=\"wp-block-column is-layout-flow wp-block-column-is-layout-flow\">\n<figure class=\"wp-block-image size-full\"><a href=\"https:\/\/asso.graie.org\/portail\/foire-aux-questions-gestion-effluents-non-domestiques\/\"><img decoding=\"async\" loading=\"lazy\" width=\"551\" height=\"780\" src=\"https:\/\/asso.graie.org\/portail\/wp-content\/uploads\/2023\/10\/FAQ_END_couv.png\" alt=\"\" class=\"wp-image-24461\" srcset=\"https:\/\/asso.graie.org\/portail\/wp-content\/uploads\/2023\/10\/FAQ_END_couv.png 551w, https:\/\/asso.graie.org\/portail\/wp-content\/uploads\/2023\/10\/FAQ_END_couv-212x300.png 212w\" sizes=\"(max-width: 551px) 100vw, 551px\" \/><\/a><\/figure>\n<\/div>\n\n\n\n<div class=\"wp-block-column is-layout-flow wp-block-column-is-layout-flow\">\n<p><a href=\"https:\/\/asso.graie.org\/portail\/foire-aux-questions-gestion-effluents-non-domestiques\/\">Foire aux Questions sur la gestion des Effluents Non Domestiques<\/a><\/p>\n<\/div>\n<\/div>\n\n\n\n<div style=\"height:40px\" aria-hidden=\"true\" class=\"wp-block-spacer\"><\/div>\n\n\n\n\t\t<div class=\"one_fourth tie-columns\">\n<p><a href=\"http:\/\/www.graie.org\/Sipibel\/publications\/sipibel-synthese-effluentshospitaliersmedicaments-oct16.pdf\" target=\"_blank\" rel=\"noopener noreferrer\"><img decoding=\"async\" loading=\"lazy\" class=\"wp-image-3252 alignleft\" src=\"https:\/\/asso.graie.org\/portail\/wp-content\/uploads\/2017\/06\/SyntheseSIPIBEL.jpg\" alt=\"Synth\u00e8se SIPIBEL 2011-2015 : r\u00e9sultats de quatre ann\u00e9es de suivi, d\u2019\u00e9tudes et de recherches\" width=\"200\" height=\"282\" srcset=\"https:\/\/asso.graie.org\/portail\/wp-content\/uploads\/2017\/06\/SyntheseSIPIBEL.jpg 300w, https:\/\/asso.graie.org\/portail\/wp-content\/uploads\/2017\/06\/SyntheseSIPIBEL-213x300.jpg 213w\" sizes=\"(max-width: 200px) 100vw, 200px\" \/><\/a><\/p>\n\n\t\t<\/div>\n\t\n\n\n\n\t\t<div class=\"one_fourth tie-columns\"><a href=\"http:\/\/www.graie.org\/Sipibel\/publications\/sipibel-synthese-effluentshospitaliersmedicaments-oct16.pdf\" target=\"_blank\" rel=\"noopener noreferrer\">Synth\u00e8se SIPIBEL 2011-2015 : r\u00e9sultats de quatre ann\u00e9es de suivi, d&rsquo;\u00e9tudes et de recherches<\/a>\n\t\t<\/div>\n\t\n\n\n\n\t\t<div class=\"one_fourth tie-columns\">\n<p><a href=\"http:\/\/www.graie.org\/graie\/BaseDonneesTA\/Graie_EauxPluvialesTechniquesAlternatives_Observatoire.pdf\" target=\"_blank\" rel=\"noopener noreferrer\"><img decoding=\"async\" loading=\"lazy\" class=\"wp-image-3253 alignleft\" src=\"https:\/\/asso.graie.org\/portail\/wp-content\/uploads\/2017\/06\/ObservatoireTA.jpg\" alt=\"Observatoire r\u00e9gional des op\u00e9rations exemplaires pour la gestion des eaux pluviales\" width=\"200\" height=\"283\" srcset=\"https:\/\/asso.graie.org\/portail\/wp-content\/uploads\/2017\/06\/ObservatoireTA.jpg 300w, https:\/\/asso.graie.org\/portail\/wp-content\/uploads\/2017\/06\/ObservatoireTA-212x300.jpg 212w\" sizes=\"(max-width: 200px) 100vw, 200px\" \/><\/a><\/p>\n\n\t\t<\/div>\n\t\n\n\n\n\t\t<div class=\"one_fourth tie-columns last\"><a href=\"http:\/\/www.graie.org\/graie\/BaseDonneesTA\/Graie_EauxPluvialesTechniquesAlternatives_Observatoire.pdf\" target=\"_blank\" rel=\"noopener noreferrer\">Observatoire r\u00e9gional des op\u00e9rations exemplaires pour la gestion des eaux pluviales<\/a>\n\t\t<\/div>\n\t\t<div class=\"clearfix\"><\/div>\n\t\n\n\n\n<div style=\"height:40px\" aria-hidden=\"true\" class=\"wp-block-spacer\"><\/div>\n\n\n\n\t\t<div class=\"one_fourth tie-columns\">\n<p><img decoding=\"async\" loading=\"lazy\" class=\"alignnone wp-image-11683\" src=\"https:\/\/asso.graie.org\/portail\/wp-content\/uploads\/2018\/08\/1eredecouvREX.jpg\" alt=\"\" width=\"200\" height=\"283\" srcset=\"https:\/\/asso.graie.org\/portail\/wp-content\/uploads\/2018\/08\/1eredecouvREX.jpg 227w, https:\/\/asso.graie.org\/portail\/wp-content\/uploads\/2018\/08\/1eredecouvREX-212x300.jpg 212w\" sizes=\"(max-width: 200px) 100vw, 200px\" \/><\/p>\n\n\t\t<\/div>\n\t\n\n\n\n\t\t<div class=\"one_fourth tie-columns\"><a href=\"https:\/\/asso.graie.org\/portail\/recueil-de-retours-dexperiences-exemplaires-fleuves-et-grandes-rivieres\/\" target=\"_blank\" rel=\"noopener noreferrer\">Recueil de retours d&rsquo;exp\u00e9riences exemplaires men\u00e9es sur les fleuves et grandes rivi\u00e8res du bassin Rh\u00f4ne-M\u00e9diterran\u00e9e et d&rsquo;Auvergne-Rh\u00f4ne-Alpes<\/a>\n\t\t<\/div>\n\t\n\n\n\n\t\t<div class=\"one_fourth tie-columns\">\n<p><a href=\"http:\/\/www.graie.org\/graie\/graiedoc\/doc_telech\/brochure_RhonEco_restauration_ecologique.pdf\" target=\"_blank\" rel=\"noopener noreferrer\"><img decoding=\"async\" loading=\"lazy\" class=\"wp-image-3250 alignleft\" src=\"https:\/\/asso.graie.org\/portail\/wp-content\/uploads\/2017\/06\/RhonEco.jpg\" alt=\"Brochure Rh\u00f4nEco \u00ab Le suivi scientifique de la restauration hydraulique et \u00e9cologique du Rh\u00f4ne (2000-2015) \u2013 \u00c9valuer et comprendre pour mieux agir \u00bb\" width=\"200\" height=\"283\" srcset=\"https:\/\/asso.graie.org\/portail\/wp-content\/uploads\/2017\/06\/RhonEco.jpg 300w, https:\/\/asso.graie.org\/portail\/wp-content\/uploads\/2017\/06\/RhonEco-212x300.jpg 212w\" sizes=\"(max-width: 200px) 100vw, 200px\" \/><\/a><\/p>\n\n\t\t<\/div>\n\t\n\n\n\n\t\t<div class=\"one_fourth tie-columns last\"><a href=\"http:\/\/www.graie.org\/graie\/graiedoc\/doc_telech\/brochure_RhonEco_restauration_ecologique.pdf\" target=\"_blank\" rel=\"noopener noreferrer\">Brochure Rh\u00f4nEco \u00ab&nbsp;Le suivi scientifique de la restauration hydraulique et \u00e9cologique du Rh\u00f4ne (2000-2015) &#8211; \u00c9valuer et comprendre pour mieux agir&nbsp;\u00bb<\/a>\n\t\t<\/div>\n\t\t<div class=\"clearfix\"><\/div>\n\t\n\n\n\n<div style=\"height:40px\" aria-hidden=\"true\" class=\"wp-block-spacer\"><\/div>\n\n\n\n\t\t<div class=\"one_fourth tie-columns\">\n<p><a href=\"http:\/\/www.graie.org\/graie\/graiedoc\/reseaux\/autosurv\/GRAIE-guideAutosurveillance-2016web.pdf\" target=\"_blank\" rel=\"noopener noreferrer\"><img decoding=\"async\" loading=\"lazy\" class=\"wp-image-3248 alignleft\" src=\"https:\/\/asso.graie.org\/portail\/wp-content\/uploads\/2017\/06\/GuideAutosurv.jpg\" alt=\"Guide sur l\u2019autosurveillance des r\u00e9seaux d\u2019assainissement \u2013 Outils &amp; recommandations\" width=\"200\" height=\"283\" srcset=\"https:\/\/asso.graie.org\/portail\/wp-content\/uploads\/2017\/06\/GuideAutosurv.jpg 300w, https:\/\/asso.graie.org\/portail\/wp-content\/uploads\/2017\/06\/GuideAutosurv-212x300.jpg 212w\" sizes=\"(max-width: 200px) 100vw, 200px\" \/><\/a><\/p>\n\n\t\t<\/div>\n\t\n\n\n\n\t\t<div class=\"one_fourth tie-columns\"><a href=\"http:\/\/www.graie.org\/graie\/graiedoc\/reseaux\/autosurv\/GRAIE-guideAutosurveillance-2016web.pdf\" target=\"_blank\" rel=\"noopener noreferrer\">Guide sur l&rsquo;autosurveillance des r\u00e9seaux d&rsquo;assainissement &#8211; Outils &amp; recommandations<\/a>\n\t\t<\/div>\n\t\n\n\n\n\t\t<div class=\"one_fourth tie-columns\">\n<p><a href=\"http:\/\/www.graie.org\/graie\/graiedoc\/reseaux\/Racco\/racc-outil-graie-rejetsetablissementsante.pdf\" target=\"_blank\" rel=\"noopener noreferrer\"><img decoding=\"async\" loading=\"lazy\" class=\"wp-image-3249 alignleft\" src=\"https:\/\/asso.graie.org\/portail\/wp-content\/uploads\/2017\/06\/NoteGestionEffluents.jpg\" alt=\"Note technique \u00ab La gestion des effluents d\u2019un \u00e9tablissement de sant\u00e9 : principe de la d\u00e9marche et pr\u00e9conisations sur le suivi des rejets \u00bb\" width=\"200\" height=\"284\" srcset=\"https:\/\/asso.graie.org\/portail\/wp-content\/uploads\/2017\/06\/NoteGestionEffluents.jpg 300w, https:\/\/asso.graie.org\/portail\/wp-content\/uploads\/2017\/06\/NoteGestionEffluents-211x300.jpg 211w\" sizes=\"(max-width: 200px) 100vw, 200px\" \/><\/a><\/p>\n\n\t\t<\/div>\n\t\n\n\n\n\t\t<div class=\"one_fourth tie-columns last\"><a href=\"http:\/\/www.graie.org\/graie\/graiedoc\/reseaux\/Racco\/racc-outil-graie-rejetsetablissementsante.pdf\" target=\"_blank\" rel=\"noopener noreferrer\">Note technique \u00ab&nbsp;La gestion des effluents d&rsquo;un \u00e9tablissement de sant\u00e9 : principe de la d\u00e9marche et pr\u00e9conisations sur le suivi des rejets&nbsp;\u00bb<\/a>\n\t\t<\/div>\n\t\t<div class=\"clearfix\"><\/div>\n\t\n\n\n\n<div style=\"height:40px\" aria-hidden=\"true\" class=\"wp-block-spacer\"><\/div>\n","protected":false},"excerpt":{"rendered":"<p>Le Graie, v\u00e9ritable acteur de la production de documents cl\u00e9s Le Graie publie des ressources techniques et scientifiques sur ses 3 th\u00e9matiques phares&nbsp;: Eau et sant\u00e9, Eau dans la ville, Milieux aquatiques. Synth\u00e8ses de conf\u00e9rence, actes, fiches techniques, brochures, guides &hellip;<\/p>\n","protected":false},"author":1,"featured_media":0,"parent":1094,"menu_order":0,"comment_status":"closed","ping_status":"closed","template":"","meta":{"_mi_skip_tracking":false,"footnotes":""},"acf":[],"yoast_head":"<!-- This site is optimized with the Yoast SEO plugin v19.13 - https:\/\/yoast.com\/wordpress\/plugins\/seo\/ -->\n<title>Publications et ressources | Le Graie<\/title>\n<meta name=\"description\" content=\"Le Graie publie des ressources techniques et scientifiques sur ces 4 th\u00e9matiques : Eau et sant\u00e9, Eau dans la ville, Milieux aquatiques et Assainissement.\" \/>\n<meta name=\"robots\" content=\"index, follow, max-snippet:-1, max-image-preview:large, max-video-preview:-1\" \/>\n<link rel=\"canonical\" href=\"https:\/\/asso.graie.org\/portail\/diffusion\/nos-publications\/\" \/>\n<meta property=\"og:locale\" content=\"fr_FR\" \/>\n<meta property=\"og:type\" content=\"article\" \/>\n<meta property=\"og:title\" content=\"Publications et ressources | Le Graie\" \/>\n<meta property=\"og:description\" content=\"Le Graie publie des ressources techniques et scientifiques sur ces 4 th\u00e9matiques : Eau et sant\u00e9, Eau dans la ville, Milieux aquatiques et Assainissement.\" \/>\n<meta property=\"og:url\" content=\"https:\/\/asso.graie.org\/portail\/diffusion\/nos-publications\/\" \/>\n<meta property=\"og:site_name\" content=\"Graie\" \/>\n<meta property=\"article:modified_time\" content=\"2023-10-09T08:34:36+00:00\" \/>\n<meta property=\"og:image\" content=\"https:\/\/asso.graie.org\/portail\/wp-content\/uploads\/2022\/10\/Micro_polluant_dossier_couv-726x1024.png\" \/>\n<meta name=\"twitter:card\" content=\"summary_large_image\" \/>\n<meta name=\"twitter:site\" content=\"@asso_graie\" \/>\n<meta name=\"twitter:label1\" content=\"Dur\u00e9e de lecture estim\u00e9e\" \/>\n\t<meta name=\"twitter:data1\" content=\"4 minutes\" \/>\n<script type=\"application\/ld+json\" class=\"yoast-schema-graph\">{\"@context\":\"https:\/\/schema.org\",\"@graph\":[{\"@type\":\"WebPage\",\"@id\":\"https:\/\/asso.graie.org\/portail\/diffusion\/nos-publications\/\",\"url\":\"https:\/\/asso.graie.org\/portail\/diffusion\/nos-publications\/\",\"name\":\"Publications et ressources | Le Graie\",\"isPartOf\":{\"@id\":\"https:\/\/asso.graie.org\/portail\/#website\"},\"datePublished\":\"2017-06-30T07:04:23+00:00\",\"dateModified\":\"2023-10-09T08:34:36+00:00\",\"description\":\"Le Graie publie des ressources techniques et scientifiques sur ces 4 th\u00e9matiques : Eau et sant\u00e9, Eau dans la ville, Milieux aquatiques et Assainissement.\",\"breadcrumb\":{\"@id\":\"https:\/\/asso.graie.org\/portail\/diffusion\/nos-publications\/#breadcrumb\"},\"inLanguage\":\"fr-FR\",\"potentialAction\":[{\"@type\":\"ReadAction\",\"target\":[\"https:\/\/asso.graie.org\/portail\/diffusion\/nos-publications\/\"]}]},{\"@type\":\"BreadcrumbList\",\"@id\":\"https:\/\/asso.graie.org\/portail\/diffusion\/nos-publications\/#breadcrumb\",\"itemListElement\":[{\"@type\":\"ListItem\",\"position\":1,\"name\":\"Accueil\",\"item\":\"https:\/\/asso.graie.org\/portail\/\"},{\"@type\":\"ListItem\",\"position\":2,\"name\":\"Diffusion\",\"item\":\"https:\/\/asso.graie.org\/portail\/diffusion\/\"},{\"@type\":\"ListItem\",\"position\":3,\"name\":\"Publications et ressources\"}]},{\"@type\":\"WebSite\",\"@id\":\"https:\/\/asso.graie.org\/portail\/#website\",\"url\":\"https:\/\/asso.graie.org\/portail\/\",\"name\":\"Graie\",\"description\":\"P\u00f4le Eau et Territoires\",\"publisher\":{\"@id\":\"https:\/\/asso.graie.org\/portail\/#organization\"},\"potentialAction\":[{\"@type\":\"SearchAction\",\"target\":{\"@type\":\"EntryPoint\",\"urlTemplate\":\"https:\/\/asso.graie.org\/portail\/?s={search_term_string}\"},\"query-input\":\"required name=search_term_string\"}],\"inLanguage\":\"fr-FR\"},{\"@type\":\"Organization\",\"@id\":\"https:\/\/asso.graie.org\/portail\/#organization\",\"name\":\"Le Graie\",\"url\":\"https:\/\/asso.graie.org\/portail\/\",\"logo\":{\"@type\":\"ImageObject\",\"inLanguage\":\"fr-FR\",\"@id\":\"https:\/\/asso.graie.org\/portail\/#\/schema\/logo\/image\/\",\"url\":\"https:\/\/asso.graie.org\/portail\/wp-content\/uploads\/2021\/12\/Logotype-Graie.png\",\"contentUrl\":\"https:\/\/asso.graie.org\/portail\/wp-content\/uploads\/2021\/12\/Logotype-Graie.png\",\"width\":1890,\"height\":1181,\"caption\":\"Le Graie\"},\"image\":{\"@id\":\"https:\/\/asso.graie.org\/portail\/#\/schema\/logo\/image\/\"},\"sameAs\":[\"https:\/\/fr.linkedin.com\/company\/graie?trk=top_nav_home\",\"https:\/\/www.youtube.com\/channel\/UCZQk0Tt7upYwERYNdDIZqLQ\",\"https:\/\/twitter.com\/asso_graie\"]}]}<\/script>\n<!-- \/ Yoast SEO plugin. -->","yoast_head_json":{"title":"Publications et ressources | Le Graie","description":"Le Graie publie des ressources techniques et scientifiques sur ces 4 th\u00e9matiques : Eau et sant\u00e9, Eau dans la ville, Milieux aquatiques et Assainissement.","robots":{"index":"index","follow":"follow","max-snippet":"max-snippet:-1","max-image-preview":"max-image-preview:large","max-video-preview":"max-video-preview:-1"},"canonical":"https:\/\/asso.graie.org\/portail\/diffusion\/nos-publications\/","og_locale":"fr_FR","og_type":"article","og_title":"Publications et ressources | Le Graie","og_description":"Le Graie publie des ressources techniques et scientifiques sur ces 4 th\u00e9matiques : Eau et sant\u00e9, Eau dans la ville, Milieux aquatiques et Assainissement.","og_url":"https:\/\/asso.graie.org\/portail\/diffusion\/nos-publications\/","og_site_name":"Graie","article_modified_time":"2023-10-09T08:34:36+00:00","og_image":[{"url":"https:\/\/asso.graie.org\/portail\/wp-content\/uploads\/2022\/10\/Micro_polluant_dossier_couv-726x1024.png"}],"twitter_card":"summary_large_image","twitter_site":"@asso_graie","twitter_misc":{"Dur\u00e9e de lecture estim\u00e9e":"4 minutes"},"schema":{"@context":"https:\/\/schema.org","@graph":[{"@type":"WebPage","@id":"https:\/\/asso.graie.org\/portail\/diffusion\/nos-publications\/","url":"https:\/\/asso.graie.org\/portail\/diffusion\/nos-publications\/","name":"Publications et ressources | Le Graie","isPartOf":{"@id":"https:\/\/asso.graie.org\/portail\/#website"},"datePublished":"2017-06-30T07:04:23+00:00","dateModified":"2023-10-09T08:34:36+00:00","description":"Le Graie publie des ressources techniques et scientifiques sur ces 4 th\u00e9matiques : Eau et sant\u00e9, Eau dans la ville, Milieux aquatiques et Assainissement.","breadcrumb":{"@id":"https:\/\/asso.graie.org\/portail\/diffusion\/nos-publications\/#breadcrumb"},"inLanguage":"fr-FR","potentialAction":[{"@type":"ReadAction","target":["https:\/\/asso.graie.org\/portail\/diffusion\/nos-publications\/"]}]},{"@type":"BreadcrumbList","@id":"https:\/\/asso.graie.org\/portail\/diffusion\/nos-publications\/#breadcrumb","itemListElement":[{"@type":"ListItem","position":1,"name":"Accueil","item":"https:\/\/asso.graie.org\/portail\/"},{"@type":"ListItem","position":2,"name":"Diffusion","item":"https:\/\/asso.graie.org\/portail\/diffusion\/"},{"@type":"ListItem","position":3,"name":"Publications et ressources"}]},{"@type":"WebSite","@id":"https:\/\/asso.graie.org\/portail\/#website","url":"https:\/\/asso.graie.org\/portail\/","name":"Graie","description":"P\u00f4le Eau et Territoires","publisher":{"@id":"https:\/\/asso.graie.org\/portail\/#organization"},"potentialAction":[{"@type":"SearchAction","target":{"@type":"EntryPoint","urlTemplate":"https:\/\/asso.graie.org\/portail\/?s={search_term_string}"},"query-input":"required name=search_term_string"}],"inLanguage":"fr-FR"},{"@type":"Organization","@id":"https:\/\/asso.graie.org\/portail\/#organization","name":"Le Graie","url":"https:\/\/asso.graie.org\/portail\/","logo":{"@type":"ImageObject","inLanguage":"fr-FR","@id":"https:\/\/asso.graie.org\/portail\/#\/schema\/logo\/image\/","url":"https:\/\/asso.graie.org\/portail\/wp-content\/uploads\/2021\/12\/Logotype-Graie.png","contentUrl":"https:\/\/asso.graie.org\/portail\/wp-content\/uploads\/2021\/12\/Logotype-Graie.png","width":1890,"height":1181,"caption":"Le Graie"},"image":{"@id":"https:\/\/asso.graie.org\/portail\/#\/schema\/logo\/image\/"},"sameAs":["https:\/\/fr.linkedin.com\/company\/graie?trk=top_nav_home","https:\/\/www.youtube.com\/channel\/UCZQk0Tt7upYwERYNdDIZqLQ","https:\/\/twitter.com\/asso_graie"]}]}},"_links":{"self":[{"href":"https:\/\/asso.graie.org\/portail\/wp-json\/wp\/v2\/pages\/1217"}],"collection":[{"href":"https:\/\/asso.graie.org\/portail\/wp-json\/wp\/v2\/pages"}],"about":[{"href":"https:\/\/asso.graie.org\/portail\/wp-json\/wp\/v2\/types\/page"}],"author":[{"embeddable":true,"href":"https:\/\/asso.graie.org\/portail\/wp-json\/wp\/v2\/users\/1"}],"replies":[{"embeddable":true,"href":"https:\/\/asso.graie.org\/portail\/wp-json\/wp\/v2\/comments?post=1217"}],"version-history":[{"count":16,"href":"https:\/\/asso.graie.org\/portail\/wp-json\/wp\/v2\/pages\/1217\/revisions"}],"predecessor-version":[{"id":24462,"href":"https:\/\/asso.graie.org\/portail\/wp-json\/wp\/v2\/pages\/1217\/revisions\/24462"}],"up":[{"embeddable":true,"href":"https:\/\/asso.graie.org\/portail\/wp-json\/wp\/v2\/pages\/1094"}],"wp:attachment":[{"href":"https:\/\/asso.graie.org\/portail\/wp-json\/wp\/v2\/media?parent=1217"}],"curies":[{"name":"wp","href":"https:\/\/api.w.org\/{rel}","templated":true}]}}