{"id":1219,"date":"2017-06-30T09:04:36","date_gmt":"2017-06-30T07:04:36","guid":{"rendered":"https:\/\/asso.graie.org\/portail\/?page_id=1219"},"modified":"2022-10-06T13:55:39","modified_gmt":"2022-10-06T11:55:39","slug":"nos-supports-de-sensibilisation","status":"publish","type":"page","link":"https:\/\/asso.graie.org\/portail\/diffusion\/nos-supports-de-sensibilisation\/","title":{"rendered":"Nos supports de sensibilisation"},"content":{"rendered":"\n<p>Ces derni\u00e8res ann\u00e9es, le Graie a travaill\u00e9 sur deux projets de sensibilisation \u00e0 destination du grand public&nbsp;: M\u00e9li M\u00e9lo et M\u00e9dicaments dans l\u2019eau. Tous deux constitu\u00e9s d\u2019un ensemble de ressources&nbsp;: vid\u00e9os, synth\u00e8ses et illustrations, ils sont libres de droit et t\u00e9l\u00e9chargeables directement en ligne. \u00c0 utiliser sans mod\u00e9ration&nbsp;!<\/p>\n\n\n\n<div style=\"height:40px\" aria-hidden=\"true\" class=\"wp-block-spacer\"><\/div>\n\n\n\n<h2 class=\"wp-block-heading\"><strong>M\u00e9li M\u00e9lo &#8211; d\u00e9m\u00ealons les fils de l\u2019eau<\/strong><\/h2>\n\n\n\n<div style=\"height:20px\" aria-hidden=\"true\" class=\"wp-block-spacer\"><\/div>\n\n\n\n<div class=\"wp-block-image\"><figure class=\"alignleft\"><img decoding=\"async\" loading=\"lazy\" width=\"195\" height=\"65\" src=\"https:\/\/asso.graie.org\/portail\/wp-content\/uploads\/2017\/06\/LogoMeliMelo.png\" alt=\"Logo M\u00e9li M\u00e9lo d\u00e9m\u00ealons les fils de l'eau\" class=\"wp-image-3227\"\/><\/figure><\/div>\n\n\n\n<p>M\u00e9li M\u00e9lo est un projet multim\u00e9dia qui aborde avec humour de vraies questions sur l&rsquo;eau. Il propose une<strong> webs\u00e9rie<\/strong> dr\u00f4le et d\u00e9cal\u00e9e de 16 \u00e9pisodes avec la participation de Jacques Chambon et Franck Pitiot &#8211; les acteurs de Merlin et Perceval dans la s\u00e9rie \u00e0 succ\u00e8s Kaamelott &#8211; des<strong> illustrations humoristiques et p\u00e9dagogiques<\/strong>, des <strong>documents de synth\u00e8ses<\/strong> valid\u00e9s scientifiquement et institutionnellement. D\u00e9couvrez <a href=\"https:\/\/www.youtube.com\/channel\/UC1d7c7zKPDUOJak44TGNhvA\" target=\"_blank\" rel=\"noopener\">la cha\u00eene YouTube M\u00e9li M\u00e9lo.<\/a><\/p>\n\n\n\n<div style=\"height:40px\" aria-hidden=\"true\" class=\"wp-block-spacer\"><\/div>\n\n\n\n<p><strong>Connaitre les enjeux et les difficult\u00e9s li\u00e9es \u00e0 la gestion de l\u2019eau<\/strong><\/p>\n\n\n\n<div style=\"height:20px\" aria-hidden=\"true\" class=\"wp-block-spacer\"><\/div>\n\n\n\n<p>Beaucoup de fran\u00e7ais pensent que les eaux us\u00e9es sont recycl\u00e9es pour produire de l\u2019eau potable&nbsp;; que couper l\u2019eau du robinet lorsqu\u2019ils se lavent les dents est bon pour leur plan\u00e8te&nbsp;; que les barrages produisent une \u00e9nergie propre et que les digues les prot\u00e8gent des inondations. Et si toutes ces id\u00e9es \u00e9taient fausses, ou en tout cas pas suffisamment vraies pour conduire \u00e0 des comportements adapt\u00e9s&nbsp;? Et si les vrais enjeux \u00e9taient ailleurs&nbsp;? Et si des solutions plus efficaces existaient en posant autrement les probl\u00e8mes&nbsp;?<\/p>\n\n\n\n<div style=\"height:20px\" aria-hidden=\"true\" class=\"wp-block-spacer\"><\/div>\n\n\n<a href=\"http:\/\/www.graie.org\/eaumelimelo\/\" target=\"_blank\" class=\"shortc-button medium blue \"><span class=\"fa  fa-plus-circle \" aria-hidden=\"true\"><\/span> Acc\u00e9der au site internet M\u00e9li M\u00e9lo<\/a>\n\n\n\n<div style=\"height:38px\" aria-hidden=\"true\" class=\"wp-block-spacer\"><\/div>\n\n\n\n<hr class=\"wp-block-separator\"\/>\n\n\n\n<div style=\"height:38px\" aria-hidden=\"true\" class=\"wp-block-spacer\"><\/div>\n\n\n\n<h2 class=\"wp-block-heading\"><strong>M\u00e9dicaments dans l\u2019eau &#8211; les bonnes questions \u00e0 se poser<\/strong><\/h2>\n\n\n\n<div style=\"height:22px\" aria-hidden=\"true\" class=\"wp-block-spacer\"><\/div>\n\n\n\n<div class=\"wp-block-image\"><figure class=\"alignleft\"><img decoding=\"async\" src=\"https:\/\/asso.graie.org\/portail\/wp-content\/uploads\/2017\/06\/LogoMedicaments-dans-leau.png\" alt=\"Logo M\u00e9dicaments dans l'eau - les bonnes questions \u00e0 se poser\" class=\"wp-image-3232\"\/><\/figure><\/div>\n\n\n\n<p><strong>www.medicamentsdansleau.org<\/strong> est un projet p\u00e9dagogique pour sensibiliser et amorcer le changement des pratiques sur la question des m\u00e9dicaments dans l\u2019eau.<\/p>\n\n\n\n<div style=\"height:33px\" aria-hidden=\"true\" class=\"wp-block-spacer\"><\/div>\n\n\n\n<p><strong>Une d\u00e9marche p\u00e9dagogique sur une th\u00e9matique \u00e9mergente<\/strong><\/p>\n\n\n\n<div style=\"height:22px\" aria-hidden=\"true\" class=\"wp-block-spacer\"><\/div>\n\n\n\n<p>L&rsquo;ambition de ce projet, construit collectivement avec des professionnels de la sant\u00e9, des professionnels de l\u2019eau, des \u00e9lus et des habitants, a \u00e9t\u00e9 de b\u00e2tir les messages \u00e0 faire passer autour de la question des m\u00e9dicaments dans l&rsquo;eau, tout en l&rsquo;associant \u00e0 des probl\u00e9matiques plus larges d\u2019environnement (micropolluants), de sant\u00e9 publique et de gestion optimis\u00e9e des m\u00e9dicaments.<\/p>\n\n\n\n<div style=\"height:22px\" aria-hidden=\"true\" class=\"wp-block-spacer\"><\/div>\n\n\n\n<ol><li>Comment expliquer la probl\u00e9matique des m\u00e9dicaments dans l&rsquo;eau et les leviers ?<\/li><li>Comment faire \u00e9voluer nos pratiques pour limiter les rejets dans l&rsquo;environnement ?<\/li><\/ol>\n\n\n\n<div style=\"height:34px\" aria-hidden=\"true\" class=\"wp-block-spacer\"><\/div>\n\n\n\n<p><strong>Deux kits pour comprendre et agir<\/strong><\/p>\n\n\n\n<div style=\"height:23px\" aria-hidden=\"true\" class=\"wp-block-spacer\"><\/div>\n\n\n\n<p>Des supports p\u00e9dagogiques, sous forme de vid\u00e9os dessin\u00e9es, ont \u00e9t\u00e9 r\u00e9alis\u00e9s. Ils apportent un message succinct et structur\u00e9 adapt\u00e9 \u00e0 diff\u00e9rentes cibles. Ces vid\u00e9os sont compl\u00e9t\u00e9es de ressources documentaires. D\u00e9couvrez<a href=\"https:\/\/www.youtube.com\/channel\/UCZQk0Tt7upYwERYNdDIZqLQ\" target=\"_blank\" rel=\"noopener\"> les vid\u00e9os dessin\u00e9es sur YouTube<\/a>.<\/p>\n\n\n\n<div style=\"height:23px\" aria-hidden=\"true\" class=\"wp-block-spacer\"><\/div>\n\n\n<a href=\"http:\/\/www.graie.org\/mediates\/index.html\" target=\"_blank\" class=\"shortc-button medium blue \"><span class=\"fa  fa-plus-circle \" aria-hidden=\"true\"><\/span> Acc\u00e9der au site internet M\u00e9dicaments dans l&rsquo;eau<\/a>\n","protected":false},"excerpt":{"rendered":"<p>Ces derni\u00e8res ann\u00e9es, le Graie a travaill\u00e9 sur deux projets de sensibilisation \u00e0 destination du grand public&nbsp;: M\u00e9li M\u00e9lo et M\u00e9dicaments dans l\u2019eau. Tous deux constitu\u00e9s d\u2019un ensemble de ressources&nbsp;: vid\u00e9os, synth\u00e8ses et illustrations, ils sont libres de droit et &hellip;<\/p>\n","protected":false},"author":1,"featured_media":0,"parent":1094,"menu_order":0,"comment_status":"closed","ping_status":"closed","template":"","meta":{"_mi_skip_tracking":false,"footnotes":""},"acf":[],"yoast_head":"<!-- This site is optimized with the Yoast SEO plugin v19.13 - https:\/\/yoast.com\/wordpress\/plugins\/seo\/ -->\n<title>Nos supports de sensibilisation | Le Graie<\/title>\n<meta name=\"description\" content=\"Ces derni\u00e8res ann\u00e9es, le Graie a travaill\u00e9 sur deux projets de sensibilisation \u00e0 destination du grand public\u00a0: M\u00e9li M\u00e9lo et M\u00e9dicaments dans l\u2019eau.\" \/>\n<meta name=\"robots\" content=\"index, follow, max-snippet:-1, max-image-preview:large, max-video-preview:-1\" \/>\n<link rel=\"canonical\" href=\"https:\/\/asso.graie.org\/portail\/diffusion\/nos-supports-de-sensibilisation\/\" \/>\n<meta property=\"og:locale\" content=\"fr_FR\" \/>\n<meta property=\"og:type\" content=\"article\" \/>\n<meta property=\"og:title\" content=\"Nos supports de sensibilisation | Le Graie\" \/>\n<meta property=\"og:description\" content=\"Ces derni\u00e8res ann\u00e9es, le Graie a travaill\u00e9 sur deux projets de sensibilisation \u00e0 destination du grand public\u00a0: M\u00e9li M\u00e9lo et M\u00e9dicaments dans l\u2019eau.\" \/>\n<meta property=\"og:url\" content=\"https:\/\/asso.graie.org\/portail\/diffusion\/nos-supports-de-sensibilisation\/\" \/>\n<meta property=\"og:site_name\" content=\"Graie\" \/>\n<meta property=\"article:modified_time\" content=\"2022-10-06T11:55:39+00:00\" \/>\n<meta property=\"og:image\" content=\"https:\/\/asso.graie.org\/portail\/wp-content\/uploads\/2017\/06\/LogoMeliMelo.png\" \/>\n<meta name=\"twitter:card\" content=\"summary_large_image\" \/>\n<meta name=\"twitter:site\" content=\"@asso_graie\" \/>\n<meta name=\"twitter:label1\" content=\"Dur\u00e9e de lecture estim\u00e9e\" \/>\n\t<meta name=\"twitter:data1\" content=\"3 minutes\" \/>\n<script type=\"application\/ld+json\" class=\"yoast-schema-graph\">{\"@context\":\"https:\/\/schema.org\",\"@graph\":[{\"@type\":\"WebPage\",\"@id\":\"https:\/\/asso.graie.org\/portail\/diffusion\/nos-supports-de-sensibilisation\/\",\"url\":\"https:\/\/asso.graie.org\/portail\/diffusion\/nos-supports-de-sensibilisation\/\",\"name\":\"Nos supports de sensibilisation | Le Graie\",\"isPartOf\":{\"@id\":\"https:\/\/asso.graie.org\/portail\/#website\"},\"datePublished\":\"2017-06-30T07:04:36+00:00\",\"dateModified\":\"2022-10-06T11:55:39+00:00\",\"description\":\"Ces derni\u00e8res ann\u00e9es, le Graie a travaill\u00e9 sur deux projets de sensibilisation \u00e0 destination du grand public\u00a0: M\u00e9li M\u00e9lo et M\u00e9dicaments dans l\u2019eau.\",\"breadcrumb\":{\"@id\":\"https:\/\/asso.graie.org\/portail\/diffusion\/nos-supports-de-sensibilisation\/#breadcrumb\"},\"inLanguage\":\"fr-FR\",\"potentialAction\":[{\"@type\":\"ReadAction\",\"target\":[\"https:\/\/asso.graie.org\/portail\/diffusion\/nos-supports-de-sensibilisation\/\"]}]},{\"@type\":\"BreadcrumbList\",\"@id\":\"https:\/\/asso.graie.org\/portail\/diffusion\/nos-supports-de-sensibilisation\/#breadcrumb\",\"itemListElement\":[{\"@type\":\"ListItem\",\"position\":1,\"name\":\"Accueil\",\"item\":\"https:\/\/asso.graie.org\/portail\/\"},{\"@type\":\"ListItem\",\"position\":2,\"name\":\"Diffusion\",\"item\":\"https:\/\/asso.graie.org\/portail\/diffusion\/\"},{\"@type\":\"ListItem\",\"position\":3,\"name\":\"Nos supports de sensibilisation\"}]},{\"@type\":\"WebSite\",\"@id\":\"https:\/\/asso.graie.org\/portail\/#website\",\"url\":\"https:\/\/asso.graie.org\/portail\/\",\"name\":\"Graie\",\"description\":\"P\u00f4le Eau et Territoires\",\"publisher\":{\"@id\":\"https:\/\/asso.graie.org\/portail\/#organization\"},\"potentialAction\":[{\"@type\":\"SearchAction\",\"target\":{\"@type\":\"EntryPoint\",\"urlTemplate\":\"https:\/\/asso.graie.org\/portail\/?s={search_term_string}\"},\"query-input\":\"required name=search_term_string\"}],\"inLanguage\":\"fr-FR\"},{\"@type\":\"Organization\",\"@id\":\"https:\/\/asso.graie.org\/portail\/#organization\",\"name\":\"Le Graie\",\"url\":\"https:\/\/asso.graie.org\/portail\/\",\"logo\":{\"@type\":\"ImageObject\",\"inLanguage\":\"fr-FR\",\"@id\":\"https:\/\/asso.graie.org\/portail\/#\/schema\/logo\/image\/\",\"url\":\"https:\/\/asso.graie.org\/portail\/wp-content\/uploads\/2021\/12\/Logotype-Graie.png\",\"contentUrl\":\"https:\/\/asso.graie.org\/portail\/wp-content\/uploads\/2021\/12\/Logotype-Graie.png\",\"width\":1890,\"height\":1181,\"caption\":\"Le Graie\"},\"image\":{\"@id\":\"https:\/\/asso.graie.org\/portail\/#\/schema\/logo\/image\/\"},\"sameAs\":[\"https:\/\/fr.linkedin.com\/company\/graie?trk=top_nav_home\",\"https:\/\/www.youtube.com\/channel\/UCZQk0Tt7upYwERYNdDIZqLQ\",\"https:\/\/twitter.com\/asso_graie\"]}]}<\/script>\n<!-- \/ Yoast SEO plugin. -->","yoast_head_json":{"title":"Nos supports de sensibilisation | Le Graie","description":"Ces derni\u00e8res ann\u00e9es, le Graie a travaill\u00e9 sur deux projets de sensibilisation \u00e0 destination du grand public\u00a0: M\u00e9li M\u00e9lo et M\u00e9dicaments dans l\u2019eau.","robots":{"index":"index","follow":"follow","max-snippet":"max-snippet:-1","max-image-preview":"max-image-preview:large","max-video-preview":"max-video-preview:-1"},"canonical":"https:\/\/asso.graie.org\/portail\/diffusion\/nos-supports-de-sensibilisation\/","og_locale":"fr_FR","og_type":"article","og_title":"Nos supports de sensibilisation | Le Graie","og_description":"Ces derni\u00e8res ann\u00e9es, le Graie a travaill\u00e9 sur deux projets de sensibilisation \u00e0 destination du grand public\u00a0: M\u00e9li M\u00e9lo et M\u00e9dicaments dans l\u2019eau.","og_url":"https:\/\/asso.graie.org\/portail\/diffusion\/nos-supports-de-sensibilisation\/","og_site_name":"Graie","article_modified_time":"2022-10-06T11:55:39+00:00","og_image":[{"url":"https:\/\/asso.graie.org\/portail\/wp-content\/uploads\/2017\/06\/LogoMeliMelo.png"}],"twitter_card":"summary_large_image","twitter_site":"@asso_graie","twitter_misc":{"Dur\u00e9e de lecture estim\u00e9e":"3 minutes"},"schema":{"@context":"https:\/\/schema.org","@graph":[{"@type":"WebPage","@id":"https:\/\/asso.graie.org\/portail\/diffusion\/nos-supports-de-sensibilisation\/","url":"https:\/\/asso.graie.org\/portail\/diffusion\/nos-supports-de-sensibilisation\/","name":"Nos supports de sensibilisation | Le Graie","isPartOf":{"@id":"https:\/\/asso.graie.org\/portail\/#website"},"datePublished":"2017-06-30T07:04:36+00:00","dateModified":"2022-10-06T11:55:39+00:00","description":"Ces derni\u00e8res ann\u00e9es, le Graie a travaill\u00e9 sur deux projets de sensibilisation \u00e0 destination du grand public\u00a0: M\u00e9li M\u00e9lo et M\u00e9dicaments dans l\u2019eau.","breadcrumb":{"@id":"https:\/\/asso.graie.org\/portail\/diffusion\/nos-supports-de-sensibilisation\/#breadcrumb"},"inLanguage":"fr-FR","potentialAction":[{"@type":"ReadAction","target":["https:\/\/asso.graie.org\/portail\/diffusion\/nos-supports-de-sensibilisation\/"]}]},{"@type":"BreadcrumbList","@id":"https:\/\/asso.graie.org\/portail\/diffusion\/nos-supports-de-sensibilisation\/#breadcrumb","itemListElement":[{"@type":"ListItem","position":1,"name":"Accueil","item":"https:\/\/asso.graie.org\/portail\/"},{"@type":"ListItem","position":2,"name":"Diffusion","item":"https:\/\/asso.graie.org\/portail\/diffusion\/"},{"@type":"ListItem","position":3,"name":"Nos supports de sensibilisation"}]},{"@type":"WebSite","@id":"https:\/\/asso.graie.org\/portail\/#website","url":"https:\/\/asso.graie.org\/portail\/","name":"Graie","description":"P\u00f4le Eau et Territoires","publisher":{"@id":"https:\/\/asso.graie.org\/portail\/#organization"},"potentialAction":[{"@type":"SearchAction","target":{"@type":"EntryPoint","urlTemplate":"https:\/\/asso.graie.org\/portail\/?s={search_term_string}"},"query-input":"required name=search_term_string"}],"inLanguage":"fr-FR"},{"@type":"Organization","@id":"https:\/\/asso.graie.org\/portail\/#organization","name":"Le Graie","url":"https:\/\/asso.graie.org\/portail\/","logo":{"@type":"ImageObject","inLanguage":"fr-FR","@id":"https:\/\/asso.graie.org\/portail\/#\/schema\/logo\/image\/","url":"https:\/\/asso.graie.org\/portail\/wp-content\/uploads\/2021\/12\/Logotype-Graie.png","contentUrl":"https:\/\/asso.graie.org\/portail\/wp-content\/uploads\/2021\/12\/Logotype-Graie.png","width":1890,"height":1181,"caption":"Le Graie"},"image":{"@id":"https:\/\/asso.graie.org\/portail\/#\/schema\/logo\/image\/"},"sameAs":["https:\/\/fr.linkedin.com\/company\/graie?trk=top_nav_home","https:\/\/www.youtube.com\/channel\/UCZQk0Tt7upYwERYNdDIZqLQ","https:\/\/twitter.com\/asso_graie"]}]}},"_links":{"self":[{"href":"https:\/\/asso.graie.org\/portail\/wp-json\/wp\/v2\/pages\/1219"}],"collection":[{"href":"https:\/\/asso.graie.org\/portail\/wp-json\/wp\/v2\/pages"}],"about":[{"href":"https:\/\/asso.graie.org\/portail\/wp-json\/wp\/v2\/types\/page"}],"author":[{"embeddable":true,"href":"https:\/\/asso.graie.org\/portail\/wp-json\/wp\/v2\/users\/1"}],"replies":[{"embeddable":true,"href":"https:\/\/asso.graie.org\/portail\/wp-json\/wp\/v2\/comments?post=1219"}],"version-history":[{"count":3,"href":"https:\/\/asso.graie.org\/portail\/wp-json\/wp\/v2\/pages\/1219\/revisions"}],"predecessor-version":[{"id":21707,"href":"https:\/\/asso.graie.org\/portail\/wp-json\/wp\/v2\/pages\/1219\/revisions\/21707"}],"up":[{"embeddable":true,"href":"https:\/\/asso.graie.org\/portail\/wp-json\/wp\/v2\/pages\/1094"}],"wp:attachment":[{"href":"https:\/\/asso.graie.org\/portail\/wp-json\/wp\/v2\/media?parent=1219"}],"curies":[{"name":"wp","href":"https:\/\/api.w.org\/{rel}","templated":true}]}}