{"id":1229,"date":"2017-06-30T09:06:02","date_gmt":"2017-06-30T07:06:02","guid":{"rendered":"https:\/\/asso.graie.org\/portail\/?page_id=1229"},"modified":"2021-10-27T14:55:08","modified_gmt":"2021-10-27T12:55:08","slug":"gt-assainissement-non-collectif-anc","status":"publish","type":"page","link":"https:\/\/asso.graie.org\/portail\/animationregionale\/gt-assainissement-non-collectif-anc\/","title":{"rendered":"Assainissement non collectif"},"content":{"rendered":"<h2>Le r\u00e9seau r\u00e9gional des acteurs de l\u2019assainissement non collectif (ANC)<\/h2>\n<p>&nbsp;<\/p>\n<p><img decoding=\"async\" loading=\"lazy\" class=\"size-full wp-image-2876 alignleft\" src=\"https:\/\/asso.graie.org\/portail\/wp-content\/uploads\/2017\/06\/PastilleGT_ANC.jpg\" alt=\"Groupe de travail r\u00e9gional assainissement non collectif\" width=\"189\" height=\"189\" srcset=\"https:\/\/asso.graie.org\/portail\/wp-content\/uploads\/2017\/06\/PastilleGT_ANC.jpg 189w, https:\/\/asso.graie.org\/portail\/wp-content\/uploads\/2017\/06\/PastilleGT_ANC-100x100.jpg 100w, https:\/\/asso.graie.org\/portail\/wp-content\/uploads\/2017\/06\/PastilleGT_ANC-150x150.jpg 150w\" sizes=\"(max-width: 189px) 100vw, 189px\" \/><\/p>\n<p>Depuis son lancement en 2002, les r\u00e9unions du r\u00e9seau de l\u2019ANC sont un lieu d&rsquo;\u00e9change entre les acteurs publics sur leurs pratiques, leurs connaissances techniques et les questions d&rsquo;actualit\u00e9. Le r\u00e9seau compte une douzaine de participants actifs : SPANC, SATAA, Agence de l\u2019eau RMC et IRSTEA. Depuis 2014, ce r\u00e9seau s\u2019est ouvert ponctuellement aux acteurs priv\u00e9s et, en 2017, s\u2019est associ\u00e9 \u00e0 eux dans le cadre de la mise en place d\u2019une charte interd\u00e9partementale pour un ANC de qualit\u00e9.<\/p>\n<p>&nbsp;<\/p>\n<p><strong>Le r\u00e9seau est engag\u00e9 sur 4 actions\u00a0: <\/strong><\/p>\n<ul>\n<li>la contribution au Plan d\u2019Action National sur l\u2019ANC (PANANC)<\/li>\n<li>le d\u00e9veloppement et l\u2019animation de l&rsquo;observatoire r\u00e9gional des SPANC<\/li>\n<li>l\u2019organisation de conf\u00e9rences r\u00e9gionales<\/li>\n<li>la mise en place de la charte interd\u00e9partementale pour un ANC de qualit\u00e9.<\/li>\n<\/ul>\n<p>Le r\u00e9seau est le coordonnateur de <a href=\"https:\/\/asso.graie.org\/portail\/animationregionale\/spanc\/\"><strong>l&rsquo;observatoire des SPANC<\/strong><\/a> qui dresse un \u00e9tat des lieux de la mise en \u0153uvre de la politique ANC sur nos territoires. Par ailleurs, il permet au Graie de communiquer les actualit\u00e9s majeures sur l&rsquo;ANC \u00e0 environ 530 responsables et techniciens de SPANC de Rh\u00f4ne-Alpes, Jura, Sa\u00f4ne-et-Loire, PACA et Corse.<\/p>\n<p><strong>\u00a0<\/strong><\/p>\n<p>Le Graie poursuit, via le r\u00e9seau, l\u2019animation de <strong>la mise \u00e0 jour du <a href=\"http:\/\/www.graie.org\/graie\/graiedoc\/reseaux\/ANC\/Tableau_filieres_agreees.xlsm\" target=\"_blank\" rel=\"noopener noreferrer\">tableau des fili\u00e8res agr\u00e9\u00e9es en ANC<\/a><\/strong>, partag\u00e9 au niveau national et r\u00e9f\u00e9renc\u00e9 sur le portail interminist\u00e9riel de l&rsquo;ANC. Ce tableau constitue une synth\u00e8se structur\u00e9e des donn\u00e9es fournies par les constructeurs dans les avis d\u2019agr\u00e9ments et guides utilisateurs. D\u00e9but 2017, il compte pr\u00e8s de 690 dispositifs enregistr\u00e9s.<\/p>\n<p>&nbsp;<\/p>\n<h3><strong>Le public cible<\/strong><\/h3>\n<ul>\n<li>Les collectivit\u00e9s locales et groupements en charge du contr\u00f4le de l&rsquo;assainissement non collectif<\/li>\n<li>Les institutions partenaires des collectivit\u00e9s locales (d\u00e9partements, SATAA, services de l&rsquo;\u00c9tat, Agence de l&rsquo;eau, R\u00e9gion, IRSTEA \u2026)<\/li>\n<\/ul>\n<p>Le r\u00e9seau est aussi ouvert \u00e0 d&rsquo;\u00e9ventuelles personnes ressources pouvant alimenter les r\u00e9flexions du groupe.<\/p>\n<p>La mission d&rsquo;animation sur l&rsquo;ANC \u00e9volue avec le lancement de la <a href=\"http:\/\/www.graie.org\/graie\/graiedoc\/reseaux\/ANC\/QualitANC\/QualitANC_charte_interdepartementale.pdf\">Charte Qualit&rsquo;ANC<\/a> qui concerne les principaux acteurs de la fili\u00e8re : concepteurs, installateurs, vidangeurs et SPANC.<\/p>\n<p>&nbsp;<\/p>\n<p><strong>Vous souhaitez rejoindre la charte Qualit&rsquo;ANC et le r\u00e9seau ?<\/strong><br \/>\nPrenez contact avec <a class=\"lightbox-enabled\" href=\"https:\/\/asso.graie.org\/portail\/emilie-mauron\/\" data-caption=\"\" title=\"\">Emilie MAURON<\/a>.<\/p>\n","protected":false},"excerpt":{"rendered":"<p>Le r\u00e9seau r\u00e9gional des acteurs de l\u2019assainissement non collectif (ANC) &nbsp; Depuis son lancement en 2002, les r\u00e9unions du r\u00e9seau de l\u2019ANC sont un lieu d&rsquo;\u00e9change entre les acteurs publics sur leurs pratiques, leurs connaissances techniques et les questions d&rsquo;actualit\u00e9. &hellip;<\/p>\n","protected":false},"author":1,"featured_media":0,"parent":1096,"menu_order":0,"comment_status":"closed","ping_status":"closed","template":"","meta":{"_mi_skip_tracking":false,"footnotes":""},"acf":[],"yoast_head":"<!-- This site is optimized with the Yoast SEO plugin v19.13 - https:\/\/yoast.com\/wordpress\/plugins\/seo\/ -->\n<title>Assainissement non collectif (ANC) | R\u00e9seau r\u00e9gional | Le Graie<\/title>\n<meta name=\"description\" content=\"Les r\u00e9unions du r\u00e9seau de l\u2019ANC sont un lieu d&#039;\u00e9change entre les acteurs publics sur leurs pratiques, leurs connaissances techniques et les questions d&#039;actualit\u00e9.\" \/>\n<meta name=\"robots\" content=\"index, follow, max-snippet:-1, max-image-preview:large, max-video-preview:-1\" \/>\n<link rel=\"canonical\" href=\"https:\/\/asso.graie.org\/portail\/animationregionale\/gt-assainissement-non-collectif-anc\/\" \/>\n<meta property=\"og:locale\" content=\"fr_FR\" \/>\n<meta property=\"og:type\" content=\"article\" \/>\n<meta property=\"og:title\" content=\"Assainissement non collectif (ANC) | R\u00e9seau r\u00e9gional | Le Graie\" \/>\n<meta property=\"og:description\" content=\"Les r\u00e9unions du r\u00e9seau de l\u2019ANC sont un lieu d&#039;\u00e9change entre les acteurs publics sur leurs pratiques, leurs connaissances techniques et les questions d&#039;actualit\u00e9.\" \/>\n<meta property=\"og:url\" content=\"https:\/\/asso.graie.org\/portail\/animationregionale\/gt-assainissement-non-collectif-anc\/\" \/>\n<meta property=\"og:site_name\" content=\"Graie\" \/>\n<meta property=\"article:modified_time\" content=\"2021-10-27T12:55:08+00:00\" \/>\n<meta property=\"og:image\" content=\"https:\/\/asso.graie.org\/portail\/wp-content\/uploads\/2017\/06\/PastilleGT_ANC.jpg\" \/>\n<meta name=\"twitter:card\" content=\"summary_large_image\" \/>\n<meta name=\"twitter:site\" content=\"@asso_graie\" \/>\n<meta name=\"twitter:label1\" content=\"Dur\u00e9e de lecture estim\u00e9e\" \/>\n\t<meta name=\"twitter:data1\" content=\"2 minutes\" \/>\n<script type=\"application\/ld+json\" class=\"yoast-schema-graph\">{\"@context\":\"https:\/\/schema.org\",\"@graph\":[{\"@type\":\"WebPage\",\"@id\":\"https:\/\/asso.graie.org\/portail\/animationregionale\/gt-assainissement-non-collectif-anc\/\",\"url\":\"https:\/\/asso.graie.org\/portail\/animationregionale\/gt-assainissement-non-collectif-anc\/\",\"name\":\"Assainissement non collectif (ANC) | R\u00e9seau r\u00e9gional | Le Graie\",\"isPartOf\":{\"@id\":\"https:\/\/asso.graie.org\/portail\/#website\"},\"datePublished\":\"2017-06-30T07:06:02+00:00\",\"dateModified\":\"2021-10-27T12:55:08+00:00\",\"description\":\"Les r\u00e9unions du r\u00e9seau de l\u2019ANC sont un lieu d'\u00e9change entre les acteurs publics sur leurs pratiques, leurs connaissances techniques et les questions d'actualit\u00e9.\",\"breadcrumb\":{\"@id\":\"https:\/\/asso.graie.org\/portail\/animationregionale\/gt-assainissement-non-collectif-anc\/#breadcrumb\"},\"inLanguage\":\"fr-FR\",\"potentialAction\":[{\"@type\":\"ReadAction\",\"target\":[\"https:\/\/asso.graie.org\/portail\/animationregionale\/gt-assainissement-non-collectif-anc\/\"]}]},{\"@type\":\"BreadcrumbList\",\"@id\":\"https:\/\/asso.graie.org\/portail\/animationregionale\/gt-assainissement-non-collectif-anc\/#breadcrumb\",\"itemListElement\":[{\"@type\":\"ListItem\",\"position\":1,\"name\":\"Accueil\",\"item\":\"https:\/\/asso.graie.org\/portail\/\"},{\"@type\":\"ListItem\",\"position\":2,\"name\":\"Animation\",\"item\":\"https:\/\/asso.graie.org\/portail\/animationregionale\/\"},{\"@type\":\"ListItem\",\"position\":3,\"name\":\"Assainissement non collectif\"}]},{\"@type\":\"WebSite\",\"@id\":\"https:\/\/asso.graie.org\/portail\/#website\",\"url\":\"https:\/\/asso.graie.org\/portail\/\",\"name\":\"Graie\",\"description\":\"P\u00f4le Eau et Territoires\",\"publisher\":{\"@id\":\"https:\/\/asso.graie.org\/portail\/#organization\"},\"potentialAction\":[{\"@type\":\"SearchAction\",\"target\":{\"@type\":\"EntryPoint\",\"urlTemplate\":\"https:\/\/asso.graie.org\/portail\/?s={search_term_string}\"},\"query-input\":\"required name=search_term_string\"}],\"inLanguage\":\"fr-FR\"},{\"@type\":\"Organization\",\"@id\":\"https:\/\/asso.graie.org\/portail\/#organization\",\"name\":\"Le Graie\",\"url\":\"https:\/\/asso.graie.org\/portail\/\",\"logo\":{\"@type\":\"ImageObject\",\"inLanguage\":\"fr-FR\",\"@id\":\"https:\/\/asso.graie.org\/portail\/#\/schema\/logo\/image\/\",\"url\":\"https:\/\/asso.graie.org\/portail\/wp-content\/uploads\/2021\/12\/Logotype-Graie.png\",\"contentUrl\":\"https:\/\/asso.graie.org\/portail\/wp-content\/uploads\/2021\/12\/Logotype-Graie.png\",\"width\":1890,\"height\":1181,\"caption\":\"Le Graie\"},\"image\":{\"@id\":\"https:\/\/asso.graie.org\/portail\/#\/schema\/logo\/image\/\"},\"sameAs\":[\"https:\/\/fr.linkedin.com\/company\/graie?trk=top_nav_home\",\"https:\/\/www.youtube.com\/channel\/UCZQk0Tt7upYwERYNdDIZqLQ\",\"https:\/\/twitter.com\/asso_graie\"]}]}<\/script>\n<!-- \/ Yoast SEO plugin. -->","yoast_head_json":{"title":"Assainissement non collectif (ANC) | R\u00e9seau r\u00e9gional | Le Graie","description":"Les r\u00e9unions du r\u00e9seau de l\u2019ANC sont un lieu d'\u00e9change entre les acteurs publics sur leurs pratiques, leurs connaissances techniques et les questions d'actualit\u00e9.","robots":{"index":"index","follow":"follow","max-snippet":"max-snippet:-1","max-image-preview":"max-image-preview:large","max-video-preview":"max-video-preview:-1"},"canonical":"https:\/\/asso.graie.org\/portail\/animationregionale\/gt-assainissement-non-collectif-anc\/","og_locale":"fr_FR","og_type":"article","og_title":"Assainissement non collectif (ANC) | R\u00e9seau r\u00e9gional | Le Graie","og_description":"Les r\u00e9unions du r\u00e9seau de l\u2019ANC sont un lieu d'\u00e9change entre les acteurs publics sur leurs pratiques, leurs connaissances techniques et les questions d'actualit\u00e9.","og_url":"https:\/\/asso.graie.org\/portail\/animationregionale\/gt-assainissement-non-collectif-anc\/","og_site_name":"Graie","article_modified_time":"2021-10-27T12:55:08+00:00","og_image":[{"url":"https:\/\/asso.graie.org\/portail\/wp-content\/uploads\/2017\/06\/PastilleGT_ANC.jpg"}],"twitter_card":"summary_large_image","twitter_site":"@asso_graie","twitter_misc":{"Dur\u00e9e de lecture estim\u00e9e":"2 minutes"},"schema":{"@context":"https:\/\/schema.org","@graph":[{"@type":"WebPage","@id":"https:\/\/asso.graie.org\/portail\/animationregionale\/gt-assainissement-non-collectif-anc\/","url":"https:\/\/asso.graie.org\/portail\/animationregionale\/gt-assainissement-non-collectif-anc\/","name":"Assainissement non collectif (ANC) | R\u00e9seau r\u00e9gional | Le Graie","isPartOf":{"@id":"https:\/\/asso.graie.org\/portail\/#website"},"datePublished":"2017-06-30T07:06:02+00:00","dateModified":"2021-10-27T12:55:08+00:00","description":"Les r\u00e9unions du r\u00e9seau de l\u2019ANC sont un lieu d'\u00e9change entre les acteurs publics sur leurs pratiques, leurs connaissances techniques et les questions d'actualit\u00e9.","breadcrumb":{"@id":"https:\/\/asso.graie.org\/portail\/animationregionale\/gt-assainissement-non-collectif-anc\/#breadcrumb"},"inLanguage":"fr-FR","potentialAction":[{"@type":"ReadAction","target":["https:\/\/asso.graie.org\/portail\/animationregionale\/gt-assainissement-non-collectif-anc\/"]}]},{"@type":"BreadcrumbList","@id":"https:\/\/asso.graie.org\/portail\/animationregionale\/gt-assainissement-non-collectif-anc\/#breadcrumb","itemListElement":[{"@type":"ListItem","position":1,"name":"Accueil","item":"https:\/\/asso.graie.org\/portail\/"},{"@type":"ListItem","position":2,"name":"Animation","item":"https:\/\/asso.graie.org\/portail\/animationregionale\/"},{"@type":"ListItem","position":3,"name":"Assainissement non collectif"}]},{"@type":"WebSite","@id":"https:\/\/asso.graie.org\/portail\/#website","url":"https:\/\/asso.graie.org\/portail\/","name":"Graie","description":"P\u00f4le Eau et Territoires","publisher":{"@id":"https:\/\/asso.graie.org\/portail\/#organization"},"potentialAction":[{"@type":"SearchAction","target":{"@type":"EntryPoint","urlTemplate":"https:\/\/asso.graie.org\/portail\/?s={search_term_string}"},"query-input":"required name=search_term_string"}],"inLanguage":"fr-FR"},{"@type":"Organization","@id":"https:\/\/asso.graie.org\/portail\/#organization","name":"Le Graie","url":"https:\/\/asso.graie.org\/portail\/","logo":{"@type":"ImageObject","inLanguage":"fr-FR","@id":"https:\/\/asso.graie.org\/portail\/#\/schema\/logo\/image\/","url":"https:\/\/asso.graie.org\/portail\/wp-content\/uploads\/2021\/12\/Logotype-Graie.png","contentUrl":"https:\/\/asso.graie.org\/portail\/wp-content\/uploads\/2021\/12\/Logotype-Graie.png","width":1890,"height":1181,"caption":"Le Graie"},"image":{"@id":"https:\/\/asso.graie.org\/portail\/#\/schema\/logo\/image\/"},"sameAs":["https:\/\/fr.linkedin.com\/company\/graie?trk=top_nav_home","https:\/\/www.youtube.com\/channel\/UCZQk0Tt7upYwERYNdDIZqLQ","https:\/\/twitter.com\/asso_graie"]}]}},"_links":{"self":[{"href":"https:\/\/asso.graie.org\/portail\/wp-json\/wp\/v2\/pages\/1229"}],"collection":[{"href":"https:\/\/asso.graie.org\/portail\/wp-json\/wp\/v2\/pages"}],"about":[{"href":"https:\/\/asso.graie.org\/portail\/wp-json\/wp\/v2\/types\/page"}],"author":[{"embeddable":true,"href":"https:\/\/asso.graie.org\/portail\/wp-json\/wp\/v2\/users\/1"}],"replies":[{"embeddable":true,"href":"https:\/\/asso.graie.org\/portail\/wp-json\/wp\/v2\/comments?post=1229"}],"version-history":[{"count":3,"href":"https:\/\/asso.graie.org\/portail\/wp-json\/wp\/v2\/pages\/1229\/revisions"}],"predecessor-version":[{"id":18625,"href":"https:\/\/asso.graie.org\/portail\/wp-json\/wp\/v2\/pages\/1229\/revisions\/18625"}],"up":[{"embeddable":true,"href":"https:\/\/asso.graie.org\/portail\/wp-json\/wp\/v2\/pages\/1096"}],"wp:attachment":[{"href":"https:\/\/asso.graie.org\/portail\/wp-json\/wp\/v2\/media?parent=1229"}],"curies":[{"name":"wp","href":"https:\/\/api.w.org\/{rel}","templated":true}]}}