{"id":1231,"date":"2017-06-30T09:06:14","date_gmt":"2017-06-30T07:06:14","guid":{"rendered":"https:\/\/asso.graie.org\/portail\/?page_id=1231"},"modified":"2026-02-18T09:48:37","modified_gmt":"2026-02-18T08:48:37","slug":"gt-autosurveillance","status":"publish","type":"page","link":"https:\/\/asso.graie.org\/portail\/animationregionale\/gt-autosurveillance\/","title":{"rendered":"Autosurveillance"},"content":{"rendered":"\n<figure class=\"wp-block-image size-large\"><img decoding=\"async\" loading=\"lazy\" width=\"1024\" height=\"246\" src=\"https:\/\/asso.graie.org\/portail\/wp-content\/uploads\/2022\/05\/Banniere_GT_Autosurv-1024x246.png\" alt=\"\" class=\"wp-image-20310\" srcset=\"https:\/\/asso.graie.org\/portail\/wp-content\/uploads\/2022\/05\/Banniere_GT_Autosurv-1024x246.png 1024w, https:\/\/asso.graie.org\/portail\/wp-content\/uploads\/2022\/05\/Banniere_GT_Autosurv-300x72.png 300w, https:\/\/asso.graie.org\/portail\/wp-content\/uploads\/2022\/05\/Banniere_GT_Autosurv-768x185.png 768w, https:\/\/asso.graie.org\/portail\/wp-content\/uploads\/2022\/05\/Banniere_GT_Autosurv-1536x369.png 1536w, https:\/\/asso.graie.org\/portail\/wp-content\/uploads\/2022\/05\/Banniere_GT_Autosurv-2048x492.png 2048w\" sizes=\"(max-width: 1024px) 100vw, 1024px\" \/><\/figure>\n\n\n\n<div style=\"height:32px\" aria-hidden=\"true\" class=\"wp-block-spacer\"><\/div>\n\n\n\n<h2 class=\"wp-block-heading\">Le r\u00e9seau r\u00e9gional d&rsquo;\u00e9changes sur l\u2019autosurveillance des r\u00e9seaux et syst\u00e8mes d\u2019assainissement<\/h2>\n\n\n\n<div style=\"height:32px\" aria-hidden=\"true\" class=\"wp-block-spacer\"><\/div>\n\n\n\n<p>Afin de r\u00e9pondre aux besoins des collectivit\u00e9s sur cette th\u00e9matique, le Graie a mis en place en 2006 un r\u00e9seau r\u00e9gional d&rsquo;\u00e9changes. Ce r\u00e9seau est fortement ancr\u00e9 \u00e0 l&rsquo;interface entre collectivit\u00e9s et scientifiques. Il b\u00e9n\u00e9ficie d&rsquo;une participation active des experts de <a href=\"https:\/\/asso.graie.org\/portail\/dispositifsderecherche\/othu\/\" target=\"_blank\" rel=\"noopener noreferrer\">l&rsquo;OTHU<\/a> et de l&rsquo;Agence de l&rsquo;eau Rh\u00f4ne M\u00e9diterran\u00e9e Corse. Sa vocation est l&rsquo;\u00e9change d&rsquo;exp\u00e9riences, la diffusion d&rsquo;information et l&rsquo;\u00e9volution des pratiques.<\/p>\n\n\n\n<p>Il touche une cinquantaine de personnes, exploitants et experts, et rassemble r\u00e9guli\u00e8rement une quinzaine de membres actifs au sein du groupe de travail.<\/p>\n\n\n\n<div style=\"height:55px\" aria-hidden=\"true\" class=\"wp-block-spacer\"><\/div>\n\n\n\n<h3 class=\"wp-block-heading\"><strong>2 niveaux d&rsquo;\u00e9changes et d&rsquo;informations<\/strong><\/h3>\n\n\n\n<div style=\"height:21px\" aria-hidden=\"true\" class=\"wp-block-spacer\"><\/div>\n\n\n\n<ul>\n<li><strong>Une journ\u00e9e d&rsquo;\u00e9changes annuelle, <\/strong>qui s&rsquo;adresse aux acteurs d\u00e9j\u00e0 engag\u00e9s dans l&rsquo;autosurveillance, mais aussi aux collectivit\u00e9s qui doivent la mettre en place. Cette rencontre est l&rsquo;occasion de restituer le travail du groupe, de faire un \u00e9clairage r\u00e9glementaire, de pr\u00e9senter les strat\u00e9gies et d\u00e9marches retenues par diff\u00e9rentes collectivit\u00e9s, et de mobiliser des experts fran\u00e7ais en m\u00e9trologie et hydrologie urbaine.<\/li>\n\n\n\n<li><strong>Des r\u00e9unions en groupe de travail<\/strong>, rassemblant 3 \u00e0 4 fois par an des experts et des exploitants ayant d\u00e9j\u00e0 mis en place l&rsquo;autosurveillance. Les participants travaillent conjointement sur diff\u00e9rentes th\u00e9matiques li\u00e9es \u00e0 l&rsquo;autosurveillance des r\u00e9seaux d&rsquo;assainissement.<\/li>\n<\/ul>\n\n\n\n<p>Le groupe produit de nombreux <strong>documents <\/strong><strong>d&rsquo;aide aux collectivit\u00e9s<\/strong>, outils et recommandations : organigramme, CCTP comment\u00e9, fiches techniques et m\u00e9thodologiques. Les documents produits ainsi que les diff\u00e9rents retours d&rsquo;exp\u00e9riences pr\u00e9sent\u00e9s lors des journ\u00e9es d&rsquo;\u00e9changes, sont <a href=\"https:\/\/asso.graie.org\/portail\/resultat-de-recherche-detaillee\/?_sfm_source2=productions_du_graie&amp;_sfm_categorie_prod=autosurveillance\" target=\"_blank\" rel=\"noopener noreferrer\">mis \u00e0 la disposition de tous<\/a>.<\/p>\n\n\n\n<p>Ce groupe \u00e9tablit \u00e9galement, en partenariat avec INSAVALOR et l&rsquo;OTHU, un programme de <strong>formation continue <\/strong>sur des aspects pratiques pour la mise en \u0153uvre de l&rsquo;autosurveillance.<\/p>\n\n\n\n<div style=\"height:49px\" aria-hidden=\"true\" class=\"wp-block-spacer\"><\/div>\n\n\n\n<h3 class=\"wp-block-heading\"><strong>Le public cible :<\/strong><\/h3>\n\n\n\n<ul>\n<li>Les collectivit\u00e9s, services de l&rsquo;\u00c9tat, Agences de l&rsquo;eau<\/li>\n\n\n\n<li>Les prestataires de services<\/li>\n\n\n\n<li>Les experts scientifiques<\/li>\n<\/ul>\n\n\n\n<p>Ce groupe est ouvert aux acteurs ayant une activit\u00e9 de programmation, de mise en \u0153uvre technique, de recherche et ou d\u2019expertise dans le domaine de de l\u2019autosurveillance des syst\u00e8mes d&rsquo;assainissement.<br>Les prestataires de service souhaitant participer au groupe sont invit\u00e9s \u00e0 venir avec une collectivit\u00e9 au groupe de travail afin de pouvoir participer. Chaque nouvelle demande d&rsquo;entr\u00e9e est valid\u00e9e par le groupe en r\u00e9union de travail.<\/p>\n\n\n\n<div style=\"height:49px\" aria-hidden=\"true\" class=\"wp-block-spacer\"><\/div>\n\n\n\n<p><strong>Vous souhaitez rejoindre le r\u00e9seau&nbsp;?<\/strong><br>Prenez contact avec <a class=\"lightbox-enabled\" href=\"https:\/\/asso.graie.org\/portail\/laetitia-bacot\/\" data-caption=\"\" title=\"\">La\u00ebtitia BACOT<\/a>.<\/p>\n","protected":false},"excerpt":{"rendered":"<p>Le r\u00e9seau r\u00e9gional d&rsquo;\u00e9changes sur l\u2019autosurveillance des r\u00e9seaux et syst\u00e8mes d\u2019assainissement Afin de r\u00e9pondre aux besoins des collectivit\u00e9s sur cette th\u00e9matique, le Graie a mis en place en 2006 un r\u00e9seau r\u00e9gional d&rsquo;\u00e9changes. Ce r\u00e9seau est fortement ancr\u00e9 \u00e0 l&rsquo;interface &hellip;<\/p>\n","protected":false},"author":1,"featured_media":0,"parent":1096,"menu_order":0,"comment_status":"closed","ping_status":"closed","template":"","meta":{"_mi_skip_tracking":false,"footnotes":""},"acf":[],"yoast_head":"<!-- This site is optimized with the Yoast SEO plugin v19.13 - https:\/\/yoast.com\/wordpress\/plugins\/seo\/ -->\n<title>Autosurveillance | R\u00e9seau r\u00e9gional | Le Graie<\/title>\n<meta name=\"description\" content=\"Le r\u00e9seau r\u00e9gional d&#039;\u00e9changes sur l\u2019autosurveillance des syst\u00e8mes d&#039;assainissement s&#039;appuie sur des groupes de travail et une journ\u00e9e d&#039;\u00e9change annuelle.\" \/>\n<meta name=\"robots\" content=\"index, follow, max-snippet:-1, max-image-preview:large, max-video-preview:-1\" \/>\n<link rel=\"canonical\" href=\"https:\/\/asso.graie.org\/portail\/animationregionale\/gt-autosurveillance\/\" \/>\n<meta property=\"og:locale\" content=\"fr_FR\" \/>\n<meta property=\"og:type\" content=\"article\" \/>\n<meta property=\"og:title\" content=\"Autosurveillance | R\u00e9seau r\u00e9gional | Le Graie\" \/>\n<meta property=\"og:description\" content=\"Le r\u00e9seau r\u00e9gional d&#039;\u00e9changes sur l\u2019autosurveillance des syst\u00e8mes d&#039;assainissement s&#039;appuie sur des groupes de travail et une journ\u00e9e d&#039;\u00e9change annuelle.\" \/>\n<meta property=\"og:url\" content=\"https:\/\/asso.graie.org\/portail\/animationregionale\/gt-autosurveillance\/\" \/>\n<meta property=\"og:site_name\" content=\"Graie\" \/>\n<meta property=\"article:modified_time\" content=\"2026-02-18T08:48:37+00:00\" \/>\n<meta property=\"og:image\" content=\"https:\/\/asso.graie.org\/portail\/wp-content\/uploads\/2022\/05\/Banniere_GT_Autosurv-1024x246.png\" \/>\n<meta name=\"twitter:card\" content=\"summary_large_image\" \/>\n<meta name=\"twitter:site\" content=\"@asso_graie\" \/>\n<meta name=\"twitter:label1\" content=\"Dur\u00e9e de lecture estim\u00e9e\" \/>\n\t<meta name=\"twitter:data1\" content=\"3 minutes\" \/>\n<script type=\"application\/ld+json\" class=\"yoast-schema-graph\">{\"@context\":\"https:\/\/schema.org\",\"@graph\":[{\"@type\":\"WebPage\",\"@id\":\"https:\/\/asso.graie.org\/portail\/animationregionale\/gt-autosurveillance\/\",\"url\":\"https:\/\/asso.graie.org\/portail\/animationregionale\/gt-autosurveillance\/\",\"name\":\"Autosurveillance | R\u00e9seau r\u00e9gional | Le Graie\",\"isPartOf\":{\"@id\":\"https:\/\/asso.graie.org\/portail\/#website\"},\"datePublished\":\"2017-06-30T07:06:14+00:00\",\"dateModified\":\"2026-02-18T08:48:37+00:00\",\"description\":\"Le r\u00e9seau r\u00e9gional d'\u00e9changes sur l\u2019autosurveillance des syst\u00e8mes d'assainissement s'appuie sur des groupes de travail et une journ\u00e9e d'\u00e9change annuelle.\",\"breadcrumb\":{\"@id\":\"https:\/\/asso.graie.org\/portail\/animationregionale\/gt-autosurveillance\/#breadcrumb\"},\"inLanguage\":\"fr-FR\",\"potentialAction\":[{\"@type\":\"ReadAction\",\"target\":[\"https:\/\/asso.graie.org\/portail\/animationregionale\/gt-autosurveillance\/\"]}]},{\"@type\":\"BreadcrumbList\",\"@id\":\"https:\/\/asso.graie.org\/portail\/animationregionale\/gt-autosurveillance\/#breadcrumb\",\"itemListElement\":[{\"@type\":\"ListItem\",\"position\":1,\"name\":\"Accueil\",\"item\":\"https:\/\/asso.graie.org\/portail\/\"},{\"@type\":\"ListItem\",\"position\":2,\"name\":\"Animation\",\"item\":\"https:\/\/asso.graie.org\/portail\/animationregionale\/\"},{\"@type\":\"ListItem\",\"position\":3,\"name\":\"Autosurveillance\"}]},{\"@type\":\"WebSite\",\"@id\":\"https:\/\/asso.graie.org\/portail\/#website\",\"url\":\"https:\/\/asso.graie.org\/portail\/\",\"name\":\"Graie\",\"description\":\"P\u00f4le Eau et Territoires\",\"publisher\":{\"@id\":\"https:\/\/asso.graie.org\/portail\/#organization\"},\"potentialAction\":[{\"@type\":\"SearchAction\",\"target\":{\"@type\":\"EntryPoint\",\"urlTemplate\":\"https:\/\/asso.graie.org\/portail\/?s={search_term_string}\"},\"query-input\":\"required name=search_term_string\"}],\"inLanguage\":\"fr-FR\"},{\"@type\":\"Organization\",\"@id\":\"https:\/\/asso.graie.org\/portail\/#organization\",\"name\":\"Le Graie\",\"url\":\"https:\/\/asso.graie.org\/portail\/\",\"logo\":{\"@type\":\"ImageObject\",\"inLanguage\":\"fr-FR\",\"@id\":\"https:\/\/asso.graie.org\/portail\/#\/schema\/logo\/image\/\",\"url\":\"https:\/\/asso.graie.org\/portail\/wp-content\/uploads\/2021\/12\/Logotype-Graie.png\",\"contentUrl\":\"https:\/\/asso.graie.org\/portail\/wp-content\/uploads\/2021\/12\/Logotype-Graie.png\",\"width\":1890,\"height\":1181,\"caption\":\"Le Graie\"},\"image\":{\"@id\":\"https:\/\/asso.graie.org\/portail\/#\/schema\/logo\/image\/\"},\"sameAs\":[\"https:\/\/fr.linkedin.com\/company\/graie?trk=top_nav_home\",\"https:\/\/www.youtube.com\/channel\/UCZQk0Tt7upYwERYNdDIZqLQ\",\"https:\/\/twitter.com\/asso_graie\"]}]}<\/script>\n<!-- \/ Yoast SEO plugin. -->","yoast_head_json":{"title":"Autosurveillance | R\u00e9seau r\u00e9gional | Le Graie","description":"Le r\u00e9seau r\u00e9gional d'\u00e9changes sur l\u2019autosurveillance des syst\u00e8mes d'assainissement s'appuie sur des groupes de travail et une journ\u00e9e d'\u00e9change annuelle.","robots":{"index":"index","follow":"follow","max-snippet":"max-snippet:-1","max-image-preview":"max-image-preview:large","max-video-preview":"max-video-preview:-1"},"canonical":"https:\/\/asso.graie.org\/portail\/animationregionale\/gt-autosurveillance\/","og_locale":"fr_FR","og_type":"article","og_title":"Autosurveillance | R\u00e9seau r\u00e9gional | Le Graie","og_description":"Le r\u00e9seau r\u00e9gional d'\u00e9changes sur l\u2019autosurveillance des syst\u00e8mes d'assainissement s'appuie sur des groupes de travail et une journ\u00e9e d'\u00e9change annuelle.","og_url":"https:\/\/asso.graie.org\/portail\/animationregionale\/gt-autosurveillance\/","og_site_name":"Graie","article_modified_time":"2026-02-18T08:48:37+00:00","og_image":[{"url":"https:\/\/asso.graie.org\/portail\/wp-content\/uploads\/2022\/05\/Banniere_GT_Autosurv-1024x246.png"}],"twitter_card":"summary_large_image","twitter_site":"@asso_graie","twitter_misc":{"Dur\u00e9e de lecture estim\u00e9e":"3 minutes"},"schema":{"@context":"https:\/\/schema.org","@graph":[{"@type":"WebPage","@id":"https:\/\/asso.graie.org\/portail\/animationregionale\/gt-autosurveillance\/","url":"https:\/\/asso.graie.org\/portail\/animationregionale\/gt-autosurveillance\/","name":"Autosurveillance | R\u00e9seau r\u00e9gional | Le Graie","isPartOf":{"@id":"https:\/\/asso.graie.org\/portail\/#website"},"datePublished":"2017-06-30T07:06:14+00:00","dateModified":"2026-02-18T08:48:37+00:00","description":"Le r\u00e9seau r\u00e9gional d'\u00e9changes sur l\u2019autosurveillance des syst\u00e8mes d'assainissement s'appuie sur des groupes de travail et une journ\u00e9e d'\u00e9change annuelle.","breadcrumb":{"@id":"https:\/\/asso.graie.org\/portail\/animationregionale\/gt-autosurveillance\/#breadcrumb"},"inLanguage":"fr-FR","potentialAction":[{"@type":"ReadAction","target":["https:\/\/asso.graie.org\/portail\/animationregionale\/gt-autosurveillance\/"]}]},{"@type":"BreadcrumbList","@id":"https:\/\/asso.graie.org\/portail\/animationregionale\/gt-autosurveillance\/#breadcrumb","itemListElement":[{"@type":"ListItem","position":1,"name":"Accueil","item":"https:\/\/asso.graie.org\/portail\/"},{"@type":"ListItem","position":2,"name":"Animation","item":"https:\/\/asso.graie.org\/portail\/animationregionale\/"},{"@type":"ListItem","position":3,"name":"Autosurveillance"}]},{"@type":"WebSite","@id":"https:\/\/asso.graie.org\/portail\/#website","url":"https:\/\/asso.graie.org\/portail\/","name":"Graie","description":"P\u00f4le Eau et Territoires","publisher":{"@id":"https:\/\/asso.graie.org\/portail\/#organization"},"potentialAction":[{"@type":"SearchAction","target":{"@type":"EntryPoint","urlTemplate":"https:\/\/asso.graie.org\/portail\/?s={search_term_string}"},"query-input":"required name=search_term_string"}],"inLanguage":"fr-FR"},{"@type":"Organization","@id":"https:\/\/asso.graie.org\/portail\/#organization","name":"Le Graie","url":"https:\/\/asso.graie.org\/portail\/","logo":{"@type":"ImageObject","inLanguage":"fr-FR","@id":"https:\/\/asso.graie.org\/portail\/#\/schema\/logo\/image\/","url":"https:\/\/asso.graie.org\/portail\/wp-content\/uploads\/2021\/12\/Logotype-Graie.png","contentUrl":"https:\/\/asso.graie.org\/portail\/wp-content\/uploads\/2021\/12\/Logotype-Graie.png","width":1890,"height":1181,"caption":"Le Graie"},"image":{"@id":"https:\/\/asso.graie.org\/portail\/#\/schema\/logo\/image\/"},"sameAs":["https:\/\/fr.linkedin.com\/company\/graie?trk=top_nav_home","https:\/\/www.youtube.com\/channel\/UCZQk0Tt7upYwERYNdDIZqLQ","https:\/\/twitter.com\/asso_graie"]}]}},"_links":{"self":[{"href":"https:\/\/asso.graie.org\/portail\/wp-json\/wp\/v2\/pages\/1231"}],"collection":[{"href":"https:\/\/asso.graie.org\/portail\/wp-json\/wp\/v2\/pages"}],"about":[{"href":"https:\/\/asso.graie.org\/portail\/wp-json\/wp\/v2\/types\/page"}],"author":[{"embeddable":true,"href":"https:\/\/asso.graie.org\/portail\/wp-json\/wp\/v2\/users\/1"}],"replies":[{"embeddable":true,"href":"https:\/\/asso.graie.org\/portail\/wp-json\/wp\/v2\/comments?post=1231"}],"version-history":[{"count":30,"href":"https:\/\/asso.graie.org\/portail\/wp-json\/wp\/v2\/pages\/1231\/revisions"}],"predecessor-version":[{"id":31119,"href":"https:\/\/asso.graie.org\/portail\/wp-json\/wp\/v2\/pages\/1231\/revisions\/31119"}],"up":[{"embeddable":true,"href":"https:\/\/asso.graie.org\/portail\/wp-json\/wp\/v2\/pages\/1096"}],"wp:attachment":[{"href":"https:\/\/asso.graie.org\/portail\/wp-json\/wp\/v2\/media?parent=1231"}],"curies":[{"name":"wp","href":"https:\/\/api.w.org\/{rel}","templated":true}]}}