{"id":1233,"date":"2017-06-30T09:06:29","date_gmt":"2017-06-30T07:06:29","guid":{"rendered":"https:\/\/asso.graie.org\/portail\/?page_id=1233"},"modified":"2026-02-11T15:40:21","modified_gmt":"2026-02-11T14:40:21","slug":"gt-stations-epuration","status":"publish","type":"page","link":"https:\/\/asso.graie.org\/portail\/animationregionale\/gt-stations-epuration\/","title":{"rendered":"Stations d\u2019\u00e9puration"},"content":{"rendered":"\n<figure class=\"wp-block-image size-large\"><img decoding=\"async\" loading=\"lazy\" width=\"1024\" height=\"246\" src=\"https:\/\/asso.graie.org\/portail\/wp-content\/uploads\/2022\/05\/Banniere_GT_TEP-1024x246.png\" alt=\"\" class=\"wp-image-20309\" srcset=\"https:\/\/asso.graie.org\/portail\/wp-content\/uploads\/2022\/05\/Banniere_GT_TEP-1024x246.png 1024w, https:\/\/asso.graie.org\/portail\/wp-content\/uploads\/2022\/05\/Banniere_GT_TEP-300x72.png 300w, https:\/\/asso.graie.org\/portail\/wp-content\/uploads\/2022\/05\/Banniere_GT_TEP-768x185.png 768w, https:\/\/asso.graie.org\/portail\/wp-content\/uploads\/2022\/05\/Banniere_GT_TEP-1536x369.png 1536w, https:\/\/asso.graie.org\/portail\/wp-content\/uploads\/2022\/05\/Banniere_GT_TEP-2048x492.png 2048w\" sizes=\"(max-width: 1024px) 100vw, 1024px\" \/><\/figure>\n\n\n\n<div style=\"height:44px\" aria-hidden=\"true\" class=\"wp-block-spacer\"><\/div>\n\n\n\n<h2 class=\"wp-block-heading\">Le r\u00e9seau r\u00e9gional des exploitants de stations d&rsquo;\u00e9puration<\/h2>\n\n\n\n<p>En 2000, face aux multiples questions de la part des exploitants de STEP pour l&rsquo;accueil des sous-produits de l\u2019assainissement, le Graie a mis en place <strong>un r\u00e9seau d\u2019\u00e9changes r\u00e9gional des exploitants de stations d\u2019\u00e9puration<\/strong> sur la gestion des sites de d\u00e9potage (sites d&rsquo;accueil des sous-produits de l&rsquo;assainissement) et la gestion des sous-produits de l\u2019assainissement.<\/p>\n\n\n\n<p>Le r\u00e9seau s&rsquo;int\u00e9resse \u00e9galement aux diff\u00e9rents aspects de l&rsquo;exploitation et parfois de la conception des stations d&rsquo;\u00e9puration (optimisation \u00e9nerg\u00e9tique, autosurveillance\u2026).<\/p>\n\n\n\n<div style=\"height:56px\" aria-hidden=\"true\" class=\"wp-block-spacer\"><\/div>\n\n\n\n<h3 class=\"wp-block-heading\">Objectif du r\u00e9seau stations d&rsquo;\u00e9puration<\/h3>\n\n\n\n<p><strong>Favoriser l&rsquo;\u00e9change d&rsquo;exp\u00e9riences et un apport d&rsquo;information r\u00e9pondant aux attentes et besoins des exploitants des bassins Rh\u00f4ne-Corse-M\u00e9diterran\u00e9e et Loire-Bretagne. Depuis 2016, le r\u00e9seau b\u00e9n\u00e9ficie d&rsquo;une participation active de scientifiques et experts (INRAE Lyon &#8211; REVERSAAL).<\/strong><\/p>\n\n\n\n<p>Le r\u00e9seau touche environ 70 personnes et rassemble deux fois par an une vingtaine de participants lors de r\u00e9unions d&rsquo;\u00e9changes, suivies d&rsquo;une visite de site. Il permet de faire un point d&rsquo;actualit\u00e9 et de partager les probl\u00e9matiques (techniques ou r\u00e9glementaires) des exploitants de stations de la r\u00e9gion. Il produit \u00e9galement des synth\u00e8ses techniques simples &#8211; r\u00e9sultats d&rsquo;un consensus. Toute la production du groupe est en libre acc\u00e8s sur le site \u2013 rubrique productions.<\/p>\n\n\n\n<div style=\"height:56px\" aria-hidden=\"true\" class=\"wp-block-spacer\"><\/div>\n\n\n\n<h3 class=\"wp-block-heading\">Public cible<strong><br><\/strong><\/h3>\n\n\n\n<p>Ce r\u00e9seau s&rsquo;adresse exclusivement :<\/p>\n\n\n\n<ul>\n<li>aux exploitants de stations d&rsquo;\u00e9puration (publiques et priv\u00e9es) et<\/li>\n\n\n\n<li>\u00e0 leurs partenaires institutionnels (l&rsquo;Agence de l&rsquo;eau RMC, l&rsquo;Agence de l&rsquo;eau Loire-Bretagne, des d\u00e9partements (Savoie, Haute-Savoie, Is\u00e8re, Rh\u00f4ne &#8230;).<\/li>\n<\/ul>\n\n\n\n<p>De plus, des personnes ressources, d&rsquo;autres organismes et d&rsquo;autres comp\u00e9tences professionnelles (notamment scientifiques), peuvent \u00eatre invit\u00e9es \u00e0 la demande des membres, de mani\u00e8re permanente ou ponctuellement sur un sujet pr\u00e9cis.<\/p>\n\n\n\n<div style=\"height:56px\" aria-hidden=\"true\" class=\"wp-block-spacer\"><\/div>\n\n\n\n<p><strong>Vous souhaitez rejoindre le r\u00e9seau&nbsp;?<\/strong><br>Prenez contact avec <a class=\"lightbox-enabled\" href=\"https:\/\/asso.graie.org\/portail\/laetitia-bacot\/\" data-caption=\"\" title=\"\">La\u00ebtitia BACOT<\/a>\n\n\n\n<div style=\"height:56px\" aria-hidden=\"true\" class=\"wp-block-spacer\"><\/div>\n","protected":false},"excerpt":{"rendered":"<p>Le r\u00e9seau r\u00e9gional des exploitants de stations d&rsquo;\u00e9puration En 2000, face aux multiples questions de la part des exploitants de STEP pour l&rsquo;accueil des sous-produits de l\u2019assainissement, le Graie a mis en place un r\u00e9seau d\u2019\u00e9changes r\u00e9gional des exploitants de &hellip;<\/p>\n","protected":false},"author":1,"featured_media":0,"parent":1096,"menu_order":0,"comment_status":"closed","ping_status":"closed","template":"","meta":{"_mi_skip_tracking":false,"footnotes":""},"acf":[],"yoast_head":"<!-- This site is optimized with the Yoast SEO plugin v19.13 - https:\/\/yoast.com\/wordpress\/plugins\/seo\/ -->\n<title>Stations d\u2019\u00e9puration | R\u00e9seau r\u00e9gional | Le Graie<\/title>\n<meta name=\"description\" content=\"Ce r\u00e9seau rassemble des exploitants de stations d\u2019\u00e9puration sur la gestion des STEP et notamment de leurs sites de d\u00e9potage et des sous-produits de l\u2019assainissement.\" \/>\n<meta name=\"robots\" content=\"index, follow, max-snippet:-1, max-image-preview:large, max-video-preview:-1\" \/>\n<link rel=\"canonical\" href=\"https:\/\/asso.graie.org\/portail\/animationregionale\/gt-stations-epuration\/\" \/>\n<meta property=\"og:locale\" content=\"fr_FR\" \/>\n<meta property=\"og:type\" content=\"article\" \/>\n<meta property=\"og:title\" content=\"Stations d\u2019\u00e9puration | R\u00e9seau r\u00e9gional | Le Graie\" \/>\n<meta property=\"og:description\" content=\"Ce r\u00e9seau rassemble des exploitants de stations d\u2019\u00e9puration sur la gestion des STEP et notamment de leurs sites de d\u00e9potage et des sous-produits de l\u2019assainissement.\" \/>\n<meta property=\"og:url\" content=\"https:\/\/asso.graie.org\/portail\/animationregionale\/gt-stations-epuration\/\" \/>\n<meta property=\"og:site_name\" content=\"Graie\" \/>\n<meta property=\"article:modified_time\" content=\"2026-02-11T14:40:21+00:00\" \/>\n<meta property=\"og:image\" content=\"https:\/\/asso.graie.org\/portail\/wp-content\/uploads\/2022\/05\/Banniere_GT_TEP-1024x246.png\" \/>\n<meta name=\"twitter:card\" content=\"summary_large_image\" \/>\n<meta name=\"twitter:site\" content=\"@asso_graie\" \/>\n<meta name=\"twitter:label1\" content=\"Dur\u00e9e de lecture estim\u00e9e\" \/>\n\t<meta name=\"twitter:data1\" content=\"2 minutes\" \/>\n<script type=\"application\/ld+json\" class=\"yoast-schema-graph\">{\"@context\":\"https:\/\/schema.org\",\"@graph\":[{\"@type\":\"WebPage\",\"@id\":\"https:\/\/asso.graie.org\/portail\/animationregionale\/gt-stations-epuration\/\",\"url\":\"https:\/\/asso.graie.org\/portail\/animationregionale\/gt-stations-epuration\/\",\"name\":\"Stations d\u2019\u00e9puration | R\u00e9seau r\u00e9gional | Le Graie\",\"isPartOf\":{\"@id\":\"https:\/\/asso.graie.org\/portail\/#website\"},\"datePublished\":\"2017-06-30T07:06:29+00:00\",\"dateModified\":\"2026-02-11T14:40:21+00:00\",\"description\":\"Ce r\u00e9seau rassemble des exploitants de stations d\u2019\u00e9puration sur la gestion des STEP et notamment de leurs sites de d\u00e9potage et des sous-produits de l\u2019assainissement.\",\"breadcrumb\":{\"@id\":\"https:\/\/asso.graie.org\/portail\/animationregionale\/gt-stations-epuration\/#breadcrumb\"},\"inLanguage\":\"fr-FR\",\"potentialAction\":[{\"@type\":\"ReadAction\",\"target\":[\"https:\/\/asso.graie.org\/portail\/animationregionale\/gt-stations-epuration\/\"]}]},{\"@type\":\"BreadcrumbList\",\"@id\":\"https:\/\/asso.graie.org\/portail\/animationregionale\/gt-stations-epuration\/#breadcrumb\",\"itemListElement\":[{\"@type\":\"ListItem\",\"position\":1,\"name\":\"Accueil\",\"item\":\"https:\/\/asso.graie.org\/portail\/\"},{\"@type\":\"ListItem\",\"position\":2,\"name\":\"Animation\",\"item\":\"https:\/\/asso.graie.org\/portail\/animationregionale\/\"},{\"@type\":\"ListItem\",\"position\":3,\"name\":\"Stations d\u2019\u00e9puration\"}]},{\"@type\":\"WebSite\",\"@id\":\"https:\/\/asso.graie.org\/portail\/#website\",\"url\":\"https:\/\/asso.graie.org\/portail\/\",\"name\":\"Graie\",\"description\":\"P\u00f4le Eau et Territoires\",\"publisher\":{\"@id\":\"https:\/\/asso.graie.org\/portail\/#organization\"},\"potentialAction\":[{\"@type\":\"SearchAction\",\"target\":{\"@type\":\"EntryPoint\",\"urlTemplate\":\"https:\/\/asso.graie.org\/portail\/?s={search_term_string}\"},\"query-input\":\"required name=search_term_string\"}],\"inLanguage\":\"fr-FR\"},{\"@type\":\"Organization\",\"@id\":\"https:\/\/asso.graie.org\/portail\/#organization\",\"name\":\"Le Graie\",\"url\":\"https:\/\/asso.graie.org\/portail\/\",\"logo\":{\"@type\":\"ImageObject\",\"inLanguage\":\"fr-FR\",\"@id\":\"https:\/\/asso.graie.org\/portail\/#\/schema\/logo\/image\/\",\"url\":\"https:\/\/asso.graie.org\/portail\/wp-content\/uploads\/2021\/12\/Logotype-Graie.png\",\"contentUrl\":\"https:\/\/asso.graie.org\/portail\/wp-content\/uploads\/2021\/12\/Logotype-Graie.png\",\"width\":1890,\"height\":1181,\"caption\":\"Le Graie\"},\"image\":{\"@id\":\"https:\/\/asso.graie.org\/portail\/#\/schema\/logo\/image\/\"},\"sameAs\":[\"https:\/\/fr.linkedin.com\/company\/graie?trk=top_nav_home\",\"https:\/\/www.youtube.com\/channel\/UCZQk0Tt7upYwERYNdDIZqLQ\",\"https:\/\/twitter.com\/asso_graie\"]}]}<\/script>\n<!-- \/ Yoast SEO plugin. -->","yoast_head_json":{"title":"Stations d\u2019\u00e9puration | R\u00e9seau r\u00e9gional | Le Graie","description":"Ce r\u00e9seau rassemble des exploitants de stations d\u2019\u00e9puration sur la gestion des STEP et notamment de leurs sites de d\u00e9potage et des sous-produits de l\u2019assainissement.","robots":{"index":"index","follow":"follow","max-snippet":"max-snippet:-1","max-image-preview":"max-image-preview:large","max-video-preview":"max-video-preview:-1"},"canonical":"https:\/\/asso.graie.org\/portail\/animationregionale\/gt-stations-epuration\/","og_locale":"fr_FR","og_type":"article","og_title":"Stations d\u2019\u00e9puration | R\u00e9seau r\u00e9gional | Le Graie","og_description":"Ce r\u00e9seau rassemble des exploitants de stations d\u2019\u00e9puration sur la gestion des STEP et notamment de leurs sites de d\u00e9potage et des sous-produits de l\u2019assainissement.","og_url":"https:\/\/asso.graie.org\/portail\/animationregionale\/gt-stations-epuration\/","og_site_name":"Graie","article_modified_time":"2026-02-11T14:40:21+00:00","og_image":[{"url":"https:\/\/asso.graie.org\/portail\/wp-content\/uploads\/2022\/05\/Banniere_GT_TEP-1024x246.png"}],"twitter_card":"summary_large_image","twitter_site":"@asso_graie","twitter_misc":{"Dur\u00e9e de lecture estim\u00e9e":"2 minutes"},"schema":{"@context":"https:\/\/schema.org","@graph":[{"@type":"WebPage","@id":"https:\/\/asso.graie.org\/portail\/animationregionale\/gt-stations-epuration\/","url":"https:\/\/asso.graie.org\/portail\/animationregionale\/gt-stations-epuration\/","name":"Stations d\u2019\u00e9puration | R\u00e9seau r\u00e9gional | Le Graie","isPartOf":{"@id":"https:\/\/asso.graie.org\/portail\/#website"},"datePublished":"2017-06-30T07:06:29+00:00","dateModified":"2026-02-11T14:40:21+00:00","description":"Ce r\u00e9seau rassemble des exploitants de stations d\u2019\u00e9puration sur la gestion des STEP et notamment de leurs sites de d\u00e9potage et des sous-produits de l\u2019assainissement.","breadcrumb":{"@id":"https:\/\/asso.graie.org\/portail\/animationregionale\/gt-stations-epuration\/#breadcrumb"},"inLanguage":"fr-FR","potentialAction":[{"@type":"ReadAction","target":["https:\/\/asso.graie.org\/portail\/animationregionale\/gt-stations-epuration\/"]}]},{"@type":"BreadcrumbList","@id":"https:\/\/asso.graie.org\/portail\/animationregionale\/gt-stations-epuration\/#breadcrumb","itemListElement":[{"@type":"ListItem","position":1,"name":"Accueil","item":"https:\/\/asso.graie.org\/portail\/"},{"@type":"ListItem","position":2,"name":"Animation","item":"https:\/\/asso.graie.org\/portail\/animationregionale\/"},{"@type":"ListItem","position":3,"name":"Stations d\u2019\u00e9puration"}]},{"@type":"WebSite","@id":"https:\/\/asso.graie.org\/portail\/#website","url":"https:\/\/asso.graie.org\/portail\/","name":"Graie","description":"P\u00f4le Eau et Territoires","publisher":{"@id":"https:\/\/asso.graie.org\/portail\/#organization"},"potentialAction":[{"@type":"SearchAction","target":{"@type":"EntryPoint","urlTemplate":"https:\/\/asso.graie.org\/portail\/?s={search_term_string}"},"query-input":"required name=search_term_string"}],"inLanguage":"fr-FR"},{"@type":"Organization","@id":"https:\/\/asso.graie.org\/portail\/#organization","name":"Le Graie","url":"https:\/\/asso.graie.org\/portail\/","logo":{"@type":"ImageObject","inLanguage":"fr-FR","@id":"https:\/\/asso.graie.org\/portail\/#\/schema\/logo\/image\/","url":"https:\/\/asso.graie.org\/portail\/wp-content\/uploads\/2021\/12\/Logotype-Graie.png","contentUrl":"https:\/\/asso.graie.org\/portail\/wp-content\/uploads\/2021\/12\/Logotype-Graie.png","width":1890,"height":1181,"caption":"Le Graie"},"image":{"@id":"https:\/\/asso.graie.org\/portail\/#\/schema\/logo\/image\/"},"sameAs":["https:\/\/fr.linkedin.com\/company\/graie?trk=top_nav_home","https:\/\/www.youtube.com\/channel\/UCZQk0Tt7upYwERYNdDIZqLQ","https:\/\/twitter.com\/asso_graie"]}]}},"_links":{"self":[{"href":"https:\/\/asso.graie.org\/portail\/wp-json\/wp\/v2\/pages\/1233"}],"collection":[{"href":"https:\/\/asso.graie.org\/portail\/wp-json\/wp\/v2\/pages"}],"about":[{"href":"https:\/\/asso.graie.org\/portail\/wp-json\/wp\/v2\/types\/page"}],"author":[{"embeddable":true,"href":"https:\/\/asso.graie.org\/portail\/wp-json\/wp\/v2\/users\/1"}],"replies":[{"embeddable":true,"href":"https:\/\/asso.graie.org\/portail\/wp-json\/wp\/v2\/comments?post=1233"}],"version-history":[{"count":29,"href":"https:\/\/asso.graie.org\/portail\/wp-json\/wp\/v2\/pages\/1233\/revisions"}],"predecessor-version":[{"id":31064,"href":"https:\/\/asso.graie.org\/portail\/wp-json\/wp\/v2\/pages\/1233\/revisions\/31064"}],"up":[{"embeddable":true,"href":"https:\/\/asso.graie.org\/portail\/wp-json\/wp\/v2\/pages\/1096"}],"wp:attachment":[{"href":"https:\/\/asso.graie.org\/portail\/wp-json\/wp\/v2\/media?parent=1233"}],"curies":[{"name":"wp","href":"https:\/\/api.w.org\/{rel}","templated":true}]}}