{"id":1235,"date":"2017-06-30T09:06:52","date_gmt":"2017-06-30T07:06:52","guid":{"rendered":"https:\/\/asso.graie.org\/portail\/?page_id=1235"},"modified":"2026-04-20T13:49:08","modified_gmt":"2026-04-20T11:49:08","slug":"gt-eaux-pluviales","status":"publish","type":"page","link":"https:\/\/asso.graie.org\/portail\/animationregionale\/gt-eaux-pluviales\/","title":{"rendered":"Gestion des Eaux Pluviales"},"content":{"rendered":"\n<div style=\"height:30px\" aria-hidden=\"true\" class=\"wp-block-spacer\"><\/div>\n\n\n\n<figure class=\"wp-block-image size-large\"><img decoding=\"async\" loading=\"lazy\" width=\"1024\" height=\"246\" src=\"https:\/\/asso.graie.org\/portail\/wp-content\/uploads\/2023\/01\/Copie-de-Banniere_GT_EauVille1-1024x246.png\" alt=\"\" class=\"wp-image-22513\" srcset=\"https:\/\/asso.graie.org\/portail\/wp-content\/uploads\/2023\/01\/Copie-de-Banniere_GT_EauVille1-1024x246.png 1024w, https:\/\/asso.graie.org\/portail\/wp-content\/uploads\/2023\/01\/Copie-de-Banniere_GT_EauVille1-300x72.png 300w, https:\/\/asso.graie.org\/portail\/wp-content\/uploads\/2023\/01\/Copie-de-Banniere_GT_EauVille1-768x185.png 768w, https:\/\/asso.graie.org\/portail\/wp-content\/uploads\/2023\/01\/Copie-de-Banniere_GT_EauVille1-1536x369.png 1536w, https:\/\/asso.graie.org\/portail\/wp-content\/uploads\/2023\/01\/Copie-de-Banniere_GT_EauVille1-2048x493.png 2048w\" sizes=\"(max-width: 1024px) 100vw, 1024px\" \/><\/figure>\n\n\n\n<div style=\"height:38px\" aria-hidden=\"true\" class=\"wp-block-spacer\"><\/div>\n\n\n\n<h2 class=\"wp-block-heading\">Le groupe de travail sur la gestion des eaux pluviales<\/h2>\n\n\n\n<div style=\"height:30px\" aria-hidden=\"true\" class=\"wp-block-spacer\"><\/div>\n\n\n\n<p> Le Graie anime depuis 2008 un <strong>groupe de travail r\u00e9gional <\/strong>sur cette th\u00e9matique, qui r\u00e9unit des experts et techniciens ayant des approches compl\u00e9mentaires sur la prise en compte des eaux pluviales sur leur territoire ou dans leur m\u00e9tier. L&rsquo;objectif de ce groupe est de <strong>promouvoir le d\u00e9veloppement de strat\u00e9gies, d&rsquo;op\u00e9rations et de solutions exemplaires<\/strong> en mati\u00e8re de gestion des eaux pluviales. Il s&rsquo;attache \u00e0 proposer des outils pour faciliter et am\u00e9liorer leur prise en compte, que ce soit \u00e0 l&rsquo;\u00e9chelle d&rsquo;un projet, d&rsquo;une commune ou d&rsquo;un bassin versant.<\/p>\n\n\n\n<div style=\"height:30px\" aria-hidden=\"true\" class=\"wp-block-spacer\"><\/div>\n\n\n\n<p>Le r\u00e9seau est \u00e0 l&rsquo;origine de guides pour la prise en compte des eaux pluviales dans les documents de planification et urbanisme (2009), et pour l\u2019\u00e9laboration du Sch\u00e9ma Directeur de Gestion des Eaux Pluviales (2011). Il est aujourd&rsquo;hui porteur d&rsquo;une d\u00e9marche plus offensive pour le d\u00e9veloppement des solutions de gestion \u00e0 la source des eaux pluviales sur la r\u00e9gion Auvergne-Rh\u00f4ne-Alpes, par la <strong>r\u00e9daction de documents de sensibilisation<\/strong> et <strong>l\u2019organisation de rencontres r\u00e9gionales<\/strong>.<\/p>\n\n\n\n<p>Le groupe est aussi porteur d\u2019un <strong>observatoire r\u00e9gional <\/strong>des op\u00e9rations exemplaires pour la gestion des eaux pluviales.<\/p>\n\n\n\n<div style=\"height:44px\" aria-hidden=\"true\" class=\"wp-block-spacer\"><\/div>\n\n\n\n<p class=\"has-text-color\" style=\"color:#3a2d87\"><strong><a href=\"https:\/\/www.graie.org\/graie\/graiedoc\/doc_telech\/Graie_Feuillederoute_GTPluvial_26.pdf\">Retrouvez ici la feuille de route du groupe de travail pour l&rsquo;ann\u00e9e 2026. <\/a><\/strong><\/p>\n\n\n\n<div style=\"height:44px\" aria-hidden=\"true\" class=\"wp-block-spacer\"><\/div>\n\n\n\n<p>Tous les travaux produits par le groupe sont accessibles sur le site du Graie.<\/p>\n\n\n\n<div style=\"height:52px\" aria-hidden=\"true\" class=\"wp-block-spacer\"><\/div>\n\n\n\n<h3 class=\"wp-block-heading\"><strong>Les rencontres annuelles du GT :<\/strong><\/h3>\n\n\n\n<p>Le Groupe de travail se r\u00e9unit 3 fois par an. En 2026, il se r\u00e9unira les :<\/p>\n\n\n\n<ul>\n<li>10 mars 2026<\/li>\n\n\n\n<li>28 mai 2026<\/li>\n\n\n\n<li>6 octobre 2026<\/li>\n<\/ul>\n\n\n\n<div style=\"height:52px\" aria-hidden=\"true\" class=\"wp-block-spacer\"><\/div>\n\n\n\n<h3 class=\"wp-block-heading\"><strong>Le public cible :<\/strong><\/h3>\n\n\n\n<div style=\"height:30px\" aria-hidden=\"true\" class=\"wp-block-spacer\"><\/div>\n\n\n\n<p>Les personnes concern\u00e9es par ce groupe de travail sont :<\/p>\n\n\n\n<div style=\"height:22px\" aria-hidden=\"true\" class=\"wp-block-spacer\"><\/div>\n\n\n\n<ul>\n<li>les collectivit\u00e9s locales et groupements en charge de la gestion des eaux pluviales<\/li>\n\n\n\n<li>leurs prestataires, bureaux d\u2019\u00e9tudes ou fournisseurs<\/li>\n\n\n\n<li>les institutions partenaires des collectivit\u00e9s locales (services de l&rsquo;\u00c9tat, Agence de l&rsquo;eau, R\u00e9gion, \u2026)<\/li>\n\n\n\n<li>les scientifiques travaillant sur cette th\u00e9matique<\/li>\n\n\n\n<li>et d&rsquo;\u00e9ventuelles personnes ressources pouvant alimenter les r\u00e9flexions du groupe<\/li>\n<\/ul>\n\n\n\n<div style=\"height:30px\" aria-hidden=\"true\" class=\"wp-block-spacer\"><\/div>\n\n\n\n<p><strong>Vous souhaitez rejoindre le groupe de travail&nbsp;?<\/strong><br><\/p>\n\n\n\n<div style=\"height:100px\" aria-hidden=\"true\" class=\"wp-block-spacer\"><\/div>\n\n\n\n<div class=\"wp-block-buttons is-layout-flex wp-block-buttons-is-layout-flex\">\n<div class=\"wp-block-button is-style-fill\"><a class=\"wp-block-button__link has-white-color has-text-color has-background wp-element-button\" href=\"https:\/\/asso.graie.org\/portail\/axel-greub\/\" style=\"background-color:#3a2d87\" target=\"_blank\" rel=\"noreferrer noopener\"><strong>Prendre contact avec Axel Greub<\/strong><\/a><\/div>\n<\/div>\n","protected":false},"excerpt":{"rendered":"<p>Le groupe de travail sur la gestion des eaux pluviales Le Graie anime depuis 2008 un groupe de travail r\u00e9gional sur cette th\u00e9matique, qui r\u00e9unit des experts et techniciens ayant des approches compl\u00e9mentaires sur la prise en compte des eaux &hellip;<\/p>\n","protected":false},"author":1,"featured_media":0,"parent":1096,"menu_order":0,"comment_status":"closed","ping_status":"closed","template":"","meta":{"_mi_skip_tracking":false,"footnotes":""},"acf":[],"yoast_head":"<!-- This site is optimized with the Yoast SEO plugin v19.13 - https:\/\/yoast.com\/wordpress\/plugins\/seo\/ -->\n<title>Gestion des Eaux Pluviales | R\u00e9seau r\u00e9gional | Le Graie<\/title>\n<meta name=\"description\" content=\"Ce r\u00e9seau r\u00e9gional vise \u00e0 promouvoir le d\u00e9veloppement de strat\u00e9gies, d&#039;op\u00e9rations et de solutions exemplaires en mati\u00e8re de gestion des eaux pluviales.\" \/>\n<meta name=\"robots\" content=\"index, follow, max-snippet:-1, max-image-preview:large, max-video-preview:-1\" \/>\n<link rel=\"canonical\" href=\"https:\/\/asso.graie.org\/portail\/animationregionale\/gt-eaux-pluviales\/\" \/>\n<meta property=\"og:locale\" content=\"fr_FR\" \/>\n<meta property=\"og:type\" content=\"article\" \/>\n<meta property=\"og:title\" content=\"Gestion des Eaux Pluviales | R\u00e9seau r\u00e9gional | Le Graie\" \/>\n<meta property=\"og:description\" content=\"Ce r\u00e9seau r\u00e9gional vise \u00e0 promouvoir le d\u00e9veloppement de strat\u00e9gies, d&#039;op\u00e9rations et de solutions exemplaires en mati\u00e8re de gestion des eaux pluviales.\" \/>\n<meta property=\"og:url\" content=\"https:\/\/asso.graie.org\/portail\/animationregionale\/gt-eaux-pluviales\/\" \/>\n<meta property=\"og:site_name\" content=\"Graie\" \/>\n<meta property=\"article:modified_time\" content=\"2026-04-20T11:49:08+00:00\" \/>\n<meta property=\"og:image\" content=\"https:\/\/asso.graie.org\/portail\/wp-content\/uploads\/2023\/01\/Copie-de-Banniere_GT_EauVille1-1024x246.png\" \/>\n<meta name=\"twitter:card\" content=\"summary_large_image\" \/>\n<meta name=\"twitter:site\" content=\"@asso_graie\" \/>\n<meta name=\"twitter:label1\" content=\"Dur\u00e9e de lecture estim\u00e9e\" \/>\n\t<meta name=\"twitter:data1\" content=\"2 minutes\" \/>\n<script type=\"application\/ld+json\" class=\"yoast-schema-graph\">{\"@context\":\"https:\/\/schema.org\",\"@graph\":[{\"@type\":\"WebPage\",\"@id\":\"https:\/\/asso.graie.org\/portail\/animationregionale\/gt-eaux-pluviales\/\",\"url\":\"https:\/\/asso.graie.org\/portail\/animationregionale\/gt-eaux-pluviales\/\",\"name\":\"Gestion des Eaux Pluviales | R\u00e9seau r\u00e9gional | Le Graie\",\"isPartOf\":{\"@id\":\"https:\/\/asso.graie.org\/portail\/#website\"},\"datePublished\":\"2017-06-30T07:06:52+00:00\",\"dateModified\":\"2026-04-20T11:49:08+00:00\",\"description\":\"Ce r\u00e9seau r\u00e9gional vise \u00e0 promouvoir le d\u00e9veloppement de strat\u00e9gies, d'op\u00e9rations et de solutions exemplaires en mati\u00e8re de gestion des eaux pluviales.\",\"breadcrumb\":{\"@id\":\"https:\/\/asso.graie.org\/portail\/animationregionale\/gt-eaux-pluviales\/#breadcrumb\"},\"inLanguage\":\"fr-FR\",\"potentialAction\":[{\"@type\":\"ReadAction\",\"target\":[\"https:\/\/asso.graie.org\/portail\/animationregionale\/gt-eaux-pluviales\/\"]}]},{\"@type\":\"BreadcrumbList\",\"@id\":\"https:\/\/asso.graie.org\/portail\/animationregionale\/gt-eaux-pluviales\/#breadcrumb\",\"itemListElement\":[{\"@type\":\"ListItem\",\"position\":1,\"name\":\"Accueil\",\"item\":\"https:\/\/asso.graie.org\/portail\/\"},{\"@type\":\"ListItem\",\"position\":2,\"name\":\"Animation\",\"item\":\"https:\/\/asso.graie.org\/portail\/animationregionale\/\"},{\"@type\":\"ListItem\",\"position\":3,\"name\":\"Gestion des Eaux Pluviales\"}]},{\"@type\":\"WebSite\",\"@id\":\"https:\/\/asso.graie.org\/portail\/#website\",\"url\":\"https:\/\/asso.graie.org\/portail\/\",\"name\":\"Graie\",\"description\":\"P\u00f4le Eau et Territoires\",\"publisher\":{\"@id\":\"https:\/\/asso.graie.org\/portail\/#organization\"},\"potentialAction\":[{\"@type\":\"SearchAction\",\"target\":{\"@type\":\"EntryPoint\",\"urlTemplate\":\"https:\/\/asso.graie.org\/portail\/?s={search_term_string}\"},\"query-input\":\"required name=search_term_string\"}],\"inLanguage\":\"fr-FR\"},{\"@type\":\"Organization\",\"@id\":\"https:\/\/asso.graie.org\/portail\/#organization\",\"name\":\"Le Graie\",\"url\":\"https:\/\/asso.graie.org\/portail\/\",\"logo\":{\"@type\":\"ImageObject\",\"inLanguage\":\"fr-FR\",\"@id\":\"https:\/\/asso.graie.org\/portail\/#\/schema\/logo\/image\/\",\"url\":\"https:\/\/asso.graie.org\/portail\/wp-content\/uploads\/2021\/12\/Logotype-Graie.png\",\"contentUrl\":\"https:\/\/asso.graie.org\/portail\/wp-content\/uploads\/2021\/12\/Logotype-Graie.png\",\"width\":1890,\"height\":1181,\"caption\":\"Le Graie\"},\"image\":{\"@id\":\"https:\/\/asso.graie.org\/portail\/#\/schema\/logo\/image\/\"},\"sameAs\":[\"https:\/\/fr.linkedin.com\/company\/graie?trk=top_nav_home\",\"https:\/\/www.youtube.com\/channel\/UCZQk0Tt7upYwERYNdDIZqLQ\",\"https:\/\/twitter.com\/asso_graie\"]}]}<\/script>\n<!-- \/ Yoast SEO plugin. -->","yoast_head_json":{"title":"Gestion des Eaux Pluviales | R\u00e9seau r\u00e9gional | Le Graie","description":"Ce r\u00e9seau r\u00e9gional vise \u00e0 promouvoir le d\u00e9veloppement de strat\u00e9gies, d'op\u00e9rations et de solutions exemplaires en mati\u00e8re de gestion des eaux pluviales.","robots":{"index":"index","follow":"follow","max-snippet":"max-snippet:-1","max-image-preview":"max-image-preview:large","max-video-preview":"max-video-preview:-1"},"canonical":"https:\/\/asso.graie.org\/portail\/animationregionale\/gt-eaux-pluviales\/","og_locale":"fr_FR","og_type":"article","og_title":"Gestion des Eaux Pluviales | R\u00e9seau r\u00e9gional | Le Graie","og_description":"Ce r\u00e9seau r\u00e9gional vise \u00e0 promouvoir le d\u00e9veloppement de strat\u00e9gies, d'op\u00e9rations et de solutions exemplaires en mati\u00e8re de gestion des eaux pluviales.","og_url":"https:\/\/asso.graie.org\/portail\/animationregionale\/gt-eaux-pluviales\/","og_site_name":"Graie","article_modified_time":"2026-04-20T11:49:08+00:00","og_image":[{"url":"https:\/\/asso.graie.org\/portail\/wp-content\/uploads\/2023\/01\/Copie-de-Banniere_GT_EauVille1-1024x246.png"}],"twitter_card":"summary_large_image","twitter_site":"@asso_graie","twitter_misc":{"Dur\u00e9e de lecture estim\u00e9e":"2 minutes"},"schema":{"@context":"https:\/\/schema.org","@graph":[{"@type":"WebPage","@id":"https:\/\/asso.graie.org\/portail\/animationregionale\/gt-eaux-pluviales\/","url":"https:\/\/asso.graie.org\/portail\/animationregionale\/gt-eaux-pluviales\/","name":"Gestion des Eaux Pluviales | R\u00e9seau r\u00e9gional | Le Graie","isPartOf":{"@id":"https:\/\/asso.graie.org\/portail\/#website"},"datePublished":"2017-06-30T07:06:52+00:00","dateModified":"2026-04-20T11:49:08+00:00","description":"Ce r\u00e9seau r\u00e9gional vise \u00e0 promouvoir le d\u00e9veloppement de strat\u00e9gies, d'op\u00e9rations et de solutions exemplaires en mati\u00e8re de gestion des eaux pluviales.","breadcrumb":{"@id":"https:\/\/asso.graie.org\/portail\/animationregionale\/gt-eaux-pluviales\/#breadcrumb"},"inLanguage":"fr-FR","potentialAction":[{"@type":"ReadAction","target":["https:\/\/asso.graie.org\/portail\/animationregionale\/gt-eaux-pluviales\/"]}]},{"@type":"BreadcrumbList","@id":"https:\/\/asso.graie.org\/portail\/animationregionale\/gt-eaux-pluviales\/#breadcrumb","itemListElement":[{"@type":"ListItem","position":1,"name":"Accueil","item":"https:\/\/asso.graie.org\/portail\/"},{"@type":"ListItem","position":2,"name":"Animation","item":"https:\/\/asso.graie.org\/portail\/animationregionale\/"},{"@type":"ListItem","position":3,"name":"Gestion des Eaux Pluviales"}]},{"@type":"WebSite","@id":"https:\/\/asso.graie.org\/portail\/#website","url":"https:\/\/asso.graie.org\/portail\/","name":"Graie","description":"P\u00f4le Eau et Territoires","publisher":{"@id":"https:\/\/asso.graie.org\/portail\/#organization"},"potentialAction":[{"@type":"SearchAction","target":{"@type":"EntryPoint","urlTemplate":"https:\/\/asso.graie.org\/portail\/?s={search_term_string}"},"query-input":"required name=search_term_string"}],"inLanguage":"fr-FR"},{"@type":"Organization","@id":"https:\/\/asso.graie.org\/portail\/#organization","name":"Le Graie","url":"https:\/\/asso.graie.org\/portail\/","logo":{"@type":"ImageObject","inLanguage":"fr-FR","@id":"https:\/\/asso.graie.org\/portail\/#\/schema\/logo\/image\/","url":"https:\/\/asso.graie.org\/portail\/wp-content\/uploads\/2021\/12\/Logotype-Graie.png","contentUrl":"https:\/\/asso.graie.org\/portail\/wp-content\/uploads\/2021\/12\/Logotype-Graie.png","width":1890,"height":1181,"caption":"Le Graie"},"image":{"@id":"https:\/\/asso.graie.org\/portail\/#\/schema\/logo\/image\/"},"sameAs":["https:\/\/fr.linkedin.com\/company\/graie?trk=top_nav_home","https:\/\/www.youtube.com\/channel\/UCZQk0Tt7upYwERYNdDIZqLQ","https:\/\/twitter.com\/asso_graie"]}]}},"_links":{"self":[{"href":"https:\/\/asso.graie.org\/portail\/wp-json\/wp\/v2\/pages\/1235"}],"collection":[{"href":"https:\/\/asso.graie.org\/portail\/wp-json\/wp\/v2\/pages"}],"about":[{"href":"https:\/\/asso.graie.org\/portail\/wp-json\/wp\/v2\/types\/page"}],"author":[{"embeddable":true,"href":"https:\/\/asso.graie.org\/portail\/wp-json\/wp\/v2\/users\/1"}],"replies":[{"embeddable":true,"href":"https:\/\/asso.graie.org\/portail\/wp-json\/wp\/v2\/comments?post=1235"}],"version-history":[{"count":57,"href":"https:\/\/asso.graie.org\/portail\/wp-json\/wp\/v2\/pages\/1235\/revisions"}],"predecessor-version":[{"id":31909,"href":"https:\/\/asso.graie.org\/portail\/wp-json\/wp\/v2\/pages\/1235\/revisions\/31909"}],"up":[{"embeddable":true,"href":"https:\/\/asso.graie.org\/portail\/wp-json\/wp\/v2\/pages\/1096"}],"wp:attachment":[{"href":"https:\/\/asso.graie.org\/portail\/wp-json\/wp\/v2\/media?parent=1235"}],"curies":[{"name":"wp","href":"https:\/\/api.w.org\/{rel}","templated":true}]}}