{"id":1239,"date":"2017-06-30T09:07:20","date_gmt":"2017-06-30T07:07:20","guid":{"rendered":"https:\/\/asso.graie.org\/portail\/?page_id=1239"},"modified":"2024-10-22T12:28:46","modified_gmt":"2024-10-22T10:28:46","slug":"gt-competences-eau-et-assainissement","status":"publish","type":"page","link":"https:\/\/asso.graie.org\/portail\/animationregionale\/gt-competences-eau-et-assainissement\/","title":{"rendered":"Comp\u00e9tence Eau et Assainissement"},"content":{"rendered":"\n<figure class=\"wp-block-image size-large\"><img decoding=\"async\" loading=\"lazy\" width=\"1024\" height=\"246\" src=\"https:\/\/asso.graie.org\/portail\/wp-content\/uploads\/2023\/01\/Copie-de-Banniere_GT_EauVille-1024x246.png\" alt=\"\" class=\"wp-image-22510\" srcset=\"https:\/\/asso.graie.org\/portail\/wp-content\/uploads\/2023\/01\/Copie-de-Banniere_GT_EauVille-1024x246.png 1024w, https:\/\/asso.graie.org\/portail\/wp-content\/uploads\/2023\/01\/Copie-de-Banniere_GT_EauVille-300x72.png 300w, https:\/\/asso.graie.org\/portail\/wp-content\/uploads\/2023\/01\/Copie-de-Banniere_GT_EauVille-768x185.png 768w, https:\/\/asso.graie.org\/portail\/wp-content\/uploads\/2023\/01\/Copie-de-Banniere_GT_EauVille-1536x369.png 1536w, https:\/\/asso.graie.org\/portail\/wp-content\/uploads\/2023\/01\/Copie-de-Banniere_GT_EauVille-2048x492.png 2048w\" sizes=\"(max-width: 1024px) 100vw, 1024px\" \/><\/figure>\n\n\n\n<div style=\"height:44px\" aria-hidden=\"true\" class=\"wp-block-spacer\"><\/div>\n\n\n\n<h2 class=\"wp-block-heading\">Le groupe de travail sur la comp\u00e9tence eau et assainissement<\/h2>\n\n\n\n<div style=\"height:35px\" aria-hidden=\"true\" class=\"wp-block-spacer\"><\/div>\n\n\n\n<h4 class=\"wp-block-heading\"><strong>Apr\u00e8s approbation par le conseil d&rsquo;administration, Le Graie a d\u00e9cid\u00e9 d&rsquo;arr\u00eater l&rsquo;animation du groupe de travail \u00ab\u00a0Comp\u00e9tences\u00a0\u00bb, mis en place en 2018.<\/strong><\/h4>\n\n\n\n<div style=\"height:35px\" aria-hidden=\"true\" class=\"wp-block-spacer\"><\/div>\n\n\n\n<p>Afin d\u2019accompagner les collectivit\u00e9s en cours de r\u00e9flexion pour le transfert des comp\u00e9tences eau et assainissement, notamment dans le cadre de la Loi NOTRe, le Graie a lanc\u00e9 en 2018 un groupe de travail r\u00e9gional pour mutualiser les r\u00e9flexions et partager les exp\u00e9riences sur <a href=\"https:\/\/asso.graie.org\/portail\/thematiques\/eau-dans-la-ville\/competences\/\">cette th\u00e9matique<\/a>.<\/p>\n\n\n\n<div style=\"height:48px\" aria-hidden=\"true\" class=\"wp-block-spacer\"><\/div>\n\n\n\n<p>Une <a href=\"https:\/\/asso.graie.org\/portail\/conference-regionale-nouveaux-territoires-nouvelles-competences-eau-assainissement\/\">premi\u00e8re rencontre le 11 avril 2017 <\/a>a mis en \u00e9vidence :<\/p>\n\n\n\n<ul>\n<li>l&rsquo;importance de la p\u00e9dagogie, de l&rsquo;appropriation des principes par chacun et de la d\u00e9finition et du partage&nbsp; d&rsquo;objectifs bien formalis\u00e9s, dans une approche int\u00e9gr\u00e9e de la gestion de l&rsquo;eau dans la ville ; les <a href=\"https:\/\/asso.graie.org\/portail\/animationregionale\/territoires-eau-responsables\/\">principes de l&rsquo;IWA pour des territoires eau-responsables<\/a> semblent apporter un cadre m\u00e9thodologique pertinent pour ce faire.<\/li>\n\n\n\n<li>les difficult\u00e9s particuli\u00e8res soulev\u00e9es par la question de la gestion des eaux pluviales dans ces \u00e9tapes de d\u00e9finition des comp\u00e9tences, th\u00e9matique phare du Graie sur laquelle il serait possible d&rsquo;apporter des contributions judicieuses.<\/li>\n<\/ul>\n\n\n\n<div style=\"height:32px\" aria-hidden=\"true\" class=\"wp-block-spacer\"><\/div>\n\n\n\n<p><a href=\"https:\/\/asso.graie.org\/portail\/journee-competences-eaux-assainissement-2018-03-20\/\">Une seconde rencontre a \u00e9t\u00e9 organis\u00e9e le 20 mars 2018<\/a> pour approfondir les \u00e9changes autour de 3 questions :<\/p>\n\n\n\n<ul>\n<li>le patrimoine : \u00e9tat des lieux avant transfert<\/li>\n\n\n\n<li>la strat\u00e9gie et le portage du transfert : d\u00e9finition des objectifs, sc\u00e9narios et niveaux de service<\/li>\n\n\n\n<li>les temporalit\u00e9s : organisation des transferts et \u00e9volution des modes de gestion<\/li>\n<\/ul>\n\n\n\n<div style=\"height:32px\" aria-hidden=\"true\" class=\"wp-block-spacer\"><\/div>\n\n\n\n<h3 class=\"wp-block-heading\"><strong>Le public cible :<br><\/strong><\/h3>\n\n\n\n<ul>\n<li>\u00c9lus et agents des collectivit\u00e9s<\/li>\n\n\n\n<li>Leurs prestataires et partenaires<\/li>\n<\/ul>\n\n\n\n<p><strong>Vous souhaitez rejoindre le r\u00e9seau&nbsp;?<\/strong><br>Prenez contact avec&nbsp; <a class=\"lightbox-enabled\" href=\"https:\/\/asso.graie.org\/portail\/elodie-brelot\/\" data-caption=\"\" title=\"\">\u00c9lodie BRELOT<\/a>\n","protected":false},"excerpt":{"rendered":"<p>Le groupe de travail sur la comp\u00e9tence eau et assainissement Apr\u00e8s approbation par le conseil d&rsquo;administration, Le Graie a d\u00e9cid\u00e9 d&rsquo;arr\u00eater l&rsquo;animation du groupe de travail \u00ab\u00a0Comp\u00e9tences\u00a0\u00bb, mis en place en 2018. Afin d\u2019accompagner les collectivit\u00e9s en cours de r\u00e9flexion &hellip;<\/p>\n","protected":false},"author":1,"featured_media":0,"parent":1096,"menu_order":0,"comment_status":"closed","ping_status":"closed","template":"","meta":{"_mi_skip_tracking":false,"footnotes":""},"acf":[],"yoast_head":"<!-- This site is optimized with the Yoast SEO plugin v19.13 - https:\/\/yoast.com\/wordpress\/plugins\/seo\/ -->\n<title>Comp\u00e9tence Eau et Assainissement | R\u00e9seau r\u00e9gional | Le Graie<\/title>\n<meta name=\"description\" content=\"Le Graie a lanc\u00e9 ce r\u00e9seau afin d\u2019accompagner les collectivit\u00e9s en cours de r\u00e9flexion pour le transfert des comp\u00e9tences eau et assainissement, notamment dans le cadre de la Loi NOTRe.\" \/>\n<meta name=\"robots\" content=\"index, follow, max-snippet:-1, max-image-preview:large, max-video-preview:-1\" \/>\n<link rel=\"canonical\" href=\"https:\/\/asso.graie.org\/portail\/animationregionale\/gt-competences-eau-et-assainissement\/\" \/>\n<meta property=\"og:locale\" content=\"fr_FR\" \/>\n<meta property=\"og:type\" content=\"article\" \/>\n<meta property=\"og:title\" content=\"Comp\u00e9tence Eau et Assainissement | R\u00e9seau r\u00e9gional | Le Graie\" \/>\n<meta property=\"og:description\" content=\"Le Graie a lanc\u00e9 ce r\u00e9seau afin d\u2019accompagner les collectivit\u00e9s en cours de r\u00e9flexion pour le transfert des comp\u00e9tences eau et assainissement, notamment dans le cadre de la Loi NOTRe.\" \/>\n<meta property=\"og:url\" content=\"https:\/\/asso.graie.org\/portail\/animationregionale\/gt-competences-eau-et-assainissement\/\" \/>\n<meta property=\"og:site_name\" content=\"Graie\" \/>\n<meta property=\"article:modified_time\" content=\"2024-10-22T10:28:46+00:00\" \/>\n<meta property=\"og:image\" content=\"https:\/\/asso.graie.org\/portail\/wp-content\/uploads\/2023\/01\/Copie-de-Banniere_GT_EauVille-1024x246.png\" \/>\n<meta name=\"twitter:card\" content=\"summary_large_image\" \/>\n<meta name=\"twitter:site\" content=\"@asso_graie\" \/>\n<meta name=\"twitter:label1\" content=\"Dur\u00e9e de lecture estim\u00e9e\" \/>\n\t<meta name=\"twitter:data1\" content=\"2 minutes\" \/>\n<script type=\"application\/ld+json\" class=\"yoast-schema-graph\">{\"@context\":\"https:\/\/schema.org\",\"@graph\":[{\"@type\":\"WebPage\",\"@id\":\"https:\/\/asso.graie.org\/portail\/animationregionale\/gt-competences-eau-et-assainissement\/\",\"url\":\"https:\/\/asso.graie.org\/portail\/animationregionale\/gt-competences-eau-et-assainissement\/\",\"name\":\"Comp\u00e9tence Eau et Assainissement | R\u00e9seau r\u00e9gional | Le Graie\",\"isPartOf\":{\"@id\":\"https:\/\/asso.graie.org\/portail\/#website\"},\"datePublished\":\"2017-06-30T07:07:20+00:00\",\"dateModified\":\"2024-10-22T10:28:46+00:00\",\"description\":\"Le Graie a lanc\u00e9 ce r\u00e9seau afin d\u2019accompagner les collectivit\u00e9s en cours de r\u00e9flexion pour le transfert des comp\u00e9tences eau et assainissement, notamment dans le cadre de la Loi NOTRe.\",\"breadcrumb\":{\"@id\":\"https:\/\/asso.graie.org\/portail\/animationregionale\/gt-competences-eau-et-assainissement\/#breadcrumb\"},\"inLanguage\":\"fr-FR\",\"potentialAction\":[{\"@type\":\"ReadAction\",\"target\":[\"https:\/\/asso.graie.org\/portail\/animationregionale\/gt-competences-eau-et-assainissement\/\"]}]},{\"@type\":\"BreadcrumbList\",\"@id\":\"https:\/\/asso.graie.org\/portail\/animationregionale\/gt-competences-eau-et-assainissement\/#breadcrumb\",\"itemListElement\":[{\"@type\":\"ListItem\",\"position\":1,\"name\":\"Accueil\",\"item\":\"https:\/\/asso.graie.org\/portail\/\"},{\"@type\":\"ListItem\",\"position\":2,\"name\":\"Animation\",\"item\":\"https:\/\/asso.graie.org\/portail\/animationregionale\/\"},{\"@type\":\"ListItem\",\"position\":3,\"name\":\"Comp\u00e9tence Eau et Assainissement\"}]},{\"@type\":\"WebSite\",\"@id\":\"https:\/\/asso.graie.org\/portail\/#website\",\"url\":\"https:\/\/asso.graie.org\/portail\/\",\"name\":\"Graie\",\"description\":\"P\u00f4le Eau et Territoires\",\"publisher\":{\"@id\":\"https:\/\/asso.graie.org\/portail\/#organization\"},\"potentialAction\":[{\"@type\":\"SearchAction\",\"target\":{\"@type\":\"EntryPoint\",\"urlTemplate\":\"https:\/\/asso.graie.org\/portail\/?s={search_term_string}\"},\"query-input\":\"required name=search_term_string\"}],\"inLanguage\":\"fr-FR\"},{\"@type\":\"Organization\",\"@id\":\"https:\/\/asso.graie.org\/portail\/#organization\",\"name\":\"Le Graie\",\"url\":\"https:\/\/asso.graie.org\/portail\/\",\"logo\":{\"@type\":\"ImageObject\",\"inLanguage\":\"fr-FR\",\"@id\":\"https:\/\/asso.graie.org\/portail\/#\/schema\/logo\/image\/\",\"url\":\"https:\/\/asso.graie.org\/portail\/wp-content\/uploads\/2021\/12\/Logotype-Graie.png\",\"contentUrl\":\"https:\/\/asso.graie.org\/portail\/wp-content\/uploads\/2021\/12\/Logotype-Graie.png\",\"width\":1890,\"height\":1181,\"caption\":\"Le Graie\"},\"image\":{\"@id\":\"https:\/\/asso.graie.org\/portail\/#\/schema\/logo\/image\/\"},\"sameAs\":[\"https:\/\/fr.linkedin.com\/company\/graie?trk=top_nav_home\",\"https:\/\/www.youtube.com\/channel\/UCZQk0Tt7upYwERYNdDIZqLQ\",\"https:\/\/twitter.com\/asso_graie\"]}]}<\/script>\n<!-- \/ Yoast SEO plugin. -->","yoast_head_json":{"title":"Comp\u00e9tence Eau et Assainissement | R\u00e9seau r\u00e9gional | Le Graie","description":"Le Graie a lanc\u00e9 ce r\u00e9seau afin d\u2019accompagner les collectivit\u00e9s en cours de r\u00e9flexion pour le transfert des comp\u00e9tences eau et assainissement, notamment dans le cadre de la Loi NOTRe.","robots":{"index":"index","follow":"follow","max-snippet":"max-snippet:-1","max-image-preview":"max-image-preview:large","max-video-preview":"max-video-preview:-1"},"canonical":"https:\/\/asso.graie.org\/portail\/animationregionale\/gt-competences-eau-et-assainissement\/","og_locale":"fr_FR","og_type":"article","og_title":"Comp\u00e9tence Eau et Assainissement | R\u00e9seau r\u00e9gional | Le Graie","og_description":"Le Graie a lanc\u00e9 ce r\u00e9seau afin d\u2019accompagner les collectivit\u00e9s en cours de r\u00e9flexion pour le transfert des comp\u00e9tences eau et assainissement, notamment dans le cadre de la Loi NOTRe.","og_url":"https:\/\/asso.graie.org\/portail\/animationregionale\/gt-competences-eau-et-assainissement\/","og_site_name":"Graie","article_modified_time":"2024-10-22T10:28:46+00:00","og_image":[{"url":"https:\/\/asso.graie.org\/portail\/wp-content\/uploads\/2023\/01\/Copie-de-Banniere_GT_EauVille-1024x246.png"}],"twitter_card":"summary_large_image","twitter_site":"@asso_graie","twitter_misc":{"Dur\u00e9e de lecture estim\u00e9e":"2 minutes"},"schema":{"@context":"https:\/\/schema.org","@graph":[{"@type":"WebPage","@id":"https:\/\/asso.graie.org\/portail\/animationregionale\/gt-competences-eau-et-assainissement\/","url":"https:\/\/asso.graie.org\/portail\/animationregionale\/gt-competences-eau-et-assainissement\/","name":"Comp\u00e9tence Eau et Assainissement | R\u00e9seau r\u00e9gional | Le Graie","isPartOf":{"@id":"https:\/\/asso.graie.org\/portail\/#website"},"datePublished":"2017-06-30T07:07:20+00:00","dateModified":"2024-10-22T10:28:46+00:00","description":"Le Graie a lanc\u00e9 ce r\u00e9seau afin d\u2019accompagner les collectivit\u00e9s en cours de r\u00e9flexion pour le transfert des comp\u00e9tences eau et assainissement, notamment dans le cadre de la Loi NOTRe.","breadcrumb":{"@id":"https:\/\/asso.graie.org\/portail\/animationregionale\/gt-competences-eau-et-assainissement\/#breadcrumb"},"inLanguage":"fr-FR","potentialAction":[{"@type":"ReadAction","target":["https:\/\/asso.graie.org\/portail\/animationregionale\/gt-competences-eau-et-assainissement\/"]}]},{"@type":"BreadcrumbList","@id":"https:\/\/asso.graie.org\/portail\/animationregionale\/gt-competences-eau-et-assainissement\/#breadcrumb","itemListElement":[{"@type":"ListItem","position":1,"name":"Accueil","item":"https:\/\/asso.graie.org\/portail\/"},{"@type":"ListItem","position":2,"name":"Animation","item":"https:\/\/asso.graie.org\/portail\/animationregionale\/"},{"@type":"ListItem","position":3,"name":"Comp\u00e9tence Eau et Assainissement"}]},{"@type":"WebSite","@id":"https:\/\/asso.graie.org\/portail\/#website","url":"https:\/\/asso.graie.org\/portail\/","name":"Graie","description":"P\u00f4le Eau et Territoires","publisher":{"@id":"https:\/\/asso.graie.org\/portail\/#organization"},"potentialAction":[{"@type":"SearchAction","target":{"@type":"EntryPoint","urlTemplate":"https:\/\/asso.graie.org\/portail\/?s={search_term_string}"},"query-input":"required name=search_term_string"}],"inLanguage":"fr-FR"},{"@type":"Organization","@id":"https:\/\/asso.graie.org\/portail\/#organization","name":"Le Graie","url":"https:\/\/asso.graie.org\/portail\/","logo":{"@type":"ImageObject","inLanguage":"fr-FR","@id":"https:\/\/asso.graie.org\/portail\/#\/schema\/logo\/image\/","url":"https:\/\/asso.graie.org\/portail\/wp-content\/uploads\/2021\/12\/Logotype-Graie.png","contentUrl":"https:\/\/asso.graie.org\/portail\/wp-content\/uploads\/2021\/12\/Logotype-Graie.png","width":1890,"height":1181,"caption":"Le Graie"},"image":{"@id":"https:\/\/asso.graie.org\/portail\/#\/schema\/logo\/image\/"},"sameAs":["https:\/\/fr.linkedin.com\/company\/graie?trk=top_nav_home","https:\/\/www.youtube.com\/channel\/UCZQk0Tt7upYwERYNdDIZqLQ","https:\/\/twitter.com\/asso_graie"]}]}},"_links":{"self":[{"href":"https:\/\/asso.graie.org\/portail\/wp-json\/wp\/v2\/pages\/1239"}],"collection":[{"href":"https:\/\/asso.graie.org\/portail\/wp-json\/wp\/v2\/pages"}],"about":[{"href":"https:\/\/asso.graie.org\/portail\/wp-json\/wp\/v2\/types\/page"}],"author":[{"embeddable":true,"href":"https:\/\/asso.graie.org\/portail\/wp-json\/wp\/v2\/users\/1"}],"replies":[{"embeddable":true,"href":"https:\/\/asso.graie.org\/portail\/wp-json\/wp\/v2\/comments?post=1239"}],"version-history":[{"count":25,"href":"https:\/\/asso.graie.org\/portail\/wp-json\/wp\/v2\/pages\/1239\/revisions"}],"predecessor-version":[{"id":26801,"href":"https:\/\/asso.graie.org\/portail\/wp-json\/wp\/v2\/pages\/1239\/revisions\/26801"}],"up":[{"embeddable":true,"href":"https:\/\/asso.graie.org\/portail\/wp-json\/wp\/v2\/pages\/1096"}],"wp:attachment":[{"href":"https:\/\/asso.graie.org\/portail\/wp-json\/wp\/v2\/media?parent=1239"}],"curies":[{"name":"wp","href":"https:\/\/api.w.org\/{rel}","templated":true}]}}