{"id":1245,"date":"2017-02-26T09:08:05","date_gmt":"2017-02-26T08:08:05","guid":{"rendered":"https:\/\/asso.graie.org\/portail\/?page_id=1245"},"modified":"2025-05-05T16:38:19","modified_gmt":"2025-05-05T14:38:19","slug":"territoires-eau-responsables","status":"publish","type":"page","link":"https:\/\/asso.graie.org\/portail\/animationregionale\/animations-specifiques\/territoires-eau-responsables\/","title":{"rendered":"Principes \u00ab\u00a0Eau-Responsables\u00a0\u00bb"},"content":{"rendered":"<h2><strong>Mettre en valeur l\u2019engagement des collectivit\u00e9s pour des territoires \u00ab\u00a0Eau-Responsables\u00a0\u00bb<\/strong><\/h2>\n<p>&nbsp;<\/p>\n<h2><strong><img decoding=\"async\" loading=\"lazy\" class=\"alignleft wp-image-13338\" src=\"https:\/\/asso.graie.org\/portail\/wp-content\/uploads\/2019\/04\/iwacerclerogne.png\" alt=\"\" width=\"358\" height=\"356\" srcset=\"https:\/\/asso.graie.org\/portail\/wp-content\/uploads\/2019\/04\/iwacerclerogne.png 658w, https:\/\/asso.graie.org\/portail\/wp-content\/uploads\/2019\/04\/iwacerclerogne-150x150.png 150w, https:\/\/asso.graie.org\/portail\/wp-content\/uploads\/2019\/04\/iwacerclerogne-600x597.png 600w, https:\/\/asso.graie.org\/portail\/wp-content\/uploads\/2019\/04\/iwacerclerogne-100x100.png 100w\" sizes=\"(max-width: 358px) 100vw, 358px\" \/><\/strong><\/h2>\n<p>Le Graie, avec le soutien de l&rsquo;IWA &#8211;\u00a0association internationale pour l&rsquo;eau\u00a0&#8211; et de la section territoriale de l\u2019ASTEE a lanc\u00e9 une dynamique en 2017 autour des territoires eau-responsables.<\/p>\n<h2><strong>\u00a0<\/strong><\/h2>\n<p>&nbsp;<\/p>\n<p><strong>L\u2019objectif est de f\u00e9d\u00e9rer les collectivit\u00e9s de la r\u00e9gion Auvergne-Rh\u00f4ne-Alpes pour progresser ensemble dans la mise en \u0153uvre des politiques, des strat\u00e9gies et des r\u00e9ponses techniques pour des territoires toujours plus \u00ab\u00a0eau-responsables\u00a0\u00bb.<\/strong><\/p>\n<p>&nbsp;<\/p>\n<p>Vous aussi, signez les principes ! Rejoignez <a href=\"https:\/\/asso.graie.org\/portail\/signature-principes-iwa\/\">les 25 collectivit\u00e9s engag\u00e9es sur la voie des territoires \u00ab\u00a0Eau-Responsables\u00a0\u00bb<\/a>.<\/p>\n<p>&nbsp;<\/p>\n<p><img decoding=\"async\" loading=\"lazy\" class=\"wp-image-6912 size-large\" src=\"https:\/\/asso.graie.org\/portail\/wp-content\/uploads\/2017\/08\/1SignatureEauResponsable-\u00aePluquetPA-125-1024x372.jpg\" alt=\"Signature des principes de l'IWA - 26 septembre 2017\" width=\"708\" height=\"257\" srcset=\"https:\/\/asso.graie.org\/portail\/wp-content\/uploads\/2017\/08\/1SignatureEauResponsable-\u00aePluquetPA-125-1024x372.jpg 1024w, https:\/\/asso.graie.org\/portail\/wp-content\/uploads\/2017\/08\/1SignatureEauResponsable-\u00aePluquetPA-125-600x218.jpg 600w, https:\/\/asso.graie.org\/portail\/wp-content\/uploads\/2017\/08\/1SignatureEauResponsable-\u00aePluquetPA-125-300x109.jpg 300w, https:\/\/asso.graie.org\/portail\/wp-content\/uploads\/2017\/08\/1SignatureEauResponsable-\u00aePluquetPA-125-768x279.jpg 768w\" sizes=\"(max-width: 708px) 100vw, 708px\" \/><br \/>\n<em>Lyon. 26\/09\/2017. 1\u00e8re c\u00e9r\u00e9monie de signature accueillie \u00e0 la M\u00e9tropole de Lyon.<br \/>\n<\/em><\/p>\n<p>&nbsp;<\/p>\n<h3><strong>Pourquoi cette initiative ?<br \/>\n<\/strong><\/h3>\n<p>Le Graie et l\u2019ASTEE\u00a0 se retrouvent totalement dans les Principes de l&rsquo;IWA pour des villes \u00ab\u00a0eau-responsables\u00a0\u00bb, \u00e9largie aux territoires \u00ab\u00a0eau-responsables\u00a0\u00bb :<\/p>\n<p>&nbsp;<\/p>\n<ul>\n<li>L\u2019ASTEE, correspondant fran\u00e7ais de l\u2019IWA, a traduit et diffuse les Principes de l&rsquo;IWA au niveau fran\u00e7ais.<\/li>\n<li>Jean-Luc Bertrand-Krajewski, Professeur \u00e0 l&rsquo;INSA Lyon et Pr\u00e9sident du Graie de 2011 \u00e0 2017, est l&rsquo;un des contributeurs \u00e0 cette initiative au sein de l&rsquo;IWA.<\/li>\n<li>En r\u00e9gion, le Graie \u0153uvre au quotidien pour accompagner les collectivit\u00e9s et structures intercommunales dans ces d\u00e9marches, par l\u2019\u00e9change d\u2019exp\u00e9riences, l\u2019animation de programmes de recherche, la diffusion des informations et la contribution aux r\u00e9flexions r\u00e9glementaires nationales.<\/li>\n<\/ul>\n<p>Le Graie s\u2019engage \u00e0 donner de la visibilit\u00e9 aux collectivit\u00e9s engag\u00e9es, les mettre en r\u00e9seau et \u00e0 relayer cette information au plan national et international via l\u2019IWA.<\/p>\n<p>&nbsp;<\/p>\n<h3><strong>Adoptez et signez les Principes de l&rsquo;IWA pour des territoires \u00ab\u00a0eau-responsables\u00a0\u00bb\u00a0!<\/strong><\/h3>\n<p class=\"p1\"><div class=\"lightweight-accordion\"><details><summary class=\"lightweight-accordion-title\"><span>D\u00e9couvre les principes<\/span><\/summary><div class=\"lightweight-accordion-body\"><p><img decoding=\"async\" loading=\"lazy\" class=\"size-full wp-image-9230 alignright\" style=\"margin-top: -10px\" src=\"https:\/\/asso.graie.org\/portail\/wp-content\/uploads\/2017\/12\/PrincipesIWA_petit.jpg\" alt=\"Sch\u00e9ma Principes de l'IWA pour des territoires eau-responsables\" width=\"150\" height=\"158\" \/><\/p>\n<ul>\n<li><a href=\"https:\/\/iwa-network.org\/wp-content\/uploads\/2018\/01\/IWA_Brochure_Water_Wise_Communities_FR_screen.pdf\" target=\"_blank\" rel=\"noopener noreferrer\" class=\"broken_link\">La plaquette de pr\u00e9sentation <\/a><\/li>\n<li><a href=\"https:\/\/vimeo.com\/220015190\" target=\"_blank\" rel=\"noopener noreferrer\">L&rsquo;animation vid\u00e9o <\/a><\/li>\n<li><a href=\"http:\/\/www.iwa-network.org\/projects\/water-wise-cities\/\" target=\"_blank\" rel=\"noopener noreferrer\">Le site internet d\u00e9di\u00e9 (EN) <\/a><\/li>\n<li><a href=\"https:\/\/asso.graie.org\/portail\/signature-principes-iwa\/\" target=\"_blank\" rel=\"noopener noreferrer\">Histoire de l&rsquo;eau des territoires engag\u00e9s<\/a><\/li>\n<\/ul>\n<p class=\"p1\">\n<\/div><\/details><\/div>\n<p class=\"p1\"><div class=\"lightweight-accordion\"><details><summary class=\"lightweight-accordion-title\"><span>Pourquoi adopter et signer les Principes de l'IWA ?<\/span><\/summary><div class=\"lightweight-accordion-body\"><ul>\n<li>Vous pouvez faire valoir votre engagement pour un territoire \u00ab\u00a0eau-responsable\u00a0\u00bb ;<\/li>\n<li>Vous pouvez int\u00e9grer et collectivement faire savoir que nous constituons un r\u00e9seau de collectivit\u00e9s d\u00e9j\u00e0 fortement engag\u00e9es ;<\/li>\n<li>Vous souhaitez vous inscrire dans une dynamique collective de progr\u00e8s pour des villes \u00ab\u00a0eau-responsables\u00a0\u00bb sur notre territoire.<\/li>\n<\/ul>\n<p class=\"p1\">\n<\/div><\/details><\/div>\n<div class=\"lightweight-accordion\"><details><summary class=\"lightweight-accordion-title\"><span>Comment adopter et signer les Principes de l'IWA ?<\/span><\/summary><div class=\"lightweight-accordion-body\"><p>Nous vous invitons \u00e0 :<\/p>\n<ul>\n<li>partager ces principes avec les \u00e9lus de votre collectivit\u00e9 et affirmer collectivement votre engagement.<\/li>\n<li>utiliser la <a href=\"http:\/\/www.graie.org\/graie\/graiedoc\/doc_telech\/FormulairePrincipesIWA.doc\">trame des principes<\/a> pour pr\u00e9ciser votre engagement sur cette voie<strong><br \/>\n<\/strong><\/li>\n<\/ul>\n<\/div><\/details><\/div>\n<p>&nbsp;<\/p>\n","protected":false},"excerpt":{"rendered":"<p>Mettre en valeur l\u2019engagement des collectivit\u00e9s pour des territoires \u00ab\u00a0Eau-Responsables\u00a0\u00bb &nbsp; Le Graie, avec le soutien de l&rsquo;IWA &#8211;\u00a0association internationale pour l&rsquo;eau\u00a0&#8211; et de la section territoriale de l\u2019ASTEE a lanc\u00e9 une dynamique en 2017 autour des territoires eau-responsables. \u00a0 &hellip;<\/p>\n","protected":false},"author":1,"featured_media":0,"parent":14228,"menu_order":0,"comment_status":"closed","ping_status":"closed","template":"","meta":{"_mi_skip_tracking":false,"footnotes":""},"acf":[],"yoast_head":"<!-- This site is optimized with the Yoast SEO plugin v19.13 - https:\/\/yoast.com\/wordpress\/plugins\/seo\/ -->\n<title>Principes &quot;Eau-Responsables&quot; - Engagement des collectivit\u00e9s | Le Graie<\/title>\n<meta name=\"description\" content=\"Le Graie, avec le soutien de l&#039;IWA (association internationale pour l&#039;eau) met en valeur l\u2019engagement des collectivit\u00e9s pour des territoires &quot;Eau-Responsables&quot;.\" \/>\n<meta name=\"robots\" content=\"index, follow, max-snippet:-1, max-image-preview:large, max-video-preview:-1\" \/>\n<link rel=\"canonical\" href=\"https:\/\/asso.graie.org\/portail\/animationregionale\/animations-specifiques\/territoires-eau-responsables\/\" \/>\n<meta property=\"og:locale\" content=\"fr_FR\" \/>\n<meta property=\"og:type\" content=\"article\" \/>\n<meta property=\"og:title\" content=\"Principes &quot;Eau-Responsables&quot; - Engagement des collectivit\u00e9s | Le Graie\" \/>\n<meta property=\"og:description\" content=\"Le Graie, avec le soutien de l&#039;IWA (association internationale pour l&#039;eau) met en valeur l\u2019engagement des collectivit\u00e9s pour des territoires &quot;Eau-Responsables&quot;.\" \/>\n<meta property=\"og:url\" content=\"https:\/\/asso.graie.org\/portail\/animationregionale\/animations-specifiques\/territoires-eau-responsables\/\" \/>\n<meta property=\"og:site_name\" content=\"Graie\" \/>\n<meta property=\"article:modified_time\" content=\"2025-05-05T14:38:19+00:00\" \/>\n<meta property=\"og:image\" content=\"https:\/\/asso.graie.org\/portail\/wp-content\/uploads\/2019\/04\/iwacerclerogne.png\" \/>\n<meta name=\"twitter:card\" content=\"summary_large_image\" \/>\n<meta name=\"twitter:site\" content=\"@asso_graie\" \/>\n<meta name=\"twitter:label1\" content=\"Dur\u00e9e de lecture estim\u00e9e\" \/>\n\t<meta name=\"twitter:data1\" content=\"2 minutes\" \/>\n<script type=\"application\/ld+json\" class=\"yoast-schema-graph\">{\"@context\":\"https:\/\/schema.org\",\"@graph\":[{\"@type\":\"WebPage\",\"@id\":\"https:\/\/asso.graie.org\/portail\/animationregionale\/animations-specifiques\/territoires-eau-responsables\/\",\"url\":\"https:\/\/asso.graie.org\/portail\/animationregionale\/animations-specifiques\/territoires-eau-responsables\/\",\"name\":\"Principes \\\"Eau-Responsables\\\" - Engagement des collectivit\u00e9s | Le Graie\",\"isPartOf\":{\"@id\":\"https:\/\/asso.graie.org\/portail\/#website\"},\"datePublished\":\"2017-02-26T08:08:05+00:00\",\"dateModified\":\"2025-05-05T14:38:19+00:00\",\"description\":\"Le Graie, avec le soutien de l'IWA (association internationale pour l'eau) met en valeur l\u2019engagement des collectivit\u00e9s pour des territoires \\\"Eau-Responsables\\\".\",\"breadcrumb\":{\"@id\":\"https:\/\/asso.graie.org\/portail\/animationregionale\/animations-specifiques\/territoires-eau-responsables\/#breadcrumb\"},\"inLanguage\":\"fr-FR\",\"potentialAction\":[{\"@type\":\"ReadAction\",\"target\":[\"https:\/\/asso.graie.org\/portail\/animationregionale\/animations-specifiques\/territoires-eau-responsables\/\"]}]},{\"@type\":\"BreadcrumbList\",\"@id\":\"https:\/\/asso.graie.org\/portail\/animationregionale\/animations-specifiques\/territoires-eau-responsables\/#breadcrumb\",\"itemListElement\":[{\"@type\":\"ListItem\",\"position\":1,\"name\":\"Accueil\",\"item\":\"https:\/\/asso.graie.org\/portail\/\"},{\"@type\":\"ListItem\",\"position\":2,\"name\":\"Animation\",\"item\":\"https:\/\/asso.graie.org\/portail\/animationregionale\/\"},{\"@type\":\"ListItem\",\"position\":3,\"name\":\"Animations sp\u00e9cifiques\",\"item\":\"https:\/\/asso.graie.org\/portail\/animationregionale\/animations-specifiques\/\"},{\"@type\":\"ListItem\",\"position\":4,\"name\":\"Principes \u00ab\u00a0Eau-Responsables\u00a0\u00bb\"}]},{\"@type\":\"WebSite\",\"@id\":\"https:\/\/asso.graie.org\/portail\/#website\",\"url\":\"https:\/\/asso.graie.org\/portail\/\",\"name\":\"Graie\",\"description\":\"P\u00f4le Eau et Territoires\",\"publisher\":{\"@id\":\"https:\/\/asso.graie.org\/portail\/#organization\"},\"potentialAction\":[{\"@type\":\"SearchAction\",\"target\":{\"@type\":\"EntryPoint\",\"urlTemplate\":\"https:\/\/asso.graie.org\/portail\/?s={search_term_string}\"},\"query-input\":\"required name=search_term_string\"}],\"inLanguage\":\"fr-FR\"},{\"@type\":\"Organization\",\"@id\":\"https:\/\/asso.graie.org\/portail\/#organization\",\"name\":\"Le Graie\",\"url\":\"https:\/\/asso.graie.org\/portail\/\",\"logo\":{\"@type\":\"ImageObject\",\"inLanguage\":\"fr-FR\",\"@id\":\"https:\/\/asso.graie.org\/portail\/#\/schema\/logo\/image\/\",\"url\":\"https:\/\/asso.graie.org\/portail\/wp-content\/uploads\/2021\/12\/Logotype-Graie.png\",\"contentUrl\":\"https:\/\/asso.graie.org\/portail\/wp-content\/uploads\/2021\/12\/Logotype-Graie.png\",\"width\":1890,\"height\":1181,\"caption\":\"Le Graie\"},\"image\":{\"@id\":\"https:\/\/asso.graie.org\/portail\/#\/schema\/logo\/image\/\"},\"sameAs\":[\"https:\/\/fr.linkedin.com\/company\/graie?trk=top_nav_home\",\"https:\/\/www.youtube.com\/channel\/UCZQk0Tt7upYwERYNdDIZqLQ\",\"https:\/\/twitter.com\/asso_graie\"]}]}<\/script>\n<!-- \/ Yoast SEO plugin. -->","yoast_head_json":{"title":"Principes \"Eau-Responsables\" - Engagement des collectivit\u00e9s | Le Graie","description":"Le Graie, avec le soutien de l'IWA (association internationale pour l'eau) met en valeur l\u2019engagement des collectivit\u00e9s pour des territoires \"Eau-Responsables\".","robots":{"index":"index","follow":"follow","max-snippet":"max-snippet:-1","max-image-preview":"max-image-preview:large","max-video-preview":"max-video-preview:-1"},"canonical":"https:\/\/asso.graie.org\/portail\/animationregionale\/animations-specifiques\/territoires-eau-responsables\/","og_locale":"fr_FR","og_type":"article","og_title":"Principes \"Eau-Responsables\" - Engagement des collectivit\u00e9s | Le Graie","og_description":"Le Graie, avec le soutien de l'IWA (association internationale pour l'eau) met en valeur l\u2019engagement des collectivit\u00e9s pour des territoires \"Eau-Responsables\".","og_url":"https:\/\/asso.graie.org\/portail\/animationregionale\/animations-specifiques\/territoires-eau-responsables\/","og_site_name":"Graie","article_modified_time":"2025-05-05T14:38:19+00:00","og_image":[{"url":"https:\/\/asso.graie.org\/portail\/wp-content\/uploads\/2019\/04\/iwacerclerogne.png"}],"twitter_card":"summary_large_image","twitter_site":"@asso_graie","twitter_misc":{"Dur\u00e9e de lecture estim\u00e9e":"2 minutes"},"schema":{"@context":"https:\/\/schema.org","@graph":[{"@type":"WebPage","@id":"https:\/\/asso.graie.org\/portail\/animationregionale\/animations-specifiques\/territoires-eau-responsables\/","url":"https:\/\/asso.graie.org\/portail\/animationregionale\/animations-specifiques\/territoires-eau-responsables\/","name":"Principes \"Eau-Responsables\" - Engagement des collectivit\u00e9s | Le Graie","isPartOf":{"@id":"https:\/\/asso.graie.org\/portail\/#website"},"datePublished":"2017-02-26T08:08:05+00:00","dateModified":"2025-05-05T14:38:19+00:00","description":"Le Graie, avec le soutien de l'IWA (association internationale pour l'eau) met en valeur l\u2019engagement des collectivit\u00e9s pour des territoires \"Eau-Responsables\".","breadcrumb":{"@id":"https:\/\/asso.graie.org\/portail\/animationregionale\/animations-specifiques\/territoires-eau-responsables\/#breadcrumb"},"inLanguage":"fr-FR","potentialAction":[{"@type":"ReadAction","target":["https:\/\/asso.graie.org\/portail\/animationregionale\/animations-specifiques\/territoires-eau-responsables\/"]}]},{"@type":"BreadcrumbList","@id":"https:\/\/asso.graie.org\/portail\/animationregionale\/animations-specifiques\/territoires-eau-responsables\/#breadcrumb","itemListElement":[{"@type":"ListItem","position":1,"name":"Accueil","item":"https:\/\/asso.graie.org\/portail\/"},{"@type":"ListItem","position":2,"name":"Animation","item":"https:\/\/asso.graie.org\/portail\/animationregionale\/"},{"@type":"ListItem","position":3,"name":"Animations sp\u00e9cifiques","item":"https:\/\/asso.graie.org\/portail\/animationregionale\/animations-specifiques\/"},{"@type":"ListItem","position":4,"name":"Principes \u00ab\u00a0Eau-Responsables\u00a0\u00bb"}]},{"@type":"WebSite","@id":"https:\/\/asso.graie.org\/portail\/#website","url":"https:\/\/asso.graie.org\/portail\/","name":"Graie","description":"P\u00f4le Eau et Territoires","publisher":{"@id":"https:\/\/asso.graie.org\/portail\/#organization"},"potentialAction":[{"@type":"SearchAction","target":{"@type":"EntryPoint","urlTemplate":"https:\/\/asso.graie.org\/portail\/?s={search_term_string}"},"query-input":"required name=search_term_string"}],"inLanguage":"fr-FR"},{"@type":"Organization","@id":"https:\/\/asso.graie.org\/portail\/#organization","name":"Le Graie","url":"https:\/\/asso.graie.org\/portail\/","logo":{"@type":"ImageObject","inLanguage":"fr-FR","@id":"https:\/\/asso.graie.org\/portail\/#\/schema\/logo\/image\/","url":"https:\/\/asso.graie.org\/portail\/wp-content\/uploads\/2021\/12\/Logotype-Graie.png","contentUrl":"https:\/\/asso.graie.org\/portail\/wp-content\/uploads\/2021\/12\/Logotype-Graie.png","width":1890,"height":1181,"caption":"Le Graie"},"image":{"@id":"https:\/\/asso.graie.org\/portail\/#\/schema\/logo\/image\/"},"sameAs":["https:\/\/fr.linkedin.com\/company\/graie?trk=top_nav_home","https:\/\/www.youtube.com\/channel\/UCZQk0Tt7upYwERYNdDIZqLQ","https:\/\/twitter.com\/asso_graie"]}]}},"_links":{"self":[{"href":"https:\/\/asso.graie.org\/portail\/wp-json\/wp\/v2\/pages\/1245"}],"collection":[{"href":"https:\/\/asso.graie.org\/portail\/wp-json\/wp\/v2\/pages"}],"about":[{"href":"https:\/\/asso.graie.org\/portail\/wp-json\/wp\/v2\/types\/page"}],"author":[{"embeddable":true,"href":"https:\/\/asso.graie.org\/portail\/wp-json\/wp\/v2\/users\/1"}],"replies":[{"embeddable":true,"href":"https:\/\/asso.graie.org\/portail\/wp-json\/wp\/v2\/comments?post=1245"}],"version-history":[{"count":6,"href":"https:\/\/asso.graie.org\/portail\/wp-json\/wp\/v2\/pages\/1245\/revisions"}],"predecessor-version":[{"id":27879,"href":"https:\/\/asso.graie.org\/portail\/wp-json\/wp\/v2\/pages\/1245\/revisions\/27879"}],"up":[{"embeddable":true,"href":"https:\/\/asso.graie.org\/portail\/wp-json\/wp\/v2\/pages\/14228"}],"wp:attachment":[{"href":"https:\/\/asso.graie.org\/portail\/wp-json\/wp\/v2\/media?parent=1245"}],"curies":[{"name":"wp","href":"https:\/\/api.w.org\/{rel}","templated":true}]}}