{"id":1247,"date":"2017-06-30T09:08:15","date_gmt":"2017-06-30T07:08:15","guid":{"rendered":"https:\/\/asso.graie.org\/portail\/?page_id=1247"},"modified":"2024-02-21T11:25:41","modified_gmt":"2024-02-21T10:25:41","slug":"spanc","status":"publish","type":"page","link":"https:\/\/asso.graie.org\/portail\/animationregionale\/spanc\/","title":{"rendered":"Service Public d&rsquo;Assainissement Non Collectif (SPANC)"},"content":{"rendered":"\n<h2 class=\"wp-block-heading\"><strong>Un observatoire des SPANC, pourquoi et comment ? <\/strong><\/h2>\n\n\n<div class=\"wp-block-image is-style-default\">\n<figure class=\"alignleft\"><img decoding=\"async\" loading=\"lazy\" width=\"300\" height=\"164\" src=\"https:\/\/asso.graie.org\/portail\/wp-content\/uploads\/2017\/08\/LogoObs_SPANC.jpg\" alt=\"Observatoire des SPANC\" class=\"wp-image-2987\"\/><\/figure><\/div>\n\n\n<p>L&rsquo;observatoire des SPANC &#8211; Services Publics d&rsquo;Assainissement Non Collectif &#8211; a pour vocation d&rsquo;\u00e9tablir un <strong>\u00e9tat des lieux r\u00e9gional des SPANC<\/strong> &#8211; leur organisation, les missions mises en \u0153uvre, leur activit\u00e9 annuelle &#8211; ainsi que du parc d&rsquo;installations d&rsquo;ANC &#8211; son \u00e9tat et ses fili\u00e8res. Cette analyse permet notamment aux SPANC de positionner leur structure dans le contexte d\u00e9partemental et r\u00e9gional.<\/p>\n\n\n\n<div style=\"height:36px\" aria-hidden=\"true\" class=\"wp-block-spacer\"><\/div>\n\n\n\n<p><strong>Mis en place en 2007 par le r\u00e9seau des acteurs de l\u2019ANC du Graie, il a \u00e9t\u00e9 mis \u00e0 jour par une enqu\u00eate men\u00e9e tous les ans jusqu&rsquo;en 2017.<\/strong> Ces enqu\u00eates \u00e9taient anim\u00e9es par le Graie, en collaboration avec les D\u00e9partements couverts et l\u2019ATANC PACA, qui contribuent \u00e0 l&rsquo;\u00e9tablissement des listes de diffusion, aux relances, \u00e0 la validation des donn\u00e9es saisies ainsi qu&rsquo;\u00e0 la diffusion des r\u00e9sultats.<\/p>\n\n\n\n<p>Depuis, le Graie a c\u00e9d\u00e9 la main \u00e0 <a href=\"http:\/\/www.services.eaufrance.fr\/panorama\/rapports\">SISPEA<\/a>, qui collecte aujourd&rsquo;hui <a href=\"http:\/\/www.services.eaufrance.fr\/indicateurs\/variables\/assainissement-non-collectif\">43 nouvelles variables<\/a> sur les performances des services publics d&rsquo;assainissement non collectif<\/p>\n\n\n\n<div style=\"height:53px\" aria-hidden=\"true\" class=\"wp-block-spacer\"><\/div>\n\n\n\n<h2 class=\"wp-block-heading\"><strong>Une repr\u00e9sentativit\u00e9 en constante am\u00e9lioration<\/strong><\/h2>\n\n\n\n<div style=\"height:19px\" aria-hidden=\"true\" class=\"wp-block-spacer\"><\/div>\n\n\n\n<p>L\u2019observatoire des SPANC s\u2019\u00e9tend sur les 8 d\u00e9partements de Rh\u00f4ne-Alpes ainsi que sur ceux du Jura et de la Sa\u00f4ne et Loire. Depuis 2012, les enqu\u00eates sont \u00e9largies \u00e0 la r\u00e9gion PACA via l\u2019ATANC PACA, ainsi qu\u2019\u00e0 la Corse. L&rsquo;observatoire sur Rh\u00f4ne-Alpes, Jura et Sa\u00f4ne-et-Loire a vu sa repr\u00e9sentativit\u00e9 s&rsquo;am\u00e9liorer au fil des ans. Ce sont ainsi <strong>532 SPANC<\/strong> qui ont \u00e9t\u00e9 interrog\u00e9s pour l\u2019enqu\u00eate r\u00e9alis\u00e9e en 2016 sur l&rsquo;ann\u00e9e 2015, repr\u00e9sentant 87 % des communes et 89 % de la population du territoire, et <strong>autour de 622 704 installations<\/strong> d&rsquo;ANC. Le taux de r\u00e9ponse suit la m\u00eame tendance, pour atteindre 55 % en moyenne, et jusqu&rsquo;\u00e0 plus de 75% sur certains d\u00e9partements.<\/p>\n","protected":false},"excerpt":{"rendered":"<p>Un observatoire des SPANC, pourquoi et comment ? L&rsquo;observatoire des SPANC &#8211; Services Publics d&rsquo;Assainissement Non Collectif &#8211; a pour vocation d&rsquo;\u00e9tablir un \u00e9tat des lieux r\u00e9gional des SPANC &#8211; leur organisation, les missions mises en \u0153uvre, leur activit\u00e9 annuelle &hellip;<\/p>\n","protected":false},"author":1,"featured_media":0,"parent":1096,"menu_order":0,"comment_status":"closed","ping_status":"closed","template":"","meta":{"_mi_skip_tracking":false,"footnotes":""},"acf":[],"yoast_head":"<!-- This site is optimized with the Yoast SEO plugin v19.13 - https:\/\/yoast.com\/wordpress\/plugins\/seo\/ -->\n<title>Service Public d&#039;Assainissement Non Collectif (SPANC) | Le Graie<\/title>\n<meta name=\"description\" content=\"Cet observatoire a pour vocation d&#039;\u00e9tablir un \u00e9tat des lieux r\u00e9gional des SPANC ainsi que du parc d&#039;installations d&#039;ANC.\" \/>\n<meta name=\"robots\" content=\"index, follow, max-snippet:-1, max-image-preview:large, max-video-preview:-1\" \/>\n<link rel=\"canonical\" href=\"https:\/\/asso.graie.org\/portail\/animationregionale\/spanc\/\" \/>\n<meta property=\"og:locale\" content=\"fr_FR\" \/>\n<meta property=\"og:type\" content=\"article\" \/>\n<meta property=\"og:title\" content=\"Service Public d&#039;Assainissement Non Collectif (SPANC) | Le Graie\" \/>\n<meta property=\"og:description\" content=\"Cet observatoire a pour vocation d&#039;\u00e9tablir un \u00e9tat des lieux r\u00e9gional des SPANC ainsi que du parc d&#039;installations d&#039;ANC.\" \/>\n<meta property=\"og:url\" content=\"https:\/\/asso.graie.org\/portail\/animationregionale\/spanc\/\" \/>\n<meta property=\"og:site_name\" content=\"Graie\" \/>\n<meta property=\"article:modified_time\" content=\"2024-02-21T10:25:41+00:00\" \/>\n<meta property=\"og:image\" content=\"https:\/\/asso.graie.org\/portail\/wp-content\/uploads\/2017\/08\/LogoObs_SPANC.jpg\" \/>\n<meta name=\"twitter:card\" content=\"summary_large_image\" \/>\n<meta name=\"twitter:site\" content=\"@asso_graie\" \/>\n<meta name=\"twitter:label1\" content=\"Dur\u00e9e de lecture estim\u00e9e\" \/>\n\t<meta name=\"twitter:data1\" content=\"1 minute\" \/>\n<script type=\"application\/ld+json\" class=\"yoast-schema-graph\">{\"@context\":\"https:\/\/schema.org\",\"@graph\":[{\"@type\":\"WebPage\",\"@id\":\"https:\/\/asso.graie.org\/portail\/animationregionale\/spanc\/\",\"url\":\"https:\/\/asso.graie.org\/portail\/animationregionale\/spanc\/\",\"name\":\"Service Public d'Assainissement Non Collectif (SPANC) | Le Graie\",\"isPartOf\":{\"@id\":\"https:\/\/asso.graie.org\/portail\/#website\"},\"datePublished\":\"2017-06-30T07:08:15+00:00\",\"dateModified\":\"2024-02-21T10:25:41+00:00\",\"description\":\"Cet observatoire a pour vocation d'\u00e9tablir un \u00e9tat des lieux r\u00e9gional des SPANC ainsi que du parc d'installations d'ANC.\",\"breadcrumb\":{\"@id\":\"https:\/\/asso.graie.org\/portail\/animationregionale\/spanc\/#breadcrumb\"},\"inLanguage\":\"fr-FR\",\"potentialAction\":[{\"@type\":\"ReadAction\",\"target\":[\"https:\/\/asso.graie.org\/portail\/animationregionale\/spanc\/\"]}]},{\"@type\":\"BreadcrumbList\",\"@id\":\"https:\/\/asso.graie.org\/portail\/animationregionale\/spanc\/#breadcrumb\",\"itemListElement\":[{\"@type\":\"ListItem\",\"position\":1,\"name\":\"Accueil\",\"item\":\"https:\/\/asso.graie.org\/portail\/\"},{\"@type\":\"ListItem\",\"position\":2,\"name\":\"Animation\",\"item\":\"https:\/\/asso.graie.org\/portail\/animationregionale\/\"},{\"@type\":\"ListItem\",\"position\":3,\"name\":\"Service Public d&rsquo;Assainissement Non Collectif (SPANC)\"}]},{\"@type\":\"WebSite\",\"@id\":\"https:\/\/asso.graie.org\/portail\/#website\",\"url\":\"https:\/\/asso.graie.org\/portail\/\",\"name\":\"Graie\",\"description\":\"P\u00f4le Eau et Territoires\",\"publisher\":{\"@id\":\"https:\/\/asso.graie.org\/portail\/#organization\"},\"potentialAction\":[{\"@type\":\"SearchAction\",\"target\":{\"@type\":\"EntryPoint\",\"urlTemplate\":\"https:\/\/asso.graie.org\/portail\/?s={search_term_string}\"},\"query-input\":\"required name=search_term_string\"}],\"inLanguage\":\"fr-FR\"},{\"@type\":\"Organization\",\"@id\":\"https:\/\/asso.graie.org\/portail\/#organization\",\"name\":\"Le Graie\",\"url\":\"https:\/\/asso.graie.org\/portail\/\",\"logo\":{\"@type\":\"ImageObject\",\"inLanguage\":\"fr-FR\",\"@id\":\"https:\/\/asso.graie.org\/portail\/#\/schema\/logo\/image\/\",\"url\":\"https:\/\/asso.graie.org\/portail\/wp-content\/uploads\/2021\/12\/Logotype-Graie.png\",\"contentUrl\":\"https:\/\/asso.graie.org\/portail\/wp-content\/uploads\/2021\/12\/Logotype-Graie.png\",\"width\":1890,\"height\":1181,\"caption\":\"Le Graie\"},\"image\":{\"@id\":\"https:\/\/asso.graie.org\/portail\/#\/schema\/logo\/image\/\"},\"sameAs\":[\"https:\/\/fr.linkedin.com\/company\/graie?trk=top_nav_home\",\"https:\/\/www.youtube.com\/channel\/UCZQk0Tt7upYwERYNdDIZqLQ\",\"https:\/\/twitter.com\/asso_graie\"]}]}<\/script>\n<!-- \/ Yoast SEO plugin. -->","yoast_head_json":{"title":"Service Public d'Assainissement Non Collectif (SPANC) | Le Graie","description":"Cet observatoire a pour vocation d'\u00e9tablir un \u00e9tat des lieux r\u00e9gional des SPANC ainsi que du parc d'installations d'ANC.","robots":{"index":"index","follow":"follow","max-snippet":"max-snippet:-1","max-image-preview":"max-image-preview:large","max-video-preview":"max-video-preview:-1"},"canonical":"https:\/\/asso.graie.org\/portail\/animationregionale\/spanc\/","og_locale":"fr_FR","og_type":"article","og_title":"Service Public d'Assainissement Non Collectif (SPANC) | Le Graie","og_description":"Cet observatoire a pour vocation d'\u00e9tablir un \u00e9tat des lieux r\u00e9gional des SPANC ainsi que du parc d'installations d'ANC.","og_url":"https:\/\/asso.graie.org\/portail\/animationregionale\/spanc\/","og_site_name":"Graie","article_modified_time":"2024-02-21T10:25:41+00:00","og_image":[{"url":"https:\/\/asso.graie.org\/portail\/wp-content\/uploads\/2017\/08\/LogoObs_SPANC.jpg"}],"twitter_card":"summary_large_image","twitter_site":"@asso_graie","twitter_misc":{"Dur\u00e9e de lecture estim\u00e9e":"1 minute"},"schema":{"@context":"https:\/\/schema.org","@graph":[{"@type":"WebPage","@id":"https:\/\/asso.graie.org\/portail\/animationregionale\/spanc\/","url":"https:\/\/asso.graie.org\/portail\/animationregionale\/spanc\/","name":"Service Public d'Assainissement Non Collectif (SPANC) | Le Graie","isPartOf":{"@id":"https:\/\/asso.graie.org\/portail\/#website"},"datePublished":"2017-06-30T07:08:15+00:00","dateModified":"2024-02-21T10:25:41+00:00","description":"Cet observatoire a pour vocation d'\u00e9tablir un \u00e9tat des lieux r\u00e9gional des SPANC ainsi que du parc d'installations d'ANC.","breadcrumb":{"@id":"https:\/\/asso.graie.org\/portail\/animationregionale\/spanc\/#breadcrumb"},"inLanguage":"fr-FR","potentialAction":[{"@type":"ReadAction","target":["https:\/\/asso.graie.org\/portail\/animationregionale\/spanc\/"]}]},{"@type":"BreadcrumbList","@id":"https:\/\/asso.graie.org\/portail\/animationregionale\/spanc\/#breadcrumb","itemListElement":[{"@type":"ListItem","position":1,"name":"Accueil","item":"https:\/\/asso.graie.org\/portail\/"},{"@type":"ListItem","position":2,"name":"Animation","item":"https:\/\/asso.graie.org\/portail\/animationregionale\/"},{"@type":"ListItem","position":3,"name":"Service Public d&rsquo;Assainissement Non Collectif (SPANC)"}]},{"@type":"WebSite","@id":"https:\/\/asso.graie.org\/portail\/#website","url":"https:\/\/asso.graie.org\/portail\/","name":"Graie","description":"P\u00f4le Eau et Territoires","publisher":{"@id":"https:\/\/asso.graie.org\/portail\/#organization"},"potentialAction":[{"@type":"SearchAction","target":{"@type":"EntryPoint","urlTemplate":"https:\/\/asso.graie.org\/portail\/?s={search_term_string}"},"query-input":"required name=search_term_string"}],"inLanguage":"fr-FR"},{"@type":"Organization","@id":"https:\/\/asso.graie.org\/portail\/#organization","name":"Le Graie","url":"https:\/\/asso.graie.org\/portail\/","logo":{"@type":"ImageObject","inLanguage":"fr-FR","@id":"https:\/\/asso.graie.org\/portail\/#\/schema\/logo\/image\/","url":"https:\/\/asso.graie.org\/portail\/wp-content\/uploads\/2021\/12\/Logotype-Graie.png","contentUrl":"https:\/\/asso.graie.org\/portail\/wp-content\/uploads\/2021\/12\/Logotype-Graie.png","width":1890,"height":1181,"caption":"Le Graie"},"image":{"@id":"https:\/\/asso.graie.org\/portail\/#\/schema\/logo\/image\/"},"sameAs":["https:\/\/fr.linkedin.com\/company\/graie?trk=top_nav_home","https:\/\/www.youtube.com\/channel\/UCZQk0Tt7upYwERYNdDIZqLQ","https:\/\/twitter.com\/asso_graie"]}]}},"_links":{"self":[{"href":"https:\/\/asso.graie.org\/portail\/wp-json\/wp\/v2\/pages\/1247"}],"collection":[{"href":"https:\/\/asso.graie.org\/portail\/wp-json\/wp\/v2\/pages"}],"about":[{"href":"https:\/\/asso.graie.org\/portail\/wp-json\/wp\/v2\/types\/page"}],"author":[{"embeddable":true,"href":"https:\/\/asso.graie.org\/portail\/wp-json\/wp\/v2\/users\/1"}],"replies":[{"embeddable":true,"href":"https:\/\/asso.graie.org\/portail\/wp-json\/wp\/v2\/comments?post=1247"}],"version-history":[{"count":4,"href":"https:\/\/asso.graie.org\/portail\/wp-json\/wp\/v2\/pages\/1247\/revisions"}],"predecessor-version":[{"id":25460,"href":"https:\/\/asso.graie.org\/portail\/wp-json\/wp\/v2\/pages\/1247\/revisions\/25460"}],"up":[{"embeddable":true,"href":"https:\/\/asso.graie.org\/portail\/wp-json\/wp\/v2\/pages\/1096"}],"wp:attachment":[{"href":"https:\/\/asso.graie.org\/portail\/wp-json\/wp\/v2\/media?parent=1247"}],"curies":[{"name":"wp","href":"https:\/\/api.w.org\/{rel}","templated":true}]}}