{"id":1251,"date":"2017-06-30T09:08:45","date_gmt":"2017-06-30T07:08:45","guid":{"rendered":"https:\/\/asso.graie.org\/portail\/?page_id=1251"},"modified":"2023-09-26T14:06:06","modified_gmt":"2023-09-26T12:06:06","slug":"zabr","status":"publish","type":"page","link":"https:\/\/asso.graie.org\/portail\/recherche\/zabr\/","title":{"rendered":"ZABR"},"content":{"rendered":"\n<h2 class=\"wp-block-heading\">Une zone atelier sur le bassin du Rh\u00f4ne<\/h2>\n\n\n\n<div style=\"height:38px\" aria-hidden=\"true\" class=\"wp-block-spacer\"><\/div>\n\n\n\n<figure class=\"wp-block-image is-style-default\"><img decoding=\"async\" loading=\"lazy\" width=\"300\" height=\"124\" src=\"https:\/\/asso.graie.org\/portail\/wp-content\/uploads\/2019\/03\/logo-ZA-ZABR_sans_s-e1558100464559-300x124.png\" alt=\"logo ZABR\" class=\"wp-image-13525\" srcset=\"https:\/\/asso.graie.org\/portail\/wp-content\/uploads\/2019\/03\/logo-ZA-ZABR_sans_s-e1558100464559-300x124.png 300w, https:\/\/asso.graie.org\/portail\/wp-content\/uploads\/2019\/03\/logo-ZA-ZABR_sans_s-e1558100464559-600x248.png 600w, https:\/\/asso.graie.org\/portail\/wp-content\/uploads\/2019\/03\/logo-ZA-ZABR_sans_s-e1558100464559.png 660w\" sizes=\"(max-width: 300px) 100vw, 300px\" \/><\/figure>\n\n\n\n<div style=\"height:38px\" aria-hidden=\"true\" class=\"wp-block-spacer\"><\/div>\n\n\n\n<p>La ZABR &#8211; <strong>Zone Atelier Bassin du Rh\u00f4ne<\/strong> -, labellis\u00e9e depuis 2001 par l&rsquo;Institut \u00ab \u00c9cologie et Environnement \u00bb (InEE) du CNRS, regroupe 24 \u00e9tablissements publics \u00e0 caract\u00e8re scientifique et technologique pour promouvoir, coordonner et valoriser les recherches sur le fonctionnement des hydrosyst\u00e8mes du bassin du Rh\u00f4ne. Elle a \u00e9galement pour mission d&rsquo;organiser le transfert des r\u00e9sultats aux gestionnaires de l\u2019eau et des territoires ; et mettre \u00e0 leur disposition des outils d\u2019\u00e9valuation des effets des op\u00e9rations de restauration et de leur p\u00e9rennit\u00e9 sur les milieux, la biodiversit\u00e9 et les services rendus.<\/p>\n\n\n\n<div style=\"height:38px\" aria-hidden=\"true\" class=\"wp-block-spacer\"><\/div>\n\n\n\n<p>Elle est pr\u00e9sid\u00e9e par Laurent Simon (UMR 5023 Lehna Universit\u00e9 Lyon 1, ) et Nicolas Lamouroux (Inrae Lyon).<\/p>\n\n\n\n<div style=\"height:38px\" aria-hidden=\"true\" class=\"wp-block-spacer\"><\/div>\n\n\n\n<figure class=\"wp-block-image is-style-default\"><img decoding=\"async\" loading=\"lazy\" width=\"1200\" height=\"200\" src=\"https:\/\/asso.graie.org\/portail\/wp-content\/uploads\/2017\/08\/MontagePageZABR.jpg\" alt=\"ZABR\" class=\"wp-image-2748\" srcset=\"https:\/\/asso.graie.org\/portail\/wp-content\/uploads\/2017\/08\/MontagePageZABR.jpg 1200w, https:\/\/asso.graie.org\/portail\/wp-content\/uploads\/2017\/08\/MontagePageZABR-600x100.jpg 600w, https:\/\/asso.graie.org\/portail\/wp-content\/uploads\/2017\/08\/MontagePageZABR-300x50.jpg 300w, https:\/\/asso.graie.org\/portail\/wp-content\/uploads\/2017\/08\/MontagePageZABR-768x128.jpg 768w, https:\/\/asso.graie.org\/portail\/wp-content\/uploads\/2017\/08\/MontagePageZABR-1024x171.jpg 1024w\" sizes=\"(max-width: 1200px) 100vw, 1200px\" \/><\/figure>\n\n\n\n<div style=\"height:38px\" aria-hidden=\"true\" class=\"wp-block-spacer\"><\/div>\n\n\n\n<p>La ZABR a un r\u00f4le scientifique particulier \u00e0 jouer dans les grands dossiers de gestion de l\u2019eau \u00e0 l\u2019\u00e9chelle du bassin du Rh\u00f4ne, que ce soit pour la mise en place de la Directive Cadre Europ\u00e9enne sur l\u2019eau, l\u2019accompagnement scientifique de volets du Plan Rh\u00f4ne, ou encore pour diff\u00e9rents dossiers importants concernant les affluents ou la m\u00e9tropole lyonnaise. Sa mission est d\u2019<strong>\u00eatre \u00e0 l\u2019interface de la recherche et des applications<\/strong> sollicit\u00e9es par les grandes institutions en charge de la gestion de l\u2019eau.<\/p>\n\n\n\n<div style=\"height:38px\" aria-hidden=\"true\" class=\"wp-block-spacer\"><\/div>\n\n\n\n<p>La ZABR est le support de programmes de recherche pluridisciplinaires destin\u00e9s \u00e0 apporter des \u00e9l\u00e9ments pour l\u2019<strong>aide \u00e0 la d\u00e9cision publique en mati\u00e8re de gestion durable des cours d\u2019eau et de leurs bassins versants<\/strong>. Elle d\u00e9veloppe <strong>4 th\u00e9matiques de recherche<\/strong>, qui se d\u00e9clinent sur des <a href=\"http:\/\/www.graie.org\/zabr\/sites\/intro.htm\" target=\"_blank\" rel=\"noopener noreferrer\">sites<\/a> et des <a href=\"http:\/\/www.graie.org\/zabr\/observatoires\/intro.html\" target=\"_blank\" rel=\"noopener noreferrer\">observatoires<\/a> du bassin du Rh\u00f4ne :<\/p>\n\n\n\n<ul><li>Changement Climatique et Ressources<\/li><li>Flux Formes Habitats Bioc\u00e9noses<\/li><li>Flux polluants, Ecotoxicologie, Ecosyst\u00e8mes<\/li><li>Observation Sociale des Territoires Fluviaux<\/li><\/ul>\n\n\n\n<div style=\"height:65px\" aria-hidden=\"true\" class=\"wp-block-spacer\"><\/div>\n\n\n\n<h3 class=\"wp-block-heading\"><strong>La ZABR, un dispositif de recherche anim\u00e9 par le Graie<br><\/strong><\/h3>\n\n\n\n<p>\u00c0 ce titre, il a en charge l\u2019<strong>animation<\/strong> des ses diff\u00e9rentes instances, l\u2019<strong>accompagnement de la construction<\/strong> et du suivi du programme de recherche sur ses objectifs, la <strong>mise en lien<\/strong> des dynamiques scientifiques construites \u00e0 l\u2019\u00e9chelle du bassin du Rh\u00f4ne avec les acteurs des territoires concern\u00e9s et la <strong>valorisation<\/strong> des travaux conduits dans le contexte de la ZABR.<\/p>\n\n\n\n<div style=\"height:30px\" aria-hidden=\"true\" class=\"wp-block-spacer\"><\/div>\n\n\n\n<p>Le Graie anime par ailleurs quatre des observatoires de la ZABR&nbsp;: l\u2019<a href=\"https:\/\/asso.graie.org\/portail\/dispositifsderecherche\/othu\/\">OTHU<\/a>, l\u2019<a href=\"https:\/\/asso.graie.org\/portail\/dispositifsderecherche\/ohm-vr\/\">OHM VR<\/a>, l\u2019<a href=\"https:\/\/asso.graie.org\/portail\/dispositifsderecherche\/osr\/\">OSR<\/a> et <a href=\"https:\/\/asso.graie.org\/portail\/dispositifsderecherche\/sipibel\/\">SIPIBEL<\/a>.<\/p>\n\n\n\n<div style=\"height:44px\" aria-hidden=\"true\" class=\"wp-block-spacer\"><\/div>\n\n\n\n<h4 class=\"wp-block-heading\">Partenaires scientifiques<\/h4>\n\n\n\n<figure class=\"wp-block-image is-style-default\"><img decoding=\"async\" src=\"https:\/\/www.zabr.assograie.org\/wp-content\/uploads\/2020\/08\/Institutions_zabr.png\" alt=\"\"\/><\/figure>\n\n\n\n<div style=\"height:44px\" aria-hidden=\"true\" class=\"wp-block-spacer\"><\/div>\n\n\n\n<h4 class=\"wp-block-heading\">Partenaires institutionnels<\/h4>\n\n\n\n<figure class=\"wp-block-image is-style-default\"><img decoding=\"async\" src=\"https:\/\/www.zabr.assograie.org\/wp-content\/uploads\/2023\/06\/Logos_ZABR-1.png\" alt=\"\"\/><\/figure>\n\n\n\n<div style=\"height:48px\" aria-hidden=\"true\" class=\"wp-block-spacer\"><\/div>\n\n\n\n<hr class=\"wp-block-separator\"\/>\n\n\n\n<div style=\"height:30px\" aria-hidden=\"true\" class=\"wp-block-spacer\"><\/div>\n\n\n\n<p><strong>Contact :<\/strong><\/p>\n\n\n\n<div class=\"wp-block-image is-style-default\"><figure class=\"alignleft\"><img decoding=\"async\" loading=\"lazy\" width=\"200\" height=\"200\" src=\"https:\/\/asso.graie.org\/portail\/wp-content\/uploads\/2021\/11\/anne_clemens-miniature.jpg\" alt=\"\" class=\"wp-image-18775\" srcset=\"https:\/\/asso.graie.org\/portail\/wp-content\/uploads\/2021\/11\/anne_clemens-miniature.jpg 200w, https:\/\/asso.graie.org\/portail\/wp-content\/uploads\/2021\/11\/anne_clemens-miniature-150x150.jpg 150w, https:\/\/asso.graie.org\/portail\/wp-content\/uploads\/2021\/11\/anne_clemens-miniature-100x100.jpg 100w\" sizes=\"(max-width: 200px) 100vw, 200px\" \/><\/figure><\/div>\n\n\n<a class=\"lightbox-enabled\" href=\"https:\/\/asso.graie.org\/portail\/anne-clemens\/\" data-caption=\"\" title=\"\">Anne Cl\u00e9mens, Directrice de la ZABR<\/a>\n\n\n<a href=\"http:\/\/www.graie.org\/zabr\/index.htm\" target=\"_blank\" class=\"shortc-button medium blue \"><span class=\"fa  fa-plus-circle \" aria-hidden=\"true\"><\/span> Acc\u00e9der au site internet de la ZABR<\/a>\n","protected":false},"excerpt":{"rendered":"<p>Une zone atelier sur le bassin du Rh\u00f4ne La ZABR &#8211; Zone Atelier Bassin du Rh\u00f4ne -, labellis\u00e9e depuis 2001 par l&rsquo;Institut \u00ab \u00c9cologie et Environnement \u00bb (InEE) du CNRS, regroupe 24 \u00e9tablissements publics \u00e0 caract\u00e8re scientifique et technologique pour &hellip;<\/p>\n","protected":false},"author":1,"featured_media":0,"parent":1098,"menu_order":0,"comment_status":"closed","ping_status":"closed","template":"","meta":{"_mi_skip_tracking":false,"footnotes":""},"acf":[],"yoast_head":"<!-- This site is optimized with the Yoast SEO plugin v19.13 - https:\/\/yoast.com\/wordpress\/plugins\/seo\/ -->\n<title>ZABR | Dispositif de recherche | Le Graie<\/title>\n<meta name=\"description\" content=\"La ZABR (Zone Atelier Bassin du Rh\u00f4ne) a pour but de promouvoir, coordonner et valoriser les recherches sur le fonctionnement des hydrosyst\u00e8mes du bassin du Rh\u00f4ne.\" \/>\n<meta name=\"robots\" content=\"index, follow, max-snippet:-1, max-image-preview:large, max-video-preview:-1\" \/>\n<link rel=\"canonical\" href=\"https:\/\/asso.graie.org\/portail\/recherche\/zabr\/\" \/>\n<meta property=\"og:locale\" content=\"fr_FR\" \/>\n<meta property=\"og:type\" content=\"article\" \/>\n<meta property=\"og:title\" content=\"ZABR | Dispositif de recherche | Le Graie\" \/>\n<meta property=\"og:description\" content=\"La ZABR (Zone Atelier Bassin du Rh\u00f4ne) a pour but de promouvoir, coordonner et valoriser les recherches sur le fonctionnement des hydrosyst\u00e8mes du bassin du Rh\u00f4ne.\" \/>\n<meta property=\"og:url\" content=\"https:\/\/asso.graie.org\/portail\/recherche\/zabr\/\" \/>\n<meta property=\"og:site_name\" content=\"Graie\" \/>\n<meta property=\"article:modified_time\" content=\"2023-09-26T12:06:06+00:00\" \/>\n<meta property=\"og:image\" content=\"https:\/\/asso.graie.org\/portail\/wp-content\/uploads\/2019\/03\/logo-ZA-ZABR_sans_s-e1558100464559-300x124.png\" \/>\n<meta name=\"twitter:card\" content=\"summary_large_image\" \/>\n<meta name=\"twitter:site\" content=\"@asso_graie\" \/>\n<meta name=\"twitter:label1\" content=\"Dur\u00e9e de lecture estim\u00e9e\" \/>\n\t<meta name=\"twitter:data1\" content=\"3 minutes\" \/>\n<script type=\"application\/ld+json\" class=\"yoast-schema-graph\">{\"@context\":\"https:\/\/schema.org\",\"@graph\":[{\"@type\":\"WebPage\",\"@id\":\"https:\/\/asso.graie.org\/portail\/recherche\/zabr\/\",\"url\":\"https:\/\/asso.graie.org\/portail\/recherche\/zabr\/\",\"name\":\"ZABR | Dispositif de recherche | Le Graie\",\"isPartOf\":{\"@id\":\"https:\/\/asso.graie.org\/portail\/#website\"},\"datePublished\":\"2017-06-30T07:08:45+00:00\",\"dateModified\":\"2023-09-26T12:06:06+00:00\",\"description\":\"La ZABR (Zone Atelier Bassin du Rh\u00f4ne) a pour but de promouvoir, coordonner et valoriser les recherches sur le fonctionnement des hydrosyst\u00e8mes du bassin du Rh\u00f4ne.\",\"breadcrumb\":{\"@id\":\"https:\/\/asso.graie.org\/portail\/recherche\/zabr\/#breadcrumb\"},\"inLanguage\":\"fr-FR\",\"potentialAction\":[{\"@type\":\"ReadAction\",\"target\":[\"https:\/\/asso.graie.org\/portail\/recherche\/zabr\/\"]}]},{\"@type\":\"BreadcrumbList\",\"@id\":\"https:\/\/asso.graie.org\/portail\/recherche\/zabr\/#breadcrumb\",\"itemListElement\":[{\"@type\":\"ListItem\",\"position\":1,\"name\":\"Accueil\",\"item\":\"https:\/\/asso.graie.org\/portail\/\"},{\"@type\":\"ListItem\",\"position\":2,\"name\":\"Recherche\",\"item\":\"https:\/\/asso.graie.org\/portail\/recherche\/\"},{\"@type\":\"ListItem\",\"position\":3,\"name\":\"ZABR\"}]},{\"@type\":\"WebSite\",\"@id\":\"https:\/\/asso.graie.org\/portail\/#website\",\"url\":\"https:\/\/asso.graie.org\/portail\/\",\"name\":\"Graie\",\"description\":\"P\u00f4le Eau et Territoires\",\"publisher\":{\"@id\":\"https:\/\/asso.graie.org\/portail\/#organization\"},\"potentialAction\":[{\"@type\":\"SearchAction\",\"target\":{\"@type\":\"EntryPoint\",\"urlTemplate\":\"https:\/\/asso.graie.org\/portail\/?s={search_term_string}\"},\"query-input\":\"required name=search_term_string\"}],\"inLanguage\":\"fr-FR\"},{\"@type\":\"Organization\",\"@id\":\"https:\/\/asso.graie.org\/portail\/#organization\",\"name\":\"Le Graie\",\"url\":\"https:\/\/asso.graie.org\/portail\/\",\"logo\":{\"@type\":\"ImageObject\",\"inLanguage\":\"fr-FR\",\"@id\":\"https:\/\/asso.graie.org\/portail\/#\/schema\/logo\/image\/\",\"url\":\"https:\/\/asso.graie.org\/portail\/wp-content\/uploads\/2021\/12\/Logotype-Graie.png\",\"contentUrl\":\"https:\/\/asso.graie.org\/portail\/wp-content\/uploads\/2021\/12\/Logotype-Graie.png\",\"width\":1890,\"height\":1181,\"caption\":\"Le Graie\"},\"image\":{\"@id\":\"https:\/\/asso.graie.org\/portail\/#\/schema\/logo\/image\/\"},\"sameAs\":[\"https:\/\/fr.linkedin.com\/company\/graie?trk=top_nav_home\",\"https:\/\/www.youtube.com\/channel\/UCZQk0Tt7upYwERYNdDIZqLQ\",\"https:\/\/twitter.com\/asso_graie\"]}]}<\/script>\n<!-- \/ Yoast SEO plugin. -->","yoast_head_json":{"title":"ZABR | Dispositif de recherche | Le Graie","description":"La ZABR (Zone Atelier Bassin du Rh\u00f4ne) a pour but de promouvoir, coordonner et valoriser les recherches sur le fonctionnement des hydrosyst\u00e8mes du bassin du Rh\u00f4ne.","robots":{"index":"index","follow":"follow","max-snippet":"max-snippet:-1","max-image-preview":"max-image-preview:large","max-video-preview":"max-video-preview:-1"},"canonical":"https:\/\/asso.graie.org\/portail\/recherche\/zabr\/","og_locale":"fr_FR","og_type":"article","og_title":"ZABR | Dispositif de recherche | Le Graie","og_description":"La ZABR (Zone Atelier Bassin du Rh\u00f4ne) a pour but de promouvoir, coordonner et valoriser les recherches sur le fonctionnement des hydrosyst\u00e8mes du bassin du Rh\u00f4ne.","og_url":"https:\/\/asso.graie.org\/portail\/recherche\/zabr\/","og_site_name":"Graie","article_modified_time":"2023-09-26T12:06:06+00:00","og_image":[{"url":"https:\/\/asso.graie.org\/portail\/wp-content\/uploads\/2019\/03\/logo-ZA-ZABR_sans_s-e1558100464559-300x124.png"}],"twitter_card":"summary_large_image","twitter_site":"@asso_graie","twitter_misc":{"Dur\u00e9e de lecture estim\u00e9e":"3 minutes"},"schema":{"@context":"https:\/\/schema.org","@graph":[{"@type":"WebPage","@id":"https:\/\/asso.graie.org\/portail\/recherche\/zabr\/","url":"https:\/\/asso.graie.org\/portail\/recherche\/zabr\/","name":"ZABR | Dispositif de recherche | Le Graie","isPartOf":{"@id":"https:\/\/asso.graie.org\/portail\/#website"},"datePublished":"2017-06-30T07:08:45+00:00","dateModified":"2023-09-26T12:06:06+00:00","description":"La ZABR (Zone Atelier Bassin du Rh\u00f4ne) a pour but de promouvoir, coordonner et valoriser les recherches sur le fonctionnement des hydrosyst\u00e8mes du bassin du Rh\u00f4ne.","breadcrumb":{"@id":"https:\/\/asso.graie.org\/portail\/recherche\/zabr\/#breadcrumb"},"inLanguage":"fr-FR","potentialAction":[{"@type":"ReadAction","target":["https:\/\/asso.graie.org\/portail\/recherche\/zabr\/"]}]},{"@type":"BreadcrumbList","@id":"https:\/\/asso.graie.org\/portail\/recherche\/zabr\/#breadcrumb","itemListElement":[{"@type":"ListItem","position":1,"name":"Accueil","item":"https:\/\/asso.graie.org\/portail\/"},{"@type":"ListItem","position":2,"name":"Recherche","item":"https:\/\/asso.graie.org\/portail\/recherche\/"},{"@type":"ListItem","position":3,"name":"ZABR"}]},{"@type":"WebSite","@id":"https:\/\/asso.graie.org\/portail\/#website","url":"https:\/\/asso.graie.org\/portail\/","name":"Graie","description":"P\u00f4le Eau et Territoires","publisher":{"@id":"https:\/\/asso.graie.org\/portail\/#organization"},"potentialAction":[{"@type":"SearchAction","target":{"@type":"EntryPoint","urlTemplate":"https:\/\/asso.graie.org\/portail\/?s={search_term_string}"},"query-input":"required name=search_term_string"}],"inLanguage":"fr-FR"},{"@type":"Organization","@id":"https:\/\/asso.graie.org\/portail\/#organization","name":"Le Graie","url":"https:\/\/asso.graie.org\/portail\/","logo":{"@type":"ImageObject","inLanguage":"fr-FR","@id":"https:\/\/asso.graie.org\/portail\/#\/schema\/logo\/image\/","url":"https:\/\/asso.graie.org\/portail\/wp-content\/uploads\/2021\/12\/Logotype-Graie.png","contentUrl":"https:\/\/asso.graie.org\/portail\/wp-content\/uploads\/2021\/12\/Logotype-Graie.png","width":1890,"height":1181,"caption":"Le Graie"},"image":{"@id":"https:\/\/asso.graie.org\/portail\/#\/schema\/logo\/image\/"},"sameAs":["https:\/\/fr.linkedin.com\/company\/graie?trk=top_nav_home","https:\/\/www.youtube.com\/channel\/UCZQk0Tt7upYwERYNdDIZqLQ","https:\/\/twitter.com\/asso_graie"]}]}},"_links":{"self":[{"href":"https:\/\/asso.graie.org\/portail\/wp-json\/wp\/v2\/pages\/1251"}],"collection":[{"href":"https:\/\/asso.graie.org\/portail\/wp-json\/wp\/v2\/pages"}],"about":[{"href":"https:\/\/asso.graie.org\/portail\/wp-json\/wp\/v2\/types\/page"}],"author":[{"embeddable":true,"href":"https:\/\/asso.graie.org\/portail\/wp-json\/wp\/v2\/users\/1"}],"replies":[{"embeddable":true,"href":"https:\/\/asso.graie.org\/portail\/wp-json\/wp\/v2\/comments?post=1251"}],"version-history":[{"count":7,"href":"https:\/\/asso.graie.org\/portail\/wp-json\/wp\/v2\/pages\/1251\/revisions"}],"predecessor-version":[{"id":24309,"href":"https:\/\/asso.graie.org\/portail\/wp-json\/wp\/v2\/pages\/1251\/revisions\/24309"}],"up":[{"embeddable":true,"href":"https:\/\/asso.graie.org\/portail\/wp-json\/wp\/v2\/pages\/1098"}],"wp:attachment":[{"href":"https:\/\/asso.graie.org\/portail\/wp-json\/wp\/v2\/media?parent=1251"}],"curies":[{"name":"wp","href":"https:\/\/api.w.org\/{rel}","templated":true}]}}