{"id":1253,"date":"2017-06-30T09:08:58","date_gmt":"2017-06-30T07:08:58","guid":{"rendered":"https:\/\/asso.graie.org\/portail\/?page_id=1253"},"modified":"2025-06-11T11:50:05","modified_gmt":"2025-06-11T09:50:05","slug":"othu","status":"publish","type":"page","link":"https:\/\/asso.graie.org\/portail\/recherche\/othu\/","title":{"rendered":"OTHU"},"content":{"rendered":"<h2><strong>Un observatoire de terrain en hydrologie urbaine<br \/>\n<\/strong><\/h2>\n<p><strong>L&rsquo;OTHU <\/strong>&#8211; Observatoire de Terrain en Hydrologie Urbaine &#8211; est un laboratoire hors murs d&rsquo;observation des <strong>rejets urbains<\/strong> et de leurs <strong>impacts sur les milieux r\u00e9cepteurs<\/strong>, notamment par <strong>temps de pluie<\/strong>. Il a pour vocation de proposer de nouvelles solutions de conception et de gestion de l&rsquo;assainissement. Structur\u00e9 en F\u00e9d\u00e9ration de recherche (labellis\u00e9e SFR 4161 par le minist\u00e8re de l&rsquo;enseignement sup\u00e9rieur et de la recherche), il rassemble 12 laboratoires de 9 \u00e9tablissements de recherche. L&rsquo;observatoire est pr\u00e9sid\u00e9 par Gislain Lipeme Kouyi, INSA Lyon Deep et Flora Branger, INRAe RiverLy et dirig\u00e9 par La\u00ebtitia Bacot (directrice ex\u00e9cutive), Graie.<\/p>\n<p><img decoding=\"async\" loading=\"lazy\" class=\"alignnone size-full wp-image-2757\" src=\"https:\/\/asso.graie.org\/portail\/wp-content\/uploads\/2017\/08\/MontagePageOTHU.jpg\" alt=\"OTHU\" width=\"1200\" height=\"200\" srcset=\"https:\/\/asso.graie.org\/portail\/wp-content\/uploads\/2017\/08\/MontagePageOTHU.jpg 1200w, https:\/\/asso.graie.org\/portail\/wp-content\/uploads\/2017\/08\/MontagePageOTHU-600x100.jpg 600w, https:\/\/asso.graie.org\/portail\/wp-content\/uploads\/2017\/08\/MontagePageOTHU-300x50.jpg 300w, https:\/\/asso.graie.org\/portail\/wp-content\/uploads\/2017\/08\/MontagePageOTHU-768x128.jpg 768w, https:\/\/asso.graie.org\/portail\/wp-content\/uploads\/2017\/08\/MontagePageOTHU-1024x171.jpg 1024w\" sizes=\"(max-width: 1200px) 100vw, 1200px\" \/><\/p>\n<h3><strong>L&rsquo;OTHU un dispositif de recherche anim\u00e9 par le Graie<\/strong><\/h3>\n<p>Ainsi, le Graie assure la direction ex\u00e9cutive de l\u2019observatoire,en plus de l&rsquo;animation et la valorisation depuis la cr\u00e9ation de l\u2019OTHU il y a 20 ans (en 1999).<\/p>\n<p>Les missions du Graie pour le bon fonctionnement de l\u2019OTHU comportent plusieurs volets :<\/p>\n<ul>\n<li>L\u2019application \/Mise en \u0153uvre de la strat\u00e9gie d\u00e9finie en accord avec le CG et les Pr\u00e9sidents ;<\/li>\n<li>La coordination\/Animation g\u00e9n\u00e9rale pour le bon fonctionnement de l\u2019OTHU : gestion administrative, budg\u00e9taire et financi\u00e8re de l&rsquo;observatoire ; animation du comit\u00e9 de gestion et des s\u00e9minaires internes, \u00e9tablir les bilans annuels : scientifique, technique et financier<\/li>\n<li>Une contribution \u00e0 la coordination transversale et \u00e0 l\u2019animation des programmes de recherche associ\u00e9s.<\/li>\n<li>L\u2019organisation et la mise en place de structures \/lieux d\u2019\u00e9changes et de transfert, m\u00e9thodes et proc\u00e9dures n\u00e9cessaires pour d\u00e9velopper cette strat\u00e9gie;<\/li>\n<li>La valorisation\/transfert op\u00e9rationnels des donn\u00e9es\/observations et des r\u00e9sultats acquis<\/li>\n<\/ul>\n\n\t\t<div class=\"clearfix\"><\/div>\n\t\t<hr style=\"margin-top:20px; margin-bottom:20px;\" class=\"divider divider-solid\">\n\t\n<p><strong>Contact :<\/strong><\/p>\n<p><img decoding=\"async\" loading=\"lazy\" class=\"wp-image-18773 size-full alignleft\" src=\"https:\/\/asso.graie.org\/portail\/wp-content\/uploads\/2021\/11\/laetitia-bacot-miniature.jpg\" alt=\"\" width=\"200\" height=\"200\" srcset=\"https:\/\/asso.graie.org\/portail\/wp-content\/uploads\/2021\/11\/laetitia-bacot-miniature.jpg 200w, https:\/\/asso.graie.org\/portail\/wp-content\/uploads\/2021\/11\/laetitia-bacot-miniature-150x150.jpg 150w, https:\/\/asso.graie.org\/portail\/wp-content\/uploads\/2021\/11\/laetitia-bacot-miniature-100x100.jpg 100w\" sizes=\"(max-width: 200px) 100vw, 200px\" \/><\/p>\n<a class=\"lightbox-enabled\" href=\"https:\/\/asso.graie.org\/portail\/laetitia-bacot\/\" data-caption=\"\" title=\"\">La\u00ebtitia BACOT, Directrice ex\u00e9cutive de l\u2019OTHU<\/a>\n<a href=\"http:\/\/www.othu.org\" target=\"_blank\" class=\"shortc-button medium blue \"><span class=\"fa  fa-plus-circle \" aria-hidden=\"true\"><\/span> Acc\u00e9der au site internet de l&rsquo;OTHU<\/a>\n","protected":false},"excerpt":{"rendered":"<p>Un observatoire de terrain en hydrologie urbaine L&rsquo;OTHU &#8211; Observatoire de Terrain en Hydrologie Urbaine &#8211; est un laboratoire hors murs d&rsquo;observation des rejets urbains et de leurs impacts sur les milieux r\u00e9cepteurs, notamment par temps de pluie. Il a &hellip;<\/p>\n","protected":false},"author":1,"featured_media":0,"parent":1098,"menu_order":0,"comment_status":"closed","ping_status":"closed","template":"","meta":{"_mi_skip_tracking":false,"footnotes":""},"acf":[],"yoast_head":"<!-- This site is optimized with the Yoast SEO plugin v19.13 - https:\/\/yoast.com\/wordpress\/plugins\/seo\/ -->\n<title>OTHU | Dispositif de recherche | Le Graie<\/title>\n<meta name=\"description\" content=\"L&#039;OTHU (Observatoire de Terrain en Hydrologie Urbaine) est un laboratoire d&#039;observation des rejets urbains et de leurs impacts sur les milieux r\u00e9cepteurs.\" \/>\n<meta name=\"robots\" content=\"index, follow, max-snippet:-1, max-image-preview:large, max-video-preview:-1\" \/>\n<link rel=\"canonical\" href=\"https:\/\/asso.graie.org\/portail\/recherche\/othu\/\" \/>\n<meta property=\"og:locale\" content=\"fr_FR\" \/>\n<meta property=\"og:type\" content=\"article\" \/>\n<meta property=\"og:title\" content=\"OTHU | Dispositif de recherche | Le Graie\" \/>\n<meta property=\"og:description\" content=\"L&#039;OTHU (Observatoire de Terrain en Hydrologie Urbaine) est un laboratoire d&#039;observation des rejets urbains et de leurs impacts sur les milieux r\u00e9cepteurs.\" \/>\n<meta property=\"og:url\" content=\"https:\/\/asso.graie.org\/portail\/recherche\/othu\/\" \/>\n<meta property=\"og:site_name\" content=\"Graie\" \/>\n<meta property=\"article:modified_time\" content=\"2025-06-11T09:50:05+00:00\" \/>\n<meta property=\"og:image\" content=\"https:\/\/asso.graie.org\/portail\/wp-content\/uploads\/2017\/08\/MontagePageOTHU.jpg\" \/>\n<meta name=\"twitter:card\" content=\"summary_large_image\" \/>\n<meta name=\"twitter:site\" content=\"@asso_graie\" \/>\n<meta name=\"twitter:label1\" content=\"Dur\u00e9e de lecture estim\u00e9e\" \/>\n\t<meta name=\"twitter:data1\" content=\"2 minutes\" \/>\n<script type=\"application\/ld+json\" class=\"yoast-schema-graph\">{\"@context\":\"https:\/\/schema.org\",\"@graph\":[{\"@type\":\"WebPage\",\"@id\":\"https:\/\/asso.graie.org\/portail\/recherche\/othu\/\",\"url\":\"https:\/\/asso.graie.org\/portail\/recherche\/othu\/\",\"name\":\"OTHU | Dispositif de recherche | Le Graie\",\"isPartOf\":{\"@id\":\"https:\/\/asso.graie.org\/portail\/#website\"},\"datePublished\":\"2017-06-30T07:08:58+00:00\",\"dateModified\":\"2025-06-11T09:50:05+00:00\",\"description\":\"L'OTHU (Observatoire de Terrain en Hydrologie Urbaine) est un laboratoire d'observation des rejets urbains et de leurs impacts sur les milieux r\u00e9cepteurs.\",\"breadcrumb\":{\"@id\":\"https:\/\/asso.graie.org\/portail\/recherche\/othu\/#breadcrumb\"},\"inLanguage\":\"fr-FR\",\"potentialAction\":[{\"@type\":\"ReadAction\",\"target\":[\"https:\/\/asso.graie.org\/portail\/recherche\/othu\/\"]}]},{\"@type\":\"BreadcrumbList\",\"@id\":\"https:\/\/asso.graie.org\/portail\/recherche\/othu\/#breadcrumb\",\"itemListElement\":[{\"@type\":\"ListItem\",\"position\":1,\"name\":\"Accueil\",\"item\":\"https:\/\/asso.graie.org\/portail\/\"},{\"@type\":\"ListItem\",\"position\":2,\"name\":\"Recherche\",\"item\":\"https:\/\/asso.graie.org\/portail\/recherche\/\"},{\"@type\":\"ListItem\",\"position\":3,\"name\":\"OTHU\"}]},{\"@type\":\"WebSite\",\"@id\":\"https:\/\/asso.graie.org\/portail\/#website\",\"url\":\"https:\/\/asso.graie.org\/portail\/\",\"name\":\"Graie\",\"description\":\"P\u00f4le Eau et Territoires\",\"publisher\":{\"@id\":\"https:\/\/asso.graie.org\/portail\/#organization\"},\"potentialAction\":[{\"@type\":\"SearchAction\",\"target\":{\"@type\":\"EntryPoint\",\"urlTemplate\":\"https:\/\/asso.graie.org\/portail\/?s={search_term_string}\"},\"query-input\":\"required name=search_term_string\"}],\"inLanguage\":\"fr-FR\"},{\"@type\":\"Organization\",\"@id\":\"https:\/\/asso.graie.org\/portail\/#organization\",\"name\":\"Le Graie\",\"url\":\"https:\/\/asso.graie.org\/portail\/\",\"logo\":{\"@type\":\"ImageObject\",\"inLanguage\":\"fr-FR\",\"@id\":\"https:\/\/asso.graie.org\/portail\/#\/schema\/logo\/image\/\",\"url\":\"https:\/\/asso.graie.org\/portail\/wp-content\/uploads\/2021\/12\/Logotype-Graie.png\",\"contentUrl\":\"https:\/\/asso.graie.org\/portail\/wp-content\/uploads\/2021\/12\/Logotype-Graie.png\",\"width\":1890,\"height\":1181,\"caption\":\"Le Graie\"},\"image\":{\"@id\":\"https:\/\/asso.graie.org\/portail\/#\/schema\/logo\/image\/\"},\"sameAs\":[\"https:\/\/fr.linkedin.com\/company\/graie?trk=top_nav_home\",\"https:\/\/www.youtube.com\/channel\/UCZQk0Tt7upYwERYNdDIZqLQ\",\"https:\/\/twitter.com\/asso_graie\"]}]}<\/script>\n<!-- \/ Yoast SEO plugin. -->","yoast_head_json":{"title":"OTHU | Dispositif de recherche | Le Graie","description":"L'OTHU (Observatoire de Terrain en Hydrologie Urbaine) est un laboratoire d'observation des rejets urbains et de leurs impacts sur les milieux r\u00e9cepteurs.","robots":{"index":"index","follow":"follow","max-snippet":"max-snippet:-1","max-image-preview":"max-image-preview:large","max-video-preview":"max-video-preview:-1"},"canonical":"https:\/\/asso.graie.org\/portail\/recherche\/othu\/","og_locale":"fr_FR","og_type":"article","og_title":"OTHU | Dispositif de recherche | Le Graie","og_description":"L'OTHU (Observatoire de Terrain en Hydrologie Urbaine) est un laboratoire d'observation des rejets urbains et de leurs impacts sur les milieux r\u00e9cepteurs.","og_url":"https:\/\/asso.graie.org\/portail\/recherche\/othu\/","og_site_name":"Graie","article_modified_time":"2025-06-11T09:50:05+00:00","og_image":[{"url":"https:\/\/asso.graie.org\/portail\/wp-content\/uploads\/2017\/08\/MontagePageOTHU.jpg"}],"twitter_card":"summary_large_image","twitter_site":"@asso_graie","twitter_misc":{"Dur\u00e9e de lecture estim\u00e9e":"2 minutes"},"schema":{"@context":"https:\/\/schema.org","@graph":[{"@type":"WebPage","@id":"https:\/\/asso.graie.org\/portail\/recherche\/othu\/","url":"https:\/\/asso.graie.org\/portail\/recherche\/othu\/","name":"OTHU | Dispositif de recherche | Le Graie","isPartOf":{"@id":"https:\/\/asso.graie.org\/portail\/#website"},"datePublished":"2017-06-30T07:08:58+00:00","dateModified":"2025-06-11T09:50:05+00:00","description":"L'OTHU (Observatoire de Terrain en Hydrologie Urbaine) est un laboratoire d'observation des rejets urbains et de leurs impacts sur les milieux r\u00e9cepteurs.","breadcrumb":{"@id":"https:\/\/asso.graie.org\/portail\/recherche\/othu\/#breadcrumb"},"inLanguage":"fr-FR","potentialAction":[{"@type":"ReadAction","target":["https:\/\/asso.graie.org\/portail\/recherche\/othu\/"]}]},{"@type":"BreadcrumbList","@id":"https:\/\/asso.graie.org\/portail\/recherche\/othu\/#breadcrumb","itemListElement":[{"@type":"ListItem","position":1,"name":"Accueil","item":"https:\/\/asso.graie.org\/portail\/"},{"@type":"ListItem","position":2,"name":"Recherche","item":"https:\/\/asso.graie.org\/portail\/recherche\/"},{"@type":"ListItem","position":3,"name":"OTHU"}]},{"@type":"WebSite","@id":"https:\/\/asso.graie.org\/portail\/#website","url":"https:\/\/asso.graie.org\/portail\/","name":"Graie","description":"P\u00f4le Eau et Territoires","publisher":{"@id":"https:\/\/asso.graie.org\/portail\/#organization"},"potentialAction":[{"@type":"SearchAction","target":{"@type":"EntryPoint","urlTemplate":"https:\/\/asso.graie.org\/portail\/?s={search_term_string}"},"query-input":"required name=search_term_string"}],"inLanguage":"fr-FR"},{"@type":"Organization","@id":"https:\/\/asso.graie.org\/portail\/#organization","name":"Le Graie","url":"https:\/\/asso.graie.org\/portail\/","logo":{"@type":"ImageObject","inLanguage":"fr-FR","@id":"https:\/\/asso.graie.org\/portail\/#\/schema\/logo\/image\/","url":"https:\/\/asso.graie.org\/portail\/wp-content\/uploads\/2021\/12\/Logotype-Graie.png","contentUrl":"https:\/\/asso.graie.org\/portail\/wp-content\/uploads\/2021\/12\/Logotype-Graie.png","width":1890,"height":1181,"caption":"Le Graie"},"image":{"@id":"https:\/\/asso.graie.org\/portail\/#\/schema\/logo\/image\/"},"sameAs":["https:\/\/fr.linkedin.com\/company\/graie?trk=top_nav_home","https:\/\/www.youtube.com\/channel\/UCZQk0Tt7upYwERYNdDIZqLQ","https:\/\/twitter.com\/asso_graie"]}]}},"_links":{"self":[{"href":"https:\/\/asso.graie.org\/portail\/wp-json\/wp\/v2\/pages\/1253"}],"collection":[{"href":"https:\/\/asso.graie.org\/portail\/wp-json\/wp\/v2\/pages"}],"about":[{"href":"https:\/\/asso.graie.org\/portail\/wp-json\/wp\/v2\/types\/page"}],"author":[{"embeddable":true,"href":"https:\/\/asso.graie.org\/portail\/wp-json\/wp\/v2\/users\/1"}],"replies":[{"embeddable":true,"href":"https:\/\/asso.graie.org\/portail\/wp-json\/wp\/v2\/comments?post=1253"}],"version-history":[{"count":13,"href":"https:\/\/asso.graie.org\/portail\/wp-json\/wp\/v2\/pages\/1253\/revisions"}],"predecessor-version":[{"id":28159,"href":"https:\/\/asso.graie.org\/portail\/wp-json\/wp\/v2\/pages\/1253\/revisions\/28159"}],"up":[{"embeddable":true,"href":"https:\/\/asso.graie.org\/portail\/wp-json\/wp\/v2\/pages\/1098"}],"wp:attachment":[{"href":"https:\/\/asso.graie.org\/portail\/wp-json\/wp\/v2\/media?parent=1253"}],"curies":[{"name":"wp","href":"https:\/\/api.w.org\/{rel}","templated":true}]}}