{"id":1261,"date":"2017-06-30T09:09:48","date_gmt":"2017-06-30T07:09:48","guid":{"rendered":"https:\/\/asso.graie.org\/portail\/?page_id=1261"},"modified":"2025-12-09T13:35:35","modified_gmt":"2025-12-09T12:35:35","slug":"novatech","status":"publish","type":"page","link":"https:\/\/asso.graie.org\/portail\/conferences-internationales\/novatech\/","title":{"rendered":"Conf\u00e9rences internationales Novatech"},"content":{"rendered":"\n<div style=\"height:30px\" aria-hidden=\"true\" class=\"wp-block-spacer\"><\/div>\n\n\n\n<figure class=\"wp-block-image size-full is-resized is-style-default\"><a href=\"https:\/\/asso.graie.org\/portail\/conferences-internationales\/novatech-en\/\"><img decoding=\"async\" loading=\"lazy\" width=\"512\" height=\"512\" src=\"https:\/\/asso.graie.org\/portail\/wp-content\/uploads\/2022\/10\/drapeau-Eng-1.png\" alt=\"\" class=\"wp-image-22063\" style=\"aspect-ratio:1;width:58px;height:auto\" srcset=\"https:\/\/asso.graie.org\/portail\/wp-content\/uploads\/2022\/10\/drapeau-Eng-1.png 512w, https:\/\/asso.graie.org\/portail\/wp-content\/uploads\/2022\/10\/drapeau-Eng-1-300x300.png 300w, https:\/\/asso.graie.org\/portail\/wp-content\/uploads\/2022\/10\/drapeau-Eng-1-150x150.png 150w\" sizes=\"(max-width: 512px) 100vw, 512px\" \/><\/a><\/figure>\n\n\n\n<div style=\"height:30px\" aria-hidden=\"true\" class=\"wp-block-spacer\"><\/div>\n\n\n\n<h2 class=\"wp-block-heading\">La conf\u00e9rence internationale pour une gestion durable de l&rsquo;eau dans la ville<\/h2>\n\n\n\n<div style=\"height:30px\" aria-hidden=\"true\" class=\"wp-block-spacer\"><\/div>\n\n\n\n<div class=\"wp-block-columns is-layout-flex wp-container-3 wp-block-columns-is-layout-flex\">\n<div class=\"wp-block-column is-layout-flow wp-block-column-is-layout-flow\" style=\"flex-basis:33.33%\">\n<div style=\"height:23px\" aria-hidden=\"true\" class=\"wp-block-spacer\"><\/div>\n\n\n\n<figure class=\"wp-block-image size-large is-resized is-style-default\"><a href=\"https:\/\/www.graie-novatech.org\/\"><img decoding=\"async\" loading=\"lazy\" width=\"1024\" height=\"799\" src=\"https:\/\/asso.graie.org\/portail\/wp-content\/uploads\/2025\/06\/Logo_Novatech26_FR-1024x799.png\" alt=\"\" class=\"wp-image-28180\" style=\"aspect-ratio:1.3178893178893178;width:234px;height:auto\" srcset=\"https:\/\/asso.graie.org\/portail\/wp-content\/uploads\/2025\/06\/Logo_Novatech26_FR-1024x799.png 1024w, https:\/\/asso.graie.org\/portail\/wp-content\/uploads\/2025\/06\/Logo_Novatech26_FR-300x234.png 300w, https:\/\/asso.graie.org\/portail\/wp-content\/uploads\/2025\/06\/Logo_Novatech26_FR-768x599.png 768w, https:\/\/asso.graie.org\/portail\/wp-content\/uploads\/2025\/06\/Logo_Novatech26_FR-1536x1198.png 1536w, https:\/\/asso.graie.org\/portail\/wp-content\/uploads\/2025\/06\/Logo_Novatech26_FR.png 1679w\" sizes=\"(max-width: 1024px) 100vw, 1024px\" \/><\/a><\/figure>\n<\/div>\n\n\n\n<div class=\"wp-block-column is-layout-flow wp-block-column-is-layout-flow\" style=\"flex-basis:66.66%\">\n<p>Novatech est une rencontre internationale sur les strat\u00e9gies et solutions pour une gestion durable de l&rsquo;eau dans la ville, avec un focus sur les eaux pluviales urbaines. Elle vise \u00e0 croiser les approches et faire dialoguer tous les acteurs. <\/p>\n\n\n\n<div style=\"height:50px\" aria-hidden=\"true\" class=\"wp-block-spacer\"><\/div>\n\n\n\n<h3 class=\"wp-block-heading\"><strong>La 12e \u00e9dition de la conf\u00e9rence aura lieu du 29 juin au 3 juillet 2026, \u00e0 Lyon.<\/strong> Nous vous attendons nombreux !<\/h3>\n\n\n\n<div style=\"height:50px\" aria-hidden=\"true\" class=\"wp-block-spacer\"><\/div>\n\n\n\n<p><strong>Prochaines \u00e9tapes : <\/strong><\/p>\n\n\n\n<ul>\n<li>15 septembre 2025 : lancement de l&rsquo;appel \u00e0 communication<\/li>\n\n\n\n<li>10 d\u00e9cembre 2025 : date limite de la r\u00e9ception des propositions de communication<\/li>\n\n\n\n<li>Mars 2026 : Diffusion du programme et ouverture des inscriptions<\/li>\n<\/ul>\n\n\n\n<div style=\"height:22px\" aria-hidden=\"true\" class=\"wp-block-spacer\"><\/div>\n<\/div>\n<\/div>\n\n\n\n<div class=\"wp-block-buttons is-content-justification-center is-layout-flex wp-container-4 wp-block-buttons-is-layout-flex\">\n<div class=\"wp-block-button\"><a class=\"wp-block-button__link has-white-color has-text-color has-background wp-element-button\" href=\"https:\/\/www.graie-novatech.org\/\" style=\"background-color:#00b6cf\"><strong>Le site web Novatech 2026<\/strong><\/a><\/div>\n<\/div>\n\n\n\n<div style=\"height:48px\" aria-hidden=\"true\" class=\"wp-block-spacer\"><\/div>\n\n\n\n<hr class=\"wp-block-separator has-css-opacity\"\/>\n\n\n\n<div style=\"height:44px\" aria-hidden=\"true\" class=\"wp-block-spacer\"><\/div>\n\n\n\n<div class=\"wp-block-columns is-layout-flex wp-container-7 wp-block-columns-is-layout-flex\">\n<div class=\"wp-block-column is-layout-flow wp-block-column-is-layout-flow\">\n<h3 class=\"wp-block-heading\">Rassembler des professionnels issus de champs diversifi\u00e9s<\/h3>\n\n\n\n<p>Scientifiques, d\u00e9cideurs, gestionnaires et techniciens, fran\u00e7ais et internationaux, exposent et prennent connaissance \u00e0 Novatech des derni\u00e8res recherches, innovations et perspectives d&rsquo;\u00e9volution. Ils font conna\u00eetre et partager leurs exp\u00e9riences techniques et strat\u00e9giques.<\/p>\n<\/div>\n\n\n\n<div class=\"wp-block-column is-layout-flow wp-block-column-is-layout-flow\">\n<h3 class=\"wp-block-heading\">Favoriser les passerelles entre les acteurs et la transversalit\u00e9 des approches<\/h3>\n\n\n\n<p>Novatech accueille \u00e0 la fois les acteurs de l&rsquo;eau &#8211; assainissement et milieux aquatiques &#8211; et les acteurs de l&rsquo;am\u00e9nagement du territoire &#8211; urbanistes, am\u00e9nageurs, paysagistes, architectes, sociologues &#8211; qui ont en commun la gestion et l&rsquo;am\u00e9nagement d&rsquo;un territoire. Ainsi, Novatech favorise la construction d\u2019une culture commune sur la gestion de l&rsquo;eau, contribue au transfert des connaissances et incite \u00e0 l\u2019\u00e9volution des pratiques.<\/p>\n<\/div>\n<\/div>\n\n\n\n<div style=\"height:55px\" aria-hidden=\"true\" class=\"wp-block-spacer\"><\/div>\n\n\n\n<h3 class=\"wp-block-heading\">Novatech&nbsp;: une occasion unique en France pour&#8230;<\/h3>\n\n\n\n<ul>\n<li>Faire un tour d&rsquo;horizon <strong>des pratiques dans des villes du monde entier<\/strong> en termes d&rsquo;urbanisme, d&rsquo;am\u00e9nagement et de politiques incitatives pour une bonne gestion de l&rsquo;eau dans la ville.<\/li>\n\n\n\n<li>Conna\u00eetre les <strong>derni\u00e8res solutions techniques innovantes<\/strong>, int\u00e9grant les r\u00e9sultats de recherche, pour une gestion durable de l&rsquo;eau dans la ville et l&rsquo;optimisation des syst\u00e8mes en place, pour faire face aux probl\u00e8mes d&rsquo;inondation, de pollution et de risques sanitaires.<\/li>\n<\/ul>\n\n\n\n<div style=\"height:59px\" aria-hidden=\"true\" class=\"wp-block-spacer\"><\/div>\n\n\n\n<figure class=\"wp-block-image size-large is-style-default\"><img decoding=\"async\" loading=\"lazy\" width=\"1024\" height=\"512\" src=\"https:\/\/asso.graie.org\/portail\/wp-content\/uploads\/2024\/03\/Montage_Novatech-1024x512.png\" alt=\"\" class=\"wp-image-25597\" srcset=\"https:\/\/asso.graie.org\/portail\/wp-content\/uploads\/2024\/03\/Montage_Novatech-1024x512.png 1024w, https:\/\/asso.graie.org\/portail\/wp-content\/uploads\/2024\/03\/Montage_Novatech-300x150.png 300w, https:\/\/asso.graie.org\/portail\/wp-content\/uploads\/2024\/03\/Montage_Novatech-768x384.png 768w, https:\/\/asso.graie.org\/portail\/wp-content\/uploads\/2024\/03\/Montage_Novatech.png 1500w\" sizes=\"(max-width: 1024px) 100vw, 1024px\" \/><\/figure>\n\n\n\n<div style=\"height:59px\" aria-hidden=\"true\" class=\"wp-block-spacer\"><\/div>\n\n\n\n<h3 class=\"wp-block-heading\">Les grands chiffres de l\u2019\u00e9dition 2023<\/h3>\n\n\n\n<ul>\n<li><strong>610<\/strong> participants dont 1\/3 scientifiques, 1\/3 collectivit\u00e9s, 1\/3 secteur priv\u00e9<\/li>\n\n\n\n<li><strong>28<\/strong> pays repr\u00e9sent\u00e9s<\/li>\n\n\n\n<li><strong>3<\/strong> jours de conf\u00e9rences<\/li>\n\n\n\n<li><strong>220<\/strong> communications pr\u00e9sent\u00e9es : 140 orales et 80 posters<\/li>\n\n\n\n<li><strong>6<\/strong> ateliers interactifs<\/li>\n\n\n\n<li><strong>6<\/strong> workshops sp\u00e9cialis\u00e9s<\/li>\n\n\n\n<li><strong>4<\/strong> visites techniques<\/li>\n<\/ul>\n\n\n\n<div style=\"height:28px\" aria-hidden=\"true\" class=\"wp-block-spacer\"><\/div>\n\n\n\n<div class=\"wp-block-buttons is-content-justification-left is-layout-flex wp-container-8 wp-block-buttons-is-layout-flex\">\n<div class=\"wp-block-button\"><a class=\"wp-block-button__link has-white-color has-text-color has-background wp-element-button\" href=\"https:\/\/asso.graie.org\/portail\/wp-content\/uploads\/2024\/02\/Programme_NOVATECH_2023_web.pdf\" style=\"background-color:#cf007e\"><strong>T\u00e9l\u00e9charger le programme de l&rsquo;\u00e9dition 2023<\/strong><\/a><\/div>\n\n\n\n<div class=\"wp-block-button\"><a class=\"wp-block-button__link has-white-color has-text-color has-background wp-element-button\" href=\"https:\/\/www.graie.org\/graie\/graiedoc\/doc_telech\/Novatech%202023\/bilan_Novatech_23.pdf\" style=\"background-color:#cf007e\" target=\"_blank\" rel=\"noreferrer noopener\"><strong>Bilan 2023<\/strong><\/a><\/div>\n<\/div>\n\n\n\n<div style=\"height:51px\" aria-hidden=\"true\" class=\"wp-block-spacer\"><\/div>\n\n\n\n<h3 class=\"wp-block-heading\">Les communications des pr\u00e9c\u00e9dentes \u00e9ditions<\/h3>\n\n\n\n<div style=\"height:24px\" aria-hidden=\"true\" class=\"wp-block-spacer\"><\/div>\n\n\n\n<p>L&rsquo;ensemble des communications est disponible sur les <strong><a href=\"https:\/\/hal.archives-ouvertes.fr\/NOVATECH\">archives ouvertes HAL<\/a><\/strong>, avec une recherche possible par mots cl\u00e9s.<\/p>\n\n\n\n<p>Les actes sont disponibles via les liens suivants :<\/p>\n\n\n\n<div style=\"height:39px\" aria-hidden=\"true\" class=\"wp-block-spacer\"><\/div>\n\n\n\n<div class=\"wp-block-columns is-layout-flex wp-container-15 wp-block-columns-is-layout-flex\">\n<div class=\"wp-block-column is-layout-flow wp-block-column-is-layout-flow\">\n<div class=\"wp-block-buttons is-content-justification-center is-layout-flex wp-container-9 wp-block-buttons-is-layout-flex\">\n<div class=\"wp-block-button\"><a class=\"wp-block-button__link has-white-color has-vivid-cyan-blue-background-color has-text-color has-background wp-element-button\" href=\"https:\/\/hal.science\/NOVATECH\/search\/index\/?q=%2A&amp;rows=30&amp;sort=producedDate_tdate+desc&amp;producedDateY_i=2023\"><strong>Novatech 2023<\/strong><\/a><\/div>\n<\/div>\n<\/div>\n\n\n\n<div class=\"wp-block-column is-layout-flow wp-block-column-is-layout-flow\">\n<div class=\"wp-block-buttons is-content-justification-center is-layout-flex wp-container-11 wp-block-buttons-is-layout-flex\">\n<div class=\"wp-block-button\"><a class=\"wp-block-button__link has-white-color has-vivid-cyan-blue-background-color has-text-color has-background wp-element-button\" href=\"https:\/\/www.graie.org\/graie\/graiedoc\/doc_telech\/actesyntheses\/Novatechs\/NOVATECH%202019_Complet_final.pdf\"><strong>Novatech 2019<\/strong><\/a><\/div>\n<\/div>\n<\/div>\n\n\n\n<div class=\"wp-block-column is-layout-flow wp-block-column-is-layout-flow\">\n<div class=\"wp-block-buttons is-content-justification-center is-layout-flex wp-container-13 wp-block-buttons-is-layout-flex\">\n<div class=\"wp-block-button\"><a class=\"wp-block-button__link has-white-color has-vivid-cyan-blue-background-color has-text-color has-background wp-element-button\" href=\"https:\/\/www.graie.org\/graie\/graiedoc\/doc_telech\/actesyntheses\/Novatechs\/NOVATECH%202016_Resumes.pdf\"><strong>Novatech 2016<\/strong><\/a><\/div>\n<\/div>\n<\/div>\n<\/div>\n\n\n\n<div style=\"height:40px\" aria-hidden=\"true\" class=\"wp-block-spacer\"><\/div>\n\n\n\n<div class=\"wp-block-columns is-layout-flex wp-container-22 wp-block-columns-is-layout-flex\">\n<div class=\"wp-block-column is-layout-flow wp-block-column-is-layout-flow\">\n<div class=\"wp-block-buttons is-content-justification-center is-layout-flex wp-container-16 wp-block-buttons-is-layout-flex\">\n<div class=\"wp-block-button\"><a class=\"wp-block-button__link has-white-color has-vivid-cyan-blue-background-color has-text-color has-background wp-element-button\" href=\"https:\/\/www.graie.org\/graie\/graiedoc\/doc_telech\/actesyntheses\/Novatechs\/NOVATECH%202013_Resumes.pdf\"><strong>Novatech 2013<\/strong><\/a><\/div>\n<\/div>\n<\/div>\n\n\n\n<div class=\"wp-block-column is-layout-flow wp-block-column-is-layout-flow\">\n<div class=\"wp-block-buttons is-content-justification-center is-layout-flex wp-container-18 wp-block-buttons-is-layout-flex\">\n<div class=\"wp-block-button\"><a class=\"wp-block-button__link has-white-color has-vivid-cyan-blue-background-color has-text-color has-background wp-element-button\" href=\"https:\/\/www.graie.org\/graie\/graiedoc\/doc_telech\/actesyntheses\/Novatechs\/NOVATECH%202010_Resumes.pdf\"><strong>Novatech 2010<\/strong><\/a><\/div>\n<\/div>\n<\/div>\n\n\n\n<div class=\"wp-block-column is-layout-flow wp-block-column-is-layout-flow\">\n<div class=\"wp-block-buttons is-content-justification-center is-layout-flex wp-container-20 wp-block-buttons-is-layout-flex\">\n<div class=\"wp-block-button\"><a class=\"wp-block-button__link has-white-color has-vivid-cyan-blue-background-color has-text-color has-background wp-element-button\" href=\"https:\/\/hal.science\/search\/index?q=NOVATECH+2007\"><strong>Novatech 2007<\/strong><\/a><\/div>\n<\/div>\n<\/div>\n<\/div>\n\n\n\n<div style=\"height:50px\" aria-hidden=\"true\" class=\"wp-block-spacer\"><\/div>\n\n\n\n<p>Partenaires techniques et financiers de Novatech 2023<\/p>\n\n\n\n<figure class=\"wp-block-image size-large is-style-default\"><img decoding=\"async\" loading=\"lazy\" width=\"1024\" height=\"512\" src=\"https:\/\/asso.graie.org\/portail\/wp-content\/uploads\/2024\/04\/partenaires_Nova23-1024x512.png\" alt=\"\" class=\"wp-image-25865\" srcset=\"https:\/\/asso.graie.org\/portail\/wp-content\/uploads\/2024\/04\/partenaires_Nova23-1024x512.png 1024w, https:\/\/asso.graie.org\/portail\/wp-content\/uploads\/2024\/04\/partenaires_Nova23-300x150.png 300w, https:\/\/asso.graie.org\/portail\/wp-content\/uploads\/2024\/04\/partenaires_Nova23-768x384.png 768w, https:\/\/asso.graie.org\/portail\/wp-content\/uploads\/2024\/04\/partenaires_Nova23-1536x768.png 1536w, https:\/\/asso.graie.org\/portail\/wp-content\/uploads\/2024\/04\/partenaires_Nova23.png 1667w\" sizes=\"(max-width: 1024px) 100vw, 1024px\" \/><\/figure>\n","protected":false},"excerpt":{"rendered":"<p>La conf\u00e9rence internationale pour une gestion durable de l&rsquo;eau dans la ville Novatech est une rencontre internationale sur les strat\u00e9gies et solutions pour une gestion durable de l&rsquo;eau dans la ville, avec un focus sur les eaux pluviales urbaines. Elle &hellip;<\/p>\n","protected":false},"author":1,"featured_media":0,"parent":1100,"menu_order":0,"comment_status":"closed","ping_status":"closed","template":"","meta":{"_mi_skip_tracking":false,"footnotes":""},"acf":[],"yoast_head":"<!-- This site is optimized with the Yoast SEO plugin v19.13 - https:\/\/yoast.com\/wordpress\/plugins\/seo\/ -->\n<title>Conf\u00e9rences internationales Novatech | Conf\u00e9rence internationale | Le Graie<\/title>\n<meta name=\"description\" content=\"Novatech porte sur les strat\u00e9gies et solutions pour une gestion durable de l&#039;eau dans la ville, avec un focus sur les eaux pluviales urbaines.\" \/>\n<meta name=\"robots\" content=\"index, follow, max-snippet:-1, max-image-preview:large, max-video-preview:-1\" \/>\n<link rel=\"canonical\" href=\"https:\/\/asso.graie.org\/portail\/conferences-internationales\/novatech\/\" \/>\n<meta property=\"og:locale\" content=\"fr_FR\" \/>\n<meta property=\"og:type\" content=\"article\" \/>\n<meta property=\"og:title\" content=\"Conf\u00e9rences internationales Novatech | Conf\u00e9rence internationale | Le Graie\" \/>\n<meta property=\"og:description\" content=\"Novatech porte sur les strat\u00e9gies et solutions pour une gestion durable de l&#039;eau dans la ville, avec un focus sur les eaux pluviales urbaines.\" \/>\n<meta property=\"og:url\" content=\"https:\/\/asso.graie.org\/portail\/conferences-internationales\/novatech\/\" \/>\n<meta property=\"og:site_name\" content=\"Graie\" \/>\n<meta property=\"article:modified_time\" content=\"2025-12-09T12:35:35+00:00\" \/>\n<meta property=\"og:image\" content=\"https:\/\/asso.graie.org\/portail\/wp-content\/uploads\/2022\/10\/drapeau-Eng-1.png\" \/>\n<meta name=\"twitter:card\" content=\"summary_large_image\" \/>\n<meta name=\"twitter:site\" content=\"@asso_graie\" \/>\n<meta name=\"twitter:label1\" content=\"Dur\u00e9e de lecture estim\u00e9e\" \/>\n\t<meta name=\"twitter:data1\" content=\"3 minutes\" \/>\n<script type=\"application\/ld+json\" class=\"yoast-schema-graph\">{\"@context\":\"https:\/\/schema.org\",\"@graph\":[{\"@type\":\"WebPage\",\"@id\":\"https:\/\/asso.graie.org\/portail\/conferences-internationales\/novatech\/\",\"url\":\"https:\/\/asso.graie.org\/portail\/conferences-internationales\/novatech\/\",\"name\":\"Conf\u00e9rences internationales Novatech | Conf\u00e9rence internationale | Le Graie\",\"isPartOf\":{\"@id\":\"https:\/\/asso.graie.org\/portail\/#website\"},\"datePublished\":\"2017-06-30T07:09:48+00:00\",\"dateModified\":\"2025-12-09T12:35:35+00:00\",\"description\":\"Novatech porte sur les strat\u00e9gies et solutions pour une gestion durable de l'eau dans la ville, avec un focus sur les eaux pluviales urbaines.\",\"breadcrumb\":{\"@id\":\"https:\/\/asso.graie.org\/portail\/conferences-internationales\/novatech\/#breadcrumb\"},\"inLanguage\":\"fr-FR\",\"potentialAction\":[{\"@type\":\"ReadAction\",\"target\":[\"https:\/\/asso.graie.org\/portail\/conferences-internationales\/novatech\/\"]}]},{\"@type\":\"BreadcrumbList\",\"@id\":\"https:\/\/asso.graie.org\/portail\/conferences-internationales\/novatech\/#breadcrumb\",\"itemListElement\":[{\"@type\":\"ListItem\",\"position\":1,\"name\":\"Accueil\",\"item\":\"https:\/\/asso.graie.org\/portail\/\"},{\"@type\":\"ListItem\",\"position\":2,\"name\":\"Le Graie \u00e0 l&rsquo;international\",\"item\":\"https:\/\/asso.graie.org\/portail\/conferences-internationales\/\"},{\"@type\":\"ListItem\",\"position\":3,\"name\":\"Conf\u00e9rences internationales Novatech\"}]},{\"@type\":\"WebSite\",\"@id\":\"https:\/\/asso.graie.org\/portail\/#website\",\"url\":\"https:\/\/asso.graie.org\/portail\/\",\"name\":\"Graie\",\"description\":\"P\u00f4le Eau et Territoires\",\"publisher\":{\"@id\":\"https:\/\/asso.graie.org\/portail\/#organization\"},\"potentialAction\":[{\"@type\":\"SearchAction\",\"target\":{\"@type\":\"EntryPoint\",\"urlTemplate\":\"https:\/\/asso.graie.org\/portail\/?s={search_term_string}\"},\"query-input\":\"required name=search_term_string\"}],\"inLanguage\":\"fr-FR\"},{\"@type\":\"Organization\",\"@id\":\"https:\/\/asso.graie.org\/portail\/#organization\",\"name\":\"Le Graie\",\"url\":\"https:\/\/asso.graie.org\/portail\/\",\"logo\":{\"@type\":\"ImageObject\",\"inLanguage\":\"fr-FR\",\"@id\":\"https:\/\/asso.graie.org\/portail\/#\/schema\/logo\/image\/\",\"url\":\"https:\/\/asso.graie.org\/portail\/wp-content\/uploads\/2021\/12\/Logotype-Graie.png\",\"contentUrl\":\"https:\/\/asso.graie.org\/portail\/wp-content\/uploads\/2021\/12\/Logotype-Graie.png\",\"width\":1890,\"height\":1181,\"caption\":\"Le Graie\"},\"image\":{\"@id\":\"https:\/\/asso.graie.org\/portail\/#\/schema\/logo\/image\/\"},\"sameAs\":[\"https:\/\/fr.linkedin.com\/company\/graie?trk=top_nav_home\",\"https:\/\/www.youtube.com\/channel\/UCZQk0Tt7upYwERYNdDIZqLQ\",\"https:\/\/twitter.com\/asso_graie\"]}]}<\/script>\n<!-- \/ Yoast SEO plugin. -->","yoast_head_json":{"title":"Conf\u00e9rences internationales Novatech | Conf\u00e9rence internationale | Le Graie","description":"Novatech porte sur les strat\u00e9gies et solutions pour une gestion durable de l'eau dans la ville, avec un focus sur les eaux pluviales urbaines.","robots":{"index":"index","follow":"follow","max-snippet":"max-snippet:-1","max-image-preview":"max-image-preview:large","max-video-preview":"max-video-preview:-1"},"canonical":"https:\/\/asso.graie.org\/portail\/conferences-internationales\/novatech\/","og_locale":"fr_FR","og_type":"article","og_title":"Conf\u00e9rences internationales Novatech | Conf\u00e9rence internationale | Le Graie","og_description":"Novatech porte sur les strat\u00e9gies et solutions pour une gestion durable de l'eau dans la ville, avec un focus sur les eaux pluviales urbaines.","og_url":"https:\/\/asso.graie.org\/portail\/conferences-internationales\/novatech\/","og_site_name":"Graie","article_modified_time":"2025-12-09T12:35:35+00:00","og_image":[{"url":"https:\/\/asso.graie.org\/portail\/wp-content\/uploads\/2022\/10\/drapeau-Eng-1.png"}],"twitter_card":"summary_large_image","twitter_site":"@asso_graie","twitter_misc":{"Dur\u00e9e de lecture estim\u00e9e":"3 minutes"},"schema":{"@context":"https:\/\/schema.org","@graph":[{"@type":"WebPage","@id":"https:\/\/asso.graie.org\/portail\/conferences-internationales\/novatech\/","url":"https:\/\/asso.graie.org\/portail\/conferences-internationales\/novatech\/","name":"Conf\u00e9rences internationales Novatech | Conf\u00e9rence internationale | Le Graie","isPartOf":{"@id":"https:\/\/asso.graie.org\/portail\/#website"},"datePublished":"2017-06-30T07:09:48+00:00","dateModified":"2025-12-09T12:35:35+00:00","description":"Novatech porte sur les strat\u00e9gies et solutions pour une gestion durable de l'eau dans la ville, avec un focus sur les eaux pluviales urbaines.","breadcrumb":{"@id":"https:\/\/asso.graie.org\/portail\/conferences-internationales\/novatech\/#breadcrumb"},"inLanguage":"fr-FR","potentialAction":[{"@type":"ReadAction","target":["https:\/\/asso.graie.org\/portail\/conferences-internationales\/novatech\/"]}]},{"@type":"BreadcrumbList","@id":"https:\/\/asso.graie.org\/portail\/conferences-internationales\/novatech\/#breadcrumb","itemListElement":[{"@type":"ListItem","position":1,"name":"Accueil","item":"https:\/\/asso.graie.org\/portail\/"},{"@type":"ListItem","position":2,"name":"Le Graie \u00e0 l&rsquo;international","item":"https:\/\/asso.graie.org\/portail\/conferences-internationales\/"},{"@type":"ListItem","position":3,"name":"Conf\u00e9rences internationales Novatech"}]},{"@type":"WebSite","@id":"https:\/\/asso.graie.org\/portail\/#website","url":"https:\/\/asso.graie.org\/portail\/","name":"Graie","description":"P\u00f4le Eau et Territoires","publisher":{"@id":"https:\/\/asso.graie.org\/portail\/#organization"},"potentialAction":[{"@type":"SearchAction","target":{"@type":"EntryPoint","urlTemplate":"https:\/\/asso.graie.org\/portail\/?s={search_term_string}"},"query-input":"required name=search_term_string"}],"inLanguage":"fr-FR"},{"@type":"Organization","@id":"https:\/\/asso.graie.org\/portail\/#organization","name":"Le Graie","url":"https:\/\/asso.graie.org\/portail\/","logo":{"@type":"ImageObject","inLanguage":"fr-FR","@id":"https:\/\/asso.graie.org\/portail\/#\/schema\/logo\/image\/","url":"https:\/\/asso.graie.org\/portail\/wp-content\/uploads\/2021\/12\/Logotype-Graie.png","contentUrl":"https:\/\/asso.graie.org\/portail\/wp-content\/uploads\/2021\/12\/Logotype-Graie.png","width":1890,"height":1181,"caption":"Le Graie"},"image":{"@id":"https:\/\/asso.graie.org\/portail\/#\/schema\/logo\/image\/"},"sameAs":["https:\/\/fr.linkedin.com\/company\/graie?trk=top_nav_home","https:\/\/www.youtube.com\/channel\/UCZQk0Tt7upYwERYNdDIZqLQ","https:\/\/twitter.com\/asso_graie"]}]}},"_links":{"self":[{"href":"https:\/\/asso.graie.org\/portail\/wp-json\/wp\/v2\/pages\/1261"}],"collection":[{"href":"https:\/\/asso.graie.org\/portail\/wp-json\/wp\/v2\/pages"}],"about":[{"href":"https:\/\/asso.graie.org\/portail\/wp-json\/wp\/v2\/types\/page"}],"author":[{"embeddable":true,"href":"https:\/\/asso.graie.org\/portail\/wp-json\/wp\/v2\/users\/1"}],"replies":[{"embeddable":true,"href":"https:\/\/asso.graie.org\/portail\/wp-json\/wp\/v2\/comments?post=1261"}],"version-history":[{"count":46,"href":"https:\/\/asso.graie.org\/portail\/wp-json\/wp\/v2\/pages\/1261\/revisions"}],"predecessor-version":[{"id":30181,"href":"https:\/\/asso.graie.org\/portail\/wp-json\/wp\/v2\/pages\/1261\/revisions\/30181"}],"up":[{"embeddable":true,"href":"https:\/\/asso.graie.org\/portail\/wp-json\/wp\/v2\/pages\/1100"}],"wp:attachment":[{"href":"https:\/\/asso.graie.org\/portail\/wp-json\/wp\/v2\/media?parent=1261"}],"curies":[{"name":"wp","href":"https:\/\/api.w.org\/{rel}","templated":true}]}}