{"id":1263,"date":"2017-06-30T09:10:02","date_gmt":"2017-06-30T07:10:02","guid":{"rendered":"https:\/\/asso.graie.org\/portail\/?page_id=1263"},"modified":"2026-01-08T10:09:24","modified_gmt":"2026-01-08T09:09:24","slug":"isrivers","status":"publish","type":"page","link":"https:\/\/asso.graie.org\/portail\/conferences-internationales\/isrivers\/","title":{"rendered":"I.S.Rivers"},"content":{"rendered":"\n<div style=\"height:37px\" aria-hidden=\"true\" class=\"wp-block-spacer\"><\/div>\n\n\n\n<figure class=\"wp-block-image size-full is-resized\"><a href=\"https:\/\/asso.graie.org\/portail\/conferences-internationales\/isrivers-en\/\"><img decoding=\"async\" loading=\"lazy\" width=\"512\" height=\"512\" src=\"https:\/\/asso.graie.org\/portail\/wp-content\/uploads\/2022\/10\/drapeau-Eng.png\" alt=\"\" class=\"wp-image-22059\" style=\"width:53px;height:53px\" srcset=\"https:\/\/asso.graie.org\/portail\/wp-content\/uploads\/2022\/10\/drapeau-Eng.png 512w, https:\/\/asso.graie.org\/portail\/wp-content\/uploads\/2022\/10\/drapeau-Eng-300x300.png 300w, https:\/\/asso.graie.org\/portail\/wp-content\/uploads\/2022\/10\/drapeau-Eng-150x150.png 150w\" sizes=\"(max-width: 512px) 100vw, 512px\" \/><\/a><\/figure>\n\n\n\n<div style=\"height:37px\" aria-hidden=\"true\" class=\"wp-block-spacer\"><\/div>\n\n\n\n<h2 class=\"wp-block-heading\">Les fleuves et grandes rivi\u00e8res \u00e0 l&rsquo;honneur<\/h2>\n\n\n\n<div style=\"height:37px\" aria-hidden=\"true\" class=\"wp-block-spacer\"><\/div>\n\n\n\n<div class=\"wp-block-columns is-layout-flex wp-container-3 wp-block-columns-is-layout-flex\">\n<div class=\"wp-block-column is-layout-flow wp-block-column-is-layout-flow\" style=\"flex-basis:33.33%\">\n<div style=\"height:49px\" aria-hidden=\"true\" class=\"wp-block-spacer\"><\/div>\n\n\n\n<figure class=\"wp-block-image size-large\"><img decoding=\"async\" loading=\"lazy\" width=\"1024\" height=\"534\" src=\"https:\/\/asso.graie.org\/portail\/wp-content\/uploads\/2018\/03\/ISRIVERS_tiny-1024x534.jpg\" alt=\"I.S.Rivers logo\" class=\"wp-image-10282\" srcset=\"https:\/\/asso.graie.org\/portail\/wp-content\/uploads\/2018\/03\/ISRIVERS_tiny-1024x534.jpg 1024w, https:\/\/asso.graie.org\/portail\/wp-content\/uploads\/2018\/03\/ISRIVERS_tiny-300x156.jpg 300w, https:\/\/asso.graie.org\/portail\/wp-content\/uploads\/2018\/03\/ISRIVERS_tiny-768x400.jpg 768w, https:\/\/asso.graie.org\/portail\/wp-content\/uploads\/2018\/03\/ISRIVERS_tiny-1170x610.jpg 1170w, https:\/\/asso.graie.org\/portail\/wp-content\/uploads\/2018\/03\/ISRIVERS_tiny-600x313.jpg 600w, https:\/\/asso.graie.org\/portail\/wp-content\/uploads\/2018\/03\/ISRIVERS_tiny.jpg 1364w\" sizes=\"(max-width: 1024px) 100vw, 1024px\" \/><\/figure>\n<\/div>\n\n\n\n<div class=\"wp-block-column is-layout-flow wp-block-column-is-layout-flow\" style=\"flex-basis:66.66%\">\n<p>Co-organis\u00e9e par le Graie et la <a href=\"https:\/\/asso.graie.org\/portail\/dispositifsderecherche\/zabr\/\">ZABR<\/a>, I.S.Rivers porte sur les recherches et actions au service des fleuves et grandes rivi\u00e8res du monde, qu&rsquo;elles soient naturelles ou fortement anthropis\u00e9es. Cette conf\u00e9rence internationale vise \u00e0 favoriser un croisement des approches par un \u00e9tat des connaissances scientifiques et un partage des exp\u00e9riences de gestion des fleuves et grandes rivi\u00e8res. Le c\u0153ur d&rsquo;I.S.Rivers est aussi de cr\u00e9er un dialogue entre tous les acteurs afin d\u2019encourager des collaborations entre scientifiques et gestionnaires \u00e0 une \u00e9chelle europ\u00e9enne et internationale.<\/p>\n<\/div>\n<\/div>\n\n\n\n<div style=\"height:37px\" aria-hidden=\"true\" class=\"wp-block-spacer\"><\/div>\n\n\n\n<p><strong>La 5\u1d49 \u00e9dition de la conf\u00e9rence a eu lieu du 30 juin au 4 juillet 2025.<\/strong><\/p>\n\n\n\n<p>Rendez-vous sur le site <a href=\"https:\/\/asso.graie.org\/isrivers\/\"><strong>I.S.Rivers 2025<\/strong><\/a> pour retrouver toutes les informations, le <strong><a href=\"https:\/\/www.graie.org\/graie\/graiedoc\/doc_telech\/ISRIV25\/Bilan_ISRIVERS2025.pdf\">bilan de la derni\u00e8re conf\u00e9rence<\/a><\/strong> et le <a href=\"https:\/\/www.youtube.com\/playlist?list=PL8wU9ui8zEy06DD7btzU32H7vs5WE7tzs\" class=\"broken_link\"><strong>replay vid\u00e9o des conf\u00e9rences<\/strong><\/a> d&rsquo;ouverture et de cl\u00f4ture. <\/p>\n\n\n\n<div style=\"height:35px\" aria-hidden=\"true\" class=\"wp-block-spacer\"><\/div>\n\n\n\n<h3 class=\"wp-block-heading\"><strong>4 grandes th\u00e9matiques pour une gestion durable des fleuves et grandes rivi\u00e8res<\/strong><\/h3>\n\n\n\n<ul>\n<li>Trajectoires et adaptation aux changements globaux<\/li>\n\n\n\n<li>Fonctionnement des fleuves, qualit\u00e9 et services<\/li>\n\n\n\n<li>Restauration \u00e9cologique et enjeux de gestion<\/li>\n\n\n\n<li>Des fleuves et des hommes en interaction<\/li>\n<\/ul>\n\n\n\n<div style=\"height:55px\" aria-hidden=\"true\" class=\"wp-block-spacer\"><\/div>\n\n\n\n<div class=\"wp-block-buttons is-layout-flex wp-block-buttons-is-layout-flex\">\n<div class=\"wp-block-button\"><a class=\"wp-block-button__link wp-element-button\" href=\"https:\/\/www.graie.org\/graie\/graiedoc\/doc_telech\/ISRIV25\/Bilan_ISRIVERS2025.pdf\"><strong><mark style=\"background-color:rgba(0, 0, 0, 0)\" class=\"has-inline-color has-white-color\">T\u00e9l\u00e9charger le bilan d&rsquo;IS Rivers 2025<\/mark><\/strong><\/a><\/div>\n<\/div>\n\n\n\n<div style=\"height:115px\" aria-hidden=\"true\" class=\"wp-block-spacer\"><\/div>\n\n\n\n<h3 class=\"wp-block-heading\"><strong>Les grands chiffres de l\u2019\u00e9dition 2025<\/strong><\/h3>\n\n\n\n<div style=\"height:29px\" aria-hidden=\"true\" class=\"wp-block-spacer\"><\/div>\n\n\n<div class=\"wp-block-image\">\n<figure class=\"aligncenter size-large\"><img decoding=\"async\" loading=\"lazy\" width=\"1024\" height=\"224\" src=\"https:\/\/asso.graie.org\/portail\/wp-content\/uploads\/2025\/12\/chiffres_cles_ISRivers25-1024x224.png\" alt=\"\" class=\"wp-image-30227\" srcset=\"https:\/\/asso.graie.org\/portail\/wp-content\/uploads\/2025\/12\/chiffres_cles_ISRivers25-1024x224.png 1024w, https:\/\/asso.graie.org\/portail\/wp-content\/uploads\/2025\/12\/chiffres_cles_ISRivers25-300x66.png 300w, https:\/\/asso.graie.org\/portail\/wp-content\/uploads\/2025\/12\/chiffres_cles_ISRivers25-768x168.png 768w, https:\/\/asso.graie.org\/portail\/wp-content\/uploads\/2025\/12\/chiffres_cles_ISRivers25.png 1417w\" sizes=\"(max-width: 1024px) 100vw, 1024px\" \/><\/figure><\/div>\n\n\n<div style=\"height:41px\" aria-hidden=\"true\" class=\"wp-block-spacer\"><\/div>\n\n\n\n<p><strong>Contacts :<\/strong><\/p>\n\n\n<div class=\"wp-block-image\">\n<figure class=\"alignleft\"><img decoding=\"async\" loading=\"lazy\" width=\"200\" height=\"200\" src=\"https:\/\/asso.graie.org\/portail\/wp-content\/uploads\/2021\/11\/anne_clemens-miniature.jpg\" alt=\"\" class=\"wp-image-18775\" srcset=\"https:\/\/asso.graie.org\/portail\/wp-content\/uploads\/2021\/11\/anne_clemens-miniature.jpg 200w, https:\/\/asso.graie.org\/portail\/wp-content\/uploads\/2021\/11\/anne_clemens-miniature-150x150.jpg 150w, https:\/\/asso.graie.org\/portail\/wp-content\/uploads\/2021\/11\/anne_clemens-miniature-100x100.jpg 100w\" sizes=\"(max-width: 200px) 100vw, 200px\" \/><\/figure><\/div>\n\n<a class=\"lightbox-enabled\" href=\"https:\/\/asso.graie.org\/portail\/anne-clemens\/\" data-caption=\"\" title=\"\">Anne CLEMENS, Directrice de la ZABR<\/a>\n\n\n<a href=\"http:\/\/www.graie.org\/ISRivers\/\" target=\"_blank\" class=\"shortc-button medium blue \"><span class=\"fa fa-plus-circle \" aria-hidden=\"true\"><\/span> Acc\u00e9der au site internet I.S.Rivers<\/a>\n","protected":false},"excerpt":{"rendered":"<p>Les fleuves et grandes rivi\u00e8res \u00e0 l&rsquo;honneur Co-organis\u00e9e par le Graie et la ZABR, I.S.Rivers porte sur les recherches et actions au service des fleuves et grandes rivi\u00e8res du monde, qu&rsquo;elles soient naturelles ou fortement anthropis\u00e9es. Cette conf\u00e9rence internationale vise &hellip;<\/p>\n","protected":false},"author":1,"featured_media":0,"parent":1100,"menu_order":0,"comment_status":"closed","ping_status":"closed","template":"","meta":{"_mi_skip_tracking":false,"footnotes":""},"acf":[],"yoast_head":"<!-- This site is optimized with the Yoast SEO plugin v19.13 - https:\/\/yoast.com\/wordpress\/plugins\/seo\/ -->\n<title>I.S.Rivers | Conf\u00e9rence internationale | Le Graie<\/title>\n<meta name=\"description\" content=\"I.S.Rivers porte sur les recherches et actions au service des fleuves et grandes rivi\u00e8res du monde, qu&#039;elles soient naturelles ou fortement anthropis\u00e9es.\" \/>\n<meta name=\"robots\" content=\"index, follow, max-snippet:-1, max-image-preview:large, max-video-preview:-1\" \/>\n<link rel=\"canonical\" href=\"https:\/\/asso.graie.org\/portail\/conferences-internationales\/isrivers\/\" \/>\n<meta property=\"og:locale\" content=\"fr_FR\" \/>\n<meta property=\"og:type\" content=\"article\" \/>\n<meta property=\"og:title\" content=\"I.S.Rivers | Conf\u00e9rence internationale | Le Graie\" \/>\n<meta property=\"og:description\" content=\"I.S.Rivers porte sur les recherches et actions au service des fleuves et grandes rivi\u00e8res du monde, qu&#039;elles soient naturelles ou fortement anthropis\u00e9es.\" \/>\n<meta property=\"og:url\" content=\"https:\/\/asso.graie.org\/portail\/conferences-internationales\/isrivers\/\" \/>\n<meta property=\"og:site_name\" content=\"Graie\" \/>\n<meta property=\"article:modified_time\" content=\"2026-01-08T09:09:24+00:00\" \/>\n<meta property=\"og:image\" content=\"https:\/\/asso.graie.org\/portail\/wp-content\/uploads\/2022\/10\/drapeau-Eng.png\" \/>\n<meta name=\"twitter:card\" content=\"summary_large_image\" \/>\n<meta name=\"twitter:site\" content=\"@asso_graie\" \/>\n<meta name=\"twitter:label1\" content=\"Dur\u00e9e de lecture estim\u00e9e\" \/>\n\t<meta name=\"twitter:data1\" content=\"2 minutes\" \/>\n<script type=\"application\/ld+json\" class=\"yoast-schema-graph\">{\"@context\":\"https:\/\/schema.org\",\"@graph\":[{\"@type\":\"WebPage\",\"@id\":\"https:\/\/asso.graie.org\/portail\/conferences-internationales\/isrivers\/\",\"url\":\"https:\/\/asso.graie.org\/portail\/conferences-internationales\/isrivers\/\",\"name\":\"I.S.Rivers | Conf\u00e9rence internationale | Le Graie\",\"isPartOf\":{\"@id\":\"https:\/\/asso.graie.org\/portail\/#website\"},\"datePublished\":\"2017-06-30T07:10:02+00:00\",\"dateModified\":\"2026-01-08T09:09:24+00:00\",\"description\":\"I.S.Rivers porte sur les recherches et actions au service des fleuves et grandes rivi\u00e8res du monde, qu'elles soient naturelles ou fortement anthropis\u00e9es.\",\"breadcrumb\":{\"@id\":\"https:\/\/asso.graie.org\/portail\/conferences-internationales\/isrivers\/#breadcrumb\"},\"inLanguage\":\"fr-FR\",\"potentialAction\":[{\"@type\":\"ReadAction\",\"target\":[\"https:\/\/asso.graie.org\/portail\/conferences-internationales\/isrivers\/\"]}]},{\"@type\":\"BreadcrumbList\",\"@id\":\"https:\/\/asso.graie.org\/portail\/conferences-internationales\/isrivers\/#breadcrumb\",\"itemListElement\":[{\"@type\":\"ListItem\",\"position\":1,\"name\":\"Accueil\",\"item\":\"https:\/\/asso.graie.org\/portail\/\"},{\"@type\":\"ListItem\",\"position\":2,\"name\":\"Le Graie \u00e0 l&rsquo;international\",\"item\":\"https:\/\/asso.graie.org\/portail\/conferences-internationales\/\"},{\"@type\":\"ListItem\",\"position\":3,\"name\":\"I.S.Rivers\"}]},{\"@type\":\"WebSite\",\"@id\":\"https:\/\/asso.graie.org\/portail\/#website\",\"url\":\"https:\/\/asso.graie.org\/portail\/\",\"name\":\"Graie\",\"description\":\"P\u00f4le Eau et Territoires\",\"publisher\":{\"@id\":\"https:\/\/asso.graie.org\/portail\/#organization\"},\"potentialAction\":[{\"@type\":\"SearchAction\",\"target\":{\"@type\":\"EntryPoint\",\"urlTemplate\":\"https:\/\/asso.graie.org\/portail\/?s={search_term_string}\"},\"query-input\":\"required name=search_term_string\"}],\"inLanguage\":\"fr-FR\"},{\"@type\":\"Organization\",\"@id\":\"https:\/\/asso.graie.org\/portail\/#organization\",\"name\":\"Le Graie\",\"url\":\"https:\/\/asso.graie.org\/portail\/\",\"logo\":{\"@type\":\"ImageObject\",\"inLanguage\":\"fr-FR\",\"@id\":\"https:\/\/asso.graie.org\/portail\/#\/schema\/logo\/image\/\",\"url\":\"https:\/\/asso.graie.org\/portail\/wp-content\/uploads\/2021\/12\/Logotype-Graie.png\",\"contentUrl\":\"https:\/\/asso.graie.org\/portail\/wp-content\/uploads\/2021\/12\/Logotype-Graie.png\",\"width\":1890,\"height\":1181,\"caption\":\"Le Graie\"},\"image\":{\"@id\":\"https:\/\/asso.graie.org\/portail\/#\/schema\/logo\/image\/\"},\"sameAs\":[\"https:\/\/fr.linkedin.com\/company\/graie?trk=top_nav_home\",\"https:\/\/www.youtube.com\/channel\/UCZQk0Tt7upYwERYNdDIZqLQ\",\"https:\/\/twitter.com\/asso_graie\"]}]}<\/script>\n<!-- \/ Yoast SEO plugin. -->","yoast_head_json":{"title":"I.S.Rivers | Conf\u00e9rence internationale | Le Graie","description":"I.S.Rivers porte sur les recherches et actions au service des fleuves et grandes rivi\u00e8res du monde, qu'elles soient naturelles ou fortement anthropis\u00e9es.","robots":{"index":"index","follow":"follow","max-snippet":"max-snippet:-1","max-image-preview":"max-image-preview:large","max-video-preview":"max-video-preview:-1"},"canonical":"https:\/\/asso.graie.org\/portail\/conferences-internationales\/isrivers\/","og_locale":"fr_FR","og_type":"article","og_title":"I.S.Rivers | Conf\u00e9rence internationale | Le Graie","og_description":"I.S.Rivers porte sur les recherches et actions au service des fleuves et grandes rivi\u00e8res du monde, qu'elles soient naturelles ou fortement anthropis\u00e9es.","og_url":"https:\/\/asso.graie.org\/portail\/conferences-internationales\/isrivers\/","og_site_name":"Graie","article_modified_time":"2026-01-08T09:09:24+00:00","og_image":[{"url":"https:\/\/asso.graie.org\/portail\/wp-content\/uploads\/2022\/10\/drapeau-Eng.png"}],"twitter_card":"summary_large_image","twitter_site":"@asso_graie","twitter_misc":{"Dur\u00e9e de lecture estim\u00e9e":"2 minutes"},"schema":{"@context":"https:\/\/schema.org","@graph":[{"@type":"WebPage","@id":"https:\/\/asso.graie.org\/portail\/conferences-internationales\/isrivers\/","url":"https:\/\/asso.graie.org\/portail\/conferences-internationales\/isrivers\/","name":"I.S.Rivers | Conf\u00e9rence internationale | Le Graie","isPartOf":{"@id":"https:\/\/asso.graie.org\/portail\/#website"},"datePublished":"2017-06-30T07:10:02+00:00","dateModified":"2026-01-08T09:09:24+00:00","description":"I.S.Rivers porte sur les recherches et actions au service des fleuves et grandes rivi\u00e8res du monde, qu'elles soient naturelles ou fortement anthropis\u00e9es.","breadcrumb":{"@id":"https:\/\/asso.graie.org\/portail\/conferences-internationales\/isrivers\/#breadcrumb"},"inLanguage":"fr-FR","potentialAction":[{"@type":"ReadAction","target":["https:\/\/asso.graie.org\/portail\/conferences-internationales\/isrivers\/"]}]},{"@type":"BreadcrumbList","@id":"https:\/\/asso.graie.org\/portail\/conferences-internationales\/isrivers\/#breadcrumb","itemListElement":[{"@type":"ListItem","position":1,"name":"Accueil","item":"https:\/\/asso.graie.org\/portail\/"},{"@type":"ListItem","position":2,"name":"Le Graie \u00e0 l&rsquo;international","item":"https:\/\/asso.graie.org\/portail\/conferences-internationales\/"},{"@type":"ListItem","position":3,"name":"I.S.Rivers"}]},{"@type":"WebSite","@id":"https:\/\/asso.graie.org\/portail\/#website","url":"https:\/\/asso.graie.org\/portail\/","name":"Graie","description":"P\u00f4le Eau et Territoires","publisher":{"@id":"https:\/\/asso.graie.org\/portail\/#organization"},"potentialAction":[{"@type":"SearchAction","target":{"@type":"EntryPoint","urlTemplate":"https:\/\/asso.graie.org\/portail\/?s={search_term_string}"},"query-input":"required name=search_term_string"}],"inLanguage":"fr-FR"},{"@type":"Organization","@id":"https:\/\/asso.graie.org\/portail\/#organization","name":"Le Graie","url":"https:\/\/asso.graie.org\/portail\/","logo":{"@type":"ImageObject","inLanguage":"fr-FR","@id":"https:\/\/asso.graie.org\/portail\/#\/schema\/logo\/image\/","url":"https:\/\/asso.graie.org\/portail\/wp-content\/uploads\/2021\/12\/Logotype-Graie.png","contentUrl":"https:\/\/asso.graie.org\/portail\/wp-content\/uploads\/2021\/12\/Logotype-Graie.png","width":1890,"height":1181,"caption":"Le Graie"},"image":{"@id":"https:\/\/asso.graie.org\/portail\/#\/schema\/logo\/image\/"},"sameAs":["https:\/\/fr.linkedin.com\/company\/graie?trk=top_nav_home","https:\/\/www.youtube.com\/channel\/UCZQk0Tt7upYwERYNdDIZqLQ","https:\/\/twitter.com\/asso_graie"]}]}},"_links":{"self":[{"href":"https:\/\/asso.graie.org\/portail\/wp-json\/wp\/v2\/pages\/1263"}],"collection":[{"href":"https:\/\/asso.graie.org\/portail\/wp-json\/wp\/v2\/pages"}],"about":[{"href":"https:\/\/asso.graie.org\/portail\/wp-json\/wp\/v2\/types\/page"}],"author":[{"embeddable":true,"href":"https:\/\/asso.graie.org\/portail\/wp-json\/wp\/v2\/users\/1"}],"replies":[{"embeddable":true,"href":"https:\/\/asso.graie.org\/portail\/wp-json\/wp\/v2\/comments?post=1263"}],"version-history":[{"count":19,"href":"https:\/\/asso.graie.org\/portail\/wp-json\/wp\/v2\/pages\/1263\/revisions"}],"predecessor-version":[{"id":30691,"href":"https:\/\/asso.graie.org\/portail\/wp-json\/wp\/v2\/pages\/1263\/revisions\/30691"}],"up":[{"embeddable":true,"href":"https:\/\/asso.graie.org\/portail\/wp-json\/wp\/v2\/pages\/1100"}],"wp:attachment":[{"href":"https:\/\/asso.graie.org\/portail\/wp-json\/wp\/v2\/media?parent=1263"}],"curies":[{"name":"wp","href":"https:\/\/api.w.org\/{rel}","templated":true}]}}