{"id":1367,"date":"2017-07-05T10:23:30","date_gmt":"2017-07-05T08:23:30","guid":{"rendered":"https:\/\/asso.graie.org\/portail\/?page_id=1367"},"modified":"2026-02-10T15:38:42","modified_gmt":"2026-02-10T14:38:42","slug":"groupesdetravail","status":"publish","type":"page","link":"https:\/\/asso.graie.org\/portail\/animationregionale\/groupesdetravail\/","title":{"rendered":"Groupes de travail"},"content":{"rendered":"\n<h2 class=\"wp-block-heading\">&nbsp;<\/h2>\n\n\n\n<h2 class=\"wp-block-heading\">Le Graie permet une animation r\u00e9gionale dynamique \u00e0 travers 5 groupes de travail.<\/h2>\n\n\n\n<div style=\"height:26px\" aria-hidden=\"true\" class=\"wp-block-spacer\"><\/div>\n\n\n\n<h3 class=\"wp-block-heading\">Les th\u00e8mes des groupes de travail :<\/h3>\n\n\n\n<div style=\"height:16px\" aria-hidden=\"true\" class=\"wp-block-spacer\"><\/div>\n\n\n\n<div class=\"wp-block-columns are-vertically-aligned-center is-layout-flex wp-container-3 wp-block-columns-is-layout-flex\">\n<div class=\"wp-block-column is-vertically-aligned-center is-layout-flow wp-block-column-is-layout-flow\" style=\"flex-basis:33.33%\">\n<figure class=\"wp-block-image size-full is-resized\"><a href=\"https:\/\/asso.graie.org\/portail\/animationregionale\/gt-eaux-pluviales\/\"><img decoding=\"async\" loading=\"lazy\" width=\"500\" height=\"700\" src=\"https:\/\/asso.graie.org\/portail\/wp-content\/uploads\/2023\/02\/1-1.png\" alt=\"\" class=\"wp-image-22854\" style=\"width:223px;height:312px\" srcset=\"https:\/\/asso.graie.org\/portail\/wp-content\/uploads\/2023\/02\/1-1.png 500w, https:\/\/asso.graie.org\/portail\/wp-content\/uploads\/2023\/02\/1-1-214x300.png 214w\" sizes=\"(max-width: 500px) 100vw, 500px\" \/><\/a><\/figure>\n<\/div>\n\n\n\n<div class=\"wp-block-column is-vertically-aligned-center is-layout-flow wp-block-column-is-layout-flow\" style=\"flex-basis:66.66%\">\n<p>EAU DANS LA VILLE<\/p>\n\n\n\n<p><strong><a href=\"https:\/\/asso.graie.org\/portail\/animationregionale\/gt-eaux-pluviales\/\">Eaux pluviales et am\u00e9nagement<\/a><\/strong><\/p>\n<\/div>\n<\/div>\n\n\n\n<div class=\"wp-block-columns are-vertically-aligned-center is-layout-flex wp-container-6 wp-block-columns-is-layout-flex\">\n<div class=\"wp-block-column is-vertically-aligned-center is-layout-flow wp-block-column-is-layout-flow\" style=\"flex-basis:33.33%\">\n<figure class=\"wp-block-image size-full is-resized\"><a href=\"https:\/\/asso.graie.org\/portail\/animationregionale\/gt-competences\/\"><img decoding=\"async\" loading=\"lazy\" width=\"500\" height=\"700\" src=\"https:\/\/asso.graie.org\/portail\/wp-content\/uploads\/2023\/02\/2-2.png\" alt=\"\" class=\"wp-image-22855\" style=\"width:222px;height:311px\" srcset=\"https:\/\/asso.graie.org\/portail\/wp-content\/uploads\/2023\/02\/2-2.png 500w, https:\/\/asso.graie.org\/portail\/wp-content\/uploads\/2023\/02\/2-2-214x300.png 214w\" sizes=\"(max-width: 500px) 100vw, 500px\" \/><\/a><\/figure>\n<\/div>\n\n\n\n<div class=\"wp-block-column is-vertically-aligned-center is-layout-flow wp-block-column-is-layout-flow\" style=\"flex-basis:66.66%\">\n<p>EAU DANS LA VILLE<\/p>\n\n\n\n<p><strong><a href=\"https:\/\/asso.graie.org\/portail\/animationregionale\/gt-competences\/\">Comp\u00e9tence eau et assainissement<\/a><\/strong><\/p>\n<\/div>\n<\/div>\n\n\n\n<div class=\"wp-block-columns are-vertically-aligned-center is-layout-flex wp-container-9 wp-block-columns-is-layout-flex\">\n<div class=\"wp-block-column is-vertically-aligned-center is-layout-flow wp-block-column-is-layout-flow\" style=\"flex-basis:33.33%\">\n<figure class=\"wp-block-image size-full is-resized\"><a href=\"https:\/\/asso.graie.org\/portail\/animationregionale\/gt-autosurveillance\/\"><img decoding=\"async\" loading=\"lazy\" width=\"500\" height=\"700\" src=\"https:\/\/asso.graie.org\/portail\/wp-content\/uploads\/2023\/02\/3-1.png\" alt=\"\" class=\"wp-image-22856\" style=\"width:224px;height:313px\" srcset=\"https:\/\/asso.graie.org\/portail\/wp-content\/uploads\/2023\/02\/3-1.png 500w, https:\/\/asso.graie.org\/portail\/wp-content\/uploads\/2023\/02\/3-1-214x300.png 214w\" sizes=\"(max-width: 500px) 100vw, 500px\" \/><\/a><\/figure>\n<\/div>\n\n\n\n<div class=\"wp-block-column is-vertically-aligned-center is-layout-flow wp-block-column-is-layout-flow\" style=\"flex-basis:66.66%\">\n<p>EAU DANS LA VILLE<\/p>\n\n\n\n<p><strong><a href=\"https:\/\/asso.graie.org\/portail\/animationregionale\/gt-autosurveillance\/\">Autosurveillance des syst\u00e8mes d&rsquo;assainissement<\/a><\/strong><\/p>\n<\/div>\n<\/div>\n\n\n\n<div class=\"wp-block-columns are-vertically-aligned-center is-layout-flex wp-container-12 wp-block-columns-is-layout-flex\">\n<div class=\"wp-block-column is-vertically-aligned-center is-layout-flow wp-block-column-is-layout-flow\" style=\"flex-basis:33.33%\">\n<figure class=\"wp-block-image size-full is-resized\"><a href=\"https:\/\/asso.graie.org\/portail\/animationregionale\/gt-stations-epuration\/\"><img decoding=\"async\" loading=\"lazy\" width=\"500\" height=\"700\" src=\"https:\/\/asso.graie.org\/portail\/wp-content\/uploads\/2023\/02\/4-1.png\" alt=\"\" class=\"wp-image-22857\" style=\"width:224px;height:313px\" srcset=\"https:\/\/asso.graie.org\/portail\/wp-content\/uploads\/2023\/02\/4-1.png 500w, https:\/\/asso.graie.org\/portail\/wp-content\/uploads\/2023\/02\/4-1-214x300.png 214w\" sizes=\"(max-width: 500px) 100vw, 500px\" \/><\/a><\/figure>\n<\/div>\n\n\n\n<div class=\"wp-block-column is-vertically-aligned-center is-layout-flow wp-block-column-is-layout-flow\" style=\"flex-basis:66.66%\">\n<p>EAU ET SANT\u00c9<\/p>\n\n\n\n<p><strong><a href=\"https:\/\/asso.graie.org\/portail\/animationregionale\/gt-stations-epuration\/\">Exploitants de station d&rsquo;\u00e9puration<\/a><\/strong><\/p>\n<\/div>\n<\/div>\n\n\n\n<div class=\"wp-block-columns are-vertically-aligned-center is-layout-flex wp-container-15 wp-block-columns-is-layout-flex\">\n<div class=\"wp-block-column is-vertically-aligned-center is-layout-flow wp-block-column-is-layout-flow\" style=\"flex-basis:33.33%\">\n<figure class=\"wp-block-image size-full is-resized\"><a href=\"https:\/\/asso.graie.org\/portail\/animationregionale\/gt-effluents-non-domestiques\/\"><img decoding=\"async\" loading=\"lazy\" width=\"500\" height=\"700\" src=\"https:\/\/asso.graie.org\/portail\/wp-content\/uploads\/2023\/02\/5-1.png\" alt=\"\" class=\"wp-image-22858\" style=\"width:227px;height:318px\" srcset=\"https:\/\/asso.graie.org\/portail\/wp-content\/uploads\/2023\/02\/5-1.png 500w, https:\/\/asso.graie.org\/portail\/wp-content\/uploads\/2023\/02\/5-1-214x300.png 214w\" sizes=\"(max-width: 500px) 100vw, 500px\" \/><\/a><\/figure>\n<\/div>\n\n\n\n<div class=\"wp-block-column is-vertically-aligned-center is-layout-flow wp-block-column-is-layout-flow\" style=\"flex-basis:66.66%\">\n<p>EAU ET SANT\u00c9<\/p>\n\n\n\n<p><strong><a href=\"https:\/\/asso.graie.org\/portail\/animationregionale\/gt-effluents-non-domestiques\/\">Gestion des effluents non domestiques<\/a><\/strong><\/p>\n<\/div>\n<\/div>\n\n\n\n<div style=\"height:37px\" aria-hidden=\"true\" class=\"wp-block-spacer\"><\/div>\n\n\n\n<p>Le r\u00e9seau des Acteurs publics de l\u2019Assainissement Non Collectif s&rsquo;est transform\u00e9 en comit\u00e9 de suivi de la <a href=\"https:\/\/asso.graie.org\/portail\/animationregionale\/animations-specifiques\/charte-anc-charte-anc-accueil\/\">charte Qualit&rsquo;ANC<\/a> depuis 2018. La charte n&rsquo;est plus anim\u00e9e par le Graie mais son animation sera prochainement reprise par une autre structure !<\/p>\n\n\n\n<div style=\"height:100px\" aria-hidden=\"true\" class=\"wp-block-spacer\"><\/div>\n\n\n\n<p>L\u2019ensemble des documents produits lors des groupes de travail est \u00e0 la disposition de tous, sur le site du Graie.<\/p>\n\n\n\n<p>Chaque groupe \u00e0 ces r\u00e8gles de participation en propre d\u00e9taill\u00e9es dans la page de pr\u00e9sentation de chaque groupe . De plus, il dispose d&rsquo;un espace r\u00e9serv\u00e9 pour \u00e9changer des informations, partager des messages et des ressources avec l\u2019ensemble des participants de votre groupe de travail.<\/p>\n\n\n\n<div style=\"height:100px\" aria-hidden=\"true\" class=\"wp-block-spacer\"><\/div>\n\n\n\n<p><strong>L\u2019animation des groupes de travail et r\u00e9seaux est soutenue par&nbsp;:<\/strong><\/p>\n\n\n\n<ul>\n<li>La M\u00e9tropole de Lyon<\/li>\n\n\n\n<li>L&rsquo;Agence de l&rsquo;eau Rh\u00f4ne M\u00e9diterran\u00e9e Corse<\/li>\n\n\n\n<li>L&rsquo;Agence de l&rsquo;eau Loire Bretagne<\/li>\n<\/ul>\n\n\n\n<p>Les minist\u00e8res en charge de l&rsquo;\u00e9cologie et de la sant\u00e9 apportent \u00e9galement leur soutien pour la remont\u00e9e d&rsquo;information et la participation aux plans nationaux (ANC, assainissement).<\/p>\n\n\n\n<p><strong>Le travail d&rsquo;animation r\u00e9gionale est aussi et surtout financ\u00e9 par les <a href=\"https:\/\/asso.graie.org\/portail\/adherer\/\">adh\u00e9sions<\/a>.<\/strong><\/p>\n\n\n\n<div style=\"height:85px\" aria-hidden=\"true\" class=\"wp-block-spacer\"><\/div>\n\n\n\n<p><strong>Les tarifs des \u00e9v\u00e9nements Groupes de Travail<\/strong><\/p>\n\n\n\n<ul>\n<li>Rencontres en visioconf\u00e9rence : gratuites<\/li>\n\n\n\n<li>Rencontres en pr\u00e9sentiel :\n<ul>\n<li>Tarif D\u00e9couverte : 65\u20ac<\/li>\n\n\n\n<li>Tarif Membre du Graie : 25\u20ac<\/li>\n\n\n\n<li>Tarif \u00ab\u00a0membre engag\u00e9\u00a0\u00bb et partenaires financeurs : gratuit<\/li>\n<\/ul>\n<\/li>\n<\/ul>\n\n\n\n<div style=\"height:61px\" aria-hidden=\"true\" class=\"wp-block-spacer\"><\/div>\n","protected":false},"excerpt":{"rendered":"<p>&nbsp; Le Graie permet une animation r\u00e9gionale dynamique \u00e0 travers 5 groupes de travail. Les th\u00e8mes des groupes de travail : EAU DANS LA VILLE Eaux pluviales et am\u00e9nagement EAU DANS LA VILLE Comp\u00e9tence eau et assainissement EAU DANS LA &hellip;<\/p>\n","protected":false},"author":1,"featured_media":0,"parent":1096,"menu_order":0,"comment_status":"closed","ping_status":"closed","template":"","meta":{"_mi_skip_tracking":false,"footnotes":""},"acf":[],"yoast_head":"<!-- This site is optimized with the Yoast SEO plugin v19.13 - https:\/\/yoast.com\/wordpress\/plugins\/seo\/ -->\n<title>Groupes de travail | Animation r\u00e9gionale | Le Graie<\/title>\n<meta name=\"description\" content=\"Le Graie dispose de 5 groupes de travail sur les th\u00e8mes suivants : eaux pluviales et am\u00e9nagement, autosurveillance des syst\u00e8mes d&#039;assainissement, stations d&#039;\u00e9puration, gestion des effluents non domestiques et comp\u00e9tences eau et assainissement.\" \/>\n<meta name=\"robots\" content=\"index, follow, max-snippet:-1, max-image-preview:large, max-video-preview:-1\" \/>\n<link rel=\"canonical\" href=\"https:\/\/asso.graie.org\/portail\/animationregionale\/groupesdetravail\/\" \/>\n<meta property=\"og:locale\" content=\"fr_FR\" \/>\n<meta property=\"og:type\" content=\"article\" \/>\n<meta property=\"og:title\" content=\"Groupes de travail | Animation r\u00e9gionale | Le Graie\" \/>\n<meta property=\"og:description\" content=\"Le Graie dispose de 5 groupes de travail sur les th\u00e8mes suivants : eaux pluviales et am\u00e9nagement, autosurveillance des syst\u00e8mes d&#039;assainissement, stations d&#039;\u00e9puration, gestion des effluents non domestiques et comp\u00e9tences eau et assainissement.\" \/>\n<meta property=\"og:url\" content=\"https:\/\/asso.graie.org\/portail\/animationregionale\/groupesdetravail\/\" \/>\n<meta property=\"og:site_name\" content=\"Graie\" \/>\n<meta property=\"article:modified_time\" content=\"2026-02-10T14:38:42+00:00\" \/>\n<meta property=\"og:image\" content=\"https:\/\/asso.graie.org\/portail\/wp-content\/uploads\/2023\/02\/1-1.png\" \/>\n<meta name=\"twitter:card\" content=\"summary_large_image\" \/>\n<meta name=\"twitter:site\" content=\"@asso_graie\" \/>\n<meta name=\"twitter:label1\" content=\"Dur\u00e9e de lecture estim\u00e9e\" \/>\n\t<meta name=\"twitter:data1\" content=\"3 minutes\" \/>\n<script type=\"application\/ld+json\" class=\"yoast-schema-graph\">{\"@context\":\"https:\/\/schema.org\",\"@graph\":[{\"@type\":\"WebPage\",\"@id\":\"https:\/\/asso.graie.org\/portail\/animationregionale\/groupesdetravail\/\",\"url\":\"https:\/\/asso.graie.org\/portail\/animationregionale\/groupesdetravail\/\",\"name\":\"Groupes de travail | Animation r\u00e9gionale | Le Graie\",\"isPartOf\":{\"@id\":\"https:\/\/asso.graie.org\/portail\/#website\"},\"datePublished\":\"2017-07-05T08:23:30+00:00\",\"dateModified\":\"2026-02-10T14:38:42+00:00\",\"description\":\"Le Graie dispose de 5 groupes de travail sur les th\u00e8mes suivants : eaux pluviales et am\u00e9nagement, autosurveillance des syst\u00e8mes d'assainissement, stations d'\u00e9puration, gestion des effluents non domestiques et comp\u00e9tences eau et assainissement.\",\"breadcrumb\":{\"@id\":\"https:\/\/asso.graie.org\/portail\/animationregionale\/groupesdetravail\/#breadcrumb\"},\"inLanguage\":\"fr-FR\",\"potentialAction\":[{\"@type\":\"ReadAction\",\"target\":[\"https:\/\/asso.graie.org\/portail\/animationregionale\/groupesdetravail\/\"]}]},{\"@type\":\"BreadcrumbList\",\"@id\":\"https:\/\/asso.graie.org\/portail\/animationregionale\/groupesdetravail\/#breadcrumb\",\"itemListElement\":[{\"@type\":\"ListItem\",\"position\":1,\"name\":\"Accueil\",\"item\":\"https:\/\/asso.graie.org\/portail\/\"},{\"@type\":\"ListItem\",\"position\":2,\"name\":\"Animation\",\"item\":\"https:\/\/asso.graie.org\/portail\/animationregionale\/\"},{\"@type\":\"ListItem\",\"position\":3,\"name\":\"Groupes de travail\"}]},{\"@type\":\"WebSite\",\"@id\":\"https:\/\/asso.graie.org\/portail\/#website\",\"url\":\"https:\/\/asso.graie.org\/portail\/\",\"name\":\"Graie\",\"description\":\"P\u00f4le Eau et Territoires\",\"publisher\":{\"@id\":\"https:\/\/asso.graie.org\/portail\/#organization\"},\"potentialAction\":[{\"@type\":\"SearchAction\",\"target\":{\"@type\":\"EntryPoint\",\"urlTemplate\":\"https:\/\/asso.graie.org\/portail\/?s={search_term_string}\"},\"query-input\":\"required name=search_term_string\"}],\"inLanguage\":\"fr-FR\"},{\"@type\":\"Organization\",\"@id\":\"https:\/\/asso.graie.org\/portail\/#organization\",\"name\":\"Le Graie\",\"url\":\"https:\/\/asso.graie.org\/portail\/\",\"logo\":{\"@type\":\"ImageObject\",\"inLanguage\":\"fr-FR\",\"@id\":\"https:\/\/asso.graie.org\/portail\/#\/schema\/logo\/image\/\",\"url\":\"https:\/\/asso.graie.org\/portail\/wp-content\/uploads\/2021\/12\/Logotype-Graie.png\",\"contentUrl\":\"https:\/\/asso.graie.org\/portail\/wp-content\/uploads\/2021\/12\/Logotype-Graie.png\",\"width\":1890,\"height\":1181,\"caption\":\"Le Graie\"},\"image\":{\"@id\":\"https:\/\/asso.graie.org\/portail\/#\/schema\/logo\/image\/\"},\"sameAs\":[\"https:\/\/fr.linkedin.com\/company\/graie?trk=top_nav_home\",\"https:\/\/www.youtube.com\/channel\/UCZQk0Tt7upYwERYNdDIZqLQ\",\"https:\/\/twitter.com\/asso_graie\"]}]}<\/script>\n<!-- \/ Yoast SEO plugin. -->","yoast_head_json":{"title":"Groupes de travail | Animation r\u00e9gionale | Le Graie","description":"Le Graie dispose de 5 groupes de travail sur les th\u00e8mes suivants : eaux pluviales et am\u00e9nagement, autosurveillance des syst\u00e8mes d'assainissement, stations d'\u00e9puration, gestion des effluents non domestiques et comp\u00e9tences eau et assainissement.","robots":{"index":"index","follow":"follow","max-snippet":"max-snippet:-1","max-image-preview":"max-image-preview:large","max-video-preview":"max-video-preview:-1"},"canonical":"https:\/\/asso.graie.org\/portail\/animationregionale\/groupesdetravail\/","og_locale":"fr_FR","og_type":"article","og_title":"Groupes de travail | Animation r\u00e9gionale | Le Graie","og_description":"Le Graie dispose de 5 groupes de travail sur les th\u00e8mes suivants : eaux pluviales et am\u00e9nagement, autosurveillance des syst\u00e8mes d'assainissement, stations d'\u00e9puration, gestion des effluents non domestiques et comp\u00e9tences eau et assainissement.","og_url":"https:\/\/asso.graie.org\/portail\/animationregionale\/groupesdetravail\/","og_site_name":"Graie","article_modified_time":"2026-02-10T14:38:42+00:00","og_image":[{"url":"https:\/\/asso.graie.org\/portail\/wp-content\/uploads\/2023\/02\/1-1.png"}],"twitter_card":"summary_large_image","twitter_site":"@asso_graie","twitter_misc":{"Dur\u00e9e de lecture estim\u00e9e":"3 minutes"},"schema":{"@context":"https:\/\/schema.org","@graph":[{"@type":"WebPage","@id":"https:\/\/asso.graie.org\/portail\/animationregionale\/groupesdetravail\/","url":"https:\/\/asso.graie.org\/portail\/animationregionale\/groupesdetravail\/","name":"Groupes de travail | Animation r\u00e9gionale | Le Graie","isPartOf":{"@id":"https:\/\/asso.graie.org\/portail\/#website"},"datePublished":"2017-07-05T08:23:30+00:00","dateModified":"2026-02-10T14:38:42+00:00","description":"Le Graie dispose de 5 groupes de travail sur les th\u00e8mes suivants : eaux pluviales et am\u00e9nagement, autosurveillance des syst\u00e8mes d'assainissement, stations d'\u00e9puration, gestion des effluents non domestiques et comp\u00e9tences eau et assainissement.","breadcrumb":{"@id":"https:\/\/asso.graie.org\/portail\/animationregionale\/groupesdetravail\/#breadcrumb"},"inLanguage":"fr-FR","potentialAction":[{"@type":"ReadAction","target":["https:\/\/asso.graie.org\/portail\/animationregionale\/groupesdetravail\/"]}]},{"@type":"BreadcrumbList","@id":"https:\/\/asso.graie.org\/portail\/animationregionale\/groupesdetravail\/#breadcrumb","itemListElement":[{"@type":"ListItem","position":1,"name":"Accueil","item":"https:\/\/asso.graie.org\/portail\/"},{"@type":"ListItem","position":2,"name":"Animation","item":"https:\/\/asso.graie.org\/portail\/animationregionale\/"},{"@type":"ListItem","position":3,"name":"Groupes de travail"}]},{"@type":"WebSite","@id":"https:\/\/asso.graie.org\/portail\/#website","url":"https:\/\/asso.graie.org\/portail\/","name":"Graie","description":"P\u00f4le Eau et Territoires","publisher":{"@id":"https:\/\/asso.graie.org\/portail\/#organization"},"potentialAction":[{"@type":"SearchAction","target":{"@type":"EntryPoint","urlTemplate":"https:\/\/asso.graie.org\/portail\/?s={search_term_string}"},"query-input":"required name=search_term_string"}],"inLanguage":"fr-FR"},{"@type":"Organization","@id":"https:\/\/asso.graie.org\/portail\/#organization","name":"Le Graie","url":"https:\/\/asso.graie.org\/portail\/","logo":{"@type":"ImageObject","inLanguage":"fr-FR","@id":"https:\/\/asso.graie.org\/portail\/#\/schema\/logo\/image\/","url":"https:\/\/asso.graie.org\/portail\/wp-content\/uploads\/2021\/12\/Logotype-Graie.png","contentUrl":"https:\/\/asso.graie.org\/portail\/wp-content\/uploads\/2021\/12\/Logotype-Graie.png","width":1890,"height":1181,"caption":"Le Graie"},"image":{"@id":"https:\/\/asso.graie.org\/portail\/#\/schema\/logo\/image\/"},"sameAs":["https:\/\/fr.linkedin.com\/company\/graie?trk=top_nav_home","https:\/\/www.youtube.com\/channel\/UCZQk0Tt7upYwERYNdDIZqLQ","https:\/\/twitter.com\/asso_graie"]}]}},"_links":{"self":[{"href":"https:\/\/asso.graie.org\/portail\/wp-json\/wp\/v2\/pages\/1367"}],"collection":[{"href":"https:\/\/asso.graie.org\/portail\/wp-json\/wp\/v2\/pages"}],"about":[{"href":"https:\/\/asso.graie.org\/portail\/wp-json\/wp\/v2\/types\/page"}],"author":[{"embeddable":true,"href":"https:\/\/asso.graie.org\/portail\/wp-json\/wp\/v2\/users\/1"}],"replies":[{"embeddable":true,"href":"https:\/\/asso.graie.org\/portail\/wp-json\/wp\/v2\/comments?post=1367"}],"version-history":[{"count":16,"href":"https:\/\/asso.graie.org\/portail\/wp-json\/wp\/v2\/pages\/1367\/revisions"}],"predecessor-version":[{"id":31028,"href":"https:\/\/asso.graie.org\/portail\/wp-json\/wp\/v2\/pages\/1367\/revisions\/31028"}],"up":[{"embeddable":true,"href":"https:\/\/asso.graie.org\/portail\/wp-json\/wp\/v2\/pages\/1096"}],"wp:attachment":[{"href":"https:\/\/asso.graie.org\/portail\/wp-json\/wp\/v2\/media?parent=1367"}],"curies":[{"name":"wp","href":"https:\/\/api.w.org\/{rel}","templated":true}]}}