{"id":14228,"date":"2019-07-26T10:43:24","date_gmt":"2019-07-26T08:43:24","guid":{"rendered":"https:\/\/asso.graie.org\/portail\/?page_id=14228"},"modified":"2024-08-27T13:56:25","modified_gmt":"2024-08-27T11:56:25","slug":"animations-specifiques","status":"publish","type":"page","link":"https:\/\/asso.graie.org\/portail\/animationregionale\/animations-specifiques\/","title":{"rendered":"Animations sp\u00e9cifiques"},"content":{"rendered":"\n<h2 class=\"wp-block-heading\">Animations sp\u00e9cifiques<\/h2>\n\n\n\n<p>Plusieurs animations sp\u00e9cifiques sont d\u00e9velopp\u00e9es par le Graie.<\/p>\n\n\n\n<ul><li>La Charte Qualit&rsquo;ANC<\/li><li>Les principes \u00ab\u00a0Eaux- responsables\u00a0\u00bb<\/li><li>Les p\u00eaches aux outils scientifiques<\/li><li>Le projet \u00ab\u00a0Gestion durable des eaux pluviales\u00a0\u00bb en coop\u00e9ration avec le Qu\u00e9bec<\/li><li>Le R\u00e9seau National des Animateurs Territoriaux Eaux Pluviales<\/li><li>L&rsquo;Atelier Ville Perm\u00e9able<\/li><\/ul>\n\n\n\n<div style=\"height:33px\" aria-hidden=\"true\" class=\"wp-block-spacer\"><\/div>\n\n\n\n<h4 class=\"wp-block-heading\"><a href=\"https:\/\/asso.graie.org\/portail\/animationregionale\/animations-specifiques\/charte-anc-charte-anc-accueil\/\">Charte Qualit&rsquo;ANC<\/a><\/h4>\n\n\n\n<p>Sur l\u2019Assainissement Non Collectif, le Graie a anim\u00e9 jusqu&rsquo;en 2021 la charte QUALIT\u2019ANC, une charte inter-d\u00e9partementale et interprofessionnelle.<\/p>\n\n\n\n<p>Cette charte a pour vocation d&rsquo;am\u00e9liorer et\/ou de maintenir la qualit\u00e9 de l&rsquo;ANC sur nos territoires, avec pour objectif d&rsquo;int\u00e9grer l&rsquo;ensemble des corps de m\u00e9tier, de valoriser les bonnes pratiques des entreprises et de mettre en place des r\u00e9f\u00e9rentiels de connaissances.<br><\/p>\n\n\n\n<div style=\"height:32px\" aria-hidden=\"true\" class=\"wp-block-spacer\"><\/div>\n\n\n\n<h4 class=\"wp-block-heading\"><a href=\"https:\/\/asso.graie.org\/portail\/animationregionale\/animations-specifiques\/territoires-eau-responsables\/\" target=\"_blank\" rel=\"noopener\">Principes \u00ab\u00a0Eaux-responsables\u00a0\u00bb<\/a><\/h4>\n\n\n\n<p>Depuis 2017, le Graie s\u2019engage \u00e0 donner de la visibilit\u00e9 aux collectivit\u00e9s engag\u00e9es \u00e0 travers la signature des principes de l&rsquo;IWA (organisation internationale de l&rsquo;eau), \u00e0 les mettre en r\u00e9seau et \u00e0 relayer cette information au plan national et international via l\u2019IWA. <span dir=\"ltr\" role=\"presentation\">Les principes de l\u2019IWA pour les villes \u00ab Eau-Responsables \u00bb aident les d\u00e9cideurs \u00e0 \u00e9laborer et mettre en \u0153uvre leur vision pour une eau urbaine durable. <br><\/span><\/p>\n\n\n\n<div style=\"height:32px\" aria-hidden=\"true\" class=\"wp-block-spacer\"><\/div>\n\n\n\n<h4 class=\"wp-block-heading\"><a href=\"https:\/\/asso.graie.org\/portail\/animationregionale\/animations-specifiques\/peches-outils-scientifiques\/\">Les p\u00eaches aux outils scientifiques<\/a><\/h4>\n\n\n\n<p>Le Graie a lanc\u00e9 en 2019 ces rencontres afin d&rsquo; encourager les \u00e9changes entre scientifiques, gestionnaires et acteurs techniques des cours d\u2019eau du bassin du Rh\u00f4ne et d&rsquo;organiser le transfert et l\u2019appropriation des outils et connaissances produites et leur mise en d\u00e9bat.<br><\/p>\n\n\n\n<div style=\"height:33px\" aria-hidden=\"true\" class=\"wp-block-spacer\"><\/div>\n\n\n\n<h4 class=\"wp-block-heading\"><a href=\"https:\/\/asso.graie.org\/portail\/animationregionale\/animations-specifiques\/cooperation-france-quebec-eaux-pluviales\/\">Projet \u00ab\u00a0Gestion durable des Eaux pluviales\u00a0\u00bb en coop\u00e9ration avec le Qu\u00e9bec<\/a><\/h4>\n\n\n\n<p>Le Graie et <a href=\"https:\/\/www.reseau-environnement.com\/eau\">l\u2019association R\u00e9seau Environnement (RE)<\/a> ont lanc\u00e9 en 2019, ce projet dont l\u2019objectif vis\u00e9 est le d\u00e9veloppement et l\u2019\u00e9change d\u2019expertise entre la France et le Canada sur une de leur th\u00e9matique phare conjointe : \u00ab&nbsp;l\u2019int\u00e9gration de la gestion des eaux pluviales en milieu urbain comme outil de r\u00e9silience face aux changements climatiques&nbsp;\u00bb.<br><\/p>\n\n\n\n<div style=\"height:33px\" aria-hidden=\"true\" class=\"wp-block-spacer\"><\/div>\n\n\n\n<h4 class=\"wp-block-heading\"><a href=\"https:\/\/asso.graie.org\/portail\/animationregionale\/animations-specifiques\/reseau-animateurs-eaux-pluviales\/\">R\u00e9seau National des Animateurs Eaux Pluviales<\/a><\/h4>\n\n\n\n<p>A l\u2019initiative de l\u2019Adopta et du Graie, l\u2019organisation d\u2019un R\u00e9seau National des Animateurs \u00ab Eaux Pluviales \u00bb souhaite contribuer \u00e0 faciliter le d\u00e9ploiement effectif de strat\u00e9gies et de solutions par l\u2019acquisition collective et partag\u00e9e d\u2019\u00e9l\u00e9ments de langage, de retours d\u2019exp\u00e9riences, d\u2019outils, de documents et de r\u00e9ponses aux questions qui constituent aujourd\u2019hui des freins.<br><\/p>\n\n\n\n<div style=\"height:32px\" aria-hidden=\"true\" class=\"wp-block-spacer\"><\/div>\n\n\n\n<h4 class=\"wp-block-heading\"><a href=\"https:\/\/asso.graie.org\/portail\/animationregionale\/animations-specifiques\/atelier-ville-permeable\/\">Atelier Ville Perm\u00e9able<\/a><\/h4>\n\n\n\n<p><a href=\"https:\/\/www.fncaue.com\/caue-et-urcaue-d-auvergne-rhone-alpes\/\">L\u2019UR-CAUE AuRA<\/a>, <a href=\"https:\/\/www.fne-aura.org\/\">FNE AURA<\/a> et le Graie cr\u00e9ent l\u2019<strong>Atelier Ville Perm\u00e9able<\/strong> pour insuffler et consolider la gestion int\u00e9gr\u00e9e des eaux pluviales dans les collectivit\u00e9s de la r\u00e9gion Auvergne-Rh\u00f4ne-Alpes. Les trois associations combinent leurs champs d\u2019action en hydrologie urbaine, architecture et paysage, urbanisme et environnement&nbsp;; leurs modes de faire et leurs r\u00e9seaux pour agir aupr\u00e8s des territoires.<\/p>\n","protected":false},"excerpt":{"rendered":"<p>Animations sp\u00e9cifiques Plusieurs animations sp\u00e9cifiques sont d\u00e9velopp\u00e9es par le Graie. La Charte Qualit&rsquo;ANCLes principes \u00ab\u00a0Eaux- responsables\u00a0\u00bbLes p\u00eaches aux outils scientifiquesLe projet \u00ab\u00a0Gestion durable des eaux pluviales\u00a0\u00bb en coop\u00e9ration avec le Qu\u00e9becLe R\u00e9seau National des Animateurs Territoriaux Eaux PluvialesL&rsquo;Atelier Ville Perm\u00e9able &hellip;<\/p>\n","protected":false},"author":3,"featured_media":0,"parent":1096,"menu_order":0,"comment_status":"closed","ping_status":"closed","template":"","meta":{"_mi_skip_tracking":false,"footnotes":""},"acf":[],"yoast_head":"<!-- This site is optimized with the Yoast SEO plugin v19.13 - https:\/\/yoast.com\/wordpress\/plugins\/seo\/ -->\n<title>Animations sp\u00e9cifiques | Le Graie<\/title>\n<meta name=\"description\" content=\"Plusieurs animations sp\u00e9cifiques sont d\u00e9velopp\u00e9es par le Graie comme la Charte Qualit&#039;ANC, les principes &quot;Eaux- responsables&quot; ou encore les rencontres inter-r\u00e9seaux des cours d&#039;eau des bassins du Rh\u00f4ne.\" \/>\n<meta name=\"robots\" content=\"index, follow, max-snippet:-1, max-image-preview:large, max-video-preview:-1\" \/>\n<link rel=\"canonical\" href=\"https:\/\/asso.graie.org\/portail\/animationregionale\/animations-specifiques\/\" \/>\n<meta property=\"og:locale\" content=\"fr_FR\" \/>\n<meta property=\"og:type\" content=\"article\" \/>\n<meta property=\"og:title\" content=\"Animations sp\u00e9cifiques | Le Graie\" \/>\n<meta property=\"og:description\" content=\"Plusieurs animations sp\u00e9cifiques sont d\u00e9velopp\u00e9es par le Graie comme la Charte Qualit&#039;ANC, les principes &quot;Eaux- responsables&quot; ou encore les rencontres inter-r\u00e9seaux des cours d&#039;eau des bassins du Rh\u00f4ne.\" \/>\n<meta property=\"og:url\" content=\"https:\/\/asso.graie.org\/portail\/animationregionale\/animations-specifiques\/\" \/>\n<meta property=\"og:site_name\" content=\"Graie\" \/>\n<meta property=\"article:modified_time\" content=\"2024-08-27T11:56:25+00:00\" \/>\n<meta name=\"twitter:card\" content=\"summary_large_image\" \/>\n<meta name=\"twitter:site\" content=\"@asso_graie\" \/>\n<meta name=\"twitter:label1\" content=\"Dur\u00e9e de lecture estim\u00e9e\" \/>\n\t<meta name=\"twitter:data1\" content=\"3 minutes\" \/>\n<script type=\"application\/ld+json\" class=\"yoast-schema-graph\">{\"@context\":\"https:\/\/schema.org\",\"@graph\":[{\"@type\":\"WebPage\",\"@id\":\"https:\/\/asso.graie.org\/portail\/animationregionale\/animations-specifiques\/\",\"url\":\"https:\/\/asso.graie.org\/portail\/animationregionale\/animations-specifiques\/\",\"name\":\"Animations sp\u00e9cifiques | Le Graie\",\"isPartOf\":{\"@id\":\"https:\/\/asso.graie.org\/portail\/#website\"},\"datePublished\":\"2019-07-26T08:43:24+00:00\",\"dateModified\":\"2024-08-27T11:56:25+00:00\",\"description\":\"Plusieurs animations sp\u00e9cifiques sont d\u00e9velopp\u00e9es par le Graie comme la Charte Qualit'ANC, les principes \\\"Eaux- responsables\\\" ou encore les rencontres inter-r\u00e9seaux des cours d'eau des bassins du Rh\u00f4ne.\",\"breadcrumb\":{\"@id\":\"https:\/\/asso.graie.org\/portail\/animationregionale\/animations-specifiques\/#breadcrumb\"},\"inLanguage\":\"fr-FR\",\"potentialAction\":[{\"@type\":\"ReadAction\",\"target\":[\"https:\/\/asso.graie.org\/portail\/animationregionale\/animations-specifiques\/\"]}]},{\"@type\":\"BreadcrumbList\",\"@id\":\"https:\/\/asso.graie.org\/portail\/animationregionale\/animations-specifiques\/#breadcrumb\",\"itemListElement\":[{\"@type\":\"ListItem\",\"position\":1,\"name\":\"Accueil\",\"item\":\"https:\/\/asso.graie.org\/portail\/\"},{\"@type\":\"ListItem\",\"position\":2,\"name\":\"Animation\",\"item\":\"https:\/\/asso.graie.org\/portail\/animationregionale\/\"},{\"@type\":\"ListItem\",\"position\":3,\"name\":\"Animations sp\u00e9cifiques\"}]},{\"@type\":\"WebSite\",\"@id\":\"https:\/\/asso.graie.org\/portail\/#website\",\"url\":\"https:\/\/asso.graie.org\/portail\/\",\"name\":\"Graie\",\"description\":\"P\u00f4le Eau et Territoires\",\"publisher\":{\"@id\":\"https:\/\/asso.graie.org\/portail\/#organization\"},\"potentialAction\":[{\"@type\":\"SearchAction\",\"target\":{\"@type\":\"EntryPoint\",\"urlTemplate\":\"https:\/\/asso.graie.org\/portail\/?s={search_term_string}\"},\"query-input\":\"required name=search_term_string\"}],\"inLanguage\":\"fr-FR\"},{\"@type\":\"Organization\",\"@id\":\"https:\/\/asso.graie.org\/portail\/#organization\",\"name\":\"Le Graie\",\"url\":\"https:\/\/asso.graie.org\/portail\/\",\"logo\":{\"@type\":\"ImageObject\",\"inLanguage\":\"fr-FR\",\"@id\":\"https:\/\/asso.graie.org\/portail\/#\/schema\/logo\/image\/\",\"url\":\"https:\/\/asso.graie.org\/portail\/wp-content\/uploads\/2021\/12\/Logotype-Graie.png\",\"contentUrl\":\"https:\/\/asso.graie.org\/portail\/wp-content\/uploads\/2021\/12\/Logotype-Graie.png\",\"width\":1890,\"height\":1181,\"caption\":\"Le Graie\"},\"image\":{\"@id\":\"https:\/\/asso.graie.org\/portail\/#\/schema\/logo\/image\/\"},\"sameAs\":[\"https:\/\/fr.linkedin.com\/company\/graie?trk=top_nav_home\",\"https:\/\/www.youtube.com\/channel\/UCZQk0Tt7upYwERYNdDIZqLQ\",\"https:\/\/twitter.com\/asso_graie\"]}]}<\/script>\n<!-- \/ Yoast SEO plugin. -->","yoast_head_json":{"title":"Animations sp\u00e9cifiques | Le Graie","description":"Plusieurs animations sp\u00e9cifiques sont d\u00e9velopp\u00e9es par le Graie comme la Charte Qualit'ANC, les principes \"Eaux- responsables\" ou encore les rencontres inter-r\u00e9seaux des cours d'eau des bassins du Rh\u00f4ne.","robots":{"index":"index","follow":"follow","max-snippet":"max-snippet:-1","max-image-preview":"max-image-preview:large","max-video-preview":"max-video-preview:-1"},"canonical":"https:\/\/asso.graie.org\/portail\/animationregionale\/animations-specifiques\/","og_locale":"fr_FR","og_type":"article","og_title":"Animations sp\u00e9cifiques | Le Graie","og_description":"Plusieurs animations sp\u00e9cifiques sont d\u00e9velopp\u00e9es par le Graie comme la Charte Qualit'ANC, les principes \"Eaux- responsables\" ou encore les rencontres inter-r\u00e9seaux des cours d'eau des bassins du Rh\u00f4ne.","og_url":"https:\/\/asso.graie.org\/portail\/animationregionale\/animations-specifiques\/","og_site_name":"Graie","article_modified_time":"2024-08-27T11:56:25+00:00","twitter_card":"summary_large_image","twitter_site":"@asso_graie","twitter_misc":{"Dur\u00e9e de lecture estim\u00e9e":"3 minutes"},"schema":{"@context":"https:\/\/schema.org","@graph":[{"@type":"WebPage","@id":"https:\/\/asso.graie.org\/portail\/animationregionale\/animations-specifiques\/","url":"https:\/\/asso.graie.org\/portail\/animationregionale\/animations-specifiques\/","name":"Animations sp\u00e9cifiques | Le Graie","isPartOf":{"@id":"https:\/\/asso.graie.org\/portail\/#website"},"datePublished":"2019-07-26T08:43:24+00:00","dateModified":"2024-08-27T11:56:25+00:00","description":"Plusieurs animations sp\u00e9cifiques sont d\u00e9velopp\u00e9es par le Graie comme la Charte Qualit'ANC, les principes \"Eaux- responsables\" ou encore les rencontres inter-r\u00e9seaux des cours d'eau des bassins du Rh\u00f4ne.","breadcrumb":{"@id":"https:\/\/asso.graie.org\/portail\/animationregionale\/animations-specifiques\/#breadcrumb"},"inLanguage":"fr-FR","potentialAction":[{"@type":"ReadAction","target":["https:\/\/asso.graie.org\/portail\/animationregionale\/animations-specifiques\/"]}]},{"@type":"BreadcrumbList","@id":"https:\/\/asso.graie.org\/portail\/animationregionale\/animations-specifiques\/#breadcrumb","itemListElement":[{"@type":"ListItem","position":1,"name":"Accueil","item":"https:\/\/asso.graie.org\/portail\/"},{"@type":"ListItem","position":2,"name":"Animation","item":"https:\/\/asso.graie.org\/portail\/animationregionale\/"},{"@type":"ListItem","position":3,"name":"Animations sp\u00e9cifiques"}]},{"@type":"WebSite","@id":"https:\/\/asso.graie.org\/portail\/#website","url":"https:\/\/asso.graie.org\/portail\/","name":"Graie","description":"P\u00f4le Eau et Territoires","publisher":{"@id":"https:\/\/asso.graie.org\/portail\/#organization"},"potentialAction":[{"@type":"SearchAction","target":{"@type":"EntryPoint","urlTemplate":"https:\/\/asso.graie.org\/portail\/?s={search_term_string}"},"query-input":"required name=search_term_string"}],"inLanguage":"fr-FR"},{"@type":"Organization","@id":"https:\/\/asso.graie.org\/portail\/#organization","name":"Le Graie","url":"https:\/\/asso.graie.org\/portail\/","logo":{"@type":"ImageObject","inLanguage":"fr-FR","@id":"https:\/\/asso.graie.org\/portail\/#\/schema\/logo\/image\/","url":"https:\/\/asso.graie.org\/portail\/wp-content\/uploads\/2021\/12\/Logotype-Graie.png","contentUrl":"https:\/\/asso.graie.org\/portail\/wp-content\/uploads\/2021\/12\/Logotype-Graie.png","width":1890,"height":1181,"caption":"Le Graie"},"image":{"@id":"https:\/\/asso.graie.org\/portail\/#\/schema\/logo\/image\/"},"sameAs":["https:\/\/fr.linkedin.com\/company\/graie?trk=top_nav_home","https:\/\/www.youtube.com\/channel\/UCZQk0Tt7upYwERYNdDIZqLQ","https:\/\/twitter.com\/asso_graie"]}]}},"_links":{"self":[{"href":"https:\/\/asso.graie.org\/portail\/wp-json\/wp\/v2\/pages\/14228"}],"collection":[{"href":"https:\/\/asso.graie.org\/portail\/wp-json\/wp\/v2\/pages"}],"about":[{"href":"https:\/\/asso.graie.org\/portail\/wp-json\/wp\/v2\/types\/page"}],"author":[{"embeddable":true,"href":"https:\/\/asso.graie.org\/portail\/wp-json\/wp\/v2\/users\/3"}],"replies":[{"embeddable":true,"href":"https:\/\/asso.graie.org\/portail\/wp-json\/wp\/v2\/comments?post=14228"}],"version-history":[{"count":25,"href":"https:\/\/asso.graie.org\/portail\/wp-json\/wp\/v2\/pages\/14228\/revisions"}],"predecessor-version":[{"id":26396,"href":"https:\/\/asso.graie.org\/portail\/wp-json\/wp\/v2\/pages\/14228\/revisions\/26396"}],"up":[{"embeddable":true,"href":"https:\/\/asso.graie.org\/portail\/wp-json\/wp\/v2\/pages\/1096"}],"wp:attachment":[{"href":"https:\/\/asso.graie.org\/portail\/wp-json\/wp\/v2\/media?parent=14228"}],"curies":[{"name":"wp","href":"https:\/\/api.w.org\/{rel}","templated":true}]}}