{"id":14266,"date":"2019-07-31T10:42:07","date_gmt":"2019-07-31T08:42:07","guid":{"rendered":"https:\/\/asso.graie.org\/portail\/?page_id=14266"},"modified":"2025-08-28T13:44:53","modified_gmt":"2025-08-28T11:44:53","slug":"peches-outils-scientifiques","status":"publish","type":"page","link":"https:\/\/asso.graie.org\/portail\/animationregionale\/animations-specifiques\/peches-outils-scientifiques\/","title":{"rendered":"P\u00eache aux outils scientifiques"},"content":{"rendered":"\n<h2 class=\"wp-block-heading\"><strong>Rencontres inter-r\u00e9seaux scientifiques\/professionnels des cours d\u2019eau du bassin du Rh\u00f4ne<\/strong><\/h2>\n\n\n\n<div style=\"height:21px\" aria-hidden=\"true\" class=\"wp-block-spacer\"><\/div>\n\n\n\n<p>Le Graie, avec l\u2019appui de la Zabr et des r\u00e9seaux professionnels de l\u2019ARRA<span class=\"st\">\u00b2<\/span>, du RGMA, du R\u00e9s0, du r\u00e9seau des CEN et de la FCEN a lanc\u00e9 en 2019 les Rencontres inter-r\u00e9seaux scientifiques et professionnels des cours d\u2019eau du bassin du Rh\u00f4ne, de belles opportunit\u00e9s pour :<\/p>\n\n\n\n<div style=\"height:20px\" aria-hidden=\"true\" class=\"wp-block-spacer\"><\/div>\n\n\n\n<ul>\n<li>Avoir connaissance des <strong>r\u00e9alit\u00e9s de terrain<\/strong> et une<strong> proximit\u00e9 avec les acteurs<\/strong><\/li>\n\n\n\n<li><strong>Partager les recherches<\/strong> engag\u00e9es sur le bassin et ses territoires<\/li>\n\n\n\n<li>Organiser des temps sp\u00e9cifiques pour tester, partager, s\u2019approprier des <strong>m\u00e9thodologies<\/strong>, des <strong>outils<\/strong>, des connaissances scientifiques ou pratiques<\/li>\n<\/ul>\n\n\n\n<div style=\"height:38px\" aria-hidden=\"true\" class=\"wp-block-spacer\"><\/div>\n\n\n\n<h3 class=\"wp-block-heading\"><strong>A l\u2019origine du projet<\/strong><\/h3>\n\n\n\n<p>Le Graie anime depuis 2001 <a href=\"http:\/\/www.graie.org\/zabr\/index.htm\" target=\"_blank\" rel=\"noopener noreferrer\">la Zone Atelier Bassin du Rh\u00f4ne (Zabr)<\/a>, r\u00e9seau de 24 \u00e9tablissements de recherche qui conduit des programmes de recherche pluridisciplinaires destin\u00e9s \u00e0 apporter des \u00e9l\u00e9ments pour l\u2019aide \u00e0 la d\u00e9cision publique en mati\u00e8re de gestion durable des cours d\u2019eau et de leurs bassins versants.<\/p>\n\n\n\n<div style=\"height:36px\" aria-hidden=\"true\" class=\"wp-block-spacer\"><\/div>\n\n\n\n<p>En 2018, le Graie et la Zabr, se sont interrog\u00e9s sur les actions \u00e0 d\u00e9velopper pour favoriser la mise en lien entre scientifiques, gestionnaires et acteurs techniques des cours d\u2019eau.<\/p>\n\n\n\n<div style=\"height:23px\" aria-hidden=\"true\" class=\"wp-block-spacer\"><\/div>\n\n\n<div class=\"wp-block-image\">\n<figure class=\"aligncenter is-resized\"><a href=\"http:\/\/www.graie.org\/zabr\/RecueilREX\/Recueil-REXFleuvesRiviereRMC.pdf\" target=\"_blank\" rel=\"noopener noreferrer\"><img decoding=\"async\" loading=\"lazy\" width=\"1034\" height=\"1462\" src=\"https:\/\/asso.graie.org\/portail\/wp-content\/uploads\/2019\/07\/rapport_fleuve.png\" alt=\"\" class=\"wp-image-14284\" style=\"width:359px;height:507px\" srcset=\"https:\/\/asso.graie.org\/portail\/wp-content\/uploads\/2019\/07\/rapport_fleuve.png 1034w, https:\/\/asso.graie.org\/portail\/wp-content\/uploads\/2019\/07\/rapport_fleuve-212x300.png 212w, https:\/\/asso.graie.org\/portail\/wp-content\/uploads\/2019\/07\/rapport_fleuve-768x1086.png 768w, https:\/\/asso.graie.org\/portail\/wp-content\/uploads\/2019\/07\/rapport_fleuve-724x1024.png 724w, https:\/\/asso.graie.org\/portail\/wp-content\/uploads\/2019\/07\/rapport_fleuve-600x848.png 600w\" sizes=\"(max-width: 1034px) 100vw, 1034px\" \/><\/a><\/figure><\/div>\n\n\n<div style=\"height:21px\" aria-hidden=\"true\" class=\"wp-block-spacer\"><\/div>\n\n\n\n<p>La Zabr et le Graie ont \u00e9labor\u00e9 &nbsp;<a href=\"http:\/\/www.graie.org\/zabr\/RecueilREX\/Recueil-REXFleuvesRiviereRMC.pdf\">un panorama des pratiques exemplaires<\/a> conduites sur 12 fleuves et grandes rivi\u00e8res du bassin du Rh\u00f4ne. Ce projet, construit \u00e0 partir de la rencontre avec chaque gestionnaire de grand cours d\u2019eau, a permis de partager les enjeux et actualit\u00e9s de chacune des 12 rivi\u00e8res et d\u2019\u00e9changer sur les besoins de connaissances des acteurs de ces milieux en lien avec la recherche.<\/p>\n\n\n\n<div style=\"height:27px\" aria-hidden=\"true\" class=\"wp-block-spacer\"><\/div>\n\n\n\n<p>L\u2019int\u00e9r\u00eat suscit\u00e9 suite \u00e0 ces rencontres et r\u00e9sultats a \u00e9t\u00e9 partag\u00e9 avec les r\u00e9seaux professionnels des cours d\u2019eau du bassin du Rh\u00f4ne en f\u00e9vrier&nbsp; 2019. <strong>L\u2019organisation des rencontres inter-r\u00e9seaux est act\u00e9.<\/strong><\/p>\n\n\n\n<div style=\"height:33px\" aria-hidden=\"true\" class=\"wp-block-spacer\"><\/div>\n\n\n\n<h3 class=\"wp-block-heading\"><strong>Objectifs, actions et dimensions des rencontres inter-r\u00e9seaux<\/strong><\/h3>\n\n\n\n<p>Ces rencontres visent d\u2019une part \u00e0 <strong>encourager les \u00e9changes entre scientifiques, gestionnaires et acteurs techniques des cours d\u2019eau du bassin du Rh\u00f4ne <\/strong>(besoins de connaissances \/ actions de recherche) et, d\u2019autre part, \u00e0 <strong>organiser le transfert et l\u2019appropriation des connaissances<\/strong> produites et <strong>leur mise en d\u00e9bat<\/strong>.<\/p>\n\n\n\n<div style=\"height:31px\" aria-hidden=\"true\" class=\"wp-block-spacer\"><\/div>\n\n\n\n<p>Ces rencontres prennent la forme de journ\u00e9es, formations courtes, transfert d\u2019outils exp\u00e9riment\u00e9s par la Zabr, revues d\u2019actions de recherche en cours, ou bien encore de mises en d\u00e9bat des connaissances.<\/p>\n\n\n\n<div style=\"height:25px\" aria-hidden=\"true\" class=\"wp-block-spacer\"><\/div>\n\n\n\n<p>Anim\u00e9es par le Graie, elles&nbsp;associent les membres des r\u00e9seaux existants, scientifiques et professionnels de l\u2019eau du bassin du Rh\u00f4ne et s\u2019int\u00e9ressent \u00e0 tous types de cours d\u2019eau du bassin du Rh\u00f4ne, petits ou grands.<\/p>\n\n\n\n<div style=\"height:84px\" aria-hidden=\"true\" class=\"wp-block-spacer\"><\/div>\n\n\n\n<h3 class=\"wp-block-heading\"><strong>Toutes nos rencontres<\/strong><\/h3>\n\n\n\n<div style=\"height:25px\" aria-hidden=\"true\" class=\"wp-block-spacer\"><\/div>\n\n\n\n<ul>\n<li><strong>9e P\u00eache aux outils scientifiques :<\/strong> <a href=\"https:\/\/asso.graie.org\/portail\/peche-aux-outils-n9-le-changement-climatique-quelles-donnees-disponibles-quelles-modalites-de-traitement\/\" target=\"_blank\" rel=\"noreferrer noopener\"><strong>Le changement climatique<\/strong><\/a><\/li>\n<\/ul>\n\n\n\n<p><strong>Lieu <\/strong>: Villeurbanne (69)<\/p>\n\n\n\n<p><strong>Date<\/strong> : 11 octobre 2024<\/p>\n\n\n\n<p><strong>Organisateurs <\/strong>: Graie, Zabr, INRAE<\/p>\n\n\n\n<p><strong>Sujet <\/strong>: familiariser la communaut\u00e9 scientifique de la ZABR avec les donn\u00e9es du changement climatique, d\u00e9couvrir les outils disponibles permettant de rendre compte de projections climatiques \u00e0 l\u2019\u00e9chelle d\u2019un territoire donn\u00e9, sensibiliser aux bonnes pratiques, partager les besoins des chercheurs de la ZABR souhaitant int\u00e9grer la question du changement climatique dans leur travaux de recherche, inviter \u00e0 une prise en main des projections hydro-climatiques.<\/p>\n\n\n\n<div style=\"height:55px\" aria-hidden=\"true\" class=\"wp-block-spacer\"><\/div>\n\n\n\n<ul>\n<li><strong>8e P\u00eache aux outils scientifiques :<\/strong> <a href=\"https:\/\/asso.graie.org\/portail\/peche-outils-debits-2024\/\"><strong>D\u00e9couvrir et pratiquer les outils de mesure ponctuelle du d\u00e9bit des petits cours d\u2019eau<\/strong><\/a><\/li>\n<\/ul>\n\n\n\n<p><strong>Lieu <\/strong>: Saint Rambert en Bugey (01)<\/p>\n\n\n\n<p><strong>Date<\/strong> : 17 juin 2024<\/p>\n\n\n\n<p><strong>Organisateurs <\/strong>: Graie, Zabr, INRAE<\/p>\n\n\n\n<p><strong>Sujet <\/strong>: d\u00e9couvrir diff\u00e9rentes m\u00e9thodes de mesure de d\u00e9bits sur de petits cours d\u2019eau, manipuler un panel d\u2019outils facilement accessibles, identifier le principe de mise en \u0153uvre, les domaines d\u2019application (quand et comment les utiliser), les avantages et limites de chacun des outils, identifier les sources et ordres de grandeur des incertitudes de ce type de mesure, avoir un panorama des diff\u00e9rentes \u00e9tapes menant \u00e0 la cr\u00e9ation d\u2019une station hydrom\u00e9trique.&nbsp;<\/p>\n\n\n\n<div style=\"height:55px\" aria-hidden=\"true\" class=\"wp-block-spacer\"><\/div>\n\n\n\n<ul>\n<li><strong>7e P\u00eache aux outils scientifiques :<\/strong> <strong><a href=\"https:\/\/asso.graie.org\/portail\/peche-outils-metrologiques-2023\/\" target=\"_blank\" rel=\"noreferrer noopener\">Utiliser UDMT, une bo\u00eete \u00e0 outils m\u00e9trologiques<\/a><\/strong><\/li>\n<\/ul>\n\n\n\n<p><strong>Lieu <\/strong>: Villeurbanne (69)<\/p>\n\n\n\n<p><strong>Date<\/strong> : 10 octobre 2023<\/p>\n\n\n\n<p><strong>Organisateurs <\/strong>: Graie, Zabr, INSA Deep, OTHU<\/p>\n\n\n\n<p><strong>Sujet <\/strong>: d\u00e9couverte de la bo\u00eete \u00e0 outils UDMT (Urban Drainage Metrology Toolbox, d\u00e9velopp\u00e9e par l\u2019INSA Lyon dans le cadre du projet europ\u00e9en Co-UDlabs) permettant de&nbsp;faire des mesurages de qualit\u00e9, conna\u00eetre les m\u00e9thodes mises en \u0153uvre dans UDMT, apprendre \u00e0 utiliser UDMT&nbsp;au moyen d\u2019exemples vari\u00e9s, y compris ceux qui pourront \u00eatre apport\u00e9s par les participants.<\/p>\n\n\n\n<div style=\"height:55px\" aria-hidden=\"true\" class=\"wp-block-spacer\"><\/div>\n\n\n\n<ul>\n<li><strong>6e P\u00eache aux outils scientifiques :<\/strong> <strong><a href=\"https:\/\/asso.graie.org\/portail\/6e-peche-aux-outils-scientifiques\/\">Des outils int\u00e9gratifs et chimiques pour la diagnostic de la contamination des eaux de surface<\/a><\/strong><\/li>\n<\/ul>\n\n\n\n<p><strong>Lieu <\/strong>: Villeurbanne (69)<\/p>\n\n\n\n<p><strong>Date<\/strong> : 18 octobre 2022<\/p>\n\n\n\n<p><strong>Organisateurs <\/strong>: Graie, Zabr, INRAE<\/p>\n\n\n\n<p><strong>Sujet <\/strong>: d\u00e9couverte d&rsquo;un panel d\u2019outils permettant de diagnostiquer la pollution diffuse des cours d\u2019eau, identification du principe de mise en \u0153uvre et des domaines d\u2019applications (quand et comment les utiliser), les avantages et limites de chacun des outils), mise en lumi\u00e8re des compl\u00e9mentarit\u00e9s entre les mesures chimiques et les outils de biosurveillance, d\u00e9couvrir les conditions techniques de d\u00e9ploiement et l\u2019interpr\u00e9tation des r\u00e9sultats de mesure de ces outils via des ateliers bas\u00e9s sur des cas concrets de terrain<\/p>\n\n\n\n<div style=\"height:55px\" aria-hidden=\"true\" class=\"wp-block-spacer\"><\/div>\n\n\n\n<ul>\n<li><strong>5e P\u00eache aux outils scientifiques : <a href=\"https:\/\/asso.graie.org\/portail\/5eme-peche-aux-outils-scientifiques\/\">Les \u00e9changes rivi\u00e8re-nappe en milieu karstique<\/a><\/strong><\/li>\n<\/ul>\n\n\n\n<p><strong>Lieu<\/strong> : Barjac (30)<\/p>\n\n\n\n<p><strong>Date <\/strong>: 22 septembre 2022<\/p>\n\n\n\n<p><strong>Organisateurs <\/strong>: Graie, Zabr<\/p>\n\n\n\n<p><strong>Sujet<\/strong> : \u00e9changer sur la question des \u00e9changes rivi\u00e8re-nappe en milieu karstique, confronter les m\u00e9thodes et savoirs, comprendre le fonctionnement des diff\u00e9rents outils de caract\u00e9risation des \u00e9changes karst-rivi\u00e8re et la m\u00e9thodologie permettant de les articuler entre eux, assister \u00e0 une d\u00e9monstration concr\u00e8te d\u2019application sur le terrain avec la mise en pratique des outils, contribuer \u00e0 une r\u00e9flexion globale en termes de gestion et de pr\u00e9servation de la ressource en eau<\/p>\n\n\n\n<div style=\"height:31px\" aria-hidden=\"true\" class=\"wp-block-spacer\"><\/div>\n\n\n\n<ul>\n<li><strong>4e<\/strong> <strong>P\u00eache aux outils scientifiques&nbsp;: <a href=\"https:\/\/asso.graie.org\/portail\/peche-aux-outils4\/\">R\u00e9aliser le diagnostic thermique d\u2019un cours d\u2019eau par mesure physique<\/a><\/strong><\/li>\n<\/ul>\n\n\n\n<p><strong>Lieu<\/strong> : Webinaire<\/p>\n\n\n\n<p><strong>Date<\/strong> : 27 Mai 2021<br><strong>Organisateurs<\/strong> : Graie et ZABR<\/p>\n\n\n\n<p><strong>Sujet<\/strong> : D\u00e9couverte des outils permettant de r\u00e9aliser un diagnostic thermique des cours d\u2019eau par mesure physique.<\/p>\n\n\n\n<p>Sondes de temp\u00e9rature, Imagerie infrarouge thermique a\u00e9roport\u00e9e, traitement de donn\u00e9es et mod\u00e9lisation sont au c\u0153ur de la journ\u00e9e.<\/p>\n\n\n\n<div style=\"height:37px\" aria-hidden=\"true\" class=\"wp-block-spacer\"><\/div>\n\n\n\n<ul>\n<li><strong>3e P\u00eache aux outils scientifiques : <a href=\"https:\/\/asso.graie.org\/portail\/peche-outil-traceurs\/\">Suivi de la mobilit\u00e9 s\u00e9dimentaire avec des galets synth\u00e9tiques \u00e9quip\u00e9s de transpondeurs<\/a><\/strong><\/li>\n<\/ul>\n\n\n\n<p><strong>Lieu <\/strong>: Nievroz et Miribel (01)<\/p>\n\n\n\n<p><strong>Date <\/strong>: 9 octobre 2020<\/p>\n\n\n\n<p><strong>Organisateurs<\/strong> : Graie, Zabr<\/p>\n\n\n\n<p><strong>Sujet <\/strong>: le tra\u00e7age s\u00e9dimentaire avec des transpondeurs d\u2019identification par radio-fr\u00e9quence (RFID) avec d\u00e9couverte et essai du mat\u00e9riel sur le terrain<\/p>\n\n\n\n<div style=\"height:51px\" aria-hidden=\"true\" class=\"wp-block-spacer\"><\/div>\n\n\n\n<ul>\n<li><strong>2e P\u00eache aux outils scientifiques&nbsp;: <a href=\"https:\/\/asso.graie.org\/portail\/les-rivieres-en-tresses-des-hydrosystemes-dexception\/\" target=\"_blank\" rel=\"noopener noreferrer\">Les rivi\u00e8res en tresses, des hydrosyst\u00e8mes d\u2019exception<\/a>.<\/strong><br><strong>Comment \u00e9valuer leur \u00e9tat de sant\u00e9&nbsp;? Jusqu\u2019o\u00f9 aller dans leur gestion&nbsp;?<\/strong><\/li>\n<\/ul>\n\n\n\n<p><strong>Lieu<\/strong> :&nbsp; Eyguians Garde-Colombe (04)<\/p>\n\n\n\n<p><strong>Date<\/strong> : 11 octobre 2019<\/p>\n\n\n\n<p><strong>Organisateurs<\/strong> : Graie, Zabr, le R\u00e9seau des Gestionnaires de Milieux aquatiques de PACA<\/p>\n\n\n\n<p><strong>Sujet<\/strong> : Ce s\u00e9minaire d\u2019\u00e9changes s\u2019inscrit dans le contexte de la sortie du guide sur \u00ab <a href=\"https:\/\/www.eaurmc.fr\/upload\/docs\/application\/pdf\/2019-09\/guide_riviere_en_tresses_v27_complet.pdf\" target=\"_blank\" rel=\"noopener noreferrer\">les rivi\u00e8res en tresses du bassin Rh\u00f4ne-M\u00e9diterran\u00e9e<\/a> \u00bb de la collection Eau et connaissance de l\u2019Agence de l\u2019eau RMC. Cette rencontre permettra aux gestionnaires d\u2019appr\u00e9hender les outils pour g\u00e9rer les rivi\u00e8res en tresse et faciliter l\u2019usage des indicateurs g\u00e9omorphologiques et de biodiversit\u00e9<\/p>\n\n\n\n<div style=\"height:40px\" aria-hidden=\"true\" class=\"wp-block-spacer\"><\/div>\n\n\n\n<ul>\n<li><strong>1\u00e8re P\u00eache aux outils scientifiques : <a href=\"https:\/\/asso.graie.org\/portail\/professionnels-des-cours-deau-exprimez-vos-besoins-en-matiere-de-connaissances-scientifiques\/\">D\u00e9couverte de la Fluvial Corridor Toolbox<\/a><\/strong><\/li>\n<\/ul>\n\n\n\n<p><strong>Lieu<\/strong> : ENS Lyon<\/p>\n\n\n\n<p><strong>Date<\/strong> : 27 juin 2019<br><strong>Organisateurs<\/strong> : Graie , ZABR, UMR 5600 EVS<\/p>\n\n\n\n<p><strong>Sujet<\/strong> : Appropriation par les professionnels des cours d\u2019eau d\u2019une boite \u00e0 outil SIG permettant de caract\u00e9riser les corridors fluviaux \u00e0 diff\u00e9rentes \u00e9chelles<\/p>\n","protected":false},"excerpt":{"rendered":"<p>Rencontres inter-r\u00e9seaux scientifiques\/professionnels des cours d\u2019eau du bassin du Rh\u00f4ne Le Graie, avec l\u2019appui de la Zabr et des r\u00e9seaux professionnels de l\u2019ARRA\u00b2, du RGMA, du R\u00e9s0, du r\u00e9seau des CEN et de la FCEN a lanc\u00e9 en 2019 les &hellip;<\/p>\n","protected":false},"author":3,"featured_media":0,"parent":14228,"menu_order":0,"comment_status":"closed","ping_status":"closed","template":"","meta":{"_mi_skip_tracking":false,"footnotes":""},"acf":[],"yoast_head":"<!-- This site is optimized with the Yoast SEO plugin v19.13 - https:\/\/yoast.com\/wordpress\/plugins\/seo\/ -->\n<title>P\u00eaches aux outils scientifiques | Animation | Graie<\/title>\n<meta name=\"description\" content=\"Ces p\u00eaches aux outils visent \u00e0 encourager les \u00e9changes entre scientifiques, gestionnaires et acteurs techniques des cours d\u2019eau et \u00e0 partager leurs connaissances.\" \/>\n<meta name=\"robots\" content=\"index, follow, max-snippet:-1, max-image-preview:large, max-video-preview:-1\" \/>\n<link rel=\"canonical\" href=\"https:\/\/asso.graie.org\/portail\/animationregionale\/animations-specifiques\/peches-outils-scientifiques\/\" \/>\n<meta property=\"og:locale\" content=\"fr_FR\" \/>\n<meta property=\"og:type\" content=\"article\" \/>\n<meta property=\"og:title\" content=\"P\u00eaches aux outils scientifiques | Animation | Graie\" \/>\n<meta property=\"og:description\" content=\"Ces p\u00eaches aux outils visent \u00e0 encourager les \u00e9changes entre scientifiques, gestionnaires et acteurs techniques des cours d\u2019eau et \u00e0 partager leurs connaissances.\" \/>\n<meta property=\"og:url\" content=\"https:\/\/asso.graie.org\/portail\/animationregionale\/animations-specifiques\/peches-outils-scientifiques\/\" \/>\n<meta property=\"og:site_name\" content=\"Graie\" \/>\n<meta property=\"article:modified_time\" content=\"2025-08-28T11:44:53+00:00\" \/>\n<meta property=\"og:image\" content=\"https:\/\/asso.graie.org\/portail\/wp-content\/uploads\/2019\/07\/rapport_fleuve.png\" \/>\n<meta name=\"twitter:card\" content=\"summary_large_image\" \/>\n<meta name=\"twitter:site\" content=\"@asso_graie\" \/>\n<meta name=\"twitter:label1\" content=\"Dur\u00e9e de lecture estim\u00e9e\" \/>\n\t<meta name=\"twitter:data1\" content=\"5 minutes\" \/>\n<script type=\"application\/ld+json\" class=\"yoast-schema-graph\">{\"@context\":\"https:\/\/schema.org\",\"@graph\":[{\"@type\":\"WebPage\",\"@id\":\"https:\/\/asso.graie.org\/portail\/animationregionale\/animations-specifiques\/peches-outils-scientifiques\/\",\"url\":\"https:\/\/asso.graie.org\/portail\/animationregionale\/animations-specifiques\/peches-outils-scientifiques\/\",\"name\":\"P\u00eaches aux outils scientifiques | Animation | Graie\",\"isPartOf\":{\"@id\":\"https:\/\/asso.graie.org\/portail\/#website\"},\"datePublished\":\"2019-07-31T08:42:07+00:00\",\"dateModified\":\"2025-08-28T11:44:53+00:00\",\"description\":\"Ces p\u00eaches aux outils visent \u00e0 encourager les \u00e9changes entre scientifiques, gestionnaires et acteurs techniques des cours d\u2019eau et \u00e0 partager leurs connaissances.\",\"breadcrumb\":{\"@id\":\"https:\/\/asso.graie.org\/portail\/animationregionale\/animations-specifiques\/peches-outils-scientifiques\/#breadcrumb\"},\"inLanguage\":\"fr-FR\",\"potentialAction\":[{\"@type\":\"ReadAction\",\"target\":[\"https:\/\/asso.graie.org\/portail\/animationregionale\/animations-specifiques\/peches-outils-scientifiques\/\"]}]},{\"@type\":\"BreadcrumbList\",\"@id\":\"https:\/\/asso.graie.org\/portail\/animationregionale\/animations-specifiques\/peches-outils-scientifiques\/#breadcrumb\",\"itemListElement\":[{\"@type\":\"ListItem\",\"position\":1,\"name\":\"Accueil\",\"item\":\"https:\/\/asso.graie.org\/portail\/\"},{\"@type\":\"ListItem\",\"position\":2,\"name\":\"Animation\",\"item\":\"https:\/\/asso.graie.org\/portail\/animationregionale\/\"},{\"@type\":\"ListItem\",\"position\":3,\"name\":\"Animations sp\u00e9cifiques\",\"item\":\"https:\/\/asso.graie.org\/portail\/animationregionale\/animations-specifiques\/\"},{\"@type\":\"ListItem\",\"position\":4,\"name\":\"P\u00eache aux outils scientifiques\"}]},{\"@type\":\"WebSite\",\"@id\":\"https:\/\/asso.graie.org\/portail\/#website\",\"url\":\"https:\/\/asso.graie.org\/portail\/\",\"name\":\"Graie\",\"description\":\"P\u00f4le Eau et Territoires\",\"publisher\":{\"@id\":\"https:\/\/asso.graie.org\/portail\/#organization\"},\"potentialAction\":[{\"@type\":\"SearchAction\",\"target\":{\"@type\":\"EntryPoint\",\"urlTemplate\":\"https:\/\/asso.graie.org\/portail\/?s={search_term_string}\"},\"query-input\":\"required name=search_term_string\"}],\"inLanguage\":\"fr-FR\"},{\"@type\":\"Organization\",\"@id\":\"https:\/\/asso.graie.org\/portail\/#organization\",\"name\":\"Le Graie\",\"url\":\"https:\/\/asso.graie.org\/portail\/\",\"logo\":{\"@type\":\"ImageObject\",\"inLanguage\":\"fr-FR\",\"@id\":\"https:\/\/asso.graie.org\/portail\/#\/schema\/logo\/image\/\",\"url\":\"https:\/\/asso.graie.org\/portail\/wp-content\/uploads\/2021\/12\/Logotype-Graie.png\",\"contentUrl\":\"https:\/\/asso.graie.org\/portail\/wp-content\/uploads\/2021\/12\/Logotype-Graie.png\",\"width\":1890,\"height\":1181,\"caption\":\"Le Graie\"},\"image\":{\"@id\":\"https:\/\/asso.graie.org\/portail\/#\/schema\/logo\/image\/\"},\"sameAs\":[\"https:\/\/fr.linkedin.com\/company\/graie?trk=top_nav_home\",\"https:\/\/www.youtube.com\/channel\/UCZQk0Tt7upYwERYNdDIZqLQ\",\"https:\/\/twitter.com\/asso_graie\"]}]}<\/script>\n<!-- \/ Yoast SEO plugin. -->","yoast_head_json":{"title":"P\u00eaches aux outils scientifiques | Animation | Graie","description":"Ces p\u00eaches aux outils visent \u00e0 encourager les \u00e9changes entre scientifiques, gestionnaires et acteurs techniques des cours d\u2019eau et \u00e0 partager leurs connaissances.","robots":{"index":"index","follow":"follow","max-snippet":"max-snippet:-1","max-image-preview":"max-image-preview:large","max-video-preview":"max-video-preview:-1"},"canonical":"https:\/\/asso.graie.org\/portail\/animationregionale\/animations-specifiques\/peches-outils-scientifiques\/","og_locale":"fr_FR","og_type":"article","og_title":"P\u00eaches aux outils scientifiques | Animation | Graie","og_description":"Ces p\u00eaches aux outils visent \u00e0 encourager les \u00e9changes entre scientifiques, gestionnaires et acteurs techniques des cours d\u2019eau et \u00e0 partager leurs connaissances.","og_url":"https:\/\/asso.graie.org\/portail\/animationregionale\/animations-specifiques\/peches-outils-scientifiques\/","og_site_name":"Graie","article_modified_time":"2025-08-28T11:44:53+00:00","og_image":[{"url":"https:\/\/asso.graie.org\/portail\/wp-content\/uploads\/2019\/07\/rapport_fleuve.png"}],"twitter_card":"summary_large_image","twitter_site":"@asso_graie","twitter_misc":{"Dur\u00e9e de lecture estim\u00e9e":"5 minutes"},"schema":{"@context":"https:\/\/schema.org","@graph":[{"@type":"WebPage","@id":"https:\/\/asso.graie.org\/portail\/animationregionale\/animations-specifiques\/peches-outils-scientifiques\/","url":"https:\/\/asso.graie.org\/portail\/animationregionale\/animations-specifiques\/peches-outils-scientifiques\/","name":"P\u00eaches aux outils scientifiques | Animation | Graie","isPartOf":{"@id":"https:\/\/asso.graie.org\/portail\/#website"},"datePublished":"2019-07-31T08:42:07+00:00","dateModified":"2025-08-28T11:44:53+00:00","description":"Ces p\u00eaches aux outils visent \u00e0 encourager les \u00e9changes entre scientifiques, gestionnaires et acteurs techniques des cours d\u2019eau et \u00e0 partager leurs connaissances.","breadcrumb":{"@id":"https:\/\/asso.graie.org\/portail\/animationregionale\/animations-specifiques\/peches-outils-scientifiques\/#breadcrumb"},"inLanguage":"fr-FR","potentialAction":[{"@type":"ReadAction","target":["https:\/\/asso.graie.org\/portail\/animationregionale\/animations-specifiques\/peches-outils-scientifiques\/"]}]},{"@type":"BreadcrumbList","@id":"https:\/\/asso.graie.org\/portail\/animationregionale\/animations-specifiques\/peches-outils-scientifiques\/#breadcrumb","itemListElement":[{"@type":"ListItem","position":1,"name":"Accueil","item":"https:\/\/asso.graie.org\/portail\/"},{"@type":"ListItem","position":2,"name":"Animation","item":"https:\/\/asso.graie.org\/portail\/animationregionale\/"},{"@type":"ListItem","position":3,"name":"Animations sp\u00e9cifiques","item":"https:\/\/asso.graie.org\/portail\/animationregionale\/animations-specifiques\/"},{"@type":"ListItem","position":4,"name":"P\u00eache aux outils scientifiques"}]},{"@type":"WebSite","@id":"https:\/\/asso.graie.org\/portail\/#website","url":"https:\/\/asso.graie.org\/portail\/","name":"Graie","description":"P\u00f4le Eau et Territoires","publisher":{"@id":"https:\/\/asso.graie.org\/portail\/#organization"},"potentialAction":[{"@type":"SearchAction","target":{"@type":"EntryPoint","urlTemplate":"https:\/\/asso.graie.org\/portail\/?s={search_term_string}"},"query-input":"required name=search_term_string"}],"inLanguage":"fr-FR"},{"@type":"Organization","@id":"https:\/\/asso.graie.org\/portail\/#organization","name":"Le Graie","url":"https:\/\/asso.graie.org\/portail\/","logo":{"@type":"ImageObject","inLanguage":"fr-FR","@id":"https:\/\/asso.graie.org\/portail\/#\/schema\/logo\/image\/","url":"https:\/\/asso.graie.org\/portail\/wp-content\/uploads\/2021\/12\/Logotype-Graie.png","contentUrl":"https:\/\/asso.graie.org\/portail\/wp-content\/uploads\/2021\/12\/Logotype-Graie.png","width":1890,"height":1181,"caption":"Le Graie"},"image":{"@id":"https:\/\/asso.graie.org\/portail\/#\/schema\/logo\/image\/"},"sameAs":["https:\/\/fr.linkedin.com\/company\/graie?trk=top_nav_home","https:\/\/www.youtube.com\/channel\/UCZQk0Tt7upYwERYNdDIZqLQ","https:\/\/twitter.com\/asso_graie"]}]}},"_links":{"self":[{"href":"https:\/\/asso.graie.org\/portail\/wp-json\/wp\/v2\/pages\/14266"}],"collection":[{"href":"https:\/\/asso.graie.org\/portail\/wp-json\/wp\/v2\/pages"}],"about":[{"href":"https:\/\/asso.graie.org\/portail\/wp-json\/wp\/v2\/types\/page"}],"author":[{"embeddable":true,"href":"https:\/\/asso.graie.org\/portail\/wp-json\/wp\/v2\/users\/3"}],"replies":[{"embeddable":true,"href":"https:\/\/asso.graie.org\/portail\/wp-json\/wp\/v2\/comments?post=14266"}],"version-history":[{"count":19,"href":"https:\/\/asso.graie.org\/portail\/wp-json\/wp\/v2\/pages\/14266\/revisions"}],"predecessor-version":[{"id":28705,"href":"https:\/\/asso.graie.org\/portail\/wp-json\/wp\/v2\/pages\/14266\/revisions\/28705"}],"up":[{"embeddable":true,"href":"https:\/\/asso.graie.org\/portail\/wp-json\/wp\/v2\/pages\/14228"}],"wp:attachment":[{"href":"https:\/\/asso.graie.org\/portail\/wp-json\/wp\/v2\/media?parent=14266"}],"curies":[{"name":"wp","href":"https:\/\/api.w.org\/{rel}","templated":true}]}}