{"id":19365,"date":"2021-12-02T14:31:07","date_gmt":"2021-12-02T13:31:07","guid":{"rendered":"https:\/\/asso.graie.org\/portail\/?page_id=19365"},"modified":"2025-11-03T17:31:19","modified_gmt":"2025-11-03T16:31:19","slug":"maureen-carpentier","status":"publish","type":"page","link":"https:\/\/asso.graie.org\/portail\/maureen-carpentier\/","title":{"rendered":"Alice Treuvey"},"content":{"rendered":"<!-- HTML Forms v1.5.0 - https:\/\/wordpress.org\/plugins\/html-forms\/ -->\n<form method=\"post\"  class=\"hf-form hf-form-29541 \" data-id=\"29541\" data-title=\"Alice Treuvey\" data-slug=\"alice-treuvey\" data-message-success=\"Merci ! Votre message a bien \u00e9t\u00e9 envoy\u00e9.\" data-message-invalid-email=\"Votre adresse est invalide.\" data-message-required-field-missing=\"Information manquante.\" data-message-error=\"Oops. Il y a une erreur.\"><input type=\"hidden\" name=\"_hf_form_id\" value=\"29541\" \/><div style=\"display: none;\"><input type=\"text\" name=\"_hf_h29541\" value=\"\" \/><\/div><div class=\"hf-fields-wrap\"><p style=\"margin-bottom:20px;\">\r\n  <label>Votre nom<\/label><br>\r\n\t<input type=\"text\" name=\"NAME\" placeholder=\"Votre nom\" required \/>\r\n<\/p>\r\n<p style=\"margin-bottom:20px;\">\r\n\t<label>Votre email<\/label><br>\r\n\t<input type=\"email\" name=\"EMAIL\" placeholder=\"Votre email\" required \/>\r\n<\/p>\r\n<p style=\"margin-bottom:20px;\">\r\n\t<label>Sujet<\/label><br>\r\n\t<input type=\"text\" name=\"SUBJECT\" placeholder=\"Sujet\" required \/>\r\n<\/p>\r\n<p style=\"margin-bottom:20px;\">\r\n\t<label>Message<\/label><br>\r\n\t<textarea name=\"MESSAGE\" placeholder=\"Message\" required><\/textarea>\r\n<\/p>\r\n<p>\r\n\t<input type=\"submit\" value=\"Envoyer\" \/>\r\n<\/p><noscript>Please enable JavaScript for this form to work.<\/noscript><\/div><\/form><!-- \/ HTML Forms -->\n","protected":false},"excerpt":{"rendered":"","protected":false},"author":3,"featured_media":0,"parent":0,"menu_order":0,"comment_status":"closed","ping_status":"closed","template":"","meta":{"_mi_skip_tracking":false,"footnotes":""},"acf":[],"yoast_head":"<!-- This site is optimized with the Yoast SEO plugin v19.13 - https:\/\/yoast.com\/wordpress\/plugins\/seo\/ -->\n<title>Alice Treuvey | Formulaire de Contact | Le Graie<\/title>\n<meta name=\"description\" content=\"Contactez Maureen Carpentier, charg\u00e9e de communication digitale du graie, en remplissant ce formulaire.\" \/>\n<meta name=\"robots\" content=\"index, follow, max-snippet:-1, max-image-preview:large, max-video-preview:-1\" \/>\n<link rel=\"canonical\" href=\"https:\/\/asso.graie.org\/portail\/maureen-carpentier\/\" \/>\n<meta property=\"og:locale\" content=\"fr_FR\" \/>\n<meta property=\"og:type\" content=\"article\" \/>\n<meta property=\"og:title\" content=\"Alice Treuvey | Formulaire de Contact | Le Graie\" \/>\n<meta property=\"og:description\" content=\"Contactez Maureen Carpentier, charg\u00e9e de communication digitale du graie, en remplissant ce formulaire.\" \/>\n<meta property=\"og:url\" content=\"https:\/\/asso.graie.org\/portail\/maureen-carpentier\/\" \/>\n<meta property=\"og:site_name\" content=\"Graie\" \/>\n<meta property=\"article:modified_time\" content=\"2025-11-03T16:31:19+00:00\" \/>\n<meta name=\"twitter:card\" content=\"summary_large_image\" \/>\n<meta name=\"twitter:site\" content=\"@asso_graie\" \/>\n<script type=\"application\/ld+json\" class=\"yoast-schema-graph\">{\"@context\":\"https:\/\/schema.org\",\"@graph\":[{\"@type\":\"WebPage\",\"@id\":\"https:\/\/asso.graie.org\/portail\/maureen-carpentier\/\",\"url\":\"https:\/\/asso.graie.org\/portail\/maureen-carpentier\/\",\"name\":\"Alice Treuvey | Formulaire de Contact | Le Graie\",\"isPartOf\":{\"@id\":\"https:\/\/asso.graie.org\/portail\/#website\"},\"datePublished\":\"2021-12-02T13:31:07+00:00\",\"dateModified\":\"2025-11-03T16:31:19+00:00\",\"description\":\"Contactez Maureen Carpentier, charg\u00e9e de communication digitale du graie, en remplissant ce formulaire.\",\"breadcrumb\":{\"@id\":\"https:\/\/asso.graie.org\/portail\/maureen-carpentier\/#breadcrumb\"},\"inLanguage\":\"fr-FR\",\"potentialAction\":[{\"@type\":\"ReadAction\",\"target\":[\"https:\/\/asso.graie.org\/portail\/maureen-carpentier\/\"]}]},{\"@type\":\"BreadcrumbList\",\"@id\":\"https:\/\/asso.graie.org\/portail\/maureen-carpentier\/#breadcrumb\",\"itemListElement\":[{\"@type\":\"ListItem\",\"position\":1,\"name\":\"Accueil\",\"item\":\"https:\/\/asso.graie.org\/portail\/\"},{\"@type\":\"ListItem\",\"position\":2,\"name\":\"Alice Treuvey\"}]},{\"@type\":\"WebSite\",\"@id\":\"https:\/\/asso.graie.org\/portail\/#website\",\"url\":\"https:\/\/asso.graie.org\/portail\/\",\"name\":\"Graie\",\"description\":\"P\u00f4le Eau et Territoires\",\"publisher\":{\"@id\":\"https:\/\/asso.graie.org\/portail\/#organization\"},\"potentialAction\":[{\"@type\":\"SearchAction\",\"target\":{\"@type\":\"EntryPoint\",\"urlTemplate\":\"https:\/\/asso.graie.org\/portail\/?s={search_term_string}\"},\"query-input\":\"required name=search_term_string\"}],\"inLanguage\":\"fr-FR\"},{\"@type\":\"Organization\",\"@id\":\"https:\/\/asso.graie.org\/portail\/#organization\",\"name\":\"Le Graie\",\"url\":\"https:\/\/asso.graie.org\/portail\/\",\"logo\":{\"@type\":\"ImageObject\",\"inLanguage\":\"fr-FR\",\"@id\":\"https:\/\/asso.graie.org\/portail\/#\/schema\/logo\/image\/\",\"url\":\"https:\/\/asso.graie.org\/portail\/wp-content\/uploads\/2021\/12\/Logotype-Graie.png\",\"contentUrl\":\"https:\/\/asso.graie.org\/portail\/wp-content\/uploads\/2021\/12\/Logotype-Graie.png\",\"width\":1890,\"height\":1181,\"caption\":\"Le Graie\"},\"image\":{\"@id\":\"https:\/\/asso.graie.org\/portail\/#\/schema\/logo\/image\/\"},\"sameAs\":[\"https:\/\/fr.linkedin.com\/company\/graie?trk=top_nav_home\",\"https:\/\/www.youtube.com\/channel\/UCZQk0Tt7upYwERYNdDIZqLQ\",\"https:\/\/twitter.com\/asso_graie\"]}]}<\/script>\n<!-- \/ Yoast SEO plugin. -->","yoast_head_json":{"title":"Alice Treuvey | Formulaire de Contact | Le Graie","description":"Contactez Maureen Carpentier, charg\u00e9e de communication digitale du graie, en remplissant ce formulaire.","robots":{"index":"index","follow":"follow","max-snippet":"max-snippet:-1","max-image-preview":"max-image-preview:large","max-video-preview":"max-video-preview:-1"},"canonical":"https:\/\/asso.graie.org\/portail\/maureen-carpentier\/","og_locale":"fr_FR","og_type":"article","og_title":"Alice Treuvey | Formulaire de Contact | Le Graie","og_description":"Contactez Maureen Carpentier, charg\u00e9e de communication digitale du graie, en remplissant ce formulaire.","og_url":"https:\/\/asso.graie.org\/portail\/maureen-carpentier\/","og_site_name":"Graie","article_modified_time":"2025-11-03T16:31:19+00:00","twitter_card":"summary_large_image","twitter_site":"@asso_graie","schema":{"@context":"https:\/\/schema.org","@graph":[{"@type":"WebPage","@id":"https:\/\/asso.graie.org\/portail\/maureen-carpentier\/","url":"https:\/\/asso.graie.org\/portail\/maureen-carpentier\/","name":"Alice Treuvey | Formulaire de Contact | Le Graie","isPartOf":{"@id":"https:\/\/asso.graie.org\/portail\/#website"},"datePublished":"2021-12-02T13:31:07+00:00","dateModified":"2025-11-03T16:31:19+00:00","description":"Contactez Maureen Carpentier, charg\u00e9e de communication digitale du graie, en remplissant ce formulaire.","breadcrumb":{"@id":"https:\/\/asso.graie.org\/portail\/maureen-carpentier\/#breadcrumb"},"inLanguage":"fr-FR","potentialAction":[{"@type":"ReadAction","target":["https:\/\/asso.graie.org\/portail\/maureen-carpentier\/"]}]},{"@type":"BreadcrumbList","@id":"https:\/\/asso.graie.org\/portail\/maureen-carpentier\/#breadcrumb","itemListElement":[{"@type":"ListItem","position":1,"name":"Accueil","item":"https:\/\/asso.graie.org\/portail\/"},{"@type":"ListItem","position":2,"name":"Alice Treuvey"}]},{"@type":"WebSite","@id":"https:\/\/asso.graie.org\/portail\/#website","url":"https:\/\/asso.graie.org\/portail\/","name":"Graie","description":"P\u00f4le Eau et Territoires","publisher":{"@id":"https:\/\/asso.graie.org\/portail\/#organization"},"potentialAction":[{"@type":"SearchAction","target":{"@type":"EntryPoint","urlTemplate":"https:\/\/asso.graie.org\/portail\/?s={search_term_string}"},"query-input":"required name=search_term_string"}],"inLanguage":"fr-FR"},{"@type":"Organization","@id":"https:\/\/asso.graie.org\/portail\/#organization","name":"Le Graie","url":"https:\/\/asso.graie.org\/portail\/","logo":{"@type":"ImageObject","inLanguage":"fr-FR","@id":"https:\/\/asso.graie.org\/portail\/#\/schema\/logo\/image\/","url":"https:\/\/asso.graie.org\/portail\/wp-content\/uploads\/2021\/12\/Logotype-Graie.png","contentUrl":"https:\/\/asso.graie.org\/portail\/wp-content\/uploads\/2021\/12\/Logotype-Graie.png","width":1890,"height":1181,"caption":"Le Graie"},"image":{"@id":"https:\/\/asso.graie.org\/portail\/#\/schema\/logo\/image\/"},"sameAs":["https:\/\/fr.linkedin.com\/company\/graie?trk=top_nav_home","https:\/\/www.youtube.com\/channel\/UCZQk0Tt7upYwERYNdDIZqLQ","https:\/\/twitter.com\/asso_graie"]}]}},"_links":{"self":[{"href":"https:\/\/asso.graie.org\/portail\/wp-json\/wp\/v2\/pages\/19365"}],"collection":[{"href":"https:\/\/asso.graie.org\/portail\/wp-json\/wp\/v2\/pages"}],"about":[{"href":"https:\/\/asso.graie.org\/portail\/wp-json\/wp\/v2\/types\/page"}],"author":[{"embeddable":true,"href":"https:\/\/asso.graie.org\/portail\/wp-json\/wp\/v2\/users\/3"}],"replies":[{"embeddable":true,"href":"https:\/\/asso.graie.org\/portail\/wp-json\/wp\/v2\/comments?post=19365"}],"version-history":[{"count":5,"href":"https:\/\/asso.graie.org\/portail\/wp-json\/wp\/v2\/pages\/19365\/revisions"}],"predecessor-version":[{"id":29569,"href":"https:\/\/asso.graie.org\/portail\/wp-json\/wp\/v2\/pages\/19365\/revisions\/29569"}],"wp:attachment":[{"href":"https:\/\/asso.graie.org\/portail\/wp-json\/wp\/v2\/media?parent=19365"}],"curies":[{"name":"wp","href":"https:\/\/api.w.org\/{rel}","templated":true}]}}