{"id":21698,"date":"2022-10-06T12:48:31","date_gmt":"2022-10-06T10:48:31","guid":{"rendered":"https:\/\/asso.graie.org\/portail\/?page_id=21698"},"modified":"2026-03-19T14:23:02","modified_gmt":"2026-03-19T13:23:02","slug":"formations","status":"publish","type":"page","link":"https:\/\/asso.graie.org\/portail\/diffusion\/formations\/","title":{"rendered":"Formations"},"content":{"rendered":"\n<p>Le Graie b\u00e9n\u00e9ficie d&rsquo;un large r\u00e9seau d&rsquo;experts scientifiques et professionnels sur de nombreux sujets li\u00e9s \u00e0 la gestion de l&rsquo;eau. Cela lui permet de tenir le r\u00f4le d&rsquo;<strong>ing\u00e9nieur p\u00e9dagogique<\/strong> dans la cr\u00e9ation des formations diverses : il r\u00e9alise le programme, trouve les intervenants et propose ces formations aux praticiens au besoin dans le cadre de partenariats avec des <strong>organismes de formation continue<\/strong> agr\u00e9\u00e9s Qualiopi.<\/p>\n\n\n\n<div style=\"height:80px\" aria-hidden=\"true\" class=\"wp-block-spacer\"><\/div>\n\n\n\n<h2 class=\"wp-block-heading\">Objectif des formations<\/h2>\n\n\n\n<p>La volont\u00e9 du Graie est de <strong>former les ing\u00e9nieurs et techniciens d&rsquo;aujourd&rsquo;hui et de demain<\/strong> sur des sujets complexes, sp\u00e9cifiques et pratiques afin qu&rsquo;ils puissent s&rsquo;adapter aux probl\u00e9matiques actuelles et <strong>mettre en application les connaissances acquises<\/strong>.<\/p>\n\n\n\n<div style=\"height:30px\" aria-hidden=\"true\" class=\"wp-block-spacer\"><\/div>\n\n\n\n<p>Autant que possible, le programme int\u00e8gre, outre les apports th\u00e9oriques, des \u00e9tudes de cas ou exercice d&rsquo;application pour mettre en pratique ces nouvelles connaissances.<\/p>\n\n\n\n<div style=\"height:31px\" aria-hidden=\"true\" class=\"wp-block-spacer\"><\/div>\n\n\n\n<p>Nous proposons donc des<strong> formations continues<\/strong> dans plusieurs domaines (eau pluviale, effluents non domestiques, autosurveillance\/m\u00e9trologie). Leur co\u00fbt varie en fonction des intervenants et des organismes partenaires. <\/p>\n\n\n\n<div style=\"height:85px\" aria-hidden=\"true\" class=\"wp-block-spacer\"><\/div>\n\n\n\n<h2 class=\"wp-block-heading\">Le catalogue des formations<\/h2>\n\n\n\n<div style=\"height:46px\" aria-hidden=\"true\" class=\"wp-block-spacer\"><\/div>\n\n\n\n<h3 class=\"wp-block-heading\"><mark style=\"background-color:#00ffb2\" class=\"has-inline-color has-black-color\">Parcours Gestion des eaux pluviales \u00e0 la source<\/mark><\/h3>\n\n\n\n<p><strong><mark style=\"background-color:#0693e3\" class=\"has-inline-color has-white-color\">Module 1 &#8211; Du projet d&rsquo;am\u00e9nagement \u00e0 la strat\u00e9gie<\/mark><\/strong><br><strong><mark style=\"background-color:rgba(0, 0, 0, 0)\" class=\"has-inline-color has-vivid-cyan-blue-color\">Formation 2026 : novembre (\u00e0 pr\u00e9ciser)<\/mark><\/strong><br>En partenariat avec INSAVALOR (Qualiopi) <\/p>\n\n\n\n<ul>\n<li><strong>Public cible <\/strong>: agents des collectivit\u00e9s et bureau d\u2019\u00e9tudes concepteurs (am\u00e9nageurs, VRD) pour des projets en espace public et\/ou priv\u00e9<\/li>\n\n\n\n<li><strong>Objectifs p\u00e9dagogiques<\/strong> <strong>:<\/strong> \n<ul>\n<li>identifier les leviers et points de vigilance \u00e0 prendre en compte<\/li>\n\n\n\n<li>analyser avantages et inconv\u00e9nients de diff\u00e9rentes solutions<\/li>\n\n\n\n<li>\u00e9valuer les impacts environnementaux<\/li>\n\n\n\n<li>articuler r\u00e9glementation, strat\u00e9gie de gestion des eaux pluviales et conception des projets urbains<\/li>\n\n\n\n<li>d\u00e9ployer des arguments et recommandations pour valoriser l\u2019eau pluviale comme ressource dans les projets urbains<\/li>\n<\/ul>\n<\/li>\n\n\n\n<li><a href=\"https:\/\/asso.graie.org\/portail\/formation-continue_eaux_pluviales_et_amenagement\/\"><strong>Voir le programme de la derni\u00e8re session : 20 et<\/strong> <strong>21 novembre 2025<\/strong><\/a>. <\/li>\n\n\n\n<li>Plus d&rsquo;informations \u00e0 venir.<\/li>\n<\/ul>\n\n\n\n<div style=\"height:30px\" aria-hidden=\"true\" class=\"wp-block-spacer\"><\/div>\n\n\n\n<p><strong><mark style=\"background-color:#0693e3\" class=\"has-inline-color has-white-color\">Module 2 &#8211; Accompagner, concevoir et \u00e9valuer les projets<\/mark><\/strong><br><strong><mark style=\"background-color:rgba(0, 0, 0, 0)\" class=\"has-inline-color has-vivid-cyan-blue-color\">Formation 2026 : du 1er juin 14h au 3 juin midi \u00e0 Villeurbanne<br><\/mark><\/strong>En partenariat avec le Lyc\u00e9e Agrotec Vienne &#8211; CFPPA de Vienne-Seyssuel (Qualiopi)<\/p>\n\n\n\n<p><strong><a href=\"https:\/\/asso.graie.org\/portail\/formation-continue-gestion-des-eaux-pluviales-a-la-source-accompagner-concevoir-et-evaluer-les-projets\/\">>Programme et inscriptions<\/a><\/strong><\/p>\n\n\n\n<ul>\n<li><strong>Public cible<\/strong> : assistants \u00e0 ma\u00eetrise d\u2019ouvrage publique ou priv\u00e9e, (prestataires, personnels techniques des ma\u00eetres d\u2019ouvrage, etc.), instructeurs (droit des sols, eau pluviale, demandes de subvention), et ma\u00eetres d\u2019\u0153uvre (urbanistes, architectes, paysagistes, \u00e9cologues, etc.) engag\u00e9s dans des projets d\u2019ensemble<\/li>\n\n\n\n<li><strong>Objectifs p\u00e9dagogiques :<\/strong>\n<ul>\n<li>identifier les \u00e9l\u00e9ments de contexte \u00e0 prendre en compte et les interlocuteurs \u00e0 associer pour concevoir des solutions pertinentes<\/li>\n\n\n\n<li>inscrire la prise en compte de la gestion \u00e0 la source des eaux pluviales dans les projets d\u2019am\u00e9nagement (frise des temps de l\u2019am\u00e9nagement, concertation multi-usages)<\/li>\n\n\n\n<li>d\u00e9couvrir de nouveaux outils de dimensionnements gratuits<\/li>\n<\/ul>\n<\/li>\n<\/ul>\n\n\n\n<div style=\"height:29px\" aria-hidden=\"true\" class=\"wp-block-spacer\"><\/div>\n\n\n\n<p><strong><mark style=\"background-color:#0693e3\" class=\"has-inline-color has-white-color\">Module 3 &#8211; Dimensionner les ouvrages et analyser leur fonctionnement<\/mark><\/strong><br><strong><mark style=\"background-color:rgba(0, 0, 0, 0)\" class=\"has-inline-color has-vivid-cyan-blue-color\">Formation 2026 : 12 mars (visio), 16 mars (visio), et du 23 au 24 mars \u00e0 Vienne (38).<\/mark><\/strong> <strong>Plus de d\u00e9tails ci-dessous.<\/strong><br>En partenariat avec INSA Lyon et le Lyc\u00e9e Agrotec Vienne &#8211; CFPPA de Vienne-Seyssuel (Qualiopi)<br><em>\u00c0 noter : les 2 s\u00e9quences pr\u00e9paratoires en visioconf\u00e9rence font partie int\u00e9grante de la formation.<\/em><\/p>\n\n\n\n<p><strong><a href=\"https:\/\/asso.graie.org\/portail\/formation-continue-gestion-des-eaux-pluviales-a-la-source-dimensionner-les-ouvrages\/\">&gt;Programme et inscription<\/a><\/strong><\/p>\n\n\n\n<div style=\"height:21px\" aria-hidden=\"true\" class=\"wp-block-spacer\"><\/div>\n\n\n\n<ul>\n<li><strong>Public cible<\/strong> : personnes en charge de la conception et du dimensionnement des ouvrages de gestion des eaux pluviales (bureaux d&rsquo;\u00e9tudes VRD ou de collectivit\u00e9s, etc.)<\/li>\n\n\n\n<li><strong>Objectifs p\u00e9dagogiques : <\/strong> \n<ul>\n<li>identifier des solutions pertinentes et des outils de dimensionnement et de simulation adapt\u00e9s<\/li>\n\n\n\n<li>utiliser et analyser les m\u00e9thodes de dimensionnement et les donn\u00e9es \u00e0 manipuler<\/li>\n\n\n\n<li>exploiter et discuter le dimensionnement des ouvrages dans le cadre de projets d\u2019am\u00e9nagement<\/li>\n<\/ul>\n<\/li>\n\n\n\n<li><strong>Dates de la p<strong>rochaine formation (en visioconf\u00e9rence et pr\u00e9sentiel) : <\/strong><\/strong>\n<ul>\n<li><strong>12 mars<\/strong> <strong>de 13h \u00e0 17h <\/strong>(en visio) : Bases de l\u2019hydrologie urbaine pour dimensionner<\/li>\n\n\n\n<li><strong>16 mars de 10h \u00e0 11h30<\/strong> (en visio) : Collecter et pr\u00e9parer les donn\u00e9es<\/li>\n\n\n\n<li><strong>Du 23 mars \u00e0 14h au 24 mars \u00e0 17h, \u00e0 Vienne<\/strong> (38) : Dimensionner et adapter son projet avec PARAPLUIE I Int\u00e9grer les donn\u00e9es climatiques et dimensionner avec le logiciel URBIS<\/li>\n<\/ul>\n<\/li>\n<\/ul>\n\n\n\n<div style=\"height:80px\" aria-hidden=\"true\" class=\"wp-block-spacer\"><\/div>\n\n\n\n<h3 class=\"wp-block-heading\"><mark style=\"background-color:#00ffb2\" class=\"has-inline-color has-black-color\">Autosurveillance des syst\u00e8mes d&rsquo;assainissement &#8211; M\u00e9trologie<\/mark><\/h3>\n\n\n\n<p><strong><mark style=\"background-color:#0693e3\" class=\"has-inline-color has-white-color\">Instrumentation des d\u00e9versoirs d&rsquo;orages<\/mark><\/strong><br><strong><mark style=\"background-color:rgba(0, 0, 0, 0)\" class=\"has-inline-color has-vivid-cyan-blue-color\">Formation 2026 : 20 mai <\/mark><\/strong><br>En partenariat avec INSAVALOR (Qualiopi), en appui sur l\u2019INSA Lyon &#8211; Laboratoire DEEP, l\u2019OTHU et le Graie<br><em>NB : le programme de cette formation est sensiblement identique \u00e0 celui de la formation \u00ab\u00a0Instrumentation des d\u00e9versoirs d\u2019orage\u00a0\u00bb propos\u00e9e en 2023.<\/em><\/p>\n\n\n\n<ul>\n<li><strong>Public cible <\/strong>: acteurs op\u00e9rationnels publics et priv\u00e9s impliqu\u00e9s dans l\u2019autosurveillance des syst\u00e8mes d\u2019assainissement. La formation est particuli\u00e8rement destin\u00e9e aux personnes ayant \u00e0 instrumenter concr\u00e8tement des d\u00e9versoirs d\u2019orage.<\/li>\n\n\n\n<li><strong>Objectif p\u00e9dagogique : <\/strong>progresser sur les connaissances et la mise en \u0153uvre concr\u00e8te de l\u2019instrumentation afin d\u2019am\u00e9liorer la qualit\u00e9 des r\u00e9sultats de mesure<br><strong><a href=\"https:\/\/asso.graie.org\/portail\/formation-continue-autosurveillance-metrologie-instrumentation-deversoires-orages\/\">&gt; Programme et inscription<\/a><\/strong><\/li>\n<\/ul>\n\n\n\n<div style=\"height:24px\" aria-hidden=\"true\" class=\"wp-block-spacer\"><\/div>\n\n\n\n<p><strong><mark style=\"background-color:#0693e3\" class=\"has-inline-color has-white-color\">Urban Drainage Metrology Toolbox<\/mark><\/strong><br><strong><mark style=\"background-color:rgba(0, 0, 0, 0)\" class=\"has-inline-color has-vivid-cyan-blue-color\">En cours de programmation<\/mark><\/strong><\/p>\n\n\n\n<ul>\n<li><strong>Public cible <\/strong>: acteurs techniques et tout acteur op\u00e9rationnel ayant en charge le suivi m\u00e9trologique d\u2019appareils de mesure.<\/li>\n\n\n\n<li><strong>Objectif p\u00e9dagogique :<\/strong> faire d\u00e9couvrir aux m\u00e9trologues&nbsp;des collectivit\u00e9s et des bureaux d\u2019\u00e9tudes un&nbsp;panel d\u2019outils&nbsp;permettant de&nbsp;faire des mesurages de qualit\u00e9&nbsp;<\/li>\n\n\n\n<li>Plus d&rsquo;informations \u00e0 venir<\/li>\n<\/ul>\n\n\n\n<div style=\"height:112px\" aria-hidden=\"true\" class=\"wp-block-spacer\"><\/div>\n\n\n\n<h3 class=\"wp-block-heading\"><mark style=\"background-color:#00ffb2\" class=\"has-inline-color has-black-color\">Parcours Gestion des Effluents Non Domestiques<\/mark><\/h3>\n\n\n\n<p><strong><mark style=\"background-color:#0693e3\" class=\"has-inline-color has-white-color\">Module 1 &#8211; Diagnostic sur site et activit\u00e9s non domestiques<\/mark><\/strong><br><strong><mark style=\"background-color:rgba(0, 0, 0, 0)\" class=\"has-inline-color has-vivid-cyan-blue-color\">Formation 2026 : 1er et 2 avril<\/mark><\/strong> <strong><mark style=\"background-color:rgba(0, 0, 0, 0)\" class=\"has-inline-color has-vivid-cyan-blue-color\">\u00e0 Annonay (07)<\/mark><\/strong><\/p>\n\n\n\n<p><strong><a href=\"https:\/\/asso.graie.org\/portail\/formation-continue-gestion-end-diagnostic-sur-site\/\">&gt;Programme et inscription<\/a><\/strong><\/p>\n\n\n\n<ul>\n<li><strong>Public cible :<\/strong> techniciens et responsables de service, en charge des autorisations et du contr\u00f4le des activit\u00e9s non domestiques<\/li>\n\n\n\n<li><strong>Objectif p\u00e9dagogique :<\/strong> appr\u00e9hender le contexte et le cadre d\u2019actions du diagnostic sur site.<br>Ce module pr\u00e9sente l\u2019atout principal d\u2019une mise en situation permettant d\u2019appliquer la m\u00e9thodologie du diagnostic pr\u00e9sent\u00e9e en s\u00e9ance. Il est riche du partage d\u2019exp\u00e9rience d\u2019agent confirm\u00e9s, d\u2019une application pratique du diagnostic, de son rendu et de son analyse. <\/li>\n<\/ul>\n\n\n\n<div style=\"height:28px\" aria-hidden=\"true\" class=\"wp-block-spacer\"><\/div>\n\n\n\n<p><strong><mark style=\"background-color:#0693e3\" class=\"has-inline-color has-white-color\">Module 2 &#8211; Contr\u00f4le des activit\u00e9s non domestiques<\/mark><\/strong><br><strong><mark style=\"background-color:rgba(0, 0, 0, 0)\" class=\"has-inline-color has-vivid-cyan-blue-color\">Formation 2026 : 14 et 15 octobre<\/mark><\/strong> <strong><mark style=\"background-color:rgba(0, 0, 0, 0)\" class=\"has-inline-color has-vivid-cyan-blue-color\">\u00e0 Villeurbanne \/ Campus La Doua<\/mark><\/strong><\/p>\n\n\n\n<p><a href=\"https:\/\/asso.graie.org\/portail\/controle-des-activites-non-domestiques\/\"><strong>&gt;Programme et inscription<\/strong><\/a><\/p>\n\n\n\n<ul>\n<li><strong>Public cible :<\/strong> techniciens et responsables de service, en charge des autorisations et du contr\u00f4le des activit\u00e9s non domestiques<\/li>\n\n\n\n<li><strong>Objectif p\u00e9dagogique :<\/strong> inscrire l\u2019action dans une logique d\u2019accompagnement et de suivi jusqu\u2019\u00e0 la mise en conformit\u00e9 des rejets.<br>Ce module permet de d\u00e9couvrir le dimensionnement d\u2019ouvrages de type s\u00e9parateur et int\u00e8gre la gestion des eaux pluviales. Il aborde \u00e9galement la gestion des pollutions accidentelles. Il est compl\u00e9mentaire du module 1 sans pour autant que ce dernier soit un pr\u00e9-requis.<\/li>\n<\/ul>\n\n\n\n<div style=\"height:36px\" aria-hidden=\"true\" class=\"wp-block-spacer\"><\/div>\n\n\n\n<p><strong><mark style=\"background-color:#0693e3\" class=\"has-inline-color has-white-color\">Module 3 &#8211; Contexte juridique, op\u00e9rationnel et financier<\/mark><\/strong><br><strong><mark style=\"background-color:rgba(0, 0, 0, 0)\" class=\"has-inline-color has-vivid-cyan-blue-color\">Formation 2026 : du 8 juin 14h au 10 juin midi<\/mark><\/strong> <strong><mark style=\"background-color:rgba(0, 0, 0, 0)\" class=\"has-inline-color has-vivid-cyan-blue-color\">\u00e0 Villeurbanne \/ Campus La Doua<\/mark><\/strong><\/p>\n\n\n\n<p><strong><a href=\"https:\/\/asso.graie.org\/portail\/formation-continue-gestion-des-effluents-non-domestiques-contexte-juridique-operationnel-et-financier\/\">&gt;Programme et inscription<\/a><\/strong><\/p>\n\n\n\n<ul>\n<li><strong>Public cible :<\/strong> techniciens et responsables de service, en charge des autorisations et du contr\u00f4le des activit\u00e9s non domestiques ; agents qui ne sont pas directement en charge de diagnostic et suivi, mais de l\u2019organisation du service<\/li>\n\n\n\n<li><strong>Objectif p\u00e9dagogique :<\/strong> clarifier les diff\u00e9rents r\u00e9gimes en place, les obligations respectives des acteurs, les sanctions applicables et les modalit\u00e9s financi\u00e8res.<br>Ce module traite du contexte juridique des rejets des effluents non domestiques au r\u00e9seau d\u2019assainissement des eaux us\u00e9es et des eaux pluviales. S\u2019appuyant sur des \u00e9l\u00e9ments concrets de r\u00e8glements de service et autres autorisations, cette formation r\u00e9pond \u00e0 l\u2019ambition de structurer, consolider, s\u00e9curiser la prise en compte des rejets non domestiques dans l\u2019organisation de la lutte contre les polluants.<\/li>\n<\/ul>\n\n\n\n<div style=\"height:100px\" aria-hidden=\"true\" class=\"wp-block-spacer\"><\/div>\n","protected":false},"excerpt":{"rendered":"<p>Le Graie b\u00e9n\u00e9ficie d&rsquo;un large r\u00e9seau d&rsquo;experts scientifiques et professionnels sur de nombreux sujets li\u00e9s \u00e0 la gestion de l&rsquo;eau. Cela lui permet de tenir le r\u00f4le d&rsquo;ing\u00e9nieur p\u00e9dagogique dans la cr\u00e9ation des formations diverses : il r\u00e9alise le programme, &hellip;<\/p>\n","protected":false},"author":16,"featured_media":0,"parent":1094,"menu_order":0,"comment_status":"closed","ping_status":"closed","template":"","meta":{"_mi_skip_tracking":false,"footnotes":""},"acf":[],"yoast_head":"<!-- This site is optimized with the Yoast SEO plugin v19.13 - https:\/\/yoast.com\/wordpress\/plugins\/seo\/ -->\n<title>Formations | Diffusion | Graie<\/title>\n<meta name=\"description\" content=\"Le Graie souhaite former les techniciens de demain afin qu&#039;ils puissent s&#039;adapter aux probl\u00e9matiques actuelles et mettre en application les connaissances acquises.\" \/>\n<meta name=\"robots\" content=\"index, follow, max-snippet:-1, max-image-preview:large, max-video-preview:-1\" \/>\n<link rel=\"canonical\" href=\"https:\/\/asso.graie.org\/portail\/diffusion\/formations\/\" \/>\n<meta property=\"og:locale\" content=\"fr_FR\" \/>\n<meta property=\"og:type\" content=\"article\" \/>\n<meta property=\"og:title\" content=\"Formations | Diffusion | Graie\" \/>\n<meta property=\"og:description\" content=\"Le Graie souhaite former les techniciens de demain afin qu&#039;ils puissent s&#039;adapter aux probl\u00e9matiques actuelles et mettre en application les connaissances acquises.\" \/>\n<meta property=\"og:url\" content=\"https:\/\/asso.graie.org\/portail\/diffusion\/formations\/\" \/>\n<meta property=\"og:site_name\" content=\"Graie\" \/>\n<meta property=\"article:modified_time\" content=\"2026-03-19T13:23:02+00:00\" \/>\n<meta name=\"twitter:card\" content=\"summary_large_image\" \/>\n<meta name=\"twitter:site\" content=\"@asso_graie\" \/>\n<meta name=\"twitter:label1\" content=\"Dur\u00e9e de lecture estim\u00e9e\" \/>\n\t<meta name=\"twitter:data1\" content=\"2 minutes\" \/>\n<script type=\"application\/ld+json\" class=\"yoast-schema-graph\">{\"@context\":\"https:\/\/schema.org\",\"@graph\":[{\"@type\":\"WebPage\",\"@id\":\"https:\/\/asso.graie.org\/portail\/diffusion\/formations\/\",\"url\":\"https:\/\/asso.graie.org\/portail\/diffusion\/formations\/\",\"name\":\"Formations | Diffusion | Graie\",\"isPartOf\":{\"@id\":\"https:\/\/asso.graie.org\/portail\/#website\"},\"datePublished\":\"2022-10-06T10:48:31+00:00\",\"dateModified\":\"2026-03-19T13:23:02+00:00\",\"description\":\"Le Graie souhaite former les techniciens de demain afin qu'ils puissent s'adapter aux probl\u00e9matiques actuelles et mettre en application les connaissances acquises.\",\"breadcrumb\":{\"@id\":\"https:\/\/asso.graie.org\/portail\/diffusion\/formations\/#breadcrumb\"},\"inLanguage\":\"fr-FR\",\"potentialAction\":[{\"@type\":\"ReadAction\",\"target\":[\"https:\/\/asso.graie.org\/portail\/diffusion\/formations\/\"]}]},{\"@type\":\"BreadcrumbList\",\"@id\":\"https:\/\/asso.graie.org\/portail\/diffusion\/formations\/#breadcrumb\",\"itemListElement\":[{\"@type\":\"ListItem\",\"position\":1,\"name\":\"Accueil\",\"item\":\"https:\/\/asso.graie.org\/portail\/\"},{\"@type\":\"ListItem\",\"position\":2,\"name\":\"Diffusion\",\"item\":\"https:\/\/asso.graie.org\/portail\/diffusion\/\"},{\"@type\":\"ListItem\",\"position\":3,\"name\":\"Formations\"}]},{\"@type\":\"WebSite\",\"@id\":\"https:\/\/asso.graie.org\/portail\/#website\",\"url\":\"https:\/\/asso.graie.org\/portail\/\",\"name\":\"Graie\",\"description\":\"P\u00f4le Eau et Territoires\",\"publisher\":{\"@id\":\"https:\/\/asso.graie.org\/portail\/#organization\"},\"potentialAction\":[{\"@type\":\"SearchAction\",\"target\":{\"@type\":\"EntryPoint\",\"urlTemplate\":\"https:\/\/asso.graie.org\/portail\/?s={search_term_string}\"},\"query-input\":\"required name=search_term_string\"}],\"inLanguage\":\"fr-FR\"},{\"@type\":\"Organization\",\"@id\":\"https:\/\/asso.graie.org\/portail\/#organization\",\"name\":\"Le Graie\",\"url\":\"https:\/\/asso.graie.org\/portail\/\",\"logo\":{\"@type\":\"ImageObject\",\"inLanguage\":\"fr-FR\",\"@id\":\"https:\/\/asso.graie.org\/portail\/#\/schema\/logo\/image\/\",\"url\":\"https:\/\/asso.graie.org\/portail\/wp-content\/uploads\/2021\/12\/Logotype-Graie.png\",\"contentUrl\":\"https:\/\/asso.graie.org\/portail\/wp-content\/uploads\/2021\/12\/Logotype-Graie.png\",\"width\":1890,\"height\":1181,\"caption\":\"Le Graie\"},\"image\":{\"@id\":\"https:\/\/asso.graie.org\/portail\/#\/schema\/logo\/image\/\"},\"sameAs\":[\"https:\/\/fr.linkedin.com\/company\/graie?trk=top_nav_home\",\"https:\/\/www.youtube.com\/channel\/UCZQk0Tt7upYwERYNdDIZqLQ\",\"https:\/\/twitter.com\/asso_graie\"]}]}<\/script>\n<!-- \/ Yoast SEO plugin. -->","yoast_head_json":{"title":"Formations | Diffusion | Graie","description":"Le Graie souhaite former les techniciens de demain afin qu'ils puissent s'adapter aux probl\u00e9matiques actuelles et mettre en application les connaissances acquises.","robots":{"index":"index","follow":"follow","max-snippet":"max-snippet:-1","max-image-preview":"max-image-preview:large","max-video-preview":"max-video-preview:-1"},"canonical":"https:\/\/asso.graie.org\/portail\/diffusion\/formations\/","og_locale":"fr_FR","og_type":"article","og_title":"Formations | Diffusion | Graie","og_description":"Le Graie souhaite former les techniciens de demain afin qu'ils puissent s'adapter aux probl\u00e9matiques actuelles et mettre en application les connaissances acquises.","og_url":"https:\/\/asso.graie.org\/portail\/diffusion\/formations\/","og_site_name":"Graie","article_modified_time":"2026-03-19T13:23:02+00:00","twitter_card":"summary_large_image","twitter_site":"@asso_graie","twitter_misc":{"Dur\u00e9e de lecture estim\u00e9e":"2 minutes"},"schema":{"@context":"https:\/\/schema.org","@graph":[{"@type":"WebPage","@id":"https:\/\/asso.graie.org\/portail\/diffusion\/formations\/","url":"https:\/\/asso.graie.org\/portail\/diffusion\/formations\/","name":"Formations | Diffusion | Graie","isPartOf":{"@id":"https:\/\/asso.graie.org\/portail\/#website"},"datePublished":"2022-10-06T10:48:31+00:00","dateModified":"2026-03-19T13:23:02+00:00","description":"Le Graie souhaite former les techniciens de demain afin qu'ils puissent s'adapter aux probl\u00e9matiques actuelles et mettre en application les connaissances acquises.","breadcrumb":{"@id":"https:\/\/asso.graie.org\/portail\/diffusion\/formations\/#breadcrumb"},"inLanguage":"fr-FR","potentialAction":[{"@type":"ReadAction","target":["https:\/\/asso.graie.org\/portail\/diffusion\/formations\/"]}]},{"@type":"BreadcrumbList","@id":"https:\/\/asso.graie.org\/portail\/diffusion\/formations\/#breadcrumb","itemListElement":[{"@type":"ListItem","position":1,"name":"Accueil","item":"https:\/\/asso.graie.org\/portail\/"},{"@type":"ListItem","position":2,"name":"Diffusion","item":"https:\/\/asso.graie.org\/portail\/diffusion\/"},{"@type":"ListItem","position":3,"name":"Formations"}]},{"@type":"WebSite","@id":"https:\/\/asso.graie.org\/portail\/#website","url":"https:\/\/asso.graie.org\/portail\/","name":"Graie","description":"P\u00f4le Eau et Territoires","publisher":{"@id":"https:\/\/asso.graie.org\/portail\/#organization"},"potentialAction":[{"@type":"SearchAction","target":{"@type":"EntryPoint","urlTemplate":"https:\/\/asso.graie.org\/portail\/?s={search_term_string}"},"query-input":"required name=search_term_string"}],"inLanguage":"fr-FR"},{"@type":"Organization","@id":"https:\/\/asso.graie.org\/portail\/#organization","name":"Le Graie","url":"https:\/\/asso.graie.org\/portail\/","logo":{"@type":"ImageObject","inLanguage":"fr-FR","@id":"https:\/\/asso.graie.org\/portail\/#\/schema\/logo\/image\/","url":"https:\/\/asso.graie.org\/portail\/wp-content\/uploads\/2021\/12\/Logotype-Graie.png","contentUrl":"https:\/\/asso.graie.org\/portail\/wp-content\/uploads\/2021\/12\/Logotype-Graie.png","width":1890,"height":1181,"caption":"Le Graie"},"image":{"@id":"https:\/\/asso.graie.org\/portail\/#\/schema\/logo\/image\/"},"sameAs":["https:\/\/fr.linkedin.com\/company\/graie?trk=top_nav_home","https:\/\/www.youtube.com\/channel\/UCZQk0Tt7upYwERYNdDIZqLQ","https:\/\/twitter.com\/asso_graie"]}]}},"_links":{"self":[{"href":"https:\/\/asso.graie.org\/portail\/wp-json\/wp\/v2\/pages\/21698"}],"collection":[{"href":"https:\/\/asso.graie.org\/portail\/wp-json\/wp\/v2\/pages"}],"about":[{"href":"https:\/\/asso.graie.org\/portail\/wp-json\/wp\/v2\/types\/page"}],"author":[{"embeddable":true,"href":"https:\/\/asso.graie.org\/portail\/wp-json\/wp\/v2\/users\/16"}],"replies":[{"embeddable":true,"href":"https:\/\/asso.graie.org\/portail\/wp-json\/wp\/v2\/comments?post=21698"}],"version-history":[{"count":76,"href":"https:\/\/asso.graie.org\/portail\/wp-json\/wp\/v2\/pages\/21698\/revisions"}],"predecessor-version":[{"id":31780,"href":"https:\/\/asso.graie.org\/portail\/wp-json\/wp\/v2\/pages\/21698\/revisions\/31780"}],"up":[{"embeddable":true,"href":"https:\/\/asso.graie.org\/portail\/wp-json\/wp\/v2\/pages\/1094"}],"wp:attachment":[{"href":"https:\/\/asso.graie.org\/portail\/wp-json\/wp\/v2\/media?parent=21698"}],"curies":[{"name":"wp","href":"https:\/\/api.w.org\/{rel}","templated":true}]}}