{"id":22085,"date":"2022-11-04T09:41:38","date_gmt":"2022-11-04T08:41:38","guid":{"rendered":"https:\/\/asso.graie.org\/portail\/?page_id=22085"},"modified":"2024-01-29T13:55:08","modified_gmt":"2024-01-29T12:55:08","slug":"projet-co-udlabs","status":"publish","type":"page","link":"https:\/\/asso.graie.org\/portail\/conferences-internationales\/projet-co-udlabs\/","title":{"rendered":"Co-UDLabs &#8211; Projet H2020"},"content":{"rendered":"\n<figure class=\"wp-block-image size-full is-resized\"><a href=\"https:\/\/asso.graie.org\/portail\/conferences-internationales\/co-udlabs-project\/\"><img decoding=\"async\" loading=\"lazy\" width=\"512\" height=\"512\" src=\"https:\/\/asso.graie.org\/portail\/wp-content\/uploads\/2022\/10\/drapeau-Eng-1.png\" alt=\"\" class=\"wp-image-22063\" style=\"width:58px;height:58px\" srcset=\"https:\/\/asso.graie.org\/portail\/wp-content\/uploads\/2022\/10\/drapeau-Eng-1.png 512w, https:\/\/asso.graie.org\/portail\/wp-content\/uploads\/2022\/10\/drapeau-Eng-1-300x300.png 300w, https:\/\/asso.graie.org\/portail\/wp-content\/uploads\/2022\/10\/drapeau-Eng-1-150x150.png 150w\" sizes=\"(max-width: 512px) 100vw, 512px\" \/><\/a><\/figure>\n\n\n\n<div style=\"height:31px\" aria-hidden=\"true\" class=\"wp-block-spacer\"><\/div>\n\n\n\n<h2 class=\"wp-block-heading\">Le Graie fait partie du projet europ\u00e9en Co-UDlabs<\/h2>\n\n\n\n<h1 class=\"wp-block-heading has-text-align-center\"><span id=\"s2_1\"><img decoding=\"async\" loading=\"lazy\" class=\"alignnone size-medium wp-image-17636\" src=\"https:\/\/asso.graie.org\/portail\/wp-content\/uploads\/2021\/06\/CoUDLabs-3-300x300.png\" alt=\"\" width=\"300\" height=\"300\" srcset=\"https:\/\/asso.graie.org\/portail\/wp-content\/uploads\/2021\/06\/CoUDLabs-3-300x300.png 300w, https:\/\/asso.graie.org\/portail\/wp-content\/uploads\/2021\/06\/CoUDLabs-3-1024x1024.png 1024w, https:\/\/asso.graie.org\/portail\/wp-content\/uploads\/2021\/06\/CoUDLabs-3-150x150.png 150w, https:\/\/asso.graie.org\/portail\/wp-content\/uploads\/2021\/06\/CoUDLabs-3-768x768.png 768w, https:\/\/asso.graie.org\/portail\/wp-content\/uploads\/2021\/06\/CoUDLabs-3.png 1312w\" sizes=\"(max-width: 300px) 100vw, 300px\" \/><\/span><\/h1>\n\n\n\n<h2 class=\"wp-block-heading\">Qu&rsquo;est-ce que le projet Co-UDlabs ?<\/h2>\n\n\n\n<div style=\"height:20px\" aria-hidden=\"true\" class=\"wp-block-spacer\"><\/div>\n\n\n\n<h3 class=\"wp-block-heading\">Construire une communaut\u00e9 collaborative sur la gestion des eaux pluviales urbaines<\/h3>\n\n\n\n<p>Co-UDlabs est un projet Horizon 2020 rassemblant 9 partenaires europ\u00e9ens et dont le but global est d&rsquo;int\u00e9grer les activit\u00e9s de recherches et d&rsquo;innovation des syst\u00e8mes de gestion des eaux pluviales urbaines (UDS &#8211; Urban Drainage System) afin de r\u00e9pondre aux besoins urgents en mati\u00e8re de sant\u00e9 publique, de risques d&rsquo;inondations et de d\u00e9fis environnementaux.  Le projet se compose de 17 installations cl\u00e9s \u00e0 grande \u00e9chelle faisant elles-m\u00eames partie de 7 Infrastructures de Recherche (RI) visant \u00e0 \u00eatre int\u00e9gr\u00e9es \u00e0 des projets europ\u00e9ens ambitieux. Leur objectif est d&rsquo;offrir \u00e0 la communaut\u00e9 R&amp;D, aux op\u00e9rateurs d&rsquo;infrastructures hydrauliques et \u00e0 leur cha\u00eene d&rsquo;approvisionnement des laboratoires et des installations de haute qualit\u00e9, des ressources humaines mais aussi des plateformes am\u00e9lior\u00e9es de partage de donn\u00e9es afin de r\u00e9pondre aux challenges de durabilit\u00e9 soci\u00e9tale, \u00e9conomique et environnemental des UDS pendant le 21e si\u00e8cle.<\/p>\n\n\n\n<div style=\"height:32px\" aria-hidden=\"true\" class=\"wp-block-spacer\"><\/div>\n\n\n\n<p><span id=\"s2_1\"><strong><em>Projet europ\u00e9en H2020 &#8211; Mai 2021, Mai 2025<\/em><\/strong><br><\/span><em>Ce projet a re\u00e7u des fonds de l&rsquo;Union Europ\u00e9enne dans le cadre du programme de recherche et d&rsquo;innovation H2020, sous la convention de subvention N\u00b0101008626<\/em><\/p>\n\n\n\n<div style=\"height:17px\" aria-hidden=\"true\" class=\"wp-block-spacer\"><\/div>\n\n\n\n<figure class=\"wp-block-image\"><img decoding=\"async\" loading=\"lazy\" width=\"300\" height=\"39\" src=\"https:\/\/asso.graie.org\/portail\/wp-content\/uploads\/2021\/03\/Coudlabs_corona-300x39.png\" alt=\"\" class=\"wp-image-17316\" srcset=\"https:\/\/asso.graie.org\/portail\/wp-content\/uploads\/2021\/03\/Coudlabs_corona-300x39.png 300w, https:\/\/asso.graie.org\/portail\/wp-content\/uploads\/2021\/03\/Coudlabs_corona-1024x132.png 1024w, https:\/\/asso.graie.org\/portail\/wp-content\/uploads\/2021\/03\/Coudlabs_corona-768x99.png 768w, https:\/\/asso.graie.org\/portail\/wp-content\/uploads\/2021\/03\/Coudlabs_corona-1536x198.png 1536w, https:\/\/asso.graie.org\/portail\/wp-content\/uploads\/2021\/03\/Coudlabs_corona-2048x264.png 2048w\" sizes=\"(max-width: 300px) 100vw, 300px\" \/><\/figure>\n\n\n\n<div style=\"height:26px\" aria-hidden=\"true\" class=\"wp-block-spacer\"><\/div>\n\n\n\n<div class=\"wp-block-buttons is-content-justification-center is-layout-flex wp-container-1 wp-block-buttons-is-layout-flex\">\n<div class=\"wp-block-button\"><a class=\"wp-block-button__link has-white-color has-vivid-green-cyan-background-color has-text-color has-background wp-element-button\" href=\"https:\/\/co-udlabs.eu\/\"><strong>D\u00c9COUVRIR LE SITE CO-UDLABS<\/strong><\/a><\/div>\n\n\n\n<div class=\"wp-block-button\"><a class=\"wp-block-button__link has-white-color has-light-green-cyan-background-color has-text-color has-background wp-element-button\" href=\"http:\/\/www.graie.org\/graie\/graiedoc\/210223.Co-UDlabs_Executive_Summary.pdf\"><strong>LIRE LE R\u00c9SUM\u00c9 \u00c9X\u00c9CUTIF<\/strong><\/a><\/div>\n\n\n\n<div class=\"wp-block-button\"><a class=\"wp-block-button__link has-vivid-cyan-blue-color has-pale-cyan-blue-background-color has-text-color has-background wp-element-button broken_link\" href=\"http:\/\/www.graie.org\/survey2\/index.php\/787823\"><strong>INT\u00c9GRER LA COMMUNAUT\u00c9 UDS (NEWSLETTER)<\/strong><\/a><\/div>\n\n\n\n<div class=\"wp-block-button\"><a class=\"wp-block-button__link has-white-color has-vivid-cyan-blue-background-color has-text-color has-background wp-element-button\" href=\"https:\/\/co-udlabs.eu\/wp-content\/uploads\/2023\/04\/Co_UDlabs_brochure_web.pdf\"><strong>LIRE LA PLAQUETTE<\/strong><\/a><\/div>\n<\/div>\n\n\n\n<div style=\"height:44px\" aria-hidden=\"true\" class=\"wp-block-spacer\"><\/div>\n\n\n<div class=\"wp-block-image\">\n<figure class=\"aligncenter size-full\"><img decoding=\"async\" loading=\"lazy\" width=\"1409\" height=\"707\" src=\"https:\/\/asso.graie.org\/portail\/wp-content\/uploads\/2021\/03\/coudlabs_Programme.png\" alt=\"\" class=\"wp-image-17307\" srcset=\"https:\/\/asso.graie.org\/portail\/wp-content\/uploads\/2021\/03\/coudlabs_Programme.png 1409w, https:\/\/asso.graie.org\/portail\/wp-content\/uploads\/2021\/03\/coudlabs_Programme-300x151.png 300w, https:\/\/asso.graie.org\/portail\/wp-content\/uploads\/2021\/03\/coudlabs_Programme-1024x514.png 1024w, https:\/\/asso.graie.org\/portail\/wp-content\/uploads\/2021\/03\/coudlabs_Programme-768x385.png 768w\" sizes=\"(max-width: 1409px) 100vw, 1409px\" \/><\/figure><\/div>\n\n\n<div style=\"height:65px\" aria-hidden=\"true\" class=\"wp-block-spacer\"><\/div>\n\n\n\n<h2 class=\"wp-block-heading\">9 partenaires<\/h2>\n\n\n\n<p>La consortium est coordonn\u00e9 par l&rsquo;Universit\u00e9 de Corona (Espagne) et consiste en 9 partenaires de 7 pays europ\u00e9ens. Le consortium Co-UDlabs comprends donc le Graie (dont le but est de faciliter les partenariats entre industrie, services des eaux urbaines, \u00e9lus et scientifiques d&rsquo;institutions publiques) mais aussi 4 universit\u00e9s : l&rsquo;Universit\u00e9 de Corona (Espagne), l&rsquo;Universit\u00e9 de Sheffield (Royaume-Uni), l&rsquo;INSA Lyon (France), l&rsquo;Universit\u00e9 d&rsquo;Aalbord (Danemark), toutes dot\u00e9es de groupes de recherche de niveau mondial sur les eaux urbaines &#8211; ainsi que 3 instituts de recherche de premier plan : Deltares (Pays-Bas), EAWAG (Suisse) et IKT (Allemagne). Enfin, il inclut \u00e9galement la SME multi-sectorielle sp\u00e9cialis\u00e9e EURONOVIA.<\/p>\n\n\n\n<div style=\"height:30px\" aria-hidden=\"true\" class=\"wp-block-spacer\"><\/div>\n\n\n<div class=\"wp-block-image\">\n<figure class=\"aligncenter size-full\"><img decoding=\"async\" loading=\"lazy\" width=\"1039\" height=\"478\" src=\"https:\/\/asso.graie.org\/portail\/wp-content\/uploads\/2021\/03\/coudlabs_partners.png\" alt=\"\" class=\"wp-image-17306\" srcset=\"https:\/\/asso.graie.org\/portail\/wp-content\/uploads\/2021\/03\/coudlabs_partners.png 1039w, https:\/\/asso.graie.org\/portail\/wp-content\/uploads\/2021\/03\/coudlabs_partners-300x138.png 300w, https:\/\/asso.graie.org\/portail\/wp-content\/uploads\/2021\/03\/coudlabs_partners-1024x471.png 1024w, https:\/\/asso.graie.org\/portail\/wp-content\/uploads\/2021\/03\/coudlabs_partners-768x353.png 768w\" sizes=\"(max-width: 1039px) 100vw, 1039px\" \/><\/figure><\/div>\n\n\n<div style=\"height:29px\" aria-hidden=\"true\" class=\"wp-block-spacer\"><\/div>\n\n\n\n<p>Le budget du projet est de 5 millions d&rsquo;euros, totalement financ\u00e9s par la Commission Europ\u00e9enne -Programme H2020).<\/p>\n\n\n\n<div style=\"height:61px\" aria-hidden=\"true\" class=\"wp-block-spacer\"><\/div>\n\n\n\n<h2 class=\"wp-block-heading\">17 installations exp\u00e9rimentales \u00ab\u00a0de terrain\u00a0\u00bb uniques en hydrologie urbaine<\/h2>\n\n\n\n<p>Co-UDlabs rassemble 17 installations exp\u00e9rimentales \u00ab\u00a0de terrain\u00a0\u00bb uniques en hydrologie urbaine, fournissant innovation, collaboration et des opportunit\u00e9s de formations de haut niveau. Le but principal de Co-UDlabs est d&rsquo;int\u00e9grer les activit\u00e9s de recherche et d&rsquo;innovation dans le domaine des UDS afin de r\u00e9pondre aux d\u00e9fis urgents qui nous attendent et donner la possibilit\u00e9 d&rsquo;installer une surveillance globale de la qualit\u00e9 de l&rsquo;eau, des performances des UDS et des approches par des donn\u00e9es ouvertes et efficientes.<\/p>\n\n\n\n<div style=\"height:37px\" aria-hidden=\"true\" class=\"wp-block-spacer\"><\/div>\n\n\n<div class=\"wp-block-image\">\n<figure class=\"aligncenter size-full\"><img decoding=\"async\" loading=\"lazy\" width=\"913\" height=\"754\" src=\"https:\/\/asso.graie.org\/portail\/wp-content\/uploads\/2021\/03\/coudlabs_Facilities.png\" alt=\"\" class=\"wp-image-17305\" srcset=\"https:\/\/asso.graie.org\/portail\/wp-content\/uploads\/2021\/03\/coudlabs_Facilities.png 913w, https:\/\/asso.graie.org\/portail\/wp-content\/uploads\/2021\/03\/coudlabs_Facilities-300x248.png 300w, https:\/\/asso.graie.org\/portail\/wp-content\/uploads\/2021\/03\/coudlabs_Facilities-768x634.png 768w\" sizes=\"(max-width: 913px) 100vw, 913px\" \/><\/figure><\/div>\n\n\n<div style=\"height:45px\" aria-hidden=\"true\" class=\"wp-block-spacer\"><\/div>\n","protected":false},"excerpt":{"rendered":"<p>Le Graie fait partie du projet europ\u00e9en Co-UDlabs Qu&rsquo;est-ce que le projet Co-UDlabs ? Construire une communaut\u00e9 collaborative sur la gestion des eaux pluviales urbaines Co-UDlabs est un projet Horizon 2020 rassemblant 9 partenaires europ\u00e9ens et dont le but global &hellip;<\/p>\n","protected":false},"author":16,"featured_media":0,"parent":1100,"menu_order":0,"comment_status":"closed","ping_status":"closed","template":"","meta":{"_mi_skip_tracking":false,"footnotes":""},"acf":[],"yoast_head":"<!-- This site is optimized with the Yoast SEO plugin v19.13 - https:\/\/yoast.com\/wordpress\/plugins\/seo\/ -->\n<title>Projet Co-UDlabs - H2020 | Graie<\/title>\n<meta name=\"description\" content=\"L&#039;objectif g\u00e9n\u00e9ral du projet Co-UDlabs est d&#039;int\u00e9grer les activit\u00e9s de recherche et d&#039;innovation dans les syst\u00e8mes de gestion des eaux pluviales urbaines.\" \/>\n<meta name=\"robots\" content=\"index, follow, max-snippet:-1, max-image-preview:large, max-video-preview:-1\" \/>\n<link rel=\"canonical\" href=\"https:\/\/asso.graie.org\/portail\/conferences-internationales\/projet-co-udlabs\/\" \/>\n<meta property=\"og:locale\" content=\"fr_FR\" \/>\n<meta property=\"og:type\" content=\"article\" \/>\n<meta property=\"og:title\" content=\"Projet Co-UDlabs - H2020 | Graie\" \/>\n<meta property=\"og:description\" content=\"L&#039;objectif g\u00e9n\u00e9ral du projet Co-UDlabs est d&#039;int\u00e9grer les activit\u00e9s de recherche et d&#039;innovation dans les syst\u00e8mes de gestion des eaux pluviales urbaines.\" \/>\n<meta property=\"og:url\" content=\"https:\/\/asso.graie.org\/portail\/conferences-internationales\/projet-co-udlabs\/\" \/>\n<meta property=\"og:site_name\" content=\"Graie\" \/>\n<meta property=\"article:modified_time\" content=\"2024-01-29T12:55:08+00:00\" \/>\n<meta property=\"og:image\" content=\"https:\/\/asso.graie.org\/portail\/wp-content\/uploads\/2022\/10\/drapeau-Eng-1.png\" \/>\n<meta name=\"twitter:card\" content=\"summary_large_image\" \/>\n<meta name=\"twitter:site\" content=\"@asso_graie\" \/>\n<meta name=\"twitter:label1\" content=\"Dur\u00e9e de lecture estim\u00e9e\" \/>\n\t<meta name=\"twitter:data1\" content=\"4 minutes\" \/>\n<script type=\"application\/ld+json\" class=\"yoast-schema-graph\">{\"@context\":\"https:\/\/schema.org\",\"@graph\":[{\"@type\":\"WebPage\",\"@id\":\"https:\/\/asso.graie.org\/portail\/conferences-internationales\/projet-co-udlabs\/\",\"url\":\"https:\/\/asso.graie.org\/portail\/conferences-internationales\/projet-co-udlabs\/\",\"name\":\"Projet Co-UDlabs - H2020 | Graie\",\"isPartOf\":{\"@id\":\"https:\/\/asso.graie.org\/portail\/#website\"},\"datePublished\":\"2022-11-04T08:41:38+00:00\",\"dateModified\":\"2024-01-29T12:55:08+00:00\",\"description\":\"L'objectif g\u00e9n\u00e9ral du projet Co-UDlabs est d'int\u00e9grer les activit\u00e9s de recherche et d'innovation dans les syst\u00e8mes de gestion des eaux pluviales urbaines.\",\"breadcrumb\":{\"@id\":\"https:\/\/asso.graie.org\/portail\/conferences-internationales\/projet-co-udlabs\/#breadcrumb\"},\"inLanguage\":\"fr-FR\",\"potentialAction\":[{\"@type\":\"ReadAction\",\"target\":[\"https:\/\/asso.graie.org\/portail\/conferences-internationales\/projet-co-udlabs\/\"]}]},{\"@type\":\"BreadcrumbList\",\"@id\":\"https:\/\/asso.graie.org\/portail\/conferences-internationales\/projet-co-udlabs\/#breadcrumb\",\"itemListElement\":[{\"@type\":\"ListItem\",\"position\":1,\"name\":\"Accueil\",\"item\":\"https:\/\/asso.graie.org\/portail\/\"},{\"@type\":\"ListItem\",\"position\":2,\"name\":\"Le Graie \u00e0 l&rsquo;international\",\"item\":\"https:\/\/asso.graie.org\/portail\/conferences-internationales\/\"},{\"@type\":\"ListItem\",\"position\":3,\"name\":\"Co-UDLabs &#8211; Projet H2020\"}]},{\"@type\":\"WebSite\",\"@id\":\"https:\/\/asso.graie.org\/portail\/#website\",\"url\":\"https:\/\/asso.graie.org\/portail\/\",\"name\":\"Graie\",\"description\":\"P\u00f4le Eau et Territoires\",\"publisher\":{\"@id\":\"https:\/\/asso.graie.org\/portail\/#organization\"},\"potentialAction\":[{\"@type\":\"SearchAction\",\"target\":{\"@type\":\"EntryPoint\",\"urlTemplate\":\"https:\/\/asso.graie.org\/portail\/?s={search_term_string}\"},\"query-input\":\"required name=search_term_string\"}],\"inLanguage\":\"fr-FR\"},{\"@type\":\"Organization\",\"@id\":\"https:\/\/asso.graie.org\/portail\/#organization\",\"name\":\"Le Graie\",\"url\":\"https:\/\/asso.graie.org\/portail\/\",\"logo\":{\"@type\":\"ImageObject\",\"inLanguage\":\"fr-FR\",\"@id\":\"https:\/\/asso.graie.org\/portail\/#\/schema\/logo\/image\/\",\"url\":\"https:\/\/asso.graie.org\/portail\/wp-content\/uploads\/2021\/12\/Logotype-Graie.png\",\"contentUrl\":\"https:\/\/asso.graie.org\/portail\/wp-content\/uploads\/2021\/12\/Logotype-Graie.png\",\"width\":1890,\"height\":1181,\"caption\":\"Le Graie\"},\"image\":{\"@id\":\"https:\/\/asso.graie.org\/portail\/#\/schema\/logo\/image\/\"},\"sameAs\":[\"https:\/\/fr.linkedin.com\/company\/graie?trk=top_nav_home\",\"https:\/\/www.youtube.com\/channel\/UCZQk0Tt7upYwERYNdDIZqLQ\",\"https:\/\/twitter.com\/asso_graie\"]}]}<\/script>\n<!-- \/ Yoast SEO plugin. -->","yoast_head_json":{"title":"Projet Co-UDlabs - H2020 | Graie","description":"L'objectif g\u00e9n\u00e9ral du projet Co-UDlabs est d'int\u00e9grer les activit\u00e9s de recherche et d'innovation dans les syst\u00e8mes de gestion des eaux pluviales urbaines.","robots":{"index":"index","follow":"follow","max-snippet":"max-snippet:-1","max-image-preview":"max-image-preview:large","max-video-preview":"max-video-preview:-1"},"canonical":"https:\/\/asso.graie.org\/portail\/conferences-internationales\/projet-co-udlabs\/","og_locale":"fr_FR","og_type":"article","og_title":"Projet Co-UDlabs - H2020 | Graie","og_description":"L'objectif g\u00e9n\u00e9ral du projet Co-UDlabs est d'int\u00e9grer les activit\u00e9s de recherche et d'innovation dans les syst\u00e8mes de gestion des eaux pluviales urbaines.","og_url":"https:\/\/asso.graie.org\/portail\/conferences-internationales\/projet-co-udlabs\/","og_site_name":"Graie","article_modified_time":"2024-01-29T12:55:08+00:00","og_image":[{"url":"https:\/\/asso.graie.org\/portail\/wp-content\/uploads\/2022\/10\/drapeau-Eng-1.png"}],"twitter_card":"summary_large_image","twitter_site":"@asso_graie","twitter_misc":{"Dur\u00e9e de lecture estim\u00e9e":"4 minutes"},"schema":{"@context":"https:\/\/schema.org","@graph":[{"@type":"WebPage","@id":"https:\/\/asso.graie.org\/portail\/conferences-internationales\/projet-co-udlabs\/","url":"https:\/\/asso.graie.org\/portail\/conferences-internationales\/projet-co-udlabs\/","name":"Projet Co-UDlabs - H2020 | Graie","isPartOf":{"@id":"https:\/\/asso.graie.org\/portail\/#website"},"datePublished":"2022-11-04T08:41:38+00:00","dateModified":"2024-01-29T12:55:08+00:00","description":"L'objectif g\u00e9n\u00e9ral du projet Co-UDlabs est d'int\u00e9grer les activit\u00e9s de recherche et d'innovation dans les syst\u00e8mes de gestion des eaux pluviales urbaines.","breadcrumb":{"@id":"https:\/\/asso.graie.org\/portail\/conferences-internationales\/projet-co-udlabs\/#breadcrumb"},"inLanguage":"fr-FR","potentialAction":[{"@type":"ReadAction","target":["https:\/\/asso.graie.org\/portail\/conferences-internationales\/projet-co-udlabs\/"]}]},{"@type":"BreadcrumbList","@id":"https:\/\/asso.graie.org\/portail\/conferences-internationales\/projet-co-udlabs\/#breadcrumb","itemListElement":[{"@type":"ListItem","position":1,"name":"Accueil","item":"https:\/\/asso.graie.org\/portail\/"},{"@type":"ListItem","position":2,"name":"Le Graie \u00e0 l&rsquo;international","item":"https:\/\/asso.graie.org\/portail\/conferences-internationales\/"},{"@type":"ListItem","position":3,"name":"Co-UDLabs &#8211; Projet H2020"}]},{"@type":"WebSite","@id":"https:\/\/asso.graie.org\/portail\/#website","url":"https:\/\/asso.graie.org\/portail\/","name":"Graie","description":"P\u00f4le Eau et Territoires","publisher":{"@id":"https:\/\/asso.graie.org\/portail\/#organization"},"potentialAction":[{"@type":"SearchAction","target":{"@type":"EntryPoint","urlTemplate":"https:\/\/asso.graie.org\/portail\/?s={search_term_string}"},"query-input":"required name=search_term_string"}],"inLanguage":"fr-FR"},{"@type":"Organization","@id":"https:\/\/asso.graie.org\/portail\/#organization","name":"Le Graie","url":"https:\/\/asso.graie.org\/portail\/","logo":{"@type":"ImageObject","inLanguage":"fr-FR","@id":"https:\/\/asso.graie.org\/portail\/#\/schema\/logo\/image\/","url":"https:\/\/asso.graie.org\/portail\/wp-content\/uploads\/2021\/12\/Logotype-Graie.png","contentUrl":"https:\/\/asso.graie.org\/portail\/wp-content\/uploads\/2021\/12\/Logotype-Graie.png","width":1890,"height":1181,"caption":"Le Graie"},"image":{"@id":"https:\/\/asso.graie.org\/portail\/#\/schema\/logo\/image\/"},"sameAs":["https:\/\/fr.linkedin.com\/company\/graie?trk=top_nav_home","https:\/\/www.youtube.com\/channel\/UCZQk0Tt7upYwERYNdDIZqLQ","https:\/\/twitter.com\/asso_graie"]}]}},"_links":{"self":[{"href":"https:\/\/asso.graie.org\/portail\/wp-json\/wp\/v2\/pages\/22085"}],"collection":[{"href":"https:\/\/asso.graie.org\/portail\/wp-json\/wp\/v2\/pages"}],"about":[{"href":"https:\/\/asso.graie.org\/portail\/wp-json\/wp\/v2\/types\/page"}],"author":[{"embeddable":true,"href":"https:\/\/asso.graie.org\/portail\/wp-json\/wp\/v2\/users\/16"}],"replies":[{"embeddable":true,"href":"https:\/\/asso.graie.org\/portail\/wp-json\/wp\/v2\/comments?post=22085"}],"version-history":[{"count":9,"href":"https:\/\/asso.graie.org\/portail\/wp-json\/wp\/v2\/pages\/22085\/revisions"}],"predecessor-version":[{"id":25270,"href":"https:\/\/asso.graie.org\/portail\/wp-json\/wp\/v2\/pages\/22085\/revisions\/25270"}],"up":[{"embeddable":true,"href":"https:\/\/asso.graie.org\/portail\/wp-json\/wp\/v2\/pages\/1100"}],"wp:attachment":[{"href":"https:\/\/asso.graie.org\/portail\/wp-json\/wp\/v2\/media?parent=22085"}],"curies":[{"name":"wp","href":"https:\/\/api.w.org\/{rel}","templated":true}]}}