{"id":22250,"date":"2022-12-06T17:02:58","date_gmt":"2022-12-06T16:02:58","guid":{"rendered":"https:\/\/asso.graie.org\/portail\/?page_id=22250"},"modified":"2023-09-26T15:19:28","modified_gmt":"2023-09-26T13:19:28","slug":"rhoneco","status":"publish","type":"page","link":"https:\/\/asso.graie.org\/portail\/recherche\/rhoneco\/","title":{"rendered":"Rh\u00f4nEco"},"content":{"rendered":"\n<h2 class=\"wp-block-heading\">Un programme de suivi de la restauration \u00e9cologique du Rh\u00f4ne<\/h2>\n\n\n\n<div style=\"height:25px\" aria-hidden=\"true\" class=\"wp-block-spacer\"><\/div>\n\n\n\n<div class=\"wp-block-columns is-layout-flex wp-container-4 wp-block-columns-is-layout-flex\">\n<div class=\"wp-block-column is-layout-flow wp-block-column-is-layout-flow\" style=\"flex-basis:33.33%\">\n<div class=\"wp-block-image\"><figure class=\"aligncenter size-medium\"><img decoding=\"async\" loading=\"lazy\" width=\"300\" height=\"300\" src=\"https:\/\/asso.graie.org\/portail\/wp-content\/uploads\/2022\/12\/RhonEco_logo_01_Couleurs-1-300x300.png\" alt=\"\" class=\"wp-image-22278\" srcset=\"https:\/\/asso.graie.org\/portail\/wp-content\/uploads\/2022\/12\/RhonEco_logo_01_Couleurs-1-300x300.png 300w, https:\/\/asso.graie.org\/portail\/wp-content\/uploads\/2022\/12\/RhonEco_logo_01_Couleurs-1-150x150.png 150w, https:\/\/asso.graie.org\/portail\/wp-content\/uploads\/2022\/12\/RhonEco_logo_01_Couleurs-1.png 426w\" sizes=\"(max-width: 300px) 100vw, 300px\" \/><\/figure><\/div>\n<\/div>\n\n\n\n<div class=\"wp-block-column is-vertically-aligned-center is-layout-flow wp-block-column-is-layout-flow\" style=\"flex-basis:66.66%\">\n<p>Rh\u00f4nEco est un programme scientifique qui accompagne <strong>depuis la fin des ann\u00e9es 1990<\/strong> la <strong>restauration<\/strong> hydraulique et \u00e9cologique engag\u00e9e sur le <strong>Rh\u00f4ne<\/strong>. Le programme Rh\u00f4nEco s&rsquo;int\u00e9resse \u00e0 la restauration des d\u00e9bits dans les <strong>Rh\u00f4ne court-circuit\u00e9s<\/strong> et \u00e0 la restauration des <strong>l\u00f4nes<\/strong>, d&rsquo;anciens bras du fleuve.<\/p>\n\n\n\n<div style=\"height:40px\" aria-hidden=\"true\" class=\"wp-block-spacer\"><\/div>\n\n\n\n<div class=\"wp-block-buttons is-layout-flex wp-block-buttons-is-layout-flex\">\n<div class=\"wp-block-button\"><a class=\"wp-block-button__link has-white-color has-vivid-cyan-blue-background-color has-text-color has-background\"><strong>Acc\u00e9der au nouveau site Rh\u00f4nEco<\/strong><\/a><\/div>\n<\/div>\n<\/div>\n<\/div>\n\n\n\n<div style=\"height:50px\" aria-hidden=\"true\" class=\"wp-block-spacer\"><\/div>\n\n\n\n<p>Des <strong>protocoles de suivi<\/strong> des <strong>milieux aquatiques<\/strong> et des <strong>communaut\u00e9s biologiques<\/strong> (poissons, invert\u00e9br\u00e9s, v\u00e9g\u00e9tation) sont d\u00e9velopp\u00e9s par une <strong>\u00e9quipe scientifique interdisciplinaire<\/strong> afin de mesurer les effets des actions de restauration r\u00e9alis\u00e9es. Les donn\u00e9es collect\u00e9es servent \u00e0 l&rsquo;\u00e9valuation mais aussi \u00e0 l&rsquo;\u00e9laboration de <strong>mod\u00e8les pr\u00e9dictifs<\/strong> utiles pour pr\u00e9ciser les futurs choix de restauration.<\/p>\n\n\n\n<div style=\"height:33px\" aria-hidden=\"true\" class=\"wp-block-spacer\"><\/div>\n\n\n\n<figure class=\"wp-block-image\"><img decoding=\"async\" loading=\"lazy\" width=\"3000\" height=\"1100\" src=\"https:\/\/asso.graie.org\/portail\/wp-content\/uploads\/2022\/12\/Photos_Rhoneco.png\" alt=\"\" class=\"wp-image-22252\" srcset=\"https:\/\/asso.graie.org\/portail\/wp-content\/uploads\/2022\/12\/Photos_Rhoneco.png 3000w, https:\/\/asso.graie.org\/portail\/wp-content\/uploads\/2022\/12\/Photos_Rhoneco-300x110.png 300w, https:\/\/asso.graie.org\/portail\/wp-content\/uploads\/2022\/12\/Photos_Rhoneco-1024x375.png 1024w, https:\/\/asso.graie.org\/portail\/wp-content\/uploads\/2022\/12\/Photos_Rhoneco-768x282.png 768w, https:\/\/asso.graie.org\/portail\/wp-content\/uploads\/2022\/12\/Photos_Rhoneco-1536x563.png 1536w, https:\/\/asso.graie.org\/portail\/wp-content\/uploads\/2022\/12\/Photos_Rhoneco-2048x751.png 2048w\" sizes=\"(max-width: 3000px) 100vw, 3000px\" \/><\/figure>\n\n\n\n<div style=\"height:33px\" aria-hidden=\"true\" class=\"wp-block-spacer\"><\/div>\n\n\n\n<p>La <strong>restauration de la dynamique s\u00e9dimentaire<\/strong> au sein du chenal, par remobilisation ou recharge active en s\u00e9diments, fait aussi l&rsquo;objet d&rsquo;un accompagnement scientifique dans le cadre de <a href=\"https:\/\/asso.graie.org\/portail\/recherche\/osr\/\"><strong>l&rsquo;Observatoire des S\u00e9diments du Rh\u00f4ne (OSR)<\/strong><\/a>. Les programmes Rh\u00f4nEco et OSR sont compl\u00e9mentaires et participent tous deux au suivi op\u00e9rationnel de la r\u00e9activation des marges alluviales du Rh\u00f4ne. Rh\u00f4nEco constitue aujourd\u2019hui un programme structurant de <a href=\"https:\/\/asso.graie.org\/portail\/recherche\/ohm-vr\/\"><strong>l\u2019Observatoire Hommes-Milieux (OHM)<\/strong><\/a> Vall\u00e9e du Rh\u00f4ne.<\/p>\n\n\n\n<div style=\"height:64px\" aria-hidden=\"true\" class=\"wp-block-spacer\"><\/div>\n\n\n\n<h3 class=\"wp-block-heading\"><strong>La journ\u00e9e Restauration \u00e9cologique du Rh\u00f4ne<\/strong><\/h3>\n\n\n\n<div style=\"height:25px\" aria-hidden=\"true\" class=\"wp-block-spacer\"><\/div>\n\n\n\n<p>La journ\u00e9e Restauration \u00e9cologique \u00e9cologique du <strong>23 novembre 2021<\/strong> a permis \u00e0 140 personnes d&rsquo;assister \u00e0 une matin\u00e9e de conf\u00e9rence afin de d\u00e9couvrir les grands enseignements de ses suivis, les strat\u00e9gies d&rsquo;actions environnementales men\u00e9es aujourd&rsquo;hui et les perspectives qui se dessinent pour une gestion durable du Rh\u00f4ne. <\/p>\n\n\n\n<div style=\"height:30px\" aria-hidden=\"true\" class=\"wp-block-spacer\"><\/div>\n\n\n\n<p>&#x25b6;&#xfe0f; <strong>Ces conf\u00e9rences sont disponibles sur la cha\u00eene YouTube du Graie :<\/strong><\/p>\n\n\n\n<figure class=\"wp-block-image size-full\"><a href=\"https:\/\/www.youtube.com\/watch?v=598f7MIAjyE&amp;list=PL8wU9ui8zEy20isgVb2crmsf6yILUlX3K\"><img decoding=\"async\" loading=\"lazy\" width=\"805\" height=\"298\" src=\"https:\/\/asso.graie.org\/portail\/wp-content\/uploads\/2022\/12\/image-1.png\" alt=\"\" class=\"wp-image-22273\" srcset=\"https:\/\/asso.graie.org\/portail\/wp-content\/uploads\/2022\/12\/image-1.png 805w, https:\/\/asso.graie.org\/portail\/wp-content\/uploads\/2022\/12\/image-1-300x111.png 300w, https:\/\/asso.graie.org\/portail\/wp-content\/uploads\/2022\/12\/image-1-768x284.png 768w\" sizes=\"(max-width: 805px) 100vw, 805px\" \/><\/a><\/figure>\n\n\n\n<div style=\"height:61px\" aria-hidden=\"true\" class=\"wp-block-spacer\"><\/div>\n\n\n\n<h3 class=\"wp-block-heading\"><strong>Rh\u00f4nEco, un programme de recherche anim\u00e9 par le Graie<\/strong><\/h3>\n\n\n\n<div style=\"height:20px\" aria-hidden=\"true\" class=\"wp-block-spacer\"><\/div>\n\n\n\n<p>L\u2019animation par le Graie consiste \u00e0 :<\/p>\n\n\n\n<ul><li>Pr\u00e9parer et animer les instances et mettre en \u0153uvre les d\u00e9cisions prises<\/li><li>R\u00e9pondre aux sollicitations externes en lien avec le programme<\/li><li>Valoriser les r\u00e9sultats du programme Rh\u00f4nEco<\/li><li>Garantir les interactions entre \u00e9quipes de recherche<\/li><li>Animer la dynamique entre scientifiques et op\u00e9rationnels \u00e0 travers l\u2019organisation de groupes de travail par axes th\u00e9matiques. Les groupes de travail permettent aux partenaires de s&rsquo;approprier les \u00e9l\u00e9ments de connaissances acquis et d\u2019exprimer des questions concr\u00e8tes pour aller jusqu&rsquo;\u00e0 l&rsquo;op\u00e9rationnel.<\/li><\/ul>\n\n\n\n<div style=\"height:48px\" aria-hidden=\"true\" class=\"wp-block-spacer\"><\/div>\n\n\n\n<figure class=\"wp-block-image size-full is-style-default\"><img decoding=\"async\" loading=\"lazy\" width=\"1600\" height=\"1320\" src=\"https:\/\/asso.graie.org\/portail\/wp-content\/uploads\/2023\/09\/Modele_logos_Rhoneco_2023.jpg\" alt=\"\" class=\"wp-image-24317\" srcset=\"https:\/\/asso.graie.org\/portail\/wp-content\/uploads\/2023\/09\/Modele_logos_Rhoneco_2023.jpg 1600w, https:\/\/asso.graie.org\/portail\/wp-content\/uploads\/2023\/09\/Modele_logos_Rhoneco_2023-300x248.jpg 300w, https:\/\/asso.graie.org\/portail\/wp-content\/uploads\/2023\/09\/Modele_logos_Rhoneco_2023-1024x845.jpg 1024w, https:\/\/asso.graie.org\/portail\/wp-content\/uploads\/2023\/09\/Modele_logos_Rhoneco_2023-768x634.jpg 768w, https:\/\/asso.graie.org\/portail\/wp-content\/uploads\/2023\/09\/Modele_logos_Rhoneco_2023-1536x1267.jpg 1536w\" sizes=\"(max-width: 1600px) 100vw, 1600px\" \/><\/figure>\n\n\n\n<div style=\"height:48px\" aria-hidden=\"true\" class=\"wp-block-spacer\"><\/div>\n\n\n\n<hr class=\"wp-block-separator\"\/>\n\n\n\n<div style=\"height:27px\" aria-hidden=\"true\" class=\"wp-block-spacer\"><\/div>\n\n\n\n<p><strong>Contact :<\/strong><\/p>\n\n\n\n<div class=\"wp-block-image\"><figure class=\"alignleft\"><img decoding=\"async\" loading=\"lazy\" width=\"200\" height=\"200\" src=\"https:\/\/asso.graie.org\/portail\/wp-content\/uploads\/2021\/11\/bertrand-morandini-miniature.jpg\" alt=\"Bertrand Morandi\" class=\"wp-image-18792\" srcset=\"https:\/\/asso.graie.org\/portail\/wp-content\/uploads\/2021\/11\/bertrand-morandini-miniature.jpg 200w, https:\/\/asso.graie.org\/portail\/wp-content\/uploads\/2021\/11\/bertrand-morandini-miniature-150x150.jpg 150w, https:\/\/asso.graie.org\/portail\/wp-content\/uploads\/2021\/11\/bertrand-morandini-miniature-100x100.jpg 100w\" sizes=\"(max-width: 200px) 100vw, 200px\" \/><\/figure><\/div>\n\n\n<a class=\"lightbox-enabled\" href=\"https:\/\/asso.graie.org\/portail\/bertrand-morandi\/\" data-caption=\"\" title=\"\"> Bertrand MORANDI, Chef de projet Rh\u00f4ne<\/a>\n\n\n\n<div style=\"height:30px\" aria-hidden=\"true\" class=\"wp-block-spacer\"><\/div>\n\n\n\n<div class=\"wp-block-buttons is-layout-flex wp-block-buttons-is-layout-flex\">\n<div class=\"wp-block-button\"><a class=\"wp-block-button__link has-white-color has-vivid-cyan-blue-background-color has-text-color has-background\" href=\"https:\/\/www.rhoneco.org\/\"><strong>Acc\u00e9der au site Rh\u00f4nEco<\/strong><\/a><\/div>\n<\/div>\n\n\n\n<div style=\"height:20px\" aria-hidden=\"true\" class=\"wp-block-spacer\"><\/div>\n\n\n\n<div style=\"height:20px\" aria-hidden=\"true\" class=\"wp-block-spacer\"><\/div>\n","protected":false},"excerpt":{"rendered":"<p>Un programme de suivi de la restauration \u00e9cologique du Rh\u00f4ne Rh\u00f4nEco est un programme scientifique qui accompagne depuis la fin des ann\u00e9es 1990 la restauration hydraulique et \u00e9cologique engag\u00e9e sur le Rh\u00f4ne. Le programme Rh\u00f4nEco s&rsquo;int\u00e9resse \u00e0 la restauration des &hellip;<\/p>\n","protected":false},"author":16,"featured_media":0,"parent":1098,"menu_order":0,"comment_status":"closed","ping_status":"closed","template":"","meta":{"_mi_skip_tracking":false,"footnotes":""},"acf":[],"yoast_head":"<!-- This site is optimized with the Yoast SEO plugin v19.13 - https:\/\/yoast.com\/wordpress\/plugins\/seo\/ -->\n<title>Rh\u00f4nEco | Programme de recherche | Graie<\/title>\n<meta name=\"description\" content=\"Rh\u00f4nEco est un programme scientifique qui accompagne depuis la fin des ann\u00e9es 1990 la restauration hydraulique et \u00e9cologique engag\u00e9e sur le Rh\u00f4ne.\" \/>\n<meta name=\"robots\" content=\"index, follow, max-snippet:-1, max-image-preview:large, max-video-preview:-1\" \/>\n<link rel=\"canonical\" href=\"https:\/\/asso.graie.org\/portail\/recherche\/rhoneco\/\" \/>\n<meta property=\"og:locale\" content=\"fr_FR\" \/>\n<meta property=\"og:type\" content=\"article\" \/>\n<meta property=\"og:title\" content=\"Rh\u00f4nEco | Programme de recherche | Graie\" \/>\n<meta property=\"og:description\" content=\"Rh\u00f4nEco est un programme scientifique qui accompagne depuis la fin des ann\u00e9es 1990 la restauration hydraulique et \u00e9cologique engag\u00e9e sur le Rh\u00f4ne.\" \/>\n<meta property=\"og:url\" content=\"https:\/\/asso.graie.org\/portail\/recherche\/rhoneco\/\" \/>\n<meta property=\"og:site_name\" content=\"Graie\" \/>\n<meta property=\"article:modified_time\" content=\"2023-09-26T13:19:28+00:00\" \/>\n<meta property=\"og:image\" content=\"https:\/\/asso.graie.org\/portail\/wp-content\/uploads\/2022\/12\/RhonEco_logo_01_Couleurs-1-300x300.png\" \/>\n<meta name=\"twitter:card\" content=\"summary_large_image\" \/>\n<meta name=\"twitter:site\" content=\"@asso_graie\" \/>\n<meta name=\"twitter:label1\" content=\"Dur\u00e9e de lecture estim\u00e9e\" \/>\n\t<meta name=\"twitter:data1\" content=\"3 minutes\" \/>\n<script type=\"application\/ld+json\" class=\"yoast-schema-graph\">{\"@context\":\"https:\/\/schema.org\",\"@graph\":[{\"@type\":\"WebPage\",\"@id\":\"https:\/\/asso.graie.org\/portail\/recherche\/rhoneco\/\",\"url\":\"https:\/\/asso.graie.org\/portail\/recherche\/rhoneco\/\",\"name\":\"Rh\u00f4nEco | Programme de recherche | Graie\",\"isPartOf\":{\"@id\":\"https:\/\/asso.graie.org\/portail\/#website\"},\"datePublished\":\"2022-12-06T16:02:58+00:00\",\"dateModified\":\"2023-09-26T13:19:28+00:00\",\"description\":\"Rh\u00f4nEco est un programme scientifique qui accompagne depuis la fin des ann\u00e9es 1990 la restauration hydraulique et \u00e9cologique engag\u00e9e sur le Rh\u00f4ne.\",\"breadcrumb\":{\"@id\":\"https:\/\/asso.graie.org\/portail\/recherche\/rhoneco\/#breadcrumb\"},\"inLanguage\":\"fr-FR\",\"potentialAction\":[{\"@type\":\"ReadAction\",\"target\":[\"https:\/\/asso.graie.org\/portail\/recherche\/rhoneco\/\"]}]},{\"@type\":\"BreadcrumbList\",\"@id\":\"https:\/\/asso.graie.org\/portail\/recherche\/rhoneco\/#breadcrumb\",\"itemListElement\":[{\"@type\":\"ListItem\",\"position\":1,\"name\":\"Accueil\",\"item\":\"https:\/\/asso.graie.org\/portail\/\"},{\"@type\":\"ListItem\",\"position\":2,\"name\":\"Recherche\",\"item\":\"https:\/\/asso.graie.org\/portail\/recherche\/\"},{\"@type\":\"ListItem\",\"position\":3,\"name\":\"Rh\u00f4nEco\"}]},{\"@type\":\"WebSite\",\"@id\":\"https:\/\/asso.graie.org\/portail\/#website\",\"url\":\"https:\/\/asso.graie.org\/portail\/\",\"name\":\"Graie\",\"description\":\"P\u00f4le Eau et Territoires\",\"publisher\":{\"@id\":\"https:\/\/asso.graie.org\/portail\/#organization\"},\"potentialAction\":[{\"@type\":\"SearchAction\",\"target\":{\"@type\":\"EntryPoint\",\"urlTemplate\":\"https:\/\/asso.graie.org\/portail\/?s={search_term_string}\"},\"query-input\":\"required name=search_term_string\"}],\"inLanguage\":\"fr-FR\"},{\"@type\":\"Organization\",\"@id\":\"https:\/\/asso.graie.org\/portail\/#organization\",\"name\":\"Le Graie\",\"url\":\"https:\/\/asso.graie.org\/portail\/\",\"logo\":{\"@type\":\"ImageObject\",\"inLanguage\":\"fr-FR\",\"@id\":\"https:\/\/asso.graie.org\/portail\/#\/schema\/logo\/image\/\",\"url\":\"https:\/\/asso.graie.org\/portail\/wp-content\/uploads\/2021\/12\/Logotype-Graie.png\",\"contentUrl\":\"https:\/\/asso.graie.org\/portail\/wp-content\/uploads\/2021\/12\/Logotype-Graie.png\",\"width\":1890,\"height\":1181,\"caption\":\"Le Graie\"},\"image\":{\"@id\":\"https:\/\/asso.graie.org\/portail\/#\/schema\/logo\/image\/\"},\"sameAs\":[\"https:\/\/fr.linkedin.com\/company\/graie?trk=top_nav_home\",\"https:\/\/www.youtube.com\/channel\/UCZQk0Tt7upYwERYNdDIZqLQ\",\"https:\/\/twitter.com\/asso_graie\"]}]}<\/script>\n<!-- \/ Yoast SEO plugin. -->","yoast_head_json":{"title":"Rh\u00f4nEco | Programme de recherche | Graie","description":"Rh\u00f4nEco est un programme scientifique qui accompagne depuis la fin des ann\u00e9es 1990 la restauration hydraulique et \u00e9cologique engag\u00e9e sur le Rh\u00f4ne.","robots":{"index":"index","follow":"follow","max-snippet":"max-snippet:-1","max-image-preview":"max-image-preview:large","max-video-preview":"max-video-preview:-1"},"canonical":"https:\/\/asso.graie.org\/portail\/recherche\/rhoneco\/","og_locale":"fr_FR","og_type":"article","og_title":"Rh\u00f4nEco | Programme de recherche | Graie","og_description":"Rh\u00f4nEco est un programme scientifique qui accompagne depuis la fin des ann\u00e9es 1990 la restauration hydraulique et \u00e9cologique engag\u00e9e sur le Rh\u00f4ne.","og_url":"https:\/\/asso.graie.org\/portail\/recherche\/rhoneco\/","og_site_name":"Graie","article_modified_time":"2023-09-26T13:19:28+00:00","og_image":[{"url":"https:\/\/asso.graie.org\/portail\/wp-content\/uploads\/2022\/12\/RhonEco_logo_01_Couleurs-1-300x300.png"}],"twitter_card":"summary_large_image","twitter_site":"@asso_graie","twitter_misc":{"Dur\u00e9e de lecture estim\u00e9e":"3 minutes"},"schema":{"@context":"https:\/\/schema.org","@graph":[{"@type":"WebPage","@id":"https:\/\/asso.graie.org\/portail\/recherche\/rhoneco\/","url":"https:\/\/asso.graie.org\/portail\/recherche\/rhoneco\/","name":"Rh\u00f4nEco | Programme de recherche | Graie","isPartOf":{"@id":"https:\/\/asso.graie.org\/portail\/#website"},"datePublished":"2022-12-06T16:02:58+00:00","dateModified":"2023-09-26T13:19:28+00:00","description":"Rh\u00f4nEco est un programme scientifique qui accompagne depuis la fin des ann\u00e9es 1990 la restauration hydraulique et \u00e9cologique engag\u00e9e sur le Rh\u00f4ne.","breadcrumb":{"@id":"https:\/\/asso.graie.org\/portail\/recherche\/rhoneco\/#breadcrumb"},"inLanguage":"fr-FR","potentialAction":[{"@type":"ReadAction","target":["https:\/\/asso.graie.org\/portail\/recherche\/rhoneco\/"]}]},{"@type":"BreadcrumbList","@id":"https:\/\/asso.graie.org\/portail\/recherche\/rhoneco\/#breadcrumb","itemListElement":[{"@type":"ListItem","position":1,"name":"Accueil","item":"https:\/\/asso.graie.org\/portail\/"},{"@type":"ListItem","position":2,"name":"Recherche","item":"https:\/\/asso.graie.org\/portail\/recherche\/"},{"@type":"ListItem","position":3,"name":"Rh\u00f4nEco"}]},{"@type":"WebSite","@id":"https:\/\/asso.graie.org\/portail\/#website","url":"https:\/\/asso.graie.org\/portail\/","name":"Graie","description":"P\u00f4le Eau et Territoires","publisher":{"@id":"https:\/\/asso.graie.org\/portail\/#organization"},"potentialAction":[{"@type":"SearchAction","target":{"@type":"EntryPoint","urlTemplate":"https:\/\/asso.graie.org\/portail\/?s={search_term_string}"},"query-input":"required name=search_term_string"}],"inLanguage":"fr-FR"},{"@type":"Organization","@id":"https:\/\/asso.graie.org\/portail\/#organization","name":"Le Graie","url":"https:\/\/asso.graie.org\/portail\/","logo":{"@type":"ImageObject","inLanguage":"fr-FR","@id":"https:\/\/asso.graie.org\/portail\/#\/schema\/logo\/image\/","url":"https:\/\/asso.graie.org\/portail\/wp-content\/uploads\/2021\/12\/Logotype-Graie.png","contentUrl":"https:\/\/asso.graie.org\/portail\/wp-content\/uploads\/2021\/12\/Logotype-Graie.png","width":1890,"height":1181,"caption":"Le Graie"},"image":{"@id":"https:\/\/asso.graie.org\/portail\/#\/schema\/logo\/image\/"},"sameAs":["https:\/\/fr.linkedin.com\/company\/graie?trk=top_nav_home","https:\/\/www.youtube.com\/channel\/UCZQk0Tt7upYwERYNdDIZqLQ","https:\/\/twitter.com\/asso_graie"]}]}},"_links":{"self":[{"href":"https:\/\/asso.graie.org\/portail\/wp-json\/wp\/v2\/pages\/22250"}],"collection":[{"href":"https:\/\/asso.graie.org\/portail\/wp-json\/wp\/v2\/pages"}],"about":[{"href":"https:\/\/asso.graie.org\/portail\/wp-json\/wp\/v2\/types\/page"}],"author":[{"embeddable":true,"href":"https:\/\/asso.graie.org\/portail\/wp-json\/wp\/v2\/users\/16"}],"replies":[{"embeddable":true,"href":"https:\/\/asso.graie.org\/portail\/wp-json\/wp\/v2\/comments?post=22250"}],"version-history":[{"count":19,"href":"https:\/\/asso.graie.org\/portail\/wp-json\/wp\/v2\/pages\/22250\/revisions"}],"predecessor-version":[{"id":24320,"href":"https:\/\/asso.graie.org\/portail\/wp-json\/wp\/v2\/pages\/22250\/revisions\/24320"}],"up":[{"embeddable":true,"href":"https:\/\/asso.graie.org\/portail\/wp-json\/wp\/v2\/pages\/1098"}],"wp:attachment":[{"href":"https:\/\/asso.graie.org\/portail\/wp-json\/wp\/v2\/media?parent=22250"}],"curies":[{"name":"wp","href":"https:\/\/api.w.org\/{rel}","templated":true}]}}