{"id":23608,"date":"2023-07-18T16:12:35","date_gmt":"2023-07-18T14:12:35","guid":{"rendered":"https:\/\/asso.graie.org\/portail\/?page_id=23608"},"modified":"2024-01-16T16:35:13","modified_gmt":"2024-01-16T15:35:13","slug":"interreg-nwe-resiriver","status":"publish","type":"page","link":"https:\/\/asso.graie.org\/portail\/interreg-nwe-resiriver\/","title":{"rendered":"Projet Interreg Nord-Ouest de l&rsquo;Europe : ResiRiver"},"content":{"rendered":"\n<div class=\"wp-block-columns is-layout-flex wp-container-3 wp-block-columns-is-layout-flex\">\n<div class=\"wp-block-column is-layout-flow wp-block-column-is-layout-flow\">\n<figure class=\"wp-block-image size-large\"><img decoding=\"async\" loading=\"lazy\" width=\"1024\" height=\"388\" src=\"https:\/\/asso.graie.org\/portail\/wp-content\/uploads\/2023\/07\/Logo-for-project_ResiRiver-1024x388.jpg\" alt=\"\" class=\"wp-image-23598\" srcset=\"https:\/\/asso.graie.org\/portail\/wp-content\/uploads\/2023\/07\/Logo-for-project_ResiRiver-1024x388.jpg 1024w, https:\/\/asso.graie.org\/portail\/wp-content\/uploads\/2023\/07\/Logo-for-project_ResiRiver-300x114.jpg 300w, https:\/\/asso.graie.org\/portail\/wp-content\/uploads\/2023\/07\/Logo-for-project_ResiRiver-768x291.jpg 768w, https:\/\/asso.graie.org\/portail\/wp-content\/uploads\/2023\/07\/Logo-for-project_ResiRiver.jpg 1293w\" sizes=\"(max-width: 1024px) 100vw, 1024px\" \/><\/figure>\n<\/div>\n\n\n\n<div class=\"wp-block-column is-layout-flow wp-block-column-is-layout-flow\">\n<figure class=\"wp-block-image size-full is-resized\"><img decoding=\"async\" loading=\"lazy\" width=\"819\" height=\"330\" src=\"https:\/\/asso.graie.org\/portail\/wp-content\/uploads\/2023\/07\/AERMC_RepFR.png\" alt=\"\" class=\"wp-image-23609\" style=\"width:292px;height:116px\" srcset=\"https:\/\/asso.graie.org\/portail\/wp-content\/uploads\/2023\/07\/AERMC_RepFR.png 819w, https:\/\/asso.graie.org\/portail\/wp-content\/uploads\/2023\/07\/AERMC_RepFR-300x121.png 300w, https:\/\/asso.graie.org\/portail\/wp-content\/uploads\/2023\/07\/AERMC_RepFR-768x309.png 768w\" sizes=\"(max-width: 819px) 100vw, 819px\" \/><\/figure>\n<\/div>\n<\/div>\n\n\n\n<div style=\"height:37px\" aria-hidden=\"true\" class=\"wp-block-spacer\"><\/div>\n\n\n\n<figure class=\"wp-block-image size-full is-style-default\"><a href=\"https:\/\/asso.graie.org\/portail\/interreg-nwe-project-resiriver\/\"><img decoding=\"async\" loading=\"lazy\" width=\"40\" height=\"27\" src=\"https:\/\/asso.graie.org\/portail\/wp-content\/uploads\/2017\/11\/drapeau-anglais.jpg\" alt=\"About the GRAIE\" class=\"wp-image-8976\"\/><\/a><\/figure>\n\n\n\n<div style=\"height:37px\" aria-hidden=\"true\" class=\"wp-block-spacer\"><\/div>\n\n\n\n<h2 class=\"wp-block-heading\">ResiRiver &#8211; Cr\u00e9er des syst\u00e8mes fluviaux r\u00e9silients en int\u00e9grant et en valorisant les Solutions fond\u00e9es sur la Nature&nbsp;(2023-2028)<\/h2>\n\n\n\n<div style=\"height:37px\" aria-hidden=\"true\" class=\"wp-block-spacer\"><\/div>\n\n\n\n<p>Le Graie et l\u2019OHM Vall\u00e9e du Rh\u00f4ne participent pour les 5 ann\u00e9es \u00e0 venir au projet Interreg North-West Europe \u00ab\u00a0<strong>ResiRiver &#8211; Cr\u00e9er des syst\u00e8mes fluviaux r\u00e9silients en int\u00e9grant et en valorisant les Solutions fond\u00e9es sur la Nature\u00a0\u00bb<\/strong>(2023-2028).<\/p>\n\n\n\n<div style=\"height:33px\" aria-hidden=\"true\" class=\"wp-block-spacer\"><\/div>\n\n\n\n<p class=\"has-text-color\" style=\"color:#3a2d87\"><strong>Le projet est co-financ\u00e9 par le programme de coop\u00e9ration transfrontalier <\/strong><a href=\"https:\/\/www.nweurope.eu\/\"><strong>Interreg North-West Europe<\/strong><\/a> 2021-2027 pour une dur\u00e9e de 5 ans (mars 2023 &#8211; mars 2028)<strong>.<\/strong> Le Graie est \u00e9galement soutenu par l\u2019Agence de l\u2019Eau RMC.<\/p>\n\n\n\n<div style=\"height:47px\" aria-hidden=\"true\" class=\"wp-block-spacer\"><\/div>\n\n\n\n<h3 class=\"wp-block-heading\"><strong>Une collaboration europ\u00e9enne de 11 partenaires<\/strong><\/h3>\n\n\n\n<p>Le projet coordonn\u00e9 par le Minist\u00e8re de l\u2019infrastructure et de la gestion de l\u2019eau n\u00e9erlandais, Rijkswaterstaat, regroupe 11 partenaires de 5 pays europ\u00e9ens : la Ville de Dordrecht (NL), le CPIE Vall\u00e9es de l\u2019Authie et de la Canche (FR), le Federal Waterways and Shipping administration (DE), l\u2019Universit\u00e9 de Li\u00e8ge (B), Voies Navigables de France (FR), le Syndicat Mixte pour le SAGE de la LYS &#8211; SYMSAGEL (FR), le Local Authority Waters Programme (Tipperary County Council) &#8211; LAWPRO (IE), le Dundalk Institute of Technology (IE), le Graie (FR), l\u2019University of Applied Sciences &#8211; HAN (NL).<\/p>\n\n\n\n<div style=\"height:50px\" aria-hidden=\"true\" class=\"wp-block-spacer\"><\/div>\n\n\n\n<h3 class=\"wp-block-heading\"><strong>Un projet pour le d\u00e9veloppement des solutions fond\u00e9es sur la nature (SfN)<\/strong><\/h3>\n\n\n\n<p>ResiRiver a pour objectif de mener \u00e0 la g\u00e9n\u00e9ralisation et \u00e0 l\u2019accroissement du recours des solutions fond\u00e9es sur la nature en milieu fluvial afin d\u2019en renforcer la capacit\u00e9 d\u2019adaptation et de r\u00e9silience face au changement climatique.<\/p>\n\n\n\n<div style=\"height:33px\" aria-hidden=\"true\" class=\"wp-block-spacer\"><\/div>\n\n\n\n<p>Celles-ci contribuent \u00e0 l\u2019ambition europ\u00e9enne de cr\u00e9er une \u00c9conomie Bleue et de g\u00e9n\u00e9rer une r\u00e9sistance climatique tout en contribuant au bien-\u00eatre humain et \u00e0 la biodiversit\u00e9. N\u00e9anmoins, le constat en Europe du Nord-Ouest est que la mise en place g\u00e9n\u00e9ralis\u00e9e et l\u2019application \u00e0 grand \u00e9chelle des SfN dans les syst\u00e8mes fluviaux ne fait pas encore partie des pratiques. Les d\u00e9cideurs n\u2019ont pas toujours conscience de ces solutions comme une option viable. Le soutien ext\u00e9rieur (parties prenantes) est parfois insuffisant quand les organismes porteurs de projet souhaitent mettre en place ce type de solution.<\/p>\n\n\n\n<div style=\"height:17px\" aria-hidden=\"true\" class=\"wp-block-spacer\"><\/div>\n\n\n\n<p>Le projet ResiRiver dans son ensemble aborde ces enjeux par&nbsp;:<\/p>\n\n\n\n<ul>\n<li>la construction d\u2019une base solide de solutions qui contribuent \u00e0 leur g\u00e9n\u00e9ralisation en collectant connaissances et exp\u00e9riences de pilotes \u00e0 grande \u00e9chelle de SfN dans les bassins versants du Rhin, la Meuse, la Weser, le Lys, la Dromore et la Wantij et d&rsquo;exp\u00e9riences ant\u00e9rieures sur le Rh\u00f4ne et la Vesdre&nbsp;;<\/li>\n\n\n\n<li>le transfert des connaissances et exp\u00e9riences via des kits de formations sur-mesure et des visites de sites pour les partenaires du projet et les intervenants ext\u00e9rieurs ;<\/li>\n\n\n\n<li>la synth\u00e8se des connaissances et de ces exp\u00e9riences dans des plans d\u2019actions faciles \u00e0 mettre en \u0153uvre, des lignes directives et des strat\u00e9gies.<\/li>\n<\/ul>\n\n\n\n<div style=\"height:50px\" aria-hidden=\"true\" class=\"wp-block-spacer\"><\/div>\n\n\n\n<figure class=\"wp-block-image size-large\"><img decoding=\"async\" loading=\"lazy\" width=\"1024\" height=\"683\" src=\"https:\/\/asso.graie.org\/portail\/wp-content\/uploads\/2023\/07\/Rhone_river_web-1024x683.jpg\" alt=\"\" class=\"wp-image-23619\" srcset=\"https:\/\/asso.graie.org\/portail\/wp-content\/uploads\/2023\/07\/Rhone_river_web-1024x683.jpg 1024w, https:\/\/asso.graie.org\/portail\/wp-content\/uploads\/2023\/07\/Rhone_river_web-300x200.jpg 300w, https:\/\/asso.graie.org\/portail\/wp-content\/uploads\/2023\/07\/Rhone_river_web-768x512.jpg 768w, https:\/\/asso.graie.org\/portail\/wp-content\/uploads\/2023\/07\/Rhone_river_web.jpg 1500w\" sizes=\"(max-width: 1024px) 100vw, 1024px\" \/><\/figure>\n\n\n\n<div style=\"height:50px\" aria-hidden=\"true\" class=\"wp-block-spacer\"><\/div>\n\n\n\n<h3 class=\"wp-block-heading\"><strong>Le r\u00f4le du Graie et de l\u2019OHM Vall\u00e9e du Rh\u00f4ne<\/strong><\/h3>\n\n\n\n<p>Le Graie, en partenariat avec des \u00e9quipes de recherche de l\u2019OHM Vall\u00e9e du Rh\u00f4ne participe \u00e0 l\u2019atteinte de ces objectifs en apportant au collectif europ\u00e9en l\u2019exp\u00e9rience acquise sur le fleuve Rh\u00f4ne.<\/p>\n\n\n\n<div style=\"height:23px\" aria-hidden=\"true\" class=\"wp-block-spacer\"><\/div>\n\n\n\n<p>En effet, depuis les ann\u00e9es 2000, un ambitieux programme de restauration met en \u0153uvre des SfN afin de restaurer des processus hydrologiques, morphologiques et \u00e9cologiques plus naturels et ainsi d&rsquo;am\u00e9liorer l&rsquo;adaptabilit\u00e9 du fleuve face aux changements environnementaux. Ces SfN participent d&rsquo;un d\u00e9veloppement durable du territoire rhodanien (Plan Rh\u00f4ne). Le programme de restauration a ainsi permis la r\u00e9habilitation de plus de 40 l\u00f4nes et l&rsquo;augmentation des d\u00e9bits r\u00e9serv\u00e9s dans 7 tron\u00e7ons court-circuit\u00e9s du Rh\u00f4ne (~110km \/ 520 km). Actuellement des actions de recharge s\u00e9dimentaire, de d\u00e9mant\u00e8lement des am\u00e9nagements Girardon (casiers, \u00e9pis, &#8230;) ou de recul de digues sont en cours.<\/p>\n\n\n\n<div style=\"height:30px\" aria-hidden=\"true\" class=\"wp-block-spacer\"><\/div>\n\n\n\n<p>Ces actions de restauration \u00e9cologique sont de plus en plus nombreuses sur le fleuve et de plus en plus ambitieuses en termes d&rsquo;objectifs et d&#8217;emprise territoriale. Elles impliquent de fait un \u00e9largissement du p\u00e9rim\u00e8tre des acteurs concern\u00e9s (\u00e9lus, riverains, usagers, associations, industriels) et un d\u00e9veloppement des m\u00e9thodes de mobilisation et d&rsquo;organisation collective. Les exp\u00e9riences des porteurs de projets de restauration sur le Rh\u00f4ne (e.g. CNR, SHR, SMIRIL, CEN 38, SYMADREM, SYMALIM) en la mati\u00e8re sont riches et diversifi\u00e9es (e.g. communication, consultation, co-construction\u2026). Elles constituent un capital de connaissances et de savoir-faire encore peu mutualis\u00e9 et valoris\u00e9, que ce soit \u00e0 \u00e9chelle r\u00e9gionale, nationale et europ\u00e9enne. Il y a un enjeu \u00e0 partager et \u00e0 faire fructifier ces comp\u00e9tences afin d&rsquo;appuyer et de d\u00e9velopper le recours aux SfN.<\/p>\n\n\n\n<div style=\"height:35px\" aria-hidden=\"true\" class=\"wp-block-spacer\"><\/div>\n\n\n\n<figure class=\"wp-block-image size-large\"><img decoding=\"async\" loading=\"lazy\" width=\"1024\" height=\"683\" src=\"https:\/\/asso.graie.org\/portail\/wp-content\/uploads\/2023\/07\/Stakeholders_rhone_web-1024x683.jpg\" alt=\"\" class=\"wp-image-23620\" srcset=\"https:\/\/asso.graie.org\/portail\/wp-content\/uploads\/2023\/07\/Stakeholders_rhone_web-1024x683.jpg 1024w, https:\/\/asso.graie.org\/portail\/wp-content\/uploads\/2023\/07\/Stakeholders_rhone_web-300x200.jpg 300w, https:\/\/asso.graie.org\/portail\/wp-content\/uploads\/2023\/07\/Stakeholders_rhone_web-768x512.jpg 768w, https:\/\/asso.graie.org\/portail\/wp-content\/uploads\/2023\/07\/Stakeholders_rhone_web.jpg 1500w\" sizes=\"(max-width: 1024px) 100vw, 1024px\" \/><\/figure>\n\n\n\n<div style=\"height:35px\" aria-hidden=\"true\" class=\"wp-block-spacer\"><\/div>\n\n\n\n<p>Afin de r\u00e9pondre \u00e0 cet enjeu le Graie et l\u2019OHM Vall\u00e9e du Rh\u00f4ne, en lien avec l\u2019ensemble des acteurs du fleuve, s\u2019est fix\u00e9 trois axes de travail dans le cadre du projet ResiRiver&nbsp;:<\/p>\n\n\n\n<div style=\"height:33px\" aria-hidden=\"true\" class=\"wp-block-spacer\"><\/div>\n\n\n\n<p><strong>Axe 1. Formaliser, capitaliser et valoriser les exp\u00e9riences en mati\u00e8re de mobilisation des acteurs autour des actions de restauration d\u00e9velopp\u00e9es sur le Rh\u00f4ne depuis plus de 20 ans&nbsp;:<\/strong><\/p>\n\n\n\n<p>L\u2019objectif est de recenser et d\u2019analyser les d\u00e9marches de mobilisation des acteurs dans des projets de restauration d\u00e9j\u00e0 conduits sur le Rh\u00f4ne&nbsp;; de suivre plusieurs d\u00e9marches de mobilisation des acteurs dans le cadre de projets de restauration en cours&nbsp;; de comparer les d\u00e9marches sur le Rh\u00f4ne avec celles conduites dans le cadre d&rsquo;autres projets de restauration de grands fleuves europ\u00e9ens.<\/p>\n\n\n\n<div style=\"height:29px\" aria-hidden=\"true\" class=\"wp-block-spacer\"><\/div>\n\n\n\n<p><strong>Axe 2. Constituer un r\u00e9seau scientifique et technique capable d&rsquo;analyser collectivement ces exp\u00e9riences et de renforcer ses comp\u00e9tences pour mobiliser les acteurs des territoires rhodaniens autour des projets de restauration&nbsp;:<\/strong>&nbsp; une s\u00e9quence de 5 ateliers impliquant les acteurs du fleuve sera organis\u00e9e \u00e0 l&rsquo;\u00e9chelle du Rh\u00f4ne.<\/p>\n\n\n\n<div style=\"height:47px\" aria-hidden=\"true\" class=\"wp-block-spacer\"><\/div>\n\n\n\n<p><strong>Axe 3. Formuler des recommandations r\u00e9gionales, nationales et europ\u00e9ennes et am\u00e9liorer les bonnes pratiques en mati\u00e8re de mobilisation des acteurs pour la mise en \u0153uvre des SfN et de la restauration des grandes rivi\u00e8res.<\/strong> L\u2019objectif est d&rsquo;abord de recenser les documents scientifiques et techniques consacr\u00e9s \u00e0 la mobilisation des acteurs pour la restauration \u00e9cologique des cours d&rsquo;eau et d&rsquo;identifier les recommandations et les bonnes pratiques existantes en la mati\u00e8re. Sur la base de cette revue, et fort des r\u00e9sultats des ateliers de l&rsquo;Axe 2, il s&rsquo;agira ensuite de proposer des compl\u00e9ments ou des am\u00e9liorations aux pratiques de mobilisation des acteurs notamment aux porteurs de projets de restauration et de SfN \u00e0 l&rsquo;\u00e9chelle locale et nationale (organismes publics, organismes publics de r\u00e9glementation, bureaux d&rsquo;\u00e9tude priv\u00e9s). Des recommandations seront \u00e9galement destin\u00e9es aux acteurs politiques.<\/p>\n\n\n\n<div style=\"height:52px\" aria-hidden=\"true\" class=\"wp-block-spacer\"><\/div>\n\n\n\n<p><strong>Renseignements suppl\u00e9mentaires<\/strong><\/p>\n\n\n\n<div style=\"height:19px\" aria-hidden=\"true\" class=\"wp-block-spacer\"><\/div>\n\n\n\n<div class=\"wp-block-buttons is-layout-flex wp-block-buttons-is-layout-flex\">\n<div class=\"wp-block-button\"><a class=\"wp-block-button__link has-white-color has-vivid-cyan-blue-background-color has-text-color has-background wp-element-button\" href=\"https:\/\/resiriver.nweurope.eu\/\"><strong>Site du projet<\/strong><\/a><\/div>\n<\/div>\n","protected":false},"excerpt":{"rendered":"<p>ResiRiver &#8211; Cr\u00e9er des syst\u00e8mes fluviaux r\u00e9silients en int\u00e9grant et en valorisant les Solutions fond\u00e9es sur la Nature&nbsp;(2023-2028) Le Graie et l\u2019OHM Vall\u00e9e du Rh\u00f4ne participent pour les 5 ann\u00e9es \u00e0 venir au projet Interreg North-West Europe \u00ab\u00a0ResiRiver &#8211; Cr\u00e9er &hellip;<\/p>\n","protected":false},"author":3,"featured_media":0,"parent":0,"menu_order":0,"comment_status":"closed","ping_status":"closed","template":"","meta":{"_mi_skip_tracking":false,"footnotes":""},"acf":[],"yoast_head":"<!-- This site is optimized with the Yoast SEO plugin v19.13 - https:\/\/yoast.com\/wordpress\/plugins\/seo\/ -->\n<title>Projet Europ\u00e9en ResiRiver | Graie<\/title>\n<meta name=\"description\" content=\"Le Graie et l\u2019OHM Vall\u00e9e du Rh\u00f4ne participent au projet Interreg North-West Europe \u00ab ResiRiver - Creating Resilient River Systems by Mainstreaming and Upscalling Nature Based Solutions (2023-2028).\" \/>\n<meta name=\"robots\" content=\"index, follow, max-snippet:-1, max-image-preview:large, max-video-preview:-1\" \/>\n<link rel=\"canonical\" href=\"https:\/\/asso.graie.org\/portail\/interreg-nwe-resiriver\/\" \/>\n<meta property=\"og:locale\" content=\"fr_FR\" \/>\n<meta property=\"og:type\" content=\"article\" \/>\n<meta property=\"og:title\" content=\"Projet Europ\u00e9en ResiRiver | Graie\" \/>\n<meta property=\"og:description\" content=\"Le Graie et l\u2019OHM Vall\u00e9e du Rh\u00f4ne participent au projet Interreg North-West Europe \u00ab ResiRiver - Creating Resilient River Systems by Mainstreaming and Upscalling Nature Based Solutions (2023-2028).\" \/>\n<meta property=\"og:url\" content=\"https:\/\/asso.graie.org\/portail\/interreg-nwe-resiriver\/\" \/>\n<meta property=\"og:site_name\" content=\"Graie\" \/>\n<meta property=\"article:modified_time\" content=\"2024-01-16T15:35:13+00:00\" \/>\n<meta property=\"og:image\" content=\"https:\/\/asso.graie.org\/portail\/wp-content\/uploads\/2023\/07\/Logo-for-project_ResiRiver-1024x388.jpg\" \/>\n<meta name=\"twitter:card\" content=\"summary_large_image\" \/>\n<meta name=\"twitter:site\" content=\"@asso_graie\" \/>\n<meta name=\"twitter:label1\" content=\"Dur\u00e9e de lecture estim\u00e9e\" \/>\n\t<meta name=\"twitter:data1\" content=\"7 minutes\" \/>\n<script type=\"application\/ld+json\" class=\"yoast-schema-graph\">{\"@context\":\"https:\/\/schema.org\",\"@graph\":[{\"@type\":\"WebPage\",\"@id\":\"https:\/\/asso.graie.org\/portail\/interreg-nwe-resiriver\/\",\"url\":\"https:\/\/asso.graie.org\/portail\/interreg-nwe-resiriver\/\",\"name\":\"Projet Europ\u00e9en ResiRiver | Graie\",\"isPartOf\":{\"@id\":\"https:\/\/asso.graie.org\/portail\/#website\"},\"datePublished\":\"2023-07-18T14:12:35+00:00\",\"dateModified\":\"2024-01-16T15:35:13+00:00\",\"description\":\"Le Graie et l\u2019OHM Vall\u00e9e du Rh\u00f4ne participent au projet Interreg North-West Europe \u00ab ResiRiver - Creating Resilient River Systems by Mainstreaming and Upscalling Nature Based Solutions (2023-2028).\",\"breadcrumb\":{\"@id\":\"https:\/\/asso.graie.org\/portail\/interreg-nwe-resiriver\/#breadcrumb\"},\"inLanguage\":\"fr-FR\",\"potentialAction\":[{\"@type\":\"ReadAction\",\"target\":[\"https:\/\/asso.graie.org\/portail\/interreg-nwe-resiriver\/\"]}]},{\"@type\":\"BreadcrumbList\",\"@id\":\"https:\/\/asso.graie.org\/portail\/interreg-nwe-resiriver\/#breadcrumb\",\"itemListElement\":[{\"@type\":\"ListItem\",\"position\":1,\"name\":\"Accueil\",\"item\":\"https:\/\/asso.graie.org\/portail\/\"},{\"@type\":\"ListItem\",\"position\":2,\"name\":\"Projet Interreg Nord-Ouest de l&rsquo;Europe : ResiRiver\"}]},{\"@type\":\"WebSite\",\"@id\":\"https:\/\/asso.graie.org\/portail\/#website\",\"url\":\"https:\/\/asso.graie.org\/portail\/\",\"name\":\"Graie\",\"description\":\"P\u00f4le Eau et Territoires\",\"publisher\":{\"@id\":\"https:\/\/asso.graie.org\/portail\/#organization\"},\"potentialAction\":[{\"@type\":\"SearchAction\",\"target\":{\"@type\":\"EntryPoint\",\"urlTemplate\":\"https:\/\/asso.graie.org\/portail\/?s={search_term_string}\"},\"query-input\":\"required name=search_term_string\"}],\"inLanguage\":\"fr-FR\"},{\"@type\":\"Organization\",\"@id\":\"https:\/\/asso.graie.org\/portail\/#organization\",\"name\":\"Le Graie\",\"url\":\"https:\/\/asso.graie.org\/portail\/\",\"logo\":{\"@type\":\"ImageObject\",\"inLanguage\":\"fr-FR\",\"@id\":\"https:\/\/asso.graie.org\/portail\/#\/schema\/logo\/image\/\",\"url\":\"https:\/\/asso.graie.org\/portail\/wp-content\/uploads\/2021\/12\/Logotype-Graie.png\",\"contentUrl\":\"https:\/\/asso.graie.org\/portail\/wp-content\/uploads\/2021\/12\/Logotype-Graie.png\",\"width\":1890,\"height\":1181,\"caption\":\"Le Graie\"},\"image\":{\"@id\":\"https:\/\/asso.graie.org\/portail\/#\/schema\/logo\/image\/\"},\"sameAs\":[\"https:\/\/fr.linkedin.com\/company\/graie?trk=top_nav_home\",\"https:\/\/www.youtube.com\/channel\/UCZQk0Tt7upYwERYNdDIZqLQ\",\"https:\/\/twitter.com\/asso_graie\"]}]}<\/script>\n<!-- \/ Yoast SEO plugin. -->","yoast_head_json":{"title":"Projet Europ\u00e9en ResiRiver | Graie","description":"Le Graie et l\u2019OHM Vall\u00e9e du Rh\u00f4ne participent au projet Interreg North-West Europe \u00ab ResiRiver - Creating Resilient River Systems by Mainstreaming and Upscalling Nature Based Solutions (2023-2028).","robots":{"index":"index","follow":"follow","max-snippet":"max-snippet:-1","max-image-preview":"max-image-preview:large","max-video-preview":"max-video-preview:-1"},"canonical":"https:\/\/asso.graie.org\/portail\/interreg-nwe-resiriver\/","og_locale":"fr_FR","og_type":"article","og_title":"Projet Europ\u00e9en ResiRiver | Graie","og_description":"Le Graie et l\u2019OHM Vall\u00e9e du Rh\u00f4ne participent au projet Interreg North-West Europe \u00ab ResiRiver - Creating Resilient River Systems by Mainstreaming and Upscalling Nature Based Solutions (2023-2028).","og_url":"https:\/\/asso.graie.org\/portail\/interreg-nwe-resiriver\/","og_site_name":"Graie","article_modified_time":"2024-01-16T15:35:13+00:00","og_image":[{"url":"https:\/\/asso.graie.org\/portail\/wp-content\/uploads\/2023\/07\/Logo-for-project_ResiRiver-1024x388.jpg"}],"twitter_card":"summary_large_image","twitter_site":"@asso_graie","twitter_misc":{"Dur\u00e9e de lecture estim\u00e9e":"7 minutes"},"schema":{"@context":"https:\/\/schema.org","@graph":[{"@type":"WebPage","@id":"https:\/\/asso.graie.org\/portail\/interreg-nwe-resiriver\/","url":"https:\/\/asso.graie.org\/portail\/interreg-nwe-resiriver\/","name":"Projet Europ\u00e9en ResiRiver | Graie","isPartOf":{"@id":"https:\/\/asso.graie.org\/portail\/#website"},"datePublished":"2023-07-18T14:12:35+00:00","dateModified":"2024-01-16T15:35:13+00:00","description":"Le Graie et l\u2019OHM Vall\u00e9e du Rh\u00f4ne participent au projet Interreg North-West Europe \u00ab ResiRiver - Creating Resilient River Systems by Mainstreaming and Upscalling Nature Based Solutions (2023-2028).","breadcrumb":{"@id":"https:\/\/asso.graie.org\/portail\/interreg-nwe-resiriver\/#breadcrumb"},"inLanguage":"fr-FR","potentialAction":[{"@type":"ReadAction","target":["https:\/\/asso.graie.org\/portail\/interreg-nwe-resiriver\/"]}]},{"@type":"BreadcrumbList","@id":"https:\/\/asso.graie.org\/portail\/interreg-nwe-resiriver\/#breadcrumb","itemListElement":[{"@type":"ListItem","position":1,"name":"Accueil","item":"https:\/\/asso.graie.org\/portail\/"},{"@type":"ListItem","position":2,"name":"Projet Interreg Nord-Ouest de l&rsquo;Europe : ResiRiver"}]},{"@type":"WebSite","@id":"https:\/\/asso.graie.org\/portail\/#website","url":"https:\/\/asso.graie.org\/portail\/","name":"Graie","description":"P\u00f4le Eau et Territoires","publisher":{"@id":"https:\/\/asso.graie.org\/portail\/#organization"},"potentialAction":[{"@type":"SearchAction","target":{"@type":"EntryPoint","urlTemplate":"https:\/\/asso.graie.org\/portail\/?s={search_term_string}"},"query-input":"required name=search_term_string"}],"inLanguage":"fr-FR"},{"@type":"Organization","@id":"https:\/\/asso.graie.org\/portail\/#organization","name":"Le Graie","url":"https:\/\/asso.graie.org\/portail\/","logo":{"@type":"ImageObject","inLanguage":"fr-FR","@id":"https:\/\/asso.graie.org\/portail\/#\/schema\/logo\/image\/","url":"https:\/\/asso.graie.org\/portail\/wp-content\/uploads\/2021\/12\/Logotype-Graie.png","contentUrl":"https:\/\/asso.graie.org\/portail\/wp-content\/uploads\/2021\/12\/Logotype-Graie.png","width":1890,"height":1181,"caption":"Le Graie"},"image":{"@id":"https:\/\/asso.graie.org\/portail\/#\/schema\/logo\/image\/"},"sameAs":["https:\/\/fr.linkedin.com\/company\/graie?trk=top_nav_home","https:\/\/www.youtube.com\/channel\/UCZQk0Tt7upYwERYNdDIZqLQ","https:\/\/twitter.com\/asso_graie"]}]}},"_links":{"self":[{"href":"https:\/\/asso.graie.org\/portail\/wp-json\/wp\/v2\/pages\/23608"}],"collection":[{"href":"https:\/\/asso.graie.org\/portail\/wp-json\/wp\/v2\/pages"}],"about":[{"href":"https:\/\/asso.graie.org\/portail\/wp-json\/wp\/v2\/types\/page"}],"author":[{"embeddable":true,"href":"https:\/\/asso.graie.org\/portail\/wp-json\/wp\/v2\/users\/3"}],"replies":[{"embeddable":true,"href":"https:\/\/asso.graie.org\/portail\/wp-json\/wp\/v2\/comments?post=23608"}],"version-history":[{"count":32,"href":"https:\/\/asso.graie.org\/portail\/wp-json\/wp\/v2\/pages\/23608\/revisions"}],"predecessor-version":[{"id":25150,"href":"https:\/\/asso.graie.org\/portail\/wp-json\/wp\/v2\/pages\/23608\/revisions\/25150"}],"wp:attachment":[{"href":"https:\/\/asso.graie.org\/portail\/wp-json\/wp\/v2\/media?parent=23608"}],"curies":[{"name":"wp","href":"https:\/\/api.w.org\/{rel}","templated":true}]}}