{"id":24141,"date":"2023-09-19T13:57:56","date_gmt":"2023-09-19T11:57:56","guid":{"rendered":"https:\/\/asso.graie.org\/portail\/?page_id=24141"},"modified":"2024-01-16T16:34:13","modified_gmt":"2024-01-16T15:34:13","slug":"interreg-nwe-project-resiriver","status":"publish","type":"page","link":"https:\/\/asso.graie.org\/portail\/interreg-nwe-project-resiriver\/","title":{"rendered":"Interreg North-West Europe Project: ResiRiver"},"content":{"rendered":"\n<div class=\"wp-block-columns is-layout-flex wp-container-3 wp-block-columns-is-layout-flex\">\n<div class=\"wp-block-column is-layout-flow wp-block-column-is-layout-flow\">\n<figure class=\"wp-block-image size-large\"><img decoding=\"async\" loading=\"lazy\" width=\"1024\" height=\"388\" src=\"https:\/\/asso.graie.org\/portail\/wp-content\/uploads\/2023\/07\/Logo-for-project_ResiRiver-1024x388.jpg\" alt=\"\" class=\"wp-image-23598\" srcset=\"https:\/\/asso.graie.org\/portail\/wp-content\/uploads\/2023\/07\/Logo-for-project_ResiRiver-1024x388.jpg 1024w, https:\/\/asso.graie.org\/portail\/wp-content\/uploads\/2023\/07\/Logo-for-project_ResiRiver-300x114.jpg 300w, https:\/\/asso.graie.org\/portail\/wp-content\/uploads\/2023\/07\/Logo-for-project_ResiRiver-768x291.jpg 768w, https:\/\/asso.graie.org\/portail\/wp-content\/uploads\/2023\/07\/Logo-for-project_ResiRiver.jpg 1293w\" sizes=\"(max-width: 1024px) 100vw, 1024px\" \/><\/figure>\n<\/div>\n\n\n\n<div class=\"wp-block-column is-layout-flow wp-block-column-is-layout-flow\">\n<figure class=\"wp-block-image size-full is-resized\"><img decoding=\"async\" loading=\"lazy\" width=\"819\" height=\"330\" src=\"https:\/\/asso.graie.org\/portail\/wp-content\/uploads\/2023\/07\/AERMC_RepFR.png\" alt=\"\" class=\"wp-image-23609\" style=\"width:292px;height:116px\" srcset=\"https:\/\/asso.graie.org\/portail\/wp-content\/uploads\/2023\/07\/AERMC_RepFR.png 819w, https:\/\/asso.graie.org\/portail\/wp-content\/uploads\/2023\/07\/AERMC_RepFR-300x121.png 300w, https:\/\/asso.graie.org\/portail\/wp-content\/uploads\/2023\/07\/AERMC_RepFR-768x309.png 768w\" sizes=\"(max-width: 819px) 100vw, 819px\" \/><\/figure>\n<\/div>\n<\/div>\n\n\n\n<div style=\"height:41px\" aria-hidden=\"true\" class=\"wp-block-spacer\"><\/div>\n\n\n\n<figure class=\"wp-block-image size-full is-style-default\"><a href=\"https:\/\/asso.graie.org\/portail\/interreg-nwe-resiriver\/\"><img decoding=\"async\" loading=\"lazy\" width=\"40\" height=\"27\" src=\"https:\/\/asso.graie.org\/portail\/wp-content\/uploads\/2017\/11\/drapeau-francais.jpg\" alt=\"Drapeau FR\" class=\"wp-image-8982\"\/><\/a><\/figure>\n\n\n\n<div style=\"height:41px\" aria-hidden=\"true\" class=\"wp-block-spacer\"><\/div>\n\n\n\n<h2 class=\"wp-block-heading\">ResiRiver &#8211; Creating Resilient River Systems by Mainstreaming and Upscalling Nature Based Solutions&nbsp;(2023-2028)<\/h2>\n\n\n\n<div style=\"height:37px\" aria-hidden=\"true\" class=\"wp-block-spacer\"><\/div>\n\n\n\n<p>The Graie and OHM Vall\u00e9e du Rh\u00f4ne are taking part for the next 5 years in the Interreg North-West Europe project \u00ab\u00a0<strong>ResiRiver &#8211; Creating Resilient River Systems by Mainstreaming and Upscalling Nature Based Solutions<\/strong>\u00a0\u00bb (2023-2028).<\/p>\n\n\n\n<p><\/p>\n\n\n\n<div style=\"height:33px\" aria-hidden=\"true\" class=\"wp-block-spacer\"><\/div>\n\n\n\n<p class=\"has-text-color\" style=\"color:#3a2d87\"><strong>The project is co-financed by the Interreg North-West Europe 2021-2027 cross-border cooperation programme<\/strong> for a period of 5 years (March 2023 &#8211; March 2028). Graie is also supported by the RMC Water Agency.<\/p>\n\n\n\n<div style=\"height:47px\" aria-hidden=\"true\" class=\"wp-block-spacer\"><\/div>\n\n\n\n<h3 class=\"wp-block-heading\"><strong>11 European partners<\/strong><\/h3>\n\n\n\n<p>The project, coordinated by the Dutch Ministry of Infrastructure and Water Management, Rijkswaterstaat, involves 11 partners from 5 European countries: the City of Dordrecht (NL), the CPIE Vall\u00e9es de l&rsquo;Authie et de la Canche (FR), the Federal Waterways and Shipping administration (DE), the University of Li\u00e8ge (B), Voies Navigables de France (FR), Syndicat Mixte pour le SAGE de la LYS &#8211; SYMSAGEL (FR), Local Authority Waters Programme (Tipperary County Council) &#8211; LAWPRO (IE), Dundalk Institute of Technology (IE), GRAIE (FR), University of Applied Sciences &#8211; HAN (NL).<\/p>\n\n\n\n<div style=\"height:50px\" aria-hidden=\"true\" class=\"wp-block-spacer\"><\/div>\n\n\n\n<h3 class=\"wp-block-heading\"><strong><strong>A project to develop nature-based solutions (NBS)<\/strong><\/strong><\/h3>\n\n\n\n<p>ResiRiver aims to lead to the widespread and increased use of nature-based solutions in river environments in order to strengthen their capacity to adapt and resilience in the face of climate change.<\/p>\n\n\n\n<div style=\"height:33px\" aria-hidden=\"true\" class=\"wp-block-spacer\"><\/div>\n\n\n\n<p>These solutions contribute to Europe&rsquo;s ambition to create a Blue Economy and generate climate resilience while contributing to human well-being and biodiversity. However, in North-Western Europe, the widespread implementation and large-scale application of NBS in river systems is not yet standard practice. Decision-makers are not always aware of these solutions as a viable option. External support (stakeholders) is sometimes insufficient when the organisations behind projects wish to implement this type of solution.<\/p>\n\n\n\n<div style=\"height:17px\" aria-hidden=\"true\" class=\"wp-block-spacer\"><\/div>\n\n\n\n<p>The ResiRiver project addresses these issues by:<\/p>\n\n\n\n<ul>\n<li>building a solid base of solutions that contribute to their generalisation by collecting knowledge and experience from large-scale NBS pilots in the catchment areas of the Rhine, Meuse, Weser, Lys, Dromore and Wantij rivers and from previous experiments on the Rhone and Vesdre rivers;<\/li>\n<\/ul>\n\n\n\n<ul>\n<li>the transfer of knowledge and experience via tailor-made training kits and site visits for project partners and external contributors;<\/li>\n\n\n\n<li>synthesising knowledge and experience into easy-to-implement action plans, guidelines and strategies.<\/li>\n<\/ul>\n\n\n\n<div style=\"height:50px\" aria-hidden=\"true\" class=\"wp-block-spacer\"><\/div>\n\n\n\n<figure class=\"wp-block-image size-large\"><img decoding=\"async\" loading=\"lazy\" width=\"1024\" height=\"683\" src=\"https:\/\/asso.graie.org\/portail\/wp-content\/uploads\/2023\/07\/Rhone_river_web-1024x683.jpg\" alt=\"\" class=\"wp-image-23619\" srcset=\"https:\/\/asso.graie.org\/portail\/wp-content\/uploads\/2023\/07\/Rhone_river_web-1024x683.jpg 1024w, https:\/\/asso.graie.org\/portail\/wp-content\/uploads\/2023\/07\/Rhone_river_web-300x200.jpg 300w, https:\/\/asso.graie.org\/portail\/wp-content\/uploads\/2023\/07\/Rhone_river_web-768x512.jpg 768w, https:\/\/asso.graie.org\/portail\/wp-content\/uploads\/2023\/07\/Rhone_river_web.jpg 1500w\" sizes=\"(max-width: 1024px) 100vw, 1024px\" \/><\/figure>\n\n\n\n<div style=\"height:50px\" aria-hidden=\"true\" class=\"wp-block-spacer\"><\/div>\n\n\n\n<h3 class=\"wp-block-heading\"><strong><strong>The role of Graie and OHM Vall\u00e9e du Rh\u00f4ne<\/strong><\/strong><\/h3>\n\n\n\n<p>The Graie, in partnership with research teams from the OHM Vall\u00e9e du Rh\u00f4ne, is helping to achieve these objectives by contributing the experience it has acquired on the Rh\u00f4ne to the European collective.<\/p>\n\n\n\n<div style=\"height:23px\" aria-hidden=\"true\" class=\"wp-block-spacer\"><\/div>\n\n\n\n<p>Since 2000, an ambitious restoration programme has been implementing NBS in order to restore more natural hydrological, morphological and ecological processes and thus improve the river&rsquo;s adaptability to environmental change. These NBS contribute to the sustainable development of the Rh\u00f4ne region (Rh\u00f4ne Plan). The restoration programme has resulted in the rehabilitation of more than 40 l\u00f4nes and an increase in reserved flows in 7 short-circuited sections of the Rh\u00f4ne (~110km \/ 520 km). Work is currently underway to recharge sediment, dismantle Girardon installations (reservoirs, groins, etc.) and embankments setback.<\/p>\n\n\n\n<div style=\"height:30px\" aria-hidden=\"true\" class=\"wp-block-spacer\"><\/div>\n\n\n\n<p>The number of ecological restoration projects on the river is increasing, and they are becoming more ambitious in terms of objectives and territorial coverage. As a result, they involve a wider range of stakeholders (elected representatives, local residents, users, associations, industrialists) and the development of methods for mobilising and organising groups. The experience of those involved in restoration projects on the Rh\u00f4ne (e.g. CNR, SHR, SMIRIL, CEN 38, SYMADREM, SYMALIM) is rich and varied (e.g. communication, consultation, co-construction, etc.). They constitute a capital of knowledge and know-how that is still little pooled and developed, whether on a regional, national or European scale. The challenge is to share and build on these skills in order to support and develop the use of NBS.<\/p>\n\n\n\n<div style=\"height:35px\" aria-hidden=\"true\" class=\"wp-block-spacer\"><\/div>\n\n\n\n<figure class=\"wp-block-image size-large\"><img decoding=\"async\" loading=\"lazy\" width=\"1024\" height=\"683\" src=\"https:\/\/asso.graie.org\/portail\/wp-content\/uploads\/2023\/07\/Stakeholders_rhone_web-1024x683.jpg\" alt=\"\" class=\"wp-image-23620\" srcset=\"https:\/\/asso.graie.org\/portail\/wp-content\/uploads\/2023\/07\/Stakeholders_rhone_web-1024x683.jpg 1024w, https:\/\/asso.graie.org\/portail\/wp-content\/uploads\/2023\/07\/Stakeholders_rhone_web-300x200.jpg 300w, https:\/\/asso.graie.org\/portail\/wp-content\/uploads\/2023\/07\/Stakeholders_rhone_web-768x512.jpg 768w, https:\/\/asso.graie.org\/portail\/wp-content\/uploads\/2023\/07\/Stakeholders_rhone_web.jpg 1500w\" sizes=\"(max-width: 1024px) 100vw, 1024px\" \/><\/figure>\n\n\n\n<div style=\"height:35px\" aria-hidden=\"true\" class=\"wp-block-spacer\"><\/div>\n\n\n\n<p>In order to tackle this issue, the Graie and the OHM Vall\u00e9e du Rh\u00f4ne, in conjunction with all those involved in the river, have set themselves three areas of work as part of the ResiRiver project:<\/p>\n\n\n\n<div style=\"height:33px\" aria-hidden=\"true\" class=\"wp-block-spacer\"><\/div>\n\n\n\n<p><strong>Area 1. Formalise, capitalise on and make the most of experience in mobilising stakeholders around restoration actions developed on the Rh\u00f4ne over more than 20 years<\/strong><\/p>\n\n\n\n<p>The aim is to identify and analyse the steps taken to mobilise stakeholders in restoration projects already carried out on the Rh\u00f4ne; to monitor several steps taken to mobilise stakeholders in ongoing restoration projects; to compare the steps taken on the Rh\u00f4ne with those taken in other restoration projects on major European rivers.<\/p>\n\n\n\n<div style=\"height:29px\" aria-hidden=\"true\" class=\"wp-block-spacer\"><\/div>\n\n\n\n<p><strong>Area 2. Set up a scientific and technical network capable of collectively analysing these experiences and strengthening its skills in order to mobilise the players in the Rh\u00f4ne region around restoration projects:<\/strong>&nbsp; a series of 5 workshops involving the river&rsquo;s players will be organised on a Rh\u00f4ne-wide scale.<\/p>\n\n\n\n<div style=\"height:47px\" aria-hidden=\"true\" class=\"wp-block-spacer\"><\/div>\n\n\n\n<p><strong>Area 3. Formulate regional, national and European recommendations and improve best practice in mobilising stakeholders to implement NBS and restore major rivers.<\/strong> The first objective is to make an inventory of the scientific and technical documents devoted to the mobilisation of stakeholders for the ecological restoration of watercourses and to identify the existing recommendations and good practices in this area. On the basis of this review, and drawing on the results of the Axis 2 workshops, the next step will be to propose additions or improvements to stakeholder mobilisation practices, particularly for those responsible for restoration and NBS projects at local and national level (public bodies, public regulatory bodies, private consultancies). Recommendations will also be made to political players.<\/p>\n\n\n\n<div style=\"height:52px\" aria-hidden=\"true\" class=\"wp-block-spacer\"><\/div>\n\n\n\n<p><strong>Further information<\/strong><\/p>\n\n\n\n<div class=\"wp-block-buttons is-layout-flex wp-block-buttons-is-layout-flex\">\n<div class=\"wp-block-button\"><a class=\"wp-block-button__link has-white-color has-vivid-cyan-blue-background-color has-text-color has-background wp-element-button\" href=\"https:\/\/resiriver.nweurope.eu\/\"><strong>Project website<\/strong><\/a><\/div>\n<\/div>\n","protected":false},"excerpt":{"rendered":"<p>ResiRiver &#8211; Creating Resilient River Systems by Mainstreaming and Upscalling Nature Based Solutions&nbsp;(2023-2028) The Graie and OHM Vall\u00e9e du Rh\u00f4ne are taking part for the next 5 years in the Interreg North-West Europe project \u00ab\u00a0ResiRiver &#8211; Creating Resilient River Systems &hellip;<\/p>\n","protected":false},"author":3,"featured_media":0,"parent":0,"menu_order":0,"comment_status":"closed","ping_status":"closed","template":"","meta":{"_mi_skip_tracking":false,"footnotes":""},"acf":[],"yoast_head":"<!-- This site is optimized with the Yoast SEO plugin v19.13 - https:\/\/yoast.com\/wordpress\/plugins\/seo\/ -->\n<title>European Project: ResiRiver | Graie<\/title>\n<meta name=\"description\" content=\"The Graie and OHM Vall\u00e9e du Rh\u00f4ne are taking part for the next 5 years in the Interreg North-West Europe project &quot;ResiRiver - Creating Resilient River Systems by Mainstreaming and Upscalling Nature Based Solutions&quot; (2023-2028).\" \/>\n<meta name=\"robots\" content=\"index, follow, max-snippet:-1, max-image-preview:large, max-video-preview:-1\" \/>\n<link rel=\"canonical\" href=\"https:\/\/asso.graie.org\/portail\/interreg-nwe-project-resiriver\/\" \/>\n<meta property=\"og:locale\" content=\"fr_FR\" \/>\n<meta property=\"og:type\" content=\"article\" \/>\n<meta property=\"og:title\" content=\"European Project: ResiRiver | Graie\" \/>\n<meta property=\"og:description\" content=\"The Graie and OHM Vall\u00e9e du Rh\u00f4ne are taking part for the next 5 years in the Interreg North-West Europe project &quot;ResiRiver - Creating Resilient River Systems by Mainstreaming and Upscalling Nature Based Solutions&quot; (2023-2028).\" \/>\n<meta property=\"og:url\" content=\"https:\/\/asso.graie.org\/portail\/interreg-nwe-project-resiriver\/\" \/>\n<meta property=\"og:site_name\" content=\"Graie\" \/>\n<meta property=\"article:modified_time\" content=\"2024-01-16T15:34:13+00:00\" \/>\n<meta property=\"og:image\" content=\"https:\/\/asso.graie.org\/portail\/wp-content\/uploads\/2023\/07\/Logo-for-project_ResiRiver-1024x388.jpg\" \/>\n<meta name=\"twitter:card\" content=\"summary_large_image\" \/>\n<meta name=\"twitter:site\" content=\"@asso_graie\" \/>\n<meta name=\"twitter:label1\" content=\"Dur\u00e9e de lecture estim\u00e9e\" \/>\n\t<meta name=\"twitter:data1\" content=\"6 minutes\" \/>\n<script type=\"application\/ld+json\" class=\"yoast-schema-graph\">{\"@context\":\"https:\/\/schema.org\",\"@graph\":[{\"@type\":\"WebPage\",\"@id\":\"https:\/\/asso.graie.org\/portail\/interreg-nwe-project-resiriver\/\",\"url\":\"https:\/\/asso.graie.org\/portail\/interreg-nwe-project-resiriver\/\",\"name\":\"European Project: ResiRiver | Graie\",\"isPartOf\":{\"@id\":\"https:\/\/asso.graie.org\/portail\/#website\"},\"datePublished\":\"2023-09-19T11:57:56+00:00\",\"dateModified\":\"2024-01-16T15:34:13+00:00\",\"description\":\"The Graie and OHM Vall\u00e9e du Rh\u00f4ne are taking part for the next 5 years in the Interreg North-West Europe project \\\"ResiRiver - Creating Resilient River Systems by Mainstreaming and Upscalling Nature Based Solutions\\\" (2023-2028).\",\"breadcrumb\":{\"@id\":\"https:\/\/asso.graie.org\/portail\/interreg-nwe-project-resiriver\/#breadcrumb\"},\"inLanguage\":\"fr-FR\",\"potentialAction\":[{\"@type\":\"ReadAction\",\"target\":[\"https:\/\/asso.graie.org\/portail\/interreg-nwe-project-resiriver\/\"]}]},{\"@type\":\"BreadcrumbList\",\"@id\":\"https:\/\/asso.graie.org\/portail\/interreg-nwe-project-resiriver\/#breadcrumb\",\"itemListElement\":[{\"@type\":\"ListItem\",\"position\":1,\"name\":\"Accueil\",\"item\":\"https:\/\/asso.graie.org\/portail\/\"},{\"@type\":\"ListItem\",\"position\":2,\"name\":\"Interreg North-West Europe Project: ResiRiver\"}]},{\"@type\":\"WebSite\",\"@id\":\"https:\/\/asso.graie.org\/portail\/#website\",\"url\":\"https:\/\/asso.graie.org\/portail\/\",\"name\":\"Graie\",\"description\":\"P\u00f4le Eau et Territoires\",\"publisher\":{\"@id\":\"https:\/\/asso.graie.org\/portail\/#organization\"},\"potentialAction\":[{\"@type\":\"SearchAction\",\"target\":{\"@type\":\"EntryPoint\",\"urlTemplate\":\"https:\/\/asso.graie.org\/portail\/?s={search_term_string}\"},\"query-input\":\"required name=search_term_string\"}],\"inLanguage\":\"fr-FR\"},{\"@type\":\"Organization\",\"@id\":\"https:\/\/asso.graie.org\/portail\/#organization\",\"name\":\"Le Graie\",\"url\":\"https:\/\/asso.graie.org\/portail\/\",\"logo\":{\"@type\":\"ImageObject\",\"inLanguage\":\"fr-FR\",\"@id\":\"https:\/\/asso.graie.org\/portail\/#\/schema\/logo\/image\/\",\"url\":\"https:\/\/asso.graie.org\/portail\/wp-content\/uploads\/2021\/12\/Logotype-Graie.png\",\"contentUrl\":\"https:\/\/asso.graie.org\/portail\/wp-content\/uploads\/2021\/12\/Logotype-Graie.png\",\"width\":1890,\"height\":1181,\"caption\":\"Le Graie\"},\"image\":{\"@id\":\"https:\/\/asso.graie.org\/portail\/#\/schema\/logo\/image\/\"},\"sameAs\":[\"https:\/\/fr.linkedin.com\/company\/graie?trk=top_nav_home\",\"https:\/\/www.youtube.com\/channel\/UCZQk0Tt7upYwERYNdDIZqLQ\",\"https:\/\/twitter.com\/asso_graie\"]}]}<\/script>\n<!-- \/ Yoast SEO plugin. -->","yoast_head_json":{"title":"European Project: ResiRiver | Graie","description":"The Graie and OHM Vall\u00e9e du Rh\u00f4ne are taking part for the next 5 years in the Interreg North-West Europe project \"ResiRiver - Creating Resilient River Systems by Mainstreaming and Upscalling Nature Based Solutions\" (2023-2028).","robots":{"index":"index","follow":"follow","max-snippet":"max-snippet:-1","max-image-preview":"max-image-preview:large","max-video-preview":"max-video-preview:-1"},"canonical":"https:\/\/asso.graie.org\/portail\/interreg-nwe-project-resiriver\/","og_locale":"fr_FR","og_type":"article","og_title":"European Project: ResiRiver | Graie","og_description":"The Graie and OHM Vall\u00e9e du Rh\u00f4ne are taking part for the next 5 years in the Interreg North-West Europe project \"ResiRiver - Creating Resilient River Systems by Mainstreaming and Upscalling Nature Based Solutions\" (2023-2028).","og_url":"https:\/\/asso.graie.org\/portail\/interreg-nwe-project-resiriver\/","og_site_name":"Graie","article_modified_time":"2024-01-16T15:34:13+00:00","og_image":[{"url":"https:\/\/asso.graie.org\/portail\/wp-content\/uploads\/2023\/07\/Logo-for-project_ResiRiver-1024x388.jpg"}],"twitter_card":"summary_large_image","twitter_site":"@asso_graie","twitter_misc":{"Dur\u00e9e de lecture estim\u00e9e":"6 minutes"},"schema":{"@context":"https:\/\/schema.org","@graph":[{"@type":"WebPage","@id":"https:\/\/asso.graie.org\/portail\/interreg-nwe-project-resiriver\/","url":"https:\/\/asso.graie.org\/portail\/interreg-nwe-project-resiriver\/","name":"European Project: ResiRiver | Graie","isPartOf":{"@id":"https:\/\/asso.graie.org\/portail\/#website"},"datePublished":"2023-09-19T11:57:56+00:00","dateModified":"2024-01-16T15:34:13+00:00","description":"The Graie and OHM Vall\u00e9e du Rh\u00f4ne are taking part for the next 5 years in the Interreg North-West Europe project \"ResiRiver - Creating Resilient River Systems by Mainstreaming and Upscalling Nature Based Solutions\" (2023-2028).","breadcrumb":{"@id":"https:\/\/asso.graie.org\/portail\/interreg-nwe-project-resiriver\/#breadcrumb"},"inLanguage":"fr-FR","potentialAction":[{"@type":"ReadAction","target":["https:\/\/asso.graie.org\/portail\/interreg-nwe-project-resiriver\/"]}]},{"@type":"BreadcrumbList","@id":"https:\/\/asso.graie.org\/portail\/interreg-nwe-project-resiriver\/#breadcrumb","itemListElement":[{"@type":"ListItem","position":1,"name":"Accueil","item":"https:\/\/asso.graie.org\/portail\/"},{"@type":"ListItem","position":2,"name":"Interreg North-West Europe Project: ResiRiver"}]},{"@type":"WebSite","@id":"https:\/\/asso.graie.org\/portail\/#website","url":"https:\/\/asso.graie.org\/portail\/","name":"Graie","description":"P\u00f4le Eau et Territoires","publisher":{"@id":"https:\/\/asso.graie.org\/portail\/#organization"},"potentialAction":[{"@type":"SearchAction","target":{"@type":"EntryPoint","urlTemplate":"https:\/\/asso.graie.org\/portail\/?s={search_term_string}"},"query-input":"required name=search_term_string"}],"inLanguage":"fr-FR"},{"@type":"Organization","@id":"https:\/\/asso.graie.org\/portail\/#organization","name":"Le Graie","url":"https:\/\/asso.graie.org\/portail\/","logo":{"@type":"ImageObject","inLanguage":"fr-FR","@id":"https:\/\/asso.graie.org\/portail\/#\/schema\/logo\/image\/","url":"https:\/\/asso.graie.org\/portail\/wp-content\/uploads\/2021\/12\/Logotype-Graie.png","contentUrl":"https:\/\/asso.graie.org\/portail\/wp-content\/uploads\/2021\/12\/Logotype-Graie.png","width":1890,"height":1181,"caption":"Le Graie"},"image":{"@id":"https:\/\/asso.graie.org\/portail\/#\/schema\/logo\/image\/"},"sameAs":["https:\/\/fr.linkedin.com\/company\/graie?trk=top_nav_home","https:\/\/www.youtube.com\/channel\/UCZQk0Tt7upYwERYNdDIZqLQ","https:\/\/twitter.com\/asso_graie"]}]}},"_links":{"self":[{"href":"https:\/\/asso.graie.org\/portail\/wp-json\/wp\/v2\/pages\/24141"}],"collection":[{"href":"https:\/\/asso.graie.org\/portail\/wp-json\/wp\/v2\/pages"}],"about":[{"href":"https:\/\/asso.graie.org\/portail\/wp-json\/wp\/v2\/types\/page"}],"author":[{"embeddable":true,"href":"https:\/\/asso.graie.org\/portail\/wp-json\/wp\/v2\/users\/3"}],"replies":[{"embeddable":true,"href":"https:\/\/asso.graie.org\/portail\/wp-json\/wp\/v2\/comments?post=24141"}],"version-history":[{"count":3,"href":"https:\/\/asso.graie.org\/portail\/wp-json\/wp\/v2\/pages\/24141\/revisions"}],"predecessor-version":[{"id":25149,"href":"https:\/\/asso.graie.org\/portail\/wp-json\/wp\/v2\/pages\/24141\/revisions\/25149"}],"wp:attachment":[{"href":"https:\/\/asso.graie.org\/portail\/wp-json\/wp\/v2\/media?parent=24141"}],"curies":[{"name":"wp","href":"https:\/\/api.w.org\/{rel}","templated":true}]}}