{"id":8741,"date":"2017-05-16T15:51:35","date_gmt":"2017-05-16T13:51:35","guid":{"rendered":"https:\/\/asso.graie.org\/portail\/?page_id=8741"},"modified":"2024-12-06T09:26:42","modified_gmt":"2024-12-06T08:26:42","slug":"charte-anc-charte-anc-accueil","status":"publish","type":"page","link":"https:\/\/asso.graie.org\/portail\/animationregionale\/animations-specifiques\/charte-anc-charte-anc-accueil\/","title":{"rendered":"Charte Qualit&rsquo;ANC"},"content":{"rendered":"\n<h2 class=\"wp-block-heading\">Qualit&rsquo;ANC &#8211; Charte interd\u00e9partementale pour un Assainissement Non Collectif de qualit\u00e9<\/h2>\n\n\n\n<div style=\"height:36px\" aria-hidden=\"true\" class=\"wp-block-spacer\"><\/div>\n\n\n\n<h3 class=\"wp-block-heading\"><strong><em>Une nouvelle dynamique en 2025 pour r\u00e9pondre aux besoins d\u2019\u00e9changes, d\u2019animation et de mont\u00e9e en comp\u00e9tence des professionnels<\/em><\/strong><\/h3>\n\n\n\n<div style=\"height:36px\" aria-hidden=\"true\" class=\"wp-block-spacer\"><\/div>\n\n\n\n<p><strong><em>La CNATP, avec les autres partenaires de la fili\u00e8re, propose de relancer l\u2019animation de la charte Qualit\u2019ANC sur la r\u00e9gion.<\/em><\/strong><\/p>\n\n\n\n<div style=\"height:36px\" aria-hidden=\"true\" class=\"wp-block-spacer\"><\/div>\n\n\n\n<div style=\"height:15px\" aria-hidden=\"true\" class=\"wp-block-spacer\"><\/div>\n\n\n\n<p><em>Une premi\u00e8re rencontre a rassembl\u00e9 plus de 50 participants \u00e0 Bourg-en-Bresse le 28 novembre 2024.<\/em><\/p>\n\n\n\n<div style=\"height:15px\" aria-hidden=\"true\" class=\"wp-block-spacer\"><\/div>\n\n\n\n<p><em>Au-del\u00e0 des \u00e9changes et de l\u2019apport d\u2019informations, l\u2019objectif est d\u2019inviter les entreprises (bureaux d\u2019\u00e9tudes, installateurs et entreprises de travaux) \u00e0 adh\u00e9rer \u00e0 la charte et de proposer aux d\u00e9partements et collectivit\u00e9s de soutenir la charte, notamment en accueillant des rencontres sur leurs territoires.<\/em><\/p>\n\n\n\n<div style=\"height:15px\" aria-hidden=\"true\" class=\"wp-block-spacer\"><\/div>\n\n\n\n<p><strong>Pour toute information, contactez Lo\u00efc Berger et K\u00e9vin Poirier, \u00e0 la CNATP de l\u2019Ain&nbsp;: <a href=\"mailto:contact@cnatp01.fr\">contact@cnatp01.fr<\/a><\/strong><\/p>\n\n\n\n<div style=\"height:36px\" aria-hidden=\"true\" class=\"wp-block-spacer\"><\/div>\n\n\n\n<p>L\u2019Assainissement Non Collectif (ANC) est une r\u00e9ponse technique, \u00e9conomique et environnementale adapt\u00e9e et pertinente pour traiter la pollution li\u00e9e aux rejets des eaux us\u00e9es en habitat dispers\u00e9.<\/p>\n\n\n\n<div style=\"height:15px\" aria-hidden=\"true\" class=\"wp-block-spacer\"><\/div>\n\n\n\n<p><strong>Il doit pour cela \u00eatre confi\u00e9 \u00e0 des professionnels qui interviennent en compl\u00e9mentarit\u00e9 et accompagnent l\u2019usager pour assurer une offre de qualit\u00e9 couvrant la conception, la mise en \u0153uvre, l\u2019entretien et le contr\u00f4le des installations.<\/strong><\/p>\n\n\n\n<div style=\"height:15px\" aria-hidden=\"true\" class=\"wp-block-spacer\"><\/div>\n\n\n\n<p><a href=\"http:\/\/www.graie.org\/graie\/graiedoc\/reseaux\/ANC\/QualitANC\/QualitANC_charte_interdepartementale.pdf\" target=\"_blank\" rel=\"noreferrer noopener\">La Charte interd\u00e9partementale Qualit\u2019ANC<\/a> est le r\u00e9sultat d\u2019un travail collaboratif entre les signataires \u2013 repr\u00e9sentants d\u2019usagers, d\u2019entreprises, de SPANC, de SATAA et leurs partenaires institutionnels \u2013 qui se sont attach\u00e9s \u00e0 \u00e9laborer un cadre d\u2019action favorisant l\u2019am\u00e9lioration continue des savoirs et des pratiques pour l\u2019ANC de nos territoires.<\/p>\n\n\n\n<div style=\"height:15px\" aria-hidden=\"true\" class=\"wp-block-spacer\"><\/div>\n\n\n\n<p><strong><em>L\u2019animation de la charte avait \u00e9t\u00e9 suspendue en 2021.<\/em> Les documents, supports et acteurs engag\u00e9s restent d\u2019int\u00e9r\u00eat. La reprise de l\u2019animation par la CNATP est une bonne nouvelle\u00a0! n\u2019h\u00e9sitez pas \u00e0 les contacter\u00a0!<\/strong><\/p>\n\n\n\n<div style=\"height:56px\" aria-hidden=\"true\" class=\"wp-block-spacer\"><\/div>\n\n\n\n<div class=\"wp-block-group is-nowrap is-layout-flex wp-container-1 wp-block-group-is-layout-flex\">\n<figure class=\"wp-block-image size-large is-style-default\"><img decoding=\"async\" loading=\"lazy\" width=\"1024\" height=\"473\" src=\"https:\/\/asso.graie.org\/portail\/wp-content\/uploads\/2024\/12\/20241128_112146-1-1024x473.jpg\" alt=\"\" class=\"wp-image-27037\" srcset=\"https:\/\/asso.graie.org\/portail\/wp-content\/uploads\/2024\/12\/20241128_112146-1-1024x473.jpg 1024w, https:\/\/asso.graie.org\/portail\/wp-content\/uploads\/2024\/12\/20241128_112146-1-300x139.jpg 300w, https:\/\/asso.graie.org\/portail\/wp-content\/uploads\/2024\/12\/20241128_112146-1-768x355.jpg 768w, https:\/\/asso.graie.org\/portail\/wp-content\/uploads\/2024\/12\/20241128_112146-1-1536x710.jpg 1536w, https:\/\/asso.graie.org\/portail\/wp-content\/uploads\/2024\/12\/20241128_112146-1-2048x946.jpg 2048w\" sizes=\"(max-width: 1024px) 100vw, 1024px\" \/><\/figure>\n<\/div>\n\n\n\n<div style=\"height:56px\" aria-hidden=\"true\" class=\"wp-block-spacer\"><\/div>\n\n\n\n<h3 class=\"wp-block-heading\">Les objectifs de Qualit&rsquo;ANC<\/h3>\n\n\n\n<p>Cette charte a pour vocation d\u2019am\u00e9liorer et\/ou de maintenir la qualit\u00e9 de l\u2019ANC sur nos territoires. Ses objectifs sont :<\/p>\n\n\n\n<ul>\n<li><strong>Int\u00e9grer l&rsquo;ensemble des corps de m\u00e9tier pour un ANC performant et un service de qualit\u00e9 \u00e0 chaque \u00e9tape<\/strong>, en garantissant une bonne coordination de l&rsquo;intervention des diff\u00e9rents acteurs aupr\u00e8s de l&rsquo;usager, et en respectant les r\u00f4les, responsabilit\u00e9s et contraintes de chacun.<strong><br><\/strong><\/li>\n\n\n\n<li><strong>Valoriser les entreprises ayant de bonnes pratiques et permettre aux SPANC, et \u00e0 leurs usagers, de s\u2019appuyer sur une liste de professionnels apportant des garanties<\/strong><strong>. <\/strong>Il s\u2019agit de fixer des crit\u00e8res d\u2019adh\u00e9sion objectifs, d\u2019apporter une r\u00e9elle plus-value aux entreprises adh\u00e9rentes en termes de visibilit\u00e9 et de prendre les mesures n\u00e9cessaires en cas de non-respect des engagements.<\/li>\n\n\n\n<li><strong>Am\u00e9liorer et harmoniser les pratiques, en partageant et en favorisant la mise en \u0153uvre des r\u00e9f\u00e9rentiels de connaissances et d&rsquo;actions d\u00e9finis au niveau national.<\/strong> Les signataires sont vigilants \u00e0 ce que la charte ne fasse pas double emploi avec les \u00e9l\u00e9ments de cadrage existant, n&rsquo;ajoute pas de contraintes majeures aux organismes qui respectent les r\u00e8gles, et ne fixe pas de contraintes incompatibles avec les contextes nationaux ou locaux.<\/li>\n<\/ul>\n\n\n\n<div style=\"height:68px\" aria-hidden=\"true\" class=\"wp-block-spacer\"><\/div>\n\n\n\n<figure class=\"wp-block-image size-large is-style-default\"><img decoding=\"async\" loading=\"lazy\" width=\"1024\" height=\"473\" src=\"https:\/\/asso.graie.org\/portail\/wp-content\/uploads\/2024\/12\/20241128_113702-2-1024x473.jpg\" alt=\"\" class=\"wp-image-27040\" srcset=\"https:\/\/asso.graie.org\/portail\/wp-content\/uploads\/2024\/12\/20241128_113702-2-1024x473.jpg 1024w, https:\/\/asso.graie.org\/portail\/wp-content\/uploads\/2024\/12\/20241128_113702-2-300x139.jpg 300w, https:\/\/asso.graie.org\/portail\/wp-content\/uploads\/2024\/12\/20241128_113702-2-768x355.jpg 768w, https:\/\/asso.graie.org\/portail\/wp-content\/uploads\/2024\/12\/20241128_113702-2-1536x710.jpg 1536w, https:\/\/asso.graie.org\/portail\/wp-content\/uploads\/2024\/12\/20241128_113702-2-2048x946.jpg 2048w\" sizes=\"(max-width: 1024px) 100vw, 1024px\" \/><\/figure>\n\n\n\n<div style=\"height:68px\" aria-hidden=\"true\" class=\"wp-block-spacer\"><\/div>\n\n\n\n<h3 class=\"wp-block-heading\">Pourquoi une charte interd\u00e9partementale&nbsp;?<\/h3>\n\n\n\n<p>L\u2019\u00e9chelle interd\u00e9partementale est apparue pertinente dans la mesure o\u00f9 elle correspond souvent au rayon d\u2019activit\u00e9 d\u2019une entreprise. Cette charte, de par les partenaires qui y sont associ\u00e9s, a pour vocation de couvrir la r\u00e9gion Auvergne-Rh\u00f4ne-Alpes, mais toute entreprise ou SPANC situ\u00e9 sur un territoire limitrophe peut y adh\u00e9rer. Par ailleurs, cette charte n\u2019a pas vocation \u00e0 remplacer les chartes d\u00e9partementales existantes ou \u00e0 venir, mais plut\u00f4t \u00e0 s\u2019inscrire en compl\u00e9mentarit\u00e9, notamment en cr\u00e9ant une dynamique l\u00e0 o\u00f9 il n\u2019en existe pas.<\/p>\n\n\n\n<div style=\"height:60px\" aria-hidden=\"true\" class=\"wp-block-spacer\"><\/div>\n\n\n\n<h3 class=\"wp-block-heading\">Pourquoi adh\u00e9rer ?<\/h3>\n\n\n\n<p>Les engagements de la charte refl\u00e8tent globalement le cadre r\u00e9glementaire national, que vous respectez probablement d\u00e9j\u00e0. Votre adh\u00e9sion consiste donc \u00e0 confirmer votre engagement pour un ANC de qualit\u00e9 ! Elle vous apporte d&rsquo;autres avantages :<\/p>\n\n\n<div class=\"lightweight-accordion\"><details><summary class=\"lightweight-accordion-title\"><span>Vous \u00eates une entreprise<\/span><\/summary><div class=\"lightweight-accordion-body\"><p><strong>Faites valoir vos comp\u00e9tences<\/strong> en affichant le logo de la charte, preuve que vous apportez certaines garanties<\/p>\n<p><strong>D\u00e9marquez-vous :<\/strong> figurez dans l&rsquo;annuaire recommand\u00e9 et diffus\u00e9 par les SPANC<\/p>\n<p><strong>Montez en comp\u00e9tences et en connaissances<\/strong> : acc\u00e8s facilit\u00e9 aux informations techniques, r\u00e9glementaires\u2026<\/p>\n<p><strong>Rejoignez un r\u00e9seau<\/strong> interd\u00e9partemental d\u2019acteurs engag\u00e9s pour l\u2019ANC favorisant les \u00e9changes interprofessionnels<\/p>\n<\/div><\/details><\/div>\n\n\n<div class=\"lightweight-accordion\"><details><summary class=\"lightweight-accordion-title\"><span>Vous \u00eates un SPANC<\/span><\/summary><div class=\"lightweight-accordion-body\"><p><strong>Faites valoir votre engagement<\/strong> aupr\u00e8s de vos usagers et des professionnels de votre territoire<\/p>\n<p><strong>Am\u00e9liorez l&rsquo;accompagnement de vos usagers<\/strong> en b\u00e9n\u00e9ficiant d&rsquo;outils mutualis\u00e9s, dans un contexte de rar\u00e9faction des financements publics<\/p>\n<p><strong>Montez en comp\u00e9tences et en connaissances<\/strong> : acc\u00e8s facilit\u00e9 aux informations techniques, r\u00e9glementaires\u2026<\/p>\n<p><strong>Rejoignez un r\u00e9seau<\/strong> interd\u00e9partemental d\u2019acteurs engag\u00e9s pour l\u2019ANC favorisant les \u00e9changes interprofessionnels<\/p>\n<\/div><\/details><\/div>\n\n\n\n<h3 class=\"wp-block-heading\">Les signataires<\/h3>\n\n\n<div class=\"wp-block-image\">\n<figure class=\"alignleft\"><img decoding=\"async\" loading=\"lazy\" width=\"1076\" height=\"388\" src=\"https:\/\/asso.graie.org\/portail\/wp-content\/uploads\/2019\/10\/logos_sept2019.png\" alt=\"\" class=\"wp-image-14631\" srcset=\"https:\/\/asso.graie.org\/portail\/wp-content\/uploads\/2019\/10\/logos_sept2019.png 1076w, https:\/\/asso.graie.org\/portail\/wp-content\/uploads\/2019\/10\/logos_sept2019-300x108.png 300w, https:\/\/asso.graie.org\/portail\/wp-content\/uploads\/2019\/10\/logos_sept2019-768x277.png 768w, https:\/\/asso.graie.org\/portail\/wp-content\/uploads\/2019\/10\/logos_sept2019-1024x369.png 1024w, https:\/\/asso.graie.org\/portail\/wp-content\/uploads\/2019\/10\/logos_sept2019-600x216.png 600w\" sizes=\"(max-width: 1076px) 100vw, 1076px\" \/><\/figure><\/div>","protected":false},"excerpt":{"rendered":"<p>Qualit&rsquo;ANC &#8211; Charte interd\u00e9partementale pour un Assainissement Non Collectif de qualit\u00e9 Une nouvelle dynamique en 2025 pour r\u00e9pondre aux besoins d\u2019\u00e9changes, d\u2019animation et de mont\u00e9e en comp\u00e9tence des professionnels La CNATP, avec les autres partenaires de la fili\u00e8re, propose de &hellip;<\/p>\n","protected":false},"author":1,"featured_media":0,"parent":14228,"menu_order":0,"comment_status":"closed","ping_status":"closed","template":"","meta":{"_mi_skip_tracking":false,"footnotes":""},"acf":[],"yoast_head":"<!-- This site is optimized with the Yoast SEO plugin v19.13 - https:\/\/yoast.com\/wordpress\/plugins\/seo\/ -->\n<title>Charte Qualit&#039;ANC | Le Graie<\/title>\n<meta name=\"description\" content=\"Anim\u00e9e par le Graie, cette charte a pour vocation d\u2019am\u00e9liorer et\/ou de maintenir la qualit\u00e9 de l\u2019Assainissement Non Collectif sur nos territoires.\" \/>\n<meta name=\"robots\" content=\"index, follow, max-snippet:-1, max-image-preview:large, max-video-preview:-1\" \/>\n<link rel=\"canonical\" href=\"https:\/\/asso.graie.org\/portail\/animationregionale\/animations-specifiques\/charte-anc-charte-anc-accueil\/\" \/>\n<meta property=\"og:locale\" content=\"fr_FR\" \/>\n<meta property=\"og:type\" content=\"article\" \/>\n<meta property=\"og:title\" content=\"Charte Qualit&#039;ANC | Le Graie\" \/>\n<meta property=\"og:description\" content=\"Anim\u00e9e par le Graie, cette charte a pour vocation d\u2019am\u00e9liorer et\/ou de maintenir la qualit\u00e9 de l\u2019Assainissement Non Collectif sur nos territoires.\" \/>\n<meta property=\"og:url\" content=\"https:\/\/asso.graie.org\/portail\/animationregionale\/animations-specifiques\/charte-anc-charte-anc-accueil\/\" \/>\n<meta property=\"og:site_name\" content=\"Graie\" \/>\n<meta property=\"article:modified_time\" content=\"2024-12-06T08:26:42+00:00\" \/>\n<meta property=\"og:image\" content=\"https:\/\/asso.graie.org\/portail\/wp-content\/uploads\/2024\/12\/20241128_112146-1-1024x473.jpg\" \/>\n<meta name=\"twitter:card\" content=\"summary_large_image\" \/>\n<meta name=\"twitter:site\" content=\"@asso_graie\" \/>\n<meta name=\"twitter:label1\" content=\"Dur\u00e9e de lecture estim\u00e9e\" \/>\n\t<meta name=\"twitter:data1\" content=\"4 minutes\" \/>\n<script type=\"application\/ld+json\" class=\"yoast-schema-graph\">{\"@context\":\"https:\/\/schema.org\",\"@graph\":[{\"@type\":\"WebPage\",\"@id\":\"https:\/\/asso.graie.org\/portail\/animationregionale\/animations-specifiques\/charte-anc-charte-anc-accueil\/\",\"url\":\"https:\/\/asso.graie.org\/portail\/animationregionale\/animations-specifiques\/charte-anc-charte-anc-accueil\/\",\"name\":\"Charte Qualit'ANC | Le Graie\",\"isPartOf\":{\"@id\":\"https:\/\/asso.graie.org\/portail\/#website\"},\"datePublished\":\"2017-05-16T13:51:35+00:00\",\"dateModified\":\"2024-12-06T08:26:42+00:00\",\"description\":\"Anim\u00e9e par le Graie, cette charte a pour vocation d\u2019am\u00e9liorer et\/ou de maintenir la qualit\u00e9 de l\u2019Assainissement Non Collectif sur nos territoires.\",\"breadcrumb\":{\"@id\":\"https:\/\/asso.graie.org\/portail\/animationregionale\/animations-specifiques\/charte-anc-charte-anc-accueil\/#breadcrumb\"},\"inLanguage\":\"fr-FR\",\"potentialAction\":[{\"@type\":\"ReadAction\",\"target\":[\"https:\/\/asso.graie.org\/portail\/animationregionale\/animations-specifiques\/charte-anc-charte-anc-accueil\/\"]}]},{\"@type\":\"BreadcrumbList\",\"@id\":\"https:\/\/asso.graie.org\/portail\/animationregionale\/animations-specifiques\/charte-anc-charte-anc-accueil\/#breadcrumb\",\"itemListElement\":[{\"@type\":\"ListItem\",\"position\":1,\"name\":\"Accueil\",\"item\":\"https:\/\/asso.graie.org\/portail\/\"},{\"@type\":\"ListItem\",\"position\":2,\"name\":\"Animation\",\"item\":\"https:\/\/asso.graie.org\/portail\/animationregionale\/\"},{\"@type\":\"ListItem\",\"position\":3,\"name\":\"Animations sp\u00e9cifiques\",\"item\":\"https:\/\/asso.graie.org\/portail\/animationregionale\/animations-specifiques\/\"},{\"@type\":\"ListItem\",\"position\":4,\"name\":\"Charte Qualit&rsquo;ANC\"}]},{\"@type\":\"WebSite\",\"@id\":\"https:\/\/asso.graie.org\/portail\/#website\",\"url\":\"https:\/\/asso.graie.org\/portail\/\",\"name\":\"Graie\",\"description\":\"P\u00f4le Eau et Territoires\",\"publisher\":{\"@id\":\"https:\/\/asso.graie.org\/portail\/#organization\"},\"potentialAction\":[{\"@type\":\"SearchAction\",\"target\":{\"@type\":\"EntryPoint\",\"urlTemplate\":\"https:\/\/asso.graie.org\/portail\/?s={search_term_string}\"},\"query-input\":\"required name=search_term_string\"}],\"inLanguage\":\"fr-FR\"},{\"@type\":\"Organization\",\"@id\":\"https:\/\/asso.graie.org\/portail\/#organization\",\"name\":\"Le Graie\",\"url\":\"https:\/\/asso.graie.org\/portail\/\",\"logo\":{\"@type\":\"ImageObject\",\"inLanguage\":\"fr-FR\",\"@id\":\"https:\/\/asso.graie.org\/portail\/#\/schema\/logo\/image\/\",\"url\":\"https:\/\/asso.graie.org\/portail\/wp-content\/uploads\/2021\/12\/Logotype-Graie.png\",\"contentUrl\":\"https:\/\/asso.graie.org\/portail\/wp-content\/uploads\/2021\/12\/Logotype-Graie.png\",\"width\":1890,\"height\":1181,\"caption\":\"Le Graie\"},\"image\":{\"@id\":\"https:\/\/asso.graie.org\/portail\/#\/schema\/logo\/image\/\"},\"sameAs\":[\"https:\/\/fr.linkedin.com\/company\/graie?trk=top_nav_home\",\"https:\/\/www.youtube.com\/channel\/UCZQk0Tt7upYwERYNdDIZqLQ\",\"https:\/\/twitter.com\/asso_graie\"]}]}<\/script>\n<!-- \/ Yoast SEO plugin. -->","yoast_head_json":{"title":"Charte Qualit'ANC | Le Graie","description":"Anim\u00e9e par le Graie, cette charte a pour vocation d\u2019am\u00e9liorer et\/ou de maintenir la qualit\u00e9 de l\u2019Assainissement Non Collectif sur nos territoires.","robots":{"index":"index","follow":"follow","max-snippet":"max-snippet:-1","max-image-preview":"max-image-preview:large","max-video-preview":"max-video-preview:-1"},"canonical":"https:\/\/asso.graie.org\/portail\/animationregionale\/animations-specifiques\/charte-anc-charte-anc-accueil\/","og_locale":"fr_FR","og_type":"article","og_title":"Charte Qualit'ANC | Le Graie","og_description":"Anim\u00e9e par le Graie, cette charte a pour vocation d\u2019am\u00e9liorer et\/ou de maintenir la qualit\u00e9 de l\u2019Assainissement Non Collectif sur nos territoires.","og_url":"https:\/\/asso.graie.org\/portail\/animationregionale\/animations-specifiques\/charte-anc-charte-anc-accueil\/","og_site_name":"Graie","article_modified_time":"2024-12-06T08:26:42+00:00","og_image":[{"url":"https:\/\/asso.graie.org\/portail\/wp-content\/uploads\/2024\/12\/20241128_112146-1-1024x473.jpg"}],"twitter_card":"summary_large_image","twitter_site":"@asso_graie","twitter_misc":{"Dur\u00e9e de lecture estim\u00e9e":"4 minutes"},"schema":{"@context":"https:\/\/schema.org","@graph":[{"@type":"WebPage","@id":"https:\/\/asso.graie.org\/portail\/animationregionale\/animations-specifiques\/charte-anc-charte-anc-accueil\/","url":"https:\/\/asso.graie.org\/portail\/animationregionale\/animations-specifiques\/charte-anc-charte-anc-accueil\/","name":"Charte Qualit'ANC | Le Graie","isPartOf":{"@id":"https:\/\/asso.graie.org\/portail\/#website"},"datePublished":"2017-05-16T13:51:35+00:00","dateModified":"2024-12-06T08:26:42+00:00","description":"Anim\u00e9e par le Graie, cette charte a pour vocation d\u2019am\u00e9liorer et\/ou de maintenir la qualit\u00e9 de l\u2019Assainissement Non Collectif sur nos territoires.","breadcrumb":{"@id":"https:\/\/asso.graie.org\/portail\/animationregionale\/animations-specifiques\/charte-anc-charte-anc-accueil\/#breadcrumb"},"inLanguage":"fr-FR","potentialAction":[{"@type":"ReadAction","target":["https:\/\/asso.graie.org\/portail\/animationregionale\/animations-specifiques\/charte-anc-charte-anc-accueil\/"]}]},{"@type":"BreadcrumbList","@id":"https:\/\/asso.graie.org\/portail\/animationregionale\/animations-specifiques\/charte-anc-charte-anc-accueil\/#breadcrumb","itemListElement":[{"@type":"ListItem","position":1,"name":"Accueil","item":"https:\/\/asso.graie.org\/portail\/"},{"@type":"ListItem","position":2,"name":"Animation","item":"https:\/\/asso.graie.org\/portail\/animationregionale\/"},{"@type":"ListItem","position":3,"name":"Animations sp\u00e9cifiques","item":"https:\/\/asso.graie.org\/portail\/animationregionale\/animations-specifiques\/"},{"@type":"ListItem","position":4,"name":"Charte Qualit&rsquo;ANC"}]},{"@type":"WebSite","@id":"https:\/\/asso.graie.org\/portail\/#website","url":"https:\/\/asso.graie.org\/portail\/","name":"Graie","description":"P\u00f4le Eau et Territoires","publisher":{"@id":"https:\/\/asso.graie.org\/portail\/#organization"},"potentialAction":[{"@type":"SearchAction","target":{"@type":"EntryPoint","urlTemplate":"https:\/\/asso.graie.org\/portail\/?s={search_term_string}"},"query-input":"required name=search_term_string"}],"inLanguage":"fr-FR"},{"@type":"Organization","@id":"https:\/\/asso.graie.org\/portail\/#organization","name":"Le Graie","url":"https:\/\/asso.graie.org\/portail\/","logo":{"@type":"ImageObject","inLanguage":"fr-FR","@id":"https:\/\/asso.graie.org\/portail\/#\/schema\/logo\/image\/","url":"https:\/\/asso.graie.org\/portail\/wp-content\/uploads\/2021\/12\/Logotype-Graie.png","contentUrl":"https:\/\/asso.graie.org\/portail\/wp-content\/uploads\/2021\/12\/Logotype-Graie.png","width":1890,"height":1181,"caption":"Le Graie"},"image":{"@id":"https:\/\/asso.graie.org\/portail\/#\/schema\/logo\/image\/"},"sameAs":["https:\/\/fr.linkedin.com\/company\/graie?trk=top_nav_home","https:\/\/www.youtube.com\/channel\/UCZQk0Tt7upYwERYNdDIZqLQ","https:\/\/twitter.com\/asso_graie"]}]}},"_links":{"self":[{"href":"https:\/\/asso.graie.org\/portail\/wp-json\/wp\/v2\/pages\/8741"}],"collection":[{"href":"https:\/\/asso.graie.org\/portail\/wp-json\/wp\/v2\/pages"}],"about":[{"href":"https:\/\/asso.graie.org\/portail\/wp-json\/wp\/v2\/types\/page"}],"author":[{"embeddable":true,"href":"https:\/\/asso.graie.org\/portail\/wp-json\/wp\/v2\/users\/1"}],"replies":[{"embeddable":true,"href":"https:\/\/asso.graie.org\/portail\/wp-json\/wp\/v2\/comments?post=8741"}],"version-history":[{"count":26,"href":"https:\/\/asso.graie.org\/portail\/wp-json\/wp\/v2\/pages\/8741\/revisions"}],"predecessor-version":[{"id":27041,"href":"https:\/\/asso.graie.org\/portail\/wp-json\/wp\/v2\/pages\/8741\/revisions\/27041"}],"up":[{"embeddable":true,"href":"https:\/\/asso.graie.org\/portail\/wp-json\/wp\/v2\/pages\/14228"}],"wp:attachment":[{"href":"https:\/\/asso.graie.org\/portail\/wp-json\/wp\/v2\/media?parent=8741"}],"curies":[{"name":"wp","href":"https:\/\/api.w.org\/{rel}","templated":true}]}}