{"id":8797,"date":"2017-11-27T10:19:55","date_gmt":"2017-11-27T09:19:55","guid":{"rendered":"https:\/\/asso.graie.org\/portail\/?page_id=8797"},"modified":"2021-10-27T15:25:45","modified_gmt":"2021-10-27T13:25:45","slug":"observatoires-regionaux","status":"publish","type":"page","link":"https:\/\/asso.graie.org\/portail\/animationregionale\/observatoires-regionaux\/","title":{"rendered":"Observatoires r\u00e9gionaux"},"content":{"rendered":"<h2><strong>Les observatoires des pratiques de gestion de l\u2019eau<\/strong><\/h2>\n<p>Quatre observatoires sont d\u00e9velopp\u00e9s et anim\u00e9s par le Graie en appui sur les groupes de travail\u00a0:<\/p>\n<p><strong>\u00a0<\/strong><\/p>\n<ul>\n<li><a href=\"https:\/\/asso.graie.org\/portail\/animationregionale\/techniques-alternatives\/\">Op\u00e9rations exemplaires de gestion des eaux pluviales<\/a><\/li>\n<li><a href=\"https:\/\/asso.graie.org\/portail\/signature-principes-iwa\/\" target=\"_blank\" rel=\"noopener noreferrer\">Territoires \u00ab\u00a0eau-responsables\u00a0\u00bb<\/a> en r\u00e9f\u00e9rence aux principes de l&rsquo;IWA<\/li>\n<li><a href=\"https:\/\/asso.graie.org\/portail\/animationregionale\/spanc\/\">Services publics d&rsquo;assainissement non collectif &#8211; SPANC<\/a><\/li>\n<li><a href=\"https:\/\/asso.graie.org\/portail\/animationregionale\/autosurveillance-systeme\/\">Autosurveillance des syst\u00e8mes d&rsquo;assainissement<\/a><\/li>\n<\/ul>\n<p><a href=\"https:\/\/asso.graie.org\/portail\/animationregionale\/techniques-alternatives\/\"><img decoding=\"async\" loading=\"lazy\" class=\"wp-image-2988 alignnone\" src=\"https:\/\/asso.graie.org\/portail\/wp-content\/uploads\/2017\/08\/LogoObs_TA.jpg\" alt=\"Observatoire des op\u00e9rations exemplaires de la gestion des eaux pluviales\" width=\"290\" height=\"159\" \/><\/a><a href=\"https:\/\/asso.graie.org\/portail\/signature-principes-iwa\/\"><img decoding=\"async\" loading=\"lazy\" class=\"alignnone wp-image-2989\" src=\"https:\/\/asso.graie.org\/portail\/wp-content\/uploads\/2017\/08\/LogoObs_TerritoiresEauResp.jpg\" alt=\"Observatoire des territoires eau-responsables\" width=\"290\" height=\"159\" \/><\/a><\/p>\n<p><a href=\"https:\/\/asso.graie.org\/portail\/animationregionale\/spanc\/\"><img decoding=\"async\" loading=\"lazy\" class=\"wp-image-2987 alignnone\" src=\"https:\/\/asso.graie.org\/portail\/wp-content\/uploads\/2017\/08\/LogoObs_SPANC.jpg\" alt=\"Observatoire des SPANC\" width=\"290\" height=\"159\" \/><\/a><a href=\"https:\/\/asso.graie.org\/portail\/animationregionale\/autosurveillance-systeme\/\"><img decoding=\"async\" loading=\"lazy\" class=\"wp-image-2986 alignnone\" src=\"https:\/\/asso.graie.org\/portail\/wp-content\/uploads\/2017\/08\/LogoObs_Autosurv.jpg\" alt=\"Observatoire autosurveillance des syst\u00e8mes d'assainissement\" width=\"290\" height=\"159\" \/><\/a><\/p>\n<p>Les observatoires du Graie sont des outils de partage des retours d&rsquo;exp\u00e9riences et des pratiques dans diff\u00e9rents domaines de la gestion de l&rsquo;eau, pour l&rsquo;essentiel \u00e0 l\u2019\u00e9chelle du territoire Auvergne-Rh\u00f4ne-Alpes. Ils r\u00e9pondent \u00e0 un besoin d\u2019information et d&rsquo;\u00e9change entre les professionnels de la gestion de l&rsquo;eau et visent \u00e0 donner \u00e0 voir par l&rsquo;exemple, notamment pour les \u00e9lus des collectivit\u00e9s. Ces observatoires reposent sur la collecte des donn\u00e9es aupr\u00e8s des acteurs cl\u00e9s en charge de ces comp\u00e9tences ou missions, leur valorisation et leur diffusion.<\/p>\n","protected":false},"excerpt":{"rendered":"<p>Les observatoires des pratiques de gestion de l\u2019eau Quatre observatoires sont d\u00e9velopp\u00e9s et anim\u00e9s par le Graie en appui sur les groupes de travail\u00a0: \u00a0 Op\u00e9rations exemplaires de gestion des eaux pluviales Territoires \u00ab\u00a0eau-responsables\u00a0\u00bb en r\u00e9f\u00e9rence aux principes de l&rsquo;IWA &hellip;<\/p>\n","protected":false},"author":3,"featured_media":0,"parent":1096,"menu_order":0,"comment_status":"closed","ping_status":"closed","template":"","meta":{"_mi_skip_tracking":false,"footnotes":""},"acf":[],"yoast_head":"<!-- This site is optimized with the Yoast SEO plugin v19.13 - https:\/\/yoast.com\/wordpress\/plugins\/seo\/ -->\n<title>Observatoires r\u00e9gionaux des pratiques de gestion de l&#039;eau | Le Graie<\/title>\n<meta name=\"description\" content=\"4 observatoires sont d\u00e9velopp\u00e9s par le Graie : Op\u00e9rations exemplaires de gestion des eaux pluviales, Territoires &quot;eau-responsables&quot;, SPANC, Autosurveillance des syst\u00e8mes d&#039;assainissement.\" \/>\n<meta name=\"robots\" content=\"index, follow, max-snippet:-1, max-image-preview:large, max-video-preview:-1\" \/>\n<link rel=\"canonical\" href=\"https:\/\/asso.graie.org\/portail\/animationregionale\/observatoires-regionaux\/\" \/>\n<meta property=\"og:locale\" content=\"fr_FR\" \/>\n<meta property=\"og:type\" content=\"article\" \/>\n<meta property=\"og:title\" content=\"Observatoires r\u00e9gionaux des pratiques de gestion de l&#039;eau | Le Graie\" \/>\n<meta property=\"og:description\" content=\"4 observatoires sont d\u00e9velopp\u00e9s par le Graie : Op\u00e9rations exemplaires de gestion des eaux pluviales, Territoires &quot;eau-responsables&quot;, SPANC, Autosurveillance des syst\u00e8mes d&#039;assainissement.\" \/>\n<meta property=\"og:url\" content=\"https:\/\/asso.graie.org\/portail\/animationregionale\/observatoires-regionaux\/\" \/>\n<meta property=\"og:site_name\" content=\"Graie\" \/>\n<meta property=\"article:modified_time\" content=\"2021-10-27T13:25:45+00:00\" \/>\n<meta property=\"og:image\" content=\"https:\/\/asso.graie.org\/portail\/wp-content\/uploads\/2017\/08\/LogoObs_TA.jpg\" \/>\n<meta name=\"twitter:card\" content=\"summary_large_image\" \/>\n<meta name=\"twitter:site\" content=\"@asso_graie\" \/>\n<meta name=\"twitter:label1\" content=\"Dur\u00e9e de lecture estim\u00e9e\" \/>\n\t<meta name=\"twitter:data1\" content=\"1 minute\" \/>\n<script type=\"application\/ld+json\" class=\"yoast-schema-graph\">{\"@context\":\"https:\/\/schema.org\",\"@graph\":[{\"@type\":\"WebPage\",\"@id\":\"https:\/\/asso.graie.org\/portail\/animationregionale\/observatoires-regionaux\/\",\"url\":\"https:\/\/asso.graie.org\/portail\/animationregionale\/observatoires-regionaux\/\",\"name\":\"Observatoires r\u00e9gionaux des pratiques de gestion de l'eau | Le Graie\",\"isPartOf\":{\"@id\":\"https:\/\/asso.graie.org\/portail\/#website\"},\"datePublished\":\"2017-11-27T09:19:55+00:00\",\"dateModified\":\"2021-10-27T13:25:45+00:00\",\"description\":\"4 observatoires sont d\u00e9velopp\u00e9s par le Graie : Op\u00e9rations exemplaires de gestion des eaux pluviales, Territoires \\\"eau-responsables\\\", SPANC, Autosurveillance des syst\u00e8mes d'assainissement.\",\"breadcrumb\":{\"@id\":\"https:\/\/asso.graie.org\/portail\/animationregionale\/observatoires-regionaux\/#breadcrumb\"},\"inLanguage\":\"fr-FR\",\"potentialAction\":[{\"@type\":\"ReadAction\",\"target\":[\"https:\/\/asso.graie.org\/portail\/animationregionale\/observatoires-regionaux\/\"]}]},{\"@type\":\"BreadcrumbList\",\"@id\":\"https:\/\/asso.graie.org\/portail\/animationregionale\/observatoires-regionaux\/#breadcrumb\",\"itemListElement\":[{\"@type\":\"ListItem\",\"position\":1,\"name\":\"Accueil\",\"item\":\"https:\/\/asso.graie.org\/portail\/\"},{\"@type\":\"ListItem\",\"position\":2,\"name\":\"Animation\",\"item\":\"https:\/\/asso.graie.org\/portail\/animationregionale\/\"},{\"@type\":\"ListItem\",\"position\":3,\"name\":\"Observatoires r\u00e9gionaux\"}]},{\"@type\":\"WebSite\",\"@id\":\"https:\/\/asso.graie.org\/portail\/#website\",\"url\":\"https:\/\/asso.graie.org\/portail\/\",\"name\":\"Graie\",\"description\":\"P\u00f4le Eau et Territoires\",\"publisher\":{\"@id\":\"https:\/\/asso.graie.org\/portail\/#organization\"},\"potentialAction\":[{\"@type\":\"SearchAction\",\"target\":{\"@type\":\"EntryPoint\",\"urlTemplate\":\"https:\/\/asso.graie.org\/portail\/?s={search_term_string}\"},\"query-input\":\"required name=search_term_string\"}],\"inLanguage\":\"fr-FR\"},{\"@type\":\"Organization\",\"@id\":\"https:\/\/asso.graie.org\/portail\/#organization\",\"name\":\"Le Graie\",\"url\":\"https:\/\/asso.graie.org\/portail\/\",\"logo\":{\"@type\":\"ImageObject\",\"inLanguage\":\"fr-FR\",\"@id\":\"https:\/\/asso.graie.org\/portail\/#\/schema\/logo\/image\/\",\"url\":\"https:\/\/asso.graie.org\/portail\/wp-content\/uploads\/2021\/12\/Logotype-Graie.png\",\"contentUrl\":\"https:\/\/asso.graie.org\/portail\/wp-content\/uploads\/2021\/12\/Logotype-Graie.png\",\"width\":1890,\"height\":1181,\"caption\":\"Le Graie\"},\"image\":{\"@id\":\"https:\/\/asso.graie.org\/portail\/#\/schema\/logo\/image\/\"},\"sameAs\":[\"https:\/\/fr.linkedin.com\/company\/graie?trk=top_nav_home\",\"https:\/\/www.youtube.com\/channel\/UCZQk0Tt7upYwERYNdDIZqLQ\",\"https:\/\/twitter.com\/asso_graie\"]}]}<\/script>\n<!-- \/ Yoast SEO plugin. -->","yoast_head_json":{"title":"Observatoires r\u00e9gionaux des pratiques de gestion de l'eau | Le Graie","description":"4 observatoires sont d\u00e9velopp\u00e9s par le Graie : Op\u00e9rations exemplaires de gestion des eaux pluviales, Territoires \"eau-responsables\", SPANC, Autosurveillance des syst\u00e8mes d'assainissement.","robots":{"index":"index","follow":"follow","max-snippet":"max-snippet:-1","max-image-preview":"max-image-preview:large","max-video-preview":"max-video-preview:-1"},"canonical":"https:\/\/asso.graie.org\/portail\/animationregionale\/observatoires-regionaux\/","og_locale":"fr_FR","og_type":"article","og_title":"Observatoires r\u00e9gionaux des pratiques de gestion de l'eau | Le Graie","og_description":"4 observatoires sont d\u00e9velopp\u00e9s par le Graie : Op\u00e9rations exemplaires de gestion des eaux pluviales, Territoires \"eau-responsables\", SPANC, Autosurveillance des syst\u00e8mes d'assainissement.","og_url":"https:\/\/asso.graie.org\/portail\/animationregionale\/observatoires-regionaux\/","og_site_name":"Graie","article_modified_time":"2021-10-27T13:25:45+00:00","og_image":[{"url":"https:\/\/asso.graie.org\/portail\/wp-content\/uploads\/2017\/08\/LogoObs_TA.jpg"}],"twitter_card":"summary_large_image","twitter_site":"@asso_graie","twitter_misc":{"Dur\u00e9e de lecture estim\u00e9e":"1 minute"},"schema":{"@context":"https:\/\/schema.org","@graph":[{"@type":"WebPage","@id":"https:\/\/asso.graie.org\/portail\/animationregionale\/observatoires-regionaux\/","url":"https:\/\/asso.graie.org\/portail\/animationregionale\/observatoires-regionaux\/","name":"Observatoires r\u00e9gionaux des pratiques de gestion de l'eau | Le Graie","isPartOf":{"@id":"https:\/\/asso.graie.org\/portail\/#website"},"datePublished":"2017-11-27T09:19:55+00:00","dateModified":"2021-10-27T13:25:45+00:00","description":"4 observatoires sont d\u00e9velopp\u00e9s par le Graie : Op\u00e9rations exemplaires de gestion des eaux pluviales, Territoires \"eau-responsables\", SPANC, Autosurveillance des syst\u00e8mes d'assainissement.","breadcrumb":{"@id":"https:\/\/asso.graie.org\/portail\/animationregionale\/observatoires-regionaux\/#breadcrumb"},"inLanguage":"fr-FR","potentialAction":[{"@type":"ReadAction","target":["https:\/\/asso.graie.org\/portail\/animationregionale\/observatoires-regionaux\/"]}]},{"@type":"BreadcrumbList","@id":"https:\/\/asso.graie.org\/portail\/animationregionale\/observatoires-regionaux\/#breadcrumb","itemListElement":[{"@type":"ListItem","position":1,"name":"Accueil","item":"https:\/\/asso.graie.org\/portail\/"},{"@type":"ListItem","position":2,"name":"Animation","item":"https:\/\/asso.graie.org\/portail\/animationregionale\/"},{"@type":"ListItem","position":3,"name":"Observatoires r\u00e9gionaux"}]},{"@type":"WebSite","@id":"https:\/\/asso.graie.org\/portail\/#website","url":"https:\/\/asso.graie.org\/portail\/","name":"Graie","description":"P\u00f4le Eau et Territoires","publisher":{"@id":"https:\/\/asso.graie.org\/portail\/#organization"},"potentialAction":[{"@type":"SearchAction","target":{"@type":"EntryPoint","urlTemplate":"https:\/\/asso.graie.org\/portail\/?s={search_term_string}"},"query-input":"required name=search_term_string"}],"inLanguage":"fr-FR"},{"@type":"Organization","@id":"https:\/\/asso.graie.org\/portail\/#organization","name":"Le Graie","url":"https:\/\/asso.graie.org\/portail\/","logo":{"@type":"ImageObject","inLanguage":"fr-FR","@id":"https:\/\/asso.graie.org\/portail\/#\/schema\/logo\/image\/","url":"https:\/\/asso.graie.org\/portail\/wp-content\/uploads\/2021\/12\/Logotype-Graie.png","contentUrl":"https:\/\/asso.graie.org\/portail\/wp-content\/uploads\/2021\/12\/Logotype-Graie.png","width":1890,"height":1181,"caption":"Le Graie"},"image":{"@id":"https:\/\/asso.graie.org\/portail\/#\/schema\/logo\/image\/"},"sameAs":["https:\/\/fr.linkedin.com\/company\/graie?trk=top_nav_home","https:\/\/www.youtube.com\/channel\/UCZQk0Tt7upYwERYNdDIZqLQ","https:\/\/twitter.com\/asso_graie"]}]}},"_links":{"self":[{"href":"https:\/\/asso.graie.org\/portail\/wp-json\/wp\/v2\/pages\/8797"}],"collection":[{"href":"https:\/\/asso.graie.org\/portail\/wp-json\/wp\/v2\/pages"}],"about":[{"href":"https:\/\/asso.graie.org\/portail\/wp-json\/wp\/v2\/types\/page"}],"author":[{"embeddable":true,"href":"https:\/\/asso.graie.org\/portail\/wp-json\/wp\/v2\/users\/3"}],"replies":[{"embeddable":true,"href":"https:\/\/asso.graie.org\/portail\/wp-json\/wp\/v2\/comments?post=8797"}],"version-history":[{"count":1,"href":"https:\/\/asso.graie.org\/portail\/wp-json\/wp\/v2\/pages\/8797\/revisions"}],"predecessor-version":[{"id":18633,"href":"https:\/\/asso.graie.org\/portail\/wp-json\/wp\/v2\/pages\/8797\/revisions\/18633"}],"up":[{"embeddable":true,"href":"https:\/\/asso.graie.org\/portail\/wp-json\/wp\/v2\/pages\/1096"}],"wp:attachment":[{"href":"https:\/\/asso.graie.org\/portail\/wp-json\/wp\/v2\/media?parent=8797"}],"curies":[{"name":"wp","href":"https:\/\/api.w.org\/{rel}","templated":true}]}}